{"id":47811,"date":"2025-07-24T12:52:52","date_gmt":"2025-07-24T09:52:52","guid":{"rendered":"https:\/\/daddydread.com\/?post_type=product&#038;p=47811"},"modified":"2025-07-24T13:42:51","modified_gmt":"2025-07-24T10:42:51","slug":"kurs-zur-selbstpflege-fuer-natuerliche-dreads","status":"publish","type":"product","link":"https:\/\/daddydread.com\/de\/produkt\/kurs-zur-selbstpflege-fuer-natuerliche-dreads\/","title":{"rendered":"Kurs zur Selbstpflege f\u00fcr nat\u00fcrliche Dreads"},"content":{"rendered":"<p>Nat\u00fcrliche Dreads erfordern regelm\u00e4\u00dfige Pflege. Mit der Zeit beginnen lose Haare hervorzustehen, die Haarwurzeln wachsen heraus und die Dreads sehen unordentlich und ungepflegt aus. Aber was, wenn Sie weit weg von Ihrem Dread-Spezialisten wohnen, keinen Termin bekommen k\u00f6nnen oder Ihre Dreads einfach sofort in Ordnung bringen m\u00fcssen?<\/p>\n<p>Dieser Kurs ist Ihr pers\u00f6nlicher Leitfaden, um Ihre Dreads ordentlich, stark und gesund zu halten \u2013 ganz allein, ohne einen Dread-Spezialisten aufsuchen zu m\u00fcssen.<\/p>\n<p>Ich zeige Ihnen anschaulich, wie Sie h\u00e4ufige Probleme wie Frizz und lose Haare beheben, Ihre Dreads wieder in einen ordentlichen Zustand bringen und sie zu Hause selbstbewusst pflegen k\u00f6nnen.<\/p>\n<p>Sie lernen:<\/p>\n<ul>\n<li>wie und warum Sie die Haarwurzeln je nach Haartyp mit der Hand rollen sollten;<\/li>\n<li>wie die H\u00e4kelnadel funktioniert und wie Sie sie richtig an den Haarwurzeln und in der L\u00e4nge anwenden;<\/li>\n<li>wie Sie mit losen Haaren umgehen und Ihre Dreads wieder ordentlich aussehen lassen;<\/li>\n<li>welche Werkzeuge Sie f\u00fcr die Selbstpflege ben\u00f6tigen;<\/li>\n<li>wie Sie mit dem vorderen und hinteren Teil Ihres Kopfes arbeiten;<\/li>\n<\/ul>\n<p>Bonus \u2013 wie Sie die Enden Ihrer nat\u00fcrlichen Dreads sicher verstauen, um ein sauberes Finish zu erzielen.<\/p>\n<p>Dieser Kurs ist perfekt f\u00fcr Sie, wenn:<\/p>\n<ul>\n<li>Sie nicht regelm\u00e4\u00dfig zu Ihrem Loctician gehen k\u00f6nnen;<\/li>\n<li>Sie Geld f\u00fcr die Pflege sparen m\u00f6chten;<\/li>\n<li>Sie vorhaben, sich nat\u00fcrliche Dreads machen zu lassen und im Voraus lernen m\u00f6chten, wie man sie pflegt.<\/li>\n<\/ul>\n<p>Nach Abschluss des Kurses k\u00f6nnen Sie Ihre Dreads zu Hause pflegen \u2013 sauber, effektiv und ohne Stress.<\/p>\n","protected":false},"excerpt":{"rendered":"<p>Nat\u00fcrliche Dreads werden mit der Zeit kraus \u2013 dieser Kurs zeigt Ihnen, wie Sie das selbst beheben k\u00f6nnen! Werkzeuge, Palm Rolling, Pflege der Haarwurzeln und -l\u00e4ngen sowie das Verstauen der Enden \u2013 alles wird einfach und klar erkl\u00e4rt.<\/p>\n<p>Die vollst\u00e4ndigen Kursdetails finden Sie unten.<\/p>\n<blockquote><p><strong>Nach dem Kauf erhalten Sie eine Datei mit Zugang zum Kurs an die von Ihnen angegebene E-Mail-Adresse.<\/strong><\/p>\n<p><strong>Der Kurs ist auf Englisch verf\u00fcgbar.<\/strong><\/p><\/blockquote>\n","protected":false},"featured_media":47814,"comment_status":"open","ping_status":"closed","template":"","meta":{"_acf_changed":false},"product_brand":[],"product_cat":[417],"product_tag":[],"class_list":{"0":"post-47811","1":"product","2":"type-product","3":"status-publish","4":"has-post-thumbnail","6":"product_cat-akademie","8":"first","9":"instock","10":"downloadable","11":"virtual","12":"purchasable","13":"product-type-simple"},"acf":[],"yoast_head":"<!-- This site is optimized with the Yoast SEO plugin v22.3 - https:\/\/yoast.com\/wordpress\/plugins\/seo\/ -->\n<title>Pflegekurs f\u00fcr Nat\u00fcrliche Dreads \u2013 Dreadlocks Zuhause Pflegen<\/title>\n<meta name=\"description\" content=\"Lerne, wie du deine Dreads selbst pflegst \u2013 Frizz entfernen, Wurzeln palmrollen, lose Haare einh\u00e4keln. Einfach erkl\u00e4rt, ohne Loctician.\" \/>\n<meta name=\"robots\" content=\"index, follow, max-snippet:-1, max-image-preview:large, max-video-preview:-1\" \/>\n<link rel=\"canonical\" href=\"https:\/\/daddydread.com\/de\/produkt\/kurs-zur-selbstpflege-fuer-natuerliche-dreads\/\" \/>\n<meta property=\"og:locale\" content=\"de_DE\" \/>\n<meta property=\"og:type\" content=\"article\" \/>\n<meta property=\"og:title\" content=\"Pflegekurs f\u00fcr Nat\u00fcrliche Dreads \u2013 Dreadlocks Zuhause Pflegen\" \/>\n<meta property=\"og:description\" content=\"Lerne, wie du deine Dreads selbst pflegst \u2013 Frizz entfernen, Wurzeln palmrollen, lose Haare einh\u00e4keln. Einfach erkl\u00e4rt, ohne Loctician.\" \/>\n<meta property=\"og:url\" content=\"https:\/\/daddydread.com\/de\/produkt\/kurs-zur-selbstpflege-fuer-natuerliche-dreads\/\" \/>\n<meta property=\"og:site_name\" content=\"Daddy Dreads\" \/>\n<meta property=\"article:modified_time\" content=\"2025-07-24T10:42:51+00:00\" \/>\n<meta property=\"og:image\" content=\"https:\/\/daddydread.com\/wp-content\/uploads\/2025\/07\/Main-601x800.png\" \/>\n\t<meta property=\"og:image:width\" content=\"601\" \/>\n\t<meta property=\"og:image:height\" content=\"800\" \/>\n\t<meta property=\"og:image:type\" content=\"image\/png\" \/>\n<meta name=\"twitter:card\" content=\"summary_large_image\" \/>\n<meta name=\"twitter:label1\" content=\"Gesch\u00e4tzte Lesezeit\" \/>\n\t<meta name=\"twitter:data1\" content=\"2\u00a0Minuten\" \/>\n<script type=\"application\/ld+json\" class=\"yoast-schema-graph\">{\"@context\":\"https:\/\/schema.org\",\"@graph\":[{\"@type\":\"WebPage\",\"@id\":\"https:\/\/daddydread.com\/de\/produkt\/kurs-zur-selbstpflege-fuer-natuerliche-dreads\/\",\"url\":\"https:\/\/daddydread.com\/de\/produkt\/kurs-zur-selbstpflege-fuer-natuerliche-dreads\/\",\"name\":\"Pflegekurs f\u00fcr Nat\u00fcrliche Dreads \u2013 Dreadlocks Zuhause Pflegen\",\"isPartOf\":{\"@id\":\"https:\/\/daddydread.com\/de\/#website\"},\"primaryImageOfPage\":{\"@id\":\"https:\/\/daddydread.com\/de\/produkt\/kurs-zur-selbstpflege-fuer-natuerliche-dreads\/#primaryimage\"},\"image\":{\"@id\":\"https:\/\/daddydread.com\/de\/produkt\/kurs-zur-selbstpflege-fuer-natuerliche-dreads\/#primaryimage\"},\"thumbnailUrl\":\"https:\/\/daddydread.com\/wp-content\/uploads\/2025\/07\/Main.png\",\"datePublished\":\"2025-07-24T09:52:52+00:00\",\"dateModified\":\"2025-07-24T10:42:51+00:00\",\"description\":\"Lerne, wie du deine Dreads selbst pflegst \u2013 Frizz entfernen, Wurzeln palmrollen, lose Haare einh\u00e4keln. Einfach erkl\u00e4rt, ohne Loctician.\",\"breadcrumb\":{\"@id\":\"https:\/\/daddydread.com\/de\/produkt\/kurs-zur-selbstpflege-fuer-natuerliche-dreads\/#breadcrumb\"},\"inLanguage\":\"de\",\"potentialAction\":[{\"@type\":\"ReadAction\",\"target\":[\"https:\/\/daddydread.com\/de\/produkt\/kurs-zur-selbstpflege-fuer-natuerliche-dreads\/\"]}]},{\"@type\":\"ImageObject\",\"inLanguage\":\"de\",\"@id\":\"https:\/\/daddydread.com\/de\/produkt\/kurs-zur-selbstpflege-fuer-natuerliche-dreads\/#primaryimage\",\"url\":\"https:\/\/daddydread.com\/wp-content\/uploads\/2025\/07\/Main.png\",\"contentUrl\":\"https:\/\/daddydread.com\/wp-content\/uploads\/2025\/07\/Main.png\",\"width\":1449,\"height\":1930,\"caption\":\"Course on Self-Care for Natural Dreads\"},{\"@type\":\"BreadcrumbList\",\"@id\":\"https:\/\/daddydread.com\/de\/produkt\/kurs-zur-selbstpflege-fuer-natuerliche-dreads\/#breadcrumb\",\"itemListElement\":[{\"@type\":\"ListItem\",\"position\":1,\"name\":\"\u0413\u043b\u0430\u0432\u043d\u0430\u044f \u0441\u0442\u0440\u0430\u043d\u0438\u0446\u0430\",\"item\":\"https:\/\/daddydread.com\/de\/\"},{\"@type\":\"ListItem\",\"position\":2,\"name\":\"Dreadlocks Shop\",\"item\":\"https:\/\/daddydread.com\/de\/shop\/\"},{\"@type\":\"ListItem\",\"position\":3,\"name\":\"Kurs zur Selbstpflege f\u00fcr nat\u00fcrliche Dreads\"}]},{\"@type\":\"WebSite\",\"@id\":\"https:\/\/daddydread.com\/de\/#website\",\"url\":\"https:\/\/daddydread.com\/de\/\",\"name\":\"Daddy Dreads\",\"description\":\"Dreadlocks shop\",\"potentialAction\":[{\"@type\":\"SearchAction\",\"target\":{\"@type\":\"EntryPoint\",\"urlTemplate\":\"https:\/\/daddydread.com\/de\/?s={search_term_string}\"},\"query-input\":\"required name=search_term_string\"}],\"inLanguage\":\"de\"}]}<\/script>\n<!-- \/ Yoast SEO plugin. -->","yoast_head_json":{"title":"Pflegekurs f\u00fcr Nat\u00fcrliche Dreads \u2013 Dreadlocks Zuhause Pflegen","description":"Lerne, wie du deine Dreads selbst pflegst \u2013 Frizz entfernen, Wurzeln palmrollen, lose Haare einh\u00e4keln. Einfach erkl\u00e4rt, ohne Loctician.","robots":{"index":"index","follow":"follow","max-snippet":"max-snippet:-1","max-image-preview":"max-image-preview:large","max-video-preview":"max-video-preview:-1"},"canonical":"https:\/\/daddydread.com\/de\/produkt\/kurs-zur-selbstpflege-fuer-natuerliche-dreads\/","og_locale":"de_DE","og_type":"article","og_title":"Pflegekurs f\u00fcr Nat\u00fcrliche Dreads \u2013 Dreadlocks Zuhause Pflegen","og_description":"Lerne, wie du deine Dreads selbst pflegst \u2013 Frizz entfernen, Wurzeln palmrollen, lose Haare einh\u00e4keln. Einfach erkl\u00e4rt, ohne Loctician.","og_url":"https:\/\/daddydread.com\/de\/produkt\/kurs-zur-selbstpflege-fuer-natuerliche-dreads\/","og_site_name":"Daddy Dreads","article_modified_time":"2025-07-24T10:42:51+00:00","og_image":[{"width":601,"height":800,"url":"https:\/\/daddydread.com\/wp-content\/uploads\/2025\/07\/Main-601x800.png","type":"image\/png"}],"twitter_card":"summary_large_image","twitter_misc":{"Gesch\u00e4tzte Lesezeit":"2\u00a0Minuten"},"schema":{"@context":"https:\/\/schema.org","@graph":[{"@type":"WebPage","@id":"https:\/\/daddydread.com\/de\/produkt\/kurs-zur-selbstpflege-fuer-natuerliche-dreads\/","url":"https:\/\/daddydread.com\/de\/produkt\/kurs-zur-selbstpflege-fuer-natuerliche-dreads\/","name":"Pflegekurs f\u00fcr Nat\u00fcrliche Dreads \u2013 Dreadlocks Zuhause Pflegen","isPartOf":{"@id":"https:\/\/daddydread.com\/de\/#website"},"primaryImageOfPage":{"@id":"https:\/\/daddydread.com\/de\/produkt\/kurs-zur-selbstpflege-fuer-natuerliche-dreads\/#primaryimage"},"image":{"@id":"https:\/\/daddydread.com\/de\/produkt\/kurs-zur-selbstpflege-fuer-natuerliche-dreads\/#primaryimage"},"thumbnailUrl":"https:\/\/daddydread.com\/wp-content\/uploads\/2025\/07\/Main.png","datePublished":"2025-07-24T09:52:52+00:00","dateModified":"2025-07-24T10:42:51+00:00","description":"Lerne, wie du deine Dreads selbst pflegst \u2013 Frizz entfernen, Wurzeln palmrollen, lose Haare einh\u00e4keln. Einfach erkl\u00e4rt, ohne Loctician.","breadcrumb":{"@id":"https:\/\/daddydread.com\/de\/produkt\/kurs-zur-selbstpflege-fuer-natuerliche-dreads\/#breadcrumb"},"inLanguage":"de","potentialAction":[{"@type":"ReadAction","target":["https:\/\/daddydread.com\/de\/produkt\/kurs-zur-selbstpflege-fuer-natuerliche-dreads\/"]}]},{"@type":"ImageObject","inLanguage":"de","@id":"https:\/\/daddydread.com\/de\/produkt\/kurs-zur-selbstpflege-fuer-natuerliche-dreads\/#primaryimage","url":"https:\/\/daddydread.com\/wp-content\/uploads\/2025\/07\/Main.png","contentUrl":"https:\/\/daddydread.com\/wp-content\/uploads\/2025\/07\/Main.png","width":1449,"height":1930,"caption":"Course on Self-Care for Natural Dreads"},{"@type":"BreadcrumbList","@id":"https:\/\/daddydread.com\/de\/produkt\/kurs-zur-selbstpflege-fuer-natuerliche-dreads\/#breadcrumb","itemListElement":[{"@type":"ListItem","position":1,"name":"\u0413\u043b\u0430\u0432\u043d\u0430\u044f \u0441\u0442\u0440\u0430\u043d\u0438\u0446\u0430","item":"https:\/\/daddydread.com\/de\/"},{"@type":"ListItem","position":2,"name":"Dreadlocks Shop","item":"https:\/\/daddydread.com\/de\/shop\/"},{"@type":"ListItem","position":3,"name":"Kurs zur Selbstpflege f\u00fcr nat\u00fcrliche Dreads"}]},{"@type":"WebSite","@id":"https:\/\/daddydread.com\/de\/#website","url":"https:\/\/daddydread.com\/de\/","name":"Daddy Dreads","description":"Dreadlocks shop","potentialAction":[{"@type":"SearchAction","target":{"@type":"EntryPoint","urlTemplate":"https:\/\/daddydread.com\/de\/?s={search_term_string}"},"query-input":"required name=search_term_string"}],"inLanguage":"de"}]}},"jetpack_sharing_enabled":true,"_links":{"self":[{"href":"https:\/\/daddydread.com\/de\/wp-json\/wp\/v2\/product\/47811","targetHints":{"allow":["GET"]}}],"collection":[{"href":"https:\/\/daddydread.com\/de\/wp-json\/wp\/v2\/product"}],"about":[{"href":"https:\/\/daddydread.com\/de\/wp-json\/wp\/v2\/types\/product"}],"replies":[{"embeddable":true,"href":"https:\/\/daddydread.com\/de\/wp-json\/wp\/v2\/comments?post=47811"}],"wp:featuredmedia":[{"embeddable":true,"href":"https:\/\/daddydread.com\/de\/wp-json\/wp\/v2\/media\/47814"}],"wp:attachment":[{"href":"https:\/\/daddydread.com\/de\/wp-json\/wp\/v2\/media?parent=47811"}],"wp:term":[{"taxonomy":"product_brand","embeddable":true,"href":"https:\/\/daddydread.com\/de\/wp-json\/wp\/v2\/product_brand?post=47811"},{"taxonomy":"product_cat","embeddable":true,"href":"https:\/\/daddydread.com\/de\/wp-json\/wp\/v2\/product_cat?post=47811"},{"taxonomy":"product_tag","embeddable":true,"href":"https:\/\/daddydread.com\/de\/wp-json\/wp\/v2\/product_tag?post=47811"}],"curies":[{"name":"wp","href":"https:\/\/api.w.org\/{rel}","templated":true}]}}