{"id":47461,"date":"2025-07-21T11:50:21","date_gmt":"2025-07-21T08:50:21","guid":{"rendered":"https:\/\/daddydread.com\/?post_type=product&#038;p=47461"},"modified":"2026-01-16T20:45:07","modified_gmt":"2026-01-16T17:45:07","slug":"dreads-aus-treibholzblond-naturhaarverlaengerungen","status":"publish","type":"product","link":"https:\/\/daddydread.com\/de\/produkt\/dreads-aus-treibholzblond-naturhaarverlaengerungen\/","title":{"rendered":"Dreads aus Treibholzblond \u2013 Naturhaarverl\u00e4ngerungen"},"content":{"rendered":"<p>Dieses Dread-Set ist von der Magie der Natur inspiriert. Ich habe es nach einem Foto einer Frau auf einer Yacht entworfen \u2013 Wind, Gischt und Sonnenlicht \u2013 all das vereint sich in ihren hellgraubraunen Dreads mit dezenten Blondt\u00f6nen. Unser Ziel war es, genau diesen Effekt zu erzeugen, als h\u00e4tten Meersalz und Sonne die Str\u00e4hnen sanft gebleicht und ihnen die sanfte, nat\u00fcrliche Farbe \u201eTreibholz\u201c verliehen. Das Ergebnis ist ein einzigartiger Farbton: edel, weich und komplex. Perfekt f\u00fcr Blondinen und helle Br\u00fcnetten gleicherma\u00dfen.<\/p>\n<p>Diese Dreads bestehen aus Echthaar, haben eine angenehme Textur, ein zartes Volumen und f\u00fchlen sich sehr weich an. Sie k\u00f6nnen mehrere Monate getragen und anschlie\u00dfend entfernt und wiederverwendet werden.<\/p>\n<p><strong>Pflegehinweise f\u00fcr Naturhaar-Dreads:<\/strong><\/p>\n<p>\u2013 Waschen Sie Ihr Haar mit den Dreads. Verwenden Sie dazu Shampoos ohne weichmachende oder gl\u00e4ttende Inhaltsstoffe. Vermeiden Sie die Verwendung von Sp\u00fclungen.<\/p>\n<p>Pflege die losen Enden wie normales Haar \u2013 verwende ruhig Haarmasken, insbesondere feuchtigkeitsspendende oder gl\u00e4ttende.<\/p>\n<p>Wenn deine Dreads etwas an Form verlieren, rolle sie einfach zwischen deinen trockenen Handfl\u00e4chen. Tu das nicht, solange sie nass sind \u2013 sonst werden sie d\u00fcnner und dichter.<\/p>\n<p>Da es sich um Naturhaar handelt, empfehle ich, lose Haare gelegentlich von einem Spezialisten mit einer H\u00e4kelnadel einarbeiten zu lassen \u2013 das hilft, die Dreads l\u00e4nger in Form zu halten.<\/p>\n<p>Diese Farbe ist nicht nur ein Farbton. Sie erz\u00e4hlt eine Geschichte. Sie ist der Duft von Meeresluft. Sie verk\u00f6rpert die Wochenendstimmung am Strand.<\/p>\n<p>Diese Dreads k\u00f6nnen vor\u00fcbergehend getragen oder als Verl\u00e4ngerung f\u00fcr bestehende Naturdreads verwendet werden. Dank des hochwertigen Materials \u2013 weichem Echthaar, das wir sorgf\u00e4ltig ausw\u00e4hlen und von Hand verarbeiten \u2013 ist das Set besonders langlebig.<\/p>\n<p>Wenn Sie eine individuelle Farbmischung bestellen m\u00f6chten, schreiben Sie uns einfach an:\u00a0<a href=\"mailto:daniladaddydread@gmail.com\">daniladaddydread@gmail.com<\/a><\/p>\n","protected":false},"excerpt":{"rendered":"<p>Ein Dread-Set aus Naturhaar in einem einzigartigen Farbton. Die Farbe wurde entwickelt, um die nat\u00fcrlichen Highlights von Treibholz einzufangen \u2013 eine hellgraubraune Basis mit dezenten Blondt\u00f6nen. Dank der Mischung aus nat\u00fcrlichen Farbt\u00f6nen passt dieses Set zu vielen Haartypen. Dreadst\u00e4rke: 0,7\u20130,9 cm, mit einem sanften \u00dcbergang zu langen, losen Enden.<\/p>\n","protected":false},"featured_media":47624,"comment_status":"open","ping_status":"closed","template":"","meta":{"_acf_changed":false},"product_brand":[],"product_cat":[253],"product_tag":[],"class_list":{"0":"post-47461","1":"product","2":"type-product","3":"status-publish","4":"has-post-thumbnail","6":"product_cat-natuerliche-dreadlocks","8":"first","9":"instock","10":"shipping-taxable","11":"purchasable","12":"product-type-variable"},"acf":[],"yoast_head":"<!-- This site is optimized with the Yoast SEO plugin v22.3 - https:\/\/yoast.com\/wordpress\/plugins\/seo\/ -->\n<title>Treibholzblonde Dreads \u2013 Echthaarverl\u00e4ngerungen<\/title>\n<meta name=\"description\" content=\"Dreads in einzigartigem hellgraubraunem Blondton. Weiches, handverarbeitetes Naturhaar. Wiederverwendbar &amp; pflegeleicht.\" \/>\n<meta name=\"robots\" content=\"index, follow, max-snippet:-1, max-image-preview:large, max-video-preview:-1\" \/>\n<link rel=\"canonical\" href=\"https:\/\/daddydread.com\/de\/produkt\/dreads-aus-treibholzblond-naturhaarverlaengerungen\/\" \/>\n<meta property=\"og:locale\" content=\"de_DE\" \/>\n<meta property=\"og:type\" content=\"article\" \/>\n<meta property=\"og:title\" content=\"Treibholzblonde Dreads \u2013 Echthaarverl\u00e4ngerungen\" \/>\n<meta property=\"og:description\" content=\"Dreads in einzigartigem hellgraubraunem Blondton. Weiches, handverarbeitetes Naturhaar. Wiederverwendbar &amp; pflegeleicht.\" \/>\n<meta property=\"og:url\" content=\"https:\/\/daddydread.com\/de\/produkt\/dreads-aus-treibholzblond-naturhaarverlaengerungen\/\" \/>\n<meta property=\"og:site_name\" content=\"Daddy Dreads\" \/>\n<meta property=\"article:modified_time\" content=\"2026-01-16T17:45:07+00:00\" \/>\n<meta property=\"og:image\" content=\"https:\/\/daddydread.com\/wp-content\/uploads\/2025\/07\/\u0413\u043b\u0430\u0432\u043d\u0430\u044f-619x800.jpg\" \/>\n\t<meta property=\"og:image:width\" content=\"619\" \/>\n\t<meta property=\"og:image:height\" content=\"800\" \/>\n\t<meta property=\"og:image:type\" content=\"image\/jpeg\" \/>\n<meta name=\"twitter:card\" content=\"summary_large_image\" \/>\n<meta name=\"twitter:label1\" content=\"Gesch\u00e4tzte Lesezeit\" \/>\n\t<meta name=\"twitter:data1\" content=\"2\u00a0Minuten\" \/>\n<script type=\"application\/ld+json\" class=\"yoast-schema-graph\">{\"@context\":\"https:\/\/schema.org\",\"@graph\":[{\"@type\":\"WebPage\",\"@id\":\"https:\/\/daddydread.com\/de\/produkt\/dreads-aus-treibholzblond-naturhaarverlaengerungen\/\",\"url\":\"https:\/\/daddydread.com\/de\/produkt\/dreads-aus-treibholzblond-naturhaarverlaengerungen\/\",\"name\":\"Treibholzblonde Dreads \u2013 Echthaarverl\u00e4ngerungen\",\"isPartOf\":{\"@id\":\"https:\/\/daddydread.com\/de\/#website\"},\"primaryImageOfPage\":{\"@id\":\"https:\/\/daddydread.com\/de\/produkt\/dreads-aus-treibholzblond-naturhaarverlaengerungen\/#primaryimage\"},\"image\":{\"@id\":\"https:\/\/daddydread.com\/de\/produkt\/dreads-aus-treibholzblond-naturhaarverlaengerungen\/#primaryimage\"},\"thumbnailUrl\":\"https:\/\/daddydread.com\/wp-content\/uploads\/2025\/07\/\u0413\u043b\u0430\u0432\u043d\u0430\u044f.jpg\",\"datePublished\":\"2025-07-21T08:50:21+00:00\",\"dateModified\":\"2026-01-16T17:45:07+00:00\",\"description\":\"Dreads in einzigartigem hellgraubraunem Blondton. Weiches, handverarbeitetes Naturhaar. Wiederverwendbar & pflegeleicht.\",\"breadcrumb\":{\"@id\":\"https:\/\/daddydread.com\/de\/produkt\/dreads-aus-treibholzblond-naturhaarverlaengerungen\/#breadcrumb\"},\"inLanguage\":\"de\",\"potentialAction\":[{\"@type\":\"ReadAction\",\"target\":[\"https:\/\/daddydread.com\/de\/produkt\/dreads-aus-treibholzblond-naturhaarverlaengerungen\/\"]}]},{\"@type\":\"ImageObject\",\"inLanguage\":\"de\",\"@id\":\"https:\/\/daddydread.com\/de\/produkt\/dreads-aus-treibholzblond-naturhaarverlaengerungen\/#primaryimage\",\"url\":\"https:\/\/daddydread.com\/wp-content\/uploads\/2025\/07\/\u0413\u043b\u0430\u0432\u043d\u0430\u044f.jpg\",\"contentUrl\":\"https:\/\/daddydread.com\/wp-content\/uploads\/2025\/07\/\u0413\u043b\u0430\u0432\u043d\u0430\u044f.jpg\",\"width\":1980,\"height\":2560,\"caption\":\"Driftwood Blonde Dreads \u2013 Natural Hair Extensions\"},{\"@type\":\"BreadcrumbList\",\"@id\":\"https:\/\/daddydread.com\/de\/produkt\/dreads-aus-treibholzblond-naturhaarverlaengerungen\/#breadcrumb\",\"itemListElement\":[{\"@type\":\"ListItem\",\"position\":1,\"name\":\"\u0413\u043b\u0430\u0432\u043d\u0430\u044f \u0441\u0442\u0440\u0430\u043d\u0438\u0446\u0430\",\"item\":\"https:\/\/daddydread.com\/de\/\"},{\"@type\":\"ListItem\",\"position\":2,\"name\":\"Dreadlocks Shop\",\"item\":\"https:\/\/daddydread.com\/de\/shop\/\"},{\"@type\":\"ListItem\",\"position\":3,\"name\":\"Dreads aus Treibholzblond \u2013 Naturhaarverl\u00e4ngerungen\"}]},{\"@type\":\"WebSite\",\"@id\":\"https:\/\/daddydread.com\/de\/#website\",\"url\":\"https:\/\/daddydread.com\/de\/\",\"name\":\"Daddy Dreads\",\"description\":\"Dreadlocks shop\",\"potentialAction\":[{\"@type\":\"SearchAction\",\"target\":{\"@type\":\"EntryPoint\",\"urlTemplate\":\"https:\/\/daddydread.com\/de\/?s={search_term_string}\"},\"query-input\":\"required name=search_term_string\"}],\"inLanguage\":\"de\"}]}<\/script>\n<!-- \/ Yoast SEO plugin. -->","yoast_head_json":{"title":"Treibholzblonde Dreads \u2013 Echthaarverl\u00e4ngerungen","description":"Dreads in einzigartigem hellgraubraunem Blondton. Weiches, handverarbeitetes Naturhaar. Wiederverwendbar & pflegeleicht.","robots":{"index":"index","follow":"follow","max-snippet":"max-snippet:-1","max-image-preview":"max-image-preview:large","max-video-preview":"max-video-preview:-1"},"canonical":"https:\/\/daddydread.com\/de\/produkt\/dreads-aus-treibholzblond-naturhaarverlaengerungen\/","og_locale":"de_DE","og_type":"article","og_title":"Treibholzblonde Dreads \u2013 Echthaarverl\u00e4ngerungen","og_description":"Dreads in einzigartigem hellgraubraunem Blondton. Weiches, handverarbeitetes Naturhaar. Wiederverwendbar & pflegeleicht.","og_url":"https:\/\/daddydread.com\/de\/produkt\/dreads-aus-treibholzblond-naturhaarverlaengerungen\/","og_site_name":"Daddy Dreads","article_modified_time":"2026-01-16T17:45:07+00:00","og_image":[{"width":619,"height":800,"url":"https:\/\/daddydread.com\/wp-content\/uploads\/2025\/07\/\u0413\u043b\u0430\u0432\u043d\u0430\u044f-619x800.jpg","type":"image\/jpeg"}],"twitter_card":"summary_large_image","twitter_misc":{"Gesch\u00e4tzte Lesezeit":"2\u00a0Minuten"},"schema":{"@context":"https:\/\/schema.org","@graph":[{"@type":"WebPage","@id":"https:\/\/daddydread.com\/de\/produkt\/dreads-aus-treibholzblond-naturhaarverlaengerungen\/","url":"https:\/\/daddydread.com\/de\/produkt\/dreads-aus-treibholzblond-naturhaarverlaengerungen\/","name":"Treibholzblonde Dreads \u2013 Echthaarverl\u00e4ngerungen","isPartOf":{"@id":"https:\/\/daddydread.com\/de\/#website"},"primaryImageOfPage":{"@id":"https:\/\/daddydread.com\/de\/produkt\/dreads-aus-treibholzblond-naturhaarverlaengerungen\/#primaryimage"},"image":{"@id":"https:\/\/daddydread.com\/de\/produkt\/dreads-aus-treibholzblond-naturhaarverlaengerungen\/#primaryimage"},"thumbnailUrl":"https:\/\/daddydread.com\/wp-content\/uploads\/2025\/07\/\u0413\u043b\u0430\u0432\u043d\u0430\u044f.jpg","datePublished":"2025-07-21T08:50:21+00:00","dateModified":"2026-01-16T17:45:07+00:00","description":"Dreads in einzigartigem hellgraubraunem Blondton. Weiches, handverarbeitetes Naturhaar. Wiederverwendbar & pflegeleicht.","breadcrumb":{"@id":"https:\/\/daddydread.com\/de\/produkt\/dreads-aus-treibholzblond-naturhaarverlaengerungen\/#breadcrumb"},"inLanguage":"de","potentialAction":[{"@type":"ReadAction","target":["https:\/\/daddydread.com\/de\/produkt\/dreads-aus-treibholzblond-naturhaarverlaengerungen\/"]}]},{"@type":"ImageObject","inLanguage":"de","@id":"https:\/\/daddydread.com\/de\/produkt\/dreads-aus-treibholzblond-naturhaarverlaengerungen\/#primaryimage","url":"https:\/\/daddydread.com\/wp-content\/uploads\/2025\/07\/\u0413\u043b\u0430\u0432\u043d\u0430\u044f.jpg","contentUrl":"https:\/\/daddydread.com\/wp-content\/uploads\/2025\/07\/\u0413\u043b\u0430\u0432\u043d\u0430\u044f.jpg","width":1980,"height":2560,"caption":"Driftwood Blonde Dreads \u2013 Natural Hair Extensions"},{"@type":"BreadcrumbList","@id":"https:\/\/daddydread.com\/de\/produkt\/dreads-aus-treibholzblond-naturhaarverlaengerungen\/#breadcrumb","itemListElement":[{"@type":"ListItem","position":1,"name":"\u0413\u043b\u0430\u0432\u043d\u0430\u044f \u0441\u0442\u0440\u0430\u043d\u0438\u0446\u0430","item":"https:\/\/daddydread.com\/de\/"},{"@type":"ListItem","position":2,"name":"Dreadlocks Shop","item":"https:\/\/daddydread.com\/de\/shop\/"},{"@type":"ListItem","position":3,"name":"Dreads aus Treibholzblond \u2013 Naturhaarverl\u00e4ngerungen"}]},{"@type":"WebSite","@id":"https:\/\/daddydread.com\/de\/#website","url":"https:\/\/daddydread.com\/de\/","name":"Daddy Dreads","description":"Dreadlocks shop","potentialAction":[{"@type":"SearchAction","target":{"@type":"EntryPoint","urlTemplate":"https:\/\/daddydread.com\/de\/?s={search_term_string}"},"query-input":"required name=search_term_string"}],"inLanguage":"de"}]}},"jetpack_sharing_enabled":true,"_links":{"self":[{"href":"https:\/\/daddydread.com\/de\/wp-json\/wp\/v2\/product\/47461","targetHints":{"allow":["GET"]}}],"collection":[{"href":"https:\/\/daddydread.com\/de\/wp-json\/wp\/v2\/product"}],"about":[{"href":"https:\/\/daddydread.com\/de\/wp-json\/wp\/v2\/types\/product"}],"replies":[{"embeddable":true,"href":"https:\/\/daddydread.com\/de\/wp-json\/wp\/v2\/comments?post=47461"}],"wp:featuredmedia":[{"embeddable":true,"href":"https:\/\/daddydread.com\/de\/wp-json\/wp\/v2\/media\/47624"}],"wp:attachment":[{"href":"https:\/\/daddydread.com\/de\/wp-json\/wp\/v2\/media?parent=47461"}],"wp:term":[{"taxonomy":"product_brand","embeddable":true,"href":"https:\/\/daddydread.com\/de\/wp-json\/wp\/v2\/product_brand?post=47461"},{"taxonomy":"product_cat","embeddable":true,"href":"https:\/\/daddydread.com\/de\/wp-json\/wp\/v2\/product_cat?post=47461"},{"taxonomy":"product_tag","embeddable":true,"href":"https:\/\/daddydread.com\/de\/wp-json\/wp\/v2\/product_tag?post=47461"}],"curies":[{"name":"wp","href":"https:\/\/api.w.org\/{rel}","templated":true}]}}