{"id":47011,"date":"2025-07-14T21:48:08","date_gmt":"2025-07-14T18:48:08","guid":{"rendered":"https:\/\/daddydread.com\/?post_type=product&#038;p=47011"},"modified":"2026-03-02T19:02:38","modified_gmt":"2026-03-02T16:02:38","slug":"dreadlocks-aus-echthaar-natuerliches-schwarz-mit-sanftem-braunton","status":"publish","type":"product","link":"https:\/\/daddydread.com\/de\/produkt\/dreadlocks-aus-echthaar-natuerliches-schwarz-mit-sanftem-braunton\/","title":{"rendered":"Dreadlocks aus Echthaar \u2013 Nat\u00fcrliches Schwarz mit sanftem Braunton"},"content":{"rendered":"<p>Diese Dreadlocks werden aus 100 % nat\u00fcrlichem slawischem Echthaar handgefertigt und mit viel Liebe zum Detail gefertigt. Die Farbe ist tiefschwarz mit einem sanften, nat\u00fcrlichen Braunton \u2013 nicht hart oder k\u00fcnstlich, sondern warm und nat\u00fcrlich und harmoniert wunderbar mit den meisten nat\u00fcrlichen Haarfarben. Jeder Dread hat eine angenehme mittlere Dicke von 0,8\u20131 cm, und die lockeren, gewellten Enden von 11\u201315 cm verleihen Ihrer Frisur ein nat\u00fcrliches, flie\u00dfendes Finish. Dank unserer speziellen Filztechnik sind die Locken volumin\u00f6s und dennoch leicht, f\u00fchlen sich weich an und haben die perfekte Form, um reifen, nat\u00fcrlichen Dreadlocks zu \u00e4hneln.<\/p>\n<p>Jedes Set enth\u00e4lt dezente Verzierungen \u2013 sorgf\u00e4ltig ausgew\u00e4hlte Fadenwicklungen, Perlen oder Metallakzente, die das Set versch\u00f6nern, ohne Ihren Stil zu \u00fcberladen. Die Verzierungen k\u00f6nnen leicht von den Fotos abweichen, da wir sie f\u00fcr jede Charge handverlesen und passend zur Stimmung und Farbe ausw\u00e4hlen. Bitte beachten Sie, dass die Farbwahrnehmung je nach Bildschirmeinstellung unterschiedlich sein kann. Alle Fotos wurden jedoch bei nat\u00fcrlichem Tageslicht aufgenommen, um eine m\u00f6glichst genaue Farbwiedergabe zu gew\u00e4hrleisten.<\/p>\n<p>Eignet sich sowohl f\u00fcr die Verl\u00e4ngerung Ihrer nat\u00fcrlichen Dreadlocks als auch f\u00fcr tempor\u00e4res Tragen.<br \/>\nOb Sie sich auf ein Fotoshooting oder ein Festival vorbereiten oder einfach mal Dreadlocks ausprobieren m\u00f6chten, ohne sich langfristig zu binden \u2013 dieses Set ist die perfekte Wahl. Dank des nat\u00fcrlichen Farbtons und der nat\u00fcrlichen Textur eignen sie sich ideal f\u00fcr Teil- oder Vollverl\u00e4ngerungen \u2013 sie verschmelzen nahtlos mit Ihrem Eigenhaar.<\/p>\n<p><strong>Pflegehinweise<\/strong><\/p>\n<p>Sie m\u00fcssen diese Dreadlocks nur alle 2\u20133 Wochen mit einem Shampoo waschen, das keine \u00d6le oder Sp\u00fclungen enth\u00e4lt. Verwenden Sie keine Sp\u00fclungen, da diese die Form und Struktur der Dreads beeintr\u00e4chtigen k\u00f6nnen. Feuchtigkeitsmasken oder Leave-in-Kuren k\u00f6nnen wie bei nat\u00fcrlichem Haar nur auf die Spitzen aufgetragen werden. Diese Dreadlocks k\u00f6nnen gef\u00e4rbt oder get\u00f6nt werden, wir empfehlen jedoch kein Blondieren, um ihre Haltbarkeit zu erhalten. Wenn du einen helleren Farbton suchst, bestelle einfach ein Set aus hellerem Haar oder kontaktiere uns f\u00fcr eine individuelle Option.<\/p>\n<p><strong>Sonderanfertigungen<\/strong><\/p>\n<p>W\u00fcnschst du dir eine andere Farbe, L\u00e4nge, mehr Verzierungen oder eine andere Technik? Wir erstellen gerne ein individuelles Set f\u00fcr dich. Schreib uns an daniladaddydread@gmail.com oder \u00fcber Facebook Messenger und wir setzen deine Vision um. Jede Bestellung wird mit Sorgfalt handgefertigt \u2013 keine Massenproduktion \u2013 und spiegelt deine Individualit\u00e4t wider.<\/p>\n<p>Daddy Dreads \u2013 handgefertigte Dreadlocks, in die du dich verlieben wirst.<\/p>\n","protected":false},"excerpt":{"rendered":"<p>Diese handgefertigten Dreadlocks aus 100 % slawischem Echthaar haben eine mittlere Dicke (0,8\u20131 cm) und weich gewellte Enden (11\u201315 cm). Nat\u00fcrlicher Schwarzton mit braunem Unterton. Leicht, realistisch und angenehm zu tragen.<\/p>\n","protected":false},"featured_media":47174,"comment_status":"open","ping_status":"closed","template":"","meta":{"_acf_changed":false},"product_brand":[],"product_cat":[253],"product_tag":[],"class_list":{"0":"post-47011","1":"product","2":"type-product","3":"status-publish","4":"has-post-thumbnail","6":"product_cat-natuerliche-dreadlocks","8":"first","9":"instock","10":"shipping-taxable","11":"purchasable","12":"product-type-variable"},"acf":[],"yoast_head":"<!-- This site is optimized with the Yoast SEO plugin v22.3 - https:\/\/yoast.com\/wordpress\/plugins\/seo\/ -->\n<title>Handgefertigte Slawische Echthaar-Dreadlocks \u2013 Tiefschwarz mit Braunem Unterton, Mittlere St\u00e4rke, Nat\u00fcrliche Wellenenden<\/title>\n<meta name=\"description\" content=\"Hochwertige Dreadlocks aus 100% nat\u00fcrlichem slawischem Echthaar, sorgf\u00e4ltig von Hand gefertigt. Tiefschwarz mit warmem braunem Unterton, mittlere St\u00e4rke und nat\u00fcrliche, wellige Spitzen. Leicht, volumin\u00f6s und mit einzigartigen Dekorationen versehen. Ideal f\u00fcr Verl\u00e4ngerungen oder tempor\u00e4res Tragen. Sonderanfertigungen m\u00f6glich.\" \/>\n<meta name=\"robots\" content=\"index, follow, max-snippet:-1, max-image-preview:large, max-video-preview:-1\" \/>\n<link rel=\"canonical\" href=\"https:\/\/daddydread.com\/de\/produkt\/dreadlocks-aus-echthaar-natuerliches-schwarz-mit-sanftem-braunton\/\" \/>\n<meta property=\"og:locale\" content=\"de_DE\" \/>\n<meta property=\"og:type\" content=\"article\" \/>\n<meta property=\"og:title\" content=\"Handgefertigte Slawische Echthaar-Dreadlocks \u2013 Tiefschwarz mit Braunem Unterton, Mittlere St\u00e4rke, Nat\u00fcrliche Wellenenden\" \/>\n<meta property=\"og:description\" content=\"Hochwertige Dreadlocks aus 100% nat\u00fcrlichem slawischem Echthaar, sorgf\u00e4ltig von Hand gefertigt. Tiefschwarz mit warmem braunem Unterton, mittlere St\u00e4rke und nat\u00fcrliche, wellige Spitzen. Leicht, volumin\u00f6s und mit einzigartigen Dekorationen versehen. Ideal f\u00fcr Verl\u00e4ngerungen oder tempor\u00e4res Tragen. Sonderanfertigungen m\u00f6glich.\" \/>\n<meta property=\"og:url\" content=\"https:\/\/daddydread.com\/de\/produkt\/dreadlocks-aus-echthaar-natuerliches-schwarz-mit-sanftem-braunton\/\" \/>\n<meta property=\"og:site_name\" content=\"Daddy Dreads\" \/>\n<meta property=\"article:modified_time\" content=\"2026-03-02T16:02:38+00:00\" \/>\n<meta property=\"og:image\" content=\"https:\/\/daddydread.com\/wp-content\/uploads\/2025\/07\/\u0433\u043b\u0430\u0432\u043d\u0430\u044f-619x800.jpg\" \/>\n\t<meta property=\"og:image:width\" content=\"619\" \/>\n\t<meta property=\"og:image:height\" content=\"800\" \/>\n\t<meta property=\"og:image:type\" content=\"image\/jpeg\" \/>\n<meta name=\"twitter:card\" content=\"summary_large_image\" \/>\n<meta name=\"twitter:label1\" content=\"Gesch\u00e4tzte Lesezeit\" \/>\n\t<meta name=\"twitter:data1\" content=\"2\u00a0Minuten\" \/>\n<script type=\"application\/ld+json\" class=\"yoast-schema-graph\">{\"@context\":\"https:\/\/schema.org\",\"@graph\":[{\"@type\":\"WebPage\",\"@id\":\"https:\/\/daddydread.com\/de\/produkt\/dreadlocks-aus-echthaar-natuerliches-schwarz-mit-sanftem-braunton\/\",\"url\":\"https:\/\/daddydread.com\/de\/produkt\/dreadlocks-aus-echthaar-natuerliches-schwarz-mit-sanftem-braunton\/\",\"name\":\"Handgefertigte Slawische Echthaar-Dreadlocks \u2013 Tiefschwarz mit Braunem Unterton, Mittlere St\u00e4rke, Nat\u00fcrliche Wellenenden\",\"isPartOf\":{\"@id\":\"https:\/\/daddydread.com\/de\/#website\"},\"primaryImageOfPage\":{\"@id\":\"https:\/\/daddydread.com\/de\/produkt\/dreadlocks-aus-echthaar-natuerliches-schwarz-mit-sanftem-braunton\/#primaryimage\"},\"image\":{\"@id\":\"https:\/\/daddydread.com\/de\/produkt\/dreadlocks-aus-echthaar-natuerliches-schwarz-mit-sanftem-braunton\/#primaryimage\"},\"thumbnailUrl\":\"https:\/\/daddydread.com\/wp-content\/uploads\/2025\/07\/\u0433\u043b\u0430\u0432\u043d\u0430\u044f.jpg\",\"datePublished\":\"2025-07-14T18:48:08+00:00\",\"dateModified\":\"2026-03-02T16:02:38+00:00\",\"description\":\"Hochwertige Dreadlocks aus 100% nat\u00fcrlichem slawischem Echthaar, sorgf\u00e4ltig von Hand gefertigt. Tiefschwarz mit warmem braunem Unterton, mittlere St\u00e4rke und nat\u00fcrliche, wellige Spitzen. Leicht, volumin\u00f6s und mit einzigartigen Dekorationen versehen. Ideal f\u00fcr Verl\u00e4ngerungen oder tempor\u00e4res Tragen. Sonderanfertigungen m\u00f6glich.\",\"breadcrumb\":{\"@id\":\"https:\/\/daddydread.com\/de\/produkt\/dreadlocks-aus-echthaar-natuerliches-schwarz-mit-sanftem-braunton\/#breadcrumb\"},\"inLanguage\":\"de\",\"potentialAction\":[{\"@type\":\"ReadAction\",\"target\":[\"https:\/\/daddydread.com\/de\/produkt\/dreadlocks-aus-echthaar-natuerliches-schwarz-mit-sanftem-braunton\/\"]}]},{\"@type\":\"ImageObject\",\"inLanguage\":\"de\",\"@id\":\"https:\/\/daddydread.com\/de\/produkt\/dreadlocks-aus-echthaar-natuerliches-schwarz-mit-sanftem-braunton\/#primaryimage\",\"url\":\"https:\/\/daddydread.com\/wp-content\/uploads\/2025\/07\/\u0433\u043b\u0430\u0432\u043d\u0430\u044f.jpg\",\"contentUrl\":\"https:\/\/daddydread.com\/wp-content\/uploads\/2025\/07\/\u0433\u043b\u0430\u0432\u043d\u0430\u044f.jpg\",\"width\":1980,\"height\":2560,\"caption\":\"Natural Human Hair Dreadlocks \u2013 Natural Black with a Soft Brown Hue\"},{\"@type\":\"BreadcrumbList\",\"@id\":\"https:\/\/daddydread.com\/de\/produkt\/dreadlocks-aus-echthaar-natuerliches-schwarz-mit-sanftem-braunton\/#breadcrumb\",\"itemListElement\":[{\"@type\":\"ListItem\",\"position\":1,\"name\":\"\u0413\u043b\u0430\u0432\u043d\u0430\u044f \u0441\u0442\u0440\u0430\u043d\u0438\u0446\u0430\",\"item\":\"https:\/\/daddydread.com\/de\/\"},{\"@type\":\"ListItem\",\"position\":2,\"name\":\"Dreadlocks Shop\",\"item\":\"https:\/\/daddydread.com\/de\/shop\/\"},{\"@type\":\"ListItem\",\"position\":3,\"name\":\"Dreadlocks aus Echthaar \u2013 Nat\u00fcrliches Schwarz mit sanftem Braunton\"}]},{\"@type\":\"WebSite\",\"@id\":\"https:\/\/daddydread.com\/de\/#website\",\"url\":\"https:\/\/daddydread.com\/de\/\",\"name\":\"Daddy Dreads\",\"description\":\"Dreadlocks shop\",\"potentialAction\":[{\"@type\":\"SearchAction\",\"target\":{\"@type\":\"EntryPoint\",\"urlTemplate\":\"https:\/\/daddydread.com\/de\/?s={search_term_string}\"},\"query-input\":\"required name=search_term_string\"}],\"inLanguage\":\"de\"}]}<\/script>\n<!-- \/ Yoast SEO plugin. -->","yoast_head_json":{"title":"Handgefertigte Slawische Echthaar-Dreadlocks \u2013 Tiefschwarz mit Braunem Unterton, Mittlere St\u00e4rke, Nat\u00fcrliche Wellenenden","description":"Hochwertige Dreadlocks aus 100% nat\u00fcrlichem slawischem Echthaar, sorgf\u00e4ltig von Hand gefertigt. Tiefschwarz mit warmem braunem Unterton, mittlere St\u00e4rke und nat\u00fcrliche, wellige Spitzen. Leicht, volumin\u00f6s und mit einzigartigen Dekorationen versehen. Ideal f\u00fcr Verl\u00e4ngerungen oder tempor\u00e4res Tragen. Sonderanfertigungen m\u00f6glich.","robots":{"index":"index","follow":"follow","max-snippet":"max-snippet:-1","max-image-preview":"max-image-preview:large","max-video-preview":"max-video-preview:-1"},"canonical":"https:\/\/daddydread.com\/de\/produkt\/dreadlocks-aus-echthaar-natuerliches-schwarz-mit-sanftem-braunton\/","og_locale":"de_DE","og_type":"article","og_title":"Handgefertigte Slawische Echthaar-Dreadlocks \u2013 Tiefschwarz mit Braunem Unterton, Mittlere St\u00e4rke, Nat\u00fcrliche Wellenenden","og_description":"Hochwertige Dreadlocks aus 100% nat\u00fcrlichem slawischem Echthaar, sorgf\u00e4ltig von Hand gefertigt. Tiefschwarz mit warmem braunem Unterton, mittlere St\u00e4rke und nat\u00fcrliche, wellige Spitzen. Leicht, volumin\u00f6s und mit einzigartigen Dekorationen versehen. Ideal f\u00fcr Verl\u00e4ngerungen oder tempor\u00e4res Tragen. Sonderanfertigungen m\u00f6glich.","og_url":"https:\/\/daddydread.com\/de\/produkt\/dreadlocks-aus-echthaar-natuerliches-schwarz-mit-sanftem-braunton\/","og_site_name":"Daddy Dreads","article_modified_time":"2026-03-02T16:02:38+00:00","og_image":[{"width":619,"height":800,"url":"https:\/\/daddydread.com\/wp-content\/uploads\/2025\/07\/\u0433\u043b\u0430\u0432\u043d\u0430\u044f-619x800.jpg","type":"image\/jpeg"}],"twitter_card":"summary_large_image","twitter_misc":{"Gesch\u00e4tzte Lesezeit":"2\u00a0Minuten"},"schema":{"@context":"https:\/\/schema.org","@graph":[{"@type":"WebPage","@id":"https:\/\/daddydread.com\/de\/produkt\/dreadlocks-aus-echthaar-natuerliches-schwarz-mit-sanftem-braunton\/","url":"https:\/\/daddydread.com\/de\/produkt\/dreadlocks-aus-echthaar-natuerliches-schwarz-mit-sanftem-braunton\/","name":"Handgefertigte Slawische Echthaar-Dreadlocks \u2013 Tiefschwarz mit Braunem Unterton, Mittlere St\u00e4rke, Nat\u00fcrliche Wellenenden","isPartOf":{"@id":"https:\/\/daddydread.com\/de\/#website"},"primaryImageOfPage":{"@id":"https:\/\/daddydread.com\/de\/produkt\/dreadlocks-aus-echthaar-natuerliches-schwarz-mit-sanftem-braunton\/#primaryimage"},"image":{"@id":"https:\/\/daddydread.com\/de\/produkt\/dreadlocks-aus-echthaar-natuerliches-schwarz-mit-sanftem-braunton\/#primaryimage"},"thumbnailUrl":"https:\/\/daddydread.com\/wp-content\/uploads\/2025\/07\/\u0433\u043b\u0430\u0432\u043d\u0430\u044f.jpg","datePublished":"2025-07-14T18:48:08+00:00","dateModified":"2026-03-02T16:02:38+00:00","description":"Hochwertige Dreadlocks aus 100% nat\u00fcrlichem slawischem Echthaar, sorgf\u00e4ltig von Hand gefertigt. Tiefschwarz mit warmem braunem Unterton, mittlere St\u00e4rke und nat\u00fcrliche, wellige Spitzen. Leicht, volumin\u00f6s und mit einzigartigen Dekorationen versehen. Ideal f\u00fcr Verl\u00e4ngerungen oder tempor\u00e4res Tragen. Sonderanfertigungen m\u00f6glich.","breadcrumb":{"@id":"https:\/\/daddydread.com\/de\/produkt\/dreadlocks-aus-echthaar-natuerliches-schwarz-mit-sanftem-braunton\/#breadcrumb"},"inLanguage":"de","potentialAction":[{"@type":"ReadAction","target":["https:\/\/daddydread.com\/de\/produkt\/dreadlocks-aus-echthaar-natuerliches-schwarz-mit-sanftem-braunton\/"]}]},{"@type":"ImageObject","inLanguage":"de","@id":"https:\/\/daddydread.com\/de\/produkt\/dreadlocks-aus-echthaar-natuerliches-schwarz-mit-sanftem-braunton\/#primaryimage","url":"https:\/\/daddydread.com\/wp-content\/uploads\/2025\/07\/\u0433\u043b\u0430\u0432\u043d\u0430\u044f.jpg","contentUrl":"https:\/\/daddydread.com\/wp-content\/uploads\/2025\/07\/\u0433\u043b\u0430\u0432\u043d\u0430\u044f.jpg","width":1980,"height":2560,"caption":"Natural Human Hair Dreadlocks \u2013 Natural Black with a Soft Brown Hue"},{"@type":"BreadcrumbList","@id":"https:\/\/daddydread.com\/de\/produkt\/dreadlocks-aus-echthaar-natuerliches-schwarz-mit-sanftem-braunton\/#breadcrumb","itemListElement":[{"@type":"ListItem","position":1,"name":"\u0413\u043b\u0430\u0432\u043d\u0430\u044f \u0441\u0442\u0440\u0430\u043d\u0438\u0446\u0430","item":"https:\/\/daddydread.com\/de\/"},{"@type":"ListItem","position":2,"name":"Dreadlocks Shop","item":"https:\/\/daddydread.com\/de\/shop\/"},{"@type":"ListItem","position":3,"name":"Dreadlocks aus Echthaar \u2013 Nat\u00fcrliches Schwarz mit sanftem Braunton"}]},{"@type":"WebSite","@id":"https:\/\/daddydread.com\/de\/#website","url":"https:\/\/daddydread.com\/de\/","name":"Daddy Dreads","description":"Dreadlocks shop","potentialAction":[{"@type":"SearchAction","target":{"@type":"EntryPoint","urlTemplate":"https:\/\/daddydread.com\/de\/?s={search_term_string}"},"query-input":"required name=search_term_string"}],"inLanguage":"de"}]}},"jetpack_sharing_enabled":true,"_links":{"self":[{"href":"https:\/\/daddydread.com\/de\/wp-json\/wp\/v2\/product\/47011","targetHints":{"allow":["GET"]}}],"collection":[{"href":"https:\/\/daddydread.com\/de\/wp-json\/wp\/v2\/product"}],"about":[{"href":"https:\/\/daddydread.com\/de\/wp-json\/wp\/v2\/types\/product"}],"replies":[{"embeddable":true,"href":"https:\/\/daddydread.com\/de\/wp-json\/wp\/v2\/comments?post=47011"}],"wp:featuredmedia":[{"embeddable":true,"href":"https:\/\/daddydread.com\/de\/wp-json\/wp\/v2\/media\/47174"}],"wp:attachment":[{"href":"https:\/\/daddydread.com\/de\/wp-json\/wp\/v2\/media?parent=47011"}],"wp:term":[{"taxonomy":"product_brand","embeddable":true,"href":"https:\/\/daddydread.com\/de\/wp-json\/wp\/v2\/product_brand?post=47011"},{"taxonomy":"product_cat","embeddable":true,"href":"https:\/\/daddydread.com\/de\/wp-json\/wp\/v2\/product_cat?post=47011"},{"taxonomy":"product_tag","embeddable":true,"href":"https:\/\/daddydread.com\/de\/wp-json\/wp\/v2\/product_tag?post=47011"}],"curies":[{"name":"wp","href":"https:\/\/api.w.org\/{rel}","templated":true}]}}