{"id":45105,"date":"2025-02-06T19:53:03","date_gmt":"2025-02-06T16:53:03","guid":{"rendered":"https:\/\/daddydread.com\/?post_type=product&#038;p=45105"},"modified":"2025-06-14T01:14:58","modified_gmt":"2025-06-13T22:14:58","slug":"naturliche-dreadlocks-hellbraun","status":"publish","type":"product","link":"https:\/\/daddydread.com\/de\/produkt\/naturliche-dreadlocks-hellbraun\/","title":{"rendered":"Nat\u00fcrliche Dreadlocks \u2013 Hellbraun"},"content":{"rendered":"<p>Willkommen in der schlichten Sch\u00f6nheit von Daddy Dreads Studio, wo unsere hellbraunen Dreadlock-Erweiterungen dein Haar mit einem nat\u00fcrlichen und einfachen Stil verwandeln k\u00f6nnen. Aus bestem Echthaar gefertigt, sind diese hellbraunen Dreadlocks perfekt f\u00fcr alle, die ihrem Look ohne viel Aufhebens etwas mehr Flair verleihen wollen.<\/p>\n<p>Unsere Produkte sind beliebt f\u00fcr ihre weiche Textur und ihr nat\u00fcrliches Aussehen. Das macht sie zu einer gro\u00dfartigen Alternative zu <strong><a href=\"https:\/\/daddydread.com\/de\/produkt-kategorie\/synthetische-dreadlocks\/\">geh\u00e4kelten Dreadlocks<\/a><\/strong>, die manchmal schwer und k\u00fcnstlich wirken k\u00f6nnen. Mit unserem Studio entscheiden Sie sich f\u00fcr ein Produkt, das nicht nur Ihren Stil unterstreicht, sondern auch Komfort und Haltbarkeit bietet.<\/p>\n<h2>Warum nat\u00fcrliche hellbraune Dreadlocks w\u00e4hlen?<\/h2>\n<ol>\n<li><strong>Nat\u00fcrlich und weich:<\/strong> Unsere Dreads aus echtem Haar f\u00fchlen sich nat\u00fcrlich an und sehen nat\u00fcrlich aus, was sie zu einer bequemen Wahl f\u00fcr den Alltag macht.<\/li>\n<li><strong>Langlebig:<\/strong> Wir verwenden eine spezielle Technik, um diese Dreadlocks stark zu machen. Sie fallen nicht so leicht auseinander, damit du lange Freude an deinem neuen Stil hast.<\/li>\n<li><strong>Einfach zu pflegen:<\/strong> Die Pflege dieser Dreadlocks ist so einfach wie die deines eigenen Haares. Ein wenig Sp\u00fclung an den Haarspitzen gen\u00fcgt, um sie sch\u00f6n zu halten und Verfilzungen zu vermeiden.<\/li>\n<li><strong>Flexibles Styling:<\/strong> Ganz gleich, ob du eine vollst\u00e4ndige Verwandlung oder nur ein wenig mehr Volumen f\u00fcr einen besonderen Anlass m\u00f6chtest, diese Dreadlocks sind perfekt. Sie lassen sich gut mit deinem nat\u00fcrlichen Haar kombinieren und bieten dir viele M\u00f6glichkeiten.<\/li>\n<li><strong>Mit der Zeit immer besser:<\/strong> Diese Erweiterungen werden weicher und flexibler, je l\u00e4nger du sie tr\u00e4gst, so dass du sie noch einfacher stylen und genie\u00dfen kannst.<\/li>\n<li><strong>Sch\u00f6ne Farbe:<\/strong> Der hellbraune Farbton ist weich und vielseitig und passt gut zu vielen verschiedenen Looks und Hautt\u00f6nen.<\/li>\n<\/ol>\n<p>In unserem Studio h\u00f6ren wir immer darauf, was Sie wollen. Wir aktualisieren unsere Produkte st\u00e4ndig auf der Grundlage Ihres Feedbacks, um sicherzustellen, dass Sie mit Ihrem Haar zufrieden sind.<\/p>\n<p>Wenn Sie sich f\u00fcr unsere hellbraunen Echthaarverl\u00e4ngerungen entscheiden, erhalten Sie einen frischen, eleganten Look, der einfach zu pflegen ist. Sie mischen sich perfekt mit deinem eigenen Haar und verleihen dir einen volleren, reicheren Look, der sich v\u00f6llig nat\u00fcrlich anf\u00fchlt.<\/p>\n<p>Bei diesen Dreadlocks geht es nicht nur darum, anders auszusehen, sondern auch darum, sich wohlzuf\u00fchlen und seinen einzigartigen Stil zu zeigen. Sie sind ideal f\u00fcr alle, die auffallen wollen, ohne dabei auf Einfachheit und Komfort zu verzichten.<\/p>\n","protected":false},"excerpt":{"rendered":"<p>Verwandeln Sie Ihre Frisur mit hellbraunen nat\u00fcrlichen Dreadlocks. Diese hochwertigen Naturhaarverl\u00e4ngerungen sind weich, langlebig und verschmelzen nahtlos mit Ihrem Haar f\u00fcr einen m\u00fchelosen Look. Sie sind leicht zu pflegen und zu stylen und bieten eine nat\u00fcrliche Eleganz, die Ihr Selbstvertrauen st\u00e4rkt und zu jedem Outfit passt. Perfekt, um Ihrem t\u00e4glichen Erscheinungsbild einen Hauch von Klasse und Pers\u00f6nlichkeit zu verleihen.<\/p>\n","protected":false},"featured_media":45527,"comment_status":"open","ping_status":"closed","template":"","meta":{"_acf_changed":false},"product_brand":[],"product_cat":[253],"product_tag":[],"class_list":{"0":"post-45105","1":"product","2":"type-product","3":"status-publish","4":"has-post-thumbnail","6":"product_cat-natuerliche-dreadlocks","8":"first","9":"instock","10":"shipping-taxable","11":"purchasable","12":"product-type-variable"},"acf":[],"yoast_head":"<!-- This site is optimized with the Yoast SEO plugin v22.3 - https:\/\/yoast.com\/wordpress\/plugins\/seo\/ -->\n<title>Hellbraune Echthaar-Dreadlocks zu verkaufen<\/title>\n<meta name=\"description\" content=\"Nat\u00fcrliche hellbraune Echthaar-Dreadlocks, nat\u00fcrliche Dreadlocks f\u00fcr M\u00e4nner und Frauen f\u00fcr langes oder kurzes Haar. Daddy Dreads Shop.\" \/>\n<meta name=\"robots\" content=\"index, follow, max-snippet:-1, max-image-preview:large, max-video-preview:-1\" \/>\n<link rel=\"canonical\" href=\"https:\/\/daddydread.com\/de\/produkt\/naturliche-dreadlocks-hellbraun\/\" \/>\n<meta property=\"og:locale\" content=\"de_DE\" \/>\n<meta property=\"og:type\" content=\"article\" \/>\n<meta property=\"og:title\" content=\"Hellbraune Echthaar-Dreadlocks zu verkaufen\" \/>\n<meta property=\"og:description\" content=\"Nat\u00fcrliche hellbraune Echthaar-Dreadlocks, nat\u00fcrliche Dreadlocks f\u00fcr M\u00e4nner und Frauen f\u00fcr langes oder kurzes Haar. Daddy Dreads Shop.\" \/>\n<meta property=\"og:url\" content=\"https:\/\/daddydread.com\/de\/produkt\/naturliche-dreadlocks-hellbraun\/\" \/>\n<meta property=\"og:site_name\" content=\"Daddy Dreads\" \/>\n<meta property=\"article:modified_time\" content=\"2025-06-13T22:14:58+00:00\" \/>\n<meta property=\"og:image\" content=\"https:\/\/daddydread.com\/wp-content\/uploads\/2025\/02\/u8996563117___-__.___________.___________.______._ar_45_v_6.0_062394ee-84bf-4445-a673-9f28e384e1a1_2-603x800.png\" \/>\n\t<meta property=\"og:image:width\" content=\"603\" \/>\n\t<meta property=\"og:image:height\" content=\"800\" \/>\n\t<meta property=\"og:image:type\" content=\"image\/png\" \/>\n<meta name=\"twitter:card\" content=\"summary_large_image\" \/>\n<meta name=\"twitter:label1\" content=\"Gesch\u00e4tzte Lesezeit\" \/>\n\t<meta name=\"twitter:data1\" content=\"2\u00a0Minuten\" \/>\n<script type=\"application\/ld+json\" class=\"yoast-schema-graph\">{\"@context\":\"https:\/\/schema.org\",\"@graph\":[{\"@type\":\"WebPage\",\"@id\":\"https:\/\/daddydread.com\/de\/produkt\/naturliche-dreadlocks-hellbraun\/\",\"url\":\"https:\/\/daddydread.com\/de\/produkt\/naturliche-dreadlocks-hellbraun\/\",\"name\":\"Hellbraune Echthaar-Dreadlocks zu verkaufen\",\"isPartOf\":{\"@id\":\"https:\/\/daddydread.com\/de\/#website\"},\"primaryImageOfPage\":{\"@id\":\"https:\/\/daddydread.com\/de\/produkt\/naturliche-dreadlocks-hellbraun\/#primaryimage\"},\"image\":{\"@id\":\"https:\/\/daddydread.com\/de\/produkt\/naturliche-dreadlocks-hellbraun\/#primaryimage\"},\"thumbnailUrl\":\"https:\/\/daddydread.com\/wp-content\/uploads\/2025\/02\/u8996563117___-__.___________.___________.______._ar_45_v_6.0_062394ee-84bf-4445-a673-9f28e384e1a1_2.png\",\"datePublished\":\"2025-02-06T16:53:03+00:00\",\"dateModified\":\"2025-06-13T22:14:58+00:00\",\"description\":\"Nat\u00fcrliche hellbraune Echthaar-Dreadlocks, nat\u00fcrliche Dreadlocks f\u00fcr M\u00e4nner und Frauen f\u00fcr langes oder kurzes Haar. Daddy Dreads Shop.\",\"breadcrumb\":{\"@id\":\"https:\/\/daddydread.com\/de\/produkt\/naturliche-dreadlocks-hellbraun\/#breadcrumb\"},\"inLanguage\":\"de\",\"potentialAction\":[{\"@type\":\"ReadAction\",\"target\":[\"https:\/\/daddydread.com\/de\/produkt\/naturliche-dreadlocks-hellbraun\/\"]}]},{\"@type\":\"ImageObject\",\"inLanguage\":\"de\",\"@id\":\"https:\/\/daddydread.com\/de\/produkt\/naturliche-dreadlocks-hellbraun\/#primaryimage\",\"url\":\"https:\/\/daddydread.com\/wp-content\/uploads\/2025\/02\/u8996563117___-__.___________.___________.______._ar_45_v_6.0_062394ee-84bf-4445-a673-9f28e384e1a1_2.png\",\"contentUrl\":\"https:\/\/daddydread.com\/wp-content\/uploads\/2025\/02\/u8996563117___-__.___________.___________.______._ar_45_v_6.0_062394ee-84bf-4445-a673-9f28e384e1a1_2.png\",\"width\":928,\"height\":1232},{\"@type\":\"BreadcrumbList\",\"@id\":\"https:\/\/daddydread.com\/de\/produkt\/naturliche-dreadlocks-hellbraun\/#breadcrumb\",\"itemListElement\":[{\"@type\":\"ListItem\",\"position\":1,\"name\":\"\u0413\u043b\u0430\u0432\u043d\u0430\u044f \u0441\u0442\u0440\u0430\u043d\u0438\u0446\u0430\",\"item\":\"https:\/\/daddydread.com\/de\/\"},{\"@type\":\"ListItem\",\"position\":2,\"name\":\"Dreadlocks Shop\",\"item\":\"https:\/\/daddydread.com\/de\/shop\/\"},{\"@type\":\"ListItem\",\"position\":3,\"name\":\"Nat\u00fcrliche Dreadlocks \u2013 Hellbraun\"}]},{\"@type\":\"WebSite\",\"@id\":\"https:\/\/daddydread.com\/de\/#website\",\"url\":\"https:\/\/daddydread.com\/de\/\",\"name\":\"Daddy Dreads\",\"description\":\"Dreadlocks shop\",\"potentialAction\":[{\"@type\":\"SearchAction\",\"target\":{\"@type\":\"EntryPoint\",\"urlTemplate\":\"https:\/\/daddydread.com\/de\/?s={search_term_string}\"},\"query-input\":\"required name=search_term_string\"}],\"inLanguage\":\"de\"}]}<\/script>\n<!-- \/ Yoast SEO plugin. -->","yoast_head_json":{"title":"Hellbraune Echthaar-Dreadlocks zu verkaufen","description":"Nat\u00fcrliche hellbraune Echthaar-Dreadlocks, nat\u00fcrliche Dreadlocks f\u00fcr M\u00e4nner und Frauen f\u00fcr langes oder kurzes Haar. Daddy Dreads Shop.","robots":{"index":"index","follow":"follow","max-snippet":"max-snippet:-1","max-image-preview":"max-image-preview:large","max-video-preview":"max-video-preview:-1"},"canonical":"https:\/\/daddydread.com\/de\/produkt\/naturliche-dreadlocks-hellbraun\/","og_locale":"de_DE","og_type":"article","og_title":"Hellbraune Echthaar-Dreadlocks zu verkaufen","og_description":"Nat\u00fcrliche hellbraune Echthaar-Dreadlocks, nat\u00fcrliche Dreadlocks f\u00fcr M\u00e4nner und Frauen f\u00fcr langes oder kurzes Haar. Daddy Dreads Shop.","og_url":"https:\/\/daddydread.com\/de\/produkt\/naturliche-dreadlocks-hellbraun\/","og_site_name":"Daddy Dreads","article_modified_time":"2025-06-13T22:14:58+00:00","og_image":[{"width":603,"height":800,"url":"https:\/\/daddydread.com\/wp-content\/uploads\/2025\/02\/u8996563117___-__.___________.___________.______._ar_45_v_6.0_062394ee-84bf-4445-a673-9f28e384e1a1_2-603x800.png","type":"image\/png"}],"twitter_card":"summary_large_image","twitter_misc":{"Gesch\u00e4tzte Lesezeit":"2\u00a0Minuten"},"schema":{"@context":"https:\/\/schema.org","@graph":[{"@type":"WebPage","@id":"https:\/\/daddydread.com\/de\/produkt\/naturliche-dreadlocks-hellbraun\/","url":"https:\/\/daddydread.com\/de\/produkt\/naturliche-dreadlocks-hellbraun\/","name":"Hellbraune Echthaar-Dreadlocks zu verkaufen","isPartOf":{"@id":"https:\/\/daddydread.com\/de\/#website"},"primaryImageOfPage":{"@id":"https:\/\/daddydread.com\/de\/produkt\/naturliche-dreadlocks-hellbraun\/#primaryimage"},"image":{"@id":"https:\/\/daddydread.com\/de\/produkt\/naturliche-dreadlocks-hellbraun\/#primaryimage"},"thumbnailUrl":"https:\/\/daddydread.com\/wp-content\/uploads\/2025\/02\/u8996563117___-__.___________.___________.______._ar_45_v_6.0_062394ee-84bf-4445-a673-9f28e384e1a1_2.png","datePublished":"2025-02-06T16:53:03+00:00","dateModified":"2025-06-13T22:14:58+00:00","description":"Nat\u00fcrliche hellbraune Echthaar-Dreadlocks, nat\u00fcrliche Dreadlocks f\u00fcr M\u00e4nner und Frauen f\u00fcr langes oder kurzes Haar. Daddy Dreads Shop.","breadcrumb":{"@id":"https:\/\/daddydread.com\/de\/produkt\/naturliche-dreadlocks-hellbraun\/#breadcrumb"},"inLanguage":"de","potentialAction":[{"@type":"ReadAction","target":["https:\/\/daddydread.com\/de\/produkt\/naturliche-dreadlocks-hellbraun\/"]}]},{"@type":"ImageObject","inLanguage":"de","@id":"https:\/\/daddydread.com\/de\/produkt\/naturliche-dreadlocks-hellbraun\/#primaryimage","url":"https:\/\/daddydread.com\/wp-content\/uploads\/2025\/02\/u8996563117___-__.___________.___________.______._ar_45_v_6.0_062394ee-84bf-4445-a673-9f28e384e1a1_2.png","contentUrl":"https:\/\/daddydread.com\/wp-content\/uploads\/2025\/02\/u8996563117___-__.___________.___________.______._ar_45_v_6.0_062394ee-84bf-4445-a673-9f28e384e1a1_2.png","width":928,"height":1232},{"@type":"BreadcrumbList","@id":"https:\/\/daddydread.com\/de\/produkt\/naturliche-dreadlocks-hellbraun\/#breadcrumb","itemListElement":[{"@type":"ListItem","position":1,"name":"\u0413\u043b\u0430\u0432\u043d\u0430\u044f \u0441\u0442\u0440\u0430\u043d\u0438\u0446\u0430","item":"https:\/\/daddydread.com\/de\/"},{"@type":"ListItem","position":2,"name":"Dreadlocks Shop","item":"https:\/\/daddydread.com\/de\/shop\/"},{"@type":"ListItem","position":3,"name":"Nat\u00fcrliche Dreadlocks \u2013 Hellbraun"}]},{"@type":"WebSite","@id":"https:\/\/daddydread.com\/de\/#website","url":"https:\/\/daddydread.com\/de\/","name":"Daddy Dreads","description":"Dreadlocks shop","potentialAction":[{"@type":"SearchAction","target":{"@type":"EntryPoint","urlTemplate":"https:\/\/daddydread.com\/de\/?s={search_term_string}"},"query-input":"required name=search_term_string"}],"inLanguage":"de"}]}},"jetpack_sharing_enabled":true,"_links":{"self":[{"href":"https:\/\/daddydread.com\/de\/wp-json\/wp\/v2\/product\/45105","targetHints":{"allow":["GET"]}}],"collection":[{"href":"https:\/\/daddydread.com\/de\/wp-json\/wp\/v2\/product"}],"about":[{"href":"https:\/\/daddydread.com\/de\/wp-json\/wp\/v2\/types\/product"}],"replies":[{"embeddable":true,"href":"https:\/\/daddydread.com\/de\/wp-json\/wp\/v2\/comments?post=45105"}],"wp:featuredmedia":[{"embeddable":true,"href":"https:\/\/daddydread.com\/de\/wp-json\/wp\/v2\/media\/45527"}],"wp:attachment":[{"href":"https:\/\/daddydread.com\/de\/wp-json\/wp\/v2\/media?parent=45105"}],"wp:term":[{"taxonomy":"product_brand","embeddable":true,"href":"https:\/\/daddydread.com\/de\/wp-json\/wp\/v2\/product_brand?post=45105"},{"taxonomy":"product_cat","embeddable":true,"href":"https:\/\/daddydread.com\/de\/wp-json\/wp\/v2\/product_cat?post=45105"},{"taxonomy":"product_tag","embeddable":true,"href":"https:\/\/daddydread.com\/de\/wp-json\/wp\/v2\/product_tag?post=45105"}],"curies":[{"name":"wp","href":"https:\/\/api.w.org\/{rel}","templated":true}]}}