{"id":44675,"date":"2025-02-05T23:21:06","date_gmt":"2025-02-05T20:21:06","guid":{"rendered":"https:\/\/daddydread.com\/?post_type=product&#038;p=44675"},"modified":"2025-06-14T01:15:01","modified_gmt":"2025-06-13T22:15:01","slug":"strukturierte-dreadlocks-aus-naturhaar-in-naturblonden-farbtoenen","status":"publish","type":"product","link":"https:\/\/daddydread.com\/de\/produkt\/strukturierte-dreadlocks-aus-naturhaar-in-naturblonden-farbtoenen\/","title":{"rendered":"Strukturierte Dreadlocks aus Naturhaar in naturblonden Farbt\u00f6nen"},"content":{"rendered":"<p>Diese nat\u00fcrlichen Dreadlocks sind aus hochwertigem europ\u00e4ischem Echthaar handgefertigt und haben eine sch\u00f6ne, gleichm\u00e4\u00dfige, nat\u00fcrlich blonde Farbe. Der Farbton ist ein weiches, warmes Blond mit subtilen goldenen Untert\u00f6nen, die an sonnenverw\u00f6hntes Haar erinnern. Diese vielseitige Farbe sorgt f\u00fcr ein leichtes, frisches Aussehen, das sich m\u00fchelos mit einer Vielzahl von Hautt\u00f6nen kombinieren l\u00e4sst und ein nat\u00fcrliches, strahlendes Aussehen bietet.<\/p>\n<p>Die Dreadlocks sind weich, leicht und flexibel und erm\u00f6glichen eine nat\u00fcrliche Bewegung und ein einfaches Styling. Jede Locke ist 0,8-1 cm dick und hat lose Enden, die 11-15 cm lang sind, was Flexibilit\u00e4t f\u00fcr verschiedene Frisuren bietet. F\u00fcr diejenigen, die ein bestimmtes Finish bevorzugen, k\u00f6nnen gegen einen geringen Aufpreis auch stumpfe Enden angefertigt werden.<\/p>\n<p>Diese Locken, die reifen, nat\u00fcrlichen Dreadlocks \u00e4hneln, verleihen Ihrem Look Authentizit\u00e4t und sind gleichzeitig leicht und bequem. Sie werden aus hochwertigem slawischen Haar hergestellt, das sich unglaublich weich anf\u00fchlt und einen hohen Tragekomfort bietet.<\/p>\n<p>Der Herstellungsprozess umfasst eine spezielle Technik, die die organische Textur alter Dreadlocks nachahmt und einen unverwechselbaren, nat\u00fcrlichen Look schafft. Das Ergebnis ist ein Design, das sich im Laufe der Zeit entwickelt zu haben scheint und Ihrem Stil Tiefe und Charakter verleiht.<\/p>\n<p>Diese Dreadlocks sind die perfekte M\u00f6glichkeit, deine Individualit\u00e4t und nat\u00fcrliche Sch\u00f6nheit zu unterstreichen. Die warme blonde Farbe verleiht deinem Aussehen einen sanften Schimmer und verleiht dir einen sonnengek\u00fcssten, strahlenden Look, der sich m\u00fchelos schick anf\u00fchlt.<\/p>\n<h2>Texturierte Dreadlocks: Leicht, nat\u00fcrlich und sch\u00f6n<\/h2>\n<p>Mit ihrer warmen, naturblonden Farbe und der weichen Textur bieten diese Dreadlocks eine m\u00fchelos schicke und strahlende \u00c4sthetik. Die hochwertige Verarbeitung und das authentische Design machen sie zur perfekten Wahl f\u00fcr alle, die eine nat\u00fcrliche, aber dennoch mutige Frisur suchen.<\/p>\n<h2>Wer wird diese Farbe lieben?<\/h2>\n<p>Naturblonde Dreadlocks sind ideal f\u00fcr Menschen mit heller bis mittlerer Hautfarbe, besonders f\u00fcr solche mit warmen oder neutralen Untert\u00f6nen. Wenn Sie auf der Suche nach einem hellen, frischen und nat\u00fcrlichen Look sind, der Ihre Gesichtsz\u00fcge unterstreicht, ohne zu stark oder dramatisch zu sein, wird dieser Blondton Ihren Stil perfekt erg\u00e4nzen. Egal, ob du einen sonnenbeschienenen, strandigen Look haben m\u00f6chtest oder einfach nur ein dezentes, nat\u00fcrliches Blond suchst, diese Dreadlocks bieten die perfekte Balance aus W\u00e4rme und Eleganz.<\/p>\n<h2>Brauchen Sie eine individuelle Mischung?<\/h2>\n<p>Wenn die hier angebotenen Braunt\u00f6ne nicht perfekt zu deinen Vorstellungen passen, kontaktiere uns unter <a href=\"mailto:daniladaddydread@gmail.com\">daniladaddydread@gmail.com<\/a> oder sende uns eine Nachricht \u00fcber Facebook Messenger. Wir kreieren gerne einen individuellen Farbton f\u00fcr Sie.<\/p>\n<h2>Pflegehinweise:<\/h2>\n<ul>\n<li>Waschen Sie Ihr Haar sanft mit Shampoos ohne Weichsp\u00fcler oder Gl\u00e4ttungsmittel und vermeiden Sie Conditioner.<\/li>\n<li>Behandle die losen Enden mit Weichmachermasken oder Kuren, wie du es bei nat\u00fcrlichem Haar tun w\u00fcrdest.<\/li>\n<li>Wenn sich die Dreadlocks zu lockern beginnen, rollen Sie sie nach dem Trocknen zwischen Ihren Handfl\u00e4chen. Vermeiden Sie dies in nassem Zustand, da es zu Ausd\u00fcnnung f\u00fchren kann.<\/li>\n<\/ul>\n<p>Mit freundlichen Gr\u00fc\u00dfen, Danila Deryabin, Gr\u00fcnderin von Daddy Dreads<\/p>\n","protected":false},"excerpt":{"rendered":"<p>Handgefertigte, naturblonde Dreadlocks aus hochwertigem europ\u00e4ischem Haar. Weich, leicht und flexibel mit einer sonnengek\u00fcssten Farbe. Jede Str\u00e4hne ist 0,8-1 cm dick, mit losen Enden von 11-15 cm. Perfekt f\u00fcr einen strahlenden, nat\u00fcrlichen Look.<\/p>\n","protected":false},"featured_media":44838,"comment_status":"open","ping_status":"closed","template":"","meta":{"_acf_changed":false},"product_brand":[],"product_cat":[253],"product_tag":[],"class_list":{"0":"post-44675","1":"product","2":"type-product","3":"status-publish","4":"has-post-thumbnail","6":"product_cat-natuerliche-dreadlocks","8":"first","9":"instock","10":"shipping-taxable","11":"purchasable","12":"product-type-variable"},"acf":[],"yoast_head":"<!-- This site is optimized with the Yoast SEO plugin v22.3 - https:\/\/yoast.com\/wordpress\/plugins\/seo\/ -->\n<title>Hochwertige naturblonde Dreadlocks f\u00fcr ein einzigartiges Aussehen<\/title>\n<meta name=\"description\" content=\"Holen Sie sich hochwertige handgefertigte blonde Dreadlocks aus nat\u00fcrlichem slawischem Haar. Weich, flexibel und leicht f\u00fcr einen stilvollen und bequemen Look.\" \/>\n<meta name=\"robots\" content=\"index, follow, max-snippet:-1, max-image-preview:large, max-video-preview:-1\" \/>\n<link rel=\"canonical\" href=\"https:\/\/daddydread.com\/de\/produkt\/strukturierte-dreadlocks-aus-naturhaar-in-naturblonden-farbtoenen\/\" \/>\n<meta property=\"og:locale\" content=\"de_DE\" \/>\n<meta property=\"og:type\" content=\"article\" \/>\n<meta property=\"og:title\" content=\"Hochwertige naturblonde Dreadlocks f\u00fcr ein einzigartiges Aussehen\" \/>\n<meta property=\"og:description\" content=\"Holen Sie sich hochwertige handgefertigte blonde Dreadlocks aus nat\u00fcrlichem slawischem Haar. Weich, flexibel und leicht f\u00fcr einen stilvollen und bequemen Look.\" \/>\n<meta property=\"og:url\" content=\"https:\/\/daddydread.com\/de\/produkt\/strukturierte-dreadlocks-aus-naturhaar-in-naturblonden-farbtoenen\/\" \/>\n<meta property=\"og:site_name\" content=\"Daddy Dreads\" \/>\n<meta property=\"article:modified_time\" content=\"2025-06-13T22:15:01+00:00\" \/>\n<meta property=\"og:image\" content=\"https:\/\/daddydread.com\/wp-content\/uploads\/2025\/02\/01.jpg\" \/>\n\t<meta property=\"og:image:width\" content=\"1980\" \/>\n\t<meta property=\"og:image:height\" content=\"2560\" \/>\n\t<meta property=\"og:image:type\" content=\"image\/jpeg\" \/>\n<meta name=\"twitter:card\" content=\"summary_large_image\" \/>\n<meta name=\"twitter:label1\" content=\"Gesch\u00e4tzte Lesezeit\" \/>\n\t<meta name=\"twitter:data1\" content=\"3\u00a0Minuten\" \/>\n<script type=\"application\/ld+json\" class=\"yoast-schema-graph\">{\"@context\":\"https:\/\/schema.org\",\"@graph\":[{\"@type\":\"WebPage\",\"@id\":\"https:\/\/daddydread.com\/de\/produkt\/strukturierte-dreadlocks-aus-naturhaar-in-naturblonden-farbtoenen\/\",\"url\":\"https:\/\/daddydread.com\/de\/produkt\/strukturierte-dreadlocks-aus-naturhaar-in-naturblonden-farbtoenen\/\",\"name\":\"Hochwertige naturblonde Dreadlocks f\u00fcr ein einzigartiges Aussehen\",\"isPartOf\":{\"@id\":\"https:\/\/daddydread.com\/de\/#website\"},\"primaryImageOfPage\":{\"@id\":\"https:\/\/daddydread.com\/de\/produkt\/strukturierte-dreadlocks-aus-naturhaar-in-naturblonden-farbtoenen\/#primaryimage\"},\"image\":{\"@id\":\"https:\/\/daddydread.com\/de\/produkt\/strukturierte-dreadlocks-aus-naturhaar-in-naturblonden-farbtoenen\/#primaryimage\"},\"thumbnailUrl\":\"https:\/\/daddydread.com\/wp-content\/uploads\/2025\/02\/01.jpg\",\"datePublished\":\"2025-02-05T20:21:06+00:00\",\"dateModified\":\"2025-06-13T22:15:01+00:00\",\"description\":\"Holen Sie sich hochwertige handgefertigte blonde Dreadlocks aus nat\u00fcrlichem slawischem Haar. Weich, flexibel und leicht f\u00fcr einen stilvollen und bequemen Look.\",\"breadcrumb\":{\"@id\":\"https:\/\/daddydread.com\/de\/produkt\/strukturierte-dreadlocks-aus-naturhaar-in-naturblonden-farbtoenen\/#breadcrumb\"},\"inLanguage\":\"de\",\"potentialAction\":[{\"@type\":\"ReadAction\",\"target\":[\"https:\/\/daddydread.com\/de\/produkt\/strukturierte-dreadlocks-aus-naturhaar-in-naturblonden-farbtoenen\/\"]}]},{\"@type\":\"ImageObject\",\"inLanguage\":\"de\",\"@id\":\"https:\/\/daddydread.com\/de\/produkt\/strukturierte-dreadlocks-aus-naturhaar-in-naturblonden-farbtoenen\/#primaryimage\",\"url\":\"https:\/\/daddydread.com\/wp-content\/uploads\/2025\/02\/01.jpg\",\"contentUrl\":\"https:\/\/daddydread.com\/wp-content\/uploads\/2025\/02\/01.jpg\",\"width\":1980,\"height\":2560,\"caption\":\"Strukturierte Dreadlocks aus Naturhaar in naturblonden Farbt\u00f6nen\"},{\"@type\":\"BreadcrumbList\",\"@id\":\"https:\/\/daddydread.com\/de\/produkt\/strukturierte-dreadlocks-aus-naturhaar-in-naturblonden-farbtoenen\/#breadcrumb\",\"itemListElement\":[{\"@type\":\"ListItem\",\"position\":1,\"name\":\"\u0413\u043b\u0430\u0432\u043d\u0430\u044f \u0441\u0442\u0440\u0430\u043d\u0438\u0446\u0430\",\"item\":\"https:\/\/daddydread.com\/de\/\"},{\"@type\":\"ListItem\",\"position\":2,\"name\":\"Dreadlocks Shop\",\"item\":\"https:\/\/daddydread.com\/de\/shop\/\"},{\"@type\":\"ListItem\",\"position\":3,\"name\":\"Strukturierte Dreadlocks aus Naturhaar in naturblonden Farbt\u00f6nen\"}]},{\"@type\":\"WebSite\",\"@id\":\"https:\/\/daddydread.com\/de\/#website\",\"url\":\"https:\/\/daddydread.com\/de\/\",\"name\":\"Daddy Dreads\",\"description\":\"Dreadlocks shop\",\"potentialAction\":[{\"@type\":\"SearchAction\",\"target\":{\"@type\":\"EntryPoint\",\"urlTemplate\":\"https:\/\/daddydread.com\/de\/?s={search_term_string}\"},\"query-input\":\"required name=search_term_string\"}],\"inLanguage\":\"de\"}]}<\/script>\n<!-- \/ Yoast SEO plugin. -->","yoast_head_json":{"title":"Hochwertige naturblonde Dreadlocks f\u00fcr ein einzigartiges Aussehen","description":"Holen Sie sich hochwertige handgefertigte blonde Dreadlocks aus nat\u00fcrlichem slawischem Haar. Weich, flexibel und leicht f\u00fcr einen stilvollen und bequemen Look.","robots":{"index":"index","follow":"follow","max-snippet":"max-snippet:-1","max-image-preview":"max-image-preview:large","max-video-preview":"max-video-preview:-1"},"canonical":"https:\/\/daddydread.com\/de\/produkt\/strukturierte-dreadlocks-aus-naturhaar-in-naturblonden-farbtoenen\/","og_locale":"de_DE","og_type":"article","og_title":"Hochwertige naturblonde Dreadlocks f\u00fcr ein einzigartiges Aussehen","og_description":"Holen Sie sich hochwertige handgefertigte blonde Dreadlocks aus nat\u00fcrlichem slawischem Haar. Weich, flexibel und leicht f\u00fcr einen stilvollen und bequemen Look.","og_url":"https:\/\/daddydread.com\/de\/produkt\/strukturierte-dreadlocks-aus-naturhaar-in-naturblonden-farbtoenen\/","og_site_name":"Daddy Dreads","article_modified_time":"2025-06-13T22:15:01+00:00","og_image":[{"width":1980,"height":2560,"url":"https:\/\/daddydread.com\/wp-content\/uploads\/2025\/02\/01.jpg","type":"image\/jpeg"}],"twitter_card":"summary_large_image","twitter_misc":{"Gesch\u00e4tzte Lesezeit":"3\u00a0Minuten"},"schema":{"@context":"https:\/\/schema.org","@graph":[{"@type":"WebPage","@id":"https:\/\/daddydread.com\/de\/produkt\/strukturierte-dreadlocks-aus-naturhaar-in-naturblonden-farbtoenen\/","url":"https:\/\/daddydread.com\/de\/produkt\/strukturierte-dreadlocks-aus-naturhaar-in-naturblonden-farbtoenen\/","name":"Hochwertige naturblonde Dreadlocks f\u00fcr ein einzigartiges Aussehen","isPartOf":{"@id":"https:\/\/daddydread.com\/de\/#website"},"primaryImageOfPage":{"@id":"https:\/\/daddydread.com\/de\/produkt\/strukturierte-dreadlocks-aus-naturhaar-in-naturblonden-farbtoenen\/#primaryimage"},"image":{"@id":"https:\/\/daddydread.com\/de\/produkt\/strukturierte-dreadlocks-aus-naturhaar-in-naturblonden-farbtoenen\/#primaryimage"},"thumbnailUrl":"https:\/\/daddydread.com\/wp-content\/uploads\/2025\/02\/01.jpg","datePublished":"2025-02-05T20:21:06+00:00","dateModified":"2025-06-13T22:15:01+00:00","description":"Holen Sie sich hochwertige handgefertigte blonde Dreadlocks aus nat\u00fcrlichem slawischem Haar. Weich, flexibel und leicht f\u00fcr einen stilvollen und bequemen Look.","breadcrumb":{"@id":"https:\/\/daddydread.com\/de\/produkt\/strukturierte-dreadlocks-aus-naturhaar-in-naturblonden-farbtoenen\/#breadcrumb"},"inLanguage":"de","potentialAction":[{"@type":"ReadAction","target":["https:\/\/daddydread.com\/de\/produkt\/strukturierte-dreadlocks-aus-naturhaar-in-naturblonden-farbtoenen\/"]}]},{"@type":"ImageObject","inLanguage":"de","@id":"https:\/\/daddydread.com\/de\/produkt\/strukturierte-dreadlocks-aus-naturhaar-in-naturblonden-farbtoenen\/#primaryimage","url":"https:\/\/daddydread.com\/wp-content\/uploads\/2025\/02\/01.jpg","contentUrl":"https:\/\/daddydread.com\/wp-content\/uploads\/2025\/02\/01.jpg","width":1980,"height":2560,"caption":"Strukturierte Dreadlocks aus Naturhaar in naturblonden Farbt\u00f6nen"},{"@type":"BreadcrumbList","@id":"https:\/\/daddydread.com\/de\/produkt\/strukturierte-dreadlocks-aus-naturhaar-in-naturblonden-farbtoenen\/#breadcrumb","itemListElement":[{"@type":"ListItem","position":1,"name":"\u0413\u043b\u0430\u0432\u043d\u0430\u044f \u0441\u0442\u0440\u0430\u043d\u0438\u0446\u0430","item":"https:\/\/daddydread.com\/de\/"},{"@type":"ListItem","position":2,"name":"Dreadlocks Shop","item":"https:\/\/daddydread.com\/de\/shop\/"},{"@type":"ListItem","position":3,"name":"Strukturierte Dreadlocks aus Naturhaar in naturblonden Farbt\u00f6nen"}]},{"@type":"WebSite","@id":"https:\/\/daddydread.com\/de\/#website","url":"https:\/\/daddydread.com\/de\/","name":"Daddy Dreads","description":"Dreadlocks shop","potentialAction":[{"@type":"SearchAction","target":{"@type":"EntryPoint","urlTemplate":"https:\/\/daddydread.com\/de\/?s={search_term_string}"},"query-input":"required name=search_term_string"}],"inLanguage":"de"}]}},"jetpack_sharing_enabled":true,"_links":{"self":[{"href":"https:\/\/daddydread.com\/de\/wp-json\/wp\/v2\/product\/44675","targetHints":{"allow":["GET"]}}],"collection":[{"href":"https:\/\/daddydread.com\/de\/wp-json\/wp\/v2\/product"}],"about":[{"href":"https:\/\/daddydread.com\/de\/wp-json\/wp\/v2\/types\/product"}],"replies":[{"embeddable":true,"href":"https:\/\/daddydread.com\/de\/wp-json\/wp\/v2\/comments?post=44675"}],"wp:featuredmedia":[{"embeddable":true,"href":"https:\/\/daddydread.com\/de\/wp-json\/wp\/v2\/media\/44838"}],"wp:attachment":[{"href":"https:\/\/daddydread.com\/de\/wp-json\/wp\/v2\/media?parent=44675"}],"wp:term":[{"taxonomy":"product_brand","embeddable":true,"href":"https:\/\/daddydread.com\/de\/wp-json\/wp\/v2\/product_brand?post=44675"},{"taxonomy":"product_cat","embeddable":true,"href":"https:\/\/daddydread.com\/de\/wp-json\/wp\/v2\/product_cat?post=44675"},{"taxonomy":"product_tag","embeddable":true,"href":"https:\/\/daddydread.com\/de\/wp-json\/wp\/v2\/product_tag?post=44675"}],"curies":[{"name":"wp","href":"https:\/\/api.w.org\/{rel}","templated":true}]}}