{"id":44226,"date":"2025-01-11T01:45:56","date_gmt":"2025-01-10T22:45:56","guid":{"rendered":"https:\/\/daddydread.com\/?post_type=product&#038;p=44226"},"modified":"2026-01-16T17:22:02","modified_gmt":"2026-01-16T14:22:02","slug":"naturhaar-dreadlocks-in-brauntoenen","status":"publish","type":"product","link":"https:\/\/daddydread.com\/de\/produkt\/naturhaar-dreadlocks-in-brauntoenen\/","title":{"rendered":"Naturhaar-Dreadlocks in Braunt\u00f6nen"},"content":{"rendered":"<p>Diese nat\u00fcrlichen Dreadlocks werden in sorgf\u00e4ltiger Handarbeit aus hochwertigem europ\u00e4ischem Echthaar hergestellt. Die Farbpalette umfasst ein reichhaltiges Spektrum an Braunt\u00f6nen, die von Dunkelbraun bis Hellbraun reichen und sorgf\u00e4ltig gemischt wurden, um ein nat\u00fcrliches und authentisches Aussehen zu erzielen. Diese durchdachte Verwendung mehrerer Farbt\u00f6ne sorgt daf\u00fcr, dass die Dreadlocks unglaublich realistisch aussehen und wunderbar mit deinem einzigartigen Stil harmonieren.<\/p>\n<p>Die Dreadlocks sind weich, leicht und flexibel und lassen sich nat\u00fcrlich bewegen und m\u00fchelos stylen. Jede Dreadlock ist 0,8 bis 1 cm dick und hat lose Enden von 11 bis 15 cm, was zus\u00e4tzliche Vielseitigkeit f\u00fcr verschiedene Frisuren bietet. F\u00fcr diejenigen, die ein bestimmtes Finish bevorzugen, k\u00f6nnen gegen einen geringen Aufpreis stumpfe Enden angefertigt werden.<\/p>\n<p>Diese Locken sind so gestaltet, dass sie reifen, nat\u00fcrlichen Dreadlocks \u00e4hneln und Ihrem Look einen authentischen Touch verleihen. Sie werden aus hochwertigem slawischen Haar hergestellt und f\u00fchlen sich weich und leicht an, was einen hohen Tragekomfort garantiert.<\/p>\n<p>Was diese Dreadlocks wirklich einzigartig macht, ist die spezielle Technik, mit der sie hergestellt werden. Diese Methode ahmt die Struktur alter Dreadlocks nach und imitiert die organische Textur von Baumwurzeln. Das Ergebnis ist ein k\u00fchnes und unverwechselbares Design, das aussieht, als w\u00e4re es im Laufe der Zeit nat\u00fcrlich entstanden, und das deinem Stil Tiefe und Charakter verleiht.<\/p>\n<p>Die Entscheidung f\u00fcr diese strukturierten Dreadlocks ist ein k\u00fcnstlerischer Ausdruck von Individualit\u00e4t und nat\u00fcrlicher Sch\u00f6nheit. Their root-like texture creates a timeless charm, giving the impression of well-worn, natural locks. Each set is crafted with care and attention to detail, ensuring exceptional quality for every customer.<\/p>\n<p>Diese Dreadlocks sind mit einer sanften Welle an den Enden versehen, die nach Belieben gestylt werden k\u00f6nnen &#8211; glatt oder gelockt f\u00fcr eine pers\u00f6nliche Note.<\/p>\n<h2>Texturierte Dreadlocks: Zelebrieren Sie Ihre Einzigartigkeit<\/h2>\n<p>Mit ihrer erdigen \u00c4sthetik und nat\u00fcrlich wirkenden Textur unterstreichen diese Dreadlocks m\u00fchelos deine Individualit\u00e4t. Ihre hochwertige Verarbeitung und ihr realistisches Design machen sie zu einem herausragenden Accessoire f\u00fcr alle, die einen mutigen, nat\u00fcrlichen Look suchen.<\/p>\n<h3>Brauchen Sie eine individuelle Mischung?<\/h3>\n<p>Wenn die hier angebotenen Braunt\u00f6ne nicht perfekt zu deinen Vorstellungen passen, kontaktiere uns unter <a href=\"mailto:daniladaddydread@gmail.com\">daniladaddydread@gmail.com<\/a> oder sende uns eine Nachricht \u00fcber Facebook Messenger. Wir kreieren gerne einen individuellen Farbton f\u00fcr Sie.<\/p>\n<h3>Pflegehinweise:<\/h3>\n<ul>\n<li>Waschen Sie Ihr Haar sanft mit Shampoos ohne Weichsp\u00fcler oder Gl\u00e4ttungsmittel und vermeiden Sie Conditioner.<\/li>\n<li>Behandle die losen Enden mit weichmachenden Masken oder Kuren, wie du es bei nat\u00fcrlichem Haar tun w\u00fcrdest.<\/li>\n<li>Wenn sich die Dreadlocks zu lockern beginnen, rollen Sie sie nach dem Trocknen zwischen Ihren Handfl\u00e4chen. Vermeiden Sie dies in nassem Zustand, da es zu Ausd\u00fcnnung f\u00fchren kann.<\/li>\n<\/ul>\n<p>Mit freundlichen Gr\u00fc\u00dfen, Danila Deryabin, Gr\u00fcnderin von Daddy Dreads<\/p>\n","protected":false},"excerpt":{"rendered":"<p>Strukturierte Dreadlocks aus hochwertigem europ\u00e4ischem Echthaar in Nuancen von Dunkel- bis Hellbraun. Sie sind weich, leicht und flexibel und imitieren nat\u00fcrliche Locken mit einer Baumwurzelstruktur.<br \/>\n0,8-1 cm dick, mit 11-15 cm langen losen Enden.<br \/>\nPerfekt f\u00fcr einen authentischen Look.<\/p>\n","protected":false},"featured_media":44407,"comment_status":"open","ping_status":"closed","template":"","meta":{"_acf_changed":false},"product_brand":[],"product_cat":[253],"product_tag":[],"class_list":{"0":"post-44226","1":"product","2":"type-product","3":"status-publish","4":"has-post-thumbnail","6":"product_cat-natuerliche-dreadlocks","8":"first","9":"instock","10":"shipping-taxable","11":"purchasable","12":"product-type-variable"},"acf":[],"yoast_head":"<!-- This site is optimized with the Yoast SEO plugin v22.3 - https:\/\/yoast.com\/wordpress\/plugins\/seo\/ -->\n<title>Naturhaar-Dreadlocks in Braunt\u00f6nen - Handgefertigt<\/title>\n<meta name=\"description\" content=\"Weiche, leichte Dreadlock-Extensions in nat\u00fcrlichen Braunt\u00f6nen, handgefertigt aus hochwertigem europ\u00e4ischem Echthaar. Realistisch, flexibel und stilvoll. Daddy Dreads Studio.\" \/>\n<meta name=\"robots\" content=\"index, follow, max-snippet:-1, max-image-preview:large, max-video-preview:-1\" \/>\n<link rel=\"canonical\" href=\"https:\/\/daddydread.com\/de\/produkt\/naturhaar-dreadlocks-in-brauntoenen\/\" \/>\n<meta property=\"og:locale\" content=\"de_DE\" \/>\n<meta property=\"og:type\" content=\"article\" \/>\n<meta property=\"og:title\" content=\"Naturhaar-Dreadlocks in Braunt\u00f6nen - Handgefertigt\" \/>\n<meta property=\"og:description\" content=\"Weiche, leichte Dreadlock-Extensions in nat\u00fcrlichen Braunt\u00f6nen, handgefertigt aus hochwertigem europ\u00e4ischem Echthaar. Realistisch, flexibel und stilvoll. Daddy Dreads Studio.\" \/>\n<meta property=\"og:url\" content=\"https:\/\/daddydread.com\/de\/produkt\/naturhaar-dreadlocks-in-brauntoenen\/\" \/>\n<meta property=\"og:site_name\" content=\"Daddy Dreads\" \/>\n<meta property=\"article:modified_time\" content=\"2026-01-16T14:22:02+00:00\" \/>\n<meta property=\"og:image\" content=\"https:\/\/daddydread.com\/wp-content\/uploads\/2025\/01\/001-619x800.jpg\" \/>\n\t<meta property=\"og:image:width\" content=\"619\" \/>\n\t<meta property=\"og:image:height\" content=\"800\" \/>\n\t<meta property=\"og:image:type\" content=\"image\/jpeg\" \/>\n<meta name=\"twitter:card\" content=\"summary_large_image\" \/>\n<meta name=\"twitter:label1\" content=\"Gesch\u00e4tzte Lesezeit\" \/>\n\t<meta name=\"twitter:data1\" content=\"3\u00a0Minuten\" \/>\n<script type=\"application\/ld+json\" class=\"yoast-schema-graph\">{\"@context\":\"https:\/\/schema.org\",\"@graph\":[{\"@type\":\"WebPage\",\"@id\":\"https:\/\/daddydread.com\/de\/produkt\/naturhaar-dreadlocks-in-brauntoenen\/\",\"url\":\"https:\/\/daddydread.com\/de\/produkt\/naturhaar-dreadlocks-in-brauntoenen\/\",\"name\":\"Naturhaar-Dreadlocks in Braunt\u00f6nen - Handgefertigt\",\"isPartOf\":{\"@id\":\"https:\/\/daddydread.com\/de\/#website\"},\"primaryImageOfPage\":{\"@id\":\"https:\/\/daddydread.com\/de\/produkt\/naturhaar-dreadlocks-in-brauntoenen\/#primaryimage\"},\"image\":{\"@id\":\"https:\/\/daddydread.com\/de\/produkt\/naturhaar-dreadlocks-in-brauntoenen\/#primaryimage\"},\"thumbnailUrl\":\"https:\/\/daddydread.com\/wp-content\/uploads\/2025\/01\/001.jpg\",\"datePublished\":\"2025-01-10T22:45:56+00:00\",\"dateModified\":\"2026-01-16T14:22:02+00:00\",\"description\":\"Weiche, leichte Dreadlock-Extensions in nat\u00fcrlichen Braunt\u00f6nen, handgefertigt aus hochwertigem europ\u00e4ischem Echthaar. Realistisch, flexibel und stilvoll. Daddy Dreads Studio.\",\"breadcrumb\":{\"@id\":\"https:\/\/daddydread.com\/de\/produkt\/naturhaar-dreadlocks-in-brauntoenen\/#breadcrumb\"},\"inLanguage\":\"de\",\"potentialAction\":[{\"@type\":\"ReadAction\",\"target\":[\"https:\/\/daddydread.com\/de\/produkt\/naturhaar-dreadlocks-in-brauntoenen\/\"]}]},{\"@type\":\"ImageObject\",\"inLanguage\":\"de\",\"@id\":\"https:\/\/daddydread.com\/de\/produkt\/naturhaar-dreadlocks-in-brauntoenen\/#primaryimage\",\"url\":\"https:\/\/daddydread.com\/wp-content\/uploads\/2025\/01\/001.jpg\",\"contentUrl\":\"https:\/\/daddydread.com\/wp-content\/uploads\/2025\/01\/001.jpg\",\"width\":1980,\"height\":2560,\"caption\":\"Natural Hair Dreadlocks in Shades of Brown\"},{\"@type\":\"BreadcrumbList\",\"@id\":\"https:\/\/daddydread.com\/de\/produkt\/naturhaar-dreadlocks-in-brauntoenen\/#breadcrumb\",\"itemListElement\":[{\"@type\":\"ListItem\",\"position\":1,\"name\":\"\u0413\u043b\u0430\u0432\u043d\u0430\u044f \u0441\u0442\u0440\u0430\u043d\u0438\u0446\u0430\",\"item\":\"https:\/\/daddydread.com\/de\/\"},{\"@type\":\"ListItem\",\"position\":2,\"name\":\"Dreadlocks Shop\",\"item\":\"https:\/\/daddydread.com\/de\/shop\/\"},{\"@type\":\"ListItem\",\"position\":3,\"name\":\"Naturhaar-Dreadlocks in Braunt\u00f6nen\"}]},{\"@type\":\"WebSite\",\"@id\":\"https:\/\/daddydread.com\/de\/#website\",\"url\":\"https:\/\/daddydread.com\/de\/\",\"name\":\"Daddy Dreads\",\"description\":\"Dreadlocks shop\",\"potentialAction\":[{\"@type\":\"SearchAction\",\"target\":{\"@type\":\"EntryPoint\",\"urlTemplate\":\"https:\/\/daddydread.com\/de\/?s={search_term_string}\"},\"query-input\":\"required name=search_term_string\"}],\"inLanguage\":\"de\"}]}<\/script>\n<!-- \/ Yoast SEO plugin. -->","yoast_head_json":{"title":"Naturhaar-Dreadlocks in Braunt\u00f6nen - Handgefertigt","description":"Weiche, leichte Dreadlock-Extensions in nat\u00fcrlichen Braunt\u00f6nen, handgefertigt aus hochwertigem europ\u00e4ischem Echthaar. Realistisch, flexibel und stilvoll. Daddy Dreads Studio.","robots":{"index":"index","follow":"follow","max-snippet":"max-snippet:-1","max-image-preview":"max-image-preview:large","max-video-preview":"max-video-preview:-1"},"canonical":"https:\/\/daddydread.com\/de\/produkt\/naturhaar-dreadlocks-in-brauntoenen\/","og_locale":"de_DE","og_type":"article","og_title":"Naturhaar-Dreadlocks in Braunt\u00f6nen - Handgefertigt","og_description":"Weiche, leichte Dreadlock-Extensions in nat\u00fcrlichen Braunt\u00f6nen, handgefertigt aus hochwertigem europ\u00e4ischem Echthaar. Realistisch, flexibel und stilvoll. Daddy Dreads Studio.","og_url":"https:\/\/daddydread.com\/de\/produkt\/naturhaar-dreadlocks-in-brauntoenen\/","og_site_name":"Daddy Dreads","article_modified_time":"2026-01-16T14:22:02+00:00","og_image":[{"width":619,"height":800,"url":"https:\/\/daddydread.com\/wp-content\/uploads\/2025\/01\/001-619x800.jpg","type":"image\/jpeg"}],"twitter_card":"summary_large_image","twitter_misc":{"Gesch\u00e4tzte Lesezeit":"3\u00a0Minuten"},"schema":{"@context":"https:\/\/schema.org","@graph":[{"@type":"WebPage","@id":"https:\/\/daddydread.com\/de\/produkt\/naturhaar-dreadlocks-in-brauntoenen\/","url":"https:\/\/daddydread.com\/de\/produkt\/naturhaar-dreadlocks-in-brauntoenen\/","name":"Naturhaar-Dreadlocks in Braunt\u00f6nen - Handgefertigt","isPartOf":{"@id":"https:\/\/daddydread.com\/de\/#website"},"primaryImageOfPage":{"@id":"https:\/\/daddydread.com\/de\/produkt\/naturhaar-dreadlocks-in-brauntoenen\/#primaryimage"},"image":{"@id":"https:\/\/daddydread.com\/de\/produkt\/naturhaar-dreadlocks-in-brauntoenen\/#primaryimage"},"thumbnailUrl":"https:\/\/daddydread.com\/wp-content\/uploads\/2025\/01\/001.jpg","datePublished":"2025-01-10T22:45:56+00:00","dateModified":"2026-01-16T14:22:02+00:00","description":"Weiche, leichte Dreadlock-Extensions in nat\u00fcrlichen Braunt\u00f6nen, handgefertigt aus hochwertigem europ\u00e4ischem Echthaar. Realistisch, flexibel und stilvoll. Daddy Dreads Studio.","breadcrumb":{"@id":"https:\/\/daddydread.com\/de\/produkt\/naturhaar-dreadlocks-in-brauntoenen\/#breadcrumb"},"inLanguage":"de","potentialAction":[{"@type":"ReadAction","target":["https:\/\/daddydread.com\/de\/produkt\/naturhaar-dreadlocks-in-brauntoenen\/"]}]},{"@type":"ImageObject","inLanguage":"de","@id":"https:\/\/daddydread.com\/de\/produkt\/naturhaar-dreadlocks-in-brauntoenen\/#primaryimage","url":"https:\/\/daddydread.com\/wp-content\/uploads\/2025\/01\/001.jpg","contentUrl":"https:\/\/daddydread.com\/wp-content\/uploads\/2025\/01\/001.jpg","width":1980,"height":2560,"caption":"Natural Hair Dreadlocks in Shades of Brown"},{"@type":"BreadcrumbList","@id":"https:\/\/daddydread.com\/de\/produkt\/naturhaar-dreadlocks-in-brauntoenen\/#breadcrumb","itemListElement":[{"@type":"ListItem","position":1,"name":"\u0413\u043b\u0430\u0432\u043d\u0430\u044f \u0441\u0442\u0440\u0430\u043d\u0438\u0446\u0430","item":"https:\/\/daddydread.com\/de\/"},{"@type":"ListItem","position":2,"name":"Dreadlocks Shop","item":"https:\/\/daddydread.com\/de\/shop\/"},{"@type":"ListItem","position":3,"name":"Naturhaar-Dreadlocks in Braunt\u00f6nen"}]},{"@type":"WebSite","@id":"https:\/\/daddydread.com\/de\/#website","url":"https:\/\/daddydread.com\/de\/","name":"Daddy Dreads","description":"Dreadlocks shop","potentialAction":[{"@type":"SearchAction","target":{"@type":"EntryPoint","urlTemplate":"https:\/\/daddydread.com\/de\/?s={search_term_string}"},"query-input":"required name=search_term_string"}],"inLanguage":"de"}]}},"jetpack_sharing_enabled":true,"_links":{"self":[{"href":"https:\/\/daddydread.com\/de\/wp-json\/wp\/v2\/product\/44226","targetHints":{"allow":["GET"]}}],"collection":[{"href":"https:\/\/daddydread.com\/de\/wp-json\/wp\/v2\/product"}],"about":[{"href":"https:\/\/daddydread.com\/de\/wp-json\/wp\/v2\/types\/product"}],"replies":[{"embeddable":true,"href":"https:\/\/daddydread.com\/de\/wp-json\/wp\/v2\/comments?post=44226"}],"wp:featuredmedia":[{"embeddable":true,"href":"https:\/\/daddydread.com\/de\/wp-json\/wp\/v2\/media\/44407"}],"wp:attachment":[{"href":"https:\/\/daddydread.com\/de\/wp-json\/wp\/v2\/media?parent=44226"}],"wp:term":[{"taxonomy":"product_brand","embeddable":true,"href":"https:\/\/daddydread.com\/de\/wp-json\/wp\/v2\/product_brand?post=44226"},{"taxonomy":"product_cat","embeddable":true,"href":"https:\/\/daddydread.com\/de\/wp-json\/wp\/v2\/product_cat?post=44226"},{"taxonomy":"product_tag","embeddable":true,"href":"https:\/\/daddydread.com\/de\/wp-json\/wp\/v2\/product_tag?post=44226"}],"curies":[{"name":"wp","href":"https:\/\/api.w.org\/{rel}","templated":true}]}}