{"id":43763,"date":"2024-12-17T21:20:51","date_gmt":"2024-12-17T18:20:51","guid":{"rendered":"https:\/\/daddydread.com\/?post_type=product&#038;p=43763"},"modified":"2026-02-27T23:22:07","modified_gmt":"2026-02-27T20:22:07","slug":"aschgraue-echthaar-dreadlocks-mischfarben-1b11-11","status":"publish","type":"product","link":"https:\/\/daddydread.com\/de\/produkt\/aschgraue-echthaar-dreadlocks-mischfarben-1b11-11\/","title":{"rendered":"Aschgraue Echthaar-Dreadlocks (Mischfarben 1B+11.11)"},"content":{"rendered":"<p>Diese Dreadlocks sind nicht nur ein Accessoire, sie sind ein kleines Kunstwerk, das ich mit viel Herz und Liebe zum Detail geschaffen habe. Jede Str\u00e4hne, die du siehst, ist aus hochwertigem, nat\u00fcrlichem Echthaar gefertigt. Warum das so ist? Weil ich glaube, dass nat\u00fcrliche Materialien die Sch\u00f6nheit und Nat\u00fcrlichkeit von Dreadlocks am besten zur Geltung bringen. Sie sind weich, leicht und f\u00fchlen sich so angenehm an, dass du vergessen wirst, dass es nicht dein eigenes Haar ist.<\/p>\n<p>Ich habe besonders auf die Dicke der Dreadlocks geachtet, damit sie harmonisch und ordentlich aussehen. Jede Str\u00e4hne ist zwischen 0,8 mm und 1 cm dick, wodurch sie sowohl geschmeidig als auch volumin\u00f6s sind. Diese Gr\u00f6\u00dfe ist perfekt, um einen nat\u00fcrlichen Look zu kreieren, der stilvoll und unaufdringlich wirkt.<\/p>\n<p>Die Farbe dieser Dreadlocks ist mein ganz besonderer Stolz. Ich habe diesen erstaunlichen Farbton von Hand erreicht, indem ich verschiedene nat\u00fcrliche Schattierungen von Echthaar gemischt habe. Jede Str\u00e4hne ist das Ergebnis sorgf\u00e4ltiger Arbeit, bei der ich eine tiefdunkle 1B-Farbe und ein k\u00fchles Aschblond miteinander kombiniert habe. Dieser Prozess erforderte Zeit und Aufmerksamkeit, um genau das Ergebnis zu erzielen, das Sie sehen: eine sanfte, lebendige Farbe, die nat\u00fcrlich und teuer aussieht. Die gewellten blonden Spitzen sorgen f\u00fcr Leichtigkeit und Bewegung und verleihen dem Haar einen nat\u00fcrlichen und weichen Effekt.<\/p>\n<p>Die Farbe dieser Dreadlocks ist mein ganz besonderer Stolz. Ich habe diesen erstaunlichen Farbton von Hand erreicht, indem ich verschiedene nat\u00fcrliche Farbt\u00f6ne von Echthaar gemischt habe. Jede Str\u00e4hne ist das Ergebnis eines sorgf\u00e4ltigen Prozesses, bei dem ich eine tiefdunkle 1B-Farbe und ein k\u00fchles Aschblond miteinander kombiniert habe. Dieser Prozess erforderte Zeit und Aufmerksamkeit, um genau das Ergebnis zu erzielen, das Sie sehen: eine sanfte, lebendige Farbe, die nat\u00fcrlich und teuer aussieht. Die gewellten blonden Spitzen sorgen f\u00fcr Leichtigkeit und Bewegung und verleihen dem Haar einen nat\u00fcrlichen und weichen Effekt.<\/p>\n<p>Die Verzierungen auf den Str\u00e4hnen sind von mir handverlesen. Jede Perle, jede Str\u00e4hne ist ein Element, das die Dreadlocks einzigartig macht, genau wie ihre zuk\u00fcnftige Besitzerin. M\u00f6chtest du etwas Eigenes hinzuf\u00fcgen? Du bist herzlich willkommen! Dreadlocks sind Freiheit, sie sind eine Kunst, die mit dir ver\u00e4ndert und perfektioniert werden kann.<\/p>\n<p>Der gesamte Entstehungsprozess &#8211; von der ersten Str\u00e4hne bis zum letzten Schliff &#8211; nimmt viel Zeit in Anspruch, aber f\u00fcr mich ist es nicht nur Arbeit. Es ist Kreativit\u00e4t. Es ist meine Chance, Ihnen einen Stil zu geben, der Ihre Pers\u00f6nlichkeit unterstreicht und Sie so aussehen l\u00e4sst, wie Sie es sich immer ertr\u00e4umt haben. Ich flechte nicht nur Dreadlocks, ich kreiere Looks, die inspirieren.<\/p>\n<h2>Was bekommst du?<\/h2>\n<ul>\n<li>Dreadlocks, handgefertigt aus hochwertigem Naturhaar.<\/li>\n<li>Jede Str\u00e4hne ist 0,8 mm bis 1 cm dick und bietet die perfekte Balance zwischen Volumen und Anmut.<\/li>\n<li>Einzigartige Farbe, die von Hand durch Mischen nat\u00fcrlicher Haarfarben kreiert wurde: tiefes 1B und Aschblond.<\/li>\n<li>Weich, leicht und angenehm zu tragen.<\/li>\n<li>Stilvolle Verzierungen und durchdachtes Design.<\/li>\n<li>Eine Gelegenheit, mich ohne Worte auszudr\u00fccken.<\/li>\n<\/ul>\n<p>Jedes Mal, wenn ich neue Dreadlocks fertig stelle, stelle ich mir vor, wie jemand sein Paket \u00f6ffnet, l\u00e4chelt und sie zum ersten Mal anprobiert. Das ist ein magischer Moment, und er wartet auch auf dich. Diese Dreadlocks sind nicht einfach nur Str\u00e4hnen, sie sind ein St\u00fcck meiner Kreativit\u00e4t und Liebe zum Detail, das nun Teil deiner Geschichte werden kann.<\/p>\n<p>Wenn du das Gef\u00fchl hast, dass dies genau das ist, wonach du gesucht hast &#8211; z\u00f6gere nicht. Schreiben Sie mir eine E-Mail und lassen Sie uns gemeinsam etwas Unglaubliches schaffen. \u2728<\/p>\n","protected":false},"excerpt":{"rendered":"<p>Naturhaar-Dreadlocks in Premiumqualit\u00e4t, Dicke 0,8 mm-1 cm. Einzigartige Farbe, handgemischt aus Nuancen von 1B und Aschblond. Weich, leicht, mit gewellten Enden und stilvoller Dekoration.<\/p>\n","protected":false},"featured_media":43926,"comment_status":"open","ping_status":"closed","template":"","meta":{"_acf_changed":false},"product_brand":[],"product_cat":[253],"product_tag":[],"class_list":{"0":"post-43763","1":"product","2":"type-product","3":"status-publish","4":"has-post-thumbnail","6":"product_cat-natuerliche-dreadlocks","8":"first","9":"instock","10":"shipping-taxable","11":"purchasable","12":"product-type-variable"},"acf":[],"yoast_head":"<!-- This site is optimized with the Yoast SEO plugin v22.3 - https:\/\/yoast.com\/wordpress\/plugins\/seo\/ -->\n<title>Premium-Echthaar-Dreadlocks - Aschgrauer Stil<\/title>\n<meta name=\"description\" content=\"Entdecken Sie Premium-Echthaar-Dreadlocks in einem einzigartigen aschgrauen Farbton. Weich, leicht und stilvoll mit gewellten Enden und handverlesenen Perlen.\" \/>\n<meta name=\"robots\" content=\"index, follow, max-snippet:-1, max-image-preview:large, max-video-preview:-1\" \/>\n<link rel=\"canonical\" href=\"https:\/\/daddydread.com\/de\/produkt\/aschgraue-echthaar-dreadlocks-mischfarben-1b11-11\/\" \/>\n<meta property=\"og:locale\" content=\"de_DE\" \/>\n<meta property=\"og:type\" content=\"article\" \/>\n<meta property=\"og:title\" content=\"Premium-Echthaar-Dreadlocks - Aschgrauer Stil\" \/>\n<meta property=\"og:description\" content=\"Entdecken Sie Premium-Echthaar-Dreadlocks in einem einzigartigen aschgrauen Farbton. Weich, leicht und stilvoll mit gewellten Enden und handverlesenen Perlen.\" \/>\n<meta property=\"og:url\" content=\"https:\/\/daddydread.com\/de\/produkt\/aschgraue-echthaar-dreadlocks-mischfarben-1b11-11\/\" \/>\n<meta property=\"og:site_name\" content=\"Daddy Dreads\" \/>\n<meta property=\"article:modified_time\" content=\"2026-02-27T20:22:07+00:00\" \/>\n<meta property=\"og:image\" content=\"https:\/\/daddydread.com\/wp-content\/uploads\/2024\/12\/01-2-619x800.jpg\" \/>\n\t<meta property=\"og:image:width\" content=\"619\" \/>\n\t<meta property=\"og:image:height\" content=\"800\" \/>\n\t<meta property=\"og:image:type\" content=\"image\/jpeg\" \/>\n<meta name=\"twitter:card\" content=\"summary_large_image\" \/>\n<meta name=\"twitter:label1\" content=\"Gesch\u00e4tzte Lesezeit\" \/>\n\t<meta name=\"twitter:data1\" content=\"3\u00a0Minuten\" \/>\n<script type=\"application\/ld+json\" class=\"yoast-schema-graph\">{\"@context\":\"https:\/\/schema.org\",\"@graph\":[{\"@type\":\"WebPage\",\"@id\":\"https:\/\/daddydread.com\/de\/produkt\/aschgraue-echthaar-dreadlocks-mischfarben-1b11-11\/\",\"url\":\"https:\/\/daddydread.com\/de\/produkt\/aschgraue-echthaar-dreadlocks-mischfarben-1b11-11\/\",\"name\":\"Premium-Echthaar-Dreadlocks - Aschgrauer Stil\",\"isPartOf\":{\"@id\":\"https:\/\/daddydread.com\/de\/#website\"},\"primaryImageOfPage\":{\"@id\":\"https:\/\/daddydread.com\/de\/produkt\/aschgraue-echthaar-dreadlocks-mischfarben-1b11-11\/#primaryimage\"},\"image\":{\"@id\":\"https:\/\/daddydread.com\/de\/produkt\/aschgraue-echthaar-dreadlocks-mischfarben-1b11-11\/#primaryimage\"},\"thumbnailUrl\":\"https:\/\/daddydread.com\/wp-content\/uploads\/2024\/12\/01-2.jpg\",\"datePublished\":\"2024-12-17T18:20:51+00:00\",\"dateModified\":\"2026-02-27T20:22:07+00:00\",\"description\":\"Entdecken Sie Premium-Echthaar-Dreadlocks in einem einzigartigen aschgrauen Farbton. Weich, leicht und stilvoll mit gewellten Enden und handverlesenen Perlen.\",\"breadcrumb\":{\"@id\":\"https:\/\/daddydread.com\/de\/produkt\/aschgraue-echthaar-dreadlocks-mischfarben-1b11-11\/#breadcrumb\"},\"inLanguage\":\"de\",\"potentialAction\":[{\"@type\":\"ReadAction\",\"target\":[\"https:\/\/daddydread.com\/de\/produkt\/aschgraue-echthaar-dreadlocks-mischfarben-1b11-11\/\"]}]},{\"@type\":\"ImageObject\",\"inLanguage\":\"de\",\"@id\":\"https:\/\/daddydread.com\/de\/produkt\/aschgraue-echthaar-dreadlocks-mischfarben-1b11-11\/#primaryimage\",\"url\":\"https:\/\/daddydread.com\/wp-content\/uploads\/2024\/12\/01-2.jpg\",\"contentUrl\":\"https:\/\/daddydread.com\/wp-content\/uploads\/2024\/12\/01-2.jpg\",\"width\":1980,\"height\":2560,\"caption\":\"Ash Grey Natural Human Hair Dreadlocks\"},{\"@type\":\"BreadcrumbList\",\"@id\":\"https:\/\/daddydread.com\/de\/produkt\/aschgraue-echthaar-dreadlocks-mischfarben-1b11-11\/#breadcrumb\",\"itemListElement\":[{\"@type\":\"ListItem\",\"position\":1,\"name\":\"\u0413\u043b\u0430\u0432\u043d\u0430\u044f \u0441\u0442\u0440\u0430\u043d\u0438\u0446\u0430\",\"item\":\"https:\/\/daddydread.com\/de\/\"},{\"@type\":\"ListItem\",\"position\":2,\"name\":\"Dreadlocks Shop\",\"item\":\"https:\/\/daddydread.com\/de\/shop\/\"},{\"@type\":\"ListItem\",\"position\":3,\"name\":\"Aschgraue Echthaar-Dreadlocks (Mischfarben 1B+11.11)\"}]},{\"@type\":\"WebSite\",\"@id\":\"https:\/\/daddydread.com\/de\/#website\",\"url\":\"https:\/\/daddydread.com\/de\/\",\"name\":\"Daddy Dreads\",\"description\":\"Dreadlocks shop\",\"potentialAction\":[{\"@type\":\"SearchAction\",\"target\":{\"@type\":\"EntryPoint\",\"urlTemplate\":\"https:\/\/daddydread.com\/de\/?s={search_term_string}\"},\"query-input\":\"required name=search_term_string\"}],\"inLanguage\":\"de\"}]}<\/script>\n<!-- \/ Yoast SEO plugin. -->","yoast_head_json":{"title":"Premium-Echthaar-Dreadlocks - Aschgrauer Stil","description":"Entdecken Sie Premium-Echthaar-Dreadlocks in einem einzigartigen aschgrauen Farbton. Weich, leicht und stilvoll mit gewellten Enden und handverlesenen Perlen.","robots":{"index":"index","follow":"follow","max-snippet":"max-snippet:-1","max-image-preview":"max-image-preview:large","max-video-preview":"max-video-preview:-1"},"canonical":"https:\/\/daddydread.com\/de\/produkt\/aschgraue-echthaar-dreadlocks-mischfarben-1b11-11\/","og_locale":"de_DE","og_type":"article","og_title":"Premium-Echthaar-Dreadlocks - Aschgrauer Stil","og_description":"Entdecken Sie Premium-Echthaar-Dreadlocks in einem einzigartigen aschgrauen Farbton. Weich, leicht und stilvoll mit gewellten Enden und handverlesenen Perlen.","og_url":"https:\/\/daddydread.com\/de\/produkt\/aschgraue-echthaar-dreadlocks-mischfarben-1b11-11\/","og_site_name":"Daddy Dreads","article_modified_time":"2026-02-27T20:22:07+00:00","og_image":[{"width":619,"height":800,"url":"https:\/\/daddydread.com\/wp-content\/uploads\/2024\/12\/01-2-619x800.jpg","type":"image\/jpeg"}],"twitter_card":"summary_large_image","twitter_misc":{"Gesch\u00e4tzte Lesezeit":"3\u00a0Minuten"},"schema":{"@context":"https:\/\/schema.org","@graph":[{"@type":"WebPage","@id":"https:\/\/daddydread.com\/de\/produkt\/aschgraue-echthaar-dreadlocks-mischfarben-1b11-11\/","url":"https:\/\/daddydread.com\/de\/produkt\/aschgraue-echthaar-dreadlocks-mischfarben-1b11-11\/","name":"Premium-Echthaar-Dreadlocks - Aschgrauer Stil","isPartOf":{"@id":"https:\/\/daddydread.com\/de\/#website"},"primaryImageOfPage":{"@id":"https:\/\/daddydread.com\/de\/produkt\/aschgraue-echthaar-dreadlocks-mischfarben-1b11-11\/#primaryimage"},"image":{"@id":"https:\/\/daddydread.com\/de\/produkt\/aschgraue-echthaar-dreadlocks-mischfarben-1b11-11\/#primaryimage"},"thumbnailUrl":"https:\/\/daddydread.com\/wp-content\/uploads\/2024\/12\/01-2.jpg","datePublished":"2024-12-17T18:20:51+00:00","dateModified":"2026-02-27T20:22:07+00:00","description":"Entdecken Sie Premium-Echthaar-Dreadlocks in einem einzigartigen aschgrauen Farbton. Weich, leicht und stilvoll mit gewellten Enden und handverlesenen Perlen.","breadcrumb":{"@id":"https:\/\/daddydread.com\/de\/produkt\/aschgraue-echthaar-dreadlocks-mischfarben-1b11-11\/#breadcrumb"},"inLanguage":"de","potentialAction":[{"@type":"ReadAction","target":["https:\/\/daddydread.com\/de\/produkt\/aschgraue-echthaar-dreadlocks-mischfarben-1b11-11\/"]}]},{"@type":"ImageObject","inLanguage":"de","@id":"https:\/\/daddydread.com\/de\/produkt\/aschgraue-echthaar-dreadlocks-mischfarben-1b11-11\/#primaryimage","url":"https:\/\/daddydread.com\/wp-content\/uploads\/2024\/12\/01-2.jpg","contentUrl":"https:\/\/daddydread.com\/wp-content\/uploads\/2024\/12\/01-2.jpg","width":1980,"height":2560,"caption":"Ash Grey Natural Human Hair Dreadlocks"},{"@type":"BreadcrumbList","@id":"https:\/\/daddydread.com\/de\/produkt\/aschgraue-echthaar-dreadlocks-mischfarben-1b11-11\/#breadcrumb","itemListElement":[{"@type":"ListItem","position":1,"name":"\u0413\u043b\u0430\u0432\u043d\u0430\u044f \u0441\u0442\u0440\u0430\u043d\u0438\u0446\u0430","item":"https:\/\/daddydread.com\/de\/"},{"@type":"ListItem","position":2,"name":"Dreadlocks Shop","item":"https:\/\/daddydread.com\/de\/shop\/"},{"@type":"ListItem","position":3,"name":"Aschgraue Echthaar-Dreadlocks (Mischfarben 1B+11.11)"}]},{"@type":"WebSite","@id":"https:\/\/daddydread.com\/de\/#website","url":"https:\/\/daddydread.com\/de\/","name":"Daddy Dreads","description":"Dreadlocks shop","potentialAction":[{"@type":"SearchAction","target":{"@type":"EntryPoint","urlTemplate":"https:\/\/daddydread.com\/de\/?s={search_term_string}"},"query-input":"required name=search_term_string"}],"inLanguage":"de"}]}},"jetpack_sharing_enabled":true,"_links":{"self":[{"href":"https:\/\/daddydread.com\/de\/wp-json\/wp\/v2\/product\/43763","targetHints":{"allow":["GET"]}}],"collection":[{"href":"https:\/\/daddydread.com\/de\/wp-json\/wp\/v2\/product"}],"about":[{"href":"https:\/\/daddydread.com\/de\/wp-json\/wp\/v2\/types\/product"}],"replies":[{"embeddable":true,"href":"https:\/\/daddydread.com\/de\/wp-json\/wp\/v2\/comments?post=43763"}],"wp:featuredmedia":[{"embeddable":true,"href":"https:\/\/daddydread.com\/de\/wp-json\/wp\/v2\/media\/43926"}],"wp:attachment":[{"href":"https:\/\/daddydread.com\/de\/wp-json\/wp\/v2\/media?parent=43763"}],"wp:term":[{"taxonomy":"product_brand","embeddable":true,"href":"https:\/\/daddydread.com\/de\/wp-json\/wp\/v2\/product_brand?post=43763"},{"taxonomy":"product_cat","embeddable":true,"href":"https:\/\/daddydread.com\/de\/wp-json\/wp\/v2\/product_cat?post=43763"},{"taxonomy":"product_tag","embeddable":true,"href":"https:\/\/daddydread.com\/de\/wp-json\/wp\/v2\/product_tag?post=43763"}],"curies":[{"name":"wp","href":"https:\/\/api.w.org\/{rel}","templated":true}]}}