{"id":43314,"date":"2024-12-13T19:36:51","date_gmt":"2024-12-13T16:36:51","guid":{"rendered":"https:\/\/daddydread.com\/?post_type=product&#038;p=43314"},"modified":"2026-01-16T23:07:27","modified_gmt":"2026-01-16T20:07:27","slug":"texturierte-menschliche-dreadlocks-in-braun-bis-blondtoenen","status":"publish","type":"product","link":"https:\/\/daddydread.com\/de\/produkt\/texturierte-menschliche-dreadlocks-in-braun-bis-blondtoenen\/","title":{"rendered":"Texturierte menschliche Dreadlocks in Braun- bis Blondt\u00f6nen"},"content":{"rendered":"<p>Diese nat\u00fcrlichen, strukturierten Dreadlocks sind aus hochwertigem europ\u00e4ischem Echthaar gefertigt und weisen einen weichen, nat\u00fcrlichen Farbverlauf von sattem Braun bis zu warmem Blond auf. Ihre einzigartige Textur, die mit einer speziellen Technik hergestellt wird, \u00e4hnelt Baumwurzeln und verleiht deinem Look eine k\u00fchne und organische \u00c4sthetik. Diese erdige Farbpalette in Kombination mit dem strukturierten Design unterstreicht Ihre Individualit\u00e4t und bietet ein authentisches, nat\u00fcrliches Aussehen.<\/p>\n<p>Jede Dreadlock ist unglaublich weich, leicht und flexibel, was eine nat\u00fcrliche Bewegung und ein m\u00fcheloses Styling erm\u00f6glicht. Die Dreadlocks sind zwischen 0,8 und 1 cm dick und haben an den Enden 11-15 cm loses Haar, das f\u00fcr zus\u00e4tzliche Vielseitigkeit sorgt. Gegen einen geringen Aufpreis k\u00f6nnen wir auch stumpfe Enden nach Ihren W\u00fcnschen anfertigen.<\/p>\n<p>Das Set auf dem Foto enth\u00e4lt 30 einzelne Dreadlocks, die von den geschickten K\u00fcnstlern des Daddy Dreads Studio in sorgf\u00e4ltiger Handarbeit hergestellt werden. Diese strukturierten Dreadlocks ahmen das Aussehen von reifen, naturbelassenen Locken nach und verleihen dir ein sofortiges, authentisches Aussehen. Diese Dreadlocks werden aus hochwertigem slawischen Haar hergestellt, das f\u00fcr seine Weichheit und Leichtigkeit bekannt ist und sich unglaublich angenehm anf\u00fchlt.<\/p>\n<p>Das Besondere an diesen Dreadlocks ist die\u00a0<a href=\"https:\/\/daddydread.com\/de\/akademie\/\"><strong>spezielle Technik<\/strong><\/a>, mit der sie hergestellt werden und die der Struktur von gealterten, nat\u00fcrlichen Dreadlocks sehr \u00e4hnlich ist. Die Textur spiegelt die Struktur von Baumwurzeln wider, was sie nicht nur optisch beeindruckend, sondern auch sehr charaktervoll macht. Diese Technik l\u00e4sst die Dreadlocks so aussehen, als ob sie sich im Laufe der Zeit nat\u00fcrlich entwickelt h\u00e4tten, was ihre Authentizit\u00e4t und Tiefe verst\u00e4rkt.<\/p>\n<p>Wer sich f\u00fcr strukturierte Dreadlocks entscheidet, entscheidet sich f\u00fcr ein Accessoire, das Kunstfertigkeit und nat\u00fcrliche Sch\u00f6nheit vereint. Mit ihrem unverwechselbaren wurzel\u00e4hnlichen Design sehen sie aus, als w\u00fcrden Sie sie schon seit Jahren tragen. Mach dich auf Bewunderung gefasst &#8211; diese Dreadlocks strahlen zeitlosen Charme aus und unterstreichen deine nat\u00fcrliche Einzigartigkeit. Jedes Set wird mit Liebe und Sorgfalt hergestellt, als ob es f\u00fcr einen engen Freund angefertigt worden w\u00e4re.<\/p>\n<p>Unsere Leidenschaft f\u00fcr die Kreation au\u00dfergew\u00f6hnlicher Dreadlocks geht einher mit unserem Engagement f\u00fcr herausragende Qualit\u00e4t. Diese Dreadlocks haben eine sanfte Welle an den Enden, die nach Belieben gestylt werden k\u00f6nnen &#8211; glatt oder gelockt f\u00fcr einen individuellen Look.<\/p>\n<h2><strong>Texturierte Dreadlocks: Dein einzigartiger Stil<\/strong><\/h2>\n<p>Mit diesen strukturierten Dreadlocks erzielst du einen Look, der deine Individualit\u00e4t unterstreicht. Die spezielle Technik, die wir verwenden, erzeugt eine Textur, die an Baumwurzeln erinnert und eine organische, erdige \u00c4sthetik bietet. Dieses Design unterstreicht deine nat\u00fcrliche Sch\u00f6nheit und verleiht dir ein m\u00fchelos authentisches Aussehen.<\/p>\n<h3><strong>Willst du einen individuellen Farbton?<\/strong><\/h3>\n<p>Wenn diese Mischung aus Braun und Blond nicht genau das ist, was Sie suchen, helfen wir Ihnen gerne weiter. Kontaktieren Sie uns unter <a href=\"mailto:daniladaddydread@gmail.com\">daniladaddydread@gmail.com<\/a>\u00a0oder senden Sie uns eine Nachricht auf Facebook Messenger, und wir werden mit Ihnen zusammenarbeiten, um den perfekten Farbton zu kreieren.<\/p>\n<h3><strong>Pflegehinweise f\u00fcr strukturierte Naturhaar-Dreadlocks:<\/strong><\/h3>\n<ul>\n<li>Waschen Sie Ihr Haar wie normales Haar und verwenden Sie Shampoos, die keine Weichmacher oder Gl\u00e4ttungsstoffe enthalten. Vermeiden Sie Conditioner.<\/li>\n<li>Pflegen Sie die Spitzen mit weichmachenden Masken oder Behandlungen, genau wie bei nat\u00fcrlichem Haar.<\/li>\n<li>Wenn sich deine Dreadlocks zu lockern beginnen, rollst du sie nach dem Trocknen zwischen deinen Handfl\u00e4chen. Vermeide es, dies in nassem Zustand zu tun, da sie dadurch dichter und d\u00fcnner werden k\u00f6nnen.<\/li>\n<\/ul>\n<p>Mit freundlichen Gr\u00fc\u00dfen,<br \/>\nDanila Deryabin, Gr\u00fcnderin von Daddy Dreads<\/p>\n","protected":false},"excerpt":{"rendered":"<p>Strukturierte Dreadlocks aus hochwertigem europ\u00e4ischem Echthaar imitieren die Struktur gealterter nat\u00fcrlicher Locken, die an Baumwurzeln erinnern. Sie sind weich, leicht und flexibel und weisen einen nat\u00fcrlichen Braun-Blond-Verlauf auf. Die Dicke betr\u00e4gt 0,8-1 cm und die losen Enden sind 11-15 cm lang und lassen sich vielseitig stylen.<\/p>\n","protected":false},"featured_media":43637,"comment_status":"open","ping_status":"closed","template":"","meta":{"_acf_changed":false},"product_brand":[],"product_cat":[253],"product_tag":[],"class_list":{"0":"post-43314","1":"product","2":"type-product","3":"status-publish","4":"has-post-thumbnail","6":"product_cat-natuerliche-dreadlocks","8":"first","9":"instock","10":"shipping-taxable","11":"purchasable","12":"product-type-variable"},"acf":[],"yoast_head":"<!-- This site is optimized with the Yoast SEO plugin v22.3 - https:\/\/yoast.com\/wordpress\/plugins\/seo\/ -->\n<title>Texturierte nat\u00fcrliche Dreadlocks Ombre in Braun- bis Blondt\u00f6nen<\/title>\n<meta name=\"description\" content=\"Handgefertigte, strukturierte nat\u00fcrliche Dreadlocks in Braun- bis Blondt\u00f6nen. Weich, flexibel und leicht mit losen Enden f\u00fcr vielseitige Stylingm\u00f6glichkeiten.\" \/>\n<meta name=\"robots\" content=\"index, follow, max-snippet:-1, max-image-preview:large, max-video-preview:-1\" \/>\n<link rel=\"canonical\" href=\"https:\/\/daddydread.com\/de\/produkt\/texturierte-menschliche-dreadlocks-in-braun-bis-blondtoenen\/\" \/>\n<meta property=\"og:locale\" content=\"de_DE\" \/>\n<meta property=\"og:type\" content=\"article\" \/>\n<meta property=\"og:title\" content=\"Texturierte nat\u00fcrliche Dreadlocks Ombre in Braun- bis Blondt\u00f6nen\" \/>\n<meta property=\"og:description\" content=\"Handgefertigte, strukturierte nat\u00fcrliche Dreadlocks in Braun- bis Blondt\u00f6nen. Weich, flexibel und leicht mit losen Enden f\u00fcr vielseitige Stylingm\u00f6glichkeiten.\" \/>\n<meta property=\"og:url\" content=\"https:\/\/daddydread.com\/de\/produkt\/texturierte-menschliche-dreadlocks-in-braun-bis-blondtoenen\/\" \/>\n<meta property=\"og:site_name\" content=\"Daddy Dreads\" \/>\n<meta property=\"article:modified_time\" content=\"2026-01-16T20:07:27+00:00\" \/>\n<meta property=\"og:image\" content=\"https:\/\/daddydread.com\/wp-content\/uploads\/2024\/12\/01-619x800.jpg\" \/>\n\t<meta property=\"og:image:width\" content=\"619\" \/>\n\t<meta property=\"og:image:height\" content=\"800\" \/>\n\t<meta property=\"og:image:type\" content=\"image\/jpeg\" \/>\n<meta name=\"twitter:card\" content=\"summary_large_image\" \/>\n<meta name=\"twitter:label1\" content=\"Gesch\u00e4tzte Lesezeit\" \/>\n\t<meta name=\"twitter:data1\" content=\"3\u00a0Minuten\" \/>\n<script type=\"application\/ld+json\" class=\"yoast-schema-graph\">{\"@context\":\"https:\/\/schema.org\",\"@graph\":[{\"@type\":\"WebPage\",\"@id\":\"https:\/\/daddydread.com\/de\/produkt\/texturierte-menschliche-dreadlocks-in-braun-bis-blondtoenen\/\",\"url\":\"https:\/\/daddydread.com\/de\/produkt\/texturierte-menschliche-dreadlocks-in-braun-bis-blondtoenen\/\",\"name\":\"Texturierte nat\u00fcrliche Dreadlocks Ombre in Braun- bis Blondt\u00f6nen\",\"isPartOf\":{\"@id\":\"https:\/\/daddydread.com\/de\/#website\"},\"primaryImageOfPage\":{\"@id\":\"https:\/\/daddydread.com\/de\/produkt\/texturierte-menschliche-dreadlocks-in-braun-bis-blondtoenen\/#primaryimage\"},\"image\":{\"@id\":\"https:\/\/daddydread.com\/de\/produkt\/texturierte-menschliche-dreadlocks-in-braun-bis-blondtoenen\/#primaryimage\"},\"thumbnailUrl\":\"https:\/\/daddydread.com\/wp-content\/uploads\/2024\/12\/01.jpg\",\"datePublished\":\"2024-12-13T16:36:51+00:00\",\"dateModified\":\"2026-01-16T20:07:27+00:00\",\"description\":\"Handgefertigte, strukturierte nat\u00fcrliche Dreadlocks in Braun- bis Blondt\u00f6nen. Weich, flexibel und leicht mit losen Enden f\u00fcr vielseitige Stylingm\u00f6glichkeiten.\",\"breadcrumb\":{\"@id\":\"https:\/\/daddydread.com\/de\/produkt\/texturierte-menschliche-dreadlocks-in-braun-bis-blondtoenen\/#breadcrumb\"},\"inLanguage\":\"de\",\"potentialAction\":[{\"@type\":\"ReadAction\",\"target\":[\"https:\/\/daddydread.com\/de\/produkt\/texturierte-menschliche-dreadlocks-in-braun-bis-blondtoenen\/\"]}]},{\"@type\":\"ImageObject\",\"inLanguage\":\"de\",\"@id\":\"https:\/\/daddydread.com\/de\/produkt\/texturierte-menschliche-dreadlocks-in-braun-bis-blondtoenen\/#primaryimage\",\"url\":\"https:\/\/daddydread.com\/wp-content\/uploads\/2024\/12\/01.jpg\",\"contentUrl\":\"https:\/\/daddydread.com\/wp-content\/uploads\/2024\/12\/01.jpg\",\"width\":1980,\"height\":2560,\"caption\":\"Textured Human Dreadlocks in Shades from Brown to Blonde\"},{\"@type\":\"BreadcrumbList\",\"@id\":\"https:\/\/daddydread.com\/de\/produkt\/texturierte-menschliche-dreadlocks-in-braun-bis-blondtoenen\/#breadcrumb\",\"itemListElement\":[{\"@type\":\"ListItem\",\"position\":1,\"name\":\"\u0413\u043b\u0430\u0432\u043d\u0430\u044f \u0441\u0442\u0440\u0430\u043d\u0438\u0446\u0430\",\"item\":\"https:\/\/daddydread.com\/de\/\"},{\"@type\":\"ListItem\",\"position\":2,\"name\":\"Dreadlocks Shop\",\"item\":\"https:\/\/daddydread.com\/de\/shop\/\"},{\"@type\":\"ListItem\",\"position\":3,\"name\":\"Texturierte menschliche Dreadlocks in Braun- bis Blondt\u00f6nen\"}]},{\"@type\":\"WebSite\",\"@id\":\"https:\/\/daddydread.com\/de\/#website\",\"url\":\"https:\/\/daddydread.com\/de\/\",\"name\":\"Daddy Dreads\",\"description\":\"Dreadlocks shop\",\"potentialAction\":[{\"@type\":\"SearchAction\",\"target\":{\"@type\":\"EntryPoint\",\"urlTemplate\":\"https:\/\/daddydread.com\/de\/?s={search_term_string}\"},\"query-input\":\"required name=search_term_string\"}],\"inLanguage\":\"de\"}]}<\/script>\n<!-- \/ Yoast SEO plugin. -->","yoast_head_json":{"title":"Texturierte nat\u00fcrliche Dreadlocks Ombre in Braun- bis Blondt\u00f6nen","description":"Handgefertigte, strukturierte nat\u00fcrliche Dreadlocks in Braun- bis Blondt\u00f6nen. Weich, flexibel und leicht mit losen Enden f\u00fcr vielseitige Stylingm\u00f6glichkeiten.","robots":{"index":"index","follow":"follow","max-snippet":"max-snippet:-1","max-image-preview":"max-image-preview:large","max-video-preview":"max-video-preview:-1"},"canonical":"https:\/\/daddydread.com\/de\/produkt\/texturierte-menschliche-dreadlocks-in-braun-bis-blondtoenen\/","og_locale":"de_DE","og_type":"article","og_title":"Texturierte nat\u00fcrliche Dreadlocks Ombre in Braun- bis Blondt\u00f6nen","og_description":"Handgefertigte, strukturierte nat\u00fcrliche Dreadlocks in Braun- bis Blondt\u00f6nen. Weich, flexibel und leicht mit losen Enden f\u00fcr vielseitige Stylingm\u00f6glichkeiten.","og_url":"https:\/\/daddydread.com\/de\/produkt\/texturierte-menschliche-dreadlocks-in-braun-bis-blondtoenen\/","og_site_name":"Daddy Dreads","article_modified_time":"2026-01-16T20:07:27+00:00","og_image":[{"width":619,"height":800,"url":"https:\/\/daddydread.com\/wp-content\/uploads\/2024\/12\/01-619x800.jpg","type":"image\/jpeg"}],"twitter_card":"summary_large_image","twitter_misc":{"Gesch\u00e4tzte Lesezeit":"3\u00a0Minuten"},"schema":{"@context":"https:\/\/schema.org","@graph":[{"@type":"WebPage","@id":"https:\/\/daddydread.com\/de\/produkt\/texturierte-menschliche-dreadlocks-in-braun-bis-blondtoenen\/","url":"https:\/\/daddydread.com\/de\/produkt\/texturierte-menschliche-dreadlocks-in-braun-bis-blondtoenen\/","name":"Texturierte nat\u00fcrliche Dreadlocks Ombre in Braun- bis Blondt\u00f6nen","isPartOf":{"@id":"https:\/\/daddydread.com\/de\/#website"},"primaryImageOfPage":{"@id":"https:\/\/daddydread.com\/de\/produkt\/texturierte-menschliche-dreadlocks-in-braun-bis-blondtoenen\/#primaryimage"},"image":{"@id":"https:\/\/daddydread.com\/de\/produkt\/texturierte-menschliche-dreadlocks-in-braun-bis-blondtoenen\/#primaryimage"},"thumbnailUrl":"https:\/\/daddydread.com\/wp-content\/uploads\/2024\/12\/01.jpg","datePublished":"2024-12-13T16:36:51+00:00","dateModified":"2026-01-16T20:07:27+00:00","description":"Handgefertigte, strukturierte nat\u00fcrliche Dreadlocks in Braun- bis Blondt\u00f6nen. Weich, flexibel und leicht mit losen Enden f\u00fcr vielseitige Stylingm\u00f6glichkeiten.","breadcrumb":{"@id":"https:\/\/daddydread.com\/de\/produkt\/texturierte-menschliche-dreadlocks-in-braun-bis-blondtoenen\/#breadcrumb"},"inLanguage":"de","potentialAction":[{"@type":"ReadAction","target":["https:\/\/daddydread.com\/de\/produkt\/texturierte-menschliche-dreadlocks-in-braun-bis-blondtoenen\/"]}]},{"@type":"ImageObject","inLanguage":"de","@id":"https:\/\/daddydread.com\/de\/produkt\/texturierte-menschliche-dreadlocks-in-braun-bis-blondtoenen\/#primaryimage","url":"https:\/\/daddydread.com\/wp-content\/uploads\/2024\/12\/01.jpg","contentUrl":"https:\/\/daddydread.com\/wp-content\/uploads\/2024\/12\/01.jpg","width":1980,"height":2560,"caption":"Textured Human Dreadlocks in Shades from Brown to Blonde"},{"@type":"BreadcrumbList","@id":"https:\/\/daddydread.com\/de\/produkt\/texturierte-menschliche-dreadlocks-in-braun-bis-blondtoenen\/#breadcrumb","itemListElement":[{"@type":"ListItem","position":1,"name":"\u0413\u043b\u0430\u0432\u043d\u0430\u044f \u0441\u0442\u0440\u0430\u043d\u0438\u0446\u0430","item":"https:\/\/daddydread.com\/de\/"},{"@type":"ListItem","position":2,"name":"Dreadlocks Shop","item":"https:\/\/daddydread.com\/de\/shop\/"},{"@type":"ListItem","position":3,"name":"Texturierte menschliche Dreadlocks in Braun- bis Blondt\u00f6nen"}]},{"@type":"WebSite","@id":"https:\/\/daddydread.com\/de\/#website","url":"https:\/\/daddydread.com\/de\/","name":"Daddy Dreads","description":"Dreadlocks shop","potentialAction":[{"@type":"SearchAction","target":{"@type":"EntryPoint","urlTemplate":"https:\/\/daddydread.com\/de\/?s={search_term_string}"},"query-input":"required name=search_term_string"}],"inLanguage":"de"}]}},"jetpack_sharing_enabled":true,"_links":{"self":[{"href":"https:\/\/daddydread.com\/de\/wp-json\/wp\/v2\/product\/43314","targetHints":{"allow":["GET"]}}],"collection":[{"href":"https:\/\/daddydread.com\/de\/wp-json\/wp\/v2\/product"}],"about":[{"href":"https:\/\/daddydread.com\/de\/wp-json\/wp\/v2\/types\/product"}],"replies":[{"embeddable":true,"href":"https:\/\/daddydread.com\/de\/wp-json\/wp\/v2\/comments?post=43314"}],"wp:featuredmedia":[{"embeddable":true,"href":"https:\/\/daddydread.com\/de\/wp-json\/wp\/v2\/media\/43637"}],"wp:attachment":[{"href":"https:\/\/daddydread.com\/de\/wp-json\/wp\/v2\/media?parent=43314"}],"wp:term":[{"taxonomy":"product_brand","embeddable":true,"href":"https:\/\/daddydread.com\/de\/wp-json\/wp\/v2\/product_brand?post=43314"},{"taxonomy":"product_cat","embeddable":true,"href":"https:\/\/daddydread.com\/de\/wp-json\/wp\/v2\/product_cat?post=43314"},{"taxonomy":"product_tag","embeddable":true,"href":"https:\/\/daddydread.com\/de\/wp-json\/wp\/v2\/product_tag?post=43314"}],"curies":[{"name":"wp","href":"https:\/\/api.w.org\/{rel}","templated":true}]}}