{"id":42824,"date":"2024-11-24T20:09:40","date_gmt":"2024-11-24T17:09:40","guid":{"rendered":"https:\/\/daddydread.com\/?post_type=product&#038;p=42824"},"modified":"2025-06-14T01:15:24","modified_gmt":"2025-06-13T22:15:24","slug":"natuerliche-dreadlocks-in-ingwer-und-blondtoenen","status":"publish","type":"product","link":"https:\/\/daddydread.com\/de\/produkt\/natuerliche-dreadlocks-in-ingwer-und-blondtoenen\/","title":{"rendered":"Nat\u00fcrliche Dreadlocks in Ingwer- und Blondt\u00f6nen"},"content":{"rendered":"<p>Erh\u00f6hen Sie Ihren Stil mit diesem au\u00dfergew\u00f6hnlichen Set nat\u00fcrlicher Dreadlocks aus hochwertigem europ\u00e4ischem Echthaar. Diese einzigartige Kollektion kombiniert einen leuchtenden Ingwer-Rot-Ton mit blonden Akzenten im Verh\u00e4ltnis 1:3 &#8211; ein Teil Blond und drei Teile Ingwer. Das Ergebnis ist eine auff\u00e4llige, aber dennoch ausgewogene Mischung, die Ihre Individualit\u00e4t unterstreicht und Ihre Frisur zu etwas Besonderem macht.<\/p>\n<p>Jede Dreadlock ist auf Komfort und Flexibilit\u00e4t ausgelegt. Ihre leichte und weiche Textur erm\u00f6glicht eine nat\u00fcrliche Bewegung, w\u00e4hrend ihre anpassungsf\u00e4hige Struktur daf\u00fcr sorgt, dass sie einfach zu stylen sind. Mit einer Dicke von 0,8 bis 1 cm und Spitzen von 11 bis 15 cm bietet dieses Set sowohl Qualit\u00e4t als auch Vielseitigkeit. Stumpfe Spitzen k\u00f6nnen auf Anfrage und gegen eine geringe Geb\u00fchr hinzugef\u00fcgt werden.<\/p>\n<p>Jedes St\u00fcck spiegelt die Verpflichtung zu Spitzenleistungen wider, damit du Dreadlocks bekommst, die sich genauso gut anf\u00fchlen wie sie aussehen. Mach dich bereit f\u00fcr Komplimente und Bewunderung, wo immer du hingehst \u2013 diese Dreadlocks sind gemacht, um zu beeindrucken und zu inspirieren.<\/p>\n<p>Bei Daddy Dreads sind wir sehr stolz auf unsere Handwerkskunst. Jede Dreadlock wird mit \u00e4u\u00dferster Sorgfalt und Pr\u00e4zision hergestellt und verk\u00f6rpert unsere Leidenschaft f\u00fcr die Herstellung hochwertiger Haarprodukte, die unsere Kunden lieben.<\/p>\n<p>Dieses Set verf\u00fcgt \u00fcber sanft gewellte Enden, die einen Hauch von nat\u00fcrlicher Eleganz verleihen. Falls gew\u00fcnscht, k\u00f6nnen die Enden weiter angepasst werden, um Ihren bevorzugten Look zu erreichen, ob gerader oder lockiger.<\/p>\n<h2>Benutzerdefinierte Farboptionen<\/h2>\n<p>Sie suchen eine andere Farbe? Wir haben das Richtige f\u00fcr dich. Wende dich an <a href=\"mailto:daniladaddydread@gmail.com\">daniladaddydread@gmail.com<\/a> oder kontaktiere uns \u00fcber Facebook Messenger, und wir werden mit dir zusammenarbeiten, um ein Set Dreadlocks in deinem Wunschfarbton zu kreieren.<\/p>\n<h2>Pflegetipps f\u00fcr Naturhaar-Dreadlocks<\/h2>\n<p>Waschen Sie Ihr Haar wie Ihr eigenes, aber verwenden Sie Shampoos ohne Weichsp\u00fcler oder Conditioner.<br \/>\nZur Pflege der Spitzen gl\u00e4ttende Masken oder n\u00e4hrende Kuren verwenden.<br \/>\nWenn sich die Dreadlocks zu lockern beginnen, rollen Sie sie nach dem Trocknen zwischen Ihren Handfl\u00e4chen. Vermeide es, dies in nassem Zustand zu tun, da sich dadurch ihre Textur und Dichte ver\u00e4ndern kann.<br \/>\nWarum Daddy Dreads w\u00e4hlen?<br \/>\nWenn du dich f\u00fcr ein Set von Daddy Dreads Studio entscheidest, entscheidest du dich f\u00fcr Handwerkskunst, Kreativit\u00e4t und Sorgfalt. Wir bem\u00fchen uns, nicht nur Produkte zu liefern, sondern ein Spiegelbild deiner einzigartigen Pers\u00f6nlichkeit.<br \/>\nMit freundlichen Gr\u00fc\u00dfen, Danila Deryabin, Gr\u00fcnderin von Daddy Dreads<\/p>\n","protected":false},"excerpt":{"rendered":"<p>Hochwertige nat\u00fcrliche Dreadlocks in Ingwerrot und Blond (Verh\u00e4ltnis 1:3). Sie werden aus hochwertigem europ\u00e4ischem Echthaar hergestellt, sind weich, flexibel, 0,8-1 cm dick und haben 11-15 cm loses Haar an den Enden. Individuelle Farben und stumpfe Enden erh\u00e4ltlich.<\/p>\n","protected":false},"featured_media":42987,"comment_status":"open","ping_status":"closed","template":"","meta":{"_acf_changed":false},"product_brand":[],"product_cat":[253],"product_tag":[],"class_list":{"0":"post-42824","1":"product","2":"type-product","3":"status-publish","4":"has-post-thumbnail","6":"product_cat-natuerliche-dreadlocks","8":"first","9":"instock","10":"shipping-taxable","11":"purchasable","12":"product-type-variable"},"acf":[],"yoast_head":"<!-- This site is optimized with the Yoast SEO plugin v22.3 - https:\/\/yoast.com\/wordpress\/plugins\/seo\/ -->\n<title>Nat\u00fcrliche Dreadlocks in Ingwer- und Blondt\u00f6nen<\/title>\n<meta name=\"description\" content=\"Verwandeln Sie Ihren Look mit Dreadlocks in Ingwerblond aus hochwertigem europ\u00e4ischem Echthaar. Leicht, weich und individuell anpassbar an Ihren Stil.\" \/>\n<meta name=\"robots\" content=\"index, follow, max-snippet:-1, max-image-preview:large, max-video-preview:-1\" \/>\n<link rel=\"canonical\" href=\"https:\/\/daddydread.com\/de\/produkt\/natuerliche-dreadlocks-in-ingwer-und-blondtoenen\/\" \/>\n<meta property=\"og:locale\" content=\"de_DE\" \/>\n<meta property=\"og:type\" content=\"article\" \/>\n<meta property=\"og:title\" content=\"Nat\u00fcrliche Dreadlocks in Ingwer- und Blondt\u00f6nen\" \/>\n<meta property=\"og:description\" content=\"Verwandeln Sie Ihren Look mit Dreadlocks in Ingwerblond aus hochwertigem europ\u00e4ischem Echthaar. Leicht, weich und individuell anpassbar an Ihren Stil.\" \/>\n<meta property=\"og:url\" content=\"https:\/\/daddydread.com\/de\/produkt\/natuerliche-dreadlocks-in-ingwer-und-blondtoenen\/\" \/>\n<meta property=\"og:site_name\" content=\"Daddy Dreads\" \/>\n<meta property=\"article:modified_time\" content=\"2025-06-13T22:15:24+00:00\" \/>\n<meta property=\"og:image\" content=\"https:\/\/daddydread.com\/wp-content\/uploads\/2024\/11\/01-2.jpg\" \/>\n\t<meta property=\"og:image:width\" content=\"1980\" \/>\n\t<meta property=\"og:image:height\" content=\"2560\" \/>\n\t<meta property=\"og:image:type\" content=\"image\/jpeg\" \/>\n<meta name=\"twitter:card\" content=\"summary_large_image\" \/>\n<meta name=\"twitter:label1\" content=\"Gesch\u00e4tzte Lesezeit\" \/>\n\t<meta name=\"twitter:data1\" content=\"2\u00a0Minuten\" \/>\n<script type=\"application\/ld+json\" class=\"yoast-schema-graph\">{\"@context\":\"https:\/\/schema.org\",\"@graph\":[{\"@type\":\"WebPage\",\"@id\":\"https:\/\/daddydread.com\/de\/produkt\/natuerliche-dreadlocks-in-ingwer-und-blondtoenen\/\",\"url\":\"https:\/\/daddydread.com\/de\/produkt\/natuerliche-dreadlocks-in-ingwer-und-blondtoenen\/\",\"name\":\"Nat\u00fcrliche Dreadlocks in Ingwer- und Blondt\u00f6nen\",\"isPartOf\":{\"@id\":\"https:\/\/daddydread.com\/de\/#website\"},\"primaryImageOfPage\":{\"@id\":\"https:\/\/daddydread.com\/de\/produkt\/natuerliche-dreadlocks-in-ingwer-und-blondtoenen\/#primaryimage\"},\"image\":{\"@id\":\"https:\/\/daddydread.com\/de\/produkt\/natuerliche-dreadlocks-in-ingwer-und-blondtoenen\/#primaryimage\"},\"thumbnailUrl\":\"https:\/\/daddydread.com\/wp-content\/uploads\/2024\/11\/01-2.jpg\",\"datePublished\":\"2024-11-24T17:09:40+00:00\",\"dateModified\":\"2025-06-13T22:15:24+00:00\",\"description\":\"Verwandeln Sie Ihren Look mit Dreadlocks in Ingwerblond aus hochwertigem europ\u00e4ischem Echthaar. Leicht, weich und individuell anpassbar an Ihren Stil.\",\"breadcrumb\":{\"@id\":\"https:\/\/daddydread.com\/de\/produkt\/natuerliche-dreadlocks-in-ingwer-und-blondtoenen\/#breadcrumb\"},\"inLanguage\":\"de\",\"potentialAction\":[{\"@type\":\"ReadAction\",\"target\":[\"https:\/\/daddydread.com\/de\/produkt\/natuerliche-dreadlocks-in-ingwer-und-blondtoenen\/\"]}]},{\"@type\":\"ImageObject\",\"inLanguage\":\"de\",\"@id\":\"https:\/\/daddydread.com\/de\/produkt\/natuerliche-dreadlocks-in-ingwer-und-blondtoenen\/#primaryimage\",\"url\":\"https:\/\/daddydread.com\/wp-content\/uploads\/2024\/11\/01-2.jpg\",\"contentUrl\":\"https:\/\/daddydread.com\/wp-content\/uploads\/2024\/11\/01-2.jpg\",\"width\":1980,\"height\":2560,\"caption\":\"Natural Dreadlocks in Ginger and Blonde Shades\"},{\"@type\":\"BreadcrumbList\",\"@id\":\"https:\/\/daddydread.com\/de\/produkt\/natuerliche-dreadlocks-in-ingwer-und-blondtoenen\/#breadcrumb\",\"itemListElement\":[{\"@type\":\"ListItem\",\"position\":1,\"name\":\"\u0413\u043b\u0430\u0432\u043d\u0430\u044f \u0441\u0442\u0440\u0430\u043d\u0438\u0446\u0430\",\"item\":\"https:\/\/daddydread.com\/de\/\"},{\"@type\":\"ListItem\",\"position\":2,\"name\":\"Dreadlocks Shop\",\"item\":\"https:\/\/daddydread.com\/de\/shop\/\"},{\"@type\":\"ListItem\",\"position\":3,\"name\":\"Nat\u00fcrliche Dreadlocks in Ingwer- und Blondt\u00f6nen\"}]},{\"@type\":\"WebSite\",\"@id\":\"https:\/\/daddydread.com\/de\/#website\",\"url\":\"https:\/\/daddydread.com\/de\/\",\"name\":\"Daddy Dreads\",\"description\":\"Dreadlocks shop\",\"potentialAction\":[{\"@type\":\"SearchAction\",\"target\":{\"@type\":\"EntryPoint\",\"urlTemplate\":\"https:\/\/daddydread.com\/de\/?s={search_term_string}\"},\"query-input\":\"required name=search_term_string\"}],\"inLanguage\":\"de\"}]}<\/script>\n<!-- \/ Yoast SEO plugin. -->","yoast_head_json":{"title":"Nat\u00fcrliche Dreadlocks in Ingwer- und Blondt\u00f6nen","description":"Verwandeln Sie Ihren Look mit Dreadlocks in Ingwerblond aus hochwertigem europ\u00e4ischem Echthaar. Leicht, weich und individuell anpassbar an Ihren Stil.","robots":{"index":"index","follow":"follow","max-snippet":"max-snippet:-1","max-image-preview":"max-image-preview:large","max-video-preview":"max-video-preview:-1"},"canonical":"https:\/\/daddydread.com\/de\/produkt\/natuerliche-dreadlocks-in-ingwer-und-blondtoenen\/","og_locale":"de_DE","og_type":"article","og_title":"Nat\u00fcrliche Dreadlocks in Ingwer- und Blondt\u00f6nen","og_description":"Verwandeln Sie Ihren Look mit Dreadlocks in Ingwerblond aus hochwertigem europ\u00e4ischem Echthaar. Leicht, weich und individuell anpassbar an Ihren Stil.","og_url":"https:\/\/daddydread.com\/de\/produkt\/natuerliche-dreadlocks-in-ingwer-und-blondtoenen\/","og_site_name":"Daddy Dreads","article_modified_time":"2025-06-13T22:15:24+00:00","og_image":[{"width":1980,"height":2560,"url":"https:\/\/daddydread.com\/wp-content\/uploads\/2024\/11\/01-2.jpg","type":"image\/jpeg"}],"twitter_card":"summary_large_image","twitter_misc":{"Gesch\u00e4tzte Lesezeit":"2\u00a0Minuten"},"schema":{"@context":"https:\/\/schema.org","@graph":[{"@type":"WebPage","@id":"https:\/\/daddydread.com\/de\/produkt\/natuerliche-dreadlocks-in-ingwer-und-blondtoenen\/","url":"https:\/\/daddydread.com\/de\/produkt\/natuerliche-dreadlocks-in-ingwer-und-blondtoenen\/","name":"Nat\u00fcrliche Dreadlocks in Ingwer- und Blondt\u00f6nen","isPartOf":{"@id":"https:\/\/daddydread.com\/de\/#website"},"primaryImageOfPage":{"@id":"https:\/\/daddydread.com\/de\/produkt\/natuerliche-dreadlocks-in-ingwer-und-blondtoenen\/#primaryimage"},"image":{"@id":"https:\/\/daddydread.com\/de\/produkt\/natuerliche-dreadlocks-in-ingwer-und-blondtoenen\/#primaryimage"},"thumbnailUrl":"https:\/\/daddydread.com\/wp-content\/uploads\/2024\/11\/01-2.jpg","datePublished":"2024-11-24T17:09:40+00:00","dateModified":"2025-06-13T22:15:24+00:00","description":"Verwandeln Sie Ihren Look mit Dreadlocks in Ingwerblond aus hochwertigem europ\u00e4ischem Echthaar. Leicht, weich und individuell anpassbar an Ihren Stil.","breadcrumb":{"@id":"https:\/\/daddydread.com\/de\/produkt\/natuerliche-dreadlocks-in-ingwer-und-blondtoenen\/#breadcrumb"},"inLanguage":"de","potentialAction":[{"@type":"ReadAction","target":["https:\/\/daddydread.com\/de\/produkt\/natuerliche-dreadlocks-in-ingwer-und-blondtoenen\/"]}]},{"@type":"ImageObject","inLanguage":"de","@id":"https:\/\/daddydread.com\/de\/produkt\/natuerliche-dreadlocks-in-ingwer-und-blondtoenen\/#primaryimage","url":"https:\/\/daddydread.com\/wp-content\/uploads\/2024\/11\/01-2.jpg","contentUrl":"https:\/\/daddydread.com\/wp-content\/uploads\/2024\/11\/01-2.jpg","width":1980,"height":2560,"caption":"Natural Dreadlocks in Ginger and Blonde Shades"},{"@type":"BreadcrumbList","@id":"https:\/\/daddydread.com\/de\/produkt\/natuerliche-dreadlocks-in-ingwer-und-blondtoenen\/#breadcrumb","itemListElement":[{"@type":"ListItem","position":1,"name":"\u0413\u043b\u0430\u0432\u043d\u0430\u044f \u0441\u0442\u0440\u0430\u043d\u0438\u0446\u0430","item":"https:\/\/daddydread.com\/de\/"},{"@type":"ListItem","position":2,"name":"Dreadlocks Shop","item":"https:\/\/daddydread.com\/de\/shop\/"},{"@type":"ListItem","position":3,"name":"Nat\u00fcrliche Dreadlocks in Ingwer- und Blondt\u00f6nen"}]},{"@type":"WebSite","@id":"https:\/\/daddydread.com\/de\/#website","url":"https:\/\/daddydread.com\/de\/","name":"Daddy Dreads","description":"Dreadlocks shop","potentialAction":[{"@type":"SearchAction","target":{"@type":"EntryPoint","urlTemplate":"https:\/\/daddydread.com\/de\/?s={search_term_string}"},"query-input":"required name=search_term_string"}],"inLanguage":"de"}]}},"jetpack_sharing_enabled":true,"_links":{"self":[{"href":"https:\/\/daddydread.com\/de\/wp-json\/wp\/v2\/product\/42824","targetHints":{"allow":["GET"]}}],"collection":[{"href":"https:\/\/daddydread.com\/de\/wp-json\/wp\/v2\/product"}],"about":[{"href":"https:\/\/daddydread.com\/de\/wp-json\/wp\/v2\/types\/product"}],"replies":[{"embeddable":true,"href":"https:\/\/daddydread.com\/de\/wp-json\/wp\/v2\/comments?post=42824"}],"wp:featuredmedia":[{"embeddable":true,"href":"https:\/\/daddydread.com\/de\/wp-json\/wp\/v2\/media\/42987"}],"wp:attachment":[{"href":"https:\/\/daddydread.com\/de\/wp-json\/wp\/v2\/media?parent=42824"}],"wp:term":[{"taxonomy":"product_brand","embeddable":true,"href":"https:\/\/daddydread.com\/de\/wp-json\/wp\/v2\/product_brand?post=42824"},{"taxonomy":"product_cat","embeddable":true,"href":"https:\/\/daddydread.com\/de\/wp-json\/wp\/v2\/product_cat?post=42824"},{"taxonomy":"product_tag","embeddable":true,"href":"https:\/\/daddydread.com\/de\/wp-json\/wp\/v2\/product_tag?post=42824"}],"curies":[{"name":"wp","href":"https:\/\/api.w.org\/{rel}","templated":true}]}}