{"id":42099,"date":"2024-11-16T01:55:06","date_gmt":"2024-11-15T22:55:06","guid":{"rendered":"https:\/\/daddydread.com\/?post_type=product&#038;p=42099"},"modified":"2025-06-14T01:15:27","modified_gmt":"2025-06-13T22:15:27","slug":"natuerliche-dreadlock-verlaengerungen-klassisches-tiefschwarz","status":"publish","type":"product","link":"https:\/\/daddydread.com\/de\/produkt\/natuerliche-dreadlock-verlaengerungen-klassisches-tiefschwarz\/","title":{"rendered":"Nat\u00fcrliche Dreadlock-Verl\u00e4ngerungen &#8211; Klassisches Tiefschwarz"},"content":{"rendered":"<div>\n<p>Hallo! Ich bin Danila Deryabin, die Gr\u00fcnderin von DaddyDread, und ich freue mich, dir einzigartige Dreadlocks anbieten zu k\u00f6nnen, die deinen Stil ver\u00e4ndern und ihm eine echte Pers\u00f6nlichkeit verleihen werden. Was du auf dem Foto siehst, ist ein Satz Dreadlocks aus nat\u00fcrlichem europ\u00e4ischem Haar mit einer sehr weichen Struktur. Diese Dreadlocks wurden von mir und meinem Team von Kunsthandwerkern mit langj\u00e4hriger Erfahrung hergestellt. Wir haben nicht nur unser K\u00f6nnen, sondern auch unsere Seele in diese Dreadlocks gesteckt, damit sich jeder einzigartig f\u00fchlen kann. Jede Str\u00e4hne ist handgefertigt und hat eine stumpfe Spitze, die ihr ein sauberes und nat\u00fcrliches Aussehen verleiht. Mit einer Dicke von 0,8 bis 1 cm sind sie f\u00fcr jedes Geschlecht geeignet und erg\u00e4nzen harmonisch den Stil. Diese Dreadlocks lassen sich leicht einflechten, traumatisieren das Haar nicht und eignen sich sowohl f\u00fcr den vor\u00fcbergehenden Gebrauch als auch zur Verl\u00e4ngerung bestehender Dreadlocks. Sie sind die perfekte Wahl f\u00fcr alle, die etwas Neues ausprobieren oder ihre Individualit\u00e4t unterstreichen m\u00f6chten. Da wir wissen, dass jeder seinen eigenen Stil braucht, k\u00f6nnen wir Dreadlocks in jeder Farbe herstellen, die perfekt zu deinem Image passt. M\u00f6chtest du ein klassisches Schwarz oder eine leuchtende Farbe? Kein Problem \u2013 wir finden genau den richtigen Farbton f\u00fcr dich. Diese Dreadlocks werden aus europ\u00e4ischem Haar hergestellt, das sich unglaublich weich anf\u00fchlt und so nat\u00fcrlich wie m\u00f6glich aussieht, damit du wie dein eigenes Haar wirkst. Geschm\u00fcckt mit stilvollen Metallperlen geben sie deinem Look den letzten Schliff und ziehen die Blicke auf sich. Wir sorgen daf\u00fcr, dass du Dreadlocks nicht nur tragen, sondern auch stolz auf sie sein kannst. Wenn du Fragen hast oder Hilfe brauchst<\/p>\n<\/div>\n<div>\n<p><strong>Care Instructions for Natural Hair Dreadlocks:<\/strong><\/p>\n<\/div>\n<div>\n<ul>\n<li>Wash as you would regular hair, using shampoos free of softening or smoothing agents. Avoid conditioners.<\/li>\n<li>Care for the ends by applying softening or smoothing masks, as you would with natural hair.<\/li>\n<li>If your dreadlocks start to loosen, roll them between your palms when dry. Avoid rolling them while wet, as this can make them denser and thinner.<\/li>\n<\/ul>\n<\/div>\n<div>\n<p>Sincerely,<br \/>\nDanila Deryabin.<\/p>\n<\/div>\n","protected":false},"excerpt":{"rendered":"<p>Einzigartige Dreadlocks von DaddyDread aus weichem europ\u00e4ischem Haar. Handgemacht, Dicke 0,8-1 cm, nat\u00fcrliches Aussehen. Leicht zu flechten, geeignet zum Verl\u00e4ngern und tempor\u00e4ren Einsetzen. Stil und Individualit\u00e4t in jeder Dreadlock.<\/p>\n","protected":false},"featured_media":43169,"comment_status":"open","ping_status":"closed","template":"","meta":{"_acf_changed":false},"product_brand":[],"product_cat":[253],"product_tag":[],"class_list":{"0":"post-42099","1":"product","2":"type-product","3":"status-publish","4":"has-post-thumbnail","6":"product_cat-natuerliche-dreadlocks","8":"first","9":"instock","10":"shipping-taxable","11":"purchasable","12":"product-type-variable"},"acf":[],"yoast_head":"<!-- This site is optimized with the Yoast SEO plugin v22.3 - https:\/\/yoast.com\/wordpress\/plugins\/seo\/ -->\n<title>Nat\u00fcrliche Echthaar Dreadlock Extensions \u2013 Klassisches Tiefschwarz<\/title>\n<meta name=\"description\" content=\"Klassische tiefschwarze Dreadlock-Extensions aus 100% nat\u00fcrlichem Echthaar. Handgefertigt f\u00fcr ein nat\u00fcrliches, stilvolles und vielseitiges Finish \u2013 Daddy Dreads.\" \/>\n<meta name=\"robots\" content=\"index, follow, max-snippet:-1, max-image-preview:large, max-video-preview:-1\" \/>\n<link rel=\"canonical\" href=\"https:\/\/daddydread.com\/de\/produkt\/natuerliche-dreadlock-verlaengerungen-klassisches-tiefschwarz\/\" \/>\n<meta property=\"og:locale\" content=\"de_DE\" \/>\n<meta property=\"og:type\" content=\"article\" \/>\n<meta property=\"og:title\" content=\"Nat\u00fcrliche Echthaar Dreadlock Extensions \u2013 Klassisches Tiefschwarz\" \/>\n<meta property=\"og:description\" content=\"Klassische tiefschwarze Dreadlock-Extensions aus 100% nat\u00fcrlichem Echthaar. Handgefertigt f\u00fcr ein nat\u00fcrliches, stilvolles und vielseitiges Finish \u2013 Daddy Dreads.\" \/>\n<meta property=\"og:url\" content=\"https:\/\/daddydread.com\/de\/produkt\/natuerliche-dreadlock-verlaengerungen-klassisches-tiefschwarz\/\" \/>\n<meta property=\"og:site_name\" content=\"Daddy Dreads\" \/>\n<meta property=\"article:modified_time\" content=\"2025-06-13T22:15:27+00:00\" \/>\n<meta property=\"og:image\" content=\"https:\/\/daddydread.com\/wp-content\/uploads\/2024\/11\/01-1-600x800.jpg\" \/>\n\t<meta property=\"og:image:width\" content=\"600\" \/>\n\t<meta property=\"og:image:height\" content=\"800\" \/>\n\t<meta property=\"og:image:type\" content=\"image\/jpeg\" \/>\n<meta name=\"twitter:card\" content=\"summary_large_image\" \/>\n<meta name=\"twitter:label1\" content=\"Gesch\u00e4tzte Lesezeit\" \/>\n\t<meta name=\"twitter:data1\" content=\"2\u00a0Minuten\" \/>\n<script type=\"application\/ld+json\" class=\"yoast-schema-graph\">{\"@context\":\"https:\/\/schema.org\",\"@graph\":[{\"@type\":\"WebPage\",\"@id\":\"https:\/\/daddydread.com\/de\/produkt\/natuerliche-dreadlock-verlaengerungen-klassisches-tiefschwarz\/\",\"url\":\"https:\/\/daddydread.com\/de\/produkt\/natuerliche-dreadlock-verlaengerungen-klassisches-tiefschwarz\/\",\"name\":\"Nat\u00fcrliche Echthaar Dreadlock Extensions \u2013 Klassisches Tiefschwarz\",\"isPartOf\":{\"@id\":\"https:\/\/daddydread.com\/de\/#website\"},\"primaryImageOfPage\":{\"@id\":\"https:\/\/daddydread.com\/de\/produkt\/natuerliche-dreadlock-verlaengerungen-klassisches-tiefschwarz\/#primaryimage\"},\"image\":{\"@id\":\"https:\/\/daddydread.com\/de\/produkt\/natuerliche-dreadlock-verlaengerungen-klassisches-tiefschwarz\/#primaryimage\"},\"thumbnailUrl\":\"https:\/\/daddydread.com\/wp-content\/uploads\/2024\/11\/0101.jpg\",\"datePublished\":\"2024-11-15T22:55:06+00:00\",\"dateModified\":\"2025-06-13T22:15:27+00:00\",\"description\":\"Klassische tiefschwarze Dreadlock-Extensions aus 100% nat\u00fcrlichem Echthaar. Handgefertigt f\u00fcr ein nat\u00fcrliches, stilvolles und vielseitiges Finish \u2013 Daddy Dreads.\",\"breadcrumb\":{\"@id\":\"https:\/\/daddydread.com\/de\/produkt\/natuerliche-dreadlock-verlaengerungen-klassisches-tiefschwarz\/#breadcrumb\"},\"inLanguage\":\"de\",\"potentialAction\":[{\"@type\":\"ReadAction\",\"target\":[\"https:\/\/daddydread.com\/de\/produkt\/natuerliche-dreadlock-verlaengerungen-klassisches-tiefschwarz\/\"]}]},{\"@type\":\"ImageObject\",\"inLanguage\":\"de\",\"@id\":\"https:\/\/daddydread.com\/de\/produkt\/natuerliche-dreadlock-verlaengerungen-klassisches-tiefschwarz\/#primaryimage\",\"url\":\"https:\/\/daddydread.com\/wp-content\/uploads\/2024\/11\/0101.jpg\",\"contentUrl\":\"https:\/\/daddydread.com\/wp-content\/uploads\/2024\/11\/0101.jpg\",\"width\":1980,\"height\":2560,\"caption\":\"Natural Dreadlock Extensions \u2013 Classic Jet Black\"},{\"@type\":\"BreadcrumbList\",\"@id\":\"https:\/\/daddydread.com\/de\/produkt\/natuerliche-dreadlock-verlaengerungen-klassisches-tiefschwarz\/#breadcrumb\",\"itemListElement\":[{\"@type\":\"ListItem\",\"position\":1,\"name\":\"\u0413\u043b\u0430\u0432\u043d\u0430\u044f \u0441\u0442\u0440\u0430\u043d\u0438\u0446\u0430\",\"item\":\"https:\/\/daddydread.com\/de\/\"},{\"@type\":\"ListItem\",\"position\":2,\"name\":\"Dreadlocks Shop\",\"item\":\"https:\/\/daddydread.com\/de\/shop\/\"},{\"@type\":\"ListItem\",\"position\":3,\"name\":\"Nat\u00fcrliche Dreadlock-Verl\u00e4ngerungen &#8211; Klassisches Tiefschwarz\"}]},{\"@type\":\"WebSite\",\"@id\":\"https:\/\/daddydread.com\/de\/#website\",\"url\":\"https:\/\/daddydread.com\/de\/\",\"name\":\"Daddy Dreads\",\"description\":\"Dreadlocks shop\",\"potentialAction\":[{\"@type\":\"SearchAction\",\"target\":{\"@type\":\"EntryPoint\",\"urlTemplate\":\"https:\/\/daddydread.com\/de\/?s={search_term_string}\"},\"query-input\":\"required name=search_term_string\"}],\"inLanguage\":\"de\"}]}<\/script>\n<!-- \/ Yoast SEO plugin. -->","yoast_head_json":{"title":"Nat\u00fcrliche Echthaar Dreadlock Extensions \u2013 Klassisches Tiefschwarz","description":"Klassische tiefschwarze Dreadlock-Extensions aus 100% nat\u00fcrlichem Echthaar. Handgefertigt f\u00fcr ein nat\u00fcrliches, stilvolles und vielseitiges Finish \u2013 Daddy Dreads.","robots":{"index":"index","follow":"follow","max-snippet":"max-snippet:-1","max-image-preview":"max-image-preview:large","max-video-preview":"max-video-preview:-1"},"canonical":"https:\/\/daddydread.com\/de\/produkt\/natuerliche-dreadlock-verlaengerungen-klassisches-tiefschwarz\/","og_locale":"de_DE","og_type":"article","og_title":"Nat\u00fcrliche Echthaar Dreadlock Extensions \u2013 Klassisches Tiefschwarz","og_description":"Klassische tiefschwarze Dreadlock-Extensions aus 100% nat\u00fcrlichem Echthaar. Handgefertigt f\u00fcr ein nat\u00fcrliches, stilvolles und vielseitiges Finish \u2013 Daddy Dreads.","og_url":"https:\/\/daddydread.com\/de\/produkt\/natuerliche-dreadlock-verlaengerungen-klassisches-tiefschwarz\/","og_site_name":"Daddy Dreads","article_modified_time":"2025-06-13T22:15:27+00:00","og_image":[{"width":600,"height":800,"url":"https:\/\/daddydread.com\/wp-content\/uploads\/2024\/11\/01-1-600x800.jpg","type":"image\/jpeg"}],"twitter_card":"summary_large_image","twitter_misc":{"Gesch\u00e4tzte Lesezeit":"2\u00a0Minuten"},"schema":{"@context":"https:\/\/schema.org","@graph":[{"@type":"WebPage","@id":"https:\/\/daddydread.com\/de\/produkt\/natuerliche-dreadlock-verlaengerungen-klassisches-tiefschwarz\/","url":"https:\/\/daddydread.com\/de\/produkt\/natuerliche-dreadlock-verlaengerungen-klassisches-tiefschwarz\/","name":"Nat\u00fcrliche Echthaar Dreadlock Extensions \u2013 Klassisches Tiefschwarz","isPartOf":{"@id":"https:\/\/daddydread.com\/de\/#website"},"primaryImageOfPage":{"@id":"https:\/\/daddydread.com\/de\/produkt\/natuerliche-dreadlock-verlaengerungen-klassisches-tiefschwarz\/#primaryimage"},"image":{"@id":"https:\/\/daddydread.com\/de\/produkt\/natuerliche-dreadlock-verlaengerungen-klassisches-tiefschwarz\/#primaryimage"},"thumbnailUrl":"https:\/\/daddydread.com\/wp-content\/uploads\/2024\/11\/0101.jpg","datePublished":"2024-11-15T22:55:06+00:00","dateModified":"2025-06-13T22:15:27+00:00","description":"Klassische tiefschwarze Dreadlock-Extensions aus 100% nat\u00fcrlichem Echthaar. Handgefertigt f\u00fcr ein nat\u00fcrliches, stilvolles und vielseitiges Finish \u2013 Daddy Dreads.","breadcrumb":{"@id":"https:\/\/daddydread.com\/de\/produkt\/natuerliche-dreadlock-verlaengerungen-klassisches-tiefschwarz\/#breadcrumb"},"inLanguage":"de","potentialAction":[{"@type":"ReadAction","target":["https:\/\/daddydread.com\/de\/produkt\/natuerliche-dreadlock-verlaengerungen-klassisches-tiefschwarz\/"]}]},{"@type":"ImageObject","inLanguage":"de","@id":"https:\/\/daddydread.com\/de\/produkt\/natuerliche-dreadlock-verlaengerungen-klassisches-tiefschwarz\/#primaryimage","url":"https:\/\/daddydread.com\/wp-content\/uploads\/2024\/11\/0101.jpg","contentUrl":"https:\/\/daddydread.com\/wp-content\/uploads\/2024\/11\/0101.jpg","width":1980,"height":2560,"caption":"Natural Dreadlock Extensions \u2013 Classic Jet Black"},{"@type":"BreadcrumbList","@id":"https:\/\/daddydread.com\/de\/produkt\/natuerliche-dreadlock-verlaengerungen-klassisches-tiefschwarz\/#breadcrumb","itemListElement":[{"@type":"ListItem","position":1,"name":"\u0413\u043b\u0430\u0432\u043d\u0430\u044f \u0441\u0442\u0440\u0430\u043d\u0438\u0446\u0430","item":"https:\/\/daddydread.com\/de\/"},{"@type":"ListItem","position":2,"name":"Dreadlocks Shop","item":"https:\/\/daddydread.com\/de\/shop\/"},{"@type":"ListItem","position":3,"name":"Nat\u00fcrliche Dreadlock-Verl\u00e4ngerungen &#8211; Klassisches Tiefschwarz"}]},{"@type":"WebSite","@id":"https:\/\/daddydread.com\/de\/#website","url":"https:\/\/daddydread.com\/de\/","name":"Daddy Dreads","description":"Dreadlocks shop","potentialAction":[{"@type":"SearchAction","target":{"@type":"EntryPoint","urlTemplate":"https:\/\/daddydread.com\/de\/?s={search_term_string}"},"query-input":"required name=search_term_string"}],"inLanguage":"de"}]}},"jetpack_sharing_enabled":true,"_links":{"self":[{"href":"https:\/\/daddydread.com\/de\/wp-json\/wp\/v2\/product\/42099","targetHints":{"allow":["GET"]}}],"collection":[{"href":"https:\/\/daddydread.com\/de\/wp-json\/wp\/v2\/product"}],"about":[{"href":"https:\/\/daddydread.com\/de\/wp-json\/wp\/v2\/types\/product"}],"replies":[{"embeddable":true,"href":"https:\/\/daddydread.com\/de\/wp-json\/wp\/v2\/comments?post=42099"}],"wp:featuredmedia":[{"embeddable":true,"href":"https:\/\/daddydread.com\/de\/wp-json\/wp\/v2\/media\/43169"}],"wp:attachment":[{"href":"https:\/\/daddydread.com\/de\/wp-json\/wp\/v2\/media?parent=42099"}],"wp:term":[{"taxonomy":"product_brand","embeddable":true,"href":"https:\/\/daddydread.com\/de\/wp-json\/wp\/v2\/product_brand?post=42099"},{"taxonomy":"product_cat","embeddable":true,"href":"https:\/\/daddydread.com\/de\/wp-json\/wp\/v2\/product_cat?post=42099"},{"taxonomy":"product_tag","embeddable":true,"href":"https:\/\/daddydread.com\/de\/wp-json\/wp\/v2\/product_tag?post=42099"}],"curies":[{"name":"wp","href":"https:\/\/api.w.org\/{rel}","templated":true}]}}