{"id":41662,"date":"2024-11-16T01:03:49","date_gmt":"2024-11-15T22:03:49","guid":{"rendered":"https:\/\/daddydread.com\/?post_type=product&#038;p=41662"},"modified":"2025-06-14T01:15:33","modified_gmt":"2025-06-13T22:15:33","slug":"ingwer-rot-natuerliche-haare-dreadlocks","status":"publish","type":"product","link":"https:\/\/daddydread.com\/de\/produkt\/ingwer-rot-natuerliche-haare-dreadlocks\/","title":{"rendered":"Ingwer Rot Nat\u00fcrliche Haare Dreadlocks"},"content":{"rendered":"<div>\n<p>Diese nat\u00fcrlichen Dreadlocks aus hochwertigem europ\u00e4ischem Echthaar sind in einem atemberaubenden Ingwerrot gehalten, auch bekannt als \u201eIngwer\u201c. Der satte, warme Farbton ist lebendig und auffallend, ideal, um deinen einzigartigen Stil mit einem nat\u00fcrlichen, erdigen Gef\u00fchl auszudr\u00fccken.<\/p>\n<\/div>\n<div>\n<p>Jeder Dreadlock ist unglaublich weich, leicht und flexibel und erm\u00f6glicht eine nat\u00fcrliche Bewegung und m\u00fcheloses Styling. Die Dicke der Dreadlocks liegt zwischen 0,8 und 1 cm, die Spitzenl\u00e4nge zwischen 11 und 15 cm. Gegen einen geringen Aufpreis bieten wir auch die M\u00f6glichkeit, stumpfe Enden zu gestalten.<\/p>\n<\/div>\n<div>\n<p>Das Set auf dem Foto enth\u00e4lt 30 einzelne Dreadlocks, die von den erfahrenen K\u00fcnstlern des Daddy Dreads Studio handgefertigt werden. Wenn du dich f\u00fcr Naturhaar-Dreadlocks entscheidest, w\u00e4hlst du Qualit\u00e4t und einen Look, der Bewunderung hervorruft. Mach dich bereit f\u00fcr Komplimente von deinen Mitmenschen, die deine beeindruckenden, nat\u00fcrlich aussehenden Dreadlocks bewundern werden \u2013 das ist keine \u00dcbertreibung. Jedes Set wird mit Liebe und Sorgfalt hergestellt, als ob es f\u00fcr einen Freund gemacht w\u00e4re.<\/p>\n<\/div>\n<div>\n<p>Unsere Leidenschaft f\u00fcr unser Handwerk wird nur noch von unserem Stolz \u00fcbertroffen, dir so hochwertige Haare und Dreadlocks zu liefern.<\/p>\n<\/div>\n<div>\n<p>Diese Dreadlocks haben eine sanfte Welle an den Enden, aber du kannst sie auch glatter oder lockiger stylen, je nach deinen Vorlieben.<\/p>\n<\/div>\n<div>\n<p>M\u00f6chtest du einen individuellen Farbton? Wenn dieses Ingwerrot nicht genau die Farbe ist, die du suchst, melde dich bei uns unter\u00a0<a href=\"mailto:daniladaddydread@gmail.com\">daniladaddydread@gmail.com<\/a>\u00a0oder schicke uns eine Nachricht auf\u00a0<a href=\"http:\/\/m.me\/100014418643595\">Facebook Messenger<\/a>\u00a0und wir werden unser Bestes tun, um deinen Wunschfarbton zu finden.<\/p>\n<\/div>\n<div>\n<p><strong>Pflegeanleitung f\u00fcr Naturhaar-Dreadlocks:<\/strong><\/p>\n<\/div>\n<div>\n<ul>\n<li>Waschen Sie Ihr Haar wie normales Haar und verwenden Sie Shampoos, die keine Weichmacher oder Gl\u00e4ttungsstoffe enthalten. Vermeiden Sie Conditioner.<\/li>\n<li>Pflegen Sie die Haarspitzen mit weichmachenden oder gl\u00e4ttenden Masken, wie Sie es bei nat\u00fcrlichem Haar tun w\u00fcrden.<\/li>\n<li>Wenn deine Dreadlocks anfangen, sich zu lockern, rollst du sie nach dem Trocknen zwischen deinen Handfl\u00e4chen. Vermeide es, sie in nassem Zustand zu rollen, da sie dadurch dichter und d\u00fcnner werden k\u00f6nnen.<\/li>\n<\/ul>\n<\/div>\n<div>\n<p>Mit freundlichen Gr\u00fc\u00dfen,<br \/>\nDanila Deryabin, Gr\u00fcnderin von Daddy Dreads<\/p>\n<\/div>\n","protected":false},"excerpt":{"rendered":"<p>Diese Dreadlocks aus europ\u00e4ischem Echthaar sind in einem eleganten Ingwerrot gehalten. Sie sind weich, leicht und flexibel, bewegen sich nat\u00fcrlich und sind einfach zu stylen. Jede Dreadlock ist 0,8 bis 1 cm dick, mit Spitzenl\u00e4ngen zwischen 11 und 15 cm (stumpfe Enden sind gegen Aufpreis erh\u00e4ltlich). In diesem Fotoset sind 30 Dreadlocks enthalten, die von den geschickten K\u00fcnstlern des Daddy Dreads Studio handgefertigt werden, um hohe Qualit\u00e4t und Pflege zu gew\u00e4hrleisten.<\/p>\n","protected":false},"featured_media":44111,"comment_status":"open","ping_status":"closed","template":"","meta":{"_acf_changed":false},"product_brand":[],"product_cat":[253],"product_tag":[],"class_list":{"0":"post-41662","1":"product","2":"type-product","3":"status-publish","4":"has-post-thumbnail","6":"product_cat-natuerliche-dreadlocks","8":"first","9":"instock","10":"shipping-taxable","11":"purchasable","12":"product-type-variable"},"acf":[],"yoast_head":"<!-- This site is optimized with the Yoast SEO plugin v22.3 - https:\/\/yoast.com\/wordpress\/plugins\/seo\/ -->\n<title>Ingwerrote Echthaar-Dreadlocks - Premium-Erweiterungen<\/title>\n<meta name=\"description\" content=\"Weiche, leichte Dreadlocks aus europ\u00e4ischem Echthaar in Ingwerrot. Handgefertigt von Daddy Dreads f\u00fcr nat\u00fcrliche Bewegung und m\u00fcheloses Styling.\" \/>\n<meta name=\"robots\" content=\"index, follow, max-snippet:-1, max-image-preview:large, max-video-preview:-1\" \/>\n<link rel=\"canonical\" href=\"https:\/\/daddydread.com\/de\/produkt\/ingwer-rot-natuerliche-haare-dreadlocks\/\" \/>\n<meta property=\"og:locale\" content=\"de_DE\" \/>\n<meta property=\"og:type\" content=\"article\" \/>\n<meta property=\"og:title\" content=\"Ingwerrote Echthaar-Dreadlocks - Premium-Erweiterungen\" \/>\n<meta property=\"og:description\" content=\"Weiche, leichte Dreadlocks aus europ\u00e4ischem Echthaar in Ingwerrot. Handgefertigt von Daddy Dreads f\u00fcr nat\u00fcrliche Bewegung und m\u00fcheloses Styling.\" \/>\n<meta property=\"og:url\" content=\"https:\/\/daddydread.com\/de\/produkt\/ingwer-rot-natuerliche-haare-dreadlocks\/\" \/>\n<meta property=\"og:site_name\" content=\"Daddy Dreads\" \/>\n<meta property=\"article:modified_time\" content=\"2025-06-13T22:15:33+00:00\" \/>\n<meta property=\"og:image\" content=\"https:\/\/daddydread.com\/wp-content\/uploads\/2024\/11\/01-600x800.jpg\" \/>\n\t<meta property=\"og:image:width\" content=\"600\" \/>\n\t<meta property=\"og:image:height\" content=\"800\" \/>\n\t<meta property=\"og:image:type\" content=\"image\/jpeg\" \/>\n<meta name=\"twitter:card\" content=\"summary_large_image\" \/>\n<meta name=\"twitter:label1\" content=\"Gesch\u00e4tzte Lesezeit\" \/>\n\t<meta name=\"twitter:data1\" content=\"2\u00a0Minuten\" \/>\n<script type=\"application\/ld+json\" class=\"yoast-schema-graph\">{\"@context\":\"https:\/\/schema.org\",\"@graph\":[{\"@type\":\"WebPage\",\"@id\":\"https:\/\/daddydread.com\/de\/produkt\/ingwer-rot-natuerliche-haare-dreadlocks\/\",\"url\":\"https:\/\/daddydread.com\/de\/produkt\/ingwer-rot-natuerliche-haare-dreadlocks\/\",\"name\":\"Ingwerrote Echthaar-Dreadlocks - Premium-Erweiterungen\",\"isPartOf\":{\"@id\":\"https:\/\/daddydread.com\/de\/#website\"},\"primaryImageOfPage\":{\"@id\":\"https:\/\/daddydread.com\/de\/produkt\/ingwer-rot-natuerliche-haare-dreadlocks\/#primaryimage\"},\"image\":{\"@id\":\"https:\/\/daddydread.com\/de\/produkt\/ingwer-rot-natuerliche-haare-dreadlocks\/#primaryimage\"},\"thumbnailUrl\":\"https:\/\/daddydread.com\/wp-content\/uploads\/2024\/11\/0101-1.jpg\",\"datePublished\":\"2024-11-15T22:03:49+00:00\",\"dateModified\":\"2025-06-13T22:15:33+00:00\",\"description\":\"Weiche, leichte Dreadlocks aus europ\u00e4ischem Echthaar in Ingwerrot. Handgefertigt von Daddy Dreads f\u00fcr nat\u00fcrliche Bewegung und m\u00fcheloses Styling.\",\"breadcrumb\":{\"@id\":\"https:\/\/daddydread.com\/de\/produkt\/ingwer-rot-natuerliche-haare-dreadlocks\/#breadcrumb\"},\"inLanguage\":\"de\",\"potentialAction\":[{\"@type\":\"ReadAction\",\"target\":[\"https:\/\/daddydread.com\/de\/produkt\/ingwer-rot-natuerliche-haare-dreadlocks\/\"]}]},{\"@type\":\"ImageObject\",\"inLanguage\":\"de\",\"@id\":\"https:\/\/daddydread.com\/de\/produkt\/ingwer-rot-natuerliche-haare-dreadlocks\/#primaryimage\",\"url\":\"https:\/\/daddydread.com\/wp-content\/uploads\/2024\/11\/0101-1.jpg\",\"contentUrl\":\"https:\/\/daddydread.com\/wp-content\/uploads\/2024\/11\/0101-1.jpg\",\"width\":1980,\"height\":2560,\"caption\":\"Ginger Red Natural Hair Dreadlocks\"},{\"@type\":\"BreadcrumbList\",\"@id\":\"https:\/\/daddydread.com\/de\/produkt\/ingwer-rot-natuerliche-haare-dreadlocks\/#breadcrumb\",\"itemListElement\":[{\"@type\":\"ListItem\",\"position\":1,\"name\":\"\u0413\u043b\u0430\u0432\u043d\u0430\u044f \u0441\u0442\u0440\u0430\u043d\u0438\u0446\u0430\",\"item\":\"https:\/\/daddydread.com\/de\/\"},{\"@type\":\"ListItem\",\"position\":2,\"name\":\"Dreadlocks Shop\",\"item\":\"https:\/\/daddydread.com\/de\/shop\/\"},{\"@type\":\"ListItem\",\"position\":3,\"name\":\"Ingwer Rot Nat\u00fcrliche Haare Dreadlocks\"}]},{\"@type\":\"WebSite\",\"@id\":\"https:\/\/daddydread.com\/de\/#website\",\"url\":\"https:\/\/daddydread.com\/de\/\",\"name\":\"Daddy Dreads\",\"description\":\"Dreadlocks shop\",\"potentialAction\":[{\"@type\":\"SearchAction\",\"target\":{\"@type\":\"EntryPoint\",\"urlTemplate\":\"https:\/\/daddydread.com\/de\/?s={search_term_string}\"},\"query-input\":\"required name=search_term_string\"}],\"inLanguage\":\"de\"}]}<\/script>\n<!-- \/ Yoast SEO plugin. -->","yoast_head_json":{"title":"Ingwerrote Echthaar-Dreadlocks - Premium-Erweiterungen","description":"Weiche, leichte Dreadlocks aus europ\u00e4ischem Echthaar in Ingwerrot. Handgefertigt von Daddy Dreads f\u00fcr nat\u00fcrliche Bewegung und m\u00fcheloses Styling.","robots":{"index":"index","follow":"follow","max-snippet":"max-snippet:-1","max-image-preview":"max-image-preview:large","max-video-preview":"max-video-preview:-1"},"canonical":"https:\/\/daddydread.com\/de\/produkt\/ingwer-rot-natuerliche-haare-dreadlocks\/","og_locale":"de_DE","og_type":"article","og_title":"Ingwerrote Echthaar-Dreadlocks - Premium-Erweiterungen","og_description":"Weiche, leichte Dreadlocks aus europ\u00e4ischem Echthaar in Ingwerrot. Handgefertigt von Daddy Dreads f\u00fcr nat\u00fcrliche Bewegung und m\u00fcheloses Styling.","og_url":"https:\/\/daddydread.com\/de\/produkt\/ingwer-rot-natuerliche-haare-dreadlocks\/","og_site_name":"Daddy Dreads","article_modified_time":"2025-06-13T22:15:33+00:00","og_image":[{"width":600,"height":800,"url":"https:\/\/daddydread.com\/wp-content\/uploads\/2024\/11\/01-600x800.jpg","type":"image\/jpeg"}],"twitter_card":"summary_large_image","twitter_misc":{"Gesch\u00e4tzte Lesezeit":"2\u00a0Minuten"},"schema":{"@context":"https:\/\/schema.org","@graph":[{"@type":"WebPage","@id":"https:\/\/daddydread.com\/de\/produkt\/ingwer-rot-natuerliche-haare-dreadlocks\/","url":"https:\/\/daddydread.com\/de\/produkt\/ingwer-rot-natuerliche-haare-dreadlocks\/","name":"Ingwerrote Echthaar-Dreadlocks - Premium-Erweiterungen","isPartOf":{"@id":"https:\/\/daddydread.com\/de\/#website"},"primaryImageOfPage":{"@id":"https:\/\/daddydread.com\/de\/produkt\/ingwer-rot-natuerliche-haare-dreadlocks\/#primaryimage"},"image":{"@id":"https:\/\/daddydread.com\/de\/produkt\/ingwer-rot-natuerliche-haare-dreadlocks\/#primaryimage"},"thumbnailUrl":"https:\/\/daddydread.com\/wp-content\/uploads\/2024\/11\/0101-1.jpg","datePublished":"2024-11-15T22:03:49+00:00","dateModified":"2025-06-13T22:15:33+00:00","description":"Weiche, leichte Dreadlocks aus europ\u00e4ischem Echthaar in Ingwerrot. Handgefertigt von Daddy Dreads f\u00fcr nat\u00fcrliche Bewegung und m\u00fcheloses Styling.","breadcrumb":{"@id":"https:\/\/daddydread.com\/de\/produkt\/ingwer-rot-natuerliche-haare-dreadlocks\/#breadcrumb"},"inLanguage":"de","potentialAction":[{"@type":"ReadAction","target":["https:\/\/daddydread.com\/de\/produkt\/ingwer-rot-natuerliche-haare-dreadlocks\/"]}]},{"@type":"ImageObject","inLanguage":"de","@id":"https:\/\/daddydread.com\/de\/produkt\/ingwer-rot-natuerliche-haare-dreadlocks\/#primaryimage","url":"https:\/\/daddydread.com\/wp-content\/uploads\/2024\/11\/0101-1.jpg","contentUrl":"https:\/\/daddydread.com\/wp-content\/uploads\/2024\/11\/0101-1.jpg","width":1980,"height":2560,"caption":"Ginger Red Natural Hair Dreadlocks"},{"@type":"BreadcrumbList","@id":"https:\/\/daddydread.com\/de\/produkt\/ingwer-rot-natuerliche-haare-dreadlocks\/#breadcrumb","itemListElement":[{"@type":"ListItem","position":1,"name":"\u0413\u043b\u0430\u0432\u043d\u0430\u044f \u0441\u0442\u0440\u0430\u043d\u0438\u0446\u0430","item":"https:\/\/daddydread.com\/de\/"},{"@type":"ListItem","position":2,"name":"Dreadlocks Shop","item":"https:\/\/daddydread.com\/de\/shop\/"},{"@type":"ListItem","position":3,"name":"Ingwer Rot Nat\u00fcrliche Haare Dreadlocks"}]},{"@type":"WebSite","@id":"https:\/\/daddydread.com\/de\/#website","url":"https:\/\/daddydread.com\/de\/","name":"Daddy Dreads","description":"Dreadlocks shop","potentialAction":[{"@type":"SearchAction","target":{"@type":"EntryPoint","urlTemplate":"https:\/\/daddydread.com\/de\/?s={search_term_string}"},"query-input":"required name=search_term_string"}],"inLanguage":"de"}]}},"jetpack_sharing_enabled":true,"_links":{"self":[{"href":"https:\/\/daddydread.com\/de\/wp-json\/wp\/v2\/product\/41662","targetHints":{"allow":["GET"]}}],"collection":[{"href":"https:\/\/daddydread.com\/de\/wp-json\/wp\/v2\/product"}],"about":[{"href":"https:\/\/daddydread.com\/de\/wp-json\/wp\/v2\/types\/product"}],"replies":[{"embeddable":true,"href":"https:\/\/daddydread.com\/de\/wp-json\/wp\/v2\/comments?post=41662"}],"wp:featuredmedia":[{"embeddable":true,"href":"https:\/\/daddydread.com\/de\/wp-json\/wp\/v2\/media\/44111"}],"wp:attachment":[{"href":"https:\/\/daddydread.com\/de\/wp-json\/wp\/v2\/media?parent=41662"}],"wp:term":[{"taxonomy":"product_brand","embeddable":true,"href":"https:\/\/daddydread.com\/de\/wp-json\/wp\/v2\/product_brand?post=41662"},{"taxonomy":"product_cat","embeddable":true,"href":"https:\/\/daddydread.com\/de\/wp-json\/wp\/v2\/product_cat?post=41662"},{"taxonomy":"product_tag","embeddable":true,"href":"https:\/\/daddydread.com\/de\/wp-json\/wp\/v2\/product_tag?post=41662"}],"curies":[{"name":"wp","href":"https:\/\/api.w.org\/{rel}","templated":true}]}}