{"id":41086,"date":"2024-11-04T22:09:14","date_gmt":"2024-11-04T19:09:14","guid":{"rendered":"https:\/\/daddydread.com\/?post_type=product&#038;p=41086"},"modified":"2025-06-14T01:15:40","modified_gmt":"2025-06-13T22:15:40","slug":"natuerliche-dreads-farbe-naturblond","status":"publish","type":"product","link":"https:\/\/daddydread.com\/de\/produkt\/natuerliche-dreads-farbe-naturblond\/","title":{"rendered":"Nat\u00fcrliche Dreads &#8211; Farbe Naturblond"},"content":{"rendered":"<div>\n<div>\n<p>Diese Dreadlocks werden aus hochwertigem europ\u00e4ischem Echthaar hergestellt. Die Dreadlocks sind sehr weich, luftig und sehr beweglich.<\/p>\n<ul>\n<li>Die Dicke der Dreadlocks ist 0,8-1 cm.<\/li>\n<li>Die L\u00e4nge der Spitzen betr\u00e4gt zwischen 11 und 15 cm.<\/li>\n<li>Es ist m\u00f6glich, stumpfe Enden gegen eine Geb\u00fchr zu machen.<\/li>\n<li>Auf diesem Foto sind 30 einzelne Dreadlocks zu sehen.<\/li>\n<\/ul>\n<p>Dieser Satz Dreadlocks wurde von den Meistern unseres Daddy Dreads Studios gemacht. Naturhaar-Dreadlocks sind die beste Wahl, wenn du Dreadlocks willst, aber Dreadlocks, mit denen du dich gl\u00fccklich und bewundert f\u00fchlst. Mach dich darauf gefasst, dass die Leute um dich herum dich fragen werden, wie du so tolle Dreadlocks bekommen hast und dass sie dir gro\u00dfartig stehen, und das ist kein Scherz. Alle unsere Kits sind mit Liebe gemacht und mit der Idee, dass wir sie f\u00fcr unsere Freunde machen.<\/p>\n<p>Wir lieben unser Gesch\u00e4ft und sind stolz darauf, dir so hochwertige Haare und Dreadlocks anbieten zu k\u00f6nnen.<\/p>\n<p>Die Enden der Dreadlocks haben eine weiche Welle, aber du kannst sie flach machen oder sie noch mehr locken, wie du willst.<\/p>\n<p>Wenn du Dreadlocks in deiner Haarfarbe haben m\u00f6chtest, wir aber keine solche Farbe haben, dann schreibe uns einfach eine E-Mail an <a href=\"mailto:daniladaddydread@gmail.com\"><strong>daniladaddydread@gmail.com<\/strong><\/a> oder noch besser im <a href=\"http:\/\/m.me\/100014418643595\">Facebook Messenger<\/a>.<\/p>\n<\/div>\n<div>\n<h2>Wie pflegt man Dreadlocks aus Naturhaar?<\/h2>\n<p>Du kannst sie wie normales Haar waschen, aber nur mit Shampoos ohne weichmachende oder gl\u00e4ttende Inhaltsstoffe. Verwende keine Conditioner. F\u00fcr die Pflege der Spitzen von Dreadlocks gilt das Gleiche wie f\u00fcr normales Haar, du kannst weichmachende oder gl\u00e4ttende Masken auf sie auftragen. Wenn die Dreadlocks etwas locker sind, rollst du sie zwischen deinen Handfl\u00e4chen, aber nur, wenn sie trocken sind. Wenn du sie rollst, w\u00e4hrend sie nass sind, werden die Dreadlocks viel d\u00fcnner und dichter.<\/p>\n<\/div>\n<\/div>\n<p>Mit freundlichen Gr\u00fc\u00dfen, <a href=\"https:\/\/daddydread.com\/de\/danila-deriabin\/\"><strong>Danila Deryabin<\/strong><\/a>, Gr\u00fcnderin der <a href=\"https:\/\/daddydread.com\/de\/ueber-uns\/\"><strong>Marke Daddy Dreads<\/strong><\/a>.<\/p>\n","protected":false},"excerpt":{"rendered":"<p>Premium naturblond gef\u00e4rbte Dreadlocks aus Echthaar \u2013 weich, beweglich, 0,8-1 cm dick. Von Daddy Dreads Meistern mit Liebe kreiert, um einen einzigartigen Stil zu schaffen. Kann an die eigene Haarfarbe angepasst werden.<br \/>\nEinfache Pflege: Shampoo ohne Sp\u00fclung und leichtes Rollen, um die Form zu erhalten.<\/p>\n<p>Hauptmerkmale:<\/p>\n<ul>\n<li>Die Dicke dieser Dreadlocks betr\u00e4gt 0,8-1 cm<\/li>\n<li>Verwendetes nat\u00fcrliches Echthaar von h\u00f6chster Qualit\u00e4t<\/li>\n<\/ul>\n","protected":false},"featured_media":41249,"comment_status":"open","ping_status":"closed","template":"","meta":{"_acf_changed":false},"product_brand":[],"product_cat":[253],"product_tag":[],"class_list":{"0":"post-41086","1":"product","2":"type-product","3":"status-publish","4":"has-post-thumbnail","6":"product_cat-natuerliche-dreadlocks","8":"first","9":"instock","10":"shipping-taxable","11":"purchasable","12":"product-type-variable"},"acf":[],"yoast_head":"<!-- This site is optimized with the Yoast SEO plugin v22.3 - https:\/\/yoast.com\/wordpress\/plugins\/seo\/ -->\n<title>Nat\u00fcrliche blonde Dreadlocks aus europ\u00e4ischem Echthaar<\/title>\n<meta name=\"description\" content=\"Hochwertige naturblonde Dreadlocks aus europ\u00e4ischem Haar. Weich, luftig und langlebig, hergestellt von den Experten des Daddy Dreads Studio.\" \/>\n<meta name=\"robots\" content=\"index, follow, max-snippet:-1, max-image-preview:large, max-video-preview:-1\" \/>\n<link rel=\"canonical\" href=\"https:\/\/daddydread.com\/de\/produkt\/natuerliche-dreads-farbe-naturblond\/\" \/>\n<meta property=\"og:locale\" content=\"de_DE\" \/>\n<meta property=\"og:type\" content=\"article\" \/>\n<meta property=\"og:title\" content=\"Nat\u00fcrliche blonde Dreadlocks aus europ\u00e4ischem Echthaar\" \/>\n<meta property=\"og:description\" content=\"Hochwertige naturblonde Dreadlocks aus europ\u00e4ischem Haar. Weich, luftig und langlebig, hergestellt von den Experten des Daddy Dreads Studio.\" \/>\n<meta property=\"og:url\" content=\"https:\/\/daddydread.com\/de\/produkt\/natuerliche-dreads-farbe-naturblond\/\" \/>\n<meta property=\"og:site_name\" content=\"Daddy Dreads\" \/>\n<meta property=\"article:modified_time\" content=\"2025-06-13T22:15:40+00:00\" \/>\n<meta property=\"og:image\" content=\"https:\/\/daddydread.com\/wp-content\/uploads\/2024\/11\/001-600x800.jpg\" \/>\n\t<meta property=\"og:image:width\" content=\"600\" \/>\n\t<meta property=\"og:image:height\" content=\"800\" \/>\n\t<meta property=\"og:image:type\" content=\"image\/jpeg\" \/>\n<meta name=\"twitter:card\" content=\"summary_large_image\" \/>\n<meta name=\"twitter:label1\" content=\"Gesch\u00e4tzte Lesezeit\" \/>\n\t<meta name=\"twitter:data1\" content=\"2\u00a0Minuten\" \/>\n<script type=\"application\/ld+json\" class=\"yoast-schema-graph\">{\"@context\":\"https:\/\/schema.org\",\"@graph\":[{\"@type\":\"WebPage\",\"@id\":\"https:\/\/daddydread.com\/de\/produkt\/natuerliche-dreads-farbe-naturblond\/\",\"url\":\"https:\/\/daddydread.com\/de\/produkt\/natuerliche-dreads-farbe-naturblond\/\",\"name\":\"Nat\u00fcrliche blonde Dreadlocks aus europ\u00e4ischem Echthaar\",\"isPartOf\":{\"@id\":\"https:\/\/daddydread.com\/de\/#website\"},\"primaryImageOfPage\":{\"@id\":\"https:\/\/daddydread.com\/de\/produkt\/natuerliche-dreads-farbe-naturblond\/#primaryimage\"},\"image\":{\"@id\":\"https:\/\/daddydread.com\/de\/produkt\/natuerliche-dreads-farbe-naturblond\/#primaryimage\"},\"thumbnailUrl\":\"https:\/\/daddydread.com\/wp-content\/uploads\/2024\/11\/001.jpg\",\"datePublished\":\"2024-11-04T19:09:14+00:00\",\"dateModified\":\"2025-06-13T22:15:40+00:00\",\"description\":\"Hochwertige naturblonde Dreadlocks aus europ\u00e4ischem Haar. Weich, luftig und langlebig, hergestellt von den Experten des Daddy Dreads Studio.\",\"breadcrumb\":{\"@id\":\"https:\/\/daddydread.com\/de\/produkt\/natuerliche-dreads-farbe-naturblond\/#breadcrumb\"},\"inLanguage\":\"de\",\"potentialAction\":[{\"@type\":\"ReadAction\",\"target\":[\"https:\/\/daddydread.com\/de\/produkt\/natuerliche-dreads-farbe-naturblond\/\"]}]},{\"@type\":\"ImageObject\",\"inLanguage\":\"de\",\"@id\":\"https:\/\/daddydread.com\/de\/produkt\/natuerliche-dreads-farbe-naturblond\/#primaryimage\",\"url\":\"https:\/\/daddydread.com\/wp-content\/uploads\/2024\/11\/001.jpg\",\"contentUrl\":\"https:\/\/daddydread.com\/wp-content\/uploads\/2024\/11\/001.jpg\",\"width\":1920,\"height\":2560,\"caption\":\"Natural Dreads \u2013 Color Natural Blonde\"},{\"@type\":\"BreadcrumbList\",\"@id\":\"https:\/\/daddydread.com\/de\/produkt\/natuerliche-dreads-farbe-naturblond\/#breadcrumb\",\"itemListElement\":[{\"@type\":\"ListItem\",\"position\":1,\"name\":\"\u0413\u043b\u0430\u0432\u043d\u0430\u044f \u0441\u0442\u0440\u0430\u043d\u0438\u0446\u0430\",\"item\":\"https:\/\/daddydread.com\/de\/\"},{\"@type\":\"ListItem\",\"position\":2,\"name\":\"Dreadlocks Shop\",\"item\":\"https:\/\/daddydread.com\/de\/shop\/\"},{\"@type\":\"ListItem\",\"position\":3,\"name\":\"Nat\u00fcrliche Dreads &#8211; Farbe Naturblond\"}]},{\"@type\":\"WebSite\",\"@id\":\"https:\/\/daddydread.com\/de\/#website\",\"url\":\"https:\/\/daddydread.com\/de\/\",\"name\":\"Daddy Dreads\",\"description\":\"Dreadlocks shop\",\"potentialAction\":[{\"@type\":\"SearchAction\",\"target\":{\"@type\":\"EntryPoint\",\"urlTemplate\":\"https:\/\/daddydread.com\/de\/?s={search_term_string}\"},\"query-input\":\"required name=search_term_string\"}],\"inLanguage\":\"de\"}]}<\/script>\n<!-- \/ Yoast SEO plugin. -->","yoast_head_json":{"title":"Nat\u00fcrliche blonde Dreadlocks aus europ\u00e4ischem Echthaar","description":"Hochwertige naturblonde Dreadlocks aus europ\u00e4ischem Haar. Weich, luftig und langlebig, hergestellt von den Experten des Daddy Dreads Studio.","robots":{"index":"index","follow":"follow","max-snippet":"max-snippet:-1","max-image-preview":"max-image-preview:large","max-video-preview":"max-video-preview:-1"},"canonical":"https:\/\/daddydread.com\/de\/produkt\/natuerliche-dreads-farbe-naturblond\/","og_locale":"de_DE","og_type":"article","og_title":"Nat\u00fcrliche blonde Dreadlocks aus europ\u00e4ischem Echthaar","og_description":"Hochwertige naturblonde Dreadlocks aus europ\u00e4ischem Haar. Weich, luftig und langlebig, hergestellt von den Experten des Daddy Dreads Studio.","og_url":"https:\/\/daddydread.com\/de\/produkt\/natuerliche-dreads-farbe-naturblond\/","og_site_name":"Daddy Dreads","article_modified_time":"2025-06-13T22:15:40+00:00","og_image":[{"width":600,"height":800,"url":"https:\/\/daddydread.com\/wp-content\/uploads\/2024\/11\/001-600x800.jpg","type":"image\/jpeg"}],"twitter_card":"summary_large_image","twitter_misc":{"Gesch\u00e4tzte Lesezeit":"2\u00a0Minuten"},"schema":{"@context":"https:\/\/schema.org","@graph":[{"@type":"WebPage","@id":"https:\/\/daddydread.com\/de\/produkt\/natuerliche-dreads-farbe-naturblond\/","url":"https:\/\/daddydread.com\/de\/produkt\/natuerliche-dreads-farbe-naturblond\/","name":"Nat\u00fcrliche blonde Dreadlocks aus europ\u00e4ischem Echthaar","isPartOf":{"@id":"https:\/\/daddydread.com\/de\/#website"},"primaryImageOfPage":{"@id":"https:\/\/daddydread.com\/de\/produkt\/natuerliche-dreads-farbe-naturblond\/#primaryimage"},"image":{"@id":"https:\/\/daddydread.com\/de\/produkt\/natuerliche-dreads-farbe-naturblond\/#primaryimage"},"thumbnailUrl":"https:\/\/daddydread.com\/wp-content\/uploads\/2024\/11\/001.jpg","datePublished":"2024-11-04T19:09:14+00:00","dateModified":"2025-06-13T22:15:40+00:00","description":"Hochwertige naturblonde Dreadlocks aus europ\u00e4ischem Haar. Weich, luftig und langlebig, hergestellt von den Experten des Daddy Dreads Studio.","breadcrumb":{"@id":"https:\/\/daddydread.com\/de\/produkt\/natuerliche-dreads-farbe-naturblond\/#breadcrumb"},"inLanguage":"de","potentialAction":[{"@type":"ReadAction","target":["https:\/\/daddydread.com\/de\/produkt\/natuerliche-dreads-farbe-naturblond\/"]}]},{"@type":"ImageObject","inLanguage":"de","@id":"https:\/\/daddydread.com\/de\/produkt\/natuerliche-dreads-farbe-naturblond\/#primaryimage","url":"https:\/\/daddydread.com\/wp-content\/uploads\/2024\/11\/001.jpg","contentUrl":"https:\/\/daddydread.com\/wp-content\/uploads\/2024\/11\/001.jpg","width":1920,"height":2560,"caption":"Natural Dreads \u2013 Color Natural Blonde"},{"@type":"BreadcrumbList","@id":"https:\/\/daddydread.com\/de\/produkt\/natuerliche-dreads-farbe-naturblond\/#breadcrumb","itemListElement":[{"@type":"ListItem","position":1,"name":"\u0413\u043b\u0430\u0432\u043d\u0430\u044f \u0441\u0442\u0440\u0430\u043d\u0438\u0446\u0430","item":"https:\/\/daddydread.com\/de\/"},{"@type":"ListItem","position":2,"name":"Dreadlocks Shop","item":"https:\/\/daddydread.com\/de\/shop\/"},{"@type":"ListItem","position":3,"name":"Nat\u00fcrliche Dreads &#8211; Farbe Naturblond"}]},{"@type":"WebSite","@id":"https:\/\/daddydread.com\/de\/#website","url":"https:\/\/daddydread.com\/de\/","name":"Daddy Dreads","description":"Dreadlocks shop","potentialAction":[{"@type":"SearchAction","target":{"@type":"EntryPoint","urlTemplate":"https:\/\/daddydread.com\/de\/?s={search_term_string}"},"query-input":"required name=search_term_string"}],"inLanguage":"de"}]}},"jetpack_sharing_enabled":true,"_links":{"self":[{"href":"https:\/\/daddydread.com\/de\/wp-json\/wp\/v2\/product\/41086","targetHints":{"allow":["GET"]}}],"collection":[{"href":"https:\/\/daddydread.com\/de\/wp-json\/wp\/v2\/product"}],"about":[{"href":"https:\/\/daddydread.com\/de\/wp-json\/wp\/v2\/types\/product"}],"replies":[{"embeddable":true,"href":"https:\/\/daddydread.com\/de\/wp-json\/wp\/v2\/comments?post=41086"}],"wp:featuredmedia":[{"embeddable":true,"href":"https:\/\/daddydread.com\/de\/wp-json\/wp\/v2\/media\/41249"}],"wp:attachment":[{"href":"https:\/\/daddydread.com\/de\/wp-json\/wp\/v2\/media?parent=41086"}],"wp:term":[{"taxonomy":"product_brand","embeddable":true,"href":"https:\/\/daddydread.com\/de\/wp-json\/wp\/v2\/product_brand?post=41086"},{"taxonomy":"product_cat","embeddable":true,"href":"https:\/\/daddydread.com\/de\/wp-json\/wp\/v2\/product_cat?post=41086"},{"taxonomy":"product_tag","embeddable":true,"href":"https:\/\/daddydread.com\/de\/wp-json\/wp\/v2\/product_tag?post=41086"}],"curies":[{"name":"wp","href":"https:\/\/api.w.org\/{rel}","templated":true}]}}