{"id":40871,"date":"2024-10-03T21:19:58","date_gmt":"2024-10-03T18:19:58","guid":{"rendered":"https:\/\/daddydread.com\/?post_type=product&#038;p=40871"},"modified":"2024-10-10T21:09:26","modified_gmt":"2024-10-10T18:09:26","slug":"online-kurs-11","status":"publish","type":"product","link":"https:\/\/daddydread.com\/de\/produkt\/online-kurs-11\/","title":{"rendered":"Wie man synthetische Dreadlocks h\u00e4kelt"},"content":{"rendered":"","protected":false},"excerpt":{"rendered":"<div>\n<p>In diesem Kurs lernst du, wie unsere geh\u00e4kelten synthetischen Dreadlocks hergestellt werden. Ich erz\u00e4hle dir im Detail alle Prozesse und Geheimnisse der Herstellung unserer Kits. Dieser Kurs ist sowohl f\u00fcr Anf\u00e4nger als auch f\u00fcr Meister geeignet, die bereits Dreadlocks machen. Ich bin sicher, dass du auch viele n\u00fctzliche Informationen aus meiner 12-j\u00e4hrigen Erfahrung in der Herstellung von Dreadlocks erhalten wirst.<br \/>\nNach diesem Kurs wirst du wissen, wie du schnell fantastisch glatte und weiche Dreadlocks machen kannst. Wie du dir beim Arbeiten mit dem Haken nicht in die Finger stichst. Wie man Fehler mit dem Dampfer korrigiert und vieles mehr. Au\u00dferdem erh\u00e4ltst du nach bestandenem Kurs ein Zertifikat \u00fcber die Teilnahme an meinem Kurs.<\/p>\n<\/div>\n<div>\n<p><strong>Was genau ist in diesem Kurs enthalten?<\/strong><\/p>\n<ul>\n<li>Die Zerlegung der Werkzeuge, die du f\u00fcr die Herstellung von Dreadlocks brauchst.<\/li>\n<li>Wie man eine Haarstr\u00e4hne richtig fixiert, so dass man sich beim Flechten nicht die H\u00e4nde verletzt. Ich teile die Geheimnisse. Zeigen, was wir zu bekommen.<\/li>\n<li>Vorbereiten der Str\u00e4hne f\u00fcr den Kamm. Tangling die Str\u00e4hne.<\/li>\n<li>Technik der Arbeit mit einem Kamm (Backcomb). Die Grundlage der Dreadlocks. Die Geheimnisse einer schnellen und nicht zusammenfallenden Str\u00e4hne im Inneren der Dreadlocks.<\/li>\n<li>H\u00e4keltechnik. Die Grundlagen der Technik, die die Finger nicht verletzt oder traumatisiert. Verschiedene Arten von Techniken.<\/li>\n<li>Dampfen von Dreadlocks. Ich sage dir, welcher Dampfer der richtige f\u00fcr dich ist. Glatte Dreadlocks machen und ein bisschen Magie.<\/li>\n<\/ul>\n<\/div>\n<blockquote><p><strong>Nach dem Kauf erhalten Sie eine Datei mit Zugang zum Kurs an die von Ihnen angegebene E-Mail-Adresse.<\/strong><\/p>\n<p><strong>Der Kurs ist auf Englisch verf\u00fcgbar.<\/strong><\/p><\/blockquote>\n","protected":false},"featured_media":40874,"comment_status":"open","ping_status":"closed","template":"","meta":{"_acf_changed":false},"product_brand":[],"product_cat":[417],"product_tag":[],"class_list":{"0":"post-40871","1":"product","2":"type-product","3":"status-publish","4":"has-post-thumbnail","6":"product_cat-akademie","8":"first","9":"instock","10":"downloadable","11":"virtual","12":"purchasable","13":"product-type-simple"},"acf":[],"yoast_head":"<!-- This site is optimized with the Yoast SEO plugin v22.3 - https:\/\/yoast.com\/wordpress\/plugins\/seo\/ -->\n<title>Wie man synthetische Dreadlocks h\u00e4kelt - Online-Kurs<\/title>\n<meta name=\"description\" content=\"Lerne, wie du mit unserer H\u00e4keltechnik glatte, weiche Dreadlocks machen kannst. Nimm an unserem von Experten geleiteten Kurs teil und lass dich f\u00fcr die Herstellung von Dreadlocks zertifizieren.\" \/>\n<meta name=\"robots\" content=\"index, follow, max-snippet:-1, max-image-preview:large, max-video-preview:-1\" \/>\n<link rel=\"canonical\" href=\"https:\/\/daddydread.com\/de\/produkt\/online-kurs-11\/\" \/>\n<meta property=\"og:locale\" content=\"de_DE\" \/>\n<meta property=\"og:type\" content=\"article\" \/>\n<meta property=\"og:title\" content=\"Wie man synthetische Dreadlocks h\u00e4kelt - Online-Kurs\" \/>\n<meta property=\"og:description\" content=\"Lerne, wie du mit unserer H\u00e4keltechnik glatte, weiche Dreadlocks machen kannst. Nimm an unserem von Experten geleiteten Kurs teil und lass dich f\u00fcr die Herstellung von Dreadlocks zertifizieren.\" \/>\n<meta property=\"og:url\" content=\"https:\/\/daddydread.com\/de\/produkt\/online-kurs-11\/\" \/>\n<meta property=\"og:site_name\" content=\"Daddy Dreads\" \/>\n<meta property=\"article:modified_time\" content=\"2024-10-10T18:09:26+00:00\" \/>\n<meta property=\"og:image\" content=\"https:\/\/daddydread.com\/wp-content\/uploads\/2024\/10\/001.jpg\" \/>\n\t<meta property=\"og:image:width\" content=\"1440\" \/>\n\t<meta property=\"og:image:height\" content=\"1930\" \/>\n\t<meta property=\"og:image:type\" content=\"image\/jpeg\" \/>\n<meta name=\"twitter:card\" content=\"summary_large_image\" \/>\n<meta name=\"twitter:label1\" content=\"Gesch\u00e4tzte Lesezeit\" \/>\n\t<meta name=\"twitter:data1\" content=\"1\u00a0Minute\" \/>\n<script type=\"application\/ld+json\" class=\"yoast-schema-graph\">{\"@context\":\"https:\/\/schema.org\",\"@graph\":[{\"@type\":\"WebPage\",\"@id\":\"https:\/\/daddydread.com\/de\/produkt\/online-kurs-11\/\",\"url\":\"https:\/\/daddydread.com\/de\/produkt\/online-kurs-11\/\",\"name\":\"Wie man synthetische Dreadlocks h\u00e4kelt - Online-Kurs\",\"isPartOf\":{\"@id\":\"https:\/\/daddydread.com\/de\/#website\"},\"primaryImageOfPage\":{\"@id\":\"https:\/\/daddydread.com\/de\/produkt\/online-kurs-11\/#primaryimage\"},\"image\":{\"@id\":\"https:\/\/daddydread.com\/de\/produkt\/online-kurs-11\/#primaryimage\"},\"thumbnailUrl\":\"https:\/\/daddydread.com\/wp-content\/uploads\/2024\/10\/001.jpg\",\"datePublished\":\"2024-10-03T18:19:58+00:00\",\"dateModified\":\"2024-10-10T18:09:26+00:00\",\"description\":\"Lerne, wie du mit unserer H\u00e4keltechnik glatte, weiche Dreadlocks machen kannst. Nimm an unserem von Experten geleiteten Kurs teil und lass dich f\u00fcr die Herstellung von Dreadlocks zertifizieren.\",\"breadcrumb\":{\"@id\":\"https:\/\/daddydread.com\/de\/produkt\/online-kurs-11\/#breadcrumb\"},\"inLanguage\":\"de\",\"potentialAction\":[{\"@type\":\"ReadAction\",\"target\":[\"https:\/\/daddydread.com\/de\/produkt\/online-kurs-11\/\"]}]},{\"@type\":\"ImageObject\",\"inLanguage\":\"de\",\"@id\":\"https:\/\/daddydread.com\/de\/produkt\/online-kurs-11\/#primaryimage\",\"url\":\"https:\/\/daddydread.com\/wp-content\/uploads\/2024\/10\/001.jpg\",\"contentUrl\":\"https:\/\/daddydread.com\/wp-content\/uploads\/2024\/10\/001.jpg\",\"width\":1440,\"height\":1930},{\"@type\":\"BreadcrumbList\",\"@id\":\"https:\/\/daddydread.com\/de\/produkt\/online-kurs-11\/#breadcrumb\",\"itemListElement\":[{\"@type\":\"ListItem\",\"position\":1,\"name\":\"\u0413\u043b\u0430\u0432\u043d\u0430\u044f \u0441\u0442\u0440\u0430\u043d\u0438\u0446\u0430\",\"item\":\"https:\/\/daddydread.com\/de\/\"},{\"@type\":\"ListItem\",\"position\":2,\"name\":\"Dreadlocks Shop\",\"item\":\"https:\/\/daddydread.com\/de\/shop\/\"},{\"@type\":\"ListItem\",\"position\":3,\"name\":\"Wie man synthetische Dreadlocks h\u00e4kelt\"}]},{\"@type\":\"WebSite\",\"@id\":\"https:\/\/daddydread.com\/de\/#website\",\"url\":\"https:\/\/daddydread.com\/de\/\",\"name\":\"Daddy Dreads\",\"description\":\"Dreadlocks shop\",\"potentialAction\":[{\"@type\":\"SearchAction\",\"target\":{\"@type\":\"EntryPoint\",\"urlTemplate\":\"https:\/\/daddydread.com\/de\/?s={search_term_string}\"},\"query-input\":\"required name=search_term_string\"}],\"inLanguage\":\"de\"}]}<\/script>\n<!-- \/ Yoast SEO plugin. -->","yoast_head_json":{"title":"Wie man synthetische Dreadlocks h\u00e4kelt - Online-Kurs","description":"Lerne, wie du mit unserer H\u00e4keltechnik glatte, weiche Dreadlocks machen kannst. Nimm an unserem von Experten geleiteten Kurs teil und lass dich f\u00fcr die Herstellung von Dreadlocks zertifizieren.","robots":{"index":"index","follow":"follow","max-snippet":"max-snippet:-1","max-image-preview":"max-image-preview:large","max-video-preview":"max-video-preview:-1"},"canonical":"https:\/\/daddydread.com\/de\/produkt\/online-kurs-11\/","og_locale":"de_DE","og_type":"article","og_title":"Wie man synthetische Dreadlocks h\u00e4kelt - Online-Kurs","og_description":"Lerne, wie du mit unserer H\u00e4keltechnik glatte, weiche Dreadlocks machen kannst. Nimm an unserem von Experten geleiteten Kurs teil und lass dich f\u00fcr die Herstellung von Dreadlocks zertifizieren.","og_url":"https:\/\/daddydread.com\/de\/produkt\/online-kurs-11\/","og_site_name":"Daddy Dreads","article_modified_time":"2024-10-10T18:09:26+00:00","og_image":[{"width":1440,"height":1930,"url":"https:\/\/daddydread.com\/wp-content\/uploads\/2024\/10\/001.jpg","type":"image\/jpeg"}],"twitter_card":"summary_large_image","twitter_misc":{"Gesch\u00e4tzte Lesezeit":"1\u00a0Minute"},"schema":{"@context":"https:\/\/schema.org","@graph":[{"@type":"WebPage","@id":"https:\/\/daddydread.com\/de\/produkt\/online-kurs-11\/","url":"https:\/\/daddydread.com\/de\/produkt\/online-kurs-11\/","name":"Wie man synthetische Dreadlocks h\u00e4kelt - Online-Kurs","isPartOf":{"@id":"https:\/\/daddydread.com\/de\/#website"},"primaryImageOfPage":{"@id":"https:\/\/daddydread.com\/de\/produkt\/online-kurs-11\/#primaryimage"},"image":{"@id":"https:\/\/daddydread.com\/de\/produkt\/online-kurs-11\/#primaryimage"},"thumbnailUrl":"https:\/\/daddydread.com\/wp-content\/uploads\/2024\/10\/001.jpg","datePublished":"2024-10-03T18:19:58+00:00","dateModified":"2024-10-10T18:09:26+00:00","description":"Lerne, wie du mit unserer H\u00e4keltechnik glatte, weiche Dreadlocks machen kannst. Nimm an unserem von Experten geleiteten Kurs teil und lass dich f\u00fcr die Herstellung von Dreadlocks zertifizieren.","breadcrumb":{"@id":"https:\/\/daddydread.com\/de\/produkt\/online-kurs-11\/#breadcrumb"},"inLanguage":"de","potentialAction":[{"@type":"ReadAction","target":["https:\/\/daddydread.com\/de\/produkt\/online-kurs-11\/"]}]},{"@type":"ImageObject","inLanguage":"de","@id":"https:\/\/daddydread.com\/de\/produkt\/online-kurs-11\/#primaryimage","url":"https:\/\/daddydread.com\/wp-content\/uploads\/2024\/10\/001.jpg","contentUrl":"https:\/\/daddydread.com\/wp-content\/uploads\/2024\/10\/001.jpg","width":1440,"height":1930},{"@type":"BreadcrumbList","@id":"https:\/\/daddydread.com\/de\/produkt\/online-kurs-11\/#breadcrumb","itemListElement":[{"@type":"ListItem","position":1,"name":"\u0413\u043b\u0430\u0432\u043d\u0430\u044f \u0441\u0442\u0440\u0430\u043d\u0438\u0446\u0430","item":"https:\/\/daddydread.com\/de\/"},{"@type":"ListItem","position":2,"name":"Dreadlocks Shop","item":"https:\/\/daddydread.com\/de\/shop\/"},{"@type":"ListItem","position":3,"name":"Wie man synthetische Dreadlocks h\u00e4kelt"}]},{"@type":"WebSite","@id":"https:\/\/daddydread.com\/de\/#website","url":"https:\/\/daddydread.com\/de\/","name":"Daddy Dreads","description":"Dreadlocks shop","potentialAction":[{"@type":"SearchAction","target":{"@type":"EntryPoint","urlTemplate":"https:\/\/daddydread.com\/de\/?s={search_term_string}"},"query-input":"required name=search_term_string"}],"inLanguage":"de"}]}},"jetpack_sharing_enabled":true,"_links":{"self":[{"href":"https:\/\/daddydread.com\/de\/wp-json\/wp\/v2\/product\/40871","targetHints":{"allow":["GET"]}}],"collection":[{"href":"https:\/\/daddydread.com\/de\/wp-json\/wp\/v2\/product"}],"about":[{"href":"https:\/\/daddydread.com\/de\/wp-json\/wp\/v2\/types\/product"}],"replies":[{"embeddable":true,"href":"https:\/\/daddydread.com\/de\/wp-json\/wp\/v2\/comments?post=40871"}],"wp:featuredmedia":[{"embeddable":true,"href":"https:\/\/daddydread.com\/de\/wp-json\/wp\/v2\/media\/40874"}],"wp:attachment":[{"href":"https:\/\/daddydread.com\/de\/wp-json\/wp\/v2\/media?parent=40871"}],"wp:term":[{"taxonomy":"product_brand","embeddable":true,"href":"https:\/\/daddydread.com\/de\/wp-json\/wp\/v2\/product_brand?post=40871"},{"taxonomy":"product_cat","embeddable":true,"href":"https:\/\/daddydread.com\/de\/wp-json\/wp\/v2\/product_cat?post=40871"},{"taxonomy":"product_tag","embeddable":true,"href":"https:\/\/daddydread.com\/de\/wp-json\/wp\/v2\/product_tag?post=40871"}],"curies":[{"name":"wp","href":"https:\/\/api.w.org\/{rel}","templated":true}]}}