{"id":39931,"date":"2024-09-05T00:02:00","date_gmt":"2024-09-04T21:02:00","guid":{"rendered":"https:\/\/daddydread.com\/?post_type=product&#038;p=39931"},"modified":"2026-01-16T23:15:42","modified_gmt":"2026-01-16T20:15:42","slug":"natural-dreads-gemischte-boho-farben","status":"publish","type":"product","link":"https:\/\/daddydread.com\/de\/produkt\/natural-dreads-gemischte-boho-farben\/","title":{"rendered":"Natural Dreads &#8211; Gemischte Boho-Farben"},"content":{"rendered":"<h2>Woher bekommen wir unser Haar?<\/h2>\n<p>Wir haben lange Zeit verschiedene Hersteller ausgesucht und nun den besten gefunden, die Qualit\u00e4t der Haare ist erstklassig, wir verwenden diese Haare um Dreadlocksets zu erstellen und auch um nat\u00fcrliche Dreadlocks in unserem Studio zu verl\u00e4ngern. Aufgrund der gro\u00dfen Anzahl an Farben k\u00f6nnen wir f\u00fcr dich ein individuelles Set anfertigen, schreibe uns einfach an und f\u00fcge ein Foto deiner Haare bei, wir werden uns freuen, f\u00fcr dich atemberaubende Dreadlocks zu machen.<\/p>\n<p>Zu welchem Haartyp w\u00fcrde dieses Dreadlock-Set perfekt aussehen?<\/p>\n<ul>\n<li>Braun<\/li>\n<li>Dunkelbraun<\/li>\n<li>Dunkelblond<\/li>\n<li>Honig<\/li>\n<\/ul>\n<h2>Welche Art von Halterung w\u00e4re die ideale Wahl?<\/h2>\n<p>&#8211; \u201e<a href=\"https:\/\/daddydread.com\/de\/produkt\/online-kurs-04\/\"><strong>Skandinavischer Stil<\/strong><\/a>\u201c als tempor\u00e4re Befestigung<\/p>\n<p>Wenn du lernen m\u00f6chtest, wie man Dreadlocks in diesem Stil anbringt, findest du dieses Tutorial mit dem Titel \u201e<a href=\"https:\/\/daddydread.com\/de\/produkt\/online-kurs-05\/\"><strong>Skandinavische Flechtung<\/strong><\/a>\u201c in der Rubrik \u201eAkademie\u201c auf der Website<\/p>\n<p>Ein Satz Boho-Dreadlocks kann an jeder Stelle des Kopfes angebracht werden. Es kann entweder ein Akzent in deinem Haar sein, wenn du sie am Hinterkopf anbringst. Aber auch beim Flechten des gesamten Kopfes sieht dieses Set toll aus. Das Layout ist beim Flechten von Dreadlocks sehr wichtig. Schau dir unsere \u201e<a href=\"https:\/\/daddydread.com\/de\/akademie\/\"><strong>Akademie<\/strong><\/a>\u201c-Sektion an, in der du tonnenweise Tutorials findest, mit denen du ein professioneller Meister werden kannst.<\/p>\n<p>Wenn du irgendwelche Fragen hast, schick mir einfach eine E-Mail!<\/p>\n<p>Mit freundlichen Gr\u00fc\u00dfen, <a href=\"https:\/\/daddydread.com\/de\/danila-deriabin\/\"><strong>Danila Deryabin<\/strong><\/a>, Gr\u00fcnderin der <a href=\"https:\/\/daddydread.com\/de\/ueber-uns\/\"><strong>Marke Daddy Dreads<\/strong><\/a>.<\/p>\n","protected":false},"excerpt":{"rendered":"<p>Diese Dreadlocks wurden vom Boho-Stil inspiriert, die gemischten Farbt\u00f6ne betonen nur die Textur der Dreadlocks, ohne sich in die Farbpalette des Kleidungsst\u00fccks einzuf\u00fcgen. Dank der drei Haarfarben, die wir bei der Kreation verwendet haben, sehen diese Dreadlocks so nat\u00fcrlich wie m\u00f6glich aus. Wenn du heute als Tr\u00e4gerin sch\u00f6ner, weicher Dreadlocks einen raffinierten Look willst, sind diese Dreadlocks perfekt f\u00fcr dich.<\/p>\n<p>Hauptmerkmale:<\/p>\n<ul>\n<li>Dicke 0,8-1 cm<\/li>\n<li>Hergestellt aus weichem Naturhaar<\/li>\n<li>Ma\u00dfgeschneiderte Versionen erh\u00e4ltlich<\/li>\n<\/ul>\n","protected":false},"featured_media":42452,"comment_status":"open","ping_status":"closed","template":"","meta":{"_acf_changed":false},"product_brand":[],"product_cat":[253],"product_tag":[],"class_list":{"0":"post-39931","1":"product","2":"type-product","3":"status-publish","4":"has-post-thumbnail","6":"product_cat-natuerliche-dreadlocks","8":"first","9":"instock","10":"shipping-taxable","11":"purchasable","12":"product-type-variable"},"acf":[],"yoast_head":"<!-- This site is optimized with the Yoast SEO plugin v22.3 - https:\/\/yoast.com\/wordpress\/plugins\/seo\/ -->\n<title>Gemischte Farbe nat\u00fcrliches menschliches Haar Dreadlocks<\/title>\n<meta name=\"description\" content=\"Peppen Sie Ihren Look mit weichen, nat\u00fcrlichen Echthaar-Dreadlocks in gemischten Boho-Farben auf. Anpassbar an Ihr Haar f\u00fcr einen eleganten Stil.\" \/>\n<meta name=\"robots\" content=\"index, follow, max-snippet:-1, max-image-preview:large, max-video-preview:-1\" \/>\n<link rel=\"canonical\" href=\"https:\/\/daddydread.com\/de\/produkt\/natural-dreads-gemischte-boho-farben\/\" \/>\n<meta property=\"og:locale\" content=\"de_DE\" \/>\n<meta property=\"og:type\" content=\"article\" \/>\n<meta property=\"og:title\" content=\"Gemischte Farbe nat\u00fcrliches menschliches Haar Dreadlocks\" \/>\n<meta property=\"og:description\" content=\"Peppen Sie Ihren Look mit weichen, nat\u00fcrlichen Echthaar-Dreadlocks in gemischten Boho-Farben auf. Anpassbar an Ihr Haar f\u00fcr einen eleganten Stil.\" \/>\n<meta property=\"og:url\" content=\"https:\/\/daddydread.com\/de\/produkt\/natural-dreads-gemischte-boho-farben\/\" \/>\n<meta property=\"og:site_name\" content=\"Daddy Dreads\" \/>\n<meta property=\"article:modified_time\" content=\"2026-01-16T20:15:42+00:00\" \/>\n<meta property=\"og:image\" content=\"https:\/\/daddydread.com\/wp-content\/uploads\/2024\/09\/001-1-619x800.jpg\" \/>\n\t<meta property=\"og:image:width\" content=\"619\" \/>\n\t<meta property=\"og:image:height\" content=\"800\" \/>\n\t<meta property=\"og:image:type\" content=\"image\/jpeg\" \/>\n<meta name=\"twitter:card\" content=\"summary_large_image\" \/>\n<meta name=\"twitter:label1\" content=\"Gesch\u00e4tzte Lesezeit\" \/>\n\t<meta name=\"twitter:data1\" content=\"2\u00a0Minuten\" \/>\n<script type=\"application\/ld+json\" class=\"yoast-schema-graph\">{\"@context\":\"https:\/\/schema.org\",\"@graph\":[{\"@type\":\"WebPage\",\"@id\":\"https:\/\/daddydread.com\/de\/produkt\/natural-dreads-gemischte-boho-farben\/\",\"url\":\"https:\/\/daddydread.com\/de\/produkt\/natural-dreads-gemischte-boho-farben\/\",\"name\":\"Gemischte Farbe nat\u00fcrliches menschliches Haar Dreadlocks\",\"isPartOf\":{\"@id\":\"https:\/\/daddydread.com\/de\/#website\"},\"primaryImageOfPage\":{\"@id\":\"https:\/\/daddydread.com\/de\/produkt\/natural-dreads-gemischte-boho-farben\/#primaryimage\"},\"image\":{\"@id\":\"https:\/\/daddydread.com\/de\/produkt\/natural-dreads-gemischte-boho-farben\/#primaryimage\"},\"thumbnailUrl\":\"https:\/\/daddydread.com\/wp-content\/uploads\/2024\/09\/001-1.jpg\",\"datePublished\":\"2024-09-04T21:02:00+00:00\",\"dateModified\":\"2026-01-16T20:15:42+00:00\",\"description\":\"Peppen Sie Ihren Look mit weichen, nat\u00fcrlichen Echthaar-Dreadlocks in gemischten Boho-Farben auf. Anpassbar an Ihr Haar f\u00fcr einen eleganten Stil.\",\"breadcrumb\":{\"@id\":\"https:\/\/daddydread.com\/de\/produkt\/natural-dreads-gemischte-boho-farben\/#breadcrumb\"},\"inLanguage\":\"de\",\"potentialAction\":[{\"@type\":\"ReadAction\",\"target\":[\"https:\/\/daddydread.com\/de\/produkt\/natural-dreads-gemischte-boho-farben\/\"]}]},{\"@type\":\"ImageObject\",\"inLanguage\":\"de\",\"@id\":\"https:\/\/daddydread.com\/de\/produkt\/natural-dreads-gemischte-boho-farben\/#primaryimage\",\"url\":\"https:\/\/daddydread.com\/wp-content\/uploads\/2024\/09\/001-1.jpg\",\"contentUrl\":\"https:\/\/daddydread.com\/wp-content\/uploads\/2024\/09\/001-1.jpg\",\"width\":1980,\"height\":2560,\"caption\":\"Natural Dreads - Gemischte Boho-Farben\"},{\"@type\":\"BreadcrumbList\",\"@id\":\"https:\/\/daddydread.com\/de\/produkt\/natural-dreads-gemischte-boho-farben\/#breadcrumb\",\"itemListElement\":[{\"@type\":\"ListItem\",\"position\":1,\"name\":\"\u0413\u043b\u0430\u0432\u043d\u0430\u044f \u0441\u0442\u0440\u0430\u043d\u0438\u0446\u0430\",\"item\":\"https:\/\/daddydread.com\/de\/\"},{\"@type\":\"ListItem\",\"position\":2,\"name\":\"Dreadlocks Shop\",\"item\":\"https:\/\/daddydread.com\/de\/shop\/\"},{\"@type\":\"ListItem\",\"position\":3,\"name\":\"Natural Dreads &#8211; Gemischte Boho-Farben\"}]},{\"@type\":\"WebSite\",\"@id\":\"https:\/\/daddydread.com\/de\/#website\",\"url\":\"https:\/\/daddydread.com\/de\/\",\"name\":\"Daddy Dreads\",\"description\":\"Dreadlocks shop\",\"potentialAction\":[{\"@type\":\"SearchAction\",\"target\":{\"@type\":\"EntryPoint\",\"urlTemplate\":\"https:\/\/daddydread.com\/de\/?s={search_term_string}\"},\"query-input\":\"required name=search_term_string\"}],\"inLanguage\":\"de\"}]}<\/script>\n<!-- \/ Yoast SEO plugin. -->","yoast_head_json":{"title":"Gemischte Farbe nat\u00fcrliches menschliches Haar Dreadlocks","description":"Peppen Sie Ihren Look mit weichen, nat\u00fcrlichen Echthaar-Dreadlocks in gemischten Boho-Farben auf. Anpassbar an Ihr Haar f\u00fcr einen eleganten Stil.","robots":{"index":"index","follow":"follow","max-snippet":"max-snippet:-1","max-image-preview":"max-image-preview:large","max-video-preview":"max-video-preview:-1"},"canonical":"https:\/\/daddydread.com\/de\/produkt\/natural-dreads-gemischte-boho-farben\/","og_locale":"de_DE","og_type":"article","og_title":"Gemischte Farbe nat\u00fcrliches menschliches Haar Dreadlocks","og_description":"Peppen Sie Ihren Look mit weichen, nat\u00fcrlichen Echthaar-Dreadlocks in gemischten Boho-Farben auf. Anpassbar an Ihr Haar f\u00fcr einen eleganten Stil.","og_url":"https:\/\/daddydread.com\/de\/produkt\/natural-dreads-gemischte-boho-farben\/","og_site_name":"Daddy Dreads","article_modified_time":"2026-01-16T20:15:42+00:00","og_image":[{"width":619,"height":800,"url":"https:\/\/daddydread.com\/wp-content\/uploads\/2024\/09\/001-1-619x800.jpg","type":"image\/jpeg"}],"twitter_card":"summary_large_image","twitter_misc":{"Gesch\u00e4tzte Lesezeit":"2\u00a0Minuten"},"schema":{"@context":"https:\/\/schema.org","@graph":[{"@type":"WebPage","@id":"https:\/\/daddydread.com\/de\/produkt\/natural-dreads-gemischte-boho-farben\/","url":"https:\/\/daddydread.com\/de\/produkt\/natural-dreads-gemischte-boho-farben\/","name":"Gemischte Farbe nat\u00fcrliches menschliches Haar Dreadlocks","isPartOf":{"@id":"https:\/\/daddydread.com\/de\/#website"},"primaryImageOfPage":{"@id":"https:\/\/daddydread.com\/de\/produkt\/natural-dreads-gemischte-boho-farben\/#primaryimage"},"image":{"@id":"https:\/\/daddydread.com\/de\/produkt\/natural-dreads-gemischte-boho-farben\/#primaryimage"},"thumbnailUrl":"https:\/\/daddydread.com\/wp-content\/uploads\/2024\/09\/001-1.jpg","datePublished":"2024-09-04T21:02:00+00:00","dateModified":"2026-01-16T20:15:42+00:00","description":"Peppen Sie Ihren Look mit weichen, nat\u00fcrlichen Echthaar-Dreadlocks in gemischten Boho-Farben auf. Anpassbar an Ihr Haar f\u00fcr einen eleganten Stil.","breadcrumb":{"@id":"https:\/\/daddydread.com\/de\/produkt\/natural-dreads-gemischte-boho-farben\/#breadcrumb"},"inLanguage":"de","potentialAction":[{"@type":"ReadAction","target":["https:\/\/daddydread.com\/de\/produkt\/natural-dreads-gemischte-boho-farben\/"]}]},{"@type":"ImageObject","inLanguage":"de","@id":"https:\/\/daddydread.com\/de\/produkt\/natural-dreads-gemischte-boho-farben\/#primaryimage","url":"https:\/\/daddydread.com\/wp-content\/uploads\/2024\/09\/001-1.jpg","contentUrl":"https:\/\/daddydread.com\/wp-content\/uploads\/2024\/09\/001-1.jpg","width":1980,"height":2560,"caption":"Natural Dreads - Gemischte Boho-Farben"},{"@type":"BreadcrumbList","@id":"https:\/\/daddydread.com\/de\/produkt\/natural-dreads-gemischte-boho-farben\/#breadcrumb","itemListElement":[{"@type":"ListItem","position":1,"name":"\u0413\u043b\u0430\u0432\u043d\u0430\u044f \u0441\u0442\u0440\u0430\u043d\u0438\u0446\u0430","item":"https:\/\/daddydread.com\/de\/"},{"@type":"ListItem","position":2,"name":"Dreadlocks Shop","item":"https:\/\/daddydread.com\/de\/shop\/"},{"@type":"ListItem","position":3,"name":"Natural Dreads &#8211; Gemischte Boho-Farben"}]},{"@type":"WebSite","@id":"https:\/\/daddydread.com\/de\/#website","url":"https:\/\/daddydread.com\/de\/","name":"Daddy Dreads","description":"Dreadlocks shop","potentialAction":[{"@type":"SearchAction","target":{"@type":"EntryPoint","urlTemplate":"https:\/\/daddydread.com\/de\/?s={search_term_string}"},"query-input":"required name=search_term_string"}],"inLanguage":"de"}]}},"jetpack_sharing_enabled":true,"_links":{"self":[{"href":"https:\/\/daddydread.com\/de\/wp-json\/wp\/v2\/product\/39931","targetHints":{"allow":["GET"]}}],"collection":[{"href":"https:\/\/daddydread.com\/de\/wp-json\/wp\/v2\/product"}],"about":[{"href":"https:\/\/daddydread.com\/de\/wp-json\/wp\/v2\/types\/product"}],"replies":[{"embeddable":true,"href":"https:\/\/daddydread.com\/de\/wp-json\/wp\/v2\/comments?post=39931"}],"wp:featuredmedia":[{"embeddable":true,"href":"https:\/\/daddydread.com\/de\/wp-json\/wp\/v2\/media\/42452"}],"wp:attachment":[{"href":"https:\/\/daddydread.com\/de\/wp-json\/wp\/v2\/media?parent=39931"}],"wp:term":[{"taxonomy":"product_brand","embeddable":true,"href":"https:\/\/daddydread.com\/de\/wp-json\/wp\/v2\/product_brand?post=39931"},{"taxonomy":"product_cat","embeddable":true,"href":"https:\/\/daddydread.com\/de\/wp-json\/wp\/v2\/product_cat?post=39931"},{"taxonomy":"product_tag","embeddable":true,"href":"https:\/\/daddydread.com\/de\/wp-json\/wp\/v2\/product_tag?post=39931"}],"curies":[{"name":"wp","href":"https:\/\/api.w.org\/{rel}","templated":true}]}}