{"id":39445,"date":"2024-08-13T16:58:34","date_gmt":"2024-08-13T13:58:34","guid":{"rendered":"https:\/\/daddydread.com\/?post_type=product&#038;p=39445"},"modified":"2026-01-16T21:19:45","modified_gmt":"2026-01-16T18:19:45","slug":"natuerliche-dreads-skandinavische-wikinger","status":"publish","type":"product","link":"https:\/\/daddydread.com\/de\/produkt\/natuerliche-dreads-skandinavische-wikinger\/","title":{"rendered":"Nat\u00fcrliche Dreads &#8211; Skandinavische Wikinger"},"content":{"rendered":"<p>Dieses Set wurde von Wikingerfrisuren inspiriert, um die Dreadlocks so spektakul\u00e4r wie m\u00f6glich zu machen, habe ich nat\u00fcrliches Echthaar von h\u00f6chster Qualit\u00e4t verwendet.<\/p>\n<p>Ein Set Dreadlocks aus Naturhaar hat kein Verfallsdatum, es kann gef\u00e4rbt werden und die Enden der Dreadlocks wie bei normalem Haar gepflegt, gegl\u00e4ttet oder gelockt werden.<\/p>\n<p>Jedes Mal, wenn eine Person zu mir kommt, um ihre Dreadlocks zu flechten, erschaffe ich ein Bild, ich erschaffe eine neue Person aus demjenigen, der zu mir in den Salon kam. Als ich diese Dreadlocks kreierte, dachte ich daran, dass sie perfekt f\u00fcr ein M\u00e4dchen mit blondem Haar sind, man kann den Pony ungeflochten lassen oder ihn auch flechten. Diese Dreadlocks werden das Bild einer nordischen Sch\u00f6nheit mit schneewei\u00dfem Haar perfekt erg\u00e4nzen. Wenn du eine bist, aber am Meer lebst, wo die salzige Brise dein Haar befeuchtet und die Sonnenstrahlen dein Haar flei\u00dfig in hellen T\u00f6nen f\u00e4rben, sind diese Dreadlocks auch f\u00fcr dich perfekt. Ich habe versucht, ein einzigartiges Set von Dreadlocks zu machen, das zu dir passen wird. Wenn du eine andere Haarfarbe hast, mach dir keine Sorgen, wir k\u00f6nnen ein individuelles Set von Dreadlocks f\u00fcr dich machen, nur f\u00fcr deine Haarfarbe oder Augenfarbe. Ich empfehle dir auch, auf fertige Dreadlocks aus Naturhaar zu achten.<\/p>\n<p>Jede Dreadlock aus diesem Set hat oben eine Schlaufe, die notwendig ist, um die Dreadlocks bequem und &#8222;vor\u00fcbergehend&#8220; an deinem Haar zu befestigen. Die ideale Art, dieses Set anzubringen, w\u00e4re das &#8222;<a href=\"https:\/\/daddydread.com\/de\/produkt\/online-kurs-05\/\"><strong>skandinavische Flechten<\/strong><\/a>&#8222;. Ich habe \u00fcber diese Art der Befestigung in meinem Lehrvideo in der <a href=\"https:\/\/daddydread.com\/de\/akademie\/\"><strong>Academy-Sektion<\/strong><\/a> gesprochen, in dem ich alle Schritte der Befestigung der Dreadlocks an deinem Kopf im Detail zeige. Wenn du deine Dreadlocks mit diesem Set Naturhaar-Dreadlocks verl\u00e4ngern m\u00f6chtest, kannst du einfach eine Schlaufe in den oberen Teil der Dreadlocks schneiden und sie anbringen.<\/p>\n<p>Die Dicke dieser Dreadlocks betr\u00e4gt 0,8-1 cm.<\/p>\n<p>Die L\u00e4nge kannst du nach eigenem Ermessen w\u00e4hlen.<\/p>\n<p>Au\u00dferdem kannst du Dreadlocks mit einfachen oder doppelten Enden w\u00e4hlen.<\/p>\n<p>Wenn du irgendwelche Fragen hast, schreibe mir einfach, ich werde sie gerne beantworten!<\/p>\n<p>Mit freundlichen Gr\u00fc\u00dfen, <a href=\"https:\/\/daddydread.com\/de\/danila-deriabin\/\"><strong>Danila Deryabin<\/strong><\/a>, Gr\u00fcnderin der <a href=\"https:\/\/daddydread.com\/de\/ueber-uns\/\"><strong>Marke Daddy Dreads<\/strong><\/a>.<\/p>\n","protected":false},"excerpt":{"rendered":"<p>Entfessle deine innere Kriegerk\u00f6nigin mit unseren von den Wikingern inspirierten Echthaar-Dreadlocks. Jede einzelne Str\u00e4hne ist ein Kunstwerk, das dich in eine moderne Walk\u00fcre verwandelt. Egal, ob du eine schneeblonde Sch\u00f6nheit oder eine sonnengek\u00fcsste Sirene am Meer bist, diese Dreadlocks passen sich jeder deiner Launen an \u2013 locke, gl\u00e4tte oder f\u00e4rbe sie, wie du willst. Diese Dreadlocks sind mit einer cleveren Schlaufe ausgestattet, mit der du sie einfach und vor\u00fcbergehend befestigen kannst. Sie sind deine Eintrittskarte zu einer epischen Stilreise. W\u00e4hle deine L\u00e4nge, w\u00e4hle einzelne oder doppelte Enden und lass dein Haar eine Geschichte von Kraft, Sch\u00f6nheit und zeitloser Eleganz erz\u00e4hlen.<\/p>\n<p>Hauptmerkmale:<\/p>\n<p>&#8211; Die Dicke dieser Dreadlocks betr\u00e4gt 0,8-1 cm<br \/>\n&#8211; Verwendetes nat\u00fcrliches Echthaar von h\u00f6chster Qualit\u00e4t<\/p>\n","protected":false},"featured_media":46873,"comment_status":"open","ping_status":"closed","template":"","meta":{"_acf_changed":false},"product_brand":[],"product_cat":[253],"product_tag":[],"class_list":{"0":"post-39445","1":"product","2":"type-product","3":"status-publish","4":"has-post-thumbnail","6":"product_cat-natuerliche-dreadlocks","8":"first","9":"instock","10":"shipping-taxable","11":"purchasable","12":"product-type-variable"},"acf":[],"yoast_head":"<!-- This site is optimized with the Yoast SEO plugin v22.3 - https:\/\/yoast.com\/wordpress\/plugins\/seo\/ -->\n<title>Dreadlocks aus nat\u00fcrlichem Echthaar, inspiriert von Wikingerfrisuren<\/title>\n<meta name=\"description\" content=\"Betonen Sie Ihre Sch\u00f6nheit mit Dreadlocks aus feinstem Echthaar. Perfekt f\u00fcr blondes oder hellbraunes Haar. Individuelle Optionen sind f\u00fcr jede Haarfarbe erh\u00e4ltlich.\" \/>\n<meta name=\"robots\" content=\"index, follow, max-snippet:-1, max-image-preview:large, max-video-preview:-1\" \/>\n<link rel=\"canonical\" href=\"https:\/\/daddydread.com\/de\/produkt\/natuerliche-dreads-skandinavische-wikinger\/\" \/>\n<meta property=\"og:locale\" content=\"de_DE\" \/>\n<meta property=\"og:type\" content=\"article\" \/>\n<meta property=\"og:title\" content=\"Dreadlocks aus nat\u00fcrlichem Echthaar, inspiriert von Wikingerfrisuren\" \/>\n<meta property=\"og:description\" content=\"Betonen Sie Ihre Sch\u00f6nheit mit Dreadlocks aus feinstem Echthaar. Perfekt f\u00fcr blondes oder hellbraunes Haar. Individuelle Optionen sind f\u00fcr jede Haarfarbe erh\u00e4ltlich.\" \/>\n<meta property=\"og:url\" content=\"https:\/\/daddydread.com\/de\/produkt\/natuerliche-dreads-skandinavische-wikinger\/\" \/>\n<meta property=\"og:site_name\" content=\"Daddy Dreads\" \/>\n<meta property=\"article:modified_time\" content=\"2026-01-16T18:19:45+00:00\" \/>\n<meta property=\"og:image\" content=\"https:\/\/daddydread.com\/wp-content\/uploads\/2024\/08\/u8996563117_Background_of_brown_colored_wooden_boards_boards__8a160a40-a1f1-4d57-831b-77c2ee3c4a55_2-603x800.png\" \/>\n\t<meta property=\"og:image:width\" content=\"603\" \/>\n\t<meta property=\"og:image:height\" content=\"800\" \/>\n\t<meta property=\"og:image:type\" content=\"image\/png\" \/>\n<meta name=\"twitter:card\" content=\"summary_large_image\" \/>\n<meta name=\"twitter:label1\" content=\"Gesch\u00e4tzte Lesezeit\" \/>\n\t<meta name=\"twitter:data1\" content=\"2\u00a0Minuten\" \/>\n<script type=\"application\/ld+json\" class=\"yoast-schema-graph\">{\"@context\":\"https:\/\/schema.org\",\"@graph\":[{\"@type\":\"WebPage\",\"@id\":\"https:\/\/daddydread.com\/de\/produkt\/natuerliche-dreads-skandinavische-wikinger\/\",\"url\":\"https:\/\/daddydread.com\/de\/produkt\/natuerliche-dreads-skandinavische-wikinger\/\",\"name\":\"Dreadlocks aus nat\u00fcrlichem Echthaar, inspiriert von Wikingerfrisuren\",\"isPartOf\":{\"@id\":\"https:\/\/daddydread.com\/de\/#website\"},\"primaryImageOfPage\":{\"@id\":\"https:\/\/daddydread.com\/de\/produkt\/natuerliche-dreads-skandinavische-wikinger\/#primaryimage\"},\"image\":{\"@id\":\"https:\/\/daddydread.com\/de\/produkt\/natuerliche-dreads-skandinavische-wikinger\/#primaryimage\"},\"thumbnailUrl\":\"https:\/\/daddydread.com\/wp-content\/uploads\/2024\/08\/u8996563117_Background_of_brown_colored_wooden_boards_boards__8a160a40-a1f1-4d57-831b-77c2ee3c4a55_2.png\",\"datePublished\":\"2024-08-13T13:58:34+00:00\",\"dateModified\":\"2026-01-16T18:19:45+00:00\",\"description\":\"Betonen Sie Ihre Sch\u00f6nheit mit Dreadlocks aus feinstem Echthaar. Perfekt f\u00fcr blondes oder hellbraunes Haar. Individuelle Optionen sind f\u00fcr jede Haarfarbe erh\u00e4ltlich.\",\"breadcrumb\":{\"@id\":\"https:\/\/daddydread.com\/de\/produkt\/natuerliche-dreads-skandinavische-wikinger\/#breadcrumb\"},\"inLanguage\":\"de\",\"potentialAction\":[{\"@type\":\"ReadAction\",\"target\":[\"https:\/\/daddydread.com\/de\/produkt\/natuerliche-dreads-skandinavische-wikinger\/\"]}]},{\"@type\":\"ImageObject\",\"inLanguage\":\"de\",\"@id\":\"https:\/\/daddydread.com\/de\/produkt\/natuerliche-dreads-skandinavische-wikinger\/#primaryimage\",\"url\":\"https:\/\/daddydread.com\/wp-content\/uploads\/2024\/08\/u8996563117_Background_of_brown_colored_wooden_boards_boards__8a160a40-a1f1-4d57-831b-77c2ee3c4a55_2.png\",\"contentUrl\":\"https:\/\/daddydread.com\/wp-content\/uploads\/2024\/08\/u8996563117_Background_of_brown_colored_wooden_boards_boards__8a160a40-a1f1-4d57-831b-77c2ee3c4a55_2.png\",\"width\":928,\"height\":1232},{\"@type\":\"BreadcrumbList\",\"@id\":\"https:\/\/daddydread.com\/de\/produkt\/natuerliche-dreads-skandinavische-wikinger\/#breadcrumb\",\"itemListElement\":[{\"@type\":\"ListItem\",\"position\":1,\"name\":\"\u0413\u043b\u0430\u0432\u043d\u0430\u044f \u0441\u0442\u0440\u0430\u043d\u0438\u0446\u0430\",\"item\":\"https:\/\/daddydread.com\/de\/\"},{\"@type\":\"ListItem\",\"position\":2,\"name\":\"Dreadlocks Shop\",\"item\":\"https:\/\/daddydread.com\/de\/shop\/\"},{\"@type\":\"ListItem\",\"position\":3,\"name\":\"Nat\u00fcrliche Dreads &#8211; Skandinavische Wikinger\"}]},{\"@type\":\"WebSite\",\"@id\":\"https:\/\/daddydread.com\/de\/#website\",\"url\":\"https:\/\/daddydread.com\/de\/\",\"name\":\"Daddy Dreads\",\"description\":\"Dreadlocks shop\",\"potentialAction\":[{\"@type\":\"SearchAction\",\"target\":{\"@type\":\"EntryPoint\",\"urlTemplate\":\"https:\/\/daddydread.com\/de\/?s={search_term_string}\"},\"query-input\":\"required name=search_term_string\"}],\"inLanguage\":\"de\"}]}<\/script>\n<!-- \/ Yoast SEO plugin. -->","yoast_head_json":{"title":"Dreadlocks aus nat\u00fcrlichem Echthaar, inspiriert von Wikingerfrisuren","description":"Betonen Sie Ihre Sch\u00f6nheit mit Dreadlocks aus feinstem Echthaar. Perfekt f\u00fcr blondes oder hellbraunes Haar. Individuelle Optionen sind f\u00fcr jede Haarfarbe erh\u00e4ltlich.","robots":{"index":"index","follow":"follow","max-snippet":"max-snippet:-1","max-image-preview":"max-image-preview:large","max-video-preview":"max-video-preview:-1"},"canonical":"https:\/\/daddydread.com\/de\/produkt\/natuerliche-dreads-skandinavische-wikinger\/","og_locale":"de_DE","og_type":"article","og_title":"Dreadlocks aus nat\u00fcrlichem Echthaar, inspiriert von Wikingerfrisuren","og_description":"Betonen Sie Ihre Sch\u00f6nheit mit Dreadlocks aus feinstem Echthaar. Perfekt f\u00fcr blondes oder hellbraunes Haar. Individuelle Optionen sind f\u00fcr jede Haarfarbe erh\u00e4ltlich.","og_url":"https:\/\/daddydread.com\/de\/produkt\/natuerliche-dreads-skandinavische-wikinger\/","og_site_name":"Daddy Dreads","article_modified_time":"2026-01-16T18:19:45+00:00","og_image":[{"width":603,"height":800,"url":"https:\/\/daddydread.com\/wp-content\/uploads\/2024\/08\/u8996563117_Background_of_brown_colored_wooden_boards_boards__8a160a40-a1f1-4d57-831b-77c2ee3c4a55_2-603x800.png","type":"image\/png"}],"twitter_card":"summary_large_image","twitter_misc":{"Gesch\u00e4tzte Lesezeit":"2\u00a0Minuten"},"schema":{"@context":"https:\/\/schema.org","@graph":[{"@type":"WebPage","@id":"https:\/\/daddydread.com\/de\/produkt\/natuerliche-dreads-skandinavische-wikinger\/","url":"https:\/\/daddydread.com\/de\/produkt\/natuerliche-dreads-skandinavische-wikinger\/","name":"Dreadlocks aus nat\u00fcrlichem Echthaar, inspiriert von Wikingerfrisuren","isPartOf":{"@id":"https:\/\/daddydread.com\/de\/#website"},"primaryImageOfPage":{"@id":"https:\/\/daddydread.com\/de\/produkt\/natuerliche-dreads-skandinavische-wikinger\/#primaryimage"},"image":{"@id":"https:\/\/daddydread.com\/de\/produkt\/natuerliche-dreads-skandinavische-wikinger\/#primaryimage"},"thumbnailUrl":"https:\/\/daddydread.com\/wp-content\/uploads\/2024\/08\/u8996563117_Background_of_brown_colored_wooden_boards_boards__8a160a40-a1f1-4d57-831b-77c2ee3c4a55_2.png","datePublished":"2024-08-13T13:58:34+00:00","dateModified":"2026-01-16T18:19:45+00:00","description":"Betonen Sie Ihre Sch\u00f6nheit mit Dreadlocks aus feinstem Echthaar. Perfekt f\u00fcr blondes oder hellbraunes Haar. Individuelle Optionen sind f\u00fcr jede Haarfarbe erh\u00e4ltlich.","breadcrumb":{"@id":"https:\/\/daddydread.com\/de\/produkt\/natuerliche-dreads-skandinavische-wikinger\/#breadcrumb"},"inLanguage":"de","potentialAction":[{"@type":"ReadAction","target":["https:\/\/daddydread.com\/de\/produkt\/natuerliche-dreads-skandinavische-wikinger\/"]}]},{"@type":"ImageObject","inLanguage":"de","@id":"https:\/\/daddydread.com\/de\/produkt\/natuerliche-dreads-skandinavische-wikinger\/#primaryimage","url":"https:\/\/daddydread.com\/wp-content\/uploads\/2024\/08\/u8996563117_Background_of_brown_colored_wooden_boards_boards__8a160a40-a1f1-4d57-831b-77c2ee3c4a55_2.png","contentUrl":"https:\/\/daddydread.com\/wp-content\/uploads\/2024\/08\/u8996563117_Background_of_brown_colored_wooden_boards_boards__8a160a40-a1f1-4d57-831b-77c2ee3c4a55_2.png","width":928,"height":1232},{"@type":"BreadcrumbList","@id":"https:\/\/daddydread.com\/de\/produkt\/natuerliche-dreads-skandinavische-wikinger\/#breadcrumb","itemListElement":[{"@type":"ListItem","position":1,"name":"\u0413\u043b\u0430\u0432\u043d\u0430\u044f \u0441\u0442\u0440\u0430\u043d\u0438\u0446\u0430","item":"https:\/\/daddydread.com\/de\/"},{"@type":"ListItem","position":2,"name":"Dreadlocks Shop","item":"https:\/\/daddydread.com\/de\/shop\/"},{"@type":"ListItem","position":3,"name":"Nat\u00fcrliche Dreads &#8211; Skandinavische Wikinger"}]},{"@type":"WebSite","@id":"https:\/\/daddydread.com\/de\/#website","url":"https:\/\/daddydread.com\/de\/","name":"Daddy Dreads","description":"Dreadlocks shop","potentialAction":[{"@type":"SearchAction","target":{"@type":"EntryPoint","urlTemplate":"https:\/\/daddydread.com\/de\/?s={search_term_string}"},"query-input":"required name=search_term_string"}],"inLanguage":"de"}]}},"jetpack_sharing_enabled":true,"_links":{"self":[{"href":"https:\/\/daddydread.com\/de\/wp-json\/wp\/v2\/product\/39445","targetHints":{"allow":["GET"]}}],"collection":[{"href":"https:\/\/daddydread.com\/de\/wp-json\/wp\/v2\/product"}],"about":[{"href":"https:\/\/daddydread.com\/de\/wp-json\/wp\/v2\/types\/product"}],"replies":[{"embeddable":true,"href":"https:\/\/daddydread.com\/de\/wp-json\/wp\/v2\/comments?post=39445"}],"wp:featuredmedia":[{"embeddable":true,"href":"https:\/\/daddydread.com\/de\/wp-json\/wp\/v2\/media\/46873"}],"wp:attachment":[{"href":"https:\/\/daddydread.com\/de\/wp-json\/wp\/v2\/media?parent=39445"}],"wp:term":[{"taxonomy":"product_brand","embeddable":true,"href":"https:\/\/daddydread.com\/de\/wp-json\/wp\/v2\/product_brand?post=39445"},{"taxonomy":"product_cat","embeddable":true,"href":"https:\/\/daddydread.com\/de\/wp-json\/wp\/v2\/product_cat?post=39445"},{"taxonomy":"product_tag","embeddable":true,"href":"https:\/\/daddydread.com\/de\/wp-json\/wp\/v2\/product_tag?post=39445"}],"curies":[{"name":"wp","href":"https:\/\/api.w.org\/{rel}","templated":true}]}}