{"id":39063,"date":"2024-07-09T16:29:49","date_gmt":"2024-07-09T13:29:49","guid":{"rendered":"https:\/\/daddydread.com\/?post_type=product&#038;p=39063"},"modified":"2024-07-17T22:50:21","modified_gmt":"2024-07-17T19:50:21","slug":"online-kurs-04","status":"publish","type":"product","link":"https:\/\/daddydread.com\/de\/produkt\/online-kurs-04\/","title":{"rendered":"Wie man das doppelte Ende der Dreadlocks nach der franz\u00f6sischen \/ skandinavischen Methode anbringt"},"content":{"rendered":"","protected":false},"excerpt":{"rendered":"<p>Diese Methode ist f\u00fcr langes Haar, der Zopf selbst ist mobiler im Vergleich zu der klassischen Methode der Installation, sowie das Plus dieser Methode ist, dass, wenn die Dreadlocks sind sehr unterschiedlich in der Farbe von Ihrem Haar, diese Methode kann den \u00dcbergang zwischen den Farben zu gl\u00e4tten. Diese Methode ist f\u00fcr das Flechten von Haaren ab 20 cm geeignet. In diesem Video sehen Sie, wie Sie diese Methode, die in den letzten Jahren sehr beliebt geworden ist, anwenden k\u00f6nnen. Wir zeigen Ihnen auch eine geheime Methode, um die verbleibende Haarstr\u00e4hne zu verstecken.<\/p>\n<blockquote><p><strong>Nach dem Kauf erhalten Sie eine Datei mit Zugang zum Kurs an die von Ihnen angegebene E-Mail-Adresse.<\/strong><\/p>\n<p><strong>Der Kurs ist auf Englisch verf\u00fcgbar.<\/strong><\/p><\/blockquote>\n","protected":false},"featured_media":39082,"comment_status":"open","ping_status":"closed","template":"","meta":{"_acf_changed":false},"product_brand":[],"product_cat":[417],"product_tag":[],"class_list":{"0":"post-39063","1":"product","2":"type-product","3":"status-publish","4":"has-post-thumbnail","6":"product_cat-akademie","8":"first","9":"instock","10":"downloadable","11":"virtual","12":"purchasable","13":"product-type-simple"},"acf":[],"yoast_head":"<!-- This site is optimized with the Yoast SEO plugin v22.3 - https:\/\/yoast.com\/wordpress\/plugins\/seo\/ -->\n<title>Wie man das doppelte Ende der Dreadlocks nach der franz\u00f6sischen \/ skandinavischen Methode anbringt - online kaufen<\/title>\n<meta name=\"description\" content=\"Wie man das doppelte Ende der Dreadlocks nach der franz\u00f6sischen \/ skandinavischen Methode anbringt - Daddy Dreads\" \/>\n<meta name=\"robots\" content=\"index, follow, max-snippet:-1, max-image-preview:large, max-video-preview:-1\" \/>\n<link rel=\"canonical\" href=\"https:\/\/daddydread.com\/de\/produkt\/online-kurs-04\/\" \/>\n<meta property=\"og:locale\" content=\"de_DE\" \/>\n<meta property=\"og:type\" content=\"article\" \/>\n<meta property=\"og:title\" content=\"Wie man das doppelte Ende der Dreadlocks nach der franz\u00f6sischen \/ skandinavischen Methode anbringt - online kaufen\" \/>\n<meta property=\"og:description\" content=\"Wie man das doppelte Ende der Dreadlocks nach der franz\u00f6sischen \/ skandinavischen Methode anbringt - Daddy Dreads\" \/>\n<meta property=\"og:url\" content=\"https:\/\/daddydread.com\/de\/produkt\/online-kurs-04\/\" \/>\n<meta property=\"og:site_name\" content=\"Daddy Dreads\" \/>\n<meta property=\"article:modified_time\" content=\"2024-07-17T19:50:21+00:00\" \/>\n<meta property=\"og:image\" content=\"https:\/\/daddydread.com\/wp-content\/uploads\/2024\/07\/04.jpg\" \/>\n\t<meta property=\"og:image:width\" content=\"1000\" \/>\n\t<meta property=\"og:image:height\" content=\"1333\" \/>\n\t<meta property=\"og:image:type\" content=\"image\/jpeg\" \/>\n<meta name=\"twitter:card\" content=\"summary_large_image\" \/>\n<meta name=\"twitter:label1\" content=\"Gesch\u00e4tzte Lesezeit\" \/>\n\t<meta name=\"twitter:data1\" content=\"1\u00a0Minute\" \/>\n<script type=\"application\/ld+json\" class=\"yoast-schema-graph\">{\"@context\":\"https:\/\/schema.org\",\"@graph\":[{\"@type\":\"WebPage\",\"@id\":\"https:\/\/daddydread.com\/de\/produkt\/online-kurs-04\/\",\"url\":\"https:\/\/daddydread.com\/de\/produkt\/online-kurs-04\/\",\"name\":\"Wie man das doppelte Ende der Dreadlocks nach der franz\u00f6sischen \/ skandinavischen Methode anbringt - online kaufen\",\"isPartOf\":{\"@id\":\"https:\/\/daddydread.com\/de\/#website\"},\"primaryImageOfPage\":{\"@id\":\"https:\/\/daddydread.com\/de\/produkt\/online-kurs-04\/#primaryimage\"},\"image\":{\"@id\":\"https:\/\/daddydread.com\/de\/produkt\/online-kurs-04\/#primaryimage\"},\"thumbnailUrl\":\"https:\/\/daddydread.com\/wp-content\/uploads\/2024\/07\/04.jpg\",\"datePublished\":\"2024-07-09T13:29:49+00:00\",\"dateModified\":\"2024-07-17T19:50:21+00:00\",\"description\":\"Wie man das doppelte Ende der Dreadlocks nach der franz\u00f6sischen \/ skandinavischen Methode anbringt - Daddy Dreads\",\"breadcrumb\":{\"@id\":\"https:\/\/daddydread.com\/de\/produkt\/online-kurs-04\/#breadcrumb\"},\"inLanguage\":\"de\",\"potentialAction\":[{\"@type\":\"ReadAction\",\"target\":[\"https:\/\/daddydread.com\/de\/produkt\/online-kurs-04\/\"]}]},{\"@type\":\"ImageObject\",\"inLanguage\":\"de\",\"@id\":\"https:\/\/daddydread.com\/de\/produkt\/online-kurs-04\/#primaryimage\",\"url\":\"https:\/\/daddydread.com\/wp-content\/uploads\/2024\/07\/04.jpg\",\"contentUrl\":\"https:\/\/daddydread.com\/wp-content\/uploads\/2024\/07\/04.jpg\",\"width\":1000,\"height\":1333},{\"@type\":\"BreadcrumbList\",\"@id\":\"https:\/\/daddydread.com\/de\/produkt\/online-kurs-04\/#breadcrumb\",\"itemListElement\":[{\"@type\":\"ListItem\",\"position\":1,\"name\":\"\u0413\u043b\u0430\u0432\u043d\u0430\u044f \u0441\u0442\u0440\u0430\u043d\u0438\u0446\u0430\",\"item\":\"https:\/\/daddydread.com\/de\/\"},{\"@type\":\"ListItem\",\"position\":2,\"name\":\"Dreadlocks Shop\",\"item\":\"https:\/\/daddydread.com\/de\/shop\/\"},{\"@type\":\"ListItem\",\"position\":3,\"name\":\"Wie man das doppelte Ende der Dreadlocks nach der franz\u00f6sischen \/ skandinavischen Methode anbringt\"}]},{\"@type\":\"WebSite\",\"@id\":\"https:\/\/daddydread.com\/de\/#website\",\"url\":\"https:\/\/daddydread.com\/de\/\",\"name\":\"Daddy Dreads\",\"description\":\"Dreadlocks shop\",\"potentialAction\":[{\"@type\":\"SearchAction\",\"target\":{\"@type\":\"EntryPoint\",\"urlTemplate\":\"https:\/\/daddydread.com\/de\/?s={search_term_string}\"},\"query-input\":\"required name=search_term_string\"}],\"inLanguage\":\"de\"}]}<\/script>\n<!-- \/ Yoast SEO plugin. -->","yoast_head_json":{"title":"Wie man das doppelte Ende der Dreadlocks nach der franz\u00f6sischen \/ skandinavischen Methode anbringt - online kaufen","description":"Wie man das doppelte Ende der Dreadlocks nach der franz\u00f6sischen \/ skandinavischen Methode anbringt - Daddy Dreads","robots":{"index":"index","follow":"follow","max-snippet":"max-snippet:-1","max-image-preview":"max-image-preview:large","max-video-preview":"max-video-preview:-1"},"canonical":"https:\/\/daddydread.com\/de\/produkt\/online-kurs-04\/","og_locale":"de_DE","og_type":"article","og_title":"Wie man das doppelte Ende der Dreadlocks nach der franz\u00f6sischen \/ skandinavischen Methode anbringt - online kaufen","og_description":"Wie man das doppelte Ende der Dreadlocks nach der franz\u00f6sischen \/ skandinavischen Methode anbringt - Daddy Dreads","og_url":"https:\/\/daddydread.com\/de\/produkt\/online-kurs-04\/","og_site_name":"Daddy Dreads","article_modified_time":"2024-07-17T19:50:21+00:00","og_image":[{"width":1000,"height":1333,"url":"https:\/\/daddydread.com\/wp-content\/uploads\/2024\/07\/04.jpg","type":"image\/jpeg"}],"twitter_card":"summary_large_image","twitter_misc":{"Gesch\u00e4tzte Lesezeit":"1\u00a0Minute"},"schema":{"@context":"https:\/\/schema.org","@graph":[{"@type":"WebPage","@id":"https:\/\/daddydread.com\/de\/produkt\/online-kurs-04\/","url":"https:\/\/daddydread.com\/de\/produkt\/online-kurs-04\/","name":"Wie man das doppelte Ende der Dreadlocks nach der franz\u00f6sischen \/ skandinavischen Methode anbringt - online kaufen","isPartOf":{"@id":"https:\/\/daddydread.com\/de\/#website"},"primaryImageOfPage":{"@id":"https:\/\/daddydread.com\/de\/produkt\/online-kurs-04\/#primaryimage"},"image":{"@id":"https:\/\/daddydread.com\/de\/produkt\/online-kurs-04\/#primaryimage"},"thumbnailUrl":"https:\/\/daddydread.com\/wp-content\/uploads\/2024\/07\/04.jpg","datePublished":"2024-07-09T13:29:49+00:00","dateModified":"2024-07-17T19:50:21+00:00","description":"Wie man das doppelte Ende der Dreadlocks nach der franz\u00f6sischen \/ skandinavischen Methode anbringt - Daddy Dreads","breadcrumb":{"@id":"https:\/\/daddydread.com\/de\/produkt\/online-kurs-04\/#breadcrumb"},"inLanguage":"de","potentialAction":[{"@type":"ReadAction","target":["https:\/\/daddydread.com\/de\/produkt\/online-kurs-04\/"]}]},{"@type":"ImageObject","inLanguage":"de","@id":"https:\/\/daddydread.com\/de\/produkt\/online-kurs-04\/#primaryimage","url":"https:\/\/daddydread.com\/wp-content\/uploads\/2024\/07\/04.jpg","contentUrl":"https:\/\/daddydread.com\/wp-content\/uploads\/2024\/07\/04.jpg","width":1000,"height":1333},{"@type":"BreadcrumbList","@id":"https:\/\/daddydread.com\/de\/produkt\/online-kurs-04\/#breadcrumb","itemListElement":[{"@type":"ListItem","position":1,"name":"\u0413\u043b\u0430\u0432\u043d\u0430\u044f \u0441\u0442\u0440\u0430\u043d\u0438\u0446\u0430","item":"https:\/\/daddydread.com\/de\/"},{"@type":"ListItem","position":2,"name":"Dreadlocks Shop","item":"https:\/\/daddydread.com\/de\/shop\/"},{"@type":"ListItem","position":3,"name":"Wie man das doppelte Ende der Dreadlocks nach der franz\u00f6sischen \/ skandinavischen Methode anbringt"}]},{"@type":"WebSite","@id":"https:\/\/daddydread.com\/de\/#website","url":"https:\/\/daddydread.com\/de\/","name":"Daddy Dreads","description":"Dreadlocks shop","potentialAction":[{"@type":"SearchAction","target":{"@type":"EntryPoint","urlTemplate":"https:\/\/daddydread.com\/de\/?s={search_term_string}"},"query-input":"required name=search_term_string"}],"inLanguage":"de"}]}},"jetpack_sharing_enabled":true,"_links":{"self":[{"href":"https:\/\/daddydread.com\/de\/wp-json\/wp\/v2\/product\/39063","targetHints":{"allow":["GET"]}}],"collection":[{"href":"https:\/\/daddydread.com\/de\/wp-json\/wp\/v2\/product"}],"about":[{"href":"https:\/\/daddydread.com\/de\/wp-json\/wp\/v2\/types\/product"}],"replies":[{"embeddable":true,"href":"https:\/\/daddydread.com\/de\/wp-json\/wp\/v2\/comments?post=39063"}],"wp:featuredmedia":[{"embeddable":true,"href":"https:\/\/daddydread.com\/de\/wp-json\/wp\/v2\/media\/39082"}],"wp:attachment":[{"href":"https:\/\/daddydread.com\/de\/wp-json\/wp\/v2\/media?parent=39063"}],"wp:term":[{"taxonomy":"product_brand","embeddable":true,"href":"https:\/\/daddydread.com\/de\/wp-json\/wp\/v2\/product_brand?post=39063"},{"taxonomy":"product_cat","embeddable":true,"href":"https:\/\/daddydread.com\/de\/wp-json\/wp\/v2\/product_cat?post=39063"},{"taxonomy":"product_tag","embeddable":true,"href":"https:\/\/daddydread.com\/de\/wp-json\/wp\/v2\/product_tag?post=39063"}],"curies":[{"name":"wp","href":"https:\/\/api.w.org\/{rel}","templated":true}]}}