{"id":39057,"date":"2024-07-09T16:29:44","date_gmt":"2024-07-09T13:29:44","guid":{"rendered":"https:\/\/daddydread.com\/?post_type=product&#038;p=39057"},"modified":"2024-07-17T22:50:09","modified_gmt":"2024-07-17T19:50:09","slug":"online-kurs-02","status":"publish","type":"product","link":"https:\/\/daddydread.com\/de\/produkt\/online-kurs-02\/","title":{"rendered":"Wie man das Haar am Oberkopf spaltet\/trennt, um Dreadlocks zu installieren"},"content":{"rendered":"","protected":false},"excerpt":{"rendered":"<p>In dieser Lektion werden wir die Geheimnisse der richtigen Markierungen f\u00fcr die Installation von synthetischen Dreadlocks\/Locken auf dem Oberkopf teilen. Die Anzahl der Basen wird 30 sein. Warum ist die Markierung von Dreadlocks so wichtig? Durch eine falsche Spannung auf der Kopfhaut kann Kahlheit entstehen. Die Gesundheit der Kopfhaut und das Wohlbefinden des Kunden sind wichtiger als alles andere! Es ist sehr wichtig, das Haar korrekt und sicher in Basen aufzuteilen, so dass Ihr Kunde es bequem hat, mit Dreadlocks zu gehen. Je wohler er sich f\u00fchlt, desto \u00f6fter wird er f\u00fcr eine neue Dienstleistung zu Ihnen kommen. Die Lektion hat eine Audiospur in Englisch und Untertitel in Englisch.<\/p>\n<blockquote><p><strong>Nach dem Kauf erhalten Sie eine Datei mit Zugang zum Kurs an die von Ihnen angegebene E-Mail-Adresse.<\/strong><\/p>\n<p><strong>Der Kurs ist auf Englisch verf\u00fcgbar.<\/strong><\/p><\/blockquote>\n","protected":false},"featured_media":39076,"comment_status":"open","ping_status":"closed","template":"","meta":{"_acf_changed":false},"product_brand":[],"product_cat":[417],"product_tag":[],"class_list":{"0":"post-39057","1":"product","2":"type-product","3":"status-publish","4":"has-post-thumbnail","6":"product_cat-akademie","8":"first","9":"instock","10":"downloadable","11":"virtual","12":"purchasable","13":"product-type-simple"},"acf":[],"yoast_head":"<!-- This site is optimized with the Yoast SEO plugin v22.3 - https:\/\/yoast.com\/wordpress\/plugins\/seo\/ -->\n<title>Wie man das Haar am Oberkopf spaltet \/ trennt, um Dreadlocks zu installieren - online kaufen<\/title>\n<meta name=\"description\" content=\"Wie man das Haar am Oberkopf spaltet \/ trennt, um Dreadlocks zu installieren - Daddy Dreads\" \/>\n<meta name=\"robots\" content=\"index, follow, max-snippet:-1, max-image-preview:large, max-video-preview:-1\" \/>\n<link rel=\"canonical\" href=\"https:\/\/daddydread.com\/de\/produkt\/online-kurs-02\/\" \/>\n<meta property=\"og:locale\" content=\"de_DE\" \/>\n<meta property=\"og:type\" content=\"article\" \/>\n<meta property=\"og:title\" content=\"Wie man das Haar am Oberkopf spaltet \/ trennt, um Dreadlocks zu installieren - online kaufen\" \/>\n<meta property=\"og:description\" content=\"Wie man das Haar am Oberkopf spaltet \/ trennt, um Dreadlocks zu installieren - Daddy Dreads\" \/>\n<meta property=\"og:url\" content=\"https:\/\/daddydread.com\/de\/produkt\/online-kurs-02\/\" \/>\n<meta property=\"og:site_name\" content=\"Daddy Dreads\" \/>\n<meta property=\"article:modified_time\" content=\"2024-07-17T19:50:09+00:00\" \/>\n<meta property=\"og:image\" content=\"https:\/\/daddydread.com\/wp-content\/uploads\/2024\/07\/02-1.jpg\" \/>\n\t<meta property=\"og:image:width\" content=\"1000\" \/>\n\t<meta property=\"og:image:height\" content=\"1333\" \/>\n\t<meta property=\"og:image:type\" content=\"image\/jpeg\" \/>\n<meta name=\"twitter:card\" content=\"summary_large_image\" \/>\n<meta name=\"twitter:label1\" content=\"Gesch\u00e4tzte Lesezeit\" \/>\n\t<meta name=\"twitter:data1\" content=\"1\u00a0Minute\" \/>\n<script type=\"application\/ld+json\" class=\"yoast-schema-graph\">{\"@context\":\"https:\/\/schema.org\",\"@graph\":[{\"@type\":\"WebPage\",\"@id\":\"https:\/\/daddydread.com\/de\/produkt\/online-kurs-02\/\",\"url\":\"https:\/\/daddydread.com\/de\/produkt\/online-kurs-02\/\",\"name\":\"Wie man das Haar am Oberkopf spaltet \/ trennt, um Dreadlocks zu installieren - online kaufen\",\"isPartOf\":{\"@id\":\"https:\/\/daddydread.com\/de\/#website\"},\"primaryImageOfPage\":{\"@id\":\"https:\/\/daddydread.com\/de\/produkt\/online-kurs-02\/#primaryimage\"},\"image\":{\"@id\":\"https:\/\/daddydread.com\/de\/produkt\/online-kurs-02\/#primaryimage\"},\"thumbnailUrl\":\"https:\/\/daddydread.com\/wp-content\/uploads\/2024\/07\/02-1.jpg\",\"datePublished\":\"2024-07-09T13:29:44+00:00\",\"dateModified\":\"2024-07-17T19:50:09+00:00\",\"description\":\"Wie man das Haar am Oberkopf spaltet \/ trennt, um Dreadlocks zu installieren - Daddy Dreads\",\"breadcrumb\":{\"@id\":\"https:\/\/daddydread.com\/de\/produkt\/online-kurs-02\/#breadcrumb\"},\"inLanguage\":\"de\",\"potentialAction\":[{\"@type\":\"ReadAction\",\"target\":[\"https:\/\/daddydread.com\/de\/produkt\/online-kurs-02\/\"]}]},{\"@type\":\"ImageObject\",\"inLanguage\":\"de\",\"@id\":\"https:\/\/daddydread.com\/de\/produkt\/online-kurs-02\/#primaryimage\",\"url\":\"https:\/\/daddydread.com\/wp-content\/uploads\/2024\/07\/02-1.jpg\",\"contentUrl\":\"https:\/\/daddydread.com\/wp-content\/uploads\/2024\/07\/02-1.jpg\",\"width\":1000,\"height\":1333},{\"@type\":\"BreadcrumbList\",\"@id\":\"https:\/\/daddydread.com\/de\/produkt\/online-kurs-02\/#breadcrumb\",\"itemListElement\":[{\"@type\":\"ListItem\",\"position\":1,\"name\":\"\u0413\u043b\u0430\u0432\u043d\u0430\u044f \u0441\u0442\u0440\u0430\u043d\u0438\u0446\u0430\",\"item\":\"https:\/\/daddydread.com\/de\/\"},{\"@type\":\"ListItem\",\"position\":2,\"name\":\"Dreadlocks Shop\",\"item\":\"https:\/\/daddydread.com\/de\/shop\/\"},{\"@type\":\"ListItem\",\"position\":3,\"name\":\"Wie man das Haar am Oberkopf spaltet\/trennt, um Dreadlocks zu installieren\"}]},{\"@type\":\"WebSite\",\"@id\":\"https:\/\/daddydread.com\/de\/#website\",\"url\":\"https:\/\/daddydread.com\/de\/\",\"name\":\"Daddy Dreads\",\"description\":\"Dreadlocks shop\",\"potentialAction\":[{\"@type\":\"SearchAction\",\"target\":{\"@type\":\"EntryPoint\",\"urlTemplate\":\"https:\/\/daddydread.com\/de\/?s={search_term_string}\"},\"query-input\":\"required name=search_term_string\"}],\"inLanguage\":\"de\"}]}<\/script>\n<!-- \/ Yoast SEO plugin. -->","yoast_head_json":{"title":"Wie man das Haar am Oberkopf spaltet \/ trennt, um Dreadlocks zu installieren - online kaufen","description":"Wie man das Haar am Oberkopf spaltet \/ trennt, um Dreadlocks zu installieren - Daddy Dreads","robots":{"index":"index","follow":"follow","max-snippet":"max-snippet:-1","max-image-preview":"max-image-preview:large","max-video-preview":"max-video-preview:-1"},"canonical":"https:\/\/daddydread.com\/de\/produkt\/online-kurs-02\/","og_locale":"de_DE","og_type":"article","og_title":"Wie man das Haar am Oberkopf spaltet \/ trennt, um Dreadlocks zu installieren - online kaufen","og_description":"Wie man das Haar am Oberkopf spaltet \/ trennt, um Dreadlocks zu installieren - Daddy Dreads","og_url":"https:\/\/daddydread.com\/de\/produkt\/online-kurs-02\/","og_site_name":"Daddy Dreads","article_modified_time":"2024-07-17T19:50:09+00:00","og_image":[{"width":1000,"height":1333,"url":"https:\/\/daddydread.com\/wp-content\/uploads\/2024\/07\/02-1.jpg","type":"image\/jpeg"}],"twitter_card":"summary_large_image","twitter_misc":{"Gesch\u00e4tzte Lesezeit":"1\u00a0Minute"},"schema":{"@context":"https:\/\/schema.org","@graph":[{"@type":"WebPage","@id":"https:\/\/daddydread.com\/de\/produkt\/online-kurs-02\/","url":"https:\/\/daddydread.com\/de\/produkt\/online-kurs-02\/","name":"Wie man das Haar am Oberkopf spaltet \/ trennt, um Dreadlocks zu installieren - online kaufen","isPartOf":{"@id":"https:\/\/daddydread.com\/de\/#website"},"primaryImageOfPage":{"@id":"https:\/\/daddydread.com\/de\/produkt\/online-kurs-02\/#primaryimage"},"image":{"@id":"https:\/\/daddydread.com\/de\/produkt\/online-kurs-02\/#primaryimage"},"thumbnailUrl":"https:\/\/daddydread.com\/wp-content\/uploads\/2024\/07\/02-1.jpg","datePublished":"2024-07-09T13:29:44+00:00","dateModified":"2024-07-17T19:50:09+00:00","description":"Wie man das Haar am Oberkopf spaltet \/ trennt, um Dreadlocks zu installieren - Daddy Dreads","breadcrumb":{"@id":"https:\/\/daddydread.com\/de\/produkt\/online-kurs-02\/#breadcrumb"},"inLanguage":"de","potentialAction":[{"@type":"ReadAction","target":["https:\/\/daddydread.com\/de\/produkt\/online-kurs-02\/"]}]},{"@type":"ImageObject","inLanguage":"de","@id":"https:\/\/daddydread.com\/de\/produkt\/online-kurs-02\/#primaryimage","url":"https:\/\/daddydread.com\/wp-content\/uploads\/2024\/07\/02-1.jpg","contentUrl":"https:\/\/daddydread.com\/wp-content\/uploads\/2024\/07\/02-1.jpg","width":1000,"height":1333},{"@type":"BreadcrumbList","@id":"https:\/\/daddydread.com\/de\/produkt\/online-kurs-02\/#breadcrumb","itemListElement":[{"@type":"ListItem","position":1,"name":"\u0413\u043b\u0430\u0432\u043d\u0430\u044f \u0441\u0442\u0440\u0430\u043d\u0438\u0446\u0430","item":"https:\/\/daddydread.com\/de\/"},{"@type":"ListItem","position":2,"name":"Dreadlocks Shop","item":"https:\/\/daddydread.com\/de\/shop\/"},{"@type":"ListItem","position":3,"name":"Wie man das Haar am Oberkopf spaltet\/trennt, um Dreadlocks zu installieren"}]},{"@type":"WebSite","@id":"https:\/\/daddydread.com\/de\/#website","url":"https:\/\/daddydread.com\/de\/","name":"Daddy Dreads","description":"Dreadlocks shop","potentialAction":[{"@type":"SearchAction","target":{"@type":"EntryPoint","urlTemplate":"https:\/\/daddydread.com\/de\/?s={search_term_string}"},"query-input":"required name=search_term_string"}],"inLanguage":"de"}]}},"jetpack_sharing_enabled":true,"_links":{"self":[{"href":"https:\/\/daddydread.com\/de\/wp-json\/wp\/v2\/product\/39057","targetHints":{"allow":["GET"]}}],"collection":[{"href":"https:\/\/daddydread.com\/de\/wp-json\/wp\/v2\/product"}],"about":[{"href":"https:\/\/daddydread.com\/de\/wp-json\/wp\/v2\/types\/product"}],"replies":[{"embeddable":true,"href":"https:\/\/daddydread.com\/de\/wp-json\/wp\/v2\/comments?post=39057"}],"wp:featuredmedia":[{"embeddable":true,"href":"https:\/\/daddydread.com\/de\/wp-json\/wp\/v2\/media\/39076"}],"wp:attachment":[{"href":"https:\/\/daddydread.com\/de\/wp-json\/wp\/v2\/media?parent=39057"}],"wp:term":[{"taxonomy":"product_brand","embeddable":true,"href":"https:\/\/daddydread.com\/de\/wp-json\/wp\/v2\/product_brand?post=39057"},{"taxonomy":"product_cat","embeddable":true,"href":"https:\/\/daddydread.com\/de\/wp-json\/wp\/v2\/product_cat?post=39057"},{"taxonomy":"product_tag","embeddable":true,"href":"https:\/\/daddydread.com\/de\/wp-json\/wp\/v2\/product_tag?post=39057"}],"curies":[{"name":"wp","href":"https:\/\/api.w.org\/{rel}","templated":true}]}}