{"id":36680,"date":"2024-05-31T20:50:45","date_gmt":"2024-05-31T17:50:45","guid":{"rendered":"https:\/\/daddydread.com\/?post_type=product&#038;p=36680"},"modified":"2026-01-16T21:28:11","modified_gmt":"2026-01-16T18:28:11","slug":"naturliche-dreadlocks-dunkelbraun-ombre","status":"publish","type":"product","link":"https:\/\/daddydread.com\/de\/produkt\/naturliche-dreadlocks-dunkelbraun-ombre\/","title":{"rendered":"Nat\u00fcrliche Dreadlocks \u2013 Dunkelbraun Ombre"},"content":{"rendered":"<p>Treten Sie ein in die Welt der nat\u00fcrlichen Sch\u00f6nheit mit unserer dunkelbraunen Kollektion. Diese Dreadlock-Verl\u00e4ngerungen bieten eine m\u00fchelose M\u00f6glichkeit, Ihren Stil zu verbessern, w\u00e4hrend Sie die Dinge nat\u00fcrlich und einfach halten.<\/p>\n<p>Alle unsere Produkte werden aus dem besten Naturhaar hergestellt. Das bedeutet, dass sie nicht nur gut aussehen, sondern auch weich und bequem zu tragen sind. Egal, ob du deinen Stil f\u00fcr ein besonderes Ereignis aufpeppen oder deinem Alltagslook einen dauerhaften Touch verleihen willst, unsere Dreadlocks sind perfekt f\u00fcr jede Gelegenheit.<\/p>\n<h2>Warum du die Naturhaarverl\u00e4ngerungen von Daddy Dreads Studio lieben wirst<\/h2>\n<ul>\n<li><strong>Sie f\u00fchlen sich gro\u00dfartig an:<\/strong> Unsere Dreadlocks sind weicher und angenehmer als k\u00fcnstliche Dreadlocks. Sie sind so bequem, dass du vielleicht vergisst, dass du sie tr\u00e4gst!<\/li>\n<li><strong>Langlebig:<\/strong> Wir stellen diese Echthaarverl\u00e4ngerungen nach einer speziellen Methode her, die wir seit \u00fcber zehn Jahren perfektioniert haben. Sie bleiben zusammen und sehen gut aus, auch nach l\u00e4ngerem Tragen.<\/li>\n<li><strong>Einfach zu pflegen:<\/strong> Du kannst diese Dreads genau wie dein eigenes Haar behandeln. Ein wenig Sp\u00fclung an den Spitzen macht sie geschmeidig und leicht zu pflegen.<\/li>\n<li><strong>Stylen wie du willst:<\/strong> Du kannst unsere nat\u00fcrlichen Dreadlocks tragen, wie du willst. Sie sind flexibel, egal ob du sie nur f\u00fcr ein paar Tage oder jeden Tag tragen m\u00f6chtest.<\/li>\n<li><strong>Satte Farbe:<\/strong> Der dunkelbraune Farbton ist tief und nat\u00fcrlich und passt gut zu vielen verschiedenen Haarfarben und Frisuren.<\/li>\n<li><strong>Wird mit der Zeit immer besser:<\/strong> Wie ein feines Leder werden diese Dreads mit der Zeit immer sch\u00f6ner und weicher, je l\u00e4nger sie getragen werden.<\/li>\n<\/ul>\n<p>Wir vom Daddy Dreads Studio h\u00f6ren immer auf unsere Kunden. Wir aktualisieren unsere Styles st\u00e4ndig auf der Grundlage dessen, was du uns sagst. Unser Ziel ist es, dass du deinen Look liebst!<\/p>\n<p>Wenn du dich f\u00fcr unsere nat\u00fcrlichen Dreadlocks \u2013 Dunkelbraun entscheidest, kannst du dein Haar mit einem satten, vollen Look ausf\u00fcllen, der ganz dir entspricht. Sie f\u00fcgen sich nahtlos in dein nat\u00fcrliches Haar ein und sorgen daf\u00fcr, dass deine neue Frisur so echt aussieht, wie sie sich anf\u00fchlt.<\/p>\n<p>Diese Dreadlocks sind nicht nur eine M\u00f6glichkeit, deinen Look zu ver\u00e4ndern, sondern auch ein Weg, dich mit deinem Aussehen wohlzuf\u00fchlen. Sie sind perfekt f\u00fcr alle, die auffallen wollen, ohne auf Komfort oder Qualit\u00e4t zu verzichten.<\/p>\n","protected":false},"excerpt":{"rendered":"<p>Verbessern Sie Ihr Aussehen mit dunkelbraunen nat\u00fcrlichen Dreadlocks. Diese hochwertigen Echthaarverl\u00e4ngerungen sind weich, langlebig und pflegeleicht. Sie verschmelzen wunderbar mit Ihrem nat\u00fcrlichen Haar und bieten einen nat\u00fcrlichen und raffinierten Stilschub, der ebenso einfach zu tragen wie stilvoll ist. Perfekt f\u00fcr alle, die ihrem Look einen Hauch von Eleganz und Individualit\u00e4t verleihen m\u00f6chten.<\/p>\n","protected":false},"featured_media":45539,"comment_status":"open","ping_status":"closed","template":"","meta":{"_acf_changed":false},"product_brand":[],"product_cat":[253],"product_tag":[],"class_list":{"0":"post-36680","1":"product","2":"type-product","3":"status-publish","4":"has-post-thumbnail","6":"product_cat-natuerliche-dreadlocks","8":"first","9":"instock","10":"shipping-taxable","11":"purchasable","12":"product-type-variable"},"acf":[],"yoast_head":"<!-- This site is optimized with the Yoast SEO plugin v22.3 - https:\/\/yoast.com\/wordpress\/plugins\/seo\/ -->\n<title>Dunkelbraune Ombre Echthaar Dreadlock Extensions zu verkaufen<\/title>\n<meta name=\"description\" content=\"Nat\u00fcrliche dunkelbraune Ombre-Dreadlocks, nat\u00fcrliche Dreadlocks f\u00fcr M\u00e4nner und Frauen f\u00fcr langes oder kurzes Haar kaufen. Daddy Dreads Shop.\" \/>\n<meta name=\"robots\" content=\"index, follow, max-snippet:-1, max-image-preview:large, max-video-preview:-1\" \/>\n<link rel=\"canonical\" href=\"https:\/\/daddydread.com\/de\/produkt\/naturliche-dreadlocks-dunkelbraun-ombre\/\" \/>\n<meta property=\"og:locale\" content=\"de_DE\" \/>\n<meta property=\"og:type\" content=\"article\" \/>\n<meta property=\"og:title\" content=\"Dunkelbraune Ombre Echthaar Dreadlock Extensions zu verkaufen\" \/>\n<meta property=\"og:description\" content=\"Nat\u00fcrliche dunkelbraune Ombre-Dreadlocks, nat\u00fcrliche Dreadlocks f\u00fcr M\u00e4nner und Frauen f\u00fcr langes oder kurzes Haar kaufen. Daddy Dreads Shop.\" \/>\n<meta property=\"og:url\" content=\"https:\/\/daddydread.com\/de\/produkt\/naturliche-dreadlocks-dunkelbraun-ombre\/\" \/>\n<meta property=\"og:site_name\" content=\"Daddy Dreads\" \/>\n<meta property=\"article:modified_time\" content=\"2026-01-16T18:28:11+00:00\" \/>\n<meta property=\"og:image\" content=\"https:\/\/daddydread.com\/wp-content\/uploads\/2024\/05\/\u0433\u043b\u0430\u0432\u043d\u0430\u044f-619x800.jpg\" \/>\n\t<meta property=\"og:image:width\" content=\"619\" \/>\n\t<meta property=\"og:image:height\" content=\"800\" \/>\n\t<meta property=\"og:image:type\" content=\"image\/jpeg\" \/>\n<meta name=\"twitter:card\" content=\"summary_large_image\" \/>\n<meta name=\"twitter:label1\" content=\"Gesch\u00e4tzte Lesezeit\" \/>\n\t<meta name=\"twitter:data1\" content=\"2\u00a0Minuten\" \/>\n<script type=\"application\/ld+json\" class=\"yoast-schema-graph\">{\"@context\":\"https:\/\/schema.org\",\"@graph\":[{\"@type\":\"WebPage\",\"@id\":\"https:\/\/daddydread.com\/de\/produkt\/naturliche-dreadlocks-dunkelbraun-ombre\/\",\"url\":\"https:\/\/daddydread.com\/de\/produkt\/naturliche-dreadlocks-dunkelbraun-ombre\/\",\"name\":\"Dunkelbraune Ombre Echthaar Dreadlock Extensions zu verkaufen\",\"isPartOf\":{\"@id\":\"https:\/\/daddydread.com\/de\/#website\"},\"primaryImageOfPage\":{\"@id\":\"https:\/\/daddydread.com\/de\/produkt\/naturliche-dreadlocks-dunkelbraun-ombre\/#primaryimage\"},\"image\":{\"@id\":\"https:\/\/daddydread.com\/de\/produkt\/naturliche-dreadlocks-dunkelbraun-ombre\/#primaryimage\"},\"thumbnailUrl\":\"https:\/\/daddydread.com\/wp-content\/uploads\/2024\/05\/\u0433\u043b\u0430\u0432\u043d\u0430\u044f.jpg\",\"datePublished\":\"2024-05-31T17:50:45+00:00\",\"dateModified\":\"2026-01-16T18:28:11+00:00\",\"description\":\"Nat\u00fcrliche dunkelbraune Ombre-Dreadlocks, nat\u00fcrliche Dreadlocks f\u00fcr M\u00e4nner und Frauen f\u00fcr langes oder kurzes Haar kaufen. Daddy Dreads Shop.\",\"breadcrumb\":{\"@id\":\"https:\/\/daddydread.com\/de\/produkt\/naturliche-dreadlocks-dunkelbraun-ombre\/#breadcrumb\"},\"inLanguage\":\"de\",\"potentialAction\":[{\"@type\":\"ReadAction\",\"target\":[\"https:\/\/daddydread.com\/de\/produkt\/naturliche-dreadlocks-dunkelbraun-ombre\/\"]}]},{\"@type\":\"ImageObject\",\"inLanguage\":\"de\",\"@id\":\"https:\/\/daddydread.com\/de\/produkt\/naturliche-dreadlocks-dunkelbraun-ombre\/#primaryimage\",\"url\":\"https:\/\/daddydread.com\/wp-content\/uploads\/2024\/05\/\u0433\u043b\u0430\u0432\u043d\u0430\u044f.jpg\",\"contentUrl\":\"https:\/\/daddydread.com\/wp-content\/uploads\/2024\/05\/\u0433\u043b\u0430\u0432\u043d\u0430\u044f.jpg\",\"width\":1980,\"height\":2560,\"caption\":\"Natural Dreads \u2013 Dark Brown Ombre\"},{\"@type\":\"BreadcrumbList\",\"@id\":\"https:\/\/daddydread.com\/de\/produkt\/naturliche-dreadlocks-dunkelbraun-ombre\/#breadcrumb\",\"itemListElement\":[{\"@type\":\"ListItem\",\"position\":1,\"name\":\"\u0413\u043b\u0430\u0432\u043d\u0430\u044f \u0441\u0442\u0440\u0430\u043d\u0438\u0446\u0430\",\"item\":\"https:\/\/daddydread.com\/de\/\"},{\"@type\":\"ListItem\",\"position\":2,\"name\":\"Dreadlocks Shop\",\"item\":\"https:\/\/daddydread.com\/de\/shop\/\"},{\"@type\":\"ListItem\",\"position\":3,\"name\":\"Nat\u00fcrliche Dreadlocks \u2013 Dunkelbraun Ombre\"}]},{\"@type\":\"WebSite\",\"@id\":\"https:\/\/daddydread.com\/de\/#website\",\"url\":\"https:\/\/daddydread.com\/de\/\",\"name\":\"Daddy Dreads\",\"description\":\"Dreadlocks shop\",\"potentialAction\":[{\"@type\":\"SearchAction\",\"target\":{\"@type\":\"EntryPoint\",\"urlTemplate\":\"https:\/\/daddydread.com\/de\/?s={search_term_string}\"},\"query-input\":\"required name=search_term_string\"}],\"inLanguage\":\"de\"}]}<\/script>\n<!-- \/ Yoast SEO plugin. -->","yoast_head_json":{"title":"Dunkelbraune Ombre Echthaar Dreadlock Extensions zu verkaufen","description":"Nat\u00fcrliche dunkelbraune Ombre-Dreadlocks, nat\u00fcrliche Dreadlocks f\u00fcr M\u00e4nner und Frauen f\u00fcr langes oder kurzes Haar kaufen. Daddy Dreads Shop.","robots":{"index":"index","follow":"follow","max-snippet":"max-snippet:-1","max-image-preview":"max-image-preview:large","max-video-preview":"max-video-preview:-1"},"canonical":"https:\/\/daddydread.com\/de\/produkt\/naturliche-dreadlocks-dunkelbraun-ombre\/","og_locale":"de_DE","og_type":"article","og_title":"Dunkelbraune Ombre Echthaar Dreadlock Extensions zu verkaufen","og_description":"Nat\u00fcrliche dunkelbraune Ombre-Dreadlocks, nat\u00fcrliche Dreadlocks f\u00fcr M\u00e4nner und Frauen f\u00fcr langes oder kurzes Haar kaufen. Daddy Dreads Shop.","og_url":"https:\/\/daddydread.com\/de\/produkt\/naturliche-dreadlocks-dunkelbraun-ombre\/","og_site_name":"Daddy Dreads","article_modified_time":"2026-01-16T18:28:11+00:00","og_image":[{"width":619,"height":800,"url":"https:\/\/daddydread.com\/wp-content\/uploads\/2024\/05\/\u0433\u043b\u0430\u0432\u043d\u0430\u044f-619x800.jpg","type":"image\/jpeg"}],"twitter_card":"summary_large_image","twitter_misc":{"Gesch\u00e4tzte Lesezeit":"2\u00a0Minuten"},"schema":{"@context":"https:\/\/schema.org","@graph":[{"@type":"WebPage","@id":"https:\/\/daddydread.com\/de\/produkt\/naturliche-dreadlocks-dunkelbraun-ombre\/","url":"https:\/\/daddydread.com\/de\/produkt\/naturliche-dreadlocks-dunkelbraun-ombre\/","name":"Dunkelbraune Ombre Echthaar Dreadlock Extensions zu verkaufen","isPartOf":{"@id":"https:\/\/daddydread.com\/de\/#website"},"primaryImageOfPage":{"@id":"https:\/\/daddydread.com\/de\/produkt\/naturliche-dreadlocks-dunkelbraun-ombre\/#primaryimage"},"image":{"@id":"https:\/\/daddydread.com\/de\/produkt\/naturliche-dreadlocks-dunkelbraun-ombre\/#primaryimage"},"thumbnailUrl":"https:\/\/daddydread.com\/wp-content\/uploads\/2024\/05\/\u0433\u043b\u0430\u0432\u043d\u0430\u044f.jpg","datePublished":"2024-05-31T17:50:45+00:00","dateModified":"2026-01-16T18:28:11+00:00","description":"Nat\u00fcrliche dunkelbraune Ombre-Dreadlocks, nat\u00fcrliche Dreadlocks f\u00fcr M\u00e4nner und Frauen f\u00fcr langes oder kurzes Haar kaufen. Daddy Dreads Shop.","breadcrumb":{"@id":"https:\/\/daddydread.com\/de\/produkt\/naturliche-dreadlocks-dunkelbraun-ombre\/#breadcrumb"},"inLanguage":"de","potentialAction":[{"@type":"ReadAction","target":["https:\/\/daddydread.com\/de\/produkt\/naturliche-dreadlocks-dunkelbraun-ombre\/"]}]},{"@type":"ImageObject","inLanguage":"de","@id":"https:\/\/daddydread.com\/de\/produkt\/naturliche-dreadlocks-dunkelbraun-ombre\/#primaryimage","url":"https:\/\/daddydread.com\/wp-content\/uploads\/2024\/05\/\u0433\u043b\u0430\u0432\u043d\u0430\u044f.jpg","contentUrl":"https:\/\/daddydread.com\/wp-content\/uploads\/2024\/05\/\u0433\u043b\u0430\u0432\u043d\u0430\u044f.jpg","width":1980,"height":2560,"caption":"Natural Dreads \u2013 Dark Brown Ombre"},{"@type":"BreadcrumbList","@id":"https:\/\/daddydread.com\/de\/produkt\/naturliche-dreadlocks-dunkelbraun-ombre\/#breadcrumb","itemListElement":[{"@type":"ListItem","position":1,"name":"\u0413\u043b\u0430\u0432\u043d\u0430\u044f \u0441\u0442\u0440\u0430\u043d\u0438\u0446\u0430","item":"https:\/\/daddydread.com\/de\/"},{"@type":"ListItem","position":2,"name":"Dreadlocks Shop","item":"https:\/\/daddydread.com\/de\/shop\/"},{"@type":"ListItem","position":3,"name":"Nat\u00fcrliche Dreadlocks \u2013 Dunkelbraun Ombre"}]},{"@type":"WebSite","@id":"https:\/\/daddydread.com\/de\/#website","url":"https:\/\/daddydread.com\/de\/","name":"Daddy Dreads","description":"Dreadlocks shop","potentialAction":[{"@type":"SearchAction","target":{"@type":"EntryPoint","urlTemplate":"https:\/\/daddydread.com\/de\/?s={search_term_string}"},"query-input":"required name=search_term_string"}],"inLanguage":"de"}]}},"jetpack_sharing_enabled":true,"_links":{"self":[{"href":"https:\/\/daddydread.com\/de\/wp-json\/wp\/v2\/product\/36680","targetHints":{"allow":["GET"]}}],"collection":[{"href":"https:\/\/daddydread.com\/de\/wp-json\/wp\/v2\/product"}],"about":[{"href":"https:\/\/daddydread.com\/de\/wp-json\/wp\/v2\/types\/product"}],"replies":[{"embeddable":true,"href":"https:\/\/daddydread.com\/de\/wp-json\/wp\/v2\/comments?post=36680"}],"wp:featuredmedia":[{"embeddable":true,"href":"https:\/\/daddydread.com\/de\/wp-json\/wp\/v2\/media\/45539"}],"wp:attachment":[{"href":"https:\/\/daddydread.com\/de\/wp-json\/wp\/v2\/media?parent=36680"}],"wp:term":[{"taxonomy":"product_brand","embeddable":true,"href":"https:\/\/daddydread.com\/de\/wp-json\/wp\/v2\/product_brand?post=36680"},{"taxonomy":"product_cat","embeddable":true,"href":"https:\/\/daddydread.com\/de\/wp-json\/wp\/v2\/product_cat?post=36680"},{"taxonomy":"product_tag","embeddable":true,"href":"https:\/\/daddydread.com\/de\/wp-json\/wp\/v2\/product_tag?post=36680"}],"curies":[{"name":"wp","href":"https:\/\/api.w.org\/{rel}","templated":true}]}}