{"id":36258,"date":"2024-05-24T01:10:54","date_gmt":"2024-05-23T22:10:54","guid":{"rendered":"https:\/\/daddydread.com\/?post_type=product&#038;p=36258"},"modified":"2024-05-24T10:06:41","modified_gmt":"2024-05-24T07:06:41","slug":"texturierte-dreads-boho-locken","status":"publish","type":"product","link":"https:\/\/daddydread.com\/de\/produkt\/texturierte-dreads-boho-locken\/","title":{"rendered":"Texturierte Dreads \u2013 Boho Locken"},"content":{"rendered":"","protected":false},"excerpt":{"rendered":"<p>In diesem Set haben wir verschiedene Texturen kombiniert, wir haben Boho-inspirierte Texturen mit Locken in \u00e4hnlichen Farbt\u00f6nen gemischt, so dass es ein leichtes und volumin\u00f6ses Set ist, das Ihren Look vervollst\u00e4ndigen wird.<\/p>\n<p><strong>Typ der Dreadlocks:<\/strong> Doppelendige (Zweifach Endend)<\/p>\n<p><strong>L<\/strong><strong>\u00e4<\/strong><strong>nge<\/strong><strong>:<\/strong> 50 \u2013 55 cm<\/p>\n","protected":false},"featured_media":36269,"comment_status":"open","ping_status":"closed","template":"","meta":{"_acf_changed":false},"product_brand":[],"product_cat":[260,254,236,256,246],"product_tag":[],"class_list":{"0":"post-36258","1":"product","2":"type-product","3":"status-publish","4":"has-post-thumbnail","6":"product_cat-doppelendige-dreadlocks","7":"product_cat-texturierte-dreadlocks","8":"product_cat-lockige-dreadlocks","9":"product_cat-ombre-dreadlocks","10":"product_cat-frauen-dreadlocks","12":"first","13":"instock","14":"shipping-taxable","15":"purchasable","16":"product-type-variable"},"acf":[],"yoast_head":"<!-- This site is optimized with the Yoast SEO plugin v22.3 - https:\/\/yoast.com\/wordpress\/plugins\/seo\/ -->\n<title>Boho Locken Texturierte Dreadlocks Kaufen, Dreads Shop<\/title>\n<meta name=\"description\" content=\"Boho Locken Texturierte Dreadlocks f\u00fcr Frauen und M\u00e4nner. Lange und kurze haare Dreadlocks Extensions.\" \/>\n<meta name=\"robots\" content=\"index, follow, max-snippet:-1, max-image-preview:large, max-video-preview:-1\" \/>\n<link rel=\"canonical\" href=\"https:\/\/daddydread.com\/de\/produkt\/texturierte-dreads-boho-locken\/\" \/>\n<meta property=\"og:locale\" content=\"de_DE\" \/>\n<meta property=\"og:type\" content=\"article\" \/>\n<meta property=\"og:title\" content=\"Boho Locken Texturierte Dreadlocks Kaufen, Dreads Shop\" \/>\n<meta property=\"og:description\" content=\"Boho Locken Texturierte Dreadlocks f\u00fcr Frauen und M\u00e4nner. Lange und kurze haare Dreadlocks Extensions.\" \/>\n<meta property=\"og:url\" content=\"https:\/\/daddydread.com\/de\/produkt\/texturierte-dreads-boho-locken\/\" \/>\n<meta property=\"og:site_name\" content=\"Daddy Dreads\" \/>\n<meta property=\"article:modified_time\" content=\"2024-05-24T07:06:41+00:00\" \/>\n<meta property=\"og:image\" content=\"https:\/\/daddydread.com\/wp-content\/uploads\/2024\/05\/01-1-600x800.jpg\" \/>\n\t<meta property=\"og:image:width\" content=\"600\" \/>\n\t<meta property=\"og:image:height\" content=\"800\" \/>\n\t<meta property=\"og:image:type\" content=\"image\/jpeg\" \/>\n<meta name=\"twitter:card\" content=\"summary_large_image\" \/>\n<meta name=\"twitter:label1\" content=\"Gesch\u00e4tzte Lesezeit\" \/>\n\t<meta name=\"twitter:data1\" content=\"1\u00a0Minute\" \/>\n<script type=\"application\/ld+json\" class=\"yoast-schema-graph\">{\"@context\":\"https:\/\/schema.org\",\"@graph\":[{\"@type\":\"WebPage\",\"@id\":\"https:\/\/daddydread.com\/de\/produkt\/texturierte-dreads-boho-locken\/\",\"url\":\"https:\/\/daddydread.com\/de\/produkt\/texturierte-dreads-boho-locken\/\",\"name\":\"Boho Locken Texturierte Dreadlocks Kaufen, Dreads Shop\",\"isPartOf\":{\"@id\":\"https:\/\/daddydread.com\/de\/#website\"},\"primaryImageOfPage\":{\"@id\":\"https:\/\/daddydread.com\/de\/produkt\/texturierte-dreads-boho-locken\/#primaryimage\"},\"image\":{\"@id\":\"https:\/\/daddydread.com\/de\/produkt\/texturierte-dreads-boho-locken\/#primaryimage\"},\"thumbnailUrl\":\"https:\/\/daddydread.com\/wp-content\/uploads\/2024\/05\/01-1.jpg\",\"datePublished\":\"2024-05-23T22:10:54+00:00\",\"dateModified\":\"2024-05-24T07:06:41+00:00\",\"description\":\"Boho Locken Texturierte Dreadlocks f\u00fcr Frauen und M\u00e4nner. Lange und kurze haare Dreadlocks Extensions.\",\"breadcrumb\":{\"@id\":\"https:\/\/daddydread.com\/de\/produkt\/texturierte-dreads-boho-locken\/#breadcrumb\"},\"inLanguage\":\"de\",\"potentialAction\":[{\"@type\":\"ReadAction\",\"target\":[\"https:\/\/daddydread.com\/de\/produkt\/texturierte-dreads-boho-locken\/\"]}]},{\"@type\":\"ImageObject\",\"inLanguage\":\"de\",\"@id\":\"https:\/\/daddydread.com\/de\/produkt\/texturierte-dreads-boho-locken\/#primaryimage\",\"url\":\"https:\/\/daddydread.com\/wp-content\/uploads\/2024\/05\/01-1.jpg\",\"contentUrl\":\"https:\/\/daddydread.com\/wp-content\/uploads\/2024\/05\/01-1.jpg\",\"width\":1920,\"height\":2560,\"caption\":\"Texturierte Dreads \u2013 Boho Locken\"},{\"@type\":\"BreadcrumbList\",\"@id\":\"https:\/\/daddydread.com\/de\/produkt\/texturierte-dreads-boho-locken\/#breadcrumb\",\"itemListElement\":[{\"@type\":\"ListItem\",\"position\":1,\"name\":\"\u0413\u043b\u0430\u0432\u043d\u0430\u044f \u0441\u0442\u0440\u0430\u043d\u0438\u0446\u0430\",\"item\":\"https:\/\/daddydread.com\/de\/\"},{\"@type\":\"ListItem\",\"position\":2,\"name\":\"Dreadlocks Shop\",\"item\":\"https:\/\/daddydread.com\/de\/shop\/\"},{\"@type\":\"ListItem\",\"position\":3,\"name\":\"Texturierte Dreads \u2013 Boho Locken\"}]},{\"@type\":\"WebSite\",\"@id\":\"https:\/\/daddydread.com\/de\/#website\",\"url\":\"https:\/\/daddydread.com\/de\/\",\"name\":\"Daddy Dreads\",\"description\":\"Dreadlocks shop\",\"potentialAction\":[{\"@type\":\"SearchAction\",\"target\":{\"@type\":\"EntryPoint\",\"urlTemplate\":\"https:\/\/daddydread.com\/de\/?s={search_term_string}\"},\"query-input\":\"required name=search_term_string\"}],\"inLanguage\":\"de\"}]}<\/script>\n<!-- \/ Yoast SEO plugin. -->","yoast_head_json":{"title":"Boho Locken Texturierte Dreadlocks Kaufen, Dreads Shop","description":"Boho Locken Texturierte Dreadlocks f\u00fcr Frauen und M\u00e4nner. Lange und kurze haare Dreadlocks Extensions.","robots":{"index":"index","follow":"follow","max-snippet":"max-snippet:-1","max-image-preview":"max-image-preview:large","max-video-preview":"max-video-preview:-1"},"canonical":"https:\/\/daddydread.com\/de\/produkt\/texturierte-dreads-boho-locken\/","og_locale":"de_DE","og_type":"article","og_title":"Boho Locken Texturierte Dreadlocks Kaufen, Dreads Shop","og_description":"Boho Locken Texturierte Dreadlocks f\u00fcr Frauen und M\u00e4nner. Lange und kurze haare Dreadlocks Extensions.","og_url":"https:\/\/daddydread.com\/de\/produkt\/texturierte-dreads-boho-locken\/","og_site_name":"Daddy Dreads","article_modified_time":"2024-05-24T07:06:41+00:00","og_image":[{"width":600,"height":800,"url":"https:\/\/daddydread.com\/wp-content\/uploads\/2024\/05\/01-1-600x800.jpg","type":"image\/jpeg"}],"twitter_card":"summary_large_image","twitter_misc":{"Gesch\u00e4tzte Lesezeit":"1\u00a0Minute"},"schema":{"@context":"https:\/\/schema.org","@graph":[{"@type":"WebPage","@id":"https:\/\/daddydread.com\/de\/produkt\/texturierte-dreads-boho-locken\/","url":"https:\/\/daddydread.com\/de\/produkt\/texturierte-dreads-boho-locken\/","name":"Boho Locken Texturierte Dreadlocks Kaufen, Dreads Shop","isPartOf":{"@id":"https:\/\/daddydread.com\/de\/#website"},"primaryImageOfPage":{"@id":"https:\/\/daddydread.com\/de\/produkt\/texturierte-dreads-boho-locken\/#primaryimage"},"image":{"@id":"https:\/\/daddydread.com\/de\/produkt\/texturierte-dreads-boho-locken\/#primaryimage"},"thumbnailUrl":"https:\/\/daddydread.com\/wp-content\/uploads\/2024\/05\/01-1.jpg","datePublished":"2024-05-23T22:10:54+00:00","dateModified":"2024-05-24T07:06:41+00:00","description":"Boho Locken Texturierte Dreadlocks f\u00fcr Frauen und M\u00e4nner. Lange und kurze haare Dreadlocks Extensions.","breadcrumb":{"@id":"https:\/\/daddydread.com\/de\/produkt\/texturierte-dreads-boho-locken\/#breadcrumb"},"inLanguage":"de","potentialAction":[{"@type":"ReadAction","target":["https:\/\/daddydread.com\/de\/produkt\/texturierte-dreads-boho-locken\/"]}]},{"@type":"ImageObject","inLanguage":"de","@id":"https:\/\/daddydread.com\/de\/produkt\/texturierte-dreads-boho-locken\/#primaryimage","url":"https:\/\/daddydread.com\/wp-content\/uploads\/2024\/05\/01-1.jpg","contentUrl":"https:\/\/daddydread.com\/wp-content\/uploads\/2024\/05\/01-1.jpg","width":1920,"height":2560,"caption":"Texturierte Dreads \u2013 Boho Locken"},{"@type":"BreadcrumbList","@id":"https:\/\/daddydread.com\/de\/produkt\/texturierte-dreads-boho-locken\/#breadcrumb","itemListElement":[{"@type":"ListItem","position":1,"name":"\u0413\u043b\u0430\u0432\u043d\u0430\u044f \u0441\u0442\u0440\u0430\u043d\u0438\u0446\u0430","item":"https:\/\/daddydread.com\/de\/"},{"@type":"ListItem","position":2,"name":"Dreadlocks Shop","item":"https:\/\/daddydread.com\/de\/shop\/"},{"@type":"ListItem","position":3,"name":"Texturierte Dreads \u2013 Boho Locken"}]},{"@type":"WebSite","@id":"https:\/\/daddydread.com\/de\/#website","url":"https:\/\/daddydread.com\/de\/","name":"Daddy Dreads","description":"Dreadlocks shop","potentialAction":[{"@type":"SearchAction","target":{"@type":"EntryPoint","urlTemplate":"https:\/\/daddydread.com\/de\/?s={search_term_string}"},"query-input":"required name=search_term_string"}],"inLanguage":"de"}]}},"jetpack_sharing_enabled":true,"_links":{"self":[{"href":"https:\/\/daddydread.com\/de\/wp-json\/wp\/v2\/product\/36258","targetHints":{"allow":["GET"]}}],"collection":[{"href":"https:\/\/daddydread.com\/de\/wp-json\/wp\/v2\/product"}],"about":[{"href":"https:\/\/daddydread.com\/de\/wp-json\/wp\/v2\/types\/product"}],"replies":[{"embeddable":true,"href":"https:\/\/daddydread.com\/de\/wp-json\/wp\/v2\/comments?post=36258"}],"wp:featuredmedia":[{"embeddable":true,"href":"https:\/\/daddydread.com\/de\/wp-json\/wp\/v2\/media\/36269"}],"wp:attachment":[{"href":"https:\/\/daddydread.com\/de\/wp-json\/wp\/v2\/media?parent=36258"}],"wp:term":[{"taxonomy":"product_brand","embeddable":true,"href":"https:\/\/daddydread.com\/de\/wp-json\/wp\/v2\/product_brand?post=36258"},{"taxonomy":"product_cat","embeddable":true,"href":"https:\/\/daddydread.com\/de\/wp-json\/wp\/v2\/product_cat?post=36258"},{"taxonomy":"product_tag","embeddable":true,"href":"https:\/\/daddydread.com\/de\/wp-json\/wp\/v2\/product_tag?post=36258"}],"curies":[{"name":"wp","href":"https:\/\/api.w.org\/{rel}","templated":true}]}}