{"id":35603,"date":"2024-04-16T01:21:00","date_gmt":"2024-04-15T22:21:00","guid":{"rendered":"https:\/\/daddydread.com\/?post_type=product&#038;p=35603"},"modified":"2024-05-22T15:20:37","modified_gmt":"2024-05-22T12:20:37","slug":"texturierte-dreads-esche-smaragd","status":"publish","type":"product","link":"https:\/\/daddydread.com\/de\/produkt\/texturierte-dreads-esche-smaragd\/","title":{"rendered":"Texturierte Dreads \u2013 Esche Smaragd"},"content":{"rendered":"<p>Daddy Dreads Studio pr\u00e4sentiert seine neueste Innovation, die Texturierte Dreadlocks in Esche Smaragd, eine lebendige und stilvolle Wahl, um deinen Look zu verbessern. Aus hochwertigen synthetischen Fasern hergestellt, sind diese Erweiterungen nicht nur langlebig, sondern weisen auch eine einzigartige Textur auf, die dem Aussehen nat\u00fcrlich gealterter Dreads sehr \u00e4hnlich ist.<\/p>\n<h2>\u00dcbersicht der Esche Smaragd Texturierte Dreadlocks<\/h2>\n<p>Diese Dreadlocks werden in Handarbeit hergestellt, wobei jeder Strang sorgf\u00e4ltig geflochten wird, um einen detaillierten und volumin\u00f6sen Look zu erzielen. Die Farbe Ash Emerald ist eine auff\u00e4llige Mischung aus gedeckten Aschet\u00f6nen mit leuchtenden smaragdgr\u00fcnen Akzenten und bietet eine auff\u00e4llige Farbtiefe, die zu einer Vielzahl von Hautt\u00f6nen und pers\u00f6nlichen Stilen passt.<\/p>\n<p>Im Gegensatz zu einfachen geh\u00e4kelten Dreadlocks bieten die strukturierten Dreadlocks mehr Volumen und sind etwas schwerer, was den \u00e4sthetischen Gesamteindruck noch verst\u00e4rkt. Trotz des zus\u00e4tzlichen Gewichts sind die Dreadlocks dank der Weichheit der verwendeten synthetischen Materialien auch im Alltag angenehm zu tragen.<\/p>\n<h2>Hauptmerkmale und Vorteile<\/h2>\n<p>Die Esche Smaragd Texturierte Dreadlocks von Daddy Dreads Studio haben dicke Enden und eine robuste Struktur, die daf\u00fcr sorgt, dass sie sich nicht so leicht verheddern. Sie sind so konzipiert, dass sie wiederverwendbar sind, damit du lange Freude an deinem Style hast. Die verwendeten Fasern wurden speziell wegen ihrer geringen Hitzeempfindlichkeit ausgew\u00e4hlt, so dass sie auch mit routinem\u00e4\u00dfigen Hei\u00dfwasserbehandlungen handhabbar sind.<\/p>\n<p>Die Dreadlocks sind auch frei von chemischen Behandlungen, was sie zu einer sicheren Wahl f\u00fcr langes Tragen macht. Die Dreadlocks werden mit grundlegenden Werkzeugen wie einem 0,5 mm Haken und einem Kamm hergestellt und zeigen das handwerkliche K\u00f6nnen und die Leidenschaft der K\u00fcnstler von Daddy Dreads Studio.<\/p>\n<h2>Individuelle Anpassung und pers\u00f6nlicher Stil<\/h2>\n<p>Diese strukturierten Dreadlocks sind perfekt f\u00fcr alle, die ihre Frisur individuell gestalten m\u00f6chten. Du kannst die Esche Smaragd Erweiterungen mit anderen lockigen oder <strong><a href=\"https:\/\/daddydread.com\/de\/produkt-kategorie\/synthetische-dreadlocks\/\">synthetischen Dreadlocks<\/a><\/strong> kombinieren, um ein einzigartiges Set zu kreieren, das deine Individualit\u00e4t widerspiegelt. Unser Studio hilft dir gerne bei der Auswahl von Farbe und Struktur, damit du die perfekte Kombination f\u00fcr deinen Look findest.<\/p>\n<h2>Pflegehinweise<\/h2>\n<p>Die Pflege deiner Esche Smaragd Texturierte Dreadlocks ist ganz einfach. Sie sollten etwa 1-2 Monate am St\u00fcck getragen werden. Danach m\u00fcssen sie entfernt werden, um ein Verfilzen mit dem nat\u00fcrlichen Haar zu vermeiden. Das Waschen der Erweiterungen ist ganz einfach: Verd\u00fcnne das Shampoo im Verh\u00e4ltnis 5:1 mit Wasser und reinige sowohl die Kopfhaut als auch die Dreadlocks gr\u00fcndlich. Sie sollten mit warmer oder k\u00fchler Luft getrocknet werden, um ihre Textur zu erhalten.<\/p>\n","protected":false},"excerpt":{"rendered":"<p>Diese hochwertigen, texturierten Dreadlocks kombinieren tiefe Aschet\u00f6ne mit leuchtenden, smaragdgr\u00fcnen Str\u00e4hnchen und bieten einen k\u00fchnen und sch\u00f6nen Look. Perfekt f\u00fcr alle, die Wert auf Stil und Qualit\u00e4t legen. Diese Erweiterungen sind auf Komfort und lange Haltbarkeit ausgelegt. Egal, ob Sie Ihren allt\u00e4glichen Stil auffrischen oder einen Look f\u00fcr einen besonderen Anlass kreieren m\u00f6chten.<\/p>\n","protected":false},"featured_media":35694,"comment_status":"open","ping_status":"closed","template":"","meta":{"_acf_changed":false},"product_brand":[],"product_cat":[260,254,245,246],"product_tag":[],"class_list":{"0":"post-35603","1":"product","2":"type-product","3":"status-publish","4":"has-post-thumbnail","6":"product_cat-doppelendige-dreadlocks","7":"product_cat-texturierte-dreadlocks","8":"product_cat-farbige-dreadlocks","9":"product_cat-frauen-dreadlocks","11":"first","12":"instock","13":"shipping-taxable","14":"purchasable","15":"product-type-variable"},"acf":[],"yoast_head":"<!-- This site is optimized with the Yoast SEO plugin v22.3 - https:\/\/yoast.com\/wordpress\/plugins\/seo\/ -->\n<title>Esche Smaragd Dreadlocks Extensions Kaufen, Dreads Shop<\/title>\n<meta name=\"description\" content=\"Esche smaragd texturierte Dreadlocks f\u00fcr Frauen und M\u00e4nner. Lange und kurze haare Dreadlocks Extensions. Lieferung in Deutschland. Synthetische Dreads Shop.\" \/>\n<meta name=\"robots\" content=\"index, follow, max-snippet:-1, max-image-preview:large, max-video-preview:-1\" \/>\n<link rel=\"canonical\" href=\"https:\/\/daddydread.com\/de\/produkt\/texturierte-dreads-esche-smaragd\/\" \/>\n<meta property=\"og:locale\" content=\"de_DE\" \/>\n<meta property=\"og:type\" content=\"article\" \/>\n<meta property=\"og:title\" content=\"Esche Smaragd Dreadlocks Extensions Kaufen, Dreads Shop\" \/>\n<meta property=\"og:description\" content=\"Esche smaragd texturierte Dreadlocks f\u00fcr Frauen und M\u00e4nner. Lange und kurze haare Dreadlocks Extensions. Lieferung in Deutschland. Synthetische Dreads Shop.\" \/>\n<meta property=\"og:url\" content=\"https:\/\/daddydread.com\/de\/produkt\/texturierte-dreads-esche-smaragd\/\" \/>\n<meta property=\"og:site_name\" content=\"Daddy Dreads\" \/>\n<meta property=\"article:modified_time\" content=\"2024-05-22T12:20:37+00:00\" \/>\n<meta property=\"og:image\" content=\"https:\/\/daddydread.com\/wp-content\/uploads\/2024\/04\/01-2-600x800.jpg\" \/>\n\t<meta property=\"og:image:width\" content=\"600\" \/>\n\t<meta property=\"og:image:height\" content=\"800\" \/>\n\t<meta property=\"og:image:type\" content=\"image\/jpeg\" \/>\n<meta name=\"twitter:card\" content=\"summary_large_image\" \/>\n<meta name=\"twitter:label1\" content=\"Gesch\u00e4tzte Lesezeit\" \/>\n\t<meta name=\"twitter:data1\" content=\"2\u00a0Minuten\" \/>\n<script type=\"application\/ld+json\" class=\"yoast-schema-graph\">{\"@context\":\"https:\/\/schema.org\",\"@graph\":[{\"@type\":\"WebPage\",\"@id\":\"https:\/\/daddydread.com\/de\/produkt\/texturierte-dreads-esche-smaragd\/\",\"url\":\"https:\/\/daddydread.com\/de\/produkt\/texturierte-dreads-esche-smaragd\/\",\"name\":\"Esche Smaragd Dreadlocks Extensions Kaufen, Dreads Shop\",\"isPartOf\":{\"@id\":\"https:\/\/daddydread.com\/de\/#website\"},\"primaryImageOfPage\":{\"@id\":\"https:\/\/daddydread.com\/de\/produkt\/texturierte-dreads-esche-smaragd\/#primaryimage\"},\"image\":{\"@id\":\"https:\/\/daddydread.com\/de\/produkt\/texturierte-dreads-esche-smaragd\/#primaryimage\"},\"thumbnailUrl\":\"https:\/\/daddydread.com\/wp-content\/uploads\/2024\/04\/01-2.jpg\",\"datePublished\":\"2024-04-15T22:21:00+00:00\",\"dateModified\":\"2024-05-22T12:20:37+00:00\",\"description\":\"Esche smaragd texturierte Dreadlocks f\u00fcr Frauen und M\u00e4nner. Lange und kurze haare Dreadlocks Extensions. Lieferung in Deutschland. Synthetische Dreads Shop.\",\"breadcrumb\":{\"@id\":\"https:\/\/daddydread.com\/de\/produkt\/texturierte-dreads-esche-smaragd\/#breadcrumb\"},\"inLanguage\":\"de\",\"potentialAction\":[{\"@type\":\"ReadAction\",\"target\":[\"https:\/\/daddydread.com\/de\/produkt\/texturierte-dreads-esche-smaragd\/\"]}]},{\"@type\":\"ImageObject\",\"inLanguage\":\"de\",\"@id\":\"https:\/\/daddydread.com\/de\/produkt\/texturierte-dreads-esche-smaragd\/#primaryimage\",\"url\":\"https:\/\/daddydread.com\/wp-content\/uploads\/2024\/04\/01-2.jpg\",\"contentUrl\":\"https:\/\/daddydread.com\/wp-content\/uploads\/2024\/04\/01-2.jpg\",\"width\":1920,\"height\":2560,\"caption\":\"Esche Smaragd texturierte Dreadlocks\"},{\"@type\":\"BreadcrumbList\",\"@id\":\"https:\/\/daddydread.com\/de\/produkt\/texturierte-dreads-esche-smaragd\/#breadcrumb\",\"itemListElement\":[{\"@type\":\"ListItem\",\"position\":1,\"name\":\"\u0413\u043b\u0430\u0432\u043d\u0430\u044f \u0441\u0442\u0440\u0430\u043d\u0438\u0446\u0430\",\"item\":\"https:\/\/daddydread.com\/de\/\"},{\"@type\":\"ListItem\",\"position\":2,\"name\":\"Dreadlocks Shop\",\"item\":\"https:\/\/daddydread.com\/de\/shop\/\"},{\"@type\":\"ListItem\",\"position\":3,\"name\":\"Texturierte Dreads \u2013 Esche Smaragd\"}]},{\"@type\":\"WebSite\",\"@id\":\"https:\/\/daddydread.com\/de\/#website\",\"url\":\"https:\/\/daddydread.com\/de\/\",\"name\":\"Daddy Dreads\",\"description\":\"Dreadlocks shop\",\"potentialAction\":[{\"@type\":\"SearchAction\",\"target\":{\"@type\":\"EntryPoint\",\"urlTemplate\":\"https:\/\/daddydread.com\/de\/?s={search_term_string}\"},\"query-input\":\"required name=search_term_string\"}],\"inLanguage\":\"de\"}]}<\/script>\n<!-- \/ Yoast SEO plugin. -->","yoast_head_json":{"title":"Esche Smaragd Dreadlocks Extensions Kaufen, Dreads Shop","description":"Esche smaragd texturierte Dreadlocks f\u00fcr Frauen und M\u00e4nner. Lange und kurze haare Dreadlocks Extensions. Lieferung in Deutschland. Synthetische Dreads Shop.","robots":{"index":"index","follow":"follow","max-snippet":"max-snippet:-1","max-image-preview":"max-image-preview:large","max-video-preview":"max-video-preview:-1"},"canonical":"https:\/\/daddydread.com\/de\/produkt\/texturierte-dreads-esche-smaragd\/","og_locale":"de_DE","og_type":"article","og_title":"Esche Smaragd Dreadlocks Extensions Kaufen, Dreads Shop","og_description":"Esche smaragd texturierte Dreadlocks f\u00fcr Frauen und M\u00e4nner. Lange und kurze haare Dreadlocks Extensions. Lieferung in Deutschland. Synthetische Dreads Shop.","og_url":"https:\/\/daddydread.com\/de\/produkt\/texturierte-dreads-esche-smaragd\/","og_site_name":"Daddy Dreads","article_modified_time":"2024-05-22T12:20:37+00:00","og_image":[{"width":600,"height":800,"url":"https:\/\/daddydread.com\/wp-content\/uploads\/2024\/04\/01-2-600x800.jpg","type":"image\/jpeg"}],"twitter_card":"summary_large_image","twitter_misc":{"Gesch\u00e4tzte Lesezeit":"2\u00a0Minuten"},"schema":{"@context":"https:\/\/schema.org","@graph":[{"@type":"WebPage","@id":"https:\/\/daddydread.com\/de\/produkt\/texturierte-dreads-esche-smaragd\/","url":"https:\/\/daddydread.com\/de\/produkt\/texturierte-dreads-esche-smaragd\/","name":"Esche Smaragd Dreadlocks Extensions Kaufen, Dreads Shop","isPartOf":{"@id":"https:\/\/daddydread.com\/de\/#website"},"primaryImageOfPage":{"@id":"https:\/\/daddydread.com\/de\/produkt\/texturierte-dreads-esche-smaragd\/#primaryimage"},"image":{"@id":"https:\/\/daddydread.com\/de\/produkt\/texturierte-dreads-esche-smaragd\/#primaryimage"},"thumbnailUrl":"https:\/\/daddydread.com\/wp-content\/uploads\/2024\/04\/01-2.jpg","datePublished":"2024-04-15T22:21:00+00:00","dateModified":"2024-05-22T12:20:37+00:00","description":"Esche smaragd texturierte Dreadlocks f\u00fcr Frauen und M\u00e4nner. Lange und kurze haare Dreadlocks Extensions. Lieferung in Deutschland. Synthetische Dreads Shop.","breadcrumb":{"@id":"https:\/\/daddydread.com\/de\/produkt\/texturierte-dreads-esche-smaragd\/#breadcrumb"},"inLanguage":"de","potentialAction":[{"@type":"ReadAction","target":["https:\/\/daddydread.com\/de\/produkt\/texturierte-dreads-esche-smaragd\/"]}]},{"@type":"ImageObject","inLanguage":"de","@id":"https:\/\/daddydread.com\/de\/produkt\/texturierte-dreads-esche-smaragd\/#primaryimage","url":"https:\/\/daddydread.com\/wp-content\/uploads\/2024\/04\/01-2.jpg","contentUrl":"https:\/\/daddydread.com\/wp-content\/uploads\/2024\/04\/01-2.jpg","width":1920,"height":2560,"caption":"Esche Smaragd texturierte Dreadlocks"},{"@type":"BreadcrumbList","@id":"https:\/\/daddydread.com\/de\/produkt\/texturierte-dreads-esche-smaragd\/#breadcrumb","itemListElement":[{"@type":"ListItem","position":1,"name":"\u0413\u043b\u0430\u0432\u043d\u0430\u044f \u0441\u0442\u0440\u0430\u043d\u0438\u0446\u0430","item":"https:\/\/daddydread.com\/de\/"},{"@type":"ListItem","position":2,"name":"Dreadlocks Shop","item":"https:\/\/daddydread.com\/de\/shop\/"},{"@type":"ListItem","position":3,"name":"Texturierte Dreads \u2013 Esche Smaragd"}]},{"@type":"WebSite","@id":"https:\/\/daddydread.com\/de\/#website","url":"https:\/\/daddydread.com\/de\/","name":"Daddy Dreads","description":"Dreadlocks shop","potentialAction":[{"@type":"SearchAction","target":{"@type":"EntryPoint","urlTemplate":"https:\/\/daddydread.com\/de\/?s={search_term_string}"},"query-input":"required name=search_term_string"}],"inLanguage":"de"}]}},"jetpack_sharing_enabled":true,"_links":{"self":[{"href":"https:\/\/daddydread.com\/de\/wp-json\/wp\/v2\/product\/35603","targetHints":{"allow":["GET"]}}],"collection":[{"href":"https:\/\/daddydread.com\/de\/wp-json\/wp\/v2\/product"}],"about":[{"href":"https:\/\/daddydread.com\/de\/wp-json\/wp\/v2\/types\/product"}],"replies":[{"embeddable":true,"href":"https:\/\/daddydread.com\/de\/wp-json\/wp\/v2\/comments?post=35603"}],"wp:featuredmedia":[{"embeddable":true,"href":"https:\/\/daddydread.com\/de\/wp-json\/wp\/v2\/media\/35694"}],"wp:attachment":[{"href":"https:\/\/daddydread.com\/de\/wp-json\/wp\/v2\/media?parent=35603"}],"wp:term":[{"taxonomy":"product_brand","embeddable":true,"href":"https:\/\/daddydread.com\/de\/wp-json\/wp\/v2\/product_brand?post=35603"},{"taxonomy":"product_cat","embeddable":true,"href":"https:\/\/daddydread.com\/de\/wp-json\/wp\/v2\/product_cat?post=35603"},{"taxonomy":"product_tag","embeddable":true,"href":"https:\/\/daddydread.com\/de\/wp-json\/wp\/v2\/product_tag?post=35603"}],"curies":[{"name":"wp","href":"https:\/\/api.w.org\/{rel}","templated":true}]}}