{"id":35514,"date":"2024-04-16T01:07:24","date_gmt":"2024-04-15T22:07:24","guid":{"rendered":"https:\/\/daddydread.com\/?post_type=product&#038;p=35514"},"modified":"2024-05-22T15:20:30","modified_gmt":"2024-05-22T12:20:30","slug":"texturierte-dreads-esche","status":"publish","type":"product","link":"https:\/\/daddydread.com\/de\/produkt\/texturierte-dreads-esche\/","title":{"rendered":"Texturierte Dreads \u2013 Asche"},"content":{"rendered":"<p>Entdecke die einzigartige Welt der Texturierte Dreadlocks von Daddy Dreads Studio in der atemberaubenden Nuance Ash. Diese sorgf\u00e4ltig aus hochwertigen synthetischen Fasern gefertigten Verl\u00e4ngerungen bieten einen volumin\u00f6sen und komplizierten Look, der alte, nat\u00fcrliche Dreadlocks imitiert und gleichzeitig einen Hauch von moderner Raffinesse vermittelt.<\/p>\n<h2>Texturierte Dreadlocks verstehen<\/h2>\n<p>Bei den Texturierte Dreadlocks geht es nicht nur um Stil, sondern auch um Handwerkskunst. Jeder Dreadlock wird mit einer Pr\u00e4zision von Hand geh\u00e4kelt, die sicherstellt, dass kein Dreadlock dem anderen gleicht und dennoch zu einem harmonischen Gesamtbild beitr\u00e4gt. Die Farbe Ash ist ein weicher, vielseitiger Farbton, der zu verschiedenen Hautt\u00f6nen passt und jedem Look ein subtiles, schickes Flair verleiht.<\/p>\n<p>Diese Verl\u00e4ngerungen sind aufgrund ihrer dichten und detaillierten Textur etwas schwerer als normale H\u00e4kel-Dreadlocks. Der einzigartige Stil, den sie bieten, ist jedoch das zus\u00e4tzliche Gewicht wert und macht sie zu einem Favoriten unter denjenigen, die au\u00dfergew\u00f6hnliche Haarkunst sch\u00e4tzen.<\/p>\n<h2>Eigenschaften und Vorteile<\/h2>\n<p>Die Texturierte Dreadlocks aus unserem Studio haben dicke Enden und eine robuste Struktur, die sich nicht so leicht aufl\u00f6st. Sie sind wiederverwendbar, so dass du sie lange genie\u00dfen kannst. Die Weichheit der verwendeten Fasern sorgt daf\u00fcr, dass sie t\u00e4glich bequem zu tragen sind, und ihre Langlebigkeit bedeutet, dass du deinen einzigartigen Look ohne h\u00e4ufigen Austausch genie\u00dfen kannst.<\/p>\n<p>Die f\u00fcr diese Dreads verwendeten Kunstfasern sind hitzebest\u00e4ndig, sollten aber mit Vorsicht behandelt werden. Sie k\u00f6nnen bei niedrigen Temperaturen gestylt werden, was perfekt ist, um die Textur der Dreadlocks bei Bedarf mit einem Haken und hei\u00dfem Wasser zu fixieren.<\/p>\n<h2>Individuelle Anpassung und Styling<\/h2>\n<p>Die Vielseitigkeit der Ash Strukturierte Verl\u00e4ngerungen erlaubt es Ihnen, sie mit verschiedenen Arten von Haarverl\u00e4ngerungen zu kombinieren. Durch die Kombination mit synthetischen oder <strong><a href=\"https:\/\/daddydread.com\/de\/produkt-kategorie\/lockige-dreadlocks\/\">lockigen Dreadlocks<\/a><\/strong> kannst du ein individuelles Set kreieren, das deine nat\u00fcrliche Sch\u00f6nheit unterstreicht und deinen pers\u00f6nlichen Stil hervorhebt. Wenn du dir unsicher bist, was die Farb- oder Texturkombinationen angeht, bietet Daddy Dreads Studio eine Beratung an, die dir hilft, die perfekte Wahl zu treffen.<\/p>\n<h2>Pflegehinweise<\/h2>\n<p>Um die Sch\u00f6nheit deiner Ash Texturierte Dreadlocks zu erhalten, solltest du sie 1-2 Monate lang tragen, bevor du eine Pause einlegst. So verhindern Sie, dass Ihr nat\u00fcrliches Haar verfilzt. Das Waschen dieser Verl\u00e4ngerungen ist ganz einfach: Shampoo im Verh\u00e4ltnis 1:5 mit Wasser verd\u00fcnnen und die Kopfhaut und die Zwischenr\u00e4ume der Dreadlocks waschen. Vermeide es, sie mit Hei\u00dfluft zu trocknen, da sich dadurch ihre Textur ver\u00e4ndern k\u00f6nnte.<\/p>\n","protected":false},"excerpt":{"rendered":"<p>Verwandeln Sie Ihre Frisur mit raffiniert texturierten Dreadlocks in der Farbe Asche. Diese aus hochwertigen synthetischen Fasern gefertigten Erweiterungen bieten eine einzigartige, komplizierte Textur, die das Aussehen nat\u00fcrlicher Dreadlocks nachahmt. Perfekt f\u00fcr alle, die eine langlebige, stilvolle und pflegeleichte Option suchen. Der Farbton Ash verleiht eine subtile Eleganz, die jeden Look erg\u00e4nzt.<\/p>\n","protected":false},"featured_media":35670,"comment_status":"open","ping_status":"closed","template":"","meta":{"_acf_changed":false},"product_brand":[],"product_cat":[260,258,254,246],"product_tag":[],"class_list":{"0":"post-35514","1":"product","2":"type-product","3":"status-publish","4":"has-post-thumbnail","6":"product_cat-doppelendige-dreadlocks","7":"product_cat-maenner-dreadlocks","8":"product_cat-texturierte-dreadlocks","9":"product_cat-frauen-dreadlocks","11":"first","12":"instock","13":"shipping-taxable","14":"purchasable","15":"product-type-variable"},"acf":[],"yoast_head":"<!-- This site is optimized with the Yoast SEO plugin v22.3 - https:\/\/yoast.com\/wordpress\/plugins\/seo\/ -->\n<title>Esche Dreadlocks Extensions Kaufen, Dreads Shop<\/title>\n<meta name=\"description\" content=\"Esche texturierte Dreadlocks f\u00fcr Frauen und M\u00e4nner. Lange und kurze haare Dreadlocks Extensions. Lieferung in Deutschland. Synthetische Dreads Shop.\" \/>\n<meta name=\"robots\" content=\"index, follow, max-snippet:-1, max-image-preview:large, max-video-preview:-1\" \/>\n<link rel=\"canonical\" href=\"https:\/\/daddydread.com\/de\/produkt\/texturierte-dreads-esche\/\" \/>\n<meta property=\"og:locale\" content=\"de_DE\" \/>\n<meta property=\"og:type\" content=\"article\" \/>\n<meta property=\"og:title\" content=\"Esche Dreadlocks Extensions Kaufen, Dreads Shop\" \/>\n<meta property=\"og:description\" content=\"Esche texturierte Dreadlocks f\u00fcr Frauen und M\u00e4nner. Lange und kurze haare Dreadlocks Extensions. Lieferung in Deutschland. Synthetische Dreads Shop.\" \/>\n<meta property=\"og:url\" content=\"https:\/\/daddydread.com\/de\/produkt\/texturierte-dreads-esche\/\" \/>\n<meta property=\"og:site_name\" content=\"Daddy Dreads\" \/>\n<meta property=\"article:modified_time\" content=\"2024-05-22T12:20:30+00:00\" \/>\n<meta property=\"og:image\" content=\"https:\/\/daddydread.com\/wp-content\/uploads\/2024\/04\/01-1-600x800.jpg\" \/>\n\t<meta property=\"og:image:width\" content=\"600\" \/>\n\t<meta property=\"og:image:height\" content=\"800\" \/>\n\t<meta property=\"og:image:type\" content=\"image\/jpeg\" \/>\n<meta name=\"twitter:card\" content=\"summary_large_image\" \/>\n<meta name=\"twitter:label1\" content=\"Gesch\u00e4tzte Lesezeit\" \/>\n\t<meta name=\"twitter:data1\" content=\"2\u00a0Minuten\" \/>\n<script type=\"application\/ld+json\" class=\"yoast-schema-graph\">{\"@context\":\"https:\/\/schema.org\",\"@graph\":[{\"@type\":\"WebPage\",\"@id\":\"https:\/\/daddydread.com\/de\/produkt\/texturierte-dreads-esche\/\",\"url\":\"https:\/\/daddydread.com\/de\/produkt\/texturierte-dreads-esche\/\",\"name\":\"Esche Dreadlocks Extensions Kaufen, Dreads Shop\",\"isPartOf\":{\"@id\":\"https:\/\/daddydread.com\/de\/#website\"},\"primaryImageOfPage\":{\"@id\":\"https:\/\/daddydread.com\/de\/produkt\/texturierte-dreads-esche\/#primaryimage\"},\"image\":{\"@id\":\"https:\/\/daddydread.com\/de\/produkt\/texturierte-dreads-esche\/#primaryimage\"},\"thumbnailUrl\":\"https:\/\/daddydread.com\/wp-content\/uploads\/2024\/04\/01-1.jpg\",\"datePublished\":\"2024-04-15T22:07:24+00:00\",\"dateModified\":\"2024-05-22T12:20:30+00:00\",\"description\":\"Esche texturierte Dreadlocks f\u00fcr Frauen und M\u00e4nner. Lange und kurze haare Dreadlocks Extensions. Lieferung in Deutschland. Synthetische Dreads Shop.\",\"breadcrumb\":{\"@id\":\"https:\/\/daddydread.com\/de\/produkt\/texturierte-dreads-esche\/#breadcrumb\"},\"inLanguage\":\"de\",\"potentialAction\":[{\"@type\":\"ReadAction\",\"target\":[\"https:\/\/daddydread.com\/de\/produkt\/texturierte-dreads-esche\/\"]}]},{\"@type\":\"ImageObject\",\"inLanguage\":\"de\",\"@id\":\"https:\/\/daddydread.com\/de\/produkt\/texturierte-dreads-esche\/#primaryimage\",\"url\":\"https:\/\/daddydread.com\/wp-content\/uploads\/2024\/04\/01-1.jpg\",\"contentUrl\":\"https:\/\/daddydread.com\/wp-content\/uploads\/2024\/04\/01-1.jpg\",\"width\":1920,\"height\":2560,\"caption\":\"Texturierte Dreads - Esche\"},{\"@type\":\"BreadcrumbList\",\"@id\":\"https:\/\/daddydread.com\/de\/produkt\/texturierte-dreads-esche\/#breadcrumb\",\"itemListElement\":[{\"@type\":\"ListItem\",\"position\":1,\"name\":\"\u0413\u043b\u0430\u0432\u043d\u0430\u044f \u0441\u0442\u0440\u0430\u043d\u0438\u0446\u0430\",\"item\":\"https:\/\/daddydread.com\/de\/\"},{\"@type\":\"ListItem\",\"position\":2,\"name\":\"Dreadlocks Shop\",\"item\":\"https:\/\/daddydread.com\/de\/shop\/\"},{\"@type\":\"ListItem\",\"position\":3,\"name\":\"Texturierte Dreads \u2013 Asche\"}]},{\"@type\":\"WebSite\",\"@id\":\"https:\/\/daddydread.com\/de\/#website\",\"url\":\"https:\/\/daddydread.com\/de\/\",\"name\":\"Daddy Dreads\",\"description\":\"Dreadlocks shop\",\"potentialAction\":[{\"@type\":\"SearchAction\",\"target\":{\"@type\":\"EntryPoint\",\"urlTemplate\":\"https:\/\/daddydread.com\/de\/?s={search_term_string}\"},\"query-input\":\"required name=search_term_string\"}],\"inLanguage\":\"de\"}]}<\/script>\n<!-- \/ Yoast SEO plugin. -->","yoast_head_json":{"title":"Esche Dreadlocks Extensions Kaufen, Dreads Shop","description":"Esche texturierte Dreadlocks f\u00fcr Frauen und M\u00e4nner. Lange und kurze haare Dreadlocks Extensions. Lieferung in Deutschland. Synthetische Dreads Shop.","robots":{"index":"index","follow":"follow","max-snippet":"max-snippet:-1","max-image-preview":"max-image-preview:large","max-video-preview":"max-video-preview:-1"},"canonical":"https:\/\/daddydread.com\/de\/produkt\/texturierte-dreads-esche\/","og_locale":"de_DE","og_type":"article","og_title":"Esche Dreadlocks Extensions Kaufen, Dreads Shop","og_description":"Esche texturierte Dreadlocks f\u00fcr Frauen und M\u00e4nner. Lange und kurze haare Dreadlocks Extensions. Lieferung in Deutschland. Synthetische Dreads Shop.","og_url":"https:\/\/daddydread.com\/de\/produkt\/texturierte-dreads-esche\/","og_site_name":"Daddy Dreads","article_modified_time":"2024-05-22T12:20:30+00:00","og_image":[{"width":600,"height":800,"url":"https:\/\/daddydread.com\/wp-content\/uploads\/2024\/04\/01-1-600x800.jpg","type":"image\/jpeg"}],"twitter_card":"summary_large_image","twitter_misc":{"Gesch\u00e4tzte Lesezeit":"2\u00a0Minuten"},"schema":{"@context":"https:\/\/schema.org","@graph":[{"@type":"WebPage","@id":"https:\/\/daddydread.com\/de\/produkt\/texturierte-dreads-esche\/","url":"https:\/\/daddydread.com\/de\/produkt\/texturierte-dreads-esche\/","name":"Esche Dreadlocks Extensions Kaufen, Dreads Shop","isPartOf":{"@id":"https:\/\/daddydread.com\/de\/#website"},"primaryImageOfPage":{"@id":"https:\/\/daddydread.com\/de\/produkt\/texturierte-dreads-esche\/#primaryimage"},"image":{"@id":"https:\/\/daddydread.com\/de\/produkt\/texturierte-dreads-esche\/#primaryimage"},"thumbnailUrl":"https:\/\/daddydread.com\/wp-content\/uploads\/2024\/04\/01-1.jpg","datePublished":"2024-04-15T22:07:24+00:00","dateModified":"2024-05-22T12:20:30+00:00","description":"Esche texturierte Dreadlocks f\u00fcr Frauen und M\u00e4nner. Lange und kurze haare Dreadlocks Extensions. Lieferung in Deutschland. Synthetische Dreads Shop.","breadcrumb":{"@id":"https:\/\/daddydread.com\/de\/produkt\/texturierte-dreads-esche\/#breadcrumb"},"inLanguage":"de","potentialAction":[{"@type":"ReadAction","target":["https:\/\/daddydread.com\/de\/produkt\/texturierte-dreads-esche\/"]}]},{"@type":"ImageObject","inLanguage":"de","@id":"https:\/\/daddydread.com\/de\/produkt\/texturierte-dreads-esche\/#primaryimage","url":"https:\/\/daddydread.com\/wp-content\/uploads\/2024\/04\/01-1.jpg","contentUrl":"https:\/\/daddydread.com\/wp-content\/uploads\/2024\/04\/01-1.jpg","width":1920,"height":2560,"caption":"Texturierte Dreads - Esche"},{"@type":"BreadcrumbList","@id":"https:\/\/daddydread.com\/de\/produkt\/texturierte-dreads-esche\/#breadcrumb","itemListElement":[{"@type":"ListItem","position":1,"name":"\u0413\u043b\u0430\u0432\u043d\u0430\u044f \u0441\u0442\u0440\u0430\u043d\u0438\u0446\u0430","item":"https:\/\/daddydread.com\/de\/"},{"@type":"ListItem","position":2,"name":"Dreadlocks Shop","item":"https:\/\/daddydread.com\/de\/shop\/"},{"@type":"ListItem","position":3,"name":"Texturierte Dreads \u2013 Asche"}]},{"@type":"WebSite","@id":"https:\/\/daddydread.com\/de\/#website","url":"https:\/\/daddydread.com\/de\/","name":"Daddy Dreads","description":"Dreadlocks shop","potentialAction":[{"@type":"SearchAction","target":{"@type":"EntryPoint","urlTemplate":"https:\/\/daddydread.com\/de\/?s={search_term_string}"},"query-input":"required name=search_term_string"}],"inLanguage":"de"}]}},"jetpack_sharing_enabled":true,"_links":{"self":[{"href":"https:\/\/daddydread.com\/de\/wp-json\/wp\/v2\/product\/35514","targetHints":{"allow":["GET"]}}],"collection":[{"href":"https:\/\/daddydread.com\/de\/wp-json\/wp\/v2\/product"}],"about":[{"href":"https:\/\/daddydread.com\/de\/wp-json\/wp\/v2\/types\/product"}],"replies":[{"embeddable":true,"href":"https:\/\/daddydread.com\/de\/wp-json\/wp\/v2\/comments?post=35514"}],"wp:featuredmedia":[{"embeddable":true,"href":"https:\/\/daddydread.com\/de\/wp-json\/wp\/v2\/media\/35670"}],"wp:attachment":[{"href":"https:\/\/daddydread.com\/de\/wp-json\/wp\/v2\/media?parent=35514"}],"wp:term":[{"taxonomy":"product_brand","embeddable":true,"href":"https:\/\/daddydread.com\/de\/wp-json\/wp\/v2\/product_brand?post=35514"},{"taxonomy":"product_cat","embeddable":true,"href":"https:\/\/daddydread.com\/de\/wp-json\/wp\/v2\/product_cat?post=35514"},{"taxonomy":"product_tag","embeddable":true,"href":"https:\/\/daddydread.com\/de\/wp-json\/wp\/v2\/product_tag?post=35514"}],"curies":[{"name":"wp","href":"https:\/\/api.w.org\/{rel}","templated":true}]}}