{"id":35434,"date":"2024-04-16T00:14:55","date_gmt":"2024-04-15T21:14:55","guid":{"rendered":"https:\/\/daddydread.com\/?post_type=product&#038;p=35434"},"modified":"2024-04-24T02:49:48","modified_gmt":"2024-04-23T23:49:48","slug":"texturierte-dreadlocks-schwarze-wellen","status":"publish","type":"product","link":"https:\/\/daddydread.com\/de\/produkt\/texturierte-dreadlocks-schwarze-wellen\/","title":{"rendered":"Texturierte Dreadlocks \u2013 Schwarze Wellen"},"content":{"rendered":"<p>Synthetische, texturierte Dreadlocks &#8222;Schwarze Wellen&#8220; aus Thermofasern. Dieses Material ist weicher als normales Kanekalon und \u00e4hnelt mehr dem nat\u00fcrlichen Haar.<\/p>\n<p>Da dieses Material hitzebest\u00e4ndig ist, kann es mit einem Lockenstab gegl\u00e4ttet und gelockt werden. Der Schmuck in diesem Set kann ausgetauscht werden, aber es wird wundersch\u00f6n im Boho-Stil dekoriert sein.<\/p>\n<p>Die Struktur dieser texturierten Dreadlocks &#8222;Schwarze Wellen&#8220;\u00a0ist den alten nat\u00fcrlichen Dreadlocks, die von der Natur geformt wurden, so \u00e4hnlich wie m\u00f6glich. Sie f\u00fchlen sich weich an und sind angenehm zu tragen, so dass du das Gef\u00fchl hast, mit nat\u00fcrlichen Dreadlocks zu gehen.<\/p>\n<p>Dank dieser Struktur der Dreadlocks sind sie von nat\u00fcrlichen Dreadlocks nicht zu unterscheiden. Wenn du sie mit einem losen Pony flechtest, riskierst du, t\u00e4glich Komplimente von anderen \u00fcber dein Haar und deinen Stil zu erhalten.<\/p>\n","protected":false},"excerpt":{"rendered":"<p>Tauchen Sie ein in ein Meer von Stil mit Schwarze Wellen texturierten Dreadlocks. Diese luxuri\u00f6sen Haarverl\u00e4ngerungen zeichnen sich durch tiefschwarze T\u00f6ne und eine komplizierte Wellentextur aus und bieten einen volumin\u00f6sen und dynamischen Look, der perfekt f\u00fcr jeden Anlass ist. Sie werden aus hochwertigen synthetischen Materialien hergestellt, sind langlebig, wiederverwendbar und angenehm zu tragen.<\/p>\n","protected":false},"featured_media":35449,"comment_status":"open","ping_status":"closed","template":"","meta":{"_acf_changed":false},"product_brand":[],"product_cat":[258,259,254,245,236,246],"product_tag":[],"class_list":{"0":"post-35434","1":"product","2":"type-product","3":"status-publish","4":"has-post-thumbnail","6":"product_cat-maenner-dreadlocks","7":"product_cat-einseitige-dreadlocks","8":"product_cat-texturierte-dreadlocks","9":"product_cat-farbige-dreadlocks","10":"product_cat-lockige-dreadlocks","11":"product_cat-frauen-dreadlocks","13":"first","14":"instock","15":"shipping-taxable","16":"purchasable","17":"product-type-variable"},"acf":[],"yoast_head":"<!-- This site is optimized with the Yoast SEO plugin v22.3 - https:\/\/yoast.com\/wordpress\/plugins\/seo\/ -->\n<title>Schwarze Wellen Texturierte Dreadlocks Kaufen \u2013 Dreads Shop<\/title>\n<meta name=\"description\" content=\"Texturierte Dreadlocks Schwarze Wellen f\u00fcr Frauen und M\u00e4nner. Lange und kurze haare Dreadlocks Extensions. Lieferung in Deutschland. Synthetische Dreads Shop.\" \/>\n<meta name=\"robots\" content=\"index, follow, max-snippet:-1, max-image-preview:large, max-video-preview:-1\" \/>\n<link rel=\"canonical\" href=\"https:\/\/daddydread.com\/de\/produkt\/texturierte-dreadlocks-schwarze-wellen\/\" \/>\n<meta property=\"og:locale\" content=\"de_DE\" \/>\n<meta property=\"og:type\" content=\"article\" \/>\n<meta property=\"og:title\" content=\"Schwarze Wellen Texturierte Dreadlocks Kaufen \u2013 Dreads Shop\" \/>\n<meta property=\"og:description\" content=\"Texturierte Dreadlocks Schwarze Wellen f\u00fcr Frauen und M\u00e4nner. Lange und kurze haare Dreadlocks Extensions. Lieferung in Deutschland. Synthetische Dreads Shop.\" \/>\n<meta property=\"og:url\" content=\"https:\/\/daddydread.com\/de\/produkt\/texturierte-dreadlocks-schwarze-wellen\/\" \/>\n<meta property=\"og:site_name\" content=\"Daddy Dreads\" \/>\n<meta property=\"article:modified_time\" content=\"2024-04-23T23:49:48+00:00\" \/>\n<meta property=\"og:image\" content=\"https:\/\/daddydread.com\/wp-content\/uploads\/2024\/04\/01-600x800.jpg\" \/>\n\t<meta property=\"og:image:width\" content=\"600\" \/>\n\t<meta property=\"og:image:height\" content=\"800\" \/>\n\t<meta property=\"og:image:type\" content=\"image\/jpeg\" \/>\n<meta name=\"twitter:card\" content=\"summary_large_image\" \/>\n<meta name=\"twitter:label1\" content=\"Gesch\u00e4tzte Lesezeit\" \/>\n\t<meta name=\"twitter:data1\" content=\"1\u00a0Minute\" \/>\n<script type=\"application\/ld+json\" class=\"yoast-schema-graph\">{\"@context\":\"https:\/\/schema.org\",\"@graph\":[{\"@type\":\"WebPage\",\"@id\":\"https:\/\/daddydread.com\/de\/produkt\/texturierte-dreadlocks-schwarze-wellen\/\",\"url\":\"https:\/\/daddydread.com\/de\/produkt\/texturierte-dreadlocks-schwarze-wellen\/\",\"name\":\"Schwarze Wellen Texturierte Dreadlocks Kaufen \u2013 Dreads Shop\",\"isPartOf\":{\"@id\":\"https:\/\/daddydread.com\/de\/#website\"},\"primaryImageOfPage\":{\"@id\":\"https:\/\/daddydread.com\/de\/produkt\/texturierte-dreadlocks-schwarze-wellen\/#primaryimage\"},\"image\":{\"@id\":\"https:\/\/daddydread.com\/de\/produkt\/texturierte-dreadlocks-schwarze-wellen\/#primaryimage\"},\"thumbnailUrl\":\"https:\/\/daddydread.com\/wp-content\/uploads\/2024\/04\/01.jpg\",\"datePublished\":\"2024-04-15T21:14:55+00:00\",\"dateModified\":\"2024-04-23T23:49:48+00:00\",\"description\":\"Texturierte Dreadlocks Schwarze Wellen f\u00fcr Frauen und M\u00e4nner. Lange und kurze haare Dreadlocks Extensions. Lieferung in Deutschland. Synthetische Dreads Shop.\",\"breadcrumb\":{\"@id\":\"https:\/\/daddydread.com\/de\/produkt\/texturierte-dreadlocks-schwarze-wellen\/#breadcrumb\"},\"inLanguage\":\"de\",\"potentialAction\":[{\"@type\":\"ReadAction\",\"target\":[\"https:\/\/daddydread.com\/de\/produkt\/texturierte-dreadlocks-schwarze-wellen\/\"]}]},{\"@type\":\"ImageObject\",\"inLanguage\":\"de\",\"@id\":\"https:\/\/daddydread.com\/de\/produkt\/texturierte-dreadlocks-schwarze-wellen\/#primaryimage\",\"url\":\"https:\/\/daddydread.com\/wp-content\/uploads\/2024\/04\/01.jpg\",\"contentUrl\":\"https:\/\/daddydread.com\/wp-content\/uploads\/2024\/04\/01.jpg\",\"width\":1920,\"height\":2560,\"caption\":\"Textured Dreadlocks \u2013 Schwarze Wellen\"},{\"@type\":\"BreadcrumbList\",\"@id\":\"https:\/\/daddydread.com\/de\/produkt\/texturierte-dreadlocks-schwarze-wellen\/#breadcrumb\",\"itemListElement\":[{\"@type\":\"ListItem\",\"position\":1,\"name\":\"\u0413\u043b\u0430\u0432\u043d\u0430\u044f \u0441\u0442\u0440\u0430\u043d\u0438\u0446\u0430\",\"item\":\"https:\/\/daddydread.com\/de\/\"},{\"@type\":\"ListItem\",\"position\":2,\"name\":\"Dreadlocks Shop\",\"item\":\"https:\/\/daddydread.com\/de\/shop\/\"},{\"@type\":\"ListItem\",\"position\":3,\"name\":\"Texturierte Dreadlocks \u2013 Schwarze Wellen\"}]},{\"@type\":\"WebSite\",\"@id\":\"https:\/\/daddydread.com\/de\/#website\",\"url\":\"https:\/\/daddydread.com\/de\/\",\"name\":\"Daddy Dreads\",\"description\":\"Dreadlocks shop\",\"potentialAction\":[{\"@type\":\"SearchAction\",\"target\":{\"@type\":\"EntryPoint\",\"urlTemplate\":\"https:\/\/daddydread.com\/de\/?s={search_term_string}\"},\"query-input\":\"required name=search_term_string\"}],\"inLanguage\":\"de\"}]}<\/script>\n<!-- \/ Yoast SEO plugin. -->","yoast_head_json":{"title":"Schwarze Wellen Texturierte Dreadlocks Kaufen \u2013 Dreads Shop","description":"Texturierte Dreadlocks Schwarze Wellen f\u00fcr Frauen und M\u00e4nner. Lange und kurze haare Dreadlocks Extensions. Lieferung in Deutschland. Synthetische Dreads Shop.","robots":{"index":"index","follow":"follow","max-snippet":"max-snippet:-1","max-image-preview":"max-image-preview:large","max-video-preview":"max-video-preview:-1"},"canonical":"https:\/\/daddydread.com\/de\/produkt\/texturierte-dreadlocks-schwarze-wellen\/","og_locale":"de_DE","og_type":"article","og_title":"Schwarze Wellen Texturierte Dreadlocks Kaufen \u2013 Dreads Shop","og_description":"Texturierte Dreadlocks Schwarze Wellen f\u00fcr Frauen und M\u00e4nner. Lange und kurze haare Dreadlocks Extensions. Lieferung in Deutschland. Synthetische Dreads Shop.","og_url":"https:\/\/daddydread.com\/de\/produkt\/texturierte-dreadlocks-schwarze-wellen\/","og_site_name":"Daddy Dreads","article_modified_time":"2024-04-23T23:49:48+00:00","og_image":[{"width":600,"height":800,"url":"https:\/\/daddydread.com\/wp-content\/uploads\/2024\/04\/01-600x800.jpg","type":"image\/jpeg"}],"twitter_card":"summary_large_image","twitter_misc":{"Gesch\u00e4tzte Lesezeit":"1\u00a0Minute"},"schema":{"@context":"https:\/\/schema.org","@graph":[{"@type":"WebPage","@id":"https:\/\/daddydread.com\/de\/produkt\/texturierte-dreadlocks-schwarze-wellen\/","url":"https:\/\/daddydread.com\/de\/produkt\/texturierte-dreadlocks-schwarze-wellen\/","name":"Schwarze Wellen Texturierte Dreadlocks Kaufen \u2013 Dreads Shop","isPartOf":{"@id":"https:\/\/daddydread.com\/de\/#website"},"primaryImageOfPage":{"@id":"https:\/\/daddydread.com\/de\/produkt\/texturierte-dreadlocks-schwarze-wellen\/#primaryimage"},"image":{"@id":"https:\/\/daddydread.com\/de\/produkt\/texturierte-dreadlocks-schwarze-wellen\/#primaryimage"},"thumbnailUrl":"https:\/\/daddydread.com\/wp-content\/uploads\/2024\/04\/01.jpg","datePublished":"2024-04-15T21:14:55+00:00","dateModified":"2024-04-23T23:49:48+00:00","description":"Texturierte Dreadlocks Schwarze Wellen f\u00fcr Frauen und M\u00e4nner. Lange und kurze haare Dreadlocks Extensions. Lieferung in Deutschland. Synthetische Dreads Shop.","breadcrumb":{"@id":"https:\/\/daddydread.com\/de\/produkt\/texturierte-dreadlocks-schwarze-wellen\/#breadcrumb"},"inLanguage":"de","potentialAction":[{"@type":"ReadAction","target":["https:\/\/daddydread.com\/de\/produkt\/texturierte-dreadlocks-schwarze-wellen\/"]}]},{"@type":"ImageObject","inLanguage":"de","@id":"https:\/\/daddydread.com\/de\/produkt\/texturierte-dreadlocks-schwarze-wellen\/#primaryimage","url":"https:\/\/daddydread.com\/wp-content\/uploads\/2024\/04\/01.jpg","contentUrl":"https:\/\/daddydread.com\/wp-content\/uploads\/2024\/04\/01.jpg","width":1920,"height":2560,"caption":"Textured Dreadlocks \u2013 Schwarze Wellen"},{"@type":"BreadcrumbList","@id":"https:\/\/daddydread.com\/de\/produkt\/texturierte-dreadlocks-schwarze-wellen\/#breadcrumb","itemListElement":[{"@type":"ListItem","position":1,"name":"\u0413\u043b\u0430\u0432\u043d\u0430\u044f \u0441\u0442\u0440\u0430\u043d\u0438\u0446\u0430","item":"https:\/\/daddydread.com\/de\/"},{"@type":"ListItem","position":2,"name":"Dreadlocks Shop","item":"https:\/\/daddydread.com\/de\/shop\/"},{"@type":"ListItem","position":3,"name":"Texturierte Dreadlocks \u2013 Schwarze Wellen"}]},{"@type":"WebSite","@id":"https:\/\/daddydread.com\/de\/#website","url":"https:\/\/daddydread.com\/de\/","name":"Daddy Dreads","description":"Dreadlocks shop","potentialAction":[{"@type":"SearchAction","target":{"@type":"EntryPoint","urlTemplate":"https:\/\/daddydread.com\/de\/?s={search_term_string}"},"query-input":"required name=search_term_string"}],"inLanguage":"de"}]}},"jetpack_sharing_enabled":true,"_links":{"self":[{"href":"https:\/\/daddydread.com\/de\/wp-json\/wp\/v2\/product\/35434","targetHints":{"allow":["GET"]}}],"collection":[{"href":"https:\/\/daddydread.com\/de\/wp-json\/wp\/v2\/product"}],"about":[{"href":"https:\/\/daddydread.com\/de\/wp-json\/wp\/v2\/types\/product"}],"replies":[{"embeddable":true,"href":"https:\/\/daddydread.com\/de\/wp-json\/wp\/v2\/comments?post=35434"}],"wp:featuredmedia":[{"embeddable":true,"href":"https:\/\/daddydread.com\/de\/wp-json\/wp\/v2\/media\/35449"}],"wp:attachment":[{"href":"https:\/\/daddydread.com\/de\/wp-json\/wp\/v2\/media?parent=35434"}],"wp:term":[{"taxonomy":"product_brand","embeddable":true,"href":"https:\/\/daddydread.com\/de\/wp-json\/wp\/v2\/product_brand?post=35434"},{"taxonomy":"product_cat","embeddable":true,"href":"https:\/\/daddydread.com\/de\/wp-json\/wp\/v2\/product_cat?post=35434"},{"taxonomy":"product_tag","embeddable":true,"href":"https:\/\/daddydread.com\/de\/wp-json\/wp\/v2\/product_tag?post=35434"}],"curies":[{"name":"wp","href":"https:\/\/api.w.org\/{rel}","templated":true}]}}