{"id":33153,"date":"2023-12-23T04:48:59","date_gmt":"2023-12-23T01:48:59","guid":{"rendered":"https:\/\/daddydread.com\/product\/naturliche-dreadlocks-dunkelblond\/"},"modified":"2024-04-24T00:32:34","modified_gmt":"2024-04-23T21:32:34","slug":"naturliche-dreadlocks-dunkelblond","status":"publish","type":"product","link":"https:\/\/daddydread.com\/de\/produkt\/naturliche-dreadlocks-dunkelblond\/","title":{"rendered":"Nat\u00fcrliche Dreadlocks \u2013 Dunkelblond"},"content":{"rendered":"<p>Daddy Dreads Studio ist stolz darauf, mit unseren Dreadlocks aus nat\u00fcrlichem Echthaar \u2013 Dunkelblond eine nat\u00fcrliche und auff\u00e4llige Alternative zu synthetischen Haarverl\u00e4ngerungen anzubieten. Diese Erweiterungen sind ein Beweis f\u00fcr unser Engagement f\u00fcr Qualit\u00e4t und Sch\u00f6nheit, perfekt geeignet f\u00fcr alle, die ihren Stil mit einem Hauch von erdiger Eleganz aufwerten wollen.<\/p>\n<p>Unsere aus feinstem Echthaar gefertigten Dreadlocks in Dunkelblond f\u00fchlen sich weich an und verschmelzen nahtlos mit Ihrem eigenen Haar. Wir wissen, wie wichtig ein nat\u00fcrliches Aussehen und ein nat\u00fcrliches Gef\u00fchl sind. Deshalb wird jeder Dreadlock sorgf\u00e4ltig hergestellt, um sicherzustellen, dass er unseren hohen Anspr\u00fcchen an Weichheit und Haltbarkeit gerecht wird.<\/p>\n<h2>Warum sollten Sie sich f\u00fcr unsere Echthaar-Dreadlock-Verl\u00e4ngerungen entscheiden?<\/h2>\n<ol>\n<li><strong>Nat\u00fcrliche Sch\u00f6nheit:<\/strong> Die satte, dunkelblonde Farbe bietet einen lebendigen, aber nat\u00fcrlichen Farbton, der zu einer Vielzahl von Hautt\u00f6nen und pers\u00f6nlichen Stilen passt. Es ist die ideale Wahl f\u00fcr alle, die ihrem Haar eine helle, auff\u00e4llige Farbe verleihen m\u00f6chten, ohne dabei auf scharfe Chemikalien zur\u00fcckgreifen zu m\u00fcssen.<\/li>\n<li><strong>\u00dcberlegener Komfort:<\/strong> Im Gegensatz zu <strong><a href=\"https:\/\/daddydread.com\/de\/produkt-kategorie\/synthetische-dreadlocks\/\">synthetischen Haarverl\u00e4ngerungen<\/a><\/strong>, die sich schwer und unangenehm anf\u00fchlen k\u00f6nnen, sind unsere nat\u00fcrlichen Dreads leicht und angenehm zu tragen, auch \u00fcber l\u00e4ngere Zeitr\u00e4ume.<\/li>\n<li><strong>Langlebigkeit:<\/strong> Jeder Dreadlock wird mit einer speziellen Flechttechnik, die wir in mehr als zehn Jahren verfeinert haben, sorgf\u00e4ltig hergestellt. Diese Technik stellt sicher, dass sich die Dreadlocks nicht aufl\u00f6sen oder mit der Zeit ihren Charme verlieren.<\/li>\n<li><strong>Einfache Pflege:<\/strong> Du kannst diese Dreadlocks wie dein eigenes Haar pflegen. Du kannst die Spitzen mit Sp\u00fclung behandeln, damit sie weich bleiben und sich nicht verheddern.<\/li>\n<li><strong>Vielseitiges Styling:<\/strong> Unsere Erweiterungen \u2013 dunkelblond sind nicht nur sch\u00f6n, sondern auch vielseitig. Sie k\u00f6nnen sie so stylen, wie es Ihnen gef\u00e4llt, egal ob Sie sie f\u00e4rben oder locken m\u00f6chten, um sie Ihren wechselnden modischen Bed\u00fcrfnissen anzupassen.<\/li>\n<li><strong>Vor\u00fcbergehende oder dauerhafte Optionen:<\/strong> Ob du eine vor\u00fcbergehende Ver\u00e4nderung oder eine dauerhafte Verwandlung suchst, diese Dreadlocks bieten Flexibilit\u00e4t. Du kannst sie vor\u00fcbergehend f\u00fcr besondere Anl\u00e4sse anbringen oder sie ganz einfach in deinen Alltagslook integrieren.<\/li>\n<li><strong>Mit der Zeit weicher werden:<\/strong> Wie ein guter Wein werden unsere Produkte mit der Zeit immer besser. Sie werden weicher und biegsamer, so dass sie mit zunehmendem Alter noch einfacher zu pflegen und zu stylen sind.<\/li>\n<\/ol>\n<p>In unserem Studio wissen wir auch um die Bedeutung von Individualit\u00e4t und pers\u00f6nlichem Ausdruck. Deshalb ermutigen wir unsere Kunden, Sonderw\u00fcnsche zu \u00e4u\u00dfern oder uns Feedback zu geben, damit wir unser Angebot an nat\u00fcrlichen Farbt\u00f6nen und Stilen erweitern k\u00f6nnen. Unser Ziel ist es, auf Ihre einzigartigen Stilvorlieben einzugehen und daf\u00fcr zu sorgen, dass Sie sich in Ihrem neuen Look pudelwohl f\u00fchlen.<\/p>\n<p>Wenn du dich f\u00fcr unsere nat\u00fcrlichen menschlichen Dreadlocks \u2013 Dunkelblond entscheidest, kannst du dich in einen atemberaubenden und individuellen Menschen verwandeln, der frei von den Zw\u00e4ngen typischer Haarstyling-L\u00f6sungen ist. Mit nur 25\u201330 Dreadlocks erh\u00e4ltst du eine volle und volumin\u00f6se M\u00e4hne am Hinterkopf, die auf nat\u00fcrliche Weise mit deinem eigenen Haar verschmilzt und dir ein m\u00fchelos sch\u00f6nes Aussehen verleiht.<\/p>\n","protected":false},"excerpt":{"rendered":"<p>Stylen Sie sich mit nat\u00fcrlichen Dreadlocks \u2013 Dunkelblond. Diese Erweiterungen aus hochwertigem, nat\u00fcrlichem Echthaar sind weich, langlebig und lassen sich wunderbar mit Ihrem eigenen Haar kombinieren. Sie sind pflegeleicht und vielseitig und bieten eine vor\u00fcbergehende oder dauerhafte M\u00f6glichkeit, Ihre Frisur zu verbessern und verk\u00f6rpern nat\u00fcrliche Eleganz und Freiheit.<\/p>\n","protected":false},"featured_media":38056,"comment_status":"closed","ping_status":"closed","template":"","meta":{"_acf_changed":false},"product_brand":[],"product_cat":[265],"product_tag":[],"class_list":{"0":"post-33153","1":"product","2":"type-product","3":"status-publish","4":"has-post-thumbnail","6":"product_cat-ausverkauft","8":"first","9":"outofstock","10":"shipping-taxable","11":"product-type-variable"},"acf":[],"yoast_head":"<!-- This site is optimized with the Yoast SEO plugin v22.3 - https:\/\/yoast.com\/wordpress\/plugins\/seo\/ -->\n<title>Dunkelblonde Echthaar-Dreadlocks zu verkaufen<\/title>\n<meta name=\"description\" content=\"Nat\u00fcrliche dunkelblonde Dreadlocks, nat\u00fcrliche Dreadlocks f\u00fcr M\u00e4nner und Frauen f\u00fcr langes oder kurzes Haar kaufen. Daddy Dreads Shop.\" \/>\n<meta name=\"robots\" content=\"index, follow, max-snippet:-1, max-image-preview:large, max-video-preview:-1\" \/>\n<link rel=\"canonical\" href=\"https:\/\/daddydread.com\/de\/produkt\/naturliche-dreadlocks-dunkelblond\/\" \/>\n<meta property=\"og:locale\" content=\"de_DE\" \/>\n<meta property=\"og:type\" content=\"article\" \/>\n<meta property=\"og:title\" content=\"Dunkelblonde Echthaar-Dreadlocks zu verkaufen\" \/>\n<meta property=\"og:description\" content=\"Nat\u00fcrliche dunkelblonde Dreadlocks, nat\u00fcrliche Dreadlocks f\u00fcr M\u00e4nner und Frauen f\u00fcr langes oder kurzes Haar kaufen. Daddy Dreads Shop.\" \/>\n<meta property=\"og:url\" content=\"https:\/\/daddydread.com\/de\/produkt\/naturliche-dreadlocks-dunkelblond\/\" \/>\n<meta property=\"og:site_name\" content=\"Daddy Dreads\" \/>\n<meta property=\"article:modified_time\" content=\"2024-04-23T21:32:34+00:00\" \/>\n<meta property=\"og:image\" content=\"https:\/\/daddydread.com\/wp-content\/uploads\/2023\/12\/01-6.jpg\" \/>\n\t<meta property=\"og:image:width\" content=\"1920\" \/>\n\t<meta property=\"og:image:height\" content=\"2560\" \/>\n\t<meta property=\"og:image:type\" content=\"image\/jpeg\" \/>\n<meta name=\"twitter:card\" content=\"summary_large_image\" \/>\n<meta name=\"twitter:label1\" content=\"Gesch\u00e4tzte Lesezeit\" \/>\n\t<meta name=\"twitter:data1\" content=\"3\u00a0Minuten\" \/>\n<script type=\"application\/ld+json\" class=\"yoast-schema-graph\">{\"@context\":\"https:\/\/schema.org\",\"@graph\":[{\"@type\":\"WebPage\",\"@id\":\"https:\/\/daddydread.com\/de\/produkt\/naturliche-dreadlocks-dunkelblond\/\",\"url\":\"https:\/\/daddydread.com\/de\/produkt\/naturliche-dreadlocks-dunkelblond\/\",\"name\":\"Dunkelblonde Echthaar-Dreadlocks zu verkaufen\",\"isPartOf\":{\"@id\":\"https:\/\/daddydread.com\/de\/#website\"},\"primaryImageOfPage\":{\"@id\":\"https:\/\/daddydread.com\/de\/produkt\/naturliche-dreadlocks-dunkelblond\/#primaryimage\"},\"image\":{\"@id\":\"https:\/\/daddydread.com\/de\/produkt\/naturliche-dreadlocks-dunkelblond\/#primaryimage\"},\"thumbnailUrl\":\"https:\/\/daddydread.com\/wp-content\/uploads\/2024\/06\/img_4659-3.jpeg\",\"datePublished\":\"2023-12-23T01:48:59+00:00\",\"dateModified\":\"2024-04-23T21:32:34+00:00\",\"description\":\"Nat\u00fcrliche dunkelblonde Dreadlocks, nat\u00fcrliche Dreadlocks f\u00fcr M\u00e4nner und Frauen f\u00fcr langes oder kurzes Haar kaufen. Daddy Dreads Shop.\",\"breadcrumb\":{\"@id\":\"https:\/\/daddydread.com\/de\/produkt\/naturliche-dreadlocks-dunkelblond\/#breadcrumb\"},\"inLanguage\":\"de\",\"potentialAction\":[{\"@type\":\"ReadAction\",\"target\":[\"https:\/\/daddydread.com\/de\/produkt\/naturliche-dreadlocks-dunkelblond\/\"]}]},{\"@type\":\"ImageObject\",\"inLanguage\":\"de\",\"@id\":\"https:\/\/daddydread.com\/de\/produkt\/naturliche-dreadlocks-dunkelblond\/#primaryimage\",\"url\":\"https:\/\/daddydread.com\/wp-content\/uploads\/2024\/06\/img_4659-3.jpeg\",\"contentUrl\":\"https:\/\/daddydread.com\/wp-content\/uploads\/2024\/06\/img_4659-3.jpeg\",\"width\":842,\"height\":1134},{\"@type\":\"BreadcrumbList\",\"@id\":\"https:\/\/daddydread.com\/de\/produkt\/naturliche-dreadlocks-dunkelblond\/#breadcrumb\",\"itemListElement\":[{\"@type\":\"ListItem\",\"position\":1,\"name\":\"\u0413\u043b\u0430\u0432\u043d\u0430\u044f \u0441\u0442\u0440\u0430\u043d\u0438\u0446\u0430\",\"item\":\"https:\/\/daddydread.com\/de\/\"},{\"@type\":\"ListItem\",\"position\":2,\"name\":\"Dreadlocks Shop\",\"item\":\"https:\/\/daddydread.com\/de\/shop\/\"},{\"@type\":\"ListItem\",\"position\":3,\"name\":\"Nat\u00fcrliche Dreadlocks \u2013 Dunkelblond\"}]},{\"@type\":\"WebSite\",\"@id\":\"https:\/\/daddydread.com\/de\/#website\",\"url\":\"https:\/\/daddydread.com\/de\/\",\"name\":\"Daddy Dreads\",\"description\":\"Dreadlocks shop\",\"potentialAction\":[{\"@type\":\"SearchAction\",\"target\":{\"@type\":\"EntryPoint\",\"urlTemplate\":\"https:\/\/daddydread.com\/de\/?s={search_term_string}\"},\"query-input\":\"required name=search_term_string\"}],\"inLanguage\":\"de\"}]}<\/script>\n<!-- \/ Yoast SEO plugin. -->","yoast_head_json":{"title":"Dunkelblonde Echthaar-Dreadlocks zu verkaufen","description":"Nat\u00fcrliche dunkelblonde Dreadlocks, nat\u00fcrliche Dreadlocks f\u00fcr M\u00e4nner und Frauen f\u00fcr langes oder kurzes Haar kaufen. Daddy Dreads Shop.","robots":{"index":"index","follow":"follow","max-snippet":"max-snippet:-1","max-image-preview":"max-image-preview:large","max-video-preview":"max-video-preview:-1"},"canonical":"https:\/\/daddydread.com\/de\/produkt\/naturliche-dreadlocks-dunkelblond\/","og_locale":"de_DE","og_type":"article","og_title":"Dunkelblonde Echthaar-Dreadlocks zu verkaufen","og_description":"Nat\u00fcrliche dunkelblonde Dreadlocks, nat\u00fcrliche Dreadlocks f\u00fcr M\u00e4nner und Frauen f\u00fcr langes oder kurzes Haar kaufen. Daddy Dreads Shop.","og_url":"https:\/\/daddydread.com\/de\/produkt\/naturliche-dreadlocks-dunkelblond\/","og_site_name":"Daddy Dreads","article_modified_time":"2024-04-23T21:32:34+00:00","og_image":[{"width":1920,"height":2560,"url":"https:\/\/daddydread.com\/wp-content\/uploads\/2023\/12\/01-6.jpg","type":"image\/jpeg"}],"twitter_card":"summary_large_image","twitter_misc":{"Gesch\u00e4tzte Lesezeit":"3\u00a0Minuten"},"schema":{"@context":"https:\/\/schema.org","@graph":[{"@type":"WebPage","@id":"https:\/\/daddydread.com\/de\/produkt\/naturliche-dreadlocks-dunkelblond\/","url":"https:\/\/daddydread.com\/de\/produkt\/naturliche-dreadlocks-dunkelblond\/","name":"Dunkelblonde Echthaar-Dreadlocks zu verkaufen","isPartOf":{"@id":"https:\/\/daddydread.com\/de\/#website"},"primaryImageOfPage":{"@id":"https:\/\/daddydread.com\/de\/produkt\/naturliche-dreadlocks-dunkelblond\/#primaryimage"},"image":{"@id":"https:\/\/daddydread.com\/de\/produkt\/naturliche-dreadlocks-dunkelblond\/#primaryimage"},"thumbnailUrl":"https:\/\/daddydread.com\/wp-content\/uploads\/2024\/06\/img_4659-3.jpeg","datePublished":"2023-12-23T01:48:59+00:00","dateModified":"2024-04-23T21:32:34+00:00","description":"Nat\u00fcrliche dunkelblonde Dreadlocks, nat\u00fcrliche Dreadlocks f\u00fcr M\u00e4nner und Frauen f\u00fcr langes oder kurzes Haar kaufen. Daddy Dreads Shop.","breadcrumb":{"@id":"https:\/\/daddydread.com\/de\/produkt\/naturliche-dreadlocks-dunkelblond\/#breadcrumb"},"inLanguage":"de","potentialAction":[{"@type":"ReadAction","target":["https:\/\/daddydread.com\/de\/produkt\/naturliche-dreadlocks-dunkelblond\/"]}]},{"@type":"ImageObject","inLanguage":"de","@id":"https:\/\/daddydread.com\/de\/produkt\/naturliche-dreadlocks-dunkelblond\/#primaryimage","url":"https:\/\/daddydread.com\/wp-content\/uploads\/2024\/06\/img_4659-3.jpeg","contentUrl":"https:\/\/daddydread.com\/wp-content\/uploads\/2024\/06\/img_4659-3.jpeg","width":842,"height":1134},{"@type":"BreadcrumbList","@id":"https:\/\/daddydread.com\/de\/produkt\/naturliche-dreadlocks-dunkelblond\/#breadcrumb","itemListElement":[{"@type":"ListItem","position":1,"name":"\u0413\u043b\u0430\u0432\u043d\u0430\u044f \u0441\u0442\u0440\u0430\u043d\u0438\u0446\u0430","item":"https:\/\/daddydread.com\/de\/"},{"@type":"ListItem","position":2,"name":"Dreadlocks Shop","item":"https:\/\/daddydread.com\/de\/shop\/"},{"@type":"ListItem","position":3,"name":"Nat\u00fcrliche Dreadlocks \u2013 Dunkelblond"}]},{"@type":"WebSite","@id":"https:\/\/daddydread.com\/de\/#website","url":"https:\/\/daddydread.com\/de\/","name":"Daddy Dreads","description":"Dreadlocks shop","potentialAction":[{"@type":"SearchAction","target":{"@type":"EntryPoint","urlTemplate":"https:\/\/daddydread.com\/de\/?s={search_term_string}"},"query-input":"required name=search_term_string"}],"inLanguage":"de"}]}},"jetpack_sharing_enabled":true,"_links":{"self":[{"href":"https:\/\/daddydread.com\/de\/wp-json\/wp\/v2\/product\/33153","targetHints":{"allow":["GET"]}}],"collection":[{"href":"https:\/\/daddydread.com\/de\/wp-json\/wp\/v2\/product"}],"about":[{"href":"https:\/\/daddydread.com\/de\/wp-json\/wp\/v2\/types\/product"}],"replies":[{"embeddable":true,"href":"https:\/\/daddydread.com\/de\/wp-json\/wp\/v2\/comments?post=33153"}],"wp:featuredmedia":[{"embeddable":true,"href":"https:\/\/daddydread.com\/de\/wp-json\/wp\/v2\/media\/38056"}],"wp:attachment":[{"href":"https:\/\/daddydread.com\/de\/wp-json\/wp\/v2\/media?parent=33153"}],"wp:term":[{"taxonomy":"product_brand","embeddable":true,"href":"https:\/\/daddydread.com\/de\/wp-json\/wp\/v2\/product_brand?post=33153"},{"taxonomy":"product_cat","embeddable":true,"href":"https:\/\/daddydread.com\/de\/wp-json\/wp\/v2\/product_cat?post=33153"},{"taxonomy":"product_tag","embeddable":true,"href":"https:\/\/daddydread.com\/de\/wp-json\/wp\/v2\/product_tag?post=33153"}],"curies":[{"name":"wp","href":"https:\/\/api.w.org\/{rel}","templated":true}]}}