{"id":33144,"date":"2023-12-23T04:48:53","date_gmt":"2023-12-23T01:48:53","guid":{"rendered":"https:\/\/daddydread.com\/product\/naturliche-dreadlocks-weizenblond\/"},"modified":"2025-06-26T19:25:02","modified_gmt":"2025-06-26T16:25:02","slug":"naturliche-dreadlocks-weizenblond","status":"publish","type":"product","link":"https:\/\/daddydread.com\/de\/produkt\/naturliche-dreadlocks-weizenblond\/","title":{"rendered":"Nat\u00fcrliche Dreadlocks \u2013 Weizenblond"},"content":{"rendered":"<p>Willkommen auf der Sonnenseite des Stils mit den nat\u00fcrlichen Dreadlocks \u2013 Weizenblond von Daddy Dreads Studio. Diese Dreads sind eine tolle M\u00f6glichkeit, deinen Look mit ihrem nat\u00fcrlichen, goldenen Farbton aufzuhellen, der die warmen Nuancen von Weizenfeldern in der Sonne widerspiegelt. Sie sind aus feinstem Naturhaar gefertigt und vereinen Komfort mit der fr\u00f6hlichen Farbe Weizenblond, perfekt f\u00fcr alle, die ihrem Stil einen Hauch von Helligkeit verleihen wollen.<\/p>\n<p>Unsere weizenblonden nat\u00fcrlichen Dreadlocks sind bekannt f\u00fcr ihren weichen Griff und ihr nat\u00fcrliches Aussehen. Sie sind perfekt f\u00fcr alle, die sich eine leichte Frisur w\u00fcnschen, die sich genauso gut anf\u00fchlt wie sie aussieht.<\/p>\n<h2>Warum du unsere weizenblonden nat\u00fcrlichen Dreadlocks lieben wirst<\/h2>\n<ol>\n<li><strong>Nat\u00fcrlicher Touch:<\/strong> Hergestellt aus echtem, hochwertigem Haar, f\u00fchlen sich diese Erweiterungen nat\u00fcrlich an und sind sanft zu tragen.<\/li>\n<li><strong>Langlebige Qualit\u00e4t:<\/strong> Diese Dreadlocks sind sehr langlebig. Dank unserer speziellen Flechttechnik behalten sie ihre Form und fallen nicht so leicht auseinander.<\/li>\n<li><strong>Einfache Pflege:<\/strong> Sie sind einfach zu pflegen. Nur ein wenig Sp\u00fclung an den Enden h\u00e4lt sie weich und verknotet nicht.<\/li>\n<li><strong>Vielseitig:<\/strong> Egal, ob du deinen gesamten Look aufpeppen oder nur ein paar Str\u00e4hnchen hinzuf\u00fcgen willst, diese weizenblonden Dreads passen genau dazu. Sie eignen sich sowohl f\u00fcr legere als auch f\u00fcr ausgefallenere Frisuren.<\/li>\n<li><strong>Mit dem Alter weicher werden:<\/strong> Wie ein geliebtes St\u00fcck Jeans werden diese Erweiterungen mit der Zeit immer besser, weicher und bequemer.<\/li>\n<li><strong>Helle Farbe:<\/strong> Der sch\u00f6ne weizenblonde Farbton verleiht Ihrem Haar eine helle, lebendige Qualit\u00e4t, perfekt f\u00fcr jede Jahreszeit.<\/li>\n<\/ol>\n<p>Unser Ziel ist es, Ihnen Frisuren zu bieten, die nicht nur gut aussehen, sondern Ihnen auch ein gutes Gef\u00fchl geben. Unsere nat\u00fcrlichen Produkte wurden sorgf\u00e4ltig entwickelt, um Ihren Look mit nat\u00fcrlicher Eleganz und einem fr\u00f6hlichen, hellen Touch zu unterstreichen.<\/p>\n<p>Wenn du dich f\u00fcr unsere weizenblonden Dreadlocks entscheidest, kannst du deinen Look m\u00fchelos aufhellen. Sie f\u00fcgen sich nahtlos in dein nat\u00fcrliches Haar ein und verleihen ihm ein volles und sattes Aussehen, das lebendig und attraktiv ist.<\/p>\n<p>Diese Dreadlocks sind eine ausgezeichnete Wahl f\u00fcr alle, die mit ihrem Haar ein helles Statement setzen wollen. Sie eignen sich besonders gut f\u00fcr Tage in der Sonne oder um etwas Licht in dunklere Tage zu bringen.<\/p>\n","protected":false},"excerpt":{"rendered":"<p>Treten Sie ins Licht mit weizenblonden nat\u00fcrlichen Dreadlocks. Diese hochwertigen, weichen und langlebigen Erweiterungen sind aus nat\u00fcrlichem Haar in einem leuchtenden Weizenblondton gefertigt. Sie lassen sich leicht pflegen und stylen und sind ideal, um jedem Look einen hellen und fr\u00f6hlichen Touch zu verleihen. Ideal f\u00fcr alle, die ihren Stil betonen und ihm eine fr\u00f6hliche Ausstrahlung verleihen wollen.<\/p>\n","protected":false},"featured_media":45560,"comment_status":"open","ping_status":"closed","template":"","meta":{"_acf_changed":false},"product_brand":[],"product_cat":[253],"product_tag":[],"class_list":{"0":"post-33144","1":"product","2":"type-product","3":"status-publish","4":"has-post-thumbnail","6":"product_cat-natuerliche-dreadlocks","8":"first","9":"instock","10":"shipping-taxable","11":"purchasable","12":"product-type-variable"},"acf":[],"yoast_head":"<!-- This site is optimized with the Yoast SEO plugin v22.3 - https:\/\/yoast.com\/wordpress\/plugins\/seo\/ -->\n<title>Weizenblondes Echthaar Dreadlock Extensions zu verkaufen<\/title>\n<meta name=\"description\" content=\"Nat\u00fcrliche weizenblonde Echthaar-Dreadlocks, kaufe nat\u00fcrliche Dreadlocks f\u00fcr M\u00e4nner und Frauen f\u00fcr langes oder kurzes Haar. Daddy Dreads Shop.\" \/>\n<meta name=\"robots\" content=\"index, follow, max-snippet:-1, max-image-preview:large, max-video-preview:-1\" \/>\n<link rel=\"canonical\" href=\"https:\/\/daddydread.com\/de\/produkt\/naturliche-dreadlocks-weizenblond\/\" \/>\n<meta property=\"og:locale\" content=\"de_DE\" \/>\n<meta property=\"og:type\" content=\"article\" \/>\n<meta property=\"og:title\" content=\"Weizenblondes Echthaar Dreadlock Extensions zu verkaufen\" \/>\n<meta property=\"og:description\" content=\"Nat\u00fcrliche weizenblonde Echthaar-Dreadlocks, kaufe nat\u00fcrliche Dreadlocks f\u00fcr M\u00e4nner und Frauen f\u00fcr langes oder kurzes Haar. Daddy Dreads Shop.\" \/>\n<meta property=\"og:url\" content=\"https:\/\/daddydread.com\/de\/produkt\/naturliche-dreadlocks-weizenblond\/\" \/>\n<meta property=\"og:site_name\" content=\"Daddy Dreads\" \/>\n<meta property=\"article:modified_time\" content=\"2025-06-26T16:25:02+00:00\" \/>\n<meta property=\"og:image\" content=\"https:\/\/daddydread.com\/wp-content\/uploads\/2023\/12\/\u0433\u043b\u0430\u0432\u043d\u0430\u044f-619x800.jpg\" \/>\n\t<meta property=\"og:image:width\" content=\"619\" \/>\n\t<meta property=\"og:image:height\" content=\"800\" \/>\n\t<meta property=\"og:image:type\" content=\"image\/jpeg\" \/>\n<meta name=\"twitter:card\" content=\"summary_large_image\" \/>\n<meta name=\"twitter:label1\" content=\"Gesch\u00e4tzte Lesezeit\" \/>\n\t<meta name=\"twitter:data1\" content=\"2\u00a0Minuten\" \/>\n<script type=\"application\/ld+json\" class=\"yoast-schema-graph\">{\"@context\":\"https:\/\/schema.org\",\"@graph\":[{\"@type\":\"WebPage\",\"@id\":\"https:\/\/daddydread.com\/de\/produkt\/naturliche-dreadlocks-weizenblond\/\",\"url\":\"https:\/\/daddydread.com\/de\/produkt\/naturliche-dreadlocks-weizenblond\/\",\"name\":\"Weizenblondes Echthaar Dreadlock Extensions zu verkaufen\",\"isPartOf\":{\"@id\":\"https:\/\/daddydread.com\/de\/#website\"},\"primaryImageOfPage\":{\"@id\":\"https:\/\/daddydread.com\/de\/produkt\/naturliche-dreadlocks-weizenblond\/#primaryimage\"},\"image\":{\"@id\":\"https:\/\/daddydread.com\/de\/produkt\/naturliche-dreadlocks-weizenblond\/#primaryimage\"},\"thumbnailUrl\":\"https:\/\/daddydread.com\/wp-content\/uploads\/2023\/12\/\u0433\u043b\u0430\u0432\u043d\u0430\u044f.jpg\",\"datePublished\":\"2023-12-23T01:48:53+00:00\",\"dateModified\":\"2025-06-26T16:25:02+00:00\",\"description\":\"Nat\u00fcrliche weizenblonde Echthaar-Dreadlocks, kaufe nat\u00fcrliche Dreadlocks f\u00fcr M\u00e4nner und Frauen f\u00fcr langes oder kurzes Haar. Daddy Dreads Shop.\",\"breadcrumb\":{\"@id\":\"https:\/\/daddydread.com\/de\/produkt\/naturliche-dreadlocks-weizenblond\/#breadcrumb\"},\"inLanguage\":\"de\",\"potentialAction\":[{\"@type\":\"ReadAction\",\"target\":[\"https:\/\/daddydread.com\/de\/produkt\/naturliche-dreadlocks-weizenblond\/\"]}]},{\"@type\":\"ImageObject\",\"inLanguage\":\"de\",\"@id\":\"https:\/\/daddydread.com\/de\/produkt\/naturliche-dreadlocks-weizenblond\/#primaryimage\",\"url\":\"https:\/\/daddydread.com\/wp-content\/uploads\/2023\/12\/\u0433\u043b\u0430\u0432\u043d\u0430\u044f.jpg\",\"contentUrl\":\"https:\/\/daddydread.com\/wp-content\/uploads\/2023\/12\/\u0433\u043b\u0430\u0432\u043d\u0430\u044f.jpg\",\"width\":1980,\"height\":2560,\"caption\":\"Natural Dreads \u2013 Wheat Blonde\"},{\"@type\":\"BreadcrumbList\",\"@id\":\"https:\/\/daddydread.com\/de\/produkt\/naturliche-dreadlocks-weizenblond\/#breadcrumb\",\"itemListElement\":[{\"@type\":\"ListItem\",\"position\":1,\"name\":\"\u0413\u043b\u0430\u0432\u043d\u0430\u044f \u0441\u0442\u0440\u0430\u043d\u0438\u0446\u0430\",\"item\":\"https:\/\/daddydread.com\/de\/\"},{\"@type\":\"ListItem\",\"position\":2,\"name\":\"Dreadlocks Shop\",\"item\":\"https:\/\/daddydread.com\/de\/shop\/\"},{\"@type\":\"ListItem\",\"position\":3,\"name\":\"Nat\u00fcrliche Dreadlocks \u2013 Weizenblond\"}]},{\"@type\":\"WebSite\",\"@id\":\"https:\/\/daddydread.com\/de\/#website\",\"url\":\"https:\/\/daddydread.com\/de\/\",\"name\":\"Daddy Dreads\",\"description\":\"Dreadlocks shop\",\"potentialAction\":[{\"@type\":\"SearchAction\",\"target\":{\"@type\":\"EntryPoint\",\"urlTemplate\":\"https:\/\/daddydread.com\/de\/?s={search_term_string}\"},\"query-input\":\"required name=search_term_string\"}],\"inLanguage\":\"de\"}]}<\/script>\n<!-- \/ Yoast SEO plugin. -->","yoast_head_json":{"title":"Weizenblondes Echthaar Dreadlock Extensions zu verkaufen","description":"Nat\u00fcrliche weizenblonde Echthaar-Dreadlocks, kaufe nat\u00fcrliche Dreadlocks f\u00fcr M\u00e4nner und Frauen f\u00fcr langes oder kurzes Haar. Daddy Dreads Shop.","robots":{"index":"index","follow":"follow","max-snippet":"max-snippet:-1","max-image-preview":"max-image-preview:large","max-video-preview":"max-video-preview:-1"},"canonical":"https:\/\/daddydread.com\/de\/produkt\/naturliche-dreadlocks-weizenblond\/","og_locale":"de_DE","og_type":"article","og_title":"Weizenblondes Echthaar Dreadlock Extensions zu verkaufen","og_description":"Nat\u00fcrliche weizenblonde Echthaar-Dreadlocks, kaufe nat\u00fcrliche Dreadlocks f\u00fcr M\u00e4nner und Frauen f\u00fcr langes oder kurzes Haar. Daddy Dreads Shop.","og_url":"https:\/\/daddydread.com\/de\/produkt\/naturliche-dreadlocks-weizenblond\/","og_site_name":"Daddy Dreads","article_modified_time":"2025-06-26T16:25:02+00:00","og_image":[{"width":619,"height":800,"url":"https:\/\/daddydread.com\/wp-content\/uploads\/2023\/12\/\u0433\u043b\u0430\u0432\u043d\u0430\u044f-619x800.jpg","type":"image\/jpeg"}],"twitter_card":"summary_large_image","twitter_misc":{"Gesch\u00e4tzte Lesezeit":"2\u00a0Minuten"},"schema":{"@context":"https:\/\/schema.org","@graph":[{"@type":"WebPage","@id":"https:\/\/daddydread.com\/de\/produkt\/naturliche-dreadlocks-weizenblond\/","url":"https:\/\/daddydread.com\/de\/produkt\/naturliche-dreadlocks-weizenblond\/","name":"Weizenblondes Echthaar Dreadlock Extensions zu verkaufen","isPartOf":{"@id":"https:\/\/daddydread.com\/de\/#website"},"primaryImageOfPage":{"@id":"https:\/\/daddydread.com\/de\/produkt\/naturliche-dreadlocks-weizenblond\/#primaryimage"},"image":{"@id":"https:\/\/daddydread.com\/de\/produkt\/naturliche-dreadlocks-weizenblond\/#primaryimage"},"thumbnailUrl":"https:\/\/daddydread.com\/wp-content\/uploads\/2023\/12\/\u0433\u043b\u0430\u0432\u043d\u0430\u044f.jpg","datePublished":"2023-12-23T01:48:53+00:00","dateModified":"2025-06-26T16:25:02+00:00","description":"Nat\u00fcrliche weizenblonde Echthaar-Dreadlocks, kaufe nat\u00fcrliche Dreadlocks f\u00fcr M\u00e4nner und Frauen f\u00fcr langes oder kurzes Haar. Daddy Dreads Shop.","breadcrumb":{"@id":"https:\/\/daddydread.com\/de\/produkt\/naturliche-dreadlocks-weizenblond\/#breadcrumb"},"inLanguage":"de","potentialAction":[{"@type":"ReadAction","target":["https:\/\/daddydread.com\/de\/produkt\/naturliche-dreadlocks-weizenblond\/"]}]},{"@type":"ImageObject","inLanguage":"de","@id":"https:\/\/daddydread.com\/de\/produkt\/naturliche-dreadlocks-weizenblond\/#primaryimage","url":"https:\/\/daddydread.com\/wp-content\/uploads\/2023\/12\/\u0433\u043b\u0430\u0432\u043d\u0430\u044f.jpg","contentUrl":"https:\/\/daddydread.com\/wp-content\/uploads\/2023\/12\/\u0433\u043b\u0430\u0432\u043d\u0430\u044f.jpg","width":1980,"height":2560,"caption":"Natural Dreads \u2013 Wheat Blonde"},{"@type":"BreadcrumbList","@id":"https:\/\/daddydread.com\/de\/produkt\/naturliche-dreadlocks-weizenblond\/#breadcrumb","itemListElement":[{"@type":"ListItem","position":1,"name":"\u0413\u043b\u0430\u0432\u043d\u0430\u044f \u0441\u0442\u0440\u0430\u043d\u0438\u0446\u0430","item":"https:\/\/daddydread.com\/de\/"},{"@type":"ListItem","position":2,"name":"Dreadlocks Shop","item":"https:\/\/daddydread.com\/de\/shop\/"},{"@type":"ListItem","position":3,"name":"Nat\u00fcrliche Dreadlocks \u2013 Weizenblond"}]},{"@type":"WebSite","@id":"https:\/\/daddydread.com\/de\/#website","url":"https:\/\/daddydread.com\/de\/","name":"Daddy Dreads","description":"Dreadlocks shop","potentialAction":[{"@type":"SearchAction","target":{"@type":"EntryPoint","urlTemplate":"https:\/\/daddydread.com\/de\/?s={search_term_string}"},"query-input":"required name=search_term_string"}],"inLanguage":"de"}]}},"jetpack_sharing_enabled":true,"_links":{"self":[{"href":"https:\/\/daddydread.com\/de\/wp-json\/wp\/v2\/product\/33144","targetHints":{"allow":["GET"]}}],"collection":[{"href":"https:\/\/daddydread.com\/de\/wp-json\/wp\/v2\/product"}],"about":[{"href":"https:\/\/daddydread.com\/de\/wp-json\/wp\/v2\/types\/product"}],"replies":[{"embeddable":true,"href":"https:\/\/daddydread.com\/de\/wp-json\/wp\/v2\/comments?post=33144"}],"wp:featuredmedia":[{"embeddable":true,"href":"https:\/\/daddydread.com\/de\/wp-json\/wp\/v2\/media\/45560"}],"wp:attachment":[{"href":"https:\/\/daddydread.com\/de\/wp-json\/wp\/v2\/media?parent=33144"}],"wp:term":[{"taxonomy":"product_brand","embeddable":true,"href":"https:\/\/daddydread.com\/de\/wp-json\/wp\/v2\/product_brand?post=33144"},{"taxonomy":"product_cat","embeddable":true,"href":"https:\/\/daddydread.com\/de\/wp-json\/wp\/v2\/product_cat?post=33144"},{"taxonomy":"product_tag","embeddable":true,"href":"https:\/\/daddydread.com\/de\/wp-json\/wp\/v2\/product_tag?post=33144"}],"curies":[{"name":"wp","href":"https:\/\/api.w.org\/{rel}","templated":true}]}}