{"id":33141,"date":"2023-12-23T04:48:41","date_gmt":"2023-12-23T01:48:41","guid":{"rendered":"https:\/\/daddydread.com\/product\/naturliche-dreadlocks-zweifarbig-dunkel-und-hell\/"},"modified":"2024-11-24T20:21:30","modified_gmt":"2024-11-24T17:21:30","slug":"naturliche-dreadlocks-zweifarbig-dunkel-und-hell","status":"publish","type":"product","link":"https:\/\/daddydread.com\/de\/produkt\/naturliche-dreadlocks-zweifarbig-dunkel-und-hell\/","title":{"rendered":"Nat\u00fcrliche Dreadlocks \u2013 Zweifarbig \u2013 Dunkel und Hell"},"content":{"rendered":"<p>Treten Sie ins Rampenlicht mit dem Zweifarbigem nat\u00fcrliche Dunkel und Hell Dreadlocks aus unserem Studio. Diese Erweiterungen sind eine kreative Variante traditioneller Frisuren, bei der dunkle und helle T\u00f6ne zu einem au\u00dfergew\u00f6hnlichen Look verschmelzen. Egal, ob du deinen Stil aufpeppen oder einen Hauch von Drama hinzuf\u00fcgen m\u00f6chtest, diese zweifarbigen Locken sind die perfekte Wahl.<\/p>\n<p>Unsere Dreadlock-Verl\u00e4ngerungen werden aus bestem Naturhaar hergestellt, damit sie sich weich anf\u00fchlen und bequem im Alltag getragen werden k\u00f6nnen. Diese einzigartige Farbkombination sieht nicht nur toll aus, sondern bietet auch eine vielseitige Basis f\u00fcr Accessoires und passt zu verschiedenen Outfits.<\/p>\n<h2>Warum du die zweifarbigen nat\u00fcrliche Dreadlocks lieben wirst<\/h2>\n<ul>\n<li><strong>Auff\u00e4llige Farbkombination:<\/strong> Die dunklen und hellen T\u00f6ne mischen sich wundersch\u00f6n in jeder Dreadlock und bieten einen modernen und stilvollen Look, der die Blicke auf sich zieht.<\/li>\n<li><strong>F\u00fchlt sich an wie echtes Haar:<\/strong> Diese Erweiterungen werden aus nat\u00fcrlichem Haar hergestellt und f\u00fchlen sich echt an, weil sie echt sind! Sie sind weich und leicht, so dass sie den ganzen Tag getragen werden k\u00f6nnen.<\/li>\n<li><strong>Einfache Pflege:<\/strong> Genau wie dein eigenes Haar sind diese Dreadlocks einfach zu pflegen. Eine kurze Pflege an den Enden sorgt f\u00fcr ein frisches Aussehen und verhindert Verfilzungen.<\/li>\n<li><strong>Flexibler Stil:<\/strong> Unsere Dreadlocks eignen sich sowohl f\u00fcr besondere Anl\u00e4sse als auch f\u00fcr den Alltagslook. Sie f\u00fcgen sich nahtlos in dein nat\u00fcrliches Haar ein und bieten dir viele Stylingm\u00f6glichkeiten.<\/li>\n<li><strong>Wird mit der Zeit immer besser:<\/strong> Diese Dreadlocks werden weicher und flexibler, je \u00f6fter du sie tr\u00e4gst, damit du sie noch mehr genie\u00dfen kannst.<\/li>\n<li><strong>Dynamischer Look:<\/strong> Die Mischung aus dunklen und hellen Schattierungen in den Locken verleiht deiner Frisur mehr Tiefe und macht sie dynamischer und interessanter.<\/li>\n<\/ul>\n<p>Im Daddy Dreads Studio ist es unsere Leidenschaft, Haarl\u00f6sungen zu kreieren, mit denen du deinen einzigartigen Stil zum Ausdruck bringen kannst. Unsere nat\u00fcrlichen Locken sind so konzipiert, dass sie deine Erwartungen an Qualit\u00e4t und Stil \u00fcbertreffen.<\/p>\n<p>Wenn du dich f\u00fcr unsere zweifarbigen nat\u00fcrliche Dreadlocks entscheidest, bist du bereit, ein mutiges Statement abzugeben. Diese Erweiterungen passen perfekt zu Ihrem nat\u00fcrlichen Haar und bieten einen reichhaltigen, strukturierten Look, der sowohl anspruchsvoll als auch lustig ist.<\/p>\n<p>Sie sind perfekt f\u00fcr alle, die es lieben, aufzufallen und ihre Pers\u00f6nlichkeit durch ihr Haar auszudr\u00fccken. Ob Sie auf einem Konzert, einer Party oder einfach nur unterwegs sind, unsere zweifarbigen Locken sorgen daf\u00fcr, dass Sie einzigartig und fabelhaft aussehen.<\/p>\n","protected":false},"excerpt":{"rendered":"<p>Bringen Sie Ihren Stil mit zweifarbiger nat\u00fcrliche Dreadlocks zum Leuchten. Diese hochwertigen Echthaarverl\u00e4ngerungen kombinieren dunkle und helle T\u00f6ne f\u00fcr einen lebendigen, auff\u00e4lligen Look. Sie sind weich, pflegeleicht und vielseitig und eignen sich perfekt, um Ihrer Frisur einen einzigartigen Twist zu verleihen. Ideal f\u00fcr alle, die sich abheben und ihre Kreativit\u00e4t mit einem Hauch von Eleganz zum Ausdruck bringen wollen.<\/p>\n","protected":false},"featured_media":42724,"comment_status":"open","ping_status":"closed","template":"","meta":{"_acf_changed":false},"product_brand":[],"product_cat":[253],"product_tag":[],"class_list":{"0":"post-33141","1":"product","2":"type-product","3":"status-publish","4":"has-post-thumbnail","6":"product_cat-natuerliche-dreadlocks","8":"first","9":"instock","10":"shipping-taxable","11":"product-type-variable"},"acf":[],"yoast_head":"<!-- This site is optimized with the Yoast SEO plugin v22.3 - https:\/\/yoast.com\/wordpress\/plugins\/seo\/ -->\n<title>Zweifarbige Echthaar-Dreadlocks, zu verkaufen<\/title>\n<meta name=\"description\" content=\"Nat\u00fcrliche zweifarbige Echthaar-Dreadlocks, kaufe nat\u00fcrliche Dreadlocks f\u00fcr M\u00e4nner und Frauen f\u00fcr langes oder kurzes Haar. Daddy Dreads Shop.\" \/>\n<meta name=\"robots\" content=\"index, follow, max-snippet:-1, max-image-preview:large, max-video-preview:-1\" \/>\n<link rel=\"canonical\" href=\"https:\/\/daddydread.com\/de\/produkt\/naturliche-dreadlocks-zweifarbig-dunkel-und-hell\/\" \/>\n<meta property=\"og:locale\" content=\"de_DE\" \/>\n<meta property=\"og:type\" content=\"article\" \/>\n<meta property=\"og:title\" content=\"Zweifarbige Echthaar-Dreadlocks, zu verkaufen\" \/>\n<meta property=\"og:description\" content=\"Nat\u00fcrliche zweifarbige Echthaar-Dreadlocks, kaufe nat\u00fcrliche Dreadlocks f\u00fcr M\u00e4nner und Frauen f\u00fcr langes oder kurzes Haar. Daddy Dreads Shop.\" \/>\n<meta property=\"og:url\" content=\"https:\/\/daddydread.com\/de\/produkt\/naturliche-dreadlocks-zweifarbig-dunkel-und-hell\/\" \/>\n<meta property=\"og:site_name\" content=\"Daddy Dreads\" \/>\n<meta property=\"article:modified_time\" content=\"2024-11-24T17:21:30+00:00\" \/>\n<meta property=\"og:image\" content=\"https:\/\/daddydread.com\/wp-content\/uploads\/2023\/12\/01-9.jpg\" \/>\n\t<meta property=\"og:image:width\" content=\"1980\" \/>\n\t<meta property=\"og:image:height\" content=\"2560\" \/>\n\t<meta property=\"og:image:type\" content=\"image\/jpeg\" \/>\n<meta name=\"twitter:card\" content=\"summary_large_image\" \/>\n<meta name=\"twitter:label1\" content=\"Gesch\u00e4tzte Lesezeit\" \/>\n\t<meta name=\"twitter:data1\" content=\"2\u00a0Minuten\" \/>\n<script type=\"application\/ld+json\" class=\"yoast-schema-graph\">{\"@context\":\"https:\/\/schema.org\",\"@graph\":[{\"@type\":\"WebPage\",\"@id\":\"https:\/\/daddydread.com\/de\/produkt\/naturliche-dreadlocks-zweifarbig-dunkel-und-hell\/\",\"url\":\"https:\/\/daddydread.com\/de\/produkt\/naturliche-dreadlocks-zweifarbig-dunkel-und-hell\/\",\"name\":\"Zweifarbige Echthaar-Dreadlocks, zu verkaufen\",\"isPartOf\":{\"@id\":\"https:\/\/daddydread.com\/de\/#website\"},\"primaryImageOfPage\":{\"@id\":\"https:\/\/daddydread.com\/de\/produkt\/naturliche-dreadlocks-zweifarbig-dunkel-und-hell\/#primaryimage\"},\"image\":{\"@id\":\"https:\/\/daddydread.com\/de\/produkt\/naturliche-dreadlocks-zweifarbig-dunkel-und-hell\/#primaryimage\"},\"thumbnailUrl\":\"https:\/\/daddydread.com\/wp-content\/uploads\/2023\/12\/01-9.jpg\",\"datePublished\":\"2023-12-23T01:48:41+00:00\",\"dateModified\":\"2024-11-24T17:21:30+00:00\",\"description\":\"Nat\u00fcrliche zweifarbige Echthaar-Dreadlocks, kaufe nat\u00fcrliche Dreadlocks f\u00fcr M\u00e4nner und Frauen f\u00fcr langes oder kurzes Haar. Daddy Dreads Shop.\",\"breadcrumb\":{\"@id\":\"https:\/\/daddydread.com\/de\/produkt\/naturliche-dreadlocks-zweifarbig-dunkel-und-hell\/#breadcrumb\"},\"inLanguage\":\"de\",\"potentialAction\":[{\"@type\":\"ReadAction\",\"target\":[\"https:\/\/daddydread.com\/de\/produkt\/naturliche-dreadlocks-zweifarbig-dunkel-und-hell\/\"]}]},{\"@type\":\"ImageObject\",\"inLanguage\":\"de\",\"@id\":\"https:\/\/daddydread.com\/de\/produkt\/naturliche-dreadlocks-zweifarbig-dunkel-und-hell\/#primaryimage\",\"url\":\"https:\/\/daddydread.com\/wp-content\/uploads\/2023\/12\/01-9.jpg\",\"contentUrl\":\"https:\/\/daddydread.com\/wp-content\/uploads\/2023\/12\/01-9.jpg\",\"width\":1980,\"height\":2560,\"caption\":\"Natural Dreads \u2013 Two-Tone \u2013 Dark & Light\"},{\"@type\":\"BreadcrumbList\",\"@id\":\"https:\/\/daddydread.com\/de\/produkt\/naturliche-dreadlocks-zweifarbig-dunkel-und-hell\/#breadcrumb\",\"itemListElement\":[{\"@type\":\"ListItem\",\"position\":1,\"name\":\"\u0413\u043b\u0430\u0432\u043d\u0430\u044f \u0441\u0442\u0440\u0430\u043d\u0438\u0446\u0430\",\"item\":\"https:\/\/daddydread.com\/de\/\"},{\"@type\":\"ListItem\",\"position\":2,\"name\":\"Dreadlocks Shop\",\"item\":\"https:\/\/daddydread.com\/de\/shop\/\"},{\"@type\":\"ListItem\",\"position\":3,\"name\":\"Nat\u00fcrliche Dreadlocks \u2013 Zweifarbig \u2013 Dunkel und Hell\"}]},{\"@type\":\"WebSite\",\"@id\":\"https:\/\/daddydread.com\/de\/#website\",\"url\":\"https:\/\/daddydread.com\/de\/\",\"name\":\"Daddy Dreads\",\"description\":\"Dreadlocks shop\",\"potentialAction\":[{\"@type\":\"SearchAction\",\"target\":{\"@type\":\"EntryPoint\",\"urlTemplate\":\"https:\/\/daddydread.com\/de\/?s={search_term_string}\"},\"query-input\":\"required name=search_term_string\"}],\"inLanguage\":\"de\"}]}<\/script>\n<!-- \/ Yoast SEO plugin. -->","yoast_head_json":{"title":"Zweifarbige Echthaar-Dreadlocks, zu verkaufen","description":"Nat\u00fcrliche zweifarbige Echthaar-Dreadlocks, kaufe nat\u00fcrliche Dreadlocks f\u00fcr M\u00e4nner und Frauen f\u00fcr langes oder kurzes Haar. Daddy Dreads Shop.","robots":{"index":"index","follow":"follow","max-snippet":"max-snippet:-1","max-image-preview":"max-image-preview:large","max-video-preview":"max-video-preview:-1"},"canonical":"https:\/\/daddydread.com\/de\/produkt\/naturliche-dreadlocks-zweifarbig-dunkel-und-hell\/","og_locale":"de_DE","og_type":"article","og_title":"Zweifarbige Echthaar-Dreadlocks, zu verkaufen","og_description":"Nat\u00fcrliche zweifarbige Echthaar-Dreadlocks, kaufe nat\u00fcrliche Dreadlocks f\u00fcr M\u00e4nner und Frauen f\u00fcr langes oder kurzes Haar. Daddy Dreads Shop.","og_url":"https:\/\/daddydread.com\/de\/produkt\/naturliche-dreadlocks-zweifarbig-dunkel-und-hell\/","og_site_name":"Daddy Dreads","article_modified_time":"2024-11-24T17:21:30+00:00","og_image":[{"width":1980,"height":2560,"url":"https:\/\/daddydread.com\/wp-content\/uploads\/2023\/12\/01-9.jpg","type":"image\/jpeg"}],"twitter_card":"summary_large_image","twitter_misc":{"Gesch\u00e4tzte Lesezeit":"2\u00a0Minuten"},"schema":{"@context":"https:\/\/schema.org","@graph":[{"@type":"WebPage","@id":"https:\/\/daddydread.com\/de\/produkt\/naturliche-dreadlocks-zweifarbig-dunkel-und-hell\/","url":"https:\/\/daddydread.com\/de\/produkt\/naturliche-dreadlocks-zweifarbig-dunkel-und-hell\/","name":"Zweifarbige Echthaar-Dreadlocks, zu verkaufen","isPartOf":{"@id":"https:\/\/daddydread.com\/de\/#website"},"primaryImageOfPage":{"@id":"https:\/\/daddydread.com\/de\/produkt\/naturliche-dreadlocks-zweifarbig-dunkel-und-hell\/#primaryimage"},"image":{"@id":"https:\/\/daddydread.com\/de\/produkt\/naturliche-dreadlocks-zweifarbig-dunkel-und-hell\/#primaryimage"},"thumbnailUrl":"https:\/\/daddydread.com\/wp-content\/uploads\/2023\/12\/01-9.jpg","datePublished":"2023-12-23T01:48:41+00:00","dateModified":"2024-11-24T17:21:30+00:00","description":"Nat\u00fcrliche zweifarbige Echthaar-Dreadlocks, kaufe nat\u00fcrliche Dreadlocks f\u00fcr M\u00e4nner und Frauen f\u00fcr langes oder kurzes Haar. Daddy Dreads Shop.","breadcrumb":{"@id":"https:\/\/daddydread.com\/de\/produkt\/naturliche-dreadlocks-zweifarbig-dunkel-und-hell\/#breadcrumb"},"inLanguage":"de","potentialAction":[{"@type":"ReadAction","target":["https:\/\/daddydread.com\/de\/produkt\/naturliche-dreadlocks-zweifarbig-dunkel-und-hell\/"]}]},{"@type":"ImageObject","inLanguage":"de","@id":"https:\/\/daddydread.com\/de\/produkt\/naturliche-dreadlocks-zweifarbig-dunkel-und-hell\/#primaryimage","url":"https:\/\/daddydread.com\/wp-content\/uploads\/2023\/12\/01-9.jpg","contentUrl":"https:\/\/daddydread.com\/wp-content\/uploads\/2023\/12\/01-9.jpg","width":1980,"height":2560,"caption":"Natural Dreads \u2013 Two-Tone \u2013 Dark & Light"},{"@type":"BreadcrumbList","@id":"https:\/\/daddydread.com\/de\/produkt\/naturliche-dreadlocks-zweifarbig-dunkel-und-hell\/#breadcrumb","itemListElement":[{"@type":"ListItem","position":1,"name":"\u0413\u043b\u0430\u0432\u043d\u0430\u044f \u0441\u0442\u0440\u0430\u043d\u0438\u0446\u0430","item":"https:\/\/daddydread.com\/de\/"},{"@type":"ListItem","position":2,"name":"Dreadlocks Shop","item":"https:\/\/daddydread.com\/de\/shop\/"},{"@type":"ListItem","position":3,"name":"Nat\u00fcrliche Dreadlocks \u2013 Zweifarbig \u2013 Dunkel und Hell"}]},{"@type":"WebSite","@id":"https:\/\/daddydread.com\/de\/#website","url":"https:\/\/daddydread.com\/de\/","name":"Daddy Dreads","description":"Dreadlocks shop","potentialAction":[{"@type":"SearchAction","target":{"@type":"EntryPoint","urlTemplate":"https:\/\/daddydread.com\/de\/?s={search_term_string}"},"query-input":"required name=search_term_string"}],"inLanguage":"de"}]}},"jetpack_sharing_enabled":true,"_links":{"self":[{"href":"https:\/\/daddydread.com\/de\/wp-json\/wp\/v2\/product\/33141","targetHints":{"allow":["GET"]}}],"collection":[{"href":"https:\/\/daddydread.com\/de\/wp-json\/wp\/v2\/product"}],"about":[{"href":"https:\/\/daddydread.com\/de\/wp-json\/wp\/v2\/types\/product"}],"replies":[{"embeddable":true,"href":"https:\/\/daddydread.com\/de\/wp-json\/wp\/v2\/comments?post=33141"}],"wp:featuredmedia":[{"embeddable":true,"href":"https:\/\/daddydread.com\/de\/wp-json\/wp\/v2\/media\/42724"}],"wp:attachment":[{"href":"https:\/\/daddydread.com\/de\/wp-json\/wp\/v2\/media?parent=33141"}],"wp:term":[{"taxonomy":"product_brand","embeddable":true,"href":"https:\/\/daddydread.com\/de\/wp-json\/wp\/v2\/product_brand?post=33141"},{"taxonomy":"product_cat","embeddable":true,"href":"https:\/\/daddydread.com\/de\/wp-json\/wp\/v2\/product_cat?post=33141"},{"taxonomy":"product_tag","embeddable":true,"href":"https:\/\/daddydread.com\/de\/wp-json\/wp\/v2\/product_tag?post=33141"}],"curies":[{"name":"wp","href":"https:\/\/api.w.org\/{rel}","templated":true}]}}