{"id":31842,"date":"2023-11-22T14:35:35","date_gmt":"2023-11-22T11:35:35","guid":{"rendered":"https:\/\/daddydread.com\/?post_type=product&#038;p=31842"},"modified":"2024-04-24T02:50:33","modified_gmt":"2024-04-23T23:50:33","slug":"texturierte-dreads-as-natuerlich-blonde-braune","status":"publish","type":"product","link":"https:\/\/daddydread.com\/de\/produkt\/texturierte-dreads-as-natuerlich-blonde-braune\/","title":{"rendered":"Texturierte Dreads &#8222;As Nat\u00fcrlich&#8220; Blonde Braune"},"content":{"rendered":"<p>Synthetische, blonde braune texturierte Dreadlocks &#8222;As Nat\u00fcrlich&#8220; aus Thermofasern. Dieses Material ist weicher als normales Kanekalon und \u00e4hnelt mehr dem nat\u00fcrlichen Haar.<\/p>\n<p>Da dieses Material hitzebest\u00e4ndig ist, kann es mit einem Lockenstab gegl\u00e4ttet und gelockt werden. Der Schmuck in diesem Set kann ausgetauscht werden, aber es wird wundersch\u00f6n im Boho-Stil dekoriert sein.<\/p>\n<p>Die Struktur dieser texturierten Dreadlocks &#8222;As Nat\u00fcrlich&#8220;\u00a0ist den alten nat\u00fcrlichen Dreadlocks, die von der Natur geformt wurden, so \u00e4hnlich wie m\u00f6glich. Sie f\u00fchlen sich weich an und sind angenehm zu tragen, so dass du das Gef\u00fchl hast, mit nat\u00fcrlichen Dreadlocks zu gehen.<\/p>\n<p>Dank dieser Struktur der Dreadlocks sind sie von nat\u00fcrlichen Dreadlocks nicht zu unterscheiden. Wenn du sie mit einem losen Pony flechtest, riskierst du, t\u00e4glich Komplimente von anderen \u00fcber dein Haar und deinen Stil zu erhalten.<\/p>\n","protected":false},"excerpt":{"rendered":"<p>Versch\u00f6nern Sie Ihre Frisur mit den m\u00fchelos nat\u00fcrlich wirkenden Blonde Braune texturierten Dreadlocks. Diese Dreadlocks kombinieren die erdigen T\u00f6ne von Blond und Braun mit einer reichhaltigen Textur, die das nat\u00fcrliche Haar imitiert und eine dauerhafte und bequeme Stylingoption bietet. Ideal f\u00fcr alle, die bei ihren Haarverl\u00e4ngerungen ein realistisches Aussehen sch\u00e4tzen.<\/p>\n","protected":false},"featured_media":52608,"comment_status":"open","ping_status":"closed","template":"","meta":{"_acf_changed":false},"product_brand":[],"product_cat":[258,259,254,245,236,246],"product_tag":[],"class_list":{"0":"post-31842","1":"product","2":"type-product","3":"status-publish","4":"has-post-thumbnail","6":"product_cat-maenner-dreadlocks","7":"product_cat-einseitige-dreadlocks","8":"product_cat-texturierte-dreadlocks","9":"product_cat-farbige-dreadlocks","10":"product_cat-lockige-dreadlocks","11":"product_cat-frauen-dreadlocks","13":"first","14":"instock","15":"shipping-taxable","16":"purchasable","17":"product-type-variable"},"acf":[],"yoast_head":"<!-- This site is optimized with the Yoast SEO plugin v22.3 - https:\/\/yoast.com\/wordpress\/plugins\/seo\/ -->\n<title>As Nat\u00fcrlich Blonde Braune Texturierte Dreadlocks Kaufen \u2013 Dreads Shop<\/title>\n<meta name=\"description\" content=\"As nat\u00fcrlich blonde braune texturierte Dreadlocks f\u00fcr Frauen und M\u00e4nner. Lange und kurze haare Dreadlocks Extensions. Lieferung in Deutschland. Synthetische Dreads Shop.\" \/>\n<meta name=\"robots\" content=\"index, follow, max-snippet:-1, max-image-preview:large, max-video-preview:-1\" \/>\n<link rel=\"canonical\" href=\"https:\/\/daddydread.com\/de\/produkt\/texturierte-dreads-as-natuerlich-blonde-braune\/\" \/>\n<meta property=\"og:locale\" content=\"de_DE\" \/>\n<meta property=\"og:type\" content=\"article\" \/>\n<meta property=\"og:title\" content=\"As Nat\u00fcrlich Blonde Braune Texturierte Dreadlocks Kaufen \u2013 Dreads Shop\" \/>\n<meta property=\"og:description\" content=\"As nat\u00fcrlich blonde braune texturierte Dreadlocks f\u00fcr Frauen und M\u00e4nner. Lange und kurze haare Dreadlocks Extensions. Lieferung in Deutschland. Synthetische Dreads Shop.\" \/>\n<meta property=\"og:url\" content=\"https:\/\/daddydread.com\/de\/produkt\/texturierte-dreads-as-natuerlich-blonde-braune\/\" \/>\n<meta property=\"og:site_name\" content=\"Daddy Dreads\" \/>\n<meta property=\"article:modified_time\" content=\"2024-04-23T23:50:33+00:00\" \/>\n<meta property=\"og:image\" content=\"https:\/\/daddydread.com\/wp-content\/uploads\/2023\/11\/01-9-600x800.jpg\" \/>\n\t<meta property=\"og:image:width\" content=\"600\" \/>\n\t<meta property=\"og:image:height\" content=\"800\" \/>\n\t<meta property=\"og:image:type\" content=\"image\/jpeg\" \/>\n<meta name=\"twitter:card\" content=\"summary_large_image\" \/>\n<meta name=\"twitter:label1\" content=\"Gesch\u00e4tzte Lesezeit\" \/>\n\t<meta name=\"twitter:data1\" content=\"1\u00a0Minute\" \/>\n<script type=\"application\/ld+json\" class=\"yoast-schema-graph\">{\"@context\":\"https:\/\/schema.org\",\"@graph\":[{\"@type\":\"WebPage\",\"@id\":\"https:\/\/daddydread.com\/de\/produkt\/texturierte-dreads-as-natuerlich-blonde-braune\/\",\"url\":\"https:\/\/daddydread.com\/de\/produkt\/texturierte-dreads-as-natuerlich-blonde-braune\/\",\"name\":\"As Nat\u00fcrlich Blonde Braune Texturierte Dreadlocks Kaufen \u2013 Dreads Shop\",\"isPartOf\":{\"@id\":\"https:\/\/daddydread.com\/de\/#website\"},\"primaryImageOfPage\":{\"@id\":\"https:\/\/daddydread.com\/de\/produkt\/texturierte-dreads-as-natuerlich-blonde-braune\/#primaryimage\"},\"image\":{\"@id\":\"https:\/\/daddydread.com\/de\/produkt\/texturierte-dreads-as-natuerlich-blonde-braune\/#primaryimage\"},\"thumbnailUrl\":\"https:\/\/daddydread.com\/wp-content\/uploads\/2023\/11\/\u0433\u043b\u0430\u0432\u043d\u0430\u044f-scaled-e1775834116495.webp\",\"datePublished\":\"2023-11-22T11:35:35+00:00\",\"dateModified\":\"2024-04-23T23:50:33+00:00\",\"description\":\"As nat\u00fcrlich blonde braune texturierte Dreadlocks f\u00fcr Frauen und M\u00e4nner. Lange und kurze haare Dreadlocks Extensions. Lieferung in Deutschland. Synthetische Dreads Shop.\",\"breadcrumb\":{\"@id\":\"https:\/\/daddydread.com\/de\/produkt\/texturierte-dreads-as-natuerlich-blonde-braune\/#breadcrumb\"},\"inLanguage\":\"de\",\"potentialAction\":[{\"@type\":\"ReadAction\",\"target\":[\"https:\/\/daddydread.com\/de\/produkt\/texturierte-dreads-as-natuerlich-blonde-braune\/\"]}]},{\"@type\":\"ImageObject\",\"inLanguage\":\"de\",\"@id\":\"https:\/\/daddydread.com\/de\/produkt\/texturierte-dreads-as-natuerlich-blonde-braune\/#primaryimage\",\"url\":\"https:\/\/daddydread.com\/wp-content\/uploads\/2023\/11\/\u0433\u043b\u0430\u0432\u043d\u0430\u044f-scaled-e1775834116495.webp\",\"contentUrl\":\"https:\/\/daddydread.com\/wp-content\/uploads\/2023\/11\/\u0433\u043b\u0430\u0432\u043d\u0430\u044f-scaled-e1775834116495.webp\",\"width\":2400,\"height\":2560},{\"@type\":\"BreadcrumbList\",\"@id\":\"https:\/\/daddydread.com\/de\/produkt\/texturierte-dreads-as-natuerlich-blonde-braune\/#breadcrumb\",\"itemListElement\":[{\"@type\":\"ListItem\",\"position\":1,\"name\":\"\u0413\u043b\u0430\u0432\u043d\u0430\u044f \u0441\u0442\u0440\u0430\u043d\u0438\u0446\u0430\",\"item\":\"https:\/\/daddydread.com\/de\/\"},{\"@type\":\"ListItem\",\"position\":2,\"name\":\"Dreadlocks Shop\",\"item\":\"https:\/\/daddydread.com\/de\/shop\/\"},{\"@type\":\"ListItem\",\"position\":3,\"name\":\"Texturierte Dreads &#8220;As Nat\u00fcrlich&#8221; Blonde Braune\"}]},{\"@type\":\"WebSite\",\"@id\":\"https:\/\/daddydread.com\/de\/#website\",\"url\":\"https:\/\/daddydread.com\/de\/\",\"name\":\"Daddy Dreads\",\"description\":\"Dreadlocks shop\",\"potentialAction\":[{\"@type\":\"SearchAction\",\"target\":{\"@type\":\"EntryPoint\",\"urlTemplate\":\"https:\/\/daddydread.com\/de\/?s={search_term_string}\"},\"query-input\":\"required name=search_term_string\"}],\"inLanguage\":\"de\"}]}<\/script>\n<!-- \/ Yoast SEO plugin. -->","yoast_head_json":{"title":"As Nat\u00fcrlich Blonde Braune Texturierte Dreadlocks Kaufen \u2013 Dreads Shop","description":"As nat\u00fcrlich blonde braune texturierte Dreadlocks f\u00fcr Frauen und M\u00e4nner. Lange und kurze haare Dreadlocks Extensions. Lieferung in Deutschland. Synthetische Dreads Shop.","robots":{"index":"index","follow":"follow","max-snippet":"max-snippet:-1","max-image-preview":"max-image-preview:large","max-video-preview":"max-video-preview:-1"},"canonical":"https:\/\/daddydread.com\/de\/produkt\/texturierte-dreads-as-natuerlich-blonde-braune\/","og_locale":"de_DE","og_type":"article","og_title":"As Nat\u00fcrlich Blonde Braune Texturierte Dreadlocks Kaufen \u2013 Dreads Shop","og_description":"As nat\u00fcrlich blonde braune texturierte Dreadlocks f\u00fcr Frauen und M\u00e4nner. Lange und kurze haare Dreadlocks Extensions. Lieferung in Deutschland. Synthetische Dreads Shop.","og_url":"https:\/\/daddydread.com\/de\/produkt\/texturierte-dreads-as-natuerlich-blonde-braune\/","og_site_name":"Daddy Dreads","article_modified_time":"2024-04-23T23:50:33+00:00","og_image":[{"width":600,"height":800,"url":"https:\/\/daddydread.com\/wp-content\/uploads\/2023\/11\/01-9-600x800.jpg","type":"image\/jpeg"}],"twitter_card":"summary_large_image","twitter_misc":{"Gesch\u00e4tzte Lesezeit":"1\u00a0Minute"},"schema":{"@context":"https:\/\/schema.org","@graph":[{"@type":"WebPage","@id":"https:\/\/daddydread.com\/de\/produkt\/texturierte-dreads-as-natuerlich-blonde-braune\/","url":"https:\/\/daddydread.com\/de\/produkt\/texturierte-dreads-as-natuerlich-blonde-braune\/","name":"As Nat\u00fcrlich Blonde Braune Texturierte Dreadlocks Kaufen \u2013 Dreads Shop","isPartOf":{"@id":"https:\/\/daddydread.com\/de\/#website"},"primaryImageOfPage":{"@id":"https:\/\/daddydread.com\/de\/produkt\/texturierte-dreads-as-natuerlich-blonde-braune\/#primaryimage"},"image":{"@id":"https:\/\/daddydread.com\/de\/produkt\/texturierte-dreads-as-natuerlich-blonde-braune\/#primaryimage"},"thumbnailUrl":"https:\/\/daddydread.com\/wp-content\/uploads\/2023\/11\/\u0433\u043b\u0430\u0432\u043d\u0430\u044f-scaled-e1775834116495.webp","datePublished":"2023-11-22T11:35:35+00:00","dateModified":"2024-04-23T23:50:33+00:00","description":"As nat\u00fcrlich blonde braune texturierte Dreadlocks f\u00fcr Frauen und M\u00e4nner. Lange und kurze haare Dreadlocks Extensions. Lieferung in Deutschland. Synthetische Dreads Shop.","breadcrumb":{"@id":"https:\/\/daddydread.com\/de\/produkt\/texturierte-dreads-as-natuerlich-blonde-braune\/#breadcrumb"},"inLanguage":"de","potentialAction":[{"@type":"ReadAction","target":["https:\/\/daddydread.com\/de\/produkt\/texturierte-dreads-as-natuerlich-blonde-braune\/"]}]},{"@type":"ImageObject","inLanguage":"de","@id":"https:\/\/daddydread.com\/de\/produkt\/texturierte-dreads-as-natuerlich-blonde-braune\/#primaryimage","url":"https:\/\/daddydread.com\/wp-content\/uploads\/2023\/11\/\u0433\u043b\u0430\u0432\u043d\u0430\u044f-scaled-e1775834116495.webp","contentUrl":"https:\/\/daddydread.com\/wp-content\/uploads\/2023\/11\/\u0433\u043b\u0430\u0432\u043d\u0430\u044f-scaled-e1775834116495.webp","width":2400,"height":2560},{"@type":"BreadcrumbList","@id":"https:\/\/daddydread.com\/de\/produkt\/texturierte-dreads-as-natuerlich-blonde-braune\/#breadcrumb","itemListElement":[{"@type":"ListItem","position":1,"name":"\u0413\u043b\u0430\u0432\u043d\u0430\u044f \u0441\u0442\u0440\u0430\u043d\u0438\u0446\u0430","item":"https:\/\/daddydread.com\/de\/"},{"@type":"ListItem","position":2,"name":"Dreadlocks Shop","item":"https:\/\/daddydread.com\/de\/shop\/"},{"@type":"ListItem","position":3,"name":"Texturierte Dreads &#8220;As Nat\u00fcrlich&#8221; Blonde Braune"}]},{"@type":"WebSite","@id":"https:\/\/daddydread.com\/de\/#website","url":"https:\/\/daddydread.com\/de\/","name":"Daddy Dreads","description":"Dreadlocks shop","potentialAction":[{"@type":"SearchAction","target":{"@type":"EntryPoint","urlTemplate":"https:\/\/daddydread.com\/de\/?s={search_term_string}"},"query-input":"required name=search_term_string"}],"inLanguage":"de"}]}},"jetpack_sharing_enabled":true,"_links":{"self":[{"href":"https:\/\/daddydread.com\/de\/wp-json\/wp\/v2\/product\/31842","targetHints":{"allow":["GET"]}}],"collection":[{"href":"https:\/\/daddydread.com\/de\/wp-json\/wp\/v2\/product"}],"about":[{"href":"https:\/\/daddydread.com\/de\/wp-json\/wp\/v2\/types\/product"}],"replies":[{"embeddable":true,"href":"https:\/\/daddydread.com\/de\/wp-json\/wp\/v2\/comments?post=31842"}],"wp:featuredmedia":[{"embeddable":true,"href":"https:\/\/daddydread.com\/de\/wp-json\/wp\/v2\/media\/52608"}],"wp:attachment":[{"href":"https:\/\/daddydread.com\/de\/wp-json\/wp\/v2\/media?parent=31842"}],"wp:term":[{"taxonomy":"product_brand","embeddable":true,"href":"https:\/\/daddydread.com\/de\/wp-json\/wp\/v2\/product_brand?post=31842"},{"taxonomy":"product_cat","embeddable":true,"href":"https:\/\/daddydread.com\/de\/wp-json\/wp\/v2\/product_cat?post=31842"},{"taxonomy":"product_tag","embeddable":true,"href":"https:\/\/daddydread.com\/de\/wp-json\/wp\/v2\/product_tag?post=31842"}],"curies":[{"name":"wp","href":"https:\/\/api.w.org\/{rel}","templated":true}]}}