{"id":31583,"date":"2023-11-07T03:05:53","date_gmt":"2023-11-07T00:05:53","guid":{"rendered":"https:\/\/daddydread.com\/?post_type=product&#038;p=31583"},"modified":"2026-01-16T20:08:19","modified_gmt":"2026-01-16T17:08:19","slug":"lockige-dreads-dunkelbraune","status":"publish","type":"product","link":"https:\/\/daddydread.com\/de\/produkt\/lockige-dreads-dunkelbraune\/","title":{"rendered":"Lockige Dreads \u2013 Dunkelbraune"},"content":{"rendered":"<p>Wir pr\u00e4sentieren die lockigen Dreadlocks von Daddy Dreads Studio in luxuri\u00f6sem Dunkelbraun, ein Produkt, das handwerkliche Qualit\u00e4t und modernen Stil vereint. Diese Dreadlocks werden in sorgf\u00e4ltiger Handarbeit aus hochwertigen, hitzebest\u00e4ndigen Synthetikfasern hergestellt, die sowohl leicht als auch volumin\u00f6s sind. Die tiefe dunkelbraune Farbe bietet einen eleganten und vielseitigen Look, der jede Frisur aufwertet und perfekt f\u00fcr alle ist, die ein nat\u00fcrliches und dennoch auff\u00e4lliges Aussehen sch\u00e4tzen.<\/p>\n<h2>\u00dcber lockige Dreadlocks<\/h2>\n<p>Die lockigen Dreadlocks von Daddy Dreads Studio zeichnen sich durch eine einzigartige, verhedderte Basis aus, die eine einfache Integration in das nat\u00fcrliche Haar erm\u00f6glicht. Durch die Fokussierung des Dreadlock-Designs auf eine Seite der Str\u00e4hne maximieren diese Extensions das Volumen, ohne die Kopfhaut zu sehr zu belasten. Dieser durchdachte Ansatz bewahrt nicht nur das nat\u00fcrliche Aussehen Ihres Haares, sondern nutzt auch das synthetische Material voll aus.<\/p>\n<p>Der satte dunkelbraune Farbton dieser lockigen Dreadlocks passt zu einer Vielzahl von Hautt\u00f6nen und pers\u00f6nlichen Stilen. Ganz gleich, ob du deinem allt\u00e4glichen Look ein wenig Flair verleihen m\u00f6chtest oder eine dramatische Ver\u00e4nderung f\u00fcr einen besonderen Anlass suchst, diese dunkelbraunen Dreadlocks bieten sowohl Subtilit\u00e4t als auch Tiefe.<\/p>\n<h2>Personalisiere deinen Look<\/h2>\n<p>Die lockigen Dreadlocks von Daddy Dreads Studio sind perfekt f\u00fcr alle, die ihre Frisur individuell gestalten m\u00f6chten. Die dunkelbraunen Haarverl\u00e4ngerungen k\u00f6nnen mit anderen Stilen wie <strong><a href=\"https:\/\/daddydread.com\/de\/produkt-kategorie\/synthetische-dreadlocks\/\">geh\u00e4kelten<\/a><\/strong> und <strong><a href=\"https:\/\/daddydread.com\/de\/produkt-kategorie\/texturierte-dreadlocks\/\">strukturierten dreadlocks<\/a><\/strong> kombiniert werden, was unendlich viele kreative M\u00f6glichkeiten er\u00f6ffnet. Wenn du dir nicht sicher bist, wie du sie kombinieren sollst, oder wenn du ein ma\u00dfgeschneidertes Set brauchst, das nicht auf dem Markt erh\u00e4ltlich ist, ist das Studio gerne bereit, dir zu helfen. Wir bieten einen pers\u00f6nlichen Ansatz, um dir dabei zu helfen, ein einzigartiges Set Dreadlocks zu kreieren, das deinen individuellen Stil widerspiegelt.<\/p>\n<h2>Pflege f\u00fcr deine dunkelbraunen lockigen Dreadlocks<\/h2>\n<p>Die Sch\u00f6nheit deiner dunkelbraunen, lockigen Dreadlocks zu erhalten, ist ganz einfach. In der ersten Woche ist es wichtig, die Locken zu fixieren, indem du sie nachts locker flechtest. Trennen Sie die Str\u00e4hnen morgens und abends vorsichtig mit wasserbefeuchteten H\u00e4nden und vermeiden Sie es, sie zu k\u00e4mmen, um die Integrit\u00e4t der Locken zu erhalten.<\/p>\n<p>Um die Dreadlocks zu reinigen, verd\u00fcnnen Sie Ihr normales Shampoo im Verh\u00e4ltnis 1:5 mit Wasser. Trage diese Mischung sanft auf die Dreadlocks und die Kopfhaut auf und sp\u00fcle sie gr\u00fcndlich aus. Diese Waschroutine sollte w\u00f6chentlich durchgef\u00fchrt werden, um die Kopfhaut sauber und die Dreadlocks in gutem Zustand zu halten. Zum Trocknen einen Haartrockner w\u00e4hlen, der auf warm oder k\u00fchl eingestellt ist, um Sch\u00e4den durch \u00fcberm\u00e4\u00dfige Hitze zu vermeiden.<\/p>\n","protected":false},"excerpt":{"rendered":"<p>Diese lockigen Dreadlocks werden aus hochwertigen synthetischen Fasern hergestellt und sind weich, volumin\u00f6s und unglaublich leicht. Die elegante dunkelbraune Farbe verleiht jedem Look eine nat\u00fcrliche, aber dennoch auff\u00e4llige Aufwertung. Einfach zu pflegen und vielseitig genug f\u00fcr jede Gelegenheit, sind diese lockigen Haarverl\u00e4ngerungen der perfekte Weg, um Ihren Stil auszudr\u00fccken und Ihrem Aussehen einen Hauch von Raffinesse zu verleihen.<\/p>\n<p><strong>Typ der Dreadlocks:<\/strong> Doppelendige (Zweifach Endend)<\/p>\n<p><strong>L<\/strong><strong>\u00e4<\/strong><strong>nge<\/strong><strong>:<\/strong> 50 \u2013 55 cm<\/p>\n","protected":false},"featured_media":31641,"comment_status":"open","ping_status":"closed","template":"","meta":{"_acf_changed":false},"product_brand":[],"product_cat":[260,236,256],"product_tag":[],"class_list":{"0":"post-31583","1":"product","2":"type-product","3":"status-publish","4":"has-post-thumbnail","6":"product_cat-doppelendige-dreadlocks","7":"product_cat-lockige-dreadlocks","8":"product_cat-ombre-dreadlocks","10":"first","11":"instock","12":"shipping-taxable","13":"purchasable","14":"product-type-variable","15":"has-default-attributes"},"acf":[],"yoast_head":"<!-- This site is optimized with the Yoast SEO plugin v22.3 - https:\/\/yoast.com\/wordpress\/plugins\/seo\/ -->\n<title>Dunkelbraune Lockige Dreadlocks Kaufen, Dreads Shop<\/title>\n<meta name=\"description\" content=\"Dunkelbraune lockige Dreadlocks f\u00fcr M\u00e4nner und Frauen. Lange und kurze haare Dreadlocks Extensions. Lieferung in Deutschland. Synthetische Dreads Shop.\" \/>\n<meta name=\"robots\" content=\"index, follow, max-snippet:-1, max-image-preview:large, max-video-preview:-1\" \/>\n<link rel=\"canonical\" href=\"https:\/\/daddydread.com\/de\/produkt\/lockige-dreads-dunkelbraune\/\" \/>\n<meta property=\"og:locale\" content=\"de_DE\" \/>\n<meta property=\"og:type\" content=\"article\" \/>\n<meta property=\"og:title\" content=\"Dunkelbraune Lockige Dreadlocks Kaufen, Dreads Shop\" \/>\n<meta property=\"og:description\" content=\"Dunkelbraune lockige Dreadlocks f\u00fcr M\u00e4nner und Frauen. Lange und kurze haare Dreadlocks Extensions. Lieferung in Deutschland. Synthetische Dreads Shop.\" \/>\n<meta property=\"og:url\" content=\"https:\/\/daddydread.com\/de\/produkt\/lockige-dreads-dunkelbraune\/\" \/>\n<meta property=\"og:site_name\" content=\"Daddy Dreads\" \/>\n<meta property=\"article:modified_time\" content=\"2026-01-16T17:08:19+00:00\" \/>\n<meta property=\"og:image\" content=\"https:\/\/daddydread.com\/wp-content\/uploads\/2023\/11\/01-6.jpg\" \/>\n\t<meta property=\"og:image:width\" content=\"1920\" \/>\n\t<meta property=\"og:image:height\" content=\"2560\" \/>\n\t<meta property=\"og:image:type\" content=\"image\/jpeg\" \/>\n<meta name=\"twitter:card\" content=\"summary_large_image\" \/>\n<meta name=\"twitter:label1\" content=\"Gesch\u00e4tzte Lesezeit\" \/>\n\t<meta name=\"twitter:data1\" content=\"2\u00a0Minuten\" \/>\n<script type=\"application\/ld+json\" class=\"yoast-schema-graph\">{\"@context\":\"https:\/\/schema.org\",\"@graph\":[{\"@type\":\"WebPage\",\"@id\":\"https:\/\/daddydread.com\/de\/produkt\/lockige-dreads-dunkelbraune\/\",\"url\":\"https:\/\/daddydread.com\/de\/produkt\/lockige-dreads-dunkelbraune\/\",\"name\":\"Dunkelbraune Lockige Dreadlocks Kaufen, Dreads Shop\",\"isPartOf\":{\"@id\":\"https:\/\/daddydread.com\/de\/#website\"},\"primaryImageOfPage\":{\"@id\":\"https:\/\/daddydread.com\/de\/produkt\/lockige-dreads-dunkelbraune\/#primaryimage\"},\"image\":{\"@id\":\"https:\/\/daddydread.com\/de\/produkt\/lockige-dreads-dunkelbraune\/#primaryimage\"},\"thumbnailUrl\":\"https:\/\/daddydread.com\/wp-content\/uploads\/2023\/11\/IMG_3831.jpg\",\"datePublished\":\"2023-11-07T00:05:53+00:00\",\"dateModified\":\"2026-01-16T17:08:19+00:00\",\"description\":\"Dunkelbraune lockige Dreadlocks f\u00fcr M\u00e4nner und Frauen. Lange und kurze haare Dreadlocks Extensions. Lieferung in Deutschland. Synthetische Dreads Shop.\",\"breadcrumb\":{\"@id\":\"https:\/\/daddydread.com\/de\/produkt\/lockige-dreads-dunkelbraune\/#breadcrumb\"},\"inLanguage\":\"de\",\"potentialAction\":[{\"@type\":\"ReadAction\",\"target\":[\"https:\/\/daddydread.com\/de\/produkt\/lockige-dreads-dunkelbraune\/\"]}]},{\"@type\":\"ImageObject\",\"inLanguage\":\"de\",\"@id\":\"https:\/\/daddydread.com\/de\/produkt\/lockige-dreads-dunkelbraune\/#primaryimage\",\"url\":\"https:\/\/daddydread.com\/wp-content\/uploads\/2023\/11\/IMG_3831.jpg\",\"contentUrl\":\"https:\/\/daddydread.com\/wp-content\/uploads\/2023\/11\/IMG_3831.jpg\",\"width\":1920,\"height\":2560,\"caption\":\"Dunkelbraune lockige Dreadlocks 16\"},{\"@type\":\"BreadcrumbList\",\"@id\":\"https:\/\/daddydread.com\/de\/produkt\/lockige-dreads-dunkelbraune\/#breadcrumb\",\"itemListElement\":[{\"@type\":\"ListItem\",\"position\":1,\"name\":\"\u0413\u043b\u0430\u0432\u043d\u0430\u044f \u0441\u0442\u0440\u0430\u043d\u0438\u0446\u0430\",\"item\":\"https:\/\/daddydread.com\/de\/\"},{\"@type\":\"ListItem\",\"position\":2,\"name\":\"Dreadlocks Shop\",\"item\":\"https:\/\/daddydread.com\/de\/shop\/\"},{\"@type\":\"ListItem\",\"position\":3,\"name\":\"Lockige Dreads \u2013 Dunkelbraune\"}]},{\"@type\":\"WebSite\",\"@id\":\"https:\/\/daddydread.com\/de\/#website\",\"url\":\"https:\/\/daddydread.com\/de\/\",\"name\":\"Daddy Dreads\",\"description\":\"Dreadlocks shop\",\"potentialAction\":[{\"@type\":\"SearchAction\",\"target\":{\"@type\":\"EntryPoint\",\"urlTemplate\":\"https:\/\/daddydread.com\/de\/?s={search_term_string}\"},\"query-input\":\"required name=search_term_string\"}],\"inLanguage\":\"de\"}]}<\/script>\n<!-- \/ Yoast SEO plugin. -->","yoast_head_json":{"title":"Dunkelbraune Lockige Dreadlocks Kaufen, Dreads Shop","description":"Dunkelbraune lockige Dreadlocks f\u00fcr M\u00e4nner und Frauen. Lange und kurze haare Dreadlocks Extensions. Lieferung in Deutschland. Synthetische Dreads Shop.","robots":{"index":"index","follow":"follow","max-snippet":"max-snippet:-1","max-image-preview":"max-image-preview:large","max-video-preview":"max-video-preview:-1"},"canonical":"https:\/\/daddydread.com\/de\/produkt\/lockige-dreads-dunkelbraune\/","og_locale":"de_DE","og_type":"article","og_title":"Dunkelbraune Lockige Dreadlocks Kaufen, Dreads Shop","og_description":"Dunkelbraune lockige Dreadlocks f\u00fcr M\u00e4nner und Frauen. Lange und kurze haare Dreadlocks Extensions. Lieferung in Deutschland. Synthetische Dreads Shop.","og_url":"https:\/\/daddydread.com\/de\/produkt\/lockige-dreads-dunkelbraune\/","og_site_name":"Daddy Dreads","article_modified_time":"2026-01-16T17:08:19+00:00","og_image":[{"width":1920,"height":2560,"url":"https:\/\/daddydread.com\/wp-content\/uploads\/2023\/11\/01-6.jpg","type":"image\/jpeg"}],"twitter_card":"summary_large_image","twitter_misc":{"Gesch\u00e4tzte Lesezeit":"2\u00a0Minuten"},"schema":{"@context":"https:\/\/schema.org","@graph":[{"@type":"WebPage","@id":"https:\/\/daddydread.com\/de\/produkt\/lockige-dreads-dunkelbraune\/","url":"https:\/\/daddydread.com\/de\/produkt\/lockige-dreads-dunkelbraune\/","name":"Dunkelbraune Lockige Dreadlocks Kaufen, Dreads Shop","isPartOf":{"@id":"https:\/\/daddydread.com\/de\/#website"},"primaryImageOfPage":{"@id":"https:\/\/daddydread.com\/de\/produkt\/lockige-dreads-dunkelbraune\/#primaryimage"},"image":{"@id":"https:\/\/daddydread.com\/de\/produkt\/lockige-dreads-dunkelbraune\/#primaryimage"},"thumbnailUrl":"https:\/\/daddydread.com\/wp-content\/uploads\/2023\/11\/IMG_3831.jpg","datePublished":"2023-11-07T00:05:53+00:00","dateModified":"2026-01-16T17:08:19+00:00","description":"Dunkelbraune lockige Dreadlocks f\u00fcr M\u00e4nner und Frauen. Lange und kurze haare Dreadlocks Extensions. Lieferung in Deutschland. Synthetische Dreads Shop.","breadcrumb":{"@id":"https:\/\/daddydread.com\/de\/produkt\/lockige-dreads-dunkelbraune\/#breadcrumb"},"inLanguage":"de","potentialAction":[{"@type":"ReadAction","target":["https:\/\/daddydread.com\/de\/produkt\/lockige-dreads-dunkelbraune\/"]}]},{"@type":"ImageObject","inLanguage":"de","@id":"https:\/\/daddydread.com\/de\/produkt\/lockige-dreads-dunkelbraune\/#primaryimage","url":"https:\/\/daddydread.com\/wp-content\/uploads\/2023\/11\/IMG_3831.jpg","contentUrl":"https:\/\/daddydread.com\/wp-content\/uploads\/2023\/11\/IMG_3831.jpg","width":1920,"height":2560,"caption":"Dunkelbraune lockige Dreadlocks 16"},{"@type":"BreadcrumbList","@id":"https:\/\/daddydread.com\/de\/produkt\/lockige-dreads-dunkelbraune\/#breadcrumb","itemListElement":[{"@type":"ListItem","position":1,"name":"\u0413\u043b\u0430\u0432\u043d\u0430\u044f \u0441\u0442\u0440\u0430\u043d\u0438\u0446\u0430","item":"https:\/\/daddydread.com\/de\/"},{"@type":"ListItem","position":2,"name":"Dreadlocks Shop","item":"https:\/\/daddydread.com\/de\/shop\/"},{"@type":"ListItem","position":3,"name":"Lockige Dreads \u2013 Dunkelbraune"}]},{"@type":"WebSite","@id":"https:\/\/daddydread.com\/de\/#website","url":"https:\/\/daddydread.com\/de\/","name":"Daddy Dreads","description":"Dreadlocks shop","potentialAction":[{"@type":"SearchAction","target":{"@type":"EntryPoint","urlTemplate":"https:\/\/daddydread.com\/de\/?s={search_term_string}"},"query-input":"required name=search_term_string"}],"inLanguage":"de"}]}},"jetpack_sharing_enabled":true,"_links":{"self":[{"href":"https:\/\/daddydread.com\/de\/wp-json\/wp\/v2\/product\/31583","targetHints":{"allow":["GET"]}}],"collection":[{"href":"https:\/\/daddydread.com\/de\/wp-json\/wp\/v2\/product"}],"about":[{"href":"https:\/\/daddydread.com\/de\/wp-json\/wp\/v2\/types\/product"}],"replies":[{"embeddable":true,"href":"https:\/\/daddydread.com\/de\/wp-json\/wp\/v2\/comments?post=31583"}],"wp:featuredmedia":[{"embeddable":true,"href":"https:\/\/daddydread.com\/de\/wp-json\/wp\/v2\/media\/31641"}],"wp:attachment":[{"href":"https:\/\/daddydread.com\/de\/wp-json\/wp\/v2\/media?parent=31583"}],"wp:term":[{"taxonomy":"product_brand","embeddable":true,"href":"https:\/\/daddydread.com\/de\/wp-json\/wp\/v2\/product_brand?post=31583"},{"taxonomy":"product_cat","embeddable":true,"href":"https:\/\/daddydread.com\/de\/wp-json\/wp\/v2\/product_cat?post=31583"},{"taxonomy":"product_tag","embeddable":true,"href":"https:\/\/daddydread.com\/de\/wp-json\/wp\/v2\/product_tag?post=31583"}],"curies":[{"name":"wp","href":"https:\/\/api.w.org\/{rel}","templated":true}]}}