{"id":31458,"date":"2023-11-07T02:47:34","date_gmt":"2023-11-06T23:47:34","guid":{"rendered":"https:\/\/daddydread.com\/?post_type=product&#038;p=31458"},"modified":"2024-05-22T15:20:44","modified_gmt":"2024-05-22T12:20:44","slug":"texturierte-dreads-schwarz","status":"publish","type":"product","link":"https:\/\/daddydread.com\/de\/produkt\/texturierte-dreads-schwarz\/","title":{"rendered":"Texturierte Dreads \u2013 Schwarz"},"content":{"rendered":"<p>Daddy Dreads Studio ist stolz darauf, die Texturierte Dreadlocks in Schwarz vorzustellen, eine raffinierte Option f\u00fcr alle, die ihren Stil mit einem klassischen und doch gewagten Look aufwerten wollen. Diese Erweiterungen sind aus hochwertigen Synthetikfasern gefertigt, die f\u00fcr Langlebigkeit und ein leichtes Tragegef\u00fchl sorgen.<\/p>\n<h2>\u00dcbersicht der Schwarz Texturierte Dreadlocks<\/h2>\n<p>Schwarz Texturierte Dreadlocks wird in sorgf\u00e4ltiger Handarbeit hergestellt und weist eine komplexe Textur auf, die das Aussehen von nat\u00fcrlich gewachsenen Erweiterungen nachahmt. Die Farbe Schwarz verleiht ihnen einen eleganten und zeitlosen Touch und passt damit perfekt zu verschiedenen Modestilen und Anl\u00e4ssen.<\/p>\n<p>Der strukturierte Stil sorgt f\u00fcr mehr Volumen als typische H\u00e4kel-Dreadlocks und verleiht einen volleren und dynamischeren Look. Obwohl sie etwas schwerer sind, macht der einzigartige visuelle Reiz dieser Erweiterungen sie zu einer beliebten Wahl f\u00fcr alle, die eine au\u00dfergew\u00f6hnliche Frisur sch\u00e4tzen.<\/p>\n<h2>Hauptmerkmale und Vorteile<\/h2>\n<p>Die Schwarz Texturierte Dreadlocks haben mehrere Vorteile:<\/p>\n<ul>\n<li>Dicke Enden und eine starke Struktur sorgen daf\u00fcr, dass sie intakt bleiben und sich nicht aufl\u00f6sen.<\/li>\n<li>Wiederverwendbare Qualit\u00e4t bedeutet, dass Sie ihre Sch\u00f6nheit \u00fcber mehrere Installationen hinweg genie\u00dfen k\u00f6nnen.<\/li>\n<li>Das weiche Gef\u00fchl macht sie f\u00fcr den t\u00e4glichen Gebrauch bequem.<\/li>\n<\/ul>\n<p>Diese Haarverl\u00e4ngerungen werden mit einer Kombination aus traditionellen Werkzeugen &#8211; einem 0,5-mm-Haken, einem Kamm &#8211; und jahrelanger, raffinierter Handwerkskunst hergestellt. Bei der Herstellung werden keine Chemikalien verwendet, was das Engagement von Daddy Dreads Studio f\u00fcr nat\u00fcrliche, sichere Haarl\u00f6sungen widerspiegelt.<\/p>\n<h2>Styling und individuelle Anpassung<\/h2>\n<p>Die Schwarz Texturierte Dreadlocks bieten eine gro\u00dfe Flexibilit\u00e4t f\u00fcr die individuelle Gestaltung. Du kannst sie mit anderen <strong><a href=\"https:\/\/daddydread.com\/de\/produkt-kategorie\/synthetische-dreadlocks\/\">synthetischen Dreadlock-Verl\u00e4ngerungen<\/a><\/strong> kombinieren, um einen individuellen Look zu kreieren, der deine nat\u00fcrliche Sch\u00f6nheit unterstreicht. Ob du Hilfe bei der Auswahl der richtigen Mischung brauchst oder ein ma\u00dfgeschneidertes Set m\u00f6chtest, unser Studio ist bereit, dir zu helfen, den gew\u00fcnschten Look zu erzielen.<\/p>\n<h2>Pflegehinweise<\/h2>\n<p>Zur Pflege der Schwarz Texturierte Dreadlocks:<\/p>\n<ol>\n<li>Trage sie bis zu zwei Monate lang, bevor du eine Pause einlegst, um Verfilzungen zu vermeiden.<\/li>\n<li>Wasche sie, indem du Shampoo in Wasser verd\u00fcnnst (1 Teil Shampoo auf 5 Teile Wasser), es auf die Kopfhaut und zwischen die Dreadlocks gibst und dann gr\u00fcndlich aussp\u00fclst.<\/li>\n<li>Mit einem Haartrockner auf einer warmen oder k\u00fchlen Stufe trocknen, um die Textur nicht zu besch\u00e4digen.<\/li>\n<\/ol>\n","protected":false},"excerpt":{"rendered":"<p>Diese hochwertigen, texturierten Haarverl\u00e4ngerungen bieten mit ihrer tiefschwarzen Farbe und der komplizierten Struktur eine raffinierte Variante des klassischen Dreadlock-Looks. Leicht, langlebig und stilvoll, sind diese Dreadlocks ideal f\u00fcr diejenigen, die eine mutige Aussage machen wollen. Sie sind bequem und langlebig und bieten eine schicke L\u00f6sung f\u00fcr alle, die ihre Frisur mit Leichtigkeit und Selbstvertrauen aufwerten m\u00f6chten.<\/p>\n","protected":false},"featured_media":31502,"comment_status":"open","ping_status":"closed","template":"","meta":{"_acf_changed":false},"product_brand":[],"product_cat":[260,258,259,254,245,246],"product_tag":[],"class_list":{"0":"post-31458","1":"product","2":"type-product","3":"status-publish","4":"has-post-thumbnail","6":"product_cat-doppelendige-dreadlocks","7":"product_cat-maenner-dreadlocks","8":"product_cat-einseitige-dreadlocks","9":"product_cat-texturierte-dreadlocks","10":"product_cat-farbige-dreadlocks","11":"product_cat-frauen-dreadlocks","13":"first","14":"instock","15":"shipping-taxable","16":"purchasable","17":"product-type-variable"},"acf":[],"yoast_head":"<!-- This site is optimized with the Yoast SEO plugin v22.3 - https:\/\/yoast.com\/wordpress\/plugins\/seo\/ -->\n<title>Schwarz Dreadlocks Extensions Kaufen, Dreads Shop<\/title>\n<meta name=\"description\" content=\"Schwarz texturierte Dreadlocks f\u00fcr M\u00e4nner und Frauen. Lange und kurze haare Dreadlocks Extensions. Lieferung in Deutschland. Synthetische Dreads Shop.\" \/>\n<meta name=\"robots\" content=\"index, follow, max-snippet:-1, max-image-preview:large, max-video-preview:-1\" \/>\n<link rel=\"canonical\" href=\"https:\/\/daddydread.com\/de\/produkt\/texturierte-dreads-schwarz\/\" \/>\n<meta property=\"og:locale\" content=\"de_DE\" \/>\n<meta property=\"og:type\" content=\"article\" \/>\n<meta property=\"og:title\" content=\"Schwarz Dreadlocks Extensions Kaufen, Dreads Shop\" \/>\n<meta property=\"og:description\" content=\"Schwarz texturierte Dreadlocks f\u00fcr M\u00e4nner und Frauen. Lange und kurze haare Dreadlocks Extensions. Lieferung in Deutschland. Synthetische Dreads Shop.\" \/>\n<meta property=\"og:url\" content=\"https:\/\/daddydread.com\/de\/produkt\/texturierte-dreads-schwarz\/\" \/>\n<meta property=\"og:site_name\" content=\"Daddy Dreads\" \/>\n<meta property=\"article:modified_time\" content=\"2024-05-22T12:20:44+00:00\" \/>\n<meta property=\"og:image\" content=\"https:\/\/daddydread.com\/wp-content\/uploads\/2023\/11\/01-1.jpg\" \/>\n\t<meta property=\"og:image:width\" content=\"1920\" \/>\n\t<meta property=\"og:image:height\" content=\"2560\" \/>\n\t<meta property=\"og:image:type\" content=\"image\/jpeg\" \/>\n<meta name=\"twitter:card\" content=\"summary_large_image\" \/>\n<meta name=\"twitter:label1\" content=\"Gesch\u00e4tzte Lesezeit\" \/>\n\t<meta name=\"twitter:data1\" content=\"2\u00a0Minuten\" \/>\n<script type=\"application\/ld+json\" class=\"yoast-schema-graph\">{\"@context\":\"https:\/\/schema.org\",\"@graph\":[{\"@type\":\"WebPage\",\"@id\":\"https:\/\/daddydread.com\/de\/produkt\/texturierte-dreads-schwarz\/\",\"url\":\"https:\/\/daddydread.com\/de\/produkt\/texturierte-dreads-schwarz\/\",\"name\":\"Schwarz Dreadlocks Extensions Kaufen, Dreads Shop\",\"isPartOf\":{\"@id\":\"https:\/\/daddydread.com\/de\/#website\"},\"primaryImageOfPage\":{\"@id\":\"https:\/\/daddydread.com\/de\/produkt\/texturierte-dreads-schwarz\/#primaryimage\"},\"image\":{\"@id\":\"https:\/\/daddydread.com\/de\/produkt\/texturierte-dreads-schwarz\/#primaryimage\"},\"thumbnailUrl\":\"https:\/\/daddydread.com\/wp-content\/uploads\/2023\/11\/01-1.jpg\",\"datePublished\":\"2023-11-06T23:47:34+00:00\",\"dateModified\":\"2024-05-22T12:20:44+00:00\",\"description\":\"Schwarz texturierte Dreadlocks f\u00fcr M\u00e4nner und Frauen. Lange und kurze haare Dreadlocks Extensions. Lieferung in Deutschland. Synthetische Dreads Shop.\",\"breadcrumb\":{\"@id\":\"https:\/\/daddydread.com\/de\/produkt\/texturierte-dreads-schwarz\/#breadcrumb\"},\"inLanguage\":\"de\",\"potentialAction\":[{\"@type\":\"ReadAction\",\"target\":[\"https:\/\/daddydread.com\/de\/produkt\/texturierte-dreads-schwarz\/\"]}]},{\"@type\":\"ImageObject\",\"inLanguage\":\"de\",\"@id\":\"https:\/\/daddydread.com\/de\/produkt\/texturierte-dreads-schwarz\/#primaryimage\",\"url\":\"https:\/\/daddydread.com\/wp-content\/uploads\/2023\/11\/01-1.jpg\",\"contentUrl\":\"https:\/\/daddydread.com\/wp-content\/uploads\/2023\/11\/01-1.jpg\",\"width\":1920,\"height\":2560,\"caption\":\"Schwarz texturierte Dreadlocks\"},{\"@type\":\"BreadcrumbList\",\"@id\":\"https:\/\/daddydread.com\/de\/produkt\/texturierte-dreads-schwarz\/#breadcrumb\",\"itemListElement\":[{\"@type\":\"ListItem\",\"position\":1,\"name\":\"\u0413\u043b\u0430\u0432\u043d\u0430\u044f \u0441\u0442\u0440\u0430\u043d\u0438\u0446\u0430\",\"item\":\"https:\/\/daddydread.com\/de\/\"},{\"@type\":\"ListItem\",\"position\":2,\"name\":\"Dreadlocks Shop\",\"item\":\"https:\/\/daddydread.com\/de\/shop\/\"},{\"@type\":\"ListItem\",\"position\":3,\"name\":\"Texturierte Dreads \u2013 Schwarz\"}]},{\"@type\":\"WebSite\",\"@id\":\"https:\/\/daddydread.com\/de\/#website\",\"url\":\"https:\/\/daddydread.com\/de\/\",\"name\":\"Daddy Dreads\",\"description\":\"Dreadlocks shop\",\"potentialAction\":[{\"@type\":\"SearchAction\",\"target\":{\"@type\":\"EntryPoint\",\"urlTemplate\":\"https:\/\/daddydread.com\/de\/?s={search_term_string}\"},\"query-input\":\"required name=search_term_string\"}],\"inLanguage\":\"de\"}]}<\/script>\n<!-- \/ Yoast SEO plugin. -->","yoast_head_json":{"title":"Schwarz Dreadlocks Extensions Kaufen, Dreads Shop","description":"Schwarz texturierte Dreadlocks f\u00fcr M\u00e4nner und Frauen. Lange und kurze haare Dreadlocks Extensions. Lieferung in Deutschland. Synthetische Dreads Shop.","robots":{"index":"index","follow":"follow","max-snippet":"max-snippet:-1","max-image-preview":"max-image-preview:large","max-video-preview":"max-video-preview:-1"},"canonical":"https:\/\/daddydread.com\/de\/produkt\/texturierte-dreads-schwarz\/","og_locale":"de_DE","og_type":"article","og_title":"Schwarz Dreadlocks Extensions Kaufen, Dreads Shop","og_description":"Schwarz texturierte Dreadlocks f\u00fcr M\u00e4nner und Frauen. Lange und kurze haare Dreadlocks Extensions. Lieferung in Deutschland. Synthetische Dreads Shop.","og_url":"https:\/\/daddydread.com\/de\/produkt\/texturierte-dreads-schwarz\/","og_site_name":"Daddy Dreads","article_modified_time":"2024-05-22T12:20:44+00:00","og_image":[{"width":1920,"height":2560,"url":"https:\/\/daddydread.com\/wp-content\/uploads\/2023\/11\/01-1.jpg","type":"image\/jpeg"}],"twitter_card":"summary_large_image","twitter_misc":{"Gesch\u00e4tzte Lesezeit":"2\u00a0Minuten"},"schema":{"@context":"https:\/\/schema.org","@graph":[{"@type":"WebPage","@id":"https:\/\/daddydread.com\/de\/produkt\/texturierte-dreads-schwarz\/","url":"https:\/\/daddydread.com\/de\/produkt\/texturierte-dreads-schwarz\/","name":"Schwarz Dreadlocks Extensions Kaufen, Dreads Shop","isPartOf":{"@id":"https:\/\/daddydread.com\/de\/#website"},"primaryImageOfPage":{"@id":"https:\/\/daddydread.com\/de\/produkt\/texturierte-dreads-schwarz\/#primaryimage"},"image":{"@id":"https:\/\/daddydread.com\/de\/produkt\/texturierte-dreads-schwarz\/#primaryimage"},"thumbnailUrl":"https:\/\/daddydread.com\/wp-content\/uploads\/2023\/11\/01-1.jpg","datePublished":"2023-11-06T23:47:34+00:00","dateModified":"2024-05-22T12:20:44+00:00","description":"Schwarz texturierte Dreadlocks f\u00fcr M\u00e4nner und Frauen. Lange und kurze haare Dreadlocks Extensions. Lieferung in Deutschland. Synthetische Dreads Shop.","breadcrumb":{"@id":"https:\/\/daddydread.com\/de\/produkt\/texturierte-dreads-schwarz\/#breadcrumb"},"inLanguage":"de","potentialAction":[{"@type":"ReadAction","target":["https:\/\/daddydread.com\/de\/produkt\/texturierte-dreads-schwarz\/"]}]},{"@type":"ImageObject","inLanguage":"de","@id":"https:\/\/daddydread.com\/de\/produkt\/texturierte-dreads-schwarz\/#primaryimage","url":"https:\/\/daddydread.com\/wp-content\/uploads\/2023\/11\/01-1.jpg","contentUrl":"https:\/\/daddydread.com\/wp-content\/uploads\/2023\/11\/01-1.jpg","width":1920,"height":2560,"caption":"Schwarz texturierte Dreadlocks"},{"@type":"BreadcrumbList","@id":"https:\/\/daddydread.com\/de\/produkt\/texturierte-dreads-schwarz\/#breadcrumb","itemListElement":[{"@type":"ListItem","position":1,"name":"\u0413\u043b\u0430\u0432\u043d\u0430\u044f \u0441\u0442\u0440\u0430\u043d\u0438\u0446\u0430","item":"https:\/\/daddydread.com\/de\/"},{"@type":"ListItem","position":2,"name":"Dreadlocks Shop","item":"https:\/\/daddydread.com\/de\/shop\/"},{"@type":"ListItem","position":3,"name":"Texturierte Dreads \u2013 Schwarz"}]},{"@type":"WebSite","@id":"https:\/\/daddydread.com\/de\/#website","url":"https:\/\/daddydread.com\/de\/","name":"Daddy Dreads","description":"Dreadlocks shop","potentialAction":[{"@type":"SearchAction","target":{"@type":"EntryPoint","urlTemplate":"https:\/\/daddydread.com\/de\/?s={search_term_string}"},"query-input":"required name=search_term_string"}],"inLanguage":"de"}]}},"jetpack_sharing_enabled":true,"_links":{"self":[{"href":"https:\/\/daddydread.com\/de\/wp-json\/wp\/v2\/product\/31458","targetHints":{"allow":["GET"]}}],"collection":[{"href":"https:\/\/daddydread.com\/de\/wp-json\/wp\/v2\/product"}],"about":[{"href":"https:\/\/daddydread.com\/de\/wp-json\/wp\/v2\/types\/product"}],"replies":[{"embeddable":true,"href":"https:\/\/daddydread.com\/de\/wp-json\/wp\/v2\/comments?post=31458"}],"wp:featuredmedia":[{"embeddable":true,"href":"https:\/\/daddydread.com\/de\/wp-json\/wp\/v2\/media\/31502"}],"wp:attachment":[{"href":"https:\/\/daddydread.com\/de\/wp-json\/wp\/v2\/media?parent=31458"}],"wp:term":[{"taxonomy":"product_brand","embeddable":true,"href":"https:\/\/daddydread.com\/de\/wp-json\/wp\/v2\/product_brand?post=31458"},{"taxonomy":"product_cat","embeddable":true,"href":"https:\/\/daddydread.com\/de\/wp-json\/wp\/v2\/product_cat?post=31458"},{"taxonomy":"product_tag","embeddable":true,"href":"https:\/\/daddydread.com\/de\/wp-json\/wp\/v2\/product_tag?post=31458"}],"curies":[{"name":"wp","href":"https:\/\/api.w.org\/{rel}","templated":true}]}}