{"id":28744,"date":"2022-09-04T23:35:13","date_gmt":"2022-09-04T20:35:13","guid":{"rendered":"https:\/\/daddydread.com\/product\/spiralock-sandy\/"},"modified":"2022-09-04T23:35:13","modified_gmt":"2022-09-04T20:35:13","slug":"spiralock-sandy","status":"publish","type":"product","link":"https:\/\/daddydread.com\/de\/produkt\/spiralock-sandy\/","title":{"rendered":"Spiralock \u2013 Sandy"},"content":{"rendered":"<p><strong>Herstellungsverfahren:<\/strong> Handgefertigt<\/p>\n<p><strong>Material:<\/strong> Merinowolle<\/p>\n<p><strong>L\u00e4nge<\/strong>: 17,7 Zoll (ca. 45 cm)<\/p>\n","protected":false},"excerpt":{"rendered":"<p>Herstellungsverfahren: Handgefertigt Material: Merinowolle L\u00e4nge: 17,7 Zoll (ca. 45 cm)<\/p>\n","protected":false},"featured_media":27615,"comment_status":"closed","ping_status":"closed","template":"","meta":{"_acf_changed":false},"product_brand":[],"product_cat":[257],"product_tag":[],"class_list":{"0":"post-28744","1":"product","2":"type-product","3":"status-publish","4":"has-post-thumbnail","6":"product_cat-spiralocks-de","8":"first","9":"outofstock","10":"shipping-taxable","11":"purchasable","12":"product-type-simple"},"acf":[],"yoast_head":"<!-- This site is optimized with the Yoast SEO plugin v22.3 - https:\/\/yoast.com\/wordpress\/plugins\/seo\/ -->\n<title>Sandy Spiralock f\u00fcr Dreadlocks Kaufen<\/title>\n<meta name=\"description\" content=\"Sandy Spiralock Haargummis. Dreadlocks-zubeh\u00f6r f\u00fcr M\u00e4nner und Frauen. Lieferung in Deutschland. Synthetische Dreadlocks Shop.\" \/>\n<meta name=\"robots\" content=\"index, follow, max-snippet:-1, max-image-preview:large, max-video-preview:-1\" \/>\n<link rel=\"canonical\" href=\"https:\/\/daddydread.com\/de\/produkt\/spiralock-sandy\/\" \/>\n<meta property=\"og:locale\" content=\"de_DE\" \/>\n<meta property=\"og:type\" content=\"article\" \/>\n<meta property=\"og:title\" content=\"Sandy Spiralock f\u00fcr Dreadlocks Kaufen\" \/>\n<meta property=\"og:description\" content=\"Sandy Spiralock Haargummis. Dreadlocks-zubeh\u00f6r f\u00fcr M\u00e4nner und Frauen. Lieferung in Deutschland. Synthetische Dreadlocks Shop.\" \/>\n<meta property=\"og:url\" content=\"https:\/\/daddydread.com\/de\/produkt\/spiralock-sandy\/\" \/>\n<meta property=\"og:site_name\" content=\"Daddy Dreads\" \/>\n<meta property=\"og:image\" content=\"https:\/\/daddydread.com\/wp-content\/uploads\/2022\/09\/5-Spiralock-Beige-Gray.jpg\" \/>\n\t<meta property=\"og:image:width\" content=\"1920\" \/>\n\t<meta property=\"og:image:height\" content=\"2559\" \/>\n\t<meta property=\"og:image:type\" content=\"image\/jpeg\" \/>\n<meta name=\"twitter:card\" content=\"summary_large_image\" \/>\n<script type=\"application\/ld+json\" class=\"yoast-schema-graph\">{\"@context\":\"https:\/\/schema.org\",\"@graph\":[{\"@type\":\"WebPage\",\"@id\":\"https:\/\/daddydread.com\/de\/produkt\/spiralock-sandy\/\",\"url\":\"https:\/\/daddydread.com\/de\/produkt\/spiralock-sandy\/\",\"name\":\"Sandy Spiralock f\u00fcr Dreadlocks Kaufen\",\"isPartOf\":{\"@id\":\"https:\/\/daddydread.com\/de\/#website\"},\"primaryImageOfPage\":{\"@id\":\"https:\/\/daddydread.com\/de\/produkt\/spiralock-sandy\/#primaryimage\"},\"image\":{\"@id\":\"https:\/\/daddydread.com\/de\/produkt\/spiralock-sandy\/#primaryimage\"},\"thumbnailUrl\":\"https:\/\/daddydread.com\/wp-content\/uploads\/2022\/09\/5-Spiralock-Beige-Gray.jpg\",\"datePublished\":\"2022-09-04T20:35:13+00:00\",\"dateModified\":\"2022-09-04T20:35:13+00:00\",\"description\":\"Sandy Spiralock Haargummis. Dreadlocks-zubeh\u00f6r f\u00fcr M\u00e4nner und Frauen. Lieferung in Deutschland. Synthetische Dreadlocks Shop.\",\"breadcrumb\":{\"@id\":\"https:\/\/daddydread.com\/de\/produkt\/spiralock-sandy\/#breadcrumb\"},\"inLanguage\":\"de\",\"potentialAction\":[{\"@type\":\"ReadAction\",\"target\":[\"https:\/\/daddydread.com\/de\/produkt\/spiralock-sandy\/\"]}]},{\"@type\":\"ImageObject\",\"inLanguage\":\"de\",\"@id\":\"https:\/\/daddydread.com\/de\/produkt\/spiralock-sandy\/#primaryimage\",\"url\":\"https:\/\/daddydread.com\/wp-content\/uploads\/2022\/09\/5-Spiralock-Beige-Gray.jpg\",\"contentUrl\":\"https:\/\/daddydread.com\/wp-content\/uploads\/2022\/09\/5-Spiralock-Beige-Gray.jpg\",\"width\":1920,\"height\":2559,\"caption\":\"Sandy Spiralock f\u00fcr Dreadlocks\"},{\"@type\":\"BreadcrumbList\",\"@id\":\"https:\/\/daddydread.com\/de\/produkt\/spiralock-sandy\/#breadcrumb\",\"itemListElement\":[{\"@type\":\"ListItem\",\"position\":1,\"name\":\"\u0413\u043b\u0430\u0432\u043d\u0430\u044f \u0441\u0442\u0440\u0430\u043d\u0438\u0446\u0430\",\"item\":\"https:\/\/daddydread.com\/de\/\"},{\"@type\":\"ListItem\",\"position\":2,\"name\":\"Dreadlocks Shop\",\"item\":\"https:\/\/daddydread.com\/de\/shop\/\"},{\"@type\":\"ListItem\",\"position\":3,\"name\":\"Spiralock \u2013 Sandy\"}]},{\"@type\":\"WebSite\",\"@id\":\"https:\/\/daddydread.com\/de\/#website\",\"url\":\"https:\/\/daddydread.com\/de\/\",\"name\":\"Daddy Dreads\",\"description\":\"Dreadlocks shop\",\"potentialAction\":[{\"@type\":\"SearchAction\",\"target\":{\"@type\":\"EntryPoint\",\"urlTemplate\":\"https:\/\/daddydread.com\/de\/?s={search_term_string}\"},\"query-input\":\"required name=search_term_string\"}],\"inLanguage\":\"de\"}]}<\/script>\n<!-- \/ Yoast SEO plugin. -->","yoast_head_json":{"title":"Sandy Spiralock f\u00fcr Dreadlocks Kaufen","description":"Sandy Spiralock Haargummis. Dreadlocks-zubeh\u00f6r f\u00fcr M\u00e4nner und Frauen. Lieferung in Deutschland. Synthetische Dreadlocks Shop.","robots":{"index":"index","follow":"follow","max-snippet":"max-snippet:-1","max-image-preview":"max-image-preview:large","max-video-preview":"max-video-preview:-1"},"canonical":"https:\/\/daddydread.com\/de\/produkt\/spiralock-sandy\/","og_locale":"de_DE","og_type":"article","og_title":"Sandy Spiralock f\u00fcr Dreadlocks Kaufen","og_description":"Sandy Spiralock Haargummis. Dreadlocks-zubeh\u00f6r f\u00fcr M\u00e4nner und Frauen. Lieferung in Deutschland. Synthetische Dreadlocks Shop.","og_url":"https:\/\/daddydread.com\/de\/produkt\/spiralock-sandy\/","og_site_name":"Daddy Dreads","og_image":[{"width":1920,"height":2559,"url":"https:\/\/daddydread.com\/wp-content\/uploads\/2022\/09\/5-Spiralock-Beige-Gray.jpg","type":"image\/jpeg"}],"twitter_card":"summary_large_image","schema":{"@context":"https:\/\/schema.org","@graph":[{"@type":"WebPage","@id":"https:\/\/daddydread.com\/de\/produkt\/spiralock-sandy\/","url":"https:\/\/daddydread.com\/de\/produkt\/spiralock-sandy\/","name":"Sandy Spiralock f\u00fcr Dreadlocks Kaufen","isPartOf":{"@id":"https:\/\/daddydread.com\/de\/#website"},"primaryImageOfPage":{"@id":"https:\/\/daddydread.com\/de\/produkt\/spiralock-sandy\/#primaryimage"},"image":{"@id":"https:\/\/daddydread.com\/de\/produkt\/spiralock-sandy\/#primaryimage"},"thumbnailUrl":"https:\/\/daddydread.com\/wp-content\/uploads\/2022\/09\/5-Spiralock-Beige-Gray.jpg","datePublished":"2022-09-04T20:35:13+00:00","dateModified":"2022-09-04T20:35:13+00:00","description":"Sandy Spiralock Haargummis. Dreadlocks-zubeh\u00f6r f\u00fcr M\u00e4nner und Frauen. Lieferung in Deutschland. Synthetische Dreadlocks Shop.","breadcrumb":{"@id":"https:\/\/daddydread.com\/de\/produkt\/spiralock-sandy\/#breadcrumb"},"inLanguage":"de","potentialAction":[{"@type":"ReadAction","target":["https:\/\/daddydread.com\/de\/produkt\/spiralock-sandy\/"]}]},{"@type":"ImageObject","inLanguage":"de","@id":"https:\/\/daddydread.com\/de\/produkt\/spiralock-sandy\/#primaryimage","url":"https:\/\/daddydread.com\/wp-content\/uploads\/2022\/09\/5-Spiralock-Beige-Gray.jpg","contentUrl":"https:\/\/daddydread.com\/wp-content\/uploads\/2022\/09\/5-Spiralock-Beige-Gray.jpg","width":1920,"height":2559,"caption":"Sandy Spiralock f\u00fcr Dreadlocks"},{"@type":"BreadcrumbList","@id":"https:\/\/daddydread.com\/de\/produkt\/spiralock-sandy\/#breadcrumb","itemListElement":[{"@type":"ListItem","position":1,"name":"\u0413\u043b\u0430\u0432\u043d\u0430\u044f \u0441\u0442\u0440\u0430\u043d\u0438\u0446\u0430","item":"https:\/\/daddydread.com\/de\/"},{"@type":"ListItem","position":2,"name":"Dreadlocks Shop","item":"https:\/\/daddydread.com\/de\/shop\/"},{"@type":"ListItem","position":3,"name":"Spiralock \u2013 Sandy"}]},{"@type":"WebSite","@id":"https:\/\/daddydread.com\/de\/#website","url":"https:\/\/daddydread.com\/de\/","name":"Daddy Dreads","description":"Dreadlocks shop","potentialAction":[{"@type":"SearchAction","target":{"@type":"EntryPoint","urlTemplate":"https:\/\/daddydread.com\/de\/?s={search_term_string}"},"query-input":"required name=search_term_string"}],"inLanguage":"de"}]}},"jetpack_sharing_enabled":true,"_links":{"self":[{"href":"https:\/\/daddydread.com\/de\/wp-json\/wp\/v2\/product\/28744","targetHints":{"allow":["GET"]}}],"collection":[{"href":"https:\/\/daddydread.com\/de\/wp-json\/wp\/v2\/product"}],"about":[{"href":"https:\/\/daddydread.com\/de\/wp-json\/wp\/v2\/types\/product"}],"replies":[{"embeddable":true,"href":"https:\/\/daddydread.com\/de\/wp-json\/wp\/v2\/comments?post=28744"}],"wp:featuredmedia":[{"embeddable":true,"href":"https:\/\/daddydread.com\/de\/wp-json\/wp\/v2\/media\/27615"}],"wp:attachment":[{"href":"https:\/\/daddydread.com\/de\/wp-json\/wp\/v2\/media?parent=28744"}],"wp:term":[{"taxonomy":"product_brand","embeddable":true,"href":"https:\/\/daddydread.com\/de\/wp-json\/wp\/v2\/product_brand?post=28744"},{"taxonomy":"product_cat","embeddable":true,"href":"https:\/\/daddydread.com\/de\/wp-json\/wp\/v2\/product_cat?post=28744"},{"taxonomy":"product_tag","embeddable":true,"href":"https:\/\/daddydread.com\/de\/wp-json\/wp\/v2\/product_tag?post=28744"}],"curies":[{"name":"wp","href":"https:\/\/api.w.org\/{rel}","templated":true}]}}