{"id":28721,"date":"2022-07-11T16:00:44","date_gmt":"2022-07-11T13:00:44","guid":{"rendered":"https:\/\/daddydread.com\/product\/synthetische-dreads-braune-blonde\/"},"modified":"2023-09-02T21:14:37","modified_gmt":"2023-09-02T18:14:37","slug":"synthetische-dreads-braune-blonde","status":"publish","type":"product","link":"https:\/\/daddydread.com\/de\/produkt\/synthetische-dreads-braune-blonde\/","title":{"rendered":"Synthetische Dreads \u2013 Braune Blonde"},"content":{"rendered":"<p>F\u00fcr den Satz synthetische Dreadlocks \u2013 Braune Blonde haben wir hochwertiges, hypoallergenes Kunsthaar in verschiedenen Farbt\u00f6nen von Hairshop verwendet. Alle Farben werden von Hand gemischt.<\/p>\n<p>Der Satz wird von unseren Handwerkern mit einem Haken und Kamm hergestellt, ohne den Einsatz von Chemikalien. Das synthetische Dreadlocks \u2013 Braune Blonde Satz wird vor der Auslieferung gewaschen und w\u00e4rmebehandelt.<\/p>\n<p>Die Tragezeit betr\u00e4gt 1,5-2 Monate, und sie k\u00f6nnen mehrfach gewebt werden.<\/p>\n<p>Die Dicke der Dreads variiert zwischen 0,7 und 1 cm.<\/p>\n<p>Bei der Bestellung musst du dich f\u00fcr einen von zwei Typen entscheiden:<\/p>\n<ul>\n<li>Doppelendige Dreadlocks (1 Zweifach 2 Endend)<\/li>\n<li>Einseitige Dreadlocks (1 Einfach 1 Endend), sowie die Anzahl und L\u00e4nge (50 cm oder 60 cm).<\/li>\n<\/ul>\n<p>Wenn du ein individueller Satz kaufen m\u00f6chtest, kontaktiere uns \u00fcber unsere Kontaktseite.<\/p>\n<p>Dekorationen und Dreadlocks Verpackung sind auch enthalten, wenn Sie mehr Dekorationen oder Geschenkpapier ben\u00f6tigen, bitte mailen Sie uns.<\/p>\n<p>Die Farbe des synthetische Dreadlocks \u2013 Braune Blonde Satz kann je nach Helligkeitseinstellung deines Monitors leicht variieren.<\/p>\n<h2>Wie wasche ich mein Haar mit Braune Blonde synthetische Dreadlocks?<\/h2>\n<p>Es wird empfohlen, deinen Kopf mit synthetische Dreadlocks einmal pro Woche zu waschen.<\/p>\n<ol>\n<li>Befeuchte deinen Kopf.<\/li>\n<li>Sch\u00e4ume eine kleine Menge deines Haarwaschmittels auf, etwa 1:1 mit Wasser. Verwende keinen Balsam.<\/li>\n<li>Tragen Sie den entstandenen Schaum mit massierenden Bewegungen auf den Scheitel und den Haaransatz auf. Kanekalon-Rohlinge m\u00fcssen nicht gereinigt werden.<\/li>\n<li>Sp\u00fclen Sie den Schaum unter flie\u00dfendem Wasser gut aus.<\/li>\n<li>Wiederholen Sie die gleichen Schritte ein weiteres Mal.<\/li>\n<\/ol>\n<p>Wenn Ihre Kopfhaut schnell verschmutzt, k\u00f6nnen Sie Ihre Kopfhaut abschnittsweise mit Mizellenwasser einreiben, das nicht ausgesp\u00fclt werden muss, sodass Sie Ihr Haar nicht oft waschen m\u00fcssen.<\/p>\n","protected":false},"excerpt":{"rendered":"<p>F\u00fcr den Satz synthetische Dreadlocks \u2013 Braune Blonde haben wir hochwertiges, hypoallergenes Kunsthaar in verschiedenen Farbt\u00f6nen von Hairshop verwendet. Alle<\/p>\n","protected":false},"featured_media":27438,"comment_status":"closed","ping_status":"closed","template":"","meta":{"_acf_changed":false},"product_brand":[],"product_cat":[265],"product_tag":[],"class_list":{"0":"post-28721","1":"product","2":"type-product","3":"status-publish","4":"has-post-thumbnail","6":"product_cat-ausverkauft","8":"first","9":"outofstock","10":"shipping-taxable","11":"purchasable","12":"product-type-variable"},"acf":[],"yoast_head":"<!-- This site is optimized with the Yoast SEO plugin v22.3 - https:\/\/yoast.com\/wordpress\/plugins\/seo\/ -->\n<title>Braune Blonde Dreadlocks Kaufen, Synthetische Dreads Shop<\/title>\n<meta name=\"description\" content=\"Braune Blonde Dreadlocks f\u00fcr M\u00e4nner und Frauen. Lange und kurze haare Dreadlocks Extensions. Lieferung in Deutschland. Daddy Dreads Shop.\" \/>\n<meta name=\"robots\" content=\"index, follow, max-snippet:-1, max-image-preview:large, max-video-preview:-1\" \/>\n<link rel=\"canonical\" href=\"https:\/\/daddydread.com\/de\/produkt\/synthetische-dreads-braune-blonde\/\" \/>\n<meta property=\"og:locale\" content=\"de_DE\" \/>\n<meta property=\"og:type\" content=\"article\" \/>\n<meta property=\"og:title\" content=\"Braune Blonde Dreadlocks Kaufen, Synthetische Dreads Shop\" \/>\n<meta property=\"og:description\" content=\"Braune Blonde Dreadlocks f\u00fcr M\u00e4nner und Frauen. Lange und kurze haare Dreadlocks Extensions. Lieferung in Deutschland. Daddy Dreads Shop.\" \/>\n<meta property=\"og:url\" content=\"https:\/\/daddydread.com\/de\/produkt\/synthetische-dreads-braune-blonde\/\" \/>\n<meta property=\"og:site_name\" content=\"Daddy Dreads\" \/>\n<meta property=\"article:modified_time\" content=\"2023-09-02T18:14:37+00:00\" \/>\n<meta property=\"og:image\" content=\"https:\/\/daddydread.com\/wp-content\/uploads\/2022\/06\/1-13-scaled-1.jpeg\" \/>\n\t<meta property=\"og:image:width\" content=\"1920\" \/>\n\t<meta property=\"og:image:height\" content=\"2560\" \/>\n\t<meta property=\"og:image:type\" content=\"image\/jpeg\" \/>\n<meta name=\"twitter:card\" content=\"summary_large_image\" \/>\n<meta name=\"twitter:label1\" content=\"Gesch\u00e4tzte Lesezeit\" \/>\n\t<meta name=\"twitter:data1\" content=\"2\u00a0Minuten\" \/>\n<script type=\"application\/ld+json\" class=\"yoast-schema-graph\">{\"@context\":\"https:\/\/schema.org\",\"@graph\":[{\"@type\":\"WebPage\",\"@id\":\"https:\/\/daddydread.com\/de\/produkt\/synthetische-dreads-braune-blonde\/\",\"url\":\"https:\/\/daddydread.com\/de\/produkt\/synthetische-dreads-braune-blonde\/\",\"name\":\"Braune Blonde Dreadlocks Kaufen, Synthetische Dreads Shop\",\"isPartOf\":{\"@id\":\"https:\/\/daddydread.com\/de\/#website\"},\"primaryImageOfPage\":{\"@id\":\"https:\/\/daddydread.com\/de\/produkt\/synthetische-dreads-braune-blonde\/#primaryimage\"},\"image\":{\"@id\":\"https:\/\/daddydread.com\/de\/produkt\/synthetische-dreads-braune-blonde\/#primaryimage\"},\"thumbnailUrl\":\"https:\/\/daddydread.com\/wp-content\/uploads\/2022\/06\/1-13-scaled-1.jpeg\",\"datePublished\":\"2022-07-11T13:00:44+00:00\",\"dateModified\":\"2023-09-02T18:14:37+00:00\",\"description\":\"Braune Blonde Dreadlocks f\u00fcr M\u00e4nner und Frauen. Lange und kurze haare Dreadlocks Extensions. Lieferung in Deutschland. Daddy Dreads Shop.\",\"breadcrumb\":{\"@id\":\"https:\/\/daddydread.com\/de\/produkt\/synthetische-dreads-braune-blonde\/#breadcrumb\"},\"inLanguage\":\"de\",\"potentialAction\":[{\"@type\":\"ReadAction\",\"target\":[\"https:\/\/daddydread.com\/de\/produkt\/synthetische-dreads-braune-blonde\/\"]}]},{\"@type\":\"ImageObject\",\"inLanguage\":\"de\",\"@id\":\"https:\/\/daddydread.com\/de\/produkt\/synthetische-dreads-braune-blonde\/#primaryimage\",\"url\":\"https:\/\/daddydread.com\/wp-content\/uploads\/2022\/06\/1-13-scaled-1.jpeg\",\"contentUrl\":\"https:\/\/daddydread.com\/wp-content\/uploads\/2022\/06\/1-13-scaled-1.jpeg\",\"width\":1920,\"height\":2560,\"caption\":\"Braune Blonde synthetische Dreadlocks\"},{\"@type\":\"BreadcrumbList\",\"@id\":\"https:\/\/daddydread.com\/de\/produkt\/synthetische-dreads-braune-blonde\/#breadcrumb\",\"itemListElement\":[{\"@type\":\"ListItem\",\"position\":1,\"name\":\"\u0413\u043b\u0430\u0432\u043d\u0430\u044f \u0441\u0442\u0440\u0430\u043d\u0438\u0446\u0430\",\"item\":\"https:\/\/daddydread.com\/de\/\"},{\"@type\":\"ListItem\",\"position\":2,\"name\":\"Dreadlocks Shop\",\"item\":\"https:\/\/daddydread.com\/de\/shop\/\"},{\"@type\":\"ListItem\",\"position\":3,\"name\":\"Synthetische Dreads \u2013 Braune Blonde\"}]},{\"@type\":\"WebSite\",\"@id\":\"https:\/\/daddydread.com\/de\/#website\",\"url\":\"https:\/\/daddydread.com\/de\/\",\"name\":\"Daddy Dreads\",\"description\":\"Dreadlocks shop\",\"potentialAction\":[{\"@type\":\"SearchAction\",\"target\":{\"@type\":\"EntryPoint\",\"urlTemplate\":\"https:\/\/daddydread.com\/de\/?s={search_term_string}\"},\"query-input\":\"required name=search_term_string\"}],\"inLanguage\":\"de\"}]}<\/script>\n<!-- \/ Yoast SEO plugin. -->","yoast_head_json":{"title":"Braune Blonde Dreadlocks Kaufen, Synthetische Dreads Shop","description":"Braune Blonde Dreadlocks f\u00fcr M\u00e4nner und Frauen. Lange und kurze haare Dreadlocks Extensions. Lieferung in Deutschland. Daddy Dreads Shop.","robots":{"index":"index","follow":"follow","max-snippet":"max-snippet:-1","max-image-preview":"max-image-preview:large","max-video-preview":"max-video-preview:-1"},"canonical":"https:\/\/daddydread.com\/de\/produkt\/synthetische-dreads-braune-blonde\/","og_locale":"de_DE","og_type":"article","og_title":"Braune Blonde Dreadlocks Kaufen, Synthetische Dreads Shop","og_description":"Braune Blonde Dreadlocks f\u00fcr M\u00e4nner und Frauen. Lange und kurze haare Dreadlocks Extensions. Lieferung in Deutschland. Daddy Dreads Shop.","og_url":"https:\/\/daddydread.com\/de\/produkt\/synthetische-dreads-braune-blonde\/","og_site_name":"Daddy Dreads","article_modified_time":"2023-09-02T18:14:37+00:00","og_image":[{"width":1920,"height":2560,"url":"https:\/\/daddydread.com\/wp-content\/uploads\/2022\/06\/1-13-scaled-1.jpeg","type":"image\/jpeg"}],"twitter_card":"summary_large_image","twitter_misc":{"Gesch\u00e4tzte Lesezeit":"2\u00a0Minuten"},"schema":{"@context":"https:\/\/schema.org","@graph":[{"@type":"WebPage","@id":"https:\/\/daddydread.com\/de\/produkt\/synthetische-dreads-braune-blonde\/","url":"https:\/\/daddydread.com\/de\/produkt\/synthetische-dreads-braune-blonde\/","name":"Braune Blonde Dreadlocks Kaufen, Synthetische Dreads Shop","isPartOf":{"@id":"https:\/\/daddydread.com\/de\/#website"},"primaryImageOfPage":{"@id":"https:\/\/daddydread.com\/de\/produkt\/synthetische-dreads-braune-blonde\/#primaryimage"},"image":{"@id":"https:\/\/daddydread.com\/de\/produkt\/synthetische-dreads-braune-blonde\/#primaryimage"},"thumbnailUrl":"https:\/\/daddydread.com\/wp-content\/uploads\/2022\/06\/1-13-scaled-1.jpeg","datePublished":"2022-07-11T13:00:44+00:00","dateModified":"2023-09-02T18:14:37+00:00","description":"Braune Blonde Dreadlocks f\u00fcr M\u00e4nner und Frauen. Lange und kurze haare Dreadlocks Extensions. Lieferung in Deutschland. Daddy Dreads Shop.","breadcrumb":{"@id":"https:\/\/daddydread.com\/de\/produkt\/synthetische-dreads-braune-blonde\/#breadcrumb"},"inLanguage":"de","potentialAction":[{"@type":"ReadAction","target":["https:\/\/daddydread.com\/de\/produkt\/synthetische-dreads-braune-blonde\/"]}]},{"@type":"ImageObject","inLanguage":"de","@id":"https:\/\/daddydread.com\/de\/produkt\/synthetische-dreads-braune-blonde\/#primaryimage","url":"https:\/\/daddydread.com\/wp-content\/uploads\/2022\/06\/1-13-scaled-1.jpeg","contentUrl":"https:\/\/daddydread.com\/wp-content\/uploads\/2022\/06\/1-13-scaled-1.jpeg","width":1920,"height":2560,"caption":"Braune Blonde synthetische Dreadlocks"},{"@type":"BreadcrumbList","@id":"https:\/\/daddydread.com\/de\/produkt\/synthetische-dreads-braune-blonde\/#breadcrumb","itemListElement":[{"@type":"ListItem","position":1,"name":"\u0413\u043b\u0430\u0432\u043d\u0430\u044f \u0441\u0442\u0440\u0430\u043d\u0438\u0446\u0430","item":"https:\/\/daddydread.com\/de\/"},{"@type":"ListItem","position":2,"name":"Dreadlocks Shop","item":"https:\/\/daddydread.com\/de\/shop\/"},{"@type":"ListItem","position":3,"name":"Synthetische Dreads \u2013 Braune Blonde"}]},{"@type":"WebSite","@id":"https:\/\/daddydread.com\/de\/#website","url":"https:\/\/daddydread.com\/de\/","name":"Daddy Dreads","description":"Dreadlocks shop","potentialAction":[{"@type":"SearchAction","target":{"@type":"EntryPoint","urlTemplate":"https:\/\/daddydread.com\/de\/?s={search_term_string}"},"query-input":"required name=search_term_string"}],"inLanguage":"de"}]}},"jetpack_sharing_enabled":true,"_links":{"self":[{"href":"https:\/\/daddydread.com\/de\/wp-json\/wp\/v2\/product\/28721","targetHints":{"allow":["GET"]}}],"collection":[{"href":"https:\/\/daddydread.com\/de\/wp-json\/wp\/v2\/product"}],"about":[{"href":"https:\/\/daddydread.com\/de\/wp-json\/wp\/v2\/types\/product"}],"replies":[{"embeddable":true,"href":"https:\/\/daddydread.com\/de\/wp-json\/wp\/v2\/comments?post=28721"}],"wp:featuredmedia":[{"embeddable":true,"href":"https:\/\/daddydread.com\/de\/wp-json\/wp\/v2\/media\/27438"}],"wp:attachment":[{"href":"https:\/\/daddydread.com\/de\/wp-json\/wp\/v2\/media?parent=28721"}],"wp:term":[{"taxonomy":"product_brand","embeddable":true,"href":"https:\/\/daddydread.com\/de\/wp-json\/wp\/v2\/product_brand?post=28721"},{"taxonomy":"product_cat","embeddable":true,"href":"https:\/\/daddydread.com\/de\/wp-json\/wp\/v2\/product_cat?post=28721"},{"taxonomy":"product_tag","embeddable":true,"href":"https:\/\/daddydread.com\/de\/wp-json\/wp\/v2\/product_tag?post=28721"}],"curies":[{"name":"wp","href":"https:\/\/api.w.org\/{rel}","templated":true}]}}