{"id":28698,"date":"2022-07-11T15:52:56","date_gmt":"2022-07-11T12:52:56","guid":{"rendered":"https:\/\/daddydread.com\/product\/synthetische-dreads-wikinger\/"},"modified":"2026-01-16T22:58:00","modified_gmt":"2026-01-16T19:58:00","slug":"synthetische-dreads-wikinger","status":"publish","type":"product","link":"https:\/\/daddydread.com\/de\/produkt\/synthetische-dreads-wikinger\/","title":{"rendered":"Synthetische Dreads \u2013 Wikinger"},"content":{"rendered":"<p>Umarme die Schlichtheit und Eleganz des nordischen Stils mit den skandinavischen Wikinger-H\u00e4kel-Dreadlocks von Daddy Dreads Studio. Diese exquisiten Dreadlocks werden in sorgf\u00e4ltiger Handarbeit aus feinstem, hypoallergenem Kunsthaar hergestellt, um einen nat\u00fcrlichen, wundersch\u00f6nen Look zu gew\u00e4hrleisten. Die hellen, erdigen T\u00f6ne spiegeln die ruhigen Landschaften Skandinaviens wider und sind perfekt f\u00fcr alle, die ihrem Stil einen Hauch von nat\u00fcrlicher Anmut verleihen wollen.<\/p>\n<h2>Ein Set fertiger Dreadlocks im Stil eines skandinavischen Wikingers<\/h2>\n<ul>\n<li><strong>Fein gewebt:<\/strong> Jede Dreadlock wird mit einer 0,5-mm-H\u00e4kelnadel pr\u00e4zise gewebt, was die Haltbarkeit und ein detailliertes Erscheinungsbild unterstreicht.<\/li>\n<li><strong>Leichter Komfort:<\/strong> Diese Dreadlocks sind leicht und bequem und k\u00f6nnen den ganzen Tag getragen werden.<\/li>\n<li><strong>Weiche Textur:<\/strong> Erleben Sie die Weichheit unseres hochwertigen Kunsthaars, das sich sanft auf Ihrer Kopfhaut anf\u00fchlt.<\/li>\n<li><strong>Nat\u00fcrliche Farbpalette:<\/strong> Die dezente, nat\u00fcrliche Farbpalette unterstreicht Ihren Look mit schlichter Eleganz.<\/li>\n<li><strong>Vielseitig einsetzbar:<\/strong> Ideal f\u00fcr den t\u00e4glichen Gebrauch oder f\u00fcr besondere Anl\u00e4sse, bei denen Sie Ihren einzigartigen Stil zur Geltung bringen m\u00f6chten.<\/li>\n<\/ul>\n<p>Die Pflege deiner skandinavischen Wikinger-Dreadlocks ist einfach. Sie k\u00f6nnen bis zu zwei Monate lang getragen werden, bevor sie zur Haarpflege entfernt werden m\u00fcssen. Reinige sie mit verd\u00fcnntem Shampoo und trockne sie vorsichtig mit k\u00fchler oder warmer Luft. Um ihren makellosen Zustand zu erhalten, solltest du gro\u00dfe Hitze vermeiden.<\/p>\n<p>Bei diesen Dreadlocks geht es nicht nur um den Stil, sondern auch darum, ein pers\u00f6nliches Statement abzugeben. Kombiniere sie mit anderen Frisuren oder trage sie einzeln, um einen ganz pers\u00f6nlichen Look zu kreieren. Individuelle Farbw\u00fcnsche? Wir machen es m\u00f6glich.<\/p>\n","protected":false},"excerpt":{"rendered":"<p>Treten Sie ein in eine Welt zeitloser Sch\u00f6nheit mit skandinavischen Wikinger Geh\u00e4kelten Dreadlocks. Diese handgefertigten, hypoallergenen synthetischen Dreadlocks sind von den ruhigen Farbt\u00f6nen der nordischen Landschaft durchdrungen und bieten einen eleganten und zugleich nat\u00fcrlichen Look. Sie sind weich, leicht und wundersch\u00f6n verarbeitet und bieten eine bequeme und stilvolle Erg\u00e4nzung zu jedem Outfit.<\/p>\n","protected":false},"featured_media":38044,"comment_status":"open","ping_status":"closed","template":"","meta":{"_acf_changed":false},"product_brand":[],"product_cat":[258,259,255,256,246],"product_tag":[],"class_list":{"0":"post-28698","1":"product","2":"type-product","3":"status-publish","4":"has-post-thumbnail","6":"product_cat-maenner-dreadlocks","7":"product_cat-einseitige-dreadlocks","8":"product_cat-synthetische-dreadlocks","9":"product_cat-ombre-dreadlocks","10":"product_cat-frauen-dreadlocks","12":"first","13":"instock","14":"shipping-taxable","15":"purchasable","16":"product-type-variable"},"acf":[],"yoast_head":"<!-- This site is optimized with the Yoast SEO plugin v22.3 - https:\/\/yoast.com\/wordpress\/plugins\/seo\/ -->\n<title>Wikinger Dreadlocks Kaufen, Synthetische Dreads Shop<\/title>\n<meta name=\"description\" content=\"Wikinger Dreadlocks f\u00fcr M\u00e4nner und Frauen. Lange und kurze haare Dreadlocks Extensions. Lieferung in Deutschland. Daddy Dreads Shop.\" \/>\n<meta name=\"robots\" content=\"index, follow, max-snippet:-1, max-image-preview:large, max-video-preview:-1\" \/>\n<link rel=\"canonical\" href=\"https:\/\/daddydread.com\/de\/produkt\/synthetische-dreads-wikinger\/\" \/>\n<meta property=\"og:locale\" content=\"de_DE\" \/>\n<meta property=\"og:type\" content=\"article\" \/>\n<meta property=\"og:title\" content=\"Wikinger Dreadlocks Kaufen, Synthetische Dreads Shop\" \/>\n<meta property=\"og:description\" content=\"Wikinger Dreadlocks f\u00fcr M\u00e4nner und Frauen. Lange und kurze haare Dreadlocks Extensions. Lieferung in Deutschland. Daddy Dreads Shop.\" \/>\n<meta property=\"og:url\" content=\"https:\/\/daddydread.com\/de\/produkt\/synthetische-dreads-wikinger\/\" \/>\n<meta property=\"og:site_name\" content=\"Daddy Dreads\" \/>\n<meta property=\"article:modified_time\" content=\"2026-01-16T19:58:00+00:00\" \/>\n<meta property=\"og:image\" content=\"https:\/\/daddydread.com\/wp-content\/uploads\/2024\/06\/img_0585-scaled.jpeg\" \/>\n\t<meta property=\"og:image:width\" content=\"1920\" \/>\n\t<meta property=\"og:image:height\" content=\"2560\" \/>\n\t<meta property=\"og:image:type\" content=\"image\/jpeg\" \/>\n<meta name=\"twitter:card\" content=\"summary_large_image\" \/>\n<meta name=\"twitter:label1\" content=\"Gesch\u00e4tzte Lesezeit\" \/>\n\t<meta name=\"twitter:data1\" content=\"2\u00a0Minuten\" \/>\n<script type=\"application\/ld+json\" class=\"yoast-schema-graph\">{\"@context\":\"https:\/\/schema.org\",\"@graph\":[{\"@type\":\"WebPage\",\"@id\":\"https:\/\/daddydread.com\/de\/produkt\/synthetische-dreads-wikinger\/\",\"url\":\"https:\/\/daddydread.com\/de\/produkt\/synthetische-dreads-wikinger\/\",\"name\":\"Wikinger Dreadlocks Kaufen, Synthetische Dreads Shop\",\"isPartOf\":{\"@id\":\"https:\/\/daddydread.com\/de\/#website\"},\"primaryImageOfPage\":{\"@id\":\"https:\/\/daddydread.com\/de\/produkt\/synthetische-dreads-wikinger\/#primaryimage\"},\"image\":{\"@id\":\"https:\/\/daddydread.com\/de\/produkt\/synthetische-dreads-wikinger\/#primaryimage\"},\"thumbnailUrl\":\"https:\/\/daddydread.com\/wp-content\/uploads\/2024\/06\/img_0585-scaled.jpeg\",\"datePublished\":\"2022-07-11T12:52:56+00:00\",\"dateModified\":\"2026-01-16T19:58:00+00:00\",\"description\":\"Wikinger Dreadlocks f\u00fcr M\u00e4nner und Frauen. Lange und kurze haare Dreadlocks Extensions. Lieferung in Deutschland. Daddy Dreads Shop.\",\"breadcrumb\":{\"@id\":\"https:\/\/daddydread.com\/de\/produkt\/synthetische-dreads-wikinger\/#breadcrumb\"},\"inLanguage\":\"de\",\"potentialAction\":[{\"@type\":\"ReadAction\",\"target\":[\"https:\/\/daddydread.com\/de\/produkt\/synthetische-dreads-wikinger\/\"]}]},{\"@type\":\"ImageObject\",\"inLanguage\":\"de\",\"@id\":\"https:\/\/daddydread.com\/de\/produkt\/synthetische-dreads-wikinger\/#primaryimage\",\"url\":\"https:\/\/daddydread.com\/wp-content\/uploads\/2024\/06\/img_0585-scaled.jpeg\",\"contentUrl\":\"https:\/\/daddydread.com\/wp-content\/uploads\/2024\/06\/img_0585-scaled.jpeg\",\"width\":1920,\"height\":2560,\"caption\":\"Processed with VSCO with hb2 preset\"},{\"@type\":\"BreadcrumbList\",\"@id\":\"https:\/\/daddydread.com\/de\/produkt\/synthetische-dreads-wikinger\/#breadcrumb\",\"itemListElement\":[{\"@type\":\"ListItem\",\"position\":1,\"name\":\"\u0413\u043b\u0430\u0432\u043d\u0430\u044f \u0441\u0442\u0440\u0430\u043d\u0438\u0446\u0430\",\"item\":\"https:\/\/daddydread.com\/de\/\"},{\"@type\":\"ListItem\",\"position\":2,\"name\":\"Dreadlocks Shop\",\"item\":\"https:\/\/daddydread.com\/de\/shop\/\"},{\"@type\":\"ListItem\",\"position\":3,\"name\":\"Synthetische Dreads \u2013 Wikinger\"}]},{\"@type\":\"WebSite\",\"@id\":\"https:\/\/daddydread.com\/de\/#website\",\"url\":\"https:\/\/daddydread.com\/de\/\",\"name\":\"Daddy Dreads\",\"description\":\"Dreadlocks shop\",\"potentialAction\":[{\"@type\":\"SearchAction\",\"target\":{\"@type\":\"EntryPoint\",\"urlTemplate\":\"https:\/\/daddydread.com\/de\/?s={search_term_string}\"},\"query-input\":\"required name=search_term_string\"}],\"inLanguage\":\"de\"}]}<\/script>\n<!-- \/ Yoast SEO plugin. -->","yoast_head_json":{"title":"Wikinger Dreadlocks Kaufen, Synthetische Dreads Shop","description":"Wikinger Dreadlocks f\u00fcr M\u00e4nner und Frauen. Lange und kurze haare Dreadlocks Extensions. Lieferung in Deutschland. Daddy Dreads Shop.","robots":{"index":"index","follow":"follow","max-snippet":"max-snippet:-1","max-image-preview":"max-image-preview:large","max-video-preview":"max-video-preview:-1"},"canonical":"https:\/\/daddydread.com\/de\/produkt\/synthetische-dreads-wikinger\/","og_locale":"de_DE","og_type":"article","og_title":"Wikinger Dreadlocks Kaufen, Synthetische Dreads Shop","og_description":"Wikinger Dreadlocks f\u00fcr M\u00e4nner und Frauen. Lange und kurze haare Dreadlocks Extensions. Lieferung in Deutschland. Daddy Dreads Shop.","og_url":"https:\/\/daddydread.com\/de\/produkt\/synthetische-dreads-wikinger\/","og_site_name":"Daddy Dreads","article_modified_time":"2026-01-16T19:58:00+00:00","og_image":[{"width":1920,"height":2560,"url":"https:\/\/daddydread.com\/wp-content\/uploads\/2024\/06\/img_0585-scaled.jpeg","type":"image\/jpeg"}],"twitter_card":"summary_large_image","twitter_misc":{"Gesch\u00e4tzte Lesezeit":"2\u00a0Minuten"},"schema":{"@context":"https:\/\/schema.org","@graph":[{"@type":"WebPage","@id":"https:\/\/daddydread.com\/de\/produkt\/synthetische-dreads-wikinger\/","url":"https:\/\/daddydread.com\/de\/produkt\/synthetische-dreads-wikinger\/","name":"Wikinger Dreadlocks Kaufen, Synthetische Dreads Shop","isPartOf":{"@id":"https:\/\/daddydread.com\/de\/#website"},"primaryImageOfPage":{"@id":"https:\/\/daddydread.com\/de\/produkt\/synthetische-dreads-wikinger\/#primaryimage"},"image":{"@id":"https:\/\/daddydread.com\/de\/produkt\/synthetische-dreads-wikinger\/#primaryimage"},"thumbnailUrl":"https:\/\/daddydread.com\/wp-content\/uploads\/2024\/06\/img_0585-scaled.jpeg","datePublished":"2022-07-11T12:52:56+00:00","dateModified":"2026-01-16T19:58:00+00:00","description":"Wikinger Dreadlocks f\u00fcr M\u00e4nner und Frauen. Lange und kurze haare Dreadlocks Extensions. Lieferung in Deutschland. Daddy Dreads Shop.","breadcrumb":{"@id":"https:\/\/daddydread.com\/de\/produkt\/synthetische-dreads-wikinger\/#breadcrumb"},"inLanguage":"de","potentialAction":[{"@type":"ReadAction","target":["https:\/\/daddydread.com\/de\/produkt\/synthetische-dreads-wikinger\/"]}]},{"@type":"ImageObject","inLanguage":"de","@id":"https:\/\/daddydread.com\/de\/produkt\/synthetische-dreads-wikinger\/#primaryimage","url":"https:\/\/daddydread.com\/wp-content\/uploads\/2024\/06\/img_0585-scaled.jpeg","contentUrl":"https:\/\/daddydread.com\/wp-content\/uploads\/2024\/06\/img_0585-scaled.jpeg","width":1920,"height":2560,"caption":"Processed with VSCO with hb2 preset"},{"@type":"BreadcrumbList","@id":"https:\/\/daddydread.com\/de\/produkt\/synthetische-dreads-wikinger\/#breadcrumb","itemListElement":[{"@type":"ListItem","position":1,"name":"\u0413\u043b\u0430\u0432\u043d\u0430\u044f \u0441\u0442\u0440\u0430\u043d\u0438\u0446\u0430","item":"https:\/\/daddydread.com\/de\/"},{"@type":"ListItem","position":2,"name":"Dreadlocks Shop","item":"https:\/\/daddydread.com\/de\/shop\/"},{"@type":"ListItem","position":3,"name":"Synthetische Dreads \u2013 Wikinger"}]},{"@type":"WebSite","@id":"https:\/\/daddydread.com\/de\/#website","url":"https:\/\/daddydread.com\/de\/","name":"Daddy Dreads","description":"Dreadlocks shop","potentialAction":[{"@type":"SearchAction","target":{"@type":"EntryPoint","urlTemplate":"https:\/\/daddydread.com\/de\/?s={search_term_string}"},"query-input":"required name=search_term_string"}],"inLanguage":"de"}]}},"jetpack_sharing_enabled":true,"_links":{"self":[{"href":"https:\/\/daddydread.com\/de\/wp-json\/wp\/v2\/product\/28698","targetHints":{"allow":["GET"]}}],"collection":[{"href":"https:\/\/daddydread.com\/de\/wp-json\/wp\/v2\/product"}],"about":[{"href":"https:\/\/daddydread.com\/de\/wp-json\/wp\/v2\/types\/product"}],"replies":[{"embeddable":true,"href":"https:\/\/daddydread.com\/de\/wp-json\/wp\/v2\/comments?post=28698"}],"wp:featuredmedia":[{"embeddable":true,"href":"https:\/\/daddydread.com\/de\/wp-json\/wp\/v2\/media\/38044"}],"wp:attachment":[{"href":"https:\/\/daddydread.com\/de\/wp-json\/wp\/v2\/media?parent=28698"}],"wp:term":[{"taxonomy":"product_brand","embeddable":true,"href":"https:\/\/daddydread.com\/de\/wp-json\/wp\/v2\/product_brand?post=28698"},{"taxonomy":"product_cat","embeddable":true,"href":"https:\/\/daddydread.com\/de\/wp-json\/wp\/v2\/product_cat?post=28698"},{"taxonomy":"product_tag","embeddable":true,"href":"https:\/\/daddydread.com\/de\/wp-json\/wp\/v2\/product_tag?post=28698"}],"curies":[{"name":"wp","href":"https:\/\/api.w.org\/{rel}","templated":true}]}}