{"id":28675,"date":"2022-07-11T16:00:15","date_gmt":"2022-07-11T13:00:15","guid":{"rendered":"https:\/\/daddydread.com\/product\/synthetische-dreads-orange\/"},"modified":"2024-04-22T23:34:57","modified_gmt":"2024-04-22T20:34:57","slug":"synthetische-dreads-orange","status":"publish","type":"product","link":"https:\/\/daddydread.com\/de\/produkt\/synthetische-dreads-orange\/","title":{"rendered":"Synthetische Dreads \u2013 Orange"},"content":{"rendered":"<p>Erhelle deinen Look mit den leuchtend orangefarbenen H\u00e4kel-Dreadlocks von Daddy Dreads Studio. Diese Dreadlocks werden von unseren Kunsthandwerkern in Handarbeit aus hochwertigem, hypoallergenem Kunsthaar hergestellt, das die Textur und das Gef\u00fchl von nat\u00fcrlichem Haar imitiert. Die feurige orange Farbe verleiht jedem Outfit einen mutigen, energiegeladenen Touch und ist perfekt f\u00fcr alle, die auffallen und ihre dynamische Pers\u00f6nlichkeit zum Ausdruck bringen wollen.<\/p>\n<h2>Eigenschaften von Orange geh\u00e4kelten Dreadlocks<\/h2>\n<ul>\n<li><strong>Fachm\u00e4nnische Handwerkskunst:<\/strong> Jede Dreadlock wird sorgf\u00e4ltig mit einer pr\u00e4zisen 0,5-mm-Nadel geh\u00e4kelt, um sowohl Haltbarkeit als auch komplizierte Details zu gew\u00e4hrleisten.<\/li>\n<li><strong>Leicht und luftig:<\/strong> Leichtes Gewicht f\u00fcr ganzt\u00e4gigen Tragekomfort.<\/li>\n<li><strong>Weich im Griff:<\/strong> Unsere Dreadlocks sind sanft zur Kopfhaut und bieten einen bequemen Sitz.<\/li>\n<li><strong>Auff\u00e4lliger Orange-Ton:<\/strong> Das leuchtende Orange zieht alle Blicke auf sich und bereichert Ihre Styling-Palette.<\/li>\n<li><strong>Flexibles Styling:<\/strong> Diese Dreadlocks eignen sich sowohl f\u00fcr den Alltagslook als auch f\u00fcr besondere Anl\u00e4sse und passen sich jedem modischen Bed\u00fcrfnis an.<\/li>\n<\/ul>\n<p>Die Pflege deiner Orange Dreadlocks ist einfach. Du kannst sie bis zu zwei Monate lang tragen. Wenn es Zeit ist, nimm sie ab, um ein Verheddern zu vermeiden. Wasche sie mit in Wasser verd\u00fcnntem Shampoo und trockne sie an der warmen oder k\u00fchlen Luft. Halte sie von gro\u00dfer Hitze fern, um ihre leuchtende Farbe und Qualit\u00e4t zu erhalten.<\/p>\n<p>Kombiniere diese orangefarbenen Dreadlocks mit anderen <strong><a href=\"https:\/\/daddydread.com\/de\/produkt-kategorie\/texturierte-dreadlocks\/\">strukturierten Dreadlock-Verl\u00e4ngerungen<\/a><\/strong>, um einen individuellen Look zu kreieren, oder lass sie f\u00fcr sich allein gl\u00e4nzen. Individuelle Farbw\u00fcnsche? Kontaktiere uns einfach!<\/p>\n","protected":false},"excerpt":{"rendered":"<p>Diese handgefertigten, hypoallergenen synthetischen Dreadlock-Verl\u00e4ngerungen strahlen in einem leuchtenden Orange, das alle Blicke auf sich zieht und deinen lebendigen Geist widerspiegelt. Sie sind leicht und bequem und eignen sich perfekt f\u00fcr alle, die ein gewagtes Statement abgeben wollen. Diese orangefarbenen Dreadlocks sind eine gute Wahl, um deinen einzigartigen Stil zum Ausdruck zu bringen.<\/p>\n","protected":false},"featured_media":38435,"comment_status":"open","ping_status":"closed","template":"","meta":{"_acf_changed":false},"product_brand":[],"product_cat":[258,259,255,256,246],"product_tag":[],"class_list":{"0":"post-28675","1":"product","2":"type-product","3":"status-publish","4":"has-post-thumbnail","6":"product_cat-maenner-dreadlocks","7":"product_cat-einseitige-dreadlocks","8":"product_cat-synthetische-dreadlocks","9":"product_cat-ombre-dreadlocks","10":"product_cat-frauen-dreadlocks","12":"first","13":"instock","14":"shipping-taxable","15":"purchasable","16":"product-type-variable"},"acf":[],"yoast_head":"<!-- This site is optimized with the Yoast SEO plugin v22.3 - https:\/\/yoast.com\/wordpress\/plugins\/seo\/ -->\n<title>Orange Dreadlocks Kaufen, Synthetische Dreads Shop<\/title>\n<meta name=\"description\" content=\"Orange Dreadlocks f\u00fcr M\u00e4nner und Frauen. Lange und kurze haare Dreadlocks Extensions. Lieferung in Deutschland. Daddy Dreads Shop.\" \/>\n<meta name=\"robots\" content=\"index, follow, max-snippet:-1, max-image-preview:large, max-video-preview:-1\" \/>\n<link rel=\"canonical\" href=\"https:\/\/daddydread.com\/de\/produkt\/synthetische-dreads-orange\/\" \/>\n<meta property=\"og:locale\" content=\"de_DE\" \/>\n<meta property=\"og:type\" content=\"article\" \/>\n<meta property=\"og:title\" content=\"Orange Dreadlocks Kaufen, Synthetische Dreads Shop\" \/>\n<meta property=\"og:description\" content=\"Orange Dreadlocks f\u00fcr M\u00e4nner und Frauen. Lange und kurze haare Dreadlocks Extensions. Lieferung in Deutschland. Daddy Dreads Shop.\" \/>\n<meta property=\"og:url\" content=\"https:\/\/daddydread.com\/de\/produkt\/synthetische-dreads-orange\/\" \/>\n<meta property=\"og:site_name\" content=\"Daddy Dreads\" \/>\n<meta property=\"article:modified_time\" content=\"2024-04-22T20:34:57+00:00\" \/>\n<meta property=\"og:image\" content=\"https:\/\/daddydread.com\/wp-content\/uploads\/2022\/07\/\u0413\u043b\u0430\u0432\u043d\u0430\u044f_00.jpeg\" \/>\n\t<meta property=\"og:image:width\" content=\"1920\" \/>\n\t<meta property=\"og:image:height\" content=\"2560\" \/>\n\t<meta property=\"og:image:type\" content=\"image\/jpeg\" \/>\n<meta name=\"twitter:card\" content=\"summary_large_image\" \/>\n<meta name=\"twitter:label1\" content=\"Gesch\u00e4tzte Lesezeit\" \/>\n\t<meta name=\"twitter:data1\" content=\"2\u00a0Minuten\" \/>\n<script type=\"application\/ld+json\" class=\"yoast-schema-graph\">{\"@context\":\"https:\/\/schema.org\",\"@graph\":[{\"@type\":\"WebPage\",\"@id\":\"https:\/\/daddydread.com\/de\/produkt\/synthetische-dreads-orange\/\",\"url\":\"https:\/\/daddydread.com\/de\/produkt\/synthetische-dreads-orange\/\",\"name\":\"Orange Dreadlocks Kaufen, Synthetische Dreads Shop\",\"isPartOf\":{\"@id\":\"https:\/\/daddydread.com\/de\/#website\"},\"primaryImageOfPage\":{\"@id\":\"https:\/\/daddydread.com\/de\/produkt\/synthetische-dreads-orange\/#primaryimage\"},\"image\":{\"@id\":\"https:\/\/daddydread.com\/de\/produkt\/synthetische-dreads-orange\/#primaryimage\"},\"thumbnailUrl\":\"https:\/\/daddydread.com\/wp-content\/uploads\/2024\/06\/img_2138-scaled.jpeg\",\"datePublished\":\"2022-07-11T13:00:15+00:00\",\"dateModified\":\"2024-04-22T20:34:57+00:00\",\"description\":\"Orange Dreadlocks f\u00fcr M\u00e4nner und Frauen. Lange und kurze haare Dreadlocks Extensions. Lieferung in Deutschland. Daddy Dreads Shop.\",\"breadcrumb\":{\"@id\":\"https:\/\/daddydread.com\/de\/produkt\/synthetische-dreads-orange\/#breadcrumb\"},\"inLanguage\":\"de\",\"potentialAction\":[{\"@type\":\"ReadAction\",\"target\":[\"https:\/\/daddydread.com\/de\/produkt\/synthetische-dreads-orange\/\"]}]},{\"@type\":\"ImageObject\",\"inLanguage\":\"de\",\"@id\":\"https:\/\/daddydread.com\/de\/produkt\/synthetische-dreads-orange\/#primaryimage\",\"url\":\"https:\/\/daddydread.com\/wp-content\/uploads\/2024\/06\/img_2138-scaled.jpeg\",\"contentUrl\":\"https:\/\/daddydread.com\/wp-content\/uploads\/2024\/06\/img_2138-scaled.jpeg\",\"width\":1920,\"height\":2560},{\"@type\":\"BreadcrumbList\",\"@id\":\"https:\/\/daddydread.com\/de\/produkt\/synthetische-dreads-orange\/#breadcrumb\",\"itemListElement\":[{\"@type\":\"ListItem\",\"position\":1,\"name\":\"\u0413\u043b\u0430\u0432\u043d\u0430\u044f \u0441\u0442\u0440\u0430\u043d\u0438\u0446\u0430\",\"item\":\"https:\/\/daddydread.com\/de\/\"},{\"@type\":\"ListItem\",\"position\":2,\"name\":\"Dreadlocks Shop\",\"item\":\"https:\/\/daddydread.com\/de\/shop\/\"},{\"@type\":\"ListItem\",\"position\":3,\"name\":\"Synthetische Dreads \u2013 Orange\"}]},{\"@type\":\"WebSite\",\"@id\":\"https:\/\/daddydread.com\/de\/#website\",\"url\":\"https:\/\/daddydread.com\/de\/\",\"name\":\"Daddy Dreads\",\"description\":\"Dreadlocks shop\",\"potentialAction\":[{\"@type\":\"SearchAction\",\"target\":{\"@type\":\"EntryPoint\",\"urlTemplate\":\"https:\/\/daddydread.com\/de\/?s={search_term_string}\"},\"query-input\":\"required name=search_term_string\"}],\"inLanguage\":\"de\"}]}<\/script>\n<!-- \/ Yoast SEO plugin. -->","yoast_head_json":{"title":"Orange Dreadlocks Kaufen, Synthetische Dreads Shop","description":"Orange Dreadlocks f\u00fcr M\u00e4nner und Frauen. Lange und kurze haare Dreadlocks Extensions. Lieferung in Deutschland. Daddy Dreads Shop.","robots":{"index":"index","follow":"follow","max-snippet":"max-snippet:-1","max-image-preview":"max-image-preview:large","max-video-preview":"max-video-preview:-1"},"canonical":"https:\/\/daddydread.com\/de\/produkt\/synthetische-dreads-orange\/","og_locale":"de_DE","og_type":"article","og_title":"Orange Dreadlocks Kaufen, Synthetische Dreads Shop","og_description":"Orange Dreadlocks f\u00fcr M\u00e4nner und Frauen. Lange und kurze haare Dreadlocks Extensions. Lieferung in Deutschland. Daddy Dreads Shop.","og_url":"https:\/\/daddydread.com\/de\/produkt\/synthetische-dreads-orange\/","og_site_name":"Daddy Dreads","article_modified_time":"2024-04-22T20:34:57+00:00","og_image":[{"width":1920,"height":2560,"url":"https:\/\/daddydread.com\/wp-content\/uploads\/2022\/07\/\u0413\u043b\u0430\u0432\u043d\u0430\u044f_00.jpeg","type":"image\/jpeg"}],"twitter_card":"summary_large_image","twitter_misc":{"Gesch\u00e4tzte Lesezeit":"2\u00a0Minuten"},"schema":{"@context":"https:\/\/schema.org","@graph":[{"@type":"WebPage","@id":"https:\/\/daddydread.com\/de\/produkt\/synthetische-dreads-orange\/","url":"https:\/\/daddydread.com\/de\/produkt\/synthetische-dreads-orange\/","name":"Orange Dreadlocks Kaufen, Synthetische Dreads Shop","isPartOf":{"@id":"https:\/\/daddydread.com\/de\/#website"},"primaryImageOfPage":{"@id":"https:\/\/daddydread.com\/de\/produkt\/synthetische-dreads-orange\/#primaryimage"},"image":{"@id":"https:\/\/daddydread.com\/de\/produkt\/synthetische-dreads-orange\/#primaryimage"},"thumbnailUrl":"https:\/\/daddydread.com\/wp-content\/uploads\/2024\/06\/img_2138-scaled.jpeg","datePublished":"2022-07-11T13:00:15+00:00","dateModified":"2024-04-22T20:34:57+00:00","description":"Orange Dreadlocks f\u00fcr M\u00e4nner und Frauen. Lange und kurze haare Dreadlocks Extensions. Lieferung in Deutschland. Daddy Dreads Shop.","breadcrumb":{"@id":"https:\/\/daddydread.com\/de\/produkt\/synthetische-dreads-orange\/#breadcrumb"},"inLanguage":"de","potentialAction":[{"@type":"ReadAction","target":["https:\/\/daddydread.com\/de\/produkt\/synthetische-dreads-orange\/"]}]},{"@type":"ImageObject","inLanguage":"de","@id":"https:\/\/daddydread.com\/de\/produkt\/synthetische-dreads-orange\/#primaryimage","url":"https:\/\/daddydread.com\/wp-content\/uploads\/2024\/06\/img_2138-scaled.jpeg","contentUrl":"https:\/\/daddydread.com\/wp-content\/uploads\/2024\/06\/img_2138-scaled.jpeg","width":1920,"height":2560},{"@type":"BreadcrumbList","@id":"https:\/\/daddydread.com\/de\/produkt\/synthetische-dreads-orange\/#breadcrumb","itemListElement":[{"@type":"ListItem","position":1,"name":"\u0413\u043b\u0430\u0432\u043d\u0430\u044f \u0441\u0442\u0440\u0430\u043d\u0438\u0446\u0430","item":"https:\/\/daddydread.com\/de\/"},{"@type":"ListItem","position":2,"name":"Dreadlocks Shop","item":"https:\/\/daddydread.com\/de\/shop\/"},{"@type":"ListItem","position":3,"name":"Synthetische Dreads \u2013 Orange"}]},{"@type":"WebSite","@id":"https:\/\/daddydread.com\/de\/#website","url":"https:\/\/daddydread.com\/de\/","name":"Daddy Dreads","description":"Dreadlocks shop","potentialAction":[{"@type":"SearchAction","target":{"@type":"EntryPoint","urlTemplate":"https:\/\/daddydread.com\/de\/?s={search_term_string}"},"query-input":"required name=search_term_string"}],"inLanguage":"de"}]}},"jetpack_sharing_enabled":true,"_links":{"self":[{"href":"https:\/\/daddydread.com\/de\/wp-json\/wp\/v2\/product\/28675","targetHints":{"allow":["GET"]}}],"collection":[{"href":"https:\/\/daddydread.com\/de\/wp-json\/wp\/v2\/product"}],"about":[{"href":"https:\/\/daddydread.com\/de\/wp-json\/wp\/v2\/types\/product"}],"replies":[{"embeddable":true,"href":"https:\/\/daddydread.com\/de\/wp-json\/wp\/v2\/comments?post=28675"}],"wp:featuredmedia":[{"embeddable":true,"href":"https:\/\/daddydread.com\/de\/wp-json\/wp\/v2\/media\/38435"}],"wp:attachment":[{"href":"https:\/\/daddydread.com\/de\/wp-json\/wp\/v2\/media?parent=28675"}],"wp:term":[{"taxonomy":"product_brand","embeddable":true,"href":"https:\/\/daddydread.com\/de\/wp-json\/wp\/v2\/product_brand?post=28675"},{"taxonomy":"product_cat","embeddable":true,"href":"https:\/\/daddydread.com\/de\/wp-json\/wp\/v2\/product_cat?post=28675"},{"taxonomy":"product_tag","embeddable":true,"href":"https:\/\/daddydread.com\/de\/wp-json\/wp\/v2\/product_tag?post=28675"}],"curies":[{"name":"wp","href":"https:\/\/api.w.org\/{rel}","templated":true}]}}