{"id":28606,"date":"2022-07-11T15:58:57","date_gmt":"2022-07-11T12:58:57","guid":{"rendered":"https:\/\/daddydread.com\/product\/synthetische-dreads-honigblonde\/"},"modified":"2026-01-16T20:23:00","modified_gmt":"2026-01-16T17:23:00","slug":"synthetische-dreads-honigblonde","status":"publish","type":"product","link":"https:\/\/daddydread.com\/de\/produkt\/synthetische-dreads-honigblonde\/","title":{"rendered":"Synthetische Dreads \u2013 Honigblonde"},"content":{"rendered":"<p>Versch\u00f6nere deinen Style mit den warmen und einladenden Honigblond gestrickten Dreadlocks von Daddy Dreads Studio. Diese exquisiten Dreadlocks werden in sorgf\u00e4ltiger Handarbeit von unseren geschickten Kunsthandwerkern aus hochwertigem, hypoallergenem Kunsthaar hergestellt, um ein nat\u00fcrliches Aussehen und Gef\u00fchl zu gew\u00e4hrleisten. Die honigblonde Farbe bietet einen sanften, sonnengek\u00fcssten Schimmer, der zu einer Vielzahl von Hautt\u00f6nen passt und deinem Aussehen einen hellen, fr\u00f6hlichen Touch verleiht.<\/p>\n<h2>Eigenschaften von geh\u00e4kelten Dreadlocks \u2013 Honigblond<\/h2>\n<ul>\n<li><strong>Hervorragend gewebt:<\/strong> Jede Dreadlock wird mit einer feinen 0,5-mm-H\u00e4kelnadel gewebt, was eine lange Lebensdauer und eine detaillierte Verarbeitung garantiert.<\/li>\n<li><strong>Leicht und bequem:<\/strong> Diese Dreadlocks sind so konzipiert, dass sie leicht auf der Kopfhaut liegen und den ganzen Tag \u00fcber bequem zu tragen sind.<\/li>\n<li><strong>Weich und sanft:<\/strong> Genie\u00dfe die Weichheit unserer Dreadlocks, die sanft zu deinem Haar und deiner Kopfhaut sind.<\/li>\n<li><strong>Lebendiger honigblonder Farbton:<\/strong> Der sch\u00f6ne honigblonde Farbton unterstreicht deine nat\u00fcrliche Sch\u00f6nheit und passt zu jedem Outfit.<\/li>\n<li><strong>Vielseitige Styling-Optionen:<\/strong> Perfekt sowohl f\u00fcr den Alltag als auch f\u00fcr besondere Anl\u00e4sse, die Ihrem Look einen Hauch von Eleganz verleihen.<\/li>\n<\/ul>\n<p>Die Pflege deiner honigblonden Dreadlocks ist einfach. Sie k\u00f6nnen bis zu zwei Monate am St\u00fcck getragen werden, danach solltest du sie entfernen, um ein Verheddern zu vermeiden. Wasche sie sanft mit einer verd\u00fcnnten Shampool\u00f6sung und trockne sie an einem k\u00fchlen oder warmen Ort. Vermeiden Sie es, sie hohen Temperaturen auszusetzen, damit Farbe und Textur erhalten bleiben.<\/p>\n<p>Kombiniere diese honigblonden Dreadlocks mit anderen <strong><a href=\"https:\/\/daddydread.com\/de\/produkt-kategorie\/lockige-dreadlocks\/\">lockigen Dreadlocks<\/a><\/strong> aus unserer Kollektion, um einen einzigartigen, individuellen Look zu kreieren. Wenn du eine bestimmte Kombination oder ein individuelles Design suchst, kontaktiere uns einfach!<\/p>\n","protected":false},"excerpt":{"rendered":"<p>Unterstreichen Sie Ihren Stil mit geh\u00e4kelten Dreadlocks in Honigblond. Diese handgefertigten, hypoallergenen synthetischen Dreadlock-Erweiterungen sind perfekt, um Ihrem Look ein strahlendes, sonniges Flair zu verleihen. Sie sind leicht und weich und bieten Komfort und ein umwerfend nat\u00fcrliches Aussehen. Der farbton honigblonde ist vielseitig und l\u00e4sst Sie bei jeder Veranstaltung gl\u00e4nzen.<\/p>\n","protected":false},"featured_media":38456,"comment_status":"open","ping_status":"closed","template":"","meta":{"_acf_changed":false},"product_brand":[],"product_cat":[260,259,255,256,246],"product_tag":[],"class_list":{"0":"post-28606","1":"product","2":"type-product","3":"status-publish","4":"has-post-thumbnail","6":"product_cat-doppelendige-dreadlocks","7":"product_cat-einseitige-dreadlocks","8":"product_cat-synthetische-dreadlocks","9":"product_cat-ombre-dreadlocks","10":"product_cat-frauen-dreadlocks","12":"first","13":"instock","14":"shipping-taxable","15":"purchasable","16":"product-type-variable"},"acf":[],"yoast_head":"<!-- This site is optimized with the Yoast SEO plugin v22.3 - https:\/\/yoast.com\/wordpress\/plugins\/seo\/ -->\n<title>Honigblonde Dreadlocks Kaufen, Synthetische Dreads Shop<\/title>\n<meta name=\"description\" content=\"Honigblonde Dreadlocks f\u00fcr M\u00e4nner und Frauen. Lange und kurze haare Dreadlocks Extensions. Lieferung in Deutschland. Daddy Dreads Shop.\" \/>\n<meta name=\"robots\" content=\"index, follow, max-snippet:-1, max-image-preview:large, max-video-preview:-1\" \/>\n<link rel=\"canonical\" href=\"https:\/\/daddydread.com\/de\/produkt\/synthetische-dreads-honigblonde\/\" \/>\n<meta property=\"og:locale\" content=\"de_DE\" \/>\n<meta property=\"og:type\" content=\"article\" \/>\n<meta property=\"og:title\" content=\"Honigblonde Dreadlocks Kaufen, Synthetische Dreads Shop\" \/>\n<meta property=\"og:description\" content=\"Honigblonde Dreadlocks f\u00fcr M\u00e4nner und Frauen. Lange und kurze haare Dreadlocks Extensions. Lieferung in Deutschland. Daddy Dreads Shop.\" \/>\n<meta property=\"og:url\" content=\"https:\/\/daddydread.com\/de\/produkt\/synthetische-dreads-honigblonde\/\" \/>\n<meta property=\"og:site_name\" content=\"Daddy Dreads\" \/>\n<meta property=\"article:modified_time\" content=\"2026-01-16T17:23:00+00:00\" \/>\n<meta property=\"og:image\" content=\"https:\/\/daddydread.com\/wp-content\/uploads\/2022\/07\/01-3.jpg\" \/>\n\t<meta property=\"og:image:width\" content=\"1920\" \/>\n\t<meta property=\"og:image:height\" content=\"2560\" \/>\n\t<meta property=\"og:image:type\" content=\"image\/jpeg\" \/>\n<meta name=\"twitter:card\" content=\"summary_large_image\" \/>\n<meta name=\"twitter:label1\" content=\"Gesch\u00e4tzte Lesezeit\" \/>\n\t<meta name=\"twitter:data1\" content=\"2\u00a0Minuten\" \/>\n<script type=\"application\/ld+json\" class=\"yoast-schema-graph\">{\"@context\":\"https:\/\/schema.org\",\"@graph\":[{\"@type\":\"WebPage\",\"@id\":\"https:\/\/daddydread.com\/de\/produkt\/synthetische-dreads-honigblonde\/\",\"url\":\"https:\/\/daddydread.com\/de\/produkt\/synthetische-dreads-honigblonde\/\",\"name\":\"Honigblonde Dreadlocks Kaufen, Synthetische Dreads Shop\",\"isPartOf\":{\"@id\":\"https:\/\/daddydread.com\/de\/#website\"},\"primaryImageOfPage\":{\"@id\":\"https:\/\/daddydread.com\/de\/produkt\/synthetische-dreads-honigblonde\/#primaryimage\"},\"image\":{\"@id\":\"https:\/\/daddydread.com\/de\/produkt\/synthetische-dreads-honigblonde\/#primaryimage\"},\"thumbnailUrl\":\"https:\/\/daddydread.com\/wp-content\/uploads\/2024\/06\/img_6530.jpeg\",\"datePublished\":\"2022-07-11T12:58:57+00:00\",\"dateModified\":\"2026-01-16T17:23:00+00:00\",\"description\":\"Honigblonde Dreadlocks f\u00fcr M\u00e4nner und Frauen. Lange und kurze haare Dreadlocks Extensions. Lieferung in Deutschland. Daddy Dreads Shop.\",\"breadcrumb\":{\"@id\":\"https:\/\/daddydread.com\/de\/produkt\/synthetische-dreads-honigblonde\/#breadcrumb\"},\"inLanguage\":\"de\",\"potentialAction\":[{\"@type\":\"ReadAction\",\"target\":[\"https:\/\/daddydread.com\/de\/produkt\/synthetische-dreads-honigblonde\/\"]}]},{\"@type\":\"ImageObject\",\"inLanguage\":\"de\",\"@id\":\"https:\/\/daddydread.com\/de\/produkt\/synthetische-dreads-honigblonde\/#primaryimage\",\"url\":\"https:\/\/daddydread.com\/wp-content\/uploads\/2024\/06\/img_6530.jpeg\",\"contentUrl\":\"https:\/\/daddydread.com\/wp-content\/uploads\/2024\/06\/img_6530.jpeg\",\"width\":1920,\"height\":2560},{\"@type\":\"BreadcrumbList\",\"@id\":\"https:\/\/daddydread.com\/de\/produkt\/synthetische-dreads-honigblonde\/#breadcrumb\",\"itemListElement\":[{\"@type\":\"ListItem\",\"position\":1,\"name\":\"\u0413\u043b\u0430\u0432\u043d\u0430\u044f \u0441\u0442\u0440\u0430\u043d\u0438\u0446\u0430\",\"item\":\"https:\/\/daddydread.com\/de\/\"},{\"@type\":\"ListItem\",\"position\":2,\"name\":\"Dreadlocks Shop\",\"item\":\"https:\/\/daddydread.com\/de\/shop\/\"},{\"@type\":\"ListItem\",\"position\":3,\"name\":\"Synthetische Dreads \u2013 Honigblonde\"}]},{\"@type\":\"WebSite\",\"@id\":\"https:\/\/daddydread.com\/de\/#website\",\"url\":\"https:\/\/daddydread.com\/de\/\",\"name\":\"Daddy Dreads\",\"description\":\"Dreadlocks shop\",\"potentialAction\":[{\"@type\":\"SearchAction\",\"target\":{\"@type\":\"EntryPoint\",\"urlTemplate\":\"https:\/\/daddydread.com\/de\/?s={search_term_string}\"},\"query-input\":\"required name=search_term_string\"}],\"inLanguage\":\"de\"}]}<\/script>\n<!-- \/ Yoast SEO plugin. -->","yoast_head_json":{"title":"Honigblonde Dreadlocks Kaufen, Synthetische Dreads Shop","description":"Honigblonde Dreadlocks f\u00fcr M\u00e4nner und Frauen. Lange und kurze haare Dreadlocks Extensions. Lieferung in Deutschland. Daddy Dreads Shop.","robots":{"index":"index","follow":"follow","max-snippet":"max-snippet:-1","max-image-preview":"max-image-preview:large","max-video-preview":"max-video-preview:-1"},"canonical":"https:\/\/daddydread.com\/de\/produkt\/synthetische-dreads-honigblonde\/","og_locale":"de_DE","og_type":"article","og_title":"Honigblonde Dreadlocks Kaufen, Synthetische Dreads Shop","og_description":"Honigblonde Dreadlocks f\u00fcr M\u00e4nner und Frauen. Lange und kurze haare Dreadlocks Extensions. Lieferung in Deutschland. Daddy Dreads Shop.","og_url":"https:\/\/daddydread.com\/de\/produkt\/synthetische-dreads-honigblonde\/","og_site_name":"Daddy Dreads","article_modified_time":"2026-01-16T17:23:00+00:00","og_image":[{"width":1920,"height":2560,"url":"https:\/\/daddydread.com\/wp-content\/uploads\/2022\/07\/01-3.jpg","type":"image\/jpeg"}],"twitter_card":"summary_large_image","twitter_misc":{"Gesch\u00e4tzte Lesezeit":"2\u00a0Minuten"},"schema":{"@context":"https:\/\/schema.org","@graph":[{"@type":"WebPage","@id":"https:\/\/daddydread.com\/de\/produkt\/synthetische-dreads-honigblonde\/","url":"https:\/\/daddydread.com\/de\/produkt\/synthetische-dreads-honigblonde\/","name":"Honigblonde Dreadlocks Kaufen, Synthetische Dreads Shop","isPartOf":{"@id":"https:\/\/daddydread.com\/de\/#website"},"primaryImageOfPage":{"@id":"https:\/\/daddydread.com\/de\/produkt\/synthetische-dreads-honigblonde\/#primaryimage"},"image":{"@id":"https:\/\/daddydread.com\/de\/produkt\/synthetische-dreads-honigblonde\/#primaryimage"},"thumbnailUrl":"https:\/\/daddydread.com\/wp-content\/uploads\/2024\/06\/img_6530.jpeg","datePublished":"2022-07-11T12:58:57+00:00","dateModified":"2026-01-16T17:23:00+00:00","description":"Honigblonde Dreadlocks f\u00fcr M\u00e4nner und Frauen. Lange und kurze haare Dreadlocks Extensions. Lieferung in Deutschland. Daddy Dreads Shop.","breadcrumb":{"@id":"https:\/\/daddydread.com\/de\/produkt\/synthetische-dreads-honigblonde\/#breadcrumb"},"inLanguage":"de","potentialAction":[{"@type":"ReadAction","target":["https:\/\/daddydread.com\/de\/produkt\/synthetische-dreads-honigblonde\/"]}]},{"@type":"ImageObject","inLanguage":"de","@id":"https:\/\/daddydread.com\/de\/produkt\/synthetische-dreads-honigblonde\/#primaryimage","url":"https:\/\/daddydread.com\/wp-content\/uploads\/2024\/06\/img_6530.jpeg","contentUrl":"https:\/\/daddydread.com\/wp-content\/uploads\/2024\/06\/img_6530.jpeg","width":1920,"height":2560},{"@type":"BreadcrumbList","@id":"https:\/\/daddydread.com\/de\/produkt\/synthetische-dreads-honigblonde\/#breadcrumb","itemListElement":[{"@type":"ListItem","position":1,"name":"\u0413\u043b\u0430\u0432\u043d\u0430\u044f \u0441\u0442\u0440\u0430\u043d\u0438\u0446\u0430","item":"https:\/\/daddydread.com\/de\/"},{"@type":"ListItem","position":2,"name":"Dreadlocks Shop","item":"https:\/\/daddydread.com\/de\/shop\/"},{"@type":"ListItem","position":3,"name":"Synthetische Dreads \u2013 Honigblonde"}]},{"@type":"WebSite","@id":"https:\/\/daddydread.com\/de\/#website","url":"https:\/\/daddydread.com\/de\/","name":"Daddy Dreads","description":"Dreadlocks shop","potentialAction":[{"@type":"SearchAction","target":{"@type":"EntryPoint","urlTemplate":"https:\/\/daddydread.com\/de\/?s={search_term_string}"},"query-input":"required name=search_term_string"}],"inLanguage":"de"}]}},"jetpack_sharing_enabled":true,"_links":{"self":[{"href":"https:\/\/daddydread.com\/de\/wp-json\/wp\/v2\/product\/28606","targetHints":{"allow":["GET"]}}],"collection":[{"href":"https:\/\/daddydread.com\/de\/wp-json\/wp\/v2\/product"}],"about":[{"href":"https:\/\/daddydread.com\/de\/wp-json\/wp\/v2\/types\/product"}],"replies":[{"embeddable":true,"href":"https:\/\/daddydread.com\/de\/wp-json\/wp\/v2\/comments?post=28606"}],"wp:featuredmedia":[{"embeddable":true,"href":"https:\/\/daddydread.com\/de\/wp-json\/wp\/v2\/media\/38456"}],"wp:attachment":[{"href":"https:\/\/daddydread.com\/de\/wp-json\/wp\/v2\/media?parent=28606"}],"wp:term":[{"taxonomy":"product_brand","embeddable":true,"href":"https:\/\/daddydread.com\/de\/wp-json\/wp\/v2\/product_brand?post=28606"},{"taxonomy":"product_cat","embeddable":true,"href":"https:\/\/daddydread.com\/de\/wp-json\/wp\/v2\/product_cat?post=28606"},{"taxonomy":"product_tag","embeddable":true,"href":"https:\/\/daddydread.com\/de\/wp-json\/wp\/v2\/product_tag?post=28606"}],"curies":[{"name":"wp","href":"https:\/\/api.w.org\/{rel}","templated":true}]}}