{"id":28560,"date":"2022-07-11T15:52:55","date_gmt":"2022-07-11T12:52:55","guid":{"rendered":"https:\/\/daddydread.com\/product\/synthetische-dreads-lila\/"},"modified":"2024-04-22T23:34:32","modified_gmt":"2024-04-22T20:34:32","slug":"synthetische-dreads-lila","status":"publish","type":"product","link":"https:\/\/daddydread.com\/de\/produkt\/synthetische-dreads-lila\/","title":{"rendered":"Synthetische Dreads \u2013 Lila"},"content":{"rendered":"<p>Verleihe deinem Style einen Hauch von Ruhe mit den lilafarbenen, gestrickten Dreadlocks von Daddy Dreads. Jede handgefertigte Dreadlock wird aus hochwertigem, hypoallergenem Kunsthaar hergestellt, das aussieht und sich anf\u00fchlt wie nat\u00fcrliches Haar. Die zarte lila Farbe sorgt f\u00fcr einen sanften, beruhigenden Look, der sich wunderbar mit jeder Garderobe kombinieren l\u00e4sst und ein Gef\u00fchl von Ruhe und Kreativit\u00e4t verk\u00f6rpert.<\/p>\n<h2>Eigenschaften von Lila geh\u00e4kelten Dreadlocks<\/h2>\n<ul>\n<li><strong>Exquisite Handwerkskunst:<\/strong> Jede Dreadlock wird mit einer 0,5-mm-H\u00e4kelnadel fein gewebt, um Langlebigkeit und Detailgenauigkeit zu gew\u00e4hrleisten.<\/li>\n<li><strong>Leichter Komfort:<\/strong> Tragen Sie die Dreadlocks den ganzen Tag, ohne sich unwohl zu f\u00fchlen, perfekt f\u00fcr einen lang anhaltenden Stil.<\/li>\n<li><strong>Weich und sanft:<\/strong> Unsere Dreadlocks sind so konzipiert, dass sie sich weich anf\u00fchlen, was den Tragekomfort erh\u00f6ht.<\/li>\n<li><strong>Fesselndes Lila:<\/strong> Der einzigartige Lila-Ton verleiht Ihrem Look eine ausgefallene Note und eignet sich perfekt, um mit einem dezenten Look aufzufallen.<\/li>\n<li><strong>Vielseitiges Styling:<\/strong> Diese Dreadlocks eignen sich sowohl f\u00fcr zwanglose Zusammenk\u00fcnfte als auch f\u00fcr formellere Anl\u00e4sse und passen sich deinen modischen Bed\u00fcrfnissen an.<\/li>\n<\/ul>\n<p>Die Pflege deiner Lila-Dreadlocks ist ganz einfach. Sie k\u00f6nnen bis zu zwei Monate lang getragen werden, danach sollten sie entfernt werden, um ein Verheddern zu vermeiden. Reinigen Sie sie mit einem mit Wasser verd\u00fcnnten Shampoo und trocknen Sie sie bei k\u00fchler oder warmer Luft. Um ihre leuchtende Farbe und Struktur zu erhalten, sollten Sie gro\u00dfe Hitzeeinwirkung vermeiden.<\/p>\n<p>Kombiniere diese Lila-Dreadlocks mit anderen <strong><a href=\"https:\/\/daddydread.com\/de\/produkt-kategorie\/synthetische-dreadlocks\/\">H\u00e4kel-Dreadlock-Verl\u00e4ngerungen<\/a><\/strong>, um einen unverwechselbaren Look zu kreieren, oder trage sie als alleinstehendes Accessoire. Wenn du eine individuelle Mischung oder zus\u00e4tzliche Stylingoptionen ben\u00f6tigst, steht dir unser Team gerne zur Verf\u00fcgung.<\/p>\n","protected":false},"excerpt":{"rendered":"<p>Diese wundersch\u00f6n handgefertigten, hypoallergenen synthetischen Dreadlocks bieten mit ihrem sanften Lila einen skurrilen Touch, perfekt f\u00fcr alle, die ihrem Look einen Hauch von Farbe und Heiterkeit verleihen wollen. Egal, ob du dich f\u00fcr einen besonderen Anlass herausputzt oder einfach nur dein Alltagsoutfit akzentuieren willst, diese lila Dreadlocks werden dich mit Sicherheit verzaubern.<\/p>\n","protected":false},"featured_media":35140,"comment_status":"open","ping_status":"closed","template":"","meta":{"_acf_changed":false},"product_brand":[],"product_cat":[260,258,255,245,256,246],"product_tag":[],"class_list":{"0":"post-28560","1":"product","2":"type-product","3":"status-publish","4":"has-post-thumbnail","6":"product_cat-doppelendige-dreadlocks","7":"product_cat-maenner-dreadlocks","8":"product_cat-synthetische-dreadlocks","9":"product_cat-farbige-dreadlocks","10":"product_cat-ombre-dreadlocks","11":"product_cat-frauen-dreadlocks","13":"first","14":"instock","15":"shipping-taxable","16":"purchasable","17":"product-type-variable"},"acf":[],"yoast_head":"<!-- This site is optimized with the Yoast SEO plugin v22.3 - https:\/\/yoast.com\/wordpress\/plugins\/seo\/ -->\n<title>Lila Dreadlocks Kaufen, Synthetische Dreads Shop<\/title>\n<meta name=\"description\" content=\"Lila Dreadlocks f\u00fcr M\u00e4nner und Frauen. Lange und kurze haare Dreadlocks Extensions. Lieferung in Deutschland. Daddy Dreads Shop.\" \/>\n<meta name=\"robots\" content=\"index, follow, max-snippet:-1, max-image-preview:large, max-video-preview:-1\" \/>\n<link rel=\"canonical\" href=\"https:\/\/daddydread.com\/de\/produkt\/synthetische-dreads-lila\/\" \/>\n<meta property=\"og:locale\" content=\"de_DE\" \/>\n<meta property=\"og:type\" content=\"article\" \/>\n<meta property=\"og:title\" content=\"Lila Dreadlocks Kaufen, Synthetische Dreads Shop\" \/>\n<meta property=\"og:description\" content=\"Lila Dreadlocks f\u00fcr M\u00e4nner und Frauen. Lange und kurze haare Dreadlocks Extensions. Lieferung in Deutschland. Daddy Dreads Shop.\" \/>\n<meta property=\"og:url\" content=\"https:\/\/daddydread.com\/de\/produkt\/synthetische-dreads-lila\/\" \/>\n<meta property=\"og:site_name\" content=\"Daddy Dreads\" \/>\n<meta property=\"article:modified_time\" content=\"2024-04-22T20:34:32+00:00\" \/>\n<meta property=\"og:image\" content=\"https:\/\/daddydread.com\/wp-content\/uploads\/2022\/07\/\u0413\u043b\u0430\u0432\u043d\u0430\u044f-1.jpg\" \/>\n\t<meta property=\"og:image:width\" content=\"1920\" \/>\n\t<meta property=\"og:image:height\" content=\"2560\" \/>\n\t<meta property=\"og:image:type\" content=\"image\/jpeg\" \/>\n<meta name=\"twitter:card\" content=\"summary_large_image\" \/>\n<meta name=\"twitter:label1\" content=\"Gesch\u00e4tzte Lesezeit\" \/>\n\t<meta name=\"twitter:data1\" content=\"2\u00a0Minuten\" \/>\n<script type=\"application\/ld+json\" class=\"yoast-schema-graph\">{\"@context\":\"https:\/\/schema.org\",\"@graph\":[{\"@type\":\"WebPage\",\"@id\":\"https:\/\/daddydread.com\/de\/produkt\/synthetische-dreads-lila\/\",\"url\":\"https:\/\/daddydread.com\/de\/produkt\/synthetische-dreads-lila\/\",\"name\":\"Lila Dreadlocks Kaufen, Synthetische Dreads Shop\",\"isPartOf\":{\"@id\":\"https:\/\/daddydread.com\/de\/#website\"},\"primaryImageOfPage\":{\"@id\":\"https:\/\/daddydread.com\/de\/produkt\/synthetische-dreads-lila\/#primaryimage\"},\"image\":{\"@id\":\"https:\/\/daddydread.com\/de\/produkt\/synthetische-dreads-lila\/#primaryimage\"},\"thumbnailUrl\":\"https:\/\/daddydread.com\/wp-content\/uploads\/2022\/07\/\u0413\u043b\u0430\u0432\u043d\u0430\u044f-1.jpg\",\"datePublished\":\"2022-07-11T12:52:55+00:00\",\"dateModified\":\"2024-04-22T20:34:32+00:00\",\"description\":\"Lila Dreadlocks f\u00fcr M\u00e4nner und Frauen. Lange und kurze haare Dreadlocks Extensions. Lieferung in Deutschland. Daddy Dreads Shop.\",\"breadcrumb\":{\"@id\":\"https:\/\/daddydread.com\/de\/produkt\/synthetische-dreads-lila\/#breadcrumb\"},\"inLanguage\":\"de\",\"potentialAction\":[{\"@type\":\"ReadAction\",\"target\":[\"https:\/\/daddydread.com\/de\/produkt\/synthetische-dreads-lila\/\"]}]},{\"@type\":\"ImageObject\",\"inLanguage\":\"de\",\"@id\":\"https:\/\/daddydread.com\/de\/produkt\/synthetische-dreads-lila\/#primaryimage\",\"url\":\"https:\/\/daddydread.com\/wp-content\/uploads\/2022\/07\/\u0413\u043b\u0430\u0432\u043d\u0430\u044f-1.jpg\",\"contentUrl\":\"https:\/\/daddydread.com\/wp-content\/uploads\/2022\/07\/\u0413\u043b\u0430\u0432\u043d\u0430\u044f-1.jpg\",\"width\":1920,\"height\":2560,\"caption\":\"Crochet Dreads \u2013 Lavender\"},{\"@type\":\"BreadcrumbList\",\"@id\":\"https:\/\/daddydread.com\/de\/produkt\/synthetische-dreads-lila\/#breadcrumb\",\"itemListElement\":[{\"@type\":\"ListItem\",\"position\":1,\"name\":\"\u0413\u043b\u0430\u0432\u043d\u0430\u044f \u0441\u0442\u0440\u0430\u043d\u0438\u0446\u0430\",\"item\":\"https:\/\/daddydread.com\/de\/\"},{\"@type\":\"ListItem\",\"position\":2,\"name\":\"Dreadlocks Shop\",\"item\":\"https:\/\/daddydread.com\/de\/shop\/\"},{\"@type\":\"ListItem\",\"position\":3,\"name\":\"Synthetische Dreads \u2013 Lila\"}]},{\"@type\":\"WebSite\",\"@id\":\"https:\/\/daddydread.com\/de\/#website\",\"url\":\"https:\/\/daddydread.com\/de\/\",\"name\":\"Daddy Dreads\",\"description\":\"Dreadlocks shop\",\"potentialAction\":[{\"@type\":\"SearchAction\",\"target\":{\"@type\":\"EntryPoint\",\"urlTemplate\":\"https:\/\/daddydread.com\/de\/?s={search_term_string}\"},\"query-input\":\"required name=search_term_string\"}],\"inLanguage\":\"de\"}]}<\/script>\n<!-- \/ Yoast SEO plugin. -->","yoast_head_json":{"title":"Lila Dreadlocks Kaufen, Synthetische Dreads Shop","description":"Lila Dreadlocks f\u00fcr M\u00e4nner und Frauen. Lange und kurze haare Dreadlocks Extensions. Lieferung in Deutschland. Daddy Dreads Shop.","robots":{"index":"index","follow":"follow","max-snippet":"max-snippet:-1","max-image-preview":"max-image-preview:large","max-video-preview":"max-video-preview:-1"},"canonical":"https:\/\/daddydread.com\/de\/produkt\/synthetische-dreads-lila\/","og_locale":"de_DE","og_type":"article","og_title":"Lila Dreadlocks Kaufen, Synthetische Dreads Shop","og_description":"Lila Dreadlocks f\u00fcr M\u00e4nner und Frauen. Lange und kurze haare Dreadlocks Extensions. Lieferung in Deutschland. Daddy Dreads Shop.","og_url":"https:\/\/daddydread.com\/de\/produkt\/synthetische-dreads-lila\/","og_site_name":"Daddy Dreads","article_modified_time":"2024-04-22T20:34:32+00:00","og_image":[{"width":1920,"height":2560,"url":"https:\/\/daddydread.com\/wp-content\/uploads\/2022\/07\/\u0413\u043b\u0430\u0432\u043d\u0430\u044f-1.jpg","type":"image\/jpeg"}],"twitter_card":"summary_large_image","twitter_misc":{"Gesch\u00e4tzte Lesezeit":"2\u00a0Minuten"},"schema":{"@context":"https:\/\/schema.org","@graph":[{"@type":"WebPage","@id":"https:\/\/daddydread.com\/de\/produkt\/synthetische-dreads-lila\/","url":"https:\/\/daddydread.com\/de\/produkt\/synthetische-dreads-lila\/","name":"Lila Dreadlocks Kaufen, Synthetische Dreads Shop","isPartOf":{"@id":"https:\/\/daddydread.com\/de\/#website"},"primaryImageOfPage":{"@id":"https:\/\/daddydread.com\/de\/produkt\/synthetische-dreads-lila\/#primaryimage"},"image":{"@id":"https:\/\/daddydread.com\/de\/produkt\/synthetische-dreads-lila\/#primaryimage"},"thumbnailUrl":"https:\/\/daddydread.com\/wp-content\/uploads\/2022\/07\/\u0413\u043b\u0430\u0432\u043d\u0430\u044f-1.jpg","datePublished":"2022-07-11T12:52:55+00:00","dateModified":"2024-04-22T20:34:32+00:00","description":"Lila Dreadlocks f\u00fcr M\u00e4nner und Frauen. Lange und kurze haare Dreadlocks Extensions. Lieferung in Deutschland. Daddy Dreads Shop.","breadcrumb":{"@id":"https:\/\/daddydread.com\/de\/produkt\/synthetische-dreads-lila\/#breadcrumb"},"inLanguage":"de","potentialAction":[{"@type":"ReadAction","target":["https:\/\/daddydread.com\/de\/produkt\/synthetische-dreads-lila\/"]}]},{"@type":"ImageObject","inLanguage":"de","@id":"https:\/\/daddydread.com\/de\/produkt\/synthetische-dreads-lila\/#primaryimage","url":"https:\/\/daddydread.com\/wp-content\/uploads\/2022\/07\/\u0413\u043b\u0430\u0432\u043d\u0430\u044f-1.jpg","contentUrl":"https:\/\/daddydread.com\/wp-content\/uploads\/2022\/07\/\u0413\u043b\u0430\u0432\u043d\u0430\u044f-1.jpg","width":1920,"height":2560,"caption":"Crochet Dreads \u2013 Lavender"},{"@type":"BreadcrumbList","@id":"https:\/\/daddydread.com\/de\/produkt\/synthetische-dreads-lila\/#breadcrumb","itemListElement":[{"@type":"ListItem","position":1,"name":"\u0413\u043b\u0430\u0432\u043d\u0430\u044f \u0441\u0442\u0440\u0430\u043d\u0438\u0446\u0430","item":"https:\/\/daddydread.com\/de\/"},{"@type":"ListItem","position":2,"name":"Dreadlocks Shop","item":"https:\/\/daddydread.com\/de\/shop\/"},{"@type":"ListItem","position":3,"name":"Synthetische Dreads \u2013 Lila"}]},{"@type":"WebSite","@id":"https:\/\/daddydread.com\/de\/#website","url":"https:\/\/daddydread.com\/de\/","name":"Daddy Dreads","description":"Dreadlocks shop","potentialAction":[{"@type":"SearchAction","target":{"@type":"EntryPoint","urlTemplate":"https:\/\/daddydread.com\/de\/?s={search_term_string}"},"query-input":"required name=search_term_string"}],"inLanguage":"de"}]}},"jetpack_sharing_enabled":true,"_links":{"self":[{"href":"https:\/\/daddydread.com\/de\/wp-json\/wp\/v2\/product\/28560","targetHints":{"allow":["GET"]}}],"collection":[{"href":"https:\/\/daddydread.com\/de\/wp-json\/wp\/v2\/product"}],"about":[{"href":"https:\/\/daddydread.com\/de\/wp-json\/wp\/v2\/types\/product"}],"replies":[{"embeddable":true,"href":"https:\/\/daddydread.com\/de\/wp-json\/wp\/v2\/comments?post=28560"}],"wp:featuredmedia":[{"embeddable":true,"href":"https:\/\/daddydread.com\/de\/wp-json\/wp\/v2\/media\/35140"}],"wp:attachment":[{"href":"https:\/\/daddydread.com\/de\/wp-json\/wp\/v2\/media?parent=28560"}],"wp:term":[{"taxonomy":"product_brand","embeddable":true,"href":"https:\/\/daddydread.com\/de\/wp-json\/wp\/v2\/product_brand?post=28560"},{"taxonomy":"product_cat","embeddable":true,"href":"https:\/\/daddydread.com\/de\/wp-json\/wp\/v2\/product_cat?post=28560"},{"taxonomy":"product_tag","embeddable":true,"href":"https:\/\/daddydread.com\/de\/wp-json\/wp\/v2\/product_tag?post=28560"}],"curies":[{"name":"wp","href":"https:\/\/api.w.org\/{rel}","templated":true}]}}