{"id":28514,"date":"2022-07-11T15:52:56","date_gmt":"2022-07-11T12:52:56","guid":{"rendered":"https:\/\/daddydread.com\/product\/synthetische-dreads-blonde-hellblaue\/"},"modified":"2024-11-18T00:32:44","modified_gmt":"2024-11-17T21:32:44","slug":"synthetische-dreads-blonde-hellblaue","status":"publish","type":"product","link":"https:\/\/daddydread.com\/de\/produkt\/synthetische-dreads-blonde-hellblaue\/","title":{"rendered":"Synthetische Dreads \u2013 Blonde Hellblaue"},"content":{"rendered":"<p>Wir pr\u00e4sentieren die bezaubernden synthetischen Dreadlocks in hellblau von Daddy Dreads Studio, eine reizvolle Mischung aus hellen und luftigen Farben, die deinem Look einen Hauch von frischem Stil verleihen werden. Jede Dreadlock wird mit gr\u00f6\u00dfter Sorgfalt handgefertigt und besteht aus hochwertigem, hypoallergenem Kunsthaar, um einen nat\u00fcrlichen und auff\u00e4lligen Look zu kreieren.<\/p>\n<h2>Merkmale von tempor\u00e4ren Dreadlocks \u2013 Blonde Hellblaue<\/h2>\n<ul>\n<li><strong>Fachm\u00e4nnisch gewebt:<\/strong> Jede Dreadlock wird mit einer feinen 0,5-mm-H\u00e4kelnadel hergestellt und ist mit einer starken und detaillierten Verflechtung langlebig.<\/li>\n<li><strong>Leichter Komfort:<\/strong> F\u00fchlen Sie sich den ganzen Tag leicht und luftig; perfekt f\u00fcr kontinuierliches Tragen ohne Unbehagen.<\/li>\n<li><strong>Weich und sanft:<\/strong> Diese Dreadlocks sind nicht nur stilvoll, sondern f\u00fchlen sich auch weich an und bieten ein angenehmes Tragegef\u00fchl.<\/li>\n<li><strong>Lebendige Enden:<\/strong> Unsere Dreadlocks haben dicke, lebendige Enden, die ihre \u00c4sthetik unterstreichen.<\/li>\n<li><strong>Blonder, hellblauer Farbton:<\/strong> Die einzigartige Farbmischung passt nahtlos zu verschiedenen Frisuren und verleiht Ihrem Aussehen ein lebendiges Flair.<\/li>\n<\/ul>\n<p>Die Pflege deiner geh\u00e4kelten Dreadlocks Blonde Hellblaue ist einfach. Tragen Sie sie bis zu zwei Monate lang und entfernen Sie sie dann, um Ihr nat\u00fcrliches Haar zu entwirren. Sie k\u00f6nnen mit einem milden Shampoo gewaschen und an der Luft bei k\u00fchler oder warmer W\u00e4sche getrocknet werden. Vermeiden Sie gro\u00dfe Hitze, um ihre sch\u00f6ne Farbe und Struktur zu erhalten.<\/p>\n<p>Kombiniere diese Dreadlocks mit anderen <strong><a href=\"https:\/\/daddydread.com\/de\/produkt-kategorie\/texturierte-dreadlocks\/\">strukturierten<\/a><\/strong> oder <strong><a href=\"https:\/\/daddydread.com\/de\/produkt-kategorie\/lockige-dreadlocks\/\">gelockten Dreadlocks<\/a><\/strong>, um einen pers\u00f6nlichen Look zu kreieren, der deine Individualit\u00e4t widerspiegelt. Suchst du nach einer bestimmten Farbkombination? Kontaktieren Sie uns f\u00fcr individuelle Optionen.<\/p>\n","protected":false},"excerpt":{"rendered":"<p>Ver\u00e4ndern Sie Ihren Stil mit gestrickten Dreadlocks in Hellblau. Diese wundersch\u00f6n handgefertigten Dreadlocks kombinieren ein helles Blond mit einem Hauch von Blau f\u00fcr einen einzigartigen, lebendigen Look, der auff\u00e4llt. Die weichen, leichten und bequemen Dreadlocks eignen sich perfekt, um Ihre Frisur mit einem Hauch von Farbe und Pers\u00f6nlichkeit aufzuwerten.<\/p>\n","protected":false},"featured_media":34548,"comment_status":"open","ping_status":"closed","template":"","meta":{"_acf_changed":false},"product_brand":[],"product_cat":[260,255,245,256,246],"product_tag":[],"class_list":{"0":"post-28514","1":"product","2":"type-product","3":"status-publish","4":"has-post-thumbnail","6":"product_cat-doppelendige-dreadlocks","7":"product_cat-synthetische-dreadlocks","8":"product_cat-farbige-dreadlocks","9":"product_cat-ombre-dreadlocks","10":"product_cat-frauen-dreadlocks","12":"first","13":"instock","14":"shipping-taxable","15":"purchasable","16":"product-type-variable"},"acf":[],"yoast_head":"<!-- This site is optimized with the Yoast SEO plugin v22.3 - https:\/\/yoast.com\/wordpress\/plugins\/seo\/ -->\n<title>Blonde Hellblaue Dreadlocks Kaufen, Synthetische Dreads Shop<\/title>\n<meta name=\"description\" content=\"Blonde Hellblaue Dreadlocks f\u00fcr M\u00e4nner und Frauen. Lange und kurze haare Dreadlocks Extensions. Lieferung in Deutschland. Daddy Dreads Shop.\" \/>\n<meta name=\"robots\" content=\"index, follow, max-snippet:-1, max-image-preview:large, max-video-preview:-1\" \/>\n<link rel=\"canonical\" href=\"https:\/\/daddydread.com\/de\/produkt\/synthetische-dreads-blonde-hellblaue\/\" \/>\n<meta property=\"og:locale\" content=\"de_DE\" \/>\n<meta property=\"og:type\" content=\"article\" \/>\n<meta property=\"og:title\" content=\"Blonde Hellblaue Dreadlocks Kaufen, Synthetische Dreads Shop\" \/>\n<meta property=\"og:description\" content=\"Blonde Hellblaue Dreadlocks f\u00fcr M\u00e4nner und Frauen. Lange und kurze haare Dreadlocks Extensions. Lieferung in Deutschland. Daddy Dreads Shop.\" \/>\n<meta property=\"og:url\" content=\"https:\/\/daddydread.com\/de\/produkt\/synthetische-dreads-blonde-hellblaue\/\" \/>\n<meta property=\"og:site_name\" content=\"Daddy Dreads\" \/>\n<meta property=\"article:modified_time\" content=\"2024-11-17T21:32:44+00:00\" \/>\n<meta property=\"og:image\" content=\"https:\/\/daddydread.com\/wp-content\/uploads\/2022\/07\/01-1.jpg\" \/>\n\t<meta property=\"og:image:width\" content=\"1920\" \/>\n\t<meta property=\"og:image:height\" content=\"2560\" \/>\n\t<meta property=\"og:image:type\" content=\"image\/jpeg\" \/>\n<meta name=\"twitter:card\" content=\"summary_large_image\" \/>\n<meta name=\"twitter:label1\" content=\"Gesch\u00e4tzte Lesezeit\" \/>\n\t<meta name=\"twitter:data1\" content=\"2\u00a0Minuten\" \/>\n<script type=\"application\/ld+json\" class=\"yoast-schema-graph\">{\"@context\":\"https:\/\/schema.org\",\"@graph\":[{\"@type\":\"WebPage\",\"@id\":\"https:\/\/daddydread.com\/de\/produkt\/synthetische-dreads-blonde-hellblaue\/\",\"url\":\"https:\/\/daddydread.com\/de\/produkt\/synthetische-dreads-blonde-hellblaue\/\",\"name\":\"Blonde Hellblaue Dreadlocks Kaufen, Synthetische Dreads Shop\",\"isPartOf\":{\"@id\":\"https:\/\/daddydread.com\/de\/#website\"},\"primaryImageOfPage\":{\"@id\":\"https:\/\/daddydread.com\/de\/produkt\/synthetische-dreads-blonde-hellblaue\/#primaryimage\"},\"image\":{\"@id\":\"https:\/\/daddydread.com\/de\/produkt\/synthetische-dreads-blonde-hellblaue\/#primaryimage\"},\"thumbnailUrl\":\"https:\/\/daddydread.com\/wp-content\/uploads\/2022\/07\/01-1.jpg\",\"datePublished\":\"2022-07-11T12:52:56+00:00\",\"dateModified\":\"2024-11-17T21:32:44+00:00\",\"description\":\"Blonde Hellblaue Dreadlocks f\u00fcr M\u00e4nner und Frauen. Lange und kurze haare Dreadlocks Extensions. Lieferung in Deutschland. Daddy Dreads Shop.\",\"breadcrumb\":{\"@id\":\"https:\/\/daddydread.com\/de\/produkt\/synthetische-dreads-blonde-hellblaue\/#breadcrumb\"},\"inLanguage\":\"de\",\"potentialAction\":[{\"@type\":\"ReadAction\",\"target\":[\"https:\/\/daddydread.com\/de\/produkt\/synthetische-dreads-blonde-hellblaue\/\"]}]},{\"@type\":\"ImageObject\",\"inLanguage\":\"de\",\"@id\":\"https:\/\/daddydread.com\/de\/produkt\/synthetische-dreads-blonde-hellblaue\/#primaryimage\",\"url\":\"https:\/\/daddydread.com\/wp-content\/uploads\/2022\/07\/01-1.jpg\",\"contentUrl\":\"https:\/\/daddydread.com\/wp-content\/uploads\/2022\/07\/01-1.jpg\",\"width\":1920,\"height\":2560,\"caption\":\"Crochet Dreads \u2013 Blonde Light Blue\"},{\"@type\":\"BreadcrumbList\",\"@id\":\"https:\/\/daddydread.com\/de\/produkt\/synthetische-dreads-blonde-hellblaue\/#breadcrumb\",\"itemListElement\":[{\"@type\":\"ListItem\",\"position\":1,\"name\":\"\u0413\u043b\u0430\u0432\u043d\u0430\u044f \u0441\u0442\u0440\u0430\u043d\u0438\u0446\u0430\",\"item\":\"https:\/\/daddydread.com\/de\/\"},{\"@type\":\"ListItem\",\"position\":2,\"name\":\"Dreadlocks Shop\",\"item\":\"https:\/\/daddydread.com\/de\/shop\/\"},{\"@type\":\"ListItem\",\"position\":3,\"name\":\"Synthetische Dreads \u2013 Blonde Hellblaue\"}]},{\"@type\":\"WebSite\",\"@id\":\"https:\/\/daddydread.com\/de\/#website\",\"url\":\"https:\/\/daddydread.com\/de\/\",\"name\":\"Daddy Dreads\",\"description\":\"Dreadlocks shop\",\"potentialAction\":[{\"@type\":\"SearchAction\",\"target\":{\"@type\":\"EntryPoint\",\"urlTemplate\":\"https:\/\/daddydread.com\/de\/?s={search_term_string}\"},\"query-input\":\"required name=search_term_string\"}],\"inLanguage\":\"de\"}]}<\/script>\n<!-- \/ Yoast SEO plugin. -->","yoast_head_json":{"title":"Blonde Hellblaue Dreadlocks Kaufen, Synthetische Dreads Shop","description":"Blonde Hellblaue Dreadlocks f\u00fcr M\u00e4nner und Frauen. Lange und kurze haare Dreadlocks Extensions. Lieferung in Deutschland. Daddy Dreads Shop.","robots":{"index":"index","follow":"follow","max-snippet":"max-snippet:-1","max-image-preview":"max-image-preview:large","max-video-preview":"max-video-preview:-1"},"canonical":"https:\/\/daddydread.com\/de\/produkt\/synthetische-dreads-blonde-hellblaue\/","og_locale":"de_DE","og_type":"article","og_title":"Blonde Hellblaue Dreadlocks Kaufen, Synthetische Dreads Shop","og_description":"Blonde Hellblaue Dreadlocks f\u00fcr M\u00e4nner und Frauen. Lange und kurze haare Dreadlocks Extensions. Lieferung in Deutschland. Daddy Dreads Shop.","og_url":"https:\/\/daddydread.com\/de\/produkt\/synthetische-dreads-blonde-hellblaue\/","og_site_name":"Daddy Dreads","article_modified_time":"2024-11-17T21:32:44+00:00","og_image":[{"width":1920,"height":2560,"url":"https:\/\/daddydread.com\/wp-content\/uploads\/2022\/07\/01-1.jpg","type":"image\/jpeg"}],"twitter_card":"summary_large_image","twitter_misc":{"Gesch\u00e4tzte Lesezeit":"2\u00a0Minuten"},"schema":{"@context":"https:\/\/schema.org","@graph":[{"@type":"WebPage","@id":"https:\/\/daddydread.com\/de\/produkt\/synthetische-dreads-blonde-hellblaue\/","url":"https:\/\/daddydread.com\/de\/produkt\/synthetische-dreads-blonde-hellblaue\/","name":"Blonde Hellblaue Dreadlocks Kaufen, Synthetische Dreads Shop","isPartOf":{"@id":"https:\/\/daddydread.com\/de\/#website"},"primaryImageOfPage":{"@id":"https:\/\/daddydread.com\/de\/produkt\/synthetische-dreads-blonde-hellblaue\/#primaryimage"},"image":{"@id":"https:\/\/daddydread.com\/de\/produkt\/synthetische-dreads-blonde-hellblaue\/#primaryimage"},"thumbnailUrl":"https:\/\/daddydread.com\/wp-content\/uploads\/2022\/07\/01-1.jpg","datePublished":"2022-07-11T12:52:56+00:00","dateModified":"2024-11-17T21:32:44+00:00","description":"Blonde Hellblaue Dreadlocks f\u00fcr M\u00e4nner und Frauen. Lange und kurze haare Dreadlocks Extensions. Lieferung in Deutschland. Daddy Dreads Shop.","breadcrumb":{"@id":"https:\/\/daddydread.com\/de\/produkt\/synthetische-dreads-blonde-hellblaue\/#breadcrumb"},"inLanguage":"de","potentialAction":[{"@type":"ReadAction","target":["https:\/\/daddydread.com\/de\/produkt\/synthetische-dreads-blonde-hellblaue\/"]}]},{"@type":"ImageObject","inLanguage":"de","@id":"https:\/\/daddydread.com\/de\/produkt\/synthetische-dreads-blonde-hellblaue\/#primaryimage","url":"https:\/\/daddydread.com\/wp-content\/uploads\/2022\/07\/01-1.jpg","contentUrl":"https:\/\/daddydread.com\/wp-content\/uploads\/2022\/07\/01-1.jpg","width":1920,"height":2560,"caption":"Crochet Dreads \u2013 Blonde Light Blue"},{"@type":"BreadcrumbList","@id":"https:\/\/daddydread.com\/de\/produkt\/synthetische-dreads-blonde-hellblaue\/#breadcrumb","itemListElement":[{"@type":"ListItem","position":1,"name":"\u0413\u043b\u0430\u0432\u043d\u0430\u044f \u0441\u0442\u0440\u0430\u043d\u0438\u0446\u0430","item":"https:\/\/daddydread.com\/de\/"},{"@type":"ListItem","position":2,"name":"Dreadlocks Shop","item":"https:\/\/daddydread.com\/de\/shop\/"},{"@type":"ListItem","position":3,"name":"Synthetische Dreads \u2013 Blonde Hellblaue"}]},{"@type":"WebSite","@id":"https:\/\/daddydread.com\/de\/#website","url":"https:\/\/daddydread.com\/de\/","name":"Daddy Dreads","description":"Dreadlocks shop","potentialAction":[{"@type":"SearchAction","target":{"@type":"EntryPoint","urlTemplate":"https:\/\/daddydread.com\/de\/?s={search_term_string}"},"query-input":"required name=search_term_string"}],"inLanguage":"de"}]}},"jetpack_sharing_enabled":true,"_links":{"self":[{"href":"https:\/\/daddydread.com\/de\/wp-json\/wp\/v2\/product\/28514","targetHints":{"allow":["GET"]}}],"collection":[{"href":"https:\/\/daddydread.com\/de\/wp-json\/wp\/v2\/product"}],"about":[{"href":"https:\/\/daddydread.com\/de\/wp-json\/wp\/v2\/types\/product"}],"replies":[{"embeddable":true,"href":"https:\/\/daddydread.com\/de\/wp-json\/wp\/v2\/comments?post=28514"}],"wp:featuredmedia":[{"embeddable":true,"href":"https:\/\/daddydread.com\/de\/wp-json\/wp\/v2\/media\/34548"}],"wp:attachment":[{"href":"https:\/\/daddydread.com\/de\/wp-json\/wp\/v2\/media?parent=28514"}],"wp:term":[{"taxonomy":"product_brand","embeddable":true,"href":"https:\/\/daddydread.com\/de\/wp-json\/wp\/v2\/product_brand?post=28514"},{"taxonomy":"product_cat","embeddable":true,"href":"https:\/\/daddydread.com\/de\/wp-json\/wp\/v2\/product_cat?post=28514"},{"taxonomy":"product_tag","embeddable":true,"href":"https:\/\/daddydread.com\/de\/wp-json\/wp\/v2\/product_tag?post=28514"}],"curies":[{"name":"wp","href":"https:\/\/api.w.org\/{rel}","templated":true}]}}