{"id":28443,"date":"2022-07-11T15:52:56","date_gmt":"2022-07-11T12:52:56","guid":{"rendered":"https:\/\/daddydread.com\/product\/synthetische-dreads-dunkelbraune\/"},"modified":"2024-04-22T23:33:24","modified_gmt":"2024-04-22T20:33:24","slug":"synthetische-dreads-dunkelbraune","status":"publish","type":"product","link":"https:\/\/daddydread.com\/de\/produkt\/synthetische-dreads-dunkelbraune\/","title":{"rendered":"Synthetische Dreads \u2013 Dunkelbraune"},"content":{"rendered":"<p>Wir pr\u00e4sentieren die luxuri\u00f6sen dunkelbraunen H\u00e4kel-Dreadlocks von Daddy Dreads Studio. Diese handgefertigten Dreadlocks werden mit Pr\u00e4zision und Sorgfalt aus hochwertigem, hypoallergenem Kunsthaar geflochten, das f\u00fcr einen nat\u00fcrlichen und raffinierten Look sorgt. Die tiefe, satte dunkelbraune Farbe bietet einen eleganten Hintergrund, der zu jedem Hautton passt und Ihren pers\u00f6nlichen Stil mit einem klassischen Touch unterstreicht.<\/p>\n<h2>Eigenschaften von geh\u00e4kelten Dreadlocks \u2013 Dunkelbraun<\/h2>\n<ul>\n<li><strong>Hervorragende Handwerkskunst:<\/strong> Jede Dreadlock wird sorgf\u00e4ltig mit einer feinen 0,5-mm-Nadel f\u00fcr dauerhafte Qualit\u00e4t hergestellt.<\/li>\n<li><strong>Bequem zu tragen:<\/strong> Leicht und weich, bieten diese Dreadlocks den ganzen Tag lang Komfort, ohne zu beschweren.<\/li>\n<li><strong>Weiche Textur:<\/strong> Sp\u00fcren Sie den Unterschied mit unserem weichen, hypoallergenen Kunsthaar, das sanft zu Ihrer Kopfhaut ist.<\/li>\n<li><strong>Nat\u00fcrliches Erscheinungsbild:<\/strong> Der dunkelbraune Farbton f\u00fcgt sich nahtlos in Ihr nat\u00fcrliches Haar ein und verleiht Ihnen ein \u00fcppiges, volles Aussehen.<\/li>\n<li><strong>Vielseitiger Stil:<\/strong> Perfekt, um sowohl l\u00e4ssigen als auch formellen Looks einen Hauch von Eleganz zu verleihen.<\/li>\n<\/ul>\n<p>Die Pflege deiner dunkelbraunen Dreadlocks ist ganz einfach. Trage sie bis zu zwei Monate lang, bevor du sie abnimmst, um dein Haar zu entwirren. Reinige sie mit in Wasser verd\u00fcnntem Shampoo und trockne sie mit k\u00fchler oder warmer Luft. Um ihr makelloses Aussehen zu erhalten, solltest du gro\u00dfe Hitze vermeiden.<\/p>\n<p>Kombiniere diese dunkelbraunen Dreadlocks mit <strong><a href=\"https:\/\/daddydread.com\/de\/produkt-kategorie\/texturierte-dreadlocks\/\">strukturierten<\/a><\/strong> oder <strong><a href=\"https:\/\/daddydread.com\/de\/produkt-kategorie\/lockige-dreadlocks\/\">gelockten Dreadlocks<\/a><\/strong>, um einen einzigartigen Look zu kreieren, oder trage sie so, wie sie sind, f\u00fcr ein raffiniertes, poliertes Aussehen. Wenn du einen bestimmten Stil oder eine Farbkombination suchst, die nicht auf unserer Website zu finden ist, kontaktiere uns f\u00fcr individuelle Optionen.<\/p>\n","protected":false},"excerpt":{"rendered":"<p>Entdecken Sie den Reichtum dunkelbrauner, geh\u00e4kelter Dreadlocks. Diese handgeflochtenen Dreadlocks aus hochwertigem Kunsthaar bieten einen nat\u00fcrlichen Look, der sowohl elegant als auch praktisch ist. Die dunkelbraune Farbe verleiht jedem Ensemble Tiefe und Raffinesse und sorgt daf\u00fcr, dass Sie \u00fcberall gepflegt und souver\u00e4n aussehen. Ideal f\u00fcr alle, die Wert auf Stil und Qualit\u00e4t legen.<\/p>\n","protected":false},"featured_media":38429,"comment_status":"open","ping_status":"closed","template":"","meta":{"_acf_changed":false},"product_brand":[],"product_cat":[258,255,256,246],"product_tag":[],"class_list":{"0":"post-28443","1":"product","2":"type-product","3":"status-publish","4":"has-post-thumbnail","6":"product_cat-maenner-dreadlocks","7":"product_cat-synthetische-dreadlocks","8":"product_cat-ombre-dreadlocks","9":"product_cat-frauen-dreadlocks","11":"first","12":"instock","13":"shipping-taxable","14":"purchasable","15":"product-type-variable"},"acf":[],"yoast_head":"<!-- This site is optimized with the Yoast SEO plugin v22.3 - https:\/\/yoast.com\/wordpress\/plugins\/seo\/ -->\n<title>Dunkelbraune Dreadlocks Kaufen, Synthetische Dreads Shop<\/title>\n<meta name=\"description\" content=\"Dunkelbraune Dreadlocks f\u00fcr M\u00e4nner und Frauen. Lange und kurze haare Dreadlocks Extensions. Lieferung in Deutschland. Daddy Dreads Shop.\" \/>\n<meta name=\"robots\" content=\"index, follow, max-snippet:-1, max-image-preview:large, max-video-preview:-1\" \/>\n<link rel=\"canonical\" href=\"https:\/\/daddydread.com\/de\/produkt\/synthetische-dreads-dunkelbraune\/\" \/>\n<meta property=\"og:locale\" content=\"de_DE\" \/>\n<meta property=\"og:type\" content=\"article\" \/>\n<meta property=\"og:title\" content=\"Dunkelbraune Dreadlocks Kaufen, Synthetische Dreads Shop\" \/>\n<meta property=\"og:description\" content=\"Dunkelbraune Dreadlocks f\u00fcr M\u00e4nner und Frauen. Lange und kurze haare Dreadlocks Extensions. Lieferung in Deutschland. Daddy Dreads Shop.\" \/>\n<meta property=\"og:url\" content=\"https:\/\/daddydread.com\/de\/produkt\/synthetische-dreads-dunkelbraune\/\" \/>\n<meta property=\"og:site_name\" content=\"Daddy Dreads\" \/>\n<meta property=\"article:modified_time\" content=\"2024-04-22T20:33:24+00:00\" \/>\n<meta property=\"og:image\" content=\"https:\/\/daddydread.com\/wp-content\/uploads\/2022\/07\/01-9.jpg\" \/>\n\t<meta property=\"og:image:width\" content=\"1920\" \/>\n\t<meta property=\"og:image:height\" content=\"2560\" \/>\n\t<meta property=\"og:image:type\" content=\"image\/jpeg\" \/>\n<meta name=\"twitter:card\" content=\"summary_large_image\" \/>\n<meta name=\"twitter:label1\" content=\"Gesch\u00e4tzte Lesezeit\" \/>\n\t<meta name=\"twitter:data1\" content=\"2\u00a0Minuten\" \/>\n<script type=\"application\/ld+json\" class=\"yoast-schema-graph\">{\"@context\":\"https:\/\/schema.org\",\"@graph\":[{\"@type\":\"WebPage\",\"@id\":\"https:\/\/daddydread.com\/de\/produkt\/synthetische-dreads-dunkelbraune\/\",\"url\":\"https:\/\/daddydread.com\/de\/produkt\/synthetische-dreads-dunkelbraune\/\",\"name\":\"Dunkelbraune Dreadlocks Kaufen, Synthetische Dreads Shop\",\"isPartOf\":{\"@id\":\"https:\/\/daddydread.com\/de\/#website\"},\"primaryImageOfPage\":{\"@id\":\"https:\/\/daddydread.com\/de\/produkt\/synthetische-dreads-dunkelbraune\/#primaryimage\"},\"image\":{\"@id\":\"https:\/\/daddydread.com\/de\/produkt\/synthetische-dreads-dunkelbraune\/#primaryimage\"},\"thumbnailUrl\":\"https:\/\/daddydread.com\/wp-content\/uploads\/2024\/06\/img_6507-1.jpeg\",\"datePublished\":\"2022-07-11T12:52:56+00:00\",\"dateModified\":\"2024-04-22T20:33:24+00:00\",\"description\":\"Dunkelbraune Dreadlocks f\u00fcr M\u00e4nner und Frauen. Lange und kurze haare Dreadlocks Extensions. Lieferung in Deutschland. Daddy Dreads Shop.\",\"breadcrumb\":{\"@id\":\"https:\/\/daddydread.com\/de\/produkt\/synthetische-dreads-dunkelbraune\/#breadcrumb\"},\"inLanguage\":\"de\",\"potentialAction\":[{\"@type\":\"ReadAction\",\"target\":[\"https:\/\/daddydread.com\/de\/produkt\/synthetische-dreads-dunkelbraune\/\"]}]},{\"@type\":\"ImageObject\",\"inLanguage\":\"de\",\"@id\":\"https:\/\/daddydread.com\/de\/produkt\/synthetische-dreads-dunkelbraune\/#primaryimage\",\"url\":\"https:\/\/daddydread.com\/wp-content\/uploads\/2024\/06\/img_6507-1.jpeg\",\"contentUrl\":\"https:\/\/daddydread.com\/wp-content\/uploads\/2024\/06\/img_6507-1.jpeg\",\"width\":1920,\"height\":2560},{\"@type\":\"BreadcrumbList\",\"@id\":\"https:\/\/daddydread.com\/de\/produkt\/synthetische-dreads-dunkelbraune\/#breadcrumb\",\"itemListElement\":[{\"@type\":\"ListItem\",\"position\":1,\"name\":\"\u0413\u043b\u0430\u0432\u043d\u0430\u044f \u0441\u0442\u0440\u0430\u043d\u0438\u0446\u0430\",\"item\":\"https:\/\/daddydread.com\/de\/\"},{\"@type\":\"ListItem\",\"position\":2,\"name\":\"Dreadlocks Shop\",\"item\":\"https:\/\/daddydread.com\/de\/shop\/\"},{\"@type\":\"ListItem\",\"position\":3,\"name\":\"Synthetische Dreads \u2013 Dunkelbraune\"}]},{\"@type\":\"WebSite\",\"@id\":\"https:\/\/daddydread.com\/de\/#website\",\"url\":\"https:\/\/daddydread.com\/de\/\",\"name\":\"Daddy Dreads\",\"description\":\"Dreadlocks shop\",\"potentialAction\":[{\"@type\":\"SearchAction\",\"target\":{\"@type\":\"EntryPoint\",\"urlTemplate\":\"https:\/\/daddydread.com\/de\/?s={search_term_string}\"},\"query-input\":\"required name=search_term_string\"}],\"inLanguage\":\"de\"}]}<\/script>\n<!-- \/ Yoast SEO plugin. -->","yoast_head_json":{"title":"Dunkelbraune Dreadlocks Kaufen, Synthetische Dreads Shop","description":"Dunkelbraune Dreadlocks f\u00fcr M\u00e4nner und Frauen. Lange und kurze haare Dreadlocks Extensions. Lieferung in Deutschland. Daddy Dreads Shop.","robots":{"index":"index","follow":"follow","max-snippet":"max-snippet:-1","max-image-preview":"max-image-preview:large","max-video-preview":"max-video-preview:-1"},"canonical":"https:\/\/daddydread.com\/de\/produkt\/synthetische-dreads-dunkelbraune\/","og_locale":"de_DE","og_type":"article","og_title":"Dunkelbraune Dreadlocks Kaufen, Synthetische Dreads Shop","og_description":"Dunkelbraune Dreadlocks f\u00fcr M\u00e4nner und Frauen. Lange und kurze haare Dreadlocks Extensions. Lieferung in Deutschland. Daddy Dreads Shop.","og_url":"https:\/\/daddydread.com\/de\/produkt\/synthetische-dreads-dunkelbraune\/","og_site_name":"Daddy Dreads","article_modified_time":"2024-04-22T20:33:24+00:00","og_image":[{"width":1920,"height":2560,"url":"https:\/\/daddydread.com\/wp-content\/uploads\/2022\/07\/01-9.jpg","type":"image\/jpeg"}],"twitter_card":"summary_large_image","twitter_misc":{"Gesch\u00e4tzte Lesezeit":"2\u00a0Minuten"},"schema":{"@context":"https:\/\/schema.org","@graph":[{"@type":"WebPage","@id":"https:\/\/daddydread.com\/de\/produkt\/synthetische-dreads-dunkelbraune\/","url":"https:\/\/daddydread.com\/de\/produkt\/synthetische-dreads-dunkelbraune\/","name":"Dunkelbraune Dreadlocks Kaufen, Synthetische Dreads Shop","isPartOf":{"@id":"https:\/\/daddydread.com\/de\/#website"},"primaryImageOfPage":{"@id":"https:\/\/daddydread.com\/de\/produkt\/synthetische-dreads-dunkelbraune\/#primaryimage"},"image":{"@id":"https:\/\/daddydread.com\/de\/produkt\/synthetische-dreads-dunkelbraune\/#primaryimage"},"thumbnailUrl":"https:\/\/daddydread.com\/wp-content\/uploads\/2024\/06\/img_6507-1.jpeg","datePublished":"2022-07-11T12:52:56+00:00","dateModified":"2024-04-22T20:33:24+00:00","description":"Dunkelbraune Dreadlocks f\u00fcr M\u00e4nner und Frauen. Lange und kurze haare Dreadlocks Extensions. Lieferung in Deutschland. Daddy Dreads Shop.","breadcrumb":{"@id":"https:\/\/daddydread.com\/de\/produkt\/synthetische-dreads-dunkelbraune\/#breadcrumb"},"inLanguage":"de","potentialAction":[{"@type":"ReadAction","target":["https:\/\/daddydread.com\/de\/produkt\/synthetische-dreads-dunkelbraune\/"]}]},{"@type":"ImageObject","inLanguage":"de","@id":"https:\/\/daddydread.com\/de\/produkt\/synthetische-dreads-dunkelbraune\/#primaryimage","url":"https:\/\/daddydread.com\/wp-content\/uploads\/2024\/06\/img_6507-1.jpeg","contentUrl":"https:\/\/daddydread.com\/wp-content\/uploads\/2024\/06\/img_6507-1.jpeg","width":1920,"height":2560},{"@type":"BreadcrumbList","@id":"https:\/\/daddydread.com\/de\/produkt\/synthetische-dreads-dunkelbraune\/#breadcrumb","itemListElement":[{"@type":"ListItem","position":1,"name":"\u0413\u043b\u0430\u0432\u043d\u0430\u044f \u0441\u0442\u0440\u0430\u043d\u0438\u0446\u0430","item":"https:\/\/daddydread.com\/de\/"},{"@type":"ListItem","position":2,"name":"Dreadlocks Shop","item":"https:\/\/daddydread.com\/de\/shop\/"},{"@type":"ListItem","position":3,"name":"Synthetische Dreads \u2013 Dunkelbraune"}]},{"@type":"WebSite","@id":"https:\/\/daddydread.com\/de\/#website","url":"https:\/\/daddydread.com\/de\/","name":"Daddy Dreads","description":"Dreadlocks shop","potentialAction":[{"@type":"SearchAction","target":{"@type":"EntryPoint","urlTemplate":"https:\/\/daddydread.com\/de\/?s={search_term_string}"},"query-input":"required name=search_term_string"}],"inLanguage":"de"}]}},"jetpack_sharing_enabled":true,"_links":{"self":[{"href":"https:\/\/daddydread.com\/de\/wp-json\/wp\/v2\/product\/28443","targetHints":{"allow":["GET"]}}],"collection":[{"href":"https:\/\/daddydread.com\/de\/wp-json\/wp\/v2\/product"}],"about":[{"href":"https:\/\/daddydread.com\/de\/wp-json\/wp\/v2\/types\/product"}],"replies":[{"embeddable":true,"href":"https:\/\/daddydread.com\/de\/wp-json\/wp\/v2\/comments?post=28443"}],"wp:featuredmedia":[{"embeddable":true,"href":"https:\/\/daddydread.com\/de\/wp-json\/wp\/v2\/media\/38429"}],"wp:attachment":[{"href":"https:\/\/daddydread.com\/de\/wp-json\/wp\/v2\/media?parent=28443"}],"wp:term":[{"taxonomy":"product_brand","embeddable":true,"href":"https:\/\/daddydread.com\/de\/wp-json\/wp\/v2\/product_brand?post=28443"},{"taxonomy":"product_cat","embeddable":true,"href":"https:\/\/daddydread.com\/de\/wp-json\/wp\/v2\/product_cat?post=28443"},{"taxonomy":"product_tag","embeddable":true,"href":"https:\/\/daddydread.com\/de\/wp-json\/wp\/v2\/product_tag?post=28443"}],"curies":[{"name":"wp","href":"https:\/\/api.w.org\/{rel}","templated":true}]}}