{"id":28420,"date":"2022-07-11T15:52:55","date_gmt":"2022-07-11T12:52:55","guid":{"rendered":"https:\/\/daddydread.com\/product\/synthetische-dreads-blonde\/"},"modified":"2024-04-22T03:35:53","modified_gmt":"2024-04-22T00:35:53","slug":"synthetische-dreads-blonde","status":"publish","type":"product","link":"https:\/\/daddydread.com\/de\/produkt\/synthetische-dreads-blonde\/","title":{"rendered":"Synthetische Dreads \u2013 Blonde"},"content":{"rendered":"<p>Mit den gestrickten Faux-Dreadlocks von Daddy Dreads Studio in einer hellen Farbe bringst du einen neuen Stil ins Leben. Dreadlock wird in sorgf\u00e4ltiger Handarbeit aus hochwertigem, hypoallergenem Synthetikhaar hergestellt, damit der Look genauso atemberaubend ist wie bei nat\u00fcrlichem Haar. Die sch\u00f6ne blonde Farbe bietet ein frisches und lebendiges Aussehen, perfekt f\u00fcr alle, die ihren Look mit Flair aufhellen wollen.<\/p>\n<h2>Eigenschaften von k\u00fcnstlichen Dreadlocks \u2013 Blonde<\/h2>\n<ul>\n<li><strong>Hochwertiges Geflecht:<\/strong> Jede Dreadlock wird mit einem feinen 0,5 mm Haken pr\u00e4zise gewebt, um Haltbarkeit und einen raffinierten Look zu gew\u00e4hrleisten.<\/li>\n<li><strong>Leicht und bequem:<\/strong> Tragen Sie sie, ohne sich beschwert zu f\u00fchlen, perfekt f\u00fcr langes Tragen.<\/li>\n<li><strong>Weiche Textur:<\/strong> Unsere Dreadlocks f\u00fchlen sich weich an und bieten den ganzen Tag \u00fcber einen hohen Tragekomfort.<\/li>\n<li><strong>Dicke Enden:<\/strong> Vermeidet die d\u00fcnnen Spitzen, die man bei anderen synthetischen Dreadlocks sieht.<\/li>\n<li><strong>Nat\u00fcrlich aussehend:<\/strong> Der blonde Farbton f\u00fcgt sich nahtlos in Ihr nat\u00fcrliches Haar ein und sorgt f\u00fcr einen authentischen und stilvollen Look.<\/li>\n<\/ul>\n<p>Die Pflege deiner H\u00e4kel-Dreadlocks in Blond ist ganz einfach. Du kannst sie bis zu zwei Monate lang tragen, bevor sie abgenommen und dein Haar entwirrt werden muss. Das Waschen ist ganz einfach: Verwende einfach ein mit Wasser verd\u00fcnntes Shampoo und trockne sie mit warmer oder k\u00fchler Luft. Denken Sie daran, dass gro\u00dfe Hitze die Struktur besch\u00e4digen kann, halten Sie sie also von extremer Hitze fern.<\/p>\n<p>Du kannst diese blonden Dreadlocks mit anderen <strong><a href=\"https:\/\/daddydread.com\/de\/produkt-kategorie\/texturierte-dreadlocks\/\">strukturierten Dreadlocks<\/a><\/strong> aus unserem Sortiment kombinieren, um deinen Look zu individualisieren. Wenn du eine besondere Farbmischung oder ein individuelles Design suchst, kontaktiere uns einfach!<\/p>\n","protected":false},"excerpt":{"rendered":"<p>Bringen Sie Ihren Stil mit gestrickten Dreadlocks in einer hellen Farbe zum Leuchten. Diese handgefertigten, hypoallergenen synthetischen Dreadlocks sind perfekt f\u00fcr alle, die ihrem Look einen Hauch von Helligkeit verleihen wollen. Weich, leicht und sch\u00f6n gewebt, bieten sie einen nat\u00fcrlichen und bequemen Sitz.<\/p>\n","protected":false},"featured_media":38447,"comment_status":"open","ping_status":"closed","template":"","meta":{"_acf_changed":false},"product_brand":[],"product_cat":[260,255,256,246],"product_tag":[],"class_list":{"0":"post-28420","1":"product","2":"type-product","3":"status-publish","4":"has-post-thumbnail","6":"product_cat-doppelendige-dreadlocks","7":"product_cat-synthetische-dreadlocks","8":"product_cat-ombre-dreadlocks","9":"product_cat-frauen-dreadlocks","11":"first","12":"instock","13":"shipping-taxable","14":"purchasable","15":"product-type-variable"},"acf":[],"yoast_head":"<!-- This site is optimized with the Yoast SEO plugin v22.3 - https:\/\/yoast.com\/wordpress\/plugins\/seo\/ -->\n<title>Blonde Dreadlocks Kaufen, Synthetische Dreads Shop<\/title>\n<meta name=\"description\" content=\"Blonde Dreadlocks f\u00fcr M\u00e4nner und Frauen. Lange und kurze haare Dreadlocks Extensions. Lieferung in Deutschland. Daddy Dreads Shop.\" \/>\n<meta name=\"robots\" content=\"index, follow, max-snippet:-1, max-image-preview:large, max-video-preview:-1\" \/>\n<link rel=\"canonical\" href=\"https:\/\/daddydread.com\/de\/produkt\/synthetische-dreads-blonde\/\" \/>\n<meta property=\"og:locale\" content=\"de_DE\" \/>\n<meta property=\"og:type\" content=\"article\" \/>\n<meta property=\"og:title\" content=\"Blonde Dreadlocks Kaufen, Synthetische Dreads Shop\" \/>\n<meta property=\"og:description\" content=\"Blonde Dreadlocks f\u00fcr M\u00e4nner und Frauen. Lange und kurze haare Dreadlocks Extensions. Lieferung in Deutschland. Daddy Dreads Shop.\" \/>\n<meta property=\"og:url\" content=\"https:\/\/daddydread.com\/de\/produkt\/synthetische-dreads-blonde\/\" \/>\n<meta property=\"og:site_name\" content=\"Daddy Dreads\" \/>\n<meta property=\"article:modified_time\" content=\"2024-04-22T00:35:53+00:00\" \/>\n<meta property=\"og:image\" content=\"https:\/\/daddydread.com\/wp-content\/uploads\/2022\/07\/\u0413\u043b\u0430\u0432\u043d\u0430\u044f.jpg\" \/>\n\t<meta property=\"og:image:width\" content=\"1920\" \/>\n\t<meta property=\"og:image:height\" content=\"2560\" \/>\n\t<meta property=\"og:image:type\" content=\"image\/jpeg\" \/>\n<meta name=\"twitter:card\" content=\"summary_large_image\" \/>\n<meta name=\"twitter:label1\" content=\"Gesch\u00e4tzte Lesezeit\" \/>\n\t<meta name=\"twitter:data1\" content=\"2\u00a0Minuten\" \/>\n<script type=\"application\/ld+json\" class=\"yoast-schema-graph\">{\"@context\":\"https:\/\/schema.org\",\"@graph\":[{\"@type\":\"WebPage\",\"@id\":\"https:\/\/daddydread.com\/de\/produkt\/synthetische-dreads-blonde\/\",\"url\":\"https:\/\/daddydread.com\/de\/produkt\/synthetische-dreads-blonde\/\",\"name\":\"Blonde Dreadlocks Kaufen, Synthetische Dreads Shop\",\"isPartOf\":{\"@id\":\"https:\/\/daddydread.com\/de\/#website\"},\"primaryImageOfPage\":{\"@id\":\"https:\/\/daddydread.com\/de\/produkt\/synthetische-dreads-blonde\/#primaryimage\"},\"image\":{\"@id\":\"https:\/\/daddydread.com\/de\/produkt\/synthetische-dreads-blonde\/#primaryimage\"},\"thumbnailUrl\":\"https:\/\/daddydread.com\/wp-content\/uploads\/2024\/06\/img_6520.jpeg\",\"datePublished\":\"2022-07-11T12:52:55+00:00\",\"dateModified\":\"2024-04-22T00:35:53+00:00\",\"description\":\"Blonde Dreadlocks f\u00fcr M\u00e4nner und Frauen. Lange und kurze haare Dreadlocks Extensions. Lieferung in Deutschland. Daddy Dreads Shop.\",\"breadcrumb\":{\"@id\":\"https:\/\/daddydread.com\/de\/produkt\/synthetische-dreads-blonde\/#breadcrumb\"},\"inLanguage\":\"de\",\"potentialAction\":[{\"@type\":\"ReadAction\",\"target\":[\"https:\/\/daddydread.com\/de\/produkt\/synthetische-dreads-blonde\/\"]}]},{\"@type\":\"ImageObject\",\"inLanguage\":\"de\",\"@id\":\"https:\/\/daddydread.com\/de\/produkt\/synthetische-dreads-blonde\/#primaryimage\",\"url\":\"https:\/\/daddydread.com\/wp-content\/uploads\/2024\/06\/img_6520.jpeg\",\"contentUrl\":\"https:\/\/daddydread.com\/wp-content\/uploads\/2024\/06\/img_6520.jpeg\",\"width\":1920,\"height\":2560},{\"@type\":\"BreadcrumbList\",\"@id\":\"https:\/\/daddydread.com\/de\/produkt\/synthetische-dreads-blonde\/#breadcrumb\",\"itemListElement\":[{\"@type\":\"ListItem\",\"position\":1,\"name\":\"\u0413\u043b\u0430\u0432\u043d\u0430\u044f \u0441\u0442\u0440\u0430\u043d\u0438\u0446\u0430\",\"item\":\"https:\/\/daddydread.com\/de\/\"},{\"@type\":\"ListItem\",\"position\":2,\"name\":\"Dreadlocks Shop\",\"item\":\"https:\/\/daddydread.com\/de\/shop\/\"},{\"@type\":\"ListItem\",\"position\":3,\"name\":\"Synthetische Dreads \u2013 Blonde\"}]},{\"@type\":\"WebSite\",\"@id\":\"https:\/\/daddydread.com\/de\/#website\",\"url\":\"https:\/\/daddydread.com\/de\/\",\"name\":\"Daddy Dreads\",\"description\":\"Dreadlocks shop\",\"potentialAction\":[{\"@type\":\"SearchAction\",\"target\":{\"@type\":\"EntryPoint\",\"urlTemplate\":\"https:\/\/daddydread.com\/de\/?s={search_term_string}\"},\"query-input\":\"required name=search_term_string\"}],\"inLanguage\":\"de\"}]}<\/script>\n<!-- \/ Yoast SEO plugin. -->","yoast_head_json":{"title":"Blonde Dreadlocks Kaufen, Synthetische Dreads Shop","description":"Blonde Dreadlocks f\u00fcr M\u00e4nner und Frauen. Lange und kurze haare Dreadlocks Extensions. Lieferung in Deutschland. Daddy Dreads Shop.","robots":{"index":"index","follow":"follow","max-snippet":"max-snippet:-1","max-image-preview":"max-image-preview:large","max-video-preview":"max-video-preview:-1"},"canonical":"https:\/\/daddydread.com\/de\/produkt\/synthetische-dreads-blonde\/","og_locale":"de_DE","og_type":"article","og_title":"Blonde Dreadlocks Kaufen, Synthetische Dreads Shop","og_description":"Blonde Dreadlocks f\u00fcr M\u00e4nner und Frauen. Lange und kurze haare Dreadlocks Extensions. Lieferung in Deutschland. Daddy Dreads Shop.","og_url":"https:\/\/daddydread.com\/de\/produkt\/synthetische-dreads-blonde\/","og_site_name":"Daddy Dreads","article_modified_time":"2024-04-22T00:35:53+00:00","og_image":[{"width":1920,"height":2560,"url":"https:\/\/daddydread.com\/wp-content\/uploads\/2022\/07\/\u0413\u043b\u0430\u0432\u043d\u0430\u044f.jpg","type":"image\/jpeg"}],"twitter_card":"summary_large_image","twitter_misc":{"Gesch\u00e4tzte Lesezeit":"2\u00a0Minuten"},"schema":{"@context":"https:\/\/schema.org","@graph":[{"@type":"WebPage","@id":"https:\/\/daddydread.com\/de\/produkt\/synthetische-dreads-blonde\/","url":"https:\/\/daddydread.com\/de\/produkt\/synthetische-dreads-blonde\/","name":"Blonde Dreadlocks Kaufen, Synthetische Dreads Shop","isPartOf":{"@id":"https:\/\/daddydread.com\/de\/#website"},"primaryImageOfPage":{"@id":"https:\/\/daddydread.com\/de\/produkt\/synthetische-dreads-blonde\/#primaryimage"},"image":{"@id":"https:\/\/daddydread.com\/de\/produkt\/synthetische-dreads-blonde\/#primaryimage"},"thumbnailUrl":"https:\/\/daddydread.com\/wp-content\/uploads\/2024\/06\/img_6520.jpeg","datePublished":"2022-07-11T12:52:55+00:00","dateModified":"2024-04-22T00:35:53+00:00","description":"Blonde Dreadlocks f\u00fcr M\u00e4nner und Frauen. Lange und kurze haare Dreadlocks Extensions. Lieferung in Deutschland. Daddy Dreads Shop.","breadcrumb":{"@id":"https:\/\/daddydread.com\/de\/produkt\/synthetische-dreads-blonde\/#breadcrumb"},"inLanguage":"de","potentialAction":[{"@type":"ReadAction","target":["https:\/\/daddydread.com\/de\/produkt\/synthetische-dreads-blonde\/"]}]},{"@type":"ImageObject","inLanguage":"de","@id":"https:\/\/daddydread.com\/de\/produkt\/synthetische-dreads-blonde\/#primaryimage","url":"https:\/\/daddydread.com\/wp-content\/uploads\/2024\/06\/img_6520.jpeg","contentUrl":"https:\/\/daddydread.com\/wp-content\/uploads\/2024\/06\/img_6520.jpeg","width":1920,"height":2560},{"@type":"BreadcrumbList","@id":"https:\/\/daddydread.com\/de\/produkt\/synthetische-dreads-blonde\/#breadcrumb","itemListElement":[{"@type":"ListItem","position":1,"name":"\u0413\u043b\u0430\u0432\u043d\u0430\u044f \u0441\u0442\u0440\u0430\u043d\u0438\u0446\u0430","item":"https:\/\/daddydread.com\/de\/"},{"@type":"ListItem","position":2,"name":"Dreadlocks Shop","item":"https:\/\/daddydread.com\/de\/shop\/"},{"@type":"ListItem","position":3,"name":"Synthetische Dreads \u2013 Blonde"}]},{"@type":"WebSite","@id":"https:\/\/daddydread.com\/de\/#website","url":"https:\/\/daddydread.com\/de\/","name":"Daddy Dreads","description":"Dreadlocks shop","potentialAction":[{"@type":"SearchAction","target":{"@type":"EntryPoint","urlTemplate":"https:\/\/daddydread.com\/de\/?s={search_term_string}"},"query-input":"required name=search_term_string"}],"inLanguage":"de"}]}},"jetpack_sharing_enabled":true,"_links":{"self":[{"href":"https:\/\/daddydread.com\/de\/wp-json\/wp\/v2\/product\/28420","targetHints":{"allow":["GET"]}}],"collection":[{"href":"https:\/\/daddydread.com\/de\/wp-json\/wp\/v2\/product"}],"about":[{"href":"https:\/\/daddydread.com\/de\/wp-json\/wp\/v2\/types\/product"}],"replies":[{"embeddable":true,"href":"https:\/\/daddydread.com\/de\/wp-json\/wp\/v2\/comments?post=28420"}],"wp:featuredmedia":[{"embeddable":true,"href":"https:\/\/daddydread.com\/de\/wp-json\/wp\/v2\/media\/38447"}],"wp:attachment":[{"href":"https:\/\/daddydread.com\/de\/wp-json\/wp\/v2\/media?parent=28420"}],"wp:term":[{"taxonomy":"product_brand","embeddable":true,"href":"https:\/\/daddydread.com\/de\/wp-json\/wp\/v2\/product_brand?post=28420"},{"taxonomy":"product_cat","embeddable":true,"href":"https:\/\/daddydread.com\/de\/wp-json\/wp\/v2\/product_cat?post=28420"},{"taxonomy":"product_tag","embeddable":true,"href":"https:\/\/daddydread.com\/de\/wp-json\/wp\/v2\/product_tag?post=28420"}],"curies":[{"name":"wp","href":"https:\/\/api.w.org\/{rel}","templated":true}]}}