{"id":28305,"date":"2022-07-11T15:52:55","date_gmt":"2022-07-11T12:52:55","guid":{"rendered":"https:\/\/daddydread.com\/product\/synthetische-dreads-braune-blonde-boho\/"},"modified":"2026-01-16T22:31:46","modified_gmt":"2026-01-16T19:31:46","slug":"synthetische-dreads-braune-blonde-boho","status":"publish","type":"product","link":"https:\/\/daddydread.com\/de\/produkt\/synthetische-dreads-braune-blonde-boho\/","title":{"rendered":"Synthetische Dreads \u2013 Braune Blonde \u00abBoho\u00bb"},"content":{"rendered":"<p>Sch\u00e4tzen Sie den erdigen Charme der geh\u00e4kelten Faux-Dreadlocks von Daddy Dreads in einer braunen und hellen Boho-Farbe. Diese Dreadlocks werden in sorgf\u00e4ltiger Handarbeit hergestellt und kombinieren braune und helle Farben f\u00fcr einen nat\u00fcrlich sonnigen Farbton und einen vielseitigen Look. Der von der Freiheit inspirierte Boho-Stil passt sowohl zu l\u00e4ssigen als auch zu eleganten Kleidungsst\u00fccken und verleiht deinem Look einen k\u00fcnstlerischen Touch.<\/p>\n<h2>Hauptmerkmale der geh\u00e4kelten Dreadlocks \u2013 Braun Blond &#8218;Boho&#8216;<\/h2>\n<ul>\n<li><strong>Kunsthandwerkliche Qualit\u00e4t:<\/strong> Jede Dreadlock wird mit Pr\u00e4zision und einer feinen 0,5 mm H\u00e4kelnadel gewebt, um ein dauerhaftes und detailliertes Ergebnis zu erzielen.<\/li>\n<li><strong>Leichtes Tragegef\u00fchl:<\/strong> Die Dreadlocks wurden f\u00fcr Leichtigkeit und Komfort entwickelt, so dass Sie sie den ganzen Tag \u00fcber tragen k\u00f6nnen, ohne dass sie zu schwer werden.<\/li>\n<li><strong>Weichheit:<\/strong> Das verwendete Kunsthaar ist hypoallergen und sanft, so dass es sich angenehm auf der Haut anf\u00fchlt.<\/li>\n<li><strong>Nat\u00fcrlicher Look:<\/strong> Die Mischung aus Braun und Blond ahmt das nat\u00fcrliche Haar nach und f\u00fcgt sich nahtlos in Ihr eigenes Haar ein.<\/li>\n<li><strong>Boho-Stil:<\/strong> Perfekt f\u00fcr alle, die eine Boh\u00e8me-\u00c4sthetik lieben.<\/li>\n<\/ul>\n<p>Die Pflege deiner Brown Blonde &#8218;Boho&#8216; Dreadlocks ist einfach. Sie sollten nach zwei Monaten entfernt werden, damit sie sich nicht verheddern. Wasche sie sanft mit verd\u00fcnntem Shampoo und trockne sie bei m\u00e4\u00dfiger Hitze an der Luft. So bleiben ihre sch\u00f6ne Farbe und Struktur erhalten.<\/p>\n<p>Du kannst diese Dreadlocks mit anderen Styles oder <strong><a href=\"https:\/\/daddydread.com\/de\/produkt-kategorie\/texturierte-dreadlocks\/\">strukturierten Dreadlocks<\/a><\/strong> kombinieren, um deinen pers\u00f6nlichen Boh\u00e8me-Look zu kreieren. Wenn du einen besonderen Wunsch hast, sind wir gerne bereit, deine Dreadlocks so anzupassen, dass sie perfekt zu deinen Vorstellungen passen.<\/p>\n","protected":false},"excerpt":{"rendered":"<p>Bringen Sie einen Hauch von Charme in Ihren Stil mit den Boho Knitted Dreadlocks. Diese handgefertigten Dreadlocks kombinieren Braun- und Blondt\u00f6ne f\u00fcr einen nat\u00fcrlichen Look, der zu jedem Stil passt. Sie sind leicht und weich und eignen sich perfekt f\u00fcr alle, die eine Kombination aus Komfort und Freigeistigkeit suchen.<\/p>\n","protected":false},"featured_media":34506,"comment_status":"open","ping_status":"closed","template":"","meta":{"_acf_changed":false},"product_brand":[],"product_cat":[260,258,255,246],"product_tag":[],"class_list":{"0":"post-28305","1":"product","2":"type-product","3":"status-publish","4":"has-post-thumbnail","6":"product_cat-doppelendige-dreadlocks","7":"product_cat-maenner-dreadlocks","8":"product_cat-synthetische-dreadlocks","9":"product_cat-frauen-dreadlocks","11":"first","12":"instock","13":"shipping-taxable","14":"purchasable","15":"product-type-variable"},"acf":[],"yoast_head":"<!-- This site is optimized with the Yoast SEO plugin v22.3 - https:\/\/yoast.com\/wordpress\/plugins\/seo\/ -->\n<title>Braune Blonde Boho Dreadlocks Kaufen, Synthetische Dreads Shop<\/title>\n<meta name=\"description\" content=\"Braune Blonde Boho Dreadlocks f\u00fcr M\u00e4nner und Frauen. Lange und kurze haare Dreadlocks Extensions. Lieferung in Deutschland. Daddy Dreads Shop.\" \/>\n<meta name=\"robots\" content=\"index, follow, max-snippet:-1, max-image-preview:large, max-video-preview:-1\" \/>\n<link rel=\"canonical\" href=\"https:\/\/daddydread.com\/de\/produkt\/synthetische-dreads-braune-blonde-boho\/\" \/>\n<meta property=\"og:locale\" content=\"de_DE\" \/>\n<meta property=\"og:type\" content=\"article\" \/>\n<meta property=\"og:title\" content=\"Braune Blonde Boho Dreadlocks Kaufen, Synthetische Dreads Shop\" \/>\n<meta property=\"og:description\" content=\"Braune Blonde Boho Dreadlocks f\u00fcr M\u00e4nner und Frauen. Lange und kurze haare Dreadlocks Extensions. Lieferung in Deutschland. Daddy Dreads Shop.\" \/>\n<meta property=\"og:url\" content=\"https:\/\/daddydread.com\/de\/produkt\/synthetische-dreads-braune-blonde-boho\/\" \/>\n<meta property=\"og:site_name\" content=\"Daddy Dreads\" \/>\n<meta property=\"article:modified_time\" content=\"2026-01-16T19:31:46+00:00\" \/>\n<meta property=\"og:image\" content=\"https:\/\/daddydread.com\/wp-content\/uploads\/2022\/07\/01-600x800.jpg\" \/>\n\t<meta property=\"og:image:width\" content=\"600\" \/>\n\t<meta property=\"og:image:height\" content=\"800\" \/>\n\t<meta property=\"og:image:type\" content=\"image\/jpeg\" \/>\n<meta name=\"twitter:card\" content=\"summary_large_image\" \/>\n<meta name=\"twitter:label1\" content=\"Gesch\u00e4tzte Lesezeit\" \/>\n\t<meta name=\"twitter:data1\" content=\"2\u00a0Minuten\" \/>\n<script type=\"application\/ld+json\" class=\"yoast-schema-graph\">{\"@context\":\"https:\/\/schema.org\",\"@graph\":[{\"@type\":\"WebPage\",\"@id\":\"https:\/\/daddydread.com\/de\/produkt\/synthetische-dreads-braune-blonde-boho\/\",\"url\":\"https:\/\/daddydread.com\/de\/produkt\/synthetische-dreads-braune-blonde-boho\/\",\"name\":\"Braune Blonde Boho Dreadlocks Kaufen, Synthetische Dreads Shop\",\"isPartOf\":{\"@id\":\"https:\/\/daddydread.com\/de\/#website\"},\"primaryImageOfPage\":{\"@id\":\"https:\/\/daddydread.com\/de\/produkt\/synthetische-dreads-braune-blonde-boho\/#primaryimage\"},\"image\":{\"@id\":\"https:\/\/daddydread.com\/de\/produkt\/synthetische-dreads-braune-blonde-boho\/#primaryimage\"},\"thumbnailUrl\":\"https:\/\/daddydread.com\/wp-content\/uploads\/2022\/07\/01.jpg\",\"datePublished\":\"2022-07-11T12:52:55+00:00\",\"dateModified\":\"2026-01-16T19:31:46+00:00\",\"description\":\"Braune Blonde Boho Dreadlocks f\u00fcr M\u00e4nner und Frauen. Lange und kurze haare Dreadlocks Extensions. Lieferung in Deutschland. Daddy Dreads Shop.\",\"breadcrumb\":{\"@id\":\"https:\/\/daddydread.com\/de\/produkt\/synthetische-dreads-braune-blonde-boho\/#breadcrumb\"},\"inLanguage\":\"de\",\"potentialAction\":[{\"@type\":\"ReadAction\",\"target\":[\"https:\/\/daddydread.com\/de\/produkt\/synthetische-dreads-braune-blonde-boho\/\"]}]},{\"@type\":\"ImageObject\",\"inLanguage\":\"de\",\"@id\":\"https:\/\/daddydread.com\/de\/produkt\/synthetische-dreads-braune-blonde-boho\/#primaryimage\",\"url\":\"https:\/\/daddydread.com\/wp-content\/uploads\/2022\/07\/01.jpg\",\"contentUrl\":\"https:\/\/daddydread.com\/wp-content\/uploads\/2022\/07\/01.jpg\",\"width\":1920,\"height\":2560,\"caption\":\"Crochet Dreads \u2013 Brown Blonde \u00abBoho\u00bb\"},{\"@type\":\"BreadcrumbList\",\"@id\":\"https:\/\/daddydread.com\/de\/produkt\/synthetische-dreads-braune-blonde-boho\/#breadcrumb\",\"itemListElement\":[{\"@type\":\"ListItem\",\"position\":1,\"name\":\"\u0413\u043b\u0430\u0432\u043d\u0430\u044f \u0441\u0442\u0440\u0430\u043d\u0438\u0446\u0430\",\"item\":\"https:\/\/daddydread.com\/de\/\"},{\"@type\":\"ListItem\",\"position\":2,\"name\":\"Dreadlocks Shop\",\"item\":\"https:\/\/daddydread.com\/de\/shop\/\"},{\"@type\":\"ListItem\",\"position\":3,\"name\":\"Synthetische Dreads \u2013 Braune Blonde \u00abBoho\u00bb\"}]},{\"@type\":\"WebSite\",\"@id\":\"https:\/\/daddydread.com\/de\/#website\",\"url\":\"https:\/\/daddydread.com\/de\/\",\"name\":\"Daddy Dreads\",\"description\":\"Dreadlocks shop\",\"potentialAction\":[{\"@type\":\"SearchAction\",\"target\":{\"@type\":\"EntryPoint\",\"urlTemplate\":\"https:\/\/daddydread.com\/de\/?s={search_term_string}\"},\"query-input\":\"required name=search_term_string\"}],\"inLanguage\":\"de\"}]}<\/script>\n<!-- \/ Yoast SEO plugin. -->","yoast_head_json":{"title":"Braune Blonde Boho Dreadlocks Kaufen, Synthetische Dreads Shop","description":"Braune Blonde Boho Dreadlocks f\u00fcr M\u00e4nner und Frauen. Lange und kurze haare Dreadlocks Extensions. Lieferung in Deutschland. Daddy Dreads Shop.","robots":{"index":"index","follow":"follow","max-snippet":"max-snippet:-1","max-image-preview":"max-image-preview:large","max-video-preview":"max-video-preview:-1"},"canonical":"https:\/\/daddydread.com\/de\/produkt\/synthetische-dreads-braune-blonde-boho\/","og_locale":"de_DE","og_type":"article","og_title":"Braune Blonde Boho Dreadlocks Kaufen, Synthetische Dreads Shop","og_description":"Braune Blonde Boho Dreadlocks f\u00fcr M\u00e4nner und Frauen. Lange und kurze haare Dreadlocks Extensions. Lieferung in Deutschland. Daddy Dreads Shop.","og_url":"https:\/\/daddydread.com\/de\/produkt\/synthetische-dreads-braune-blonde-boho\/","og_site_name":"Daddy Dreads","article_modified_time":"2026-01-16T19:31:46+00:00","og_image":[{"width":600,"height":800,"url":"https:\/\/daddydread.com\/wp-content\/uploads\/2022\/07\/01-600x800.jpg","type":"image\/jpeg"}],"twitter_card":"summary_large_image","twitter_misc":{"Gesch\u00e4tzte Lesezeit":"2\u00a0Minuten"},"schema":{"@context":"https:\/\/schema.org","@graph":[{"@type":"WebPage","@id":"https:\/\/daddydread.com\/de\/produkt\/synthetische-dreads-braune-blonde-boho\/","url":"https:\/\/daddydread.com\/de\/produkt\/synthetische-dreads-braune-blonde-boho\/","name":"Braune Blonde Boho Dreadlocks Kaufen, Synthetische Dreads Shop","isPartOf":{"@id":"https:\/\/daddydread.com\/de\/#website"},"primaryImageOfPage":{"@id":"https:\/\/daddydread.com\/de\/produkt\/synthetische-dreads-braune-blonde-boho\/#primaryimage"},"image":{"@id":"https:\/\/daddydread.com\/de\/produkt\/synthetische-dreads-braune-blonde-boho\/#primaryimage"},"thumbnailUrl":"https:\/\/daddydread.com\/wp-content\/uploads\/2022\/07\/01.jpg","datePublished":"2022-07-11T12:52:55+00:00","dateModified":"2026-01-16T19:31:46+00:00","description":"Braune Blonde Boho Dreadlocks f\u00fcr M\u00e4nner und Frauen. Lange und kurze haare Dreadlocks Extensions. Lieferung in Deutschland. Daddy Dreads Shop.","breadcrumb":{"@id":"https:\/\/daddydread.com\/de\/produkt\/synthetische-dreads-braune-blonde-boho\/#breadcrumb"},"inLanguage":"de","potentialAction":[{"@type":"ReadAction","target":["https:\/\/daddydread.com\/de\/produkt\/synthetische-dreads-braune-blonde-boho\/"]}]},{"@type":"ImageObject","inLanguage":"de","@id":"https:\/\/daddydread.com\/de\/produkt\/synthetische-dreads-braune-blonde-boho\/#primaryimage","url":"https:\/\/daddydread.com\/wp-content\/uploads\/2022\/07\/01.jpg","contentUrl":"https:\/\/daddydread.com\/wp-content\/uploads\/2022\/07\/01.jpg","width":1920,"height":2560,"caption":"Crochet Dreads \u2013 Brown Blonde \u00abBoho\u00bb"},{"@type":"BreadcrumbList","@id":"https:\/\/daddydread.com\/de\/produkt\/synthetische-dreads-braune-blonde-boho\/#breadcrumb","itemListElement":[{"@type":"ListItem","position":1,"name":"\u0413\u043b\u0430\u0432\u043d\u0430\u044f \u0441\u0442\u0440\u0430\u043d\u0438\u0446\u0430","item":"https:\/\/daddydread.com\/de\/"},{"@type":"ListItem","position":2,"name":"Dreadlocks Shop","item":"https:\/\/daddydread.com\/de\/shop\/"},{"@type":"ListItem","position":3,"name":"Synthetische Dreads \u2013 Braune Blonde \u00abBoho\u00bb"}]},{"@type":"WebSite","@id":"https:\/\/daddydread.com\/de\/#website","url":"https:\/\/daddydread.com\/de\/","name":"Daddy Dreads","description":"Dreadlocks shop","potentialAction":[{"@type":"SearchAction","target":{"@type":"EntryPoint","urlTemplate":"https:\/\/daddydread.com\/de\/?s={search_term_string}"},"query-input":"required name=search_term_string"}],"inLanguage":"de"}]}},"jetpack_sharing_enabled":true,"_links":{"self":[{"href":"https:\/\/daddydread.com\/de\/wp-json\/wp\/v2\/product\/28305","targetHints":{"allow":["GET"]}}],"collection":[{"href":"https:\/\/daddydread.com\/de\/wp-json\/wp\/v2\/product"}],"about":[{"href":"https:\/\/daddydread.com\/de\/wp-json\/wp\/v2\/types\/product"}],"replies":[{"embeddable":true,"href":"https:\/\/daddydread.com\/de\/wp-json\/wp\/v2\/comments?post=28305"}],"wp:featuredmedia":[{"embeddable":true,"href":"https:\/\/daddydread.com\/de\/wp-json\/wp\/v2\/media\/34506"}],"wp:attachment":[{"href":"https:\/\/daddydread.com\/de\/wp-json\/wp\/v2\/media?parent=28305"}],"wp:term":[{"taxonomy":"product_brand","embeddable":true,"href":"https:\/\/daddydread.com\/de\/wp-json\/wp\/v2\/product_brand?post=28305"},{"taxonomy":"product_cat","embeddable":true,"href":"https:\/\/daddydread.com\/de\/wp-json\/wp\/v2\/product_cat?post=28305"},{"taxonomy":"product_tag","embeddable":true,"href":"https:\/\/daddydread.com\/de\/wp-json\/wp\/v2\/product_tag?post=28305"}],"curies":[{"name":"wp","href":"https:\/\/api.w.org\/{rel}","templated":true}]}}