{"id":28282,"date":"2022-07-11T15:52:54","date_gmt":"2022-07-11T12:52:54","guid":{"rendered":"https:\/\/daddydread.com\/product\/synthetische-dreads-tiefschwarze\/"},"modified":"2023-09-02T21:02:41","modified_gmt":"2023-09-02T18:02:41","slug":"synthetische-dreads-tiefschwarze","status":"publish","type":"product","link":"https:\/\/daddydread.com\/de\/produkt\/synthetische-dreads-tiefschwarze\/","title":{"rendered":"Synthetische Dreads \u2013 Tiefschwarze"},"content":{"rendered":"<h2>Tiefschwarze Dreadlocks Verl\u00e4ngerungen<\/h2>\n<p>Treten Sie ein in die Welt der gewagten Mode mit unseren Tiefschwarze Sets. Das sind besondere Extensions, die dein Aussehen ver\u00e4ndern und zeigen, wer du bist. Unsere qualifizierten Mitarbeiter im Daddy Dreads Studio stellen diese Extensions sorgf\u00e4ltig her. Sie machen es dir leicht, den klassischen tiefschwarzen Stil zu bekommen, den du liebst. Egal, ob du ein Typ bist, der gerne Trends setzt, oder ein M\u00e4dchen, das in Sachen Mode immer einen Schritt voraus ist, mit diesen Dreadlocks kannst du kreativ sein.<\/p>\n<h2>Tiefschwarze Dreadlocks f\u00fcr Frauen<\/h2>\n<p>Hol dir einen cooleren Look mit dem Charme von Tiefschwarze Dreadlocks aus Synthetik. Diese Extensions passen sehr gut zu deinem eigenen Haar und lassen dich auffallen. Egal, ob du dein Haar lang und flie\u00dfend oder kurz und frech haben m\u00f6chtest, mit diesen k\u00fcnstlichen Dreads kannst du deinen einzigartigen Stil zeigen. F\u00fchle dich selbstbewusst und umwerfend mit diesen fantastischen tiefschwarzen Frisuren.<\/p>\n<h2>Tiefschwarze Dreadlocks f\u00fcr M\u00e4nner<\/h2>\n<p>Mach einen gro\u00dfen Eindruck mit den Tiefschwarze Extensions f\u00fcr M\u00e4nner. Tiefschwarz ist stark und k\u00fchn, und mit diesen Extensions kannst du ohne Probleme Dreadlocks ausprobieren. Du kannst einen k\u00fcrzeren und gepflegteren Stil oder einen l\u00e4ngeren und abenteuerlicheren Look haben. Nutze die Kraft von Tiefschwarz, um deinem Haar eine neue, frische Ausstrahlung zu verleihen.<\/p>\n<h2>Tiefschwarze Dreadlocks-Frisuren<\/h2>\n<p>Mit synthetischen Haarverl\u00e4ngerungen in Tiefschwarz er\u00f6ffnet sich eine Welt voller kreativer M\u00f6glichkeiten. Von klassischen Frisuren bis hin zu coolen Z\u00f6pfen &#8211; diese Extensions passen genau zu Ihrem Haar und lassen es voller und f\u00fclliger aussehen. Tiefschwarze passt zu vielen verschiedenen Frisuren, so dass Sie eine Vielzahl von Frisuren ausprobieren k\u00f6nnen. Egal, ob du dich f\u00fcr besondere Anl\u00e4sse herausputzt oder einfach nur leger ausgehst, diese Dreadlocks bieten dir die Grundlage f\u00fcr einige wirklich coole Looks.<\/p>\n<h2>Tiefschwarze Kurze Dreads<\/h2>\n<p>Kurze Haare, gro\u00dfe Wirkung. Unsere kurzen, tiefschwarzen H\u00e4kel-Dreadlocks verwandeln Kurzhaarfrisuren in Statements. Der Kontrast von Tiefschwarz zu deiner nat\u00fcrlichen Haarfarbe erzeugt einen auff\u00e4lligen visuellen Effekt, der deinem Aussehen Charakter und Stil verleiht. Egal, ob du einen minimalistischen Look oder einen auff\u00e4lligen Look anstrebst, diese Extensions verleihen deinem kurzen Haar einen einzigartigen Touch.<\/p>\n<h2>Tiefschwarze Lange Dreads<\/h2>\n<p>Erleben Sie den Reiz der L\u00e4nge mit unseren langen tiefschwarzen H\u00e4kel-Dreadlocks. Der tiefschwarze Farbton verleiht Ihren langen Locken Dramatik und Raffinesse. Egal, ob Sie einen eleganten, raffinierten Look oder einen freiz\u00fcgigen Boh\u00e8me-Look anstreben, diese synthetischen Extensions bilden die Grundlage f\u00fcr fesselnde Looks, die Ihren Stil ausdr\u00fccken.<\/p>\n<h2>Synthetische Dreadlocks FAQ<\/h2>\n<h3>Sind diese Dreadlocks aus echtem Haar hergestellt?<\/h3>\n<p>Nein, unsere tiefschwarzen Dreadlocks werden aus hochwertigen synthetischen Materialien hergestellt, die die Textur und das Aussehen von nat\u00fcrlichem Haar imitieren.<\/p>\n<h3>Kann ich diese Dreads auch selbst anbringen?<\/h3>\n<p>Ja, nat\u00fcrlich! Diese Extensions sind so konzipiert, dass sie sich mit einer H\u00e4kelmethode leicht selbst anbringen lassen.<\/p>\n<h3>Wie lange kann ich erwarten, dass sie halten?<\/h3>\n<p>Bei richtiger Pflege k\u00f6nnen diese synthetischen Dreadlocks mehrere Monate halten. Regelm\u00e4\u00dfige Pflege und schonende Behandlung k\u00f6nnen ihre Lebensdauer verl\u00e4ngern.<\/p>\n<h3>Kann ich sie wie mein nat\u00fcrliches Haar waschen und stylen?<\/h3>\n<p>Ja, du kannst diese Dreadlocks waschen und stylen. Wir stellen Pflegehinweise zur Verf\u00fcgung, die dir helfen, ihr Aussehen und ihre Langlebigkeit zu erhalten.<\/p>\n<h3>Sind sie f\u00fcr alle Haartypen geeignet?<\/h3>\n<p>Ja, unsere Tiefschwarze Sets sind f\u00fcr verschiedene Haartypen geeignet, einschlie\u00dflich glattem, gewelltem und lockigem Haar. Sie k\u00f6nnen deinem nat\u00fcrlichen Haar mehr Volumen und L\u00e4nge verleihen.<\/p>\n<h3>Kann ich diese Dreads in einer anderen Farbe f\u00e4rben?<\/h3>\n<p>Wir empfehlen, sich an der zeitlosen, tiefschwarzen Farbe zu erfreuen. Das F\u00e4rben des synthetischen Materials k\u00f6nnte die Qualit\u00e4t und das Aussehen beeintr\u00e4chtigen.<\/p>\n<h3>Kann ich die L\u00e4nge und Dicke der Dreads anpassen?<\/h3>\n<p>Im Moment bieten wir Standardl\u00e4ngen und -dicken f\u00fcr diese synthetischen Extensions an. Unser Ziel ist es, ein ausgewogenes und stilvolles Aussehen zu gew\u00e4hrleisten.<\/p>\n<h3>Kann ich diese Dreads bei k\u00f6rperlichen Aktivit\u00e4ten tragen?<\/h3>\n<p>Ja, du kannst diese Sets bei verschiedenen Aktivit\u00e4ten tragen. Es ist jedoch ratsam, sie richtig zu befestigen, um Sch\u00e4den oder Unbehagen zu vermeiden.<\/p>\n<h3>K\u00f6nnen diese Dreads Probleme mit der Kopfhaut verursachen?<\/h3>\n<p>Bei ordnungsgem\u00e4\u00dfer Anbringung und Pflege sollten diese Sets keine Probleme mit der Kopfhaut verursachen. Befolge unsere Pflegeanweisungen, damit du dich wohl f\u00fchlst.<\/p>\n<h3>Wie kann ich diese synthetischen Dreads entfernen?<\/h3>\n<p>Das Entfernen der Dreads ist ganz einfach. Befolge sorgf\u00e4ltig unsere Anweisungen zum Entfernen, um dein nat\u00fcrliches Haar oder die Dreadlocks selbst nicht zu besch\u00e4digen.<\/p>\n","protected":false},"excerpt":{"rendered":"<p>Tiefschwarze Dreadlocks Verl\u00e4ngerungen Treten Sie ein in die Welt der gewagten Mode mit unseren Tiefschwarze Sets. Das sind besondere Extensions,<\/p>\n","protected":false},"featured_media":27296,"comment_status":"closed","ping_status":"closed","template":"","meta":{"_acf_changed":false},"product_brand":[],"product_cat":[265],"product_tag":[],"class_list":{"0":"post-28282","1":"product","2":"type-product","3":"status-publish","4":"has-post-thumbnail","6":"product_cat-ausverkauft","8":"first","9":"outofstock","10":"shipping-taxable","11":"purchasable","12":"product-type-variable"},"acf":[],"yoast_head":"<!-- This site is optimized with the Yoast SEO plugin v22.3 - https:\/\/yoast.com\/wordpress\/plugins\/seo\/ -->\n<title>Tiefschwarze Dreadlocks Kaufen, Synthetische Dreads Shop<\/title>\n<meta name=\"description\" content=\"Tiefschwarze Dreadlocks f\u00fcr M\u00e4nner und Frauen. Lange und kurze haare Dreadlocks Extensions. Lieferung in Deutschland. Daddy Dreads Shop.\" \/>\n<meta name=\"robots\" content=\"index, follow, max-snippet:-1, max-image-preview:large, max-video-preview:-1\" \/>\n<link rel=\"canonical\" href=\"https:\/\/daddydread.com\/de\/produkt\/synthetische-dreads-tiefschwarze\/\" \/>\n<meta property=\"og:locale\" content=\"de_DE\" \/>\n<meta property=\"og:type\" content=\"article\" \/>\n<meta property=\"og:title\" content=\"Tiefschwarze Dreadlocks Kaufen, Synthetische Dreads Shop\" \/>\n<meta property=\"og:description\" content=\"Tiefschwarze Dreadlocks f\u00fcr M\u00e4nner und Frauen. Lange und kurze haare Dreadlocks Extensions. Lieferung in Deutschland. Daddy Dreads Shop.\" \/>\n<meta property=\"og:url\" content=\"https:\/\/daddydread.com\/de\/produkt\/synthetische-dreads-tiefschwarze\/\" \/>\n<meta property=\"og:site_name\" content=\"Daddy Dreads\" \/>\n<meta property=\"article:modified_time\" content=\"2023-09-02T18:02:41+00:00\" \/>\n<meta property=\"og:image\" content=\"https:\/\/daddydread.com\/wp-content\/uploads\/2022\/06\/1-11-scaled-1.jpeg\" \/>\n\t<meta property=\"og:image:width\" content=\"1920\" \/>\n\t<meta property=\"og:image:height\" content=\"2560\" \/>\n\t<meta property=\"og:image:type\" content=\"image\/jpeg\" \/>\n<meta name=\"twitter:card\" content=\"summary_large_image\" \/>\n<meta name=\"twitter:label1\" content=\"Gesch\u00e4tzte Lesezeit\" \/>\n\t<meta name=\"twitter:data1\" content=\"3\u00a0Minuten\" \/>\n<script type=\"application\/ld+json\" class=\"yoast-schema-graph\">{\"@context\":\"https:\/\/schema.org\",\"@graph\":[{\"@type\":\"WebPage\",\"@id\":\"https:\/\/daddydread.com\/de\/produkt\/synthetische-dreads-tiefschwarze\/\",\"url\":\"https:\/\/daddydread.com\/de\/produkt\/synthetische-dreads-tiefschwarze\/\",\"name\":\"Tiefschwarze Dreadlocks Kaufen, Synthetische Dreads Shop\",\"isPartOf\":{\"@id\":\"https:\/\/daddydread.com\/de\/#website\"},\"primaryImageOfPage\":{\"@id\":\"https:\/\/daddydread.com\/de\/produkt\/synthetische-dreads-tiefschwarze\/#primaryimage\"},\"image\":{\"@id\":\"https:\/\/daddydread.com\/de\/produkt\/synthetische-dreads-tiefschwarze\/#primaryimage\"},\"thumbnailUrl\":\"https:\/\/daddydread.com\/wp-content\/uploads\/2022\/06\/1-11-scaled-1.jpeg\",\"datePublished\":\"2022-07-11T12:52:54+00:00\",\"dateModified\":\"2023-09-02T18:02:41+00:00\",\"description\":\"Tiefschwarze Dreadlocks f\u00fcr M\u00e4nner und Frauen. Lange und kurze haare Dreadlocks Extensions. Lieferung in Deutschland. Daddy Dreads Shop.\",\"breadcrumb\":{\"@id\":\"https:\/\/daddydread.com\/de\/produkt\/synthetische-dreads-tiefschwarze\/#breadcrumb\"},\"inLanguage\":\"de\",\"potentialAction\":[{\"@type\":\"ReadAction\",\"target\":[\"https:\/\/daddydread.com\/de\/produkt\/synthetische-dreads-tiefschwarze\/\"]}]},{\"@type\":\"ImageObject\",\"inLanguage\":\"de\",\"@id\":\"https:\/\/daddydread.com\/de\/produkt\/synthetische-dreads-tiefschwarze\/#primaryimage\",\"url\":\"https:\/\/daddydread.com\/wp-content\/uploads\/2022\/06\/1-11-scaled-1.jpeg\",\"contentUrl\":\"https:\/\/daddydread.com\/wp-content\/uploads\/2022\/06\/1-11-scaled-1.jpeg\",\"width\":1920,\"height\":2560,\"caption\":\"Tiefschwarze synthetische Dreadlocks\"},{\"@type\":\"BreadcrumbList\",\"@id\":\"https:\/\/daddydread.com\/de\/produkt\/synthetische-dreads-tiefschwarze\/#breadcrumb\",\"itemListElement\":[{\"@type\":\"ListItem\",\"position\":1,\"name\":\"\u0413\u043b\u0430\u0432\u043d\u0430\u044f \u0441\u0442\u0440\u0430\u043d\u0438\u0446\u0430\",\"item\":\"https:\/\/daddydread.com\/de\/\"},{\"@type\":\"ListItem\",\"position\":2,\"name\":\"Dreadlocks Shop\",\"item\":\"https:\/\/daddydread.com\/de\/shop\/\"},{\"@type\":\"ListItem\",\"position\":3,\"name\":\"Synthetische Dreads \u2013 Tiefschwarze\"}]},{\"@type\":\"WebSite\",\"@id\":\"https:\/\/daddydread.com\/de\/#website\",\"url\":\"https:\/\/daddydread.com\/de\/\",\"name\":\"Daddy Dreads\",\"description\":\"Dreadlocks shop\",\"potentialAction\":[{\"@type\":\"SearchAction\",\"target\":{\"@type\":\"EntryPoint\",\"urlTemplate\":\"https:\/\/daddydread.com\/de\/?s={search_term_string}\"},\"query-input\":\"required name=search_term_string\"}],\"inLanguage\":\"de\"}]}<\/script>\n<!-- \/ Yoast SEO plugin. -->","yoast_head_json":{"title":"Tiefschwarze Dreadlocks Kaufen, Synthetische Dreads Shop","description":"Tiefschwarze Dreadlocks f\u00fcr M\u00e4nner und Frauen. Lange und kurze haare Dreadlocks Extensions. Lieferung in Deutschland. Daddy Dreads Shop.","robots":{"index":"index","follow":"follow","max-snippet":"max-snippet:-1","max-image-preview":"max-image-preview:large","max-video-preview":"max-video-preview:-1"},"canonical":"https:\/\/daddydread.com\/de\/produkt\/synthetische-dreads-tiefschwarze\/","og_locale":"de_DE","og_type":"article","og_title":"Tiefschwarze Dreadlocks Kaufen, Synthetische Dreads Shop","og_description":"Tiefschwarze Dreadlocks f\u00fcr M\u00e4nner und Frauen. Lange und kurze haare Dreadlocks Extensions. Lieferung in Deutschland. Daddy Dreads Shop.","og_url":"https:\/\/daddydread.com\/de\/produkt\/synthetische-dreads-tiefschwarze\/","og_site_name":"Daddy Dreads","article_modified_time":"2023-09-02T18:02:41+00:00","og_image":[{"width":1920,"height":2560,"url":"https:\/\/daddydread.com\/wp-content\/uploads\/2022\/06\/1-11-scaled-1.jpeg","type":"image\/jpeg"}],"twitter_card":"summary_large_image","twitter_misc":{"Gesch\u00e4tzte Lesezeit":"3\u00a0Minuten"},"schema":{"@context":"https:\/\/schema.org","@graph":[{"@type":"WebPage","@id":"https:\/\/daddydread.com\/de\/produkt\/synthetische-dreads-tiefschwarze\/","url":"https:\/\/daddydread.com\/de\/produkt\/synthetische-dreads-tiefschwarze\/","name":"Tiefschwarze Dreadlocks Kaufen, Synthetische Dreads Shop","isPartOf":{"@id":"https:\/\/daddydread.com\/de\/#website"},"primaryImageOfPage":{"@id":"https:\/\/daddydread.com\/de\/produkt\/synthetische-dreads-tiefschwarze\/#primaryimage"},"image":{"@id":"https:\/\/daddydread.com\/de\/produkt\/synthetische-dreads-tiefschwarze\/#primaryimage"},"thumbnailUrl":"https:\/\/daddydread.com\/wp-content\/uploads\/2022\/06\/1-11-scaled-1.jpeg","datePublished":"2022-07-11T12:52:54+00:00","dateModified":"2023-09-02T18:02:41+00:00","description":"Tiefschwarze Dreadlocks f\u00fcr M\u00e4nner und Frauen. Lange und kurze haare Dreadlocks Extensions. Lieferung in Deutschland. Daddy Dreads Shop.","breadcrumb":{"@id":"https:\/\/daddydread.com\/de\/produkt\/synthetische-dreads-tiefschwarze\/#breadcrumb"},"inLanguage":"de","potentialAction":[{"@type":"ReadAction","target":["https:\/\/daddydread.com\/de\/produkt\/synthetische-dreads-tiefschwarze\/"]}]},{"@type":"ImageObject","inLanguage":"de","@id":"https:\/\/daddydread.com\/de\/produkt\/synthetische-dreads-tiefschwarze\/#primaryimage","url":"https:\/\/daddydread.com\/wp-content\/uploads\/2022\/06\/1-11-scaled-1.jpeg","contentUrl":"https:\/\/daddydread.com\/wp-content\/uploads\/2022\/06\/1-11-scaled-1.jpeg","width":1920,"height":2560,"caption":"Tiefschwarze synthetische Dreadlocks"},{"@type":"BreadcrumbList","@id":"https:\/\/daddydread.com\/de\/produkt\/synthetische-dreads-tiefschwarze\/#breadcrumb","itemListElement":[{"@type":"ListItem","position":1,"name":"\u0413\u043b\u0430\u0432\u043d\u0430\u044f \u0441\u0442\u0440\u0430\u043d\u0438\u0446\u0430","item":"https:\/\/daddydread.com\/de\/"},{"@type":"ListItem","position":2,"name":"Dreadlocks Shop","item":"https:\/\/daddydread.com\/de\/shop\/"},{"@type":"ListItem","position":3,"name":"Synthetische Dreads \u2013 Tiefschwarze"}]},{"@type":"WebSite","@id":"https:\/\/daddydread.com\/de\/#website","url":"https:\/\/daddydread.com\/de\/","name":"Daddy Dreads","description":"Dreadlocks shop","potentialAction":[{"@type":"SearchAction","target":{"@type":"EntryPoint","urlTemplate":"https:\/\/daddydread.com\/de\/?s={search_term_string}"},"query-input":"required name=search_term_string"}],"inLanguage":"de"}]}},"jetpack_sharing_enabled":true,"_links":{"self":[{"href":"https:\/\/daddydread.com\/de\/wp-json\/wp\/v2\/product\/28282","targetHints":{"allow":["GET"]}}],"collection":[{"href":"https:\/\/daddydread.com\/de\/wp-json\/wp\/v2\/product"}],"about":[{"href":"https:\/\/daddydread.com\/de\/wp-json\/wp\/v2\/types\/product"}],"replies":[{"embeddable":true,"href":"https:\/\/daddydread.com\/de\/wp-json\/wp\/v2\/comments?post=28282"}],"wp:featuredmedia":[{"embeddable":true,"href":"https:\/\/daddydread.com\/de\/wp-json\/wp\/v2\/media\/27296"}],"wp:attachment":[{"href":"https:\/\/daddydread.com\/de\/wp-json\/wp\/v2\/media?parent=28282"}],"wp:term":[{"taxonomy":"product_brand","embeddable":true,"href":"https:\/\/daddydread.com\/de\/wp-json\/wp\/v2\/product_brand?post=28282"},{"taxonomy":"product_cat","embeddable":true,"href":"https:\/\/daddydread.com\/de\/wp-json\/wp\/v2\/product_cat?post=28282"},{"taxonomy":"product_tag","embeddable":true,"href":"https:\/\/daddydread.com\/de\/wp-json\/wp\/v2\/product_tag?post=28282"}],"curies":[{"name":"wp","href":"https:\/\/api.w.org\/{rel}","templated":true}]}}