{"id":28259,"date":"2022-07-11T15:58:38","date_gmt":"2022-07-11T12:58:38","guid":{"rendered":"https:\/\/daddydread.com\/product\/synthetische-dreads-schwarzbraune\/"},"modified":"2026-02-27T23:01:52","modified_gmt":"2026-02-27T20:01:52","slug":"synthetische-dreads-schwarzbraune","status":"publish","type":"product","link":"https:\/\/daddydread.com\/de\/produkt\/synthetische-dreads-schwarzbraune\/","title":{"rendered":"Synthetische Dreads \u2013 Schwarzbraune"},"content":{"rendered":"<p>Wir stellen die exquisiten geh\u00e4kelten Dreadlocks in Schwarzbraun von Daddy Dreads Studio vor. Diese geh\u00e4kelten Dreadlocks werden von unseren Experten in Handarbeit aus hochwertigem, hypoallergenem Kunsthaar hergestellt. Der Farbton Schwarzbraun bietet eine nat\u00fcrliche, tiefe Farbmischung, die echtes Haar imitiert, perfekt um deinen pers\u00f6nlichen Stil mit einem Hauch von Eleganz zu unterstreichen.<\/p>\n<h2>Eigenschaften der geh\u00e4kelten Dreadlocks \u2013 Schwarzbraun<\/h2>\n<ul>\n<li><strong>Hervorragende Webqualit\u00e4t:<\/strong> Hergestellt mit einem feinen 0,5 mm Haken f\u00fcr Pr\u00e4zision und Haltbarkeit.<\/li>\n<li><strong>Leichtes Tragegef\u00fchl:<\/strong> Angenehm zu tragen, den ganzen Tag ohne Anstrengung.<\/li>\n<li><strong>Weich und bequem:<\/strong> Jede Dreadlock f\u00fchlt sich weich an und garantiert ein angenehmes Tragegef\u00fchl.<\/li>\n<li><strong>Dicke Enden:<\/strong> Unsere geh\u00e4kelten Dreads haben volle, dicke Enden, wodurch das h\u00e4ufige Problem d\u00fcnner Spitzen vermieden wird.<\/li>\n<li><strong>Nat\u00fcrlich aussehend:<\/strong> Sie sehen aus wie Ihr nat\u00fcrliches Haar und f\u00fcgen sich nahtlos in Ihren Stil ein.<\/li>\n<\/ul>\n<p>Die Pflege von schwarzbraunen geh\u00e4kelten Dreadlocks ist sehr einfach. Sie k\u00f6nnen bis zu zwei Monate lang ununterbrochen getragen werden, danach sollten sie entfernt werden, um ein Verheddern zu verhindern. Waschen Sie sie mit einem milden, in Wasser verd\u00fcnnten Shampoo und trocknen Sie sie mit warmer oder k\u00fchler Luft, um ihre Integrit\u00e4t zu erhalten. Vermeiden Sie es, sie gro\u00dfer Hitze auszusetzen.<\/p>\n<p>Du kannst diese H\u00e4keldreads mit anderen <strong><a href=\"https:\/\/daddydread.com\/de\/produkt-kategorie\/synthetische-dreadlocks\/\">synthetischen Dreadlocks<\/a><\/strong> kombinieren, um einen einzigartigen, individuellen Look zu kreieren. Wenn du einen speziellen Wunsch f\u00fcr eine nicht aufgef\u00fchrte Farbvariante hast, kontaktiere uns f\u00fcr ein ma\u00dfgeschneidertes Set, das auf deine Vorlieben zugeschnitten ist.<\/p>\n","protected":false},"excerpt":{"rendered":"<p>Veredeln Sie Ihren Look mit gestrickten Dreadlocks in Schwarzbraune. Diese handgefertigten, hypoallergenen synthetischen Dreadlocks bieten ein nat\u00fcrliches und raffiniertes Aussehen, perfekt f\u00fcr jeden, der seinem Ensemble einen stilvollen Akzent verleihen m\u00f6chte. Weich, leicht und mit einer feinen Webart versehen, bieten sie sowohl Komfort als auch Haltbarkeit.<\/p>\n","protected":false},"featured_media":35486,"comment_status":"open","ping_status":"closed","template":"","meta":{"_acf_changed":false},"product_brand":[],"product_cat":[260,258,255,256,246],"product_tag":[],"class_list":{"0":"post-28259","1":"product","2":"type-product","3":"status-publish","4":"has-post-thumbnail","6":"product_cat-doppelendige-dreadlocks","7":"product_cat-maenner-dreadlocks","8":"product_cat-synthetische-dreadlocks","9":"product_cat-ombre-dreadlocks","10":"product_cat-frauen-dreadlocks","12":"first","13":"instock","14":"shipping-taxable","15":"purchasable","16":"product-type-variable"},"acf":[],"yoast_head":"<!-- This site is optimized with the Yoast SEO plugin v22.3 - https:\/\/yoast.com\/wordpress\/plugins\/seo\/ -->\n<title>Schwarzbraune Dreadlocks Kaufen, Synthetische Dreads Shop<\/title>\n<meta name=\"description\" content=\"Schwarzbraune Dreadlocks f\u00fcr M\u00e4nner und Frauen. Lange und kurze haare Dreadlocks Extensions. Lieferung in Deutschland. Daddy Dreads Shop.\" \/>\n<meta name=\"robots\" content=\"index, follow, max-snippet:-1, max-image-preview:large, max-video-preview:-1\" \/>\n<link rel=\"canonical\" href=\"https:\/\/daddydread.com\/de\/produkt\/synthetische-dreads-schwarzbraune\/\" \/>\n<meta property=\"og:locale\" content=\"de_DE\" \/>\n<meta property=\"og:type\" content=\"article\" \/>\n<meta property=\"og:title\" content=\"Schwarzbraune Dreadlocks Kaufen, Synthetische Dreads Shop\" \/>\n<meta property=\"og:description\" content=\"Schwarzbraune Dreadlocks f\u00fcr M\u00e4nner und Frauen. Lange und kurze haare Dreadlocks Extensions. Lieferung in Deutschland. Daddy Dreads Shop.\" \/>\n<meta property=\"og:url\" content=\"https:\/\/daddydread.com\/de\/produkt\/synthetische-dreads-schwarzbraune\/\" \/>\n<meta property=\"og:site_name\" content=\"Daddy Dreads\" \/>\n<meta property=\"article:modified_time\" content=\"2026-02-27T20:01:52+00:00\" \/>\n<meta property=\"og:image\" content=\"https:\/\/daddydread.com\/wp-content\/uploads\/2022\/07\/01-600x800.png\" \/>\n\t<meta property=\"og:image:width\" content=\"600\" \/>\n\t<meta property=\"og:image:height\" content=\"800\" \/>\n\t<meta property=\"og:image:type\" content=\"image\/png\" \/>\n<meta name=\"twitter:card\" content=\"summary_large_image\" \/>\n<meta name=\"twitter:label1\" content=\"Gesch\u00e4tzte Lesezeit\" \/>\n\t<meta name=\"twitter:data1\" content=\"2\u00a0Minuten\" \/>\n<script type=\"application\/ld+json\" class=\"yoast-schema-graph\">{\"@context\":\"https:\/\/schema.org\",\"@graph\":[{\"@type\":\"WebPage\",\"@id\":\"https:\/\/daddydread.com\/de\/produkt\/synthetische-dreads-schwarzbraune\/\",\"url\":\"https:\/\/daddydread.com\/de\/produkt\/synthetische-dreads-schwarzbraune\/\",\"name\":\"Schwarzbraune Dreadlocks Kaufen, Synthetische Dreads Shop\",\"isPartOf\":{\"@id\":\"https:\/\/daddydread.com\/de\/#website\"},\"primaryImageOfPage\":{\"@id\":\"https:\/\/daddydread.com\/de\/produkt\/synthetische-dreads-schwarzbraune\/#primaryimage\"},\"image\":{\"@id\":\"https:\/\/daddydread.com\/de\/produkt\/synthetische-dreads-schwarzbraune\/#primaryimage\"},\"thumbnailUrl\":\"https:\/\/daddydread.com\/wp-content\/uploads\/2022\/07\/01.png\",\"datePublished\":\"2022-07-11T12:58:38+00:00\",\"dateModified\":\"2026-02-27T20:01:52+00:00\",\"description\":\"Schwarzbraune Dreadlocks f\u00fcr M\u00e4nner und Frauen. Lange und kurze haare Dreadlocks Extensions. Lieferung in Deutschland. Daddy Dreads Shop.\",\"breadcrumb\":{\"@id\":\"https:\/\/daddydread.com\/de\/produkt\/synthetische-dreads-schwarzbraune\/#breadcrumb\"},\"inLanguage\":\"de\",\"potentialAction\":[{\"@type\":\"ReadAction\",\"target\":[\"https:\/\/daddydread.com\/de\/produkt\/synthetische-dreads-schwarzbraune\/\"]}]},{\"@type\":\"ImageObject\",\"inLanguage\":\"de\",\"@id\":\"https:\/\/daddydread.com\/de\/produkt\/synthetische-dreads-schwarzbraune\/#primaryimage\",\"url\":\"https:\/\/daddydread.com\/wp-content\/uploads\/2022\/07\/01.png\",\"contentUrl\":\"https:\/\/daddydread.com\/wp-content\/uploads\/2022\/07\/01.png\",\"width\":1920,\"height\":2560,\"caption\":\"Crochet Dreads \u2013 Black Brown\"},{\"@type\":\"BreadcrumbList\",\"@id\":\"https:\/\/daddydread.com\/de\/produkt\/synthetische-dreads-schwarzbraune\/#breadcrumb\",\"itemListElement\":[{\"@type\":\"ListItem\",\"position\":1,\"name\":\"\u0413\u043b\u0430\u0432\u043d\u0430\u044f \u0441\u0442\u0440\u0430\u043d\u0438\u0446\u0430\",\"item\":\"https:\/\/daddydread.com\/de\/\"},{\"@type\":\"ListItem\",\"position\":2,\"name\":\"Dreadlocks Shop\",\"item\":\"https:\/\/daddydread.com\/de\/shop\/\"},{\"@type\":\"ListItem\",\"position\":3,\"name\":\"Synthetische Dreads \u2013 Schwarzbraune\"}]},{\"@type\":\"WebSite\",\"@id\":\"https:\/\/daddydread.com\/de\/#website\",\"url\":\"https:\/\/daddydread.com\/de\/\",\"name\":\"Daddy Dreads\",\"description\":\"Dreadlocks shop\",\"potentialAction\":[{\"@type\":\"SearchAction\",\"target\":{\"@type\":\"EntryPoint\",\"urlTemplate\":\"https:\/\/daddydread.com\/de\/?s={search_term_string}\"},\"query-input\":\"required name=search_term_string\"}],\"inLanguage\":\"de\"}]}<\/script>\n<!-- \/ Yoast SEO plugin. -->","yoast_head_json":{"title":"Schwarzbraune Dreadlocks Kaufen, Synthetische Dreads Shop","description":"Schwarzbraune Dreadlocks f\u00fcr M\u00e4nner und Frauen. Lange und kurze haare Dreadlocks Extensions. Lieferung in Deutschland. Daddy Dreads Shop.","robots":{"index":"index","follow":"follow","max-snippet":"max-snippet:-1","max-image-preview":"max-image-preview:large","max-video-preview":"max-video-preview:-1"},"canonical":"https:\/\/daddydread.com\/de\/produkt\/synthetische-dreads-schwarzbraune\/","og_locale":"de_DE","og_type":"article","og_title":"Schwarzbraune Dreadlocks Kaufen, Synthetische Dreads Shop","og_description":"Schwarzbraune Dreadlocks f\u00fcr M\u00e4nner und Frauen. Lange und kurze haare Dreadlocks Extensions. Lieferung in Deutschland. Daddy Dreads Shop.","og_url":"https:\/\/daddydread.com\/de\/produkt\/synthetische-dreads-schwarzbraune\/","og_site_name":"Daddy Dreads","article_modified_time":"2026-02-27T20:01:52+00:00","og_image":[{"width":600,"height":800,"url":"https:\/\/daddydread.com\/wp-content\/uploads\/2022\/07\/01-600x800.png","type":"image\/png"}],"twitter_card":"summary_large_image","twitter_misc":{"Gesch\u00e4tzte Lesezeit":"2\u00a0Minuten"},"schema":{"@context":"https:\/\/schema.org","@graph":[{"@type":"WebPage","@id":"https:\/\/daddydread.com\/de\/produkt\/synthetische-dreads-schwarzbraune\/","url":"https:\/\/daddydread.com\/de\/produkt\/synthetische-dreads-schwarzbraune\/","name":"Schwarzbraune Dreadlocks Kaufen, Synthetische Dreads Shop","isPartOf":{"@id":"https:\/\/daddydread.com\/de\/#website"},"primaryImageOfPage":{"@id":"https:\/\/daddydread.com\/de\/produkt\/synthetische-dreads-schwarzbraune\/#primaryimage"},"image":{"@id":"https:\/\/daddydread.com\/de\/produkt\/synthetische-dreads-schwarzbraune\/#primaryimage"},"thumbnailUrl":"https:\/\/daddydread.com\/wp-content\/uploads\/2022\/07\/01.png","datePublished":"2022-07-11T12:58:38+00:00","dateModified":"2026-02-27T20:01:52+00:00","description":"Schwarzbraune Dreadlocks f\u00fcr M\u00e4nner und Frauen. Lange und kurze haare Dreadlocks Extensions. Lieferung in Deutschland. Daddy Dreads Shop.","breadcrumb":{"@id":"https:\/\/daddydread.com\/de\/produkt\/synthetische-dreads-schwarzbraune\/#breadcrumb"},"inLanguage":"de","potentialAction":[{"@type":"ReadAction","target":["https:\/\/daddydread.com\/de\/produkt\/synthetische-dreads-schwarzbraune\/"]}]},{"@type":"ImageObject","inLanguage":"de","@id":"https:\/\/daddydread.com\/de\/produkt\/synthetische-dreads-schwarzbraune\/#primaryimage","url":"https:\/\/daddydread.com\/wp-content\/uploads\/2022\/07\/01.png","contentUrl":"https:\/\/daddydread.com\/wp-content\/uploads\/2022\/07\/01.png","width":1920,"height":2560,"caption":"Crochet Dreads \u2013 Black Brown"},{"@type":"BreadcrumbList","@id":"https:\/\/daddydread.com\/de\/produkt\/synthetische-dreads-schwarzbraune\/#breadcrumb","itemListElement":[{"@type":"ListItem","position":1,"name":"\u0413\u043b\u0430\u0432\u043d\u0430\u044f \u0441\u0442\u0440\u0430\u043d\u0438\u0446\u0430","item":"https:\/\/daddydread.com\/de\/"},{"@type":"ListItem","position":2,"name":"Dreadlocks Shop","item":"https:\/\/daddydread.com\/de\/shop\/"},{"@type":"ListItem","position":3,"name":"Synthetische Dreads \u2013 Schwarzbraune"}]},{"@type":"WebSite","@id":"https:\/\/daddydread.com\/de\/#website","url":"https:\/\/daddydread.com\/de\/","name":"Daddy Dreads","description":"Dreadlocks shop","potentialAction":[{"@type":"SearchAction","target":{"@type":"EntryPoint","urlTemplate":"https:\/\/daddydread.com\/de\/?s={search_term_string}"},"query-input":"required name=search_term_string"}],"inLanguage":"de"}]}},"jetpack_sharing_enabled":true,"_links":{"self":[{"href":"https:\/\/daddydread.com\/de\/wp-json\/wp\/v2\/product\/28259","targetHints":{"allow":["GET"]}}],"collection":[{"href":"https:\/\/daddydread.com\/de\/wp-json\/wp\/v2\/product"}],"about":[{"href":"https:\/\/daddydread.com\/de\/wp-json\/wp\/v2\/types\/product"}],"replies":[{"embeddable":true,"href":"https:\/\/daddydread.com\/de\/wp-json\/wp\/v2\/comments?post=28259"}],"wp:featuredmedia":[{"embeddable":true,"href":"https:\/\/daddydread.com\/de\/wp-json\/wp\/v2\/media\/35486"}],"wp:attachment":[{"href":"https:\/\/daddydread.com\/de\/wp-json\/wp\/v2\/media?parent=28259"}],"wp:term":[{"taxonomy":"product_brand","embeddable":true,"href":"https:\/\/daddydread.com\/de\/wp-json\/wp\/v2\/product_brand?post=28259"},{"taxonomy":"product_cat","embeddable":true,"href":"https:\/\/daddydread.com\/de\/wp-json\/wp\/v2\/product_cat?post=28259"},{"taxonomy":"product_tag","embeddable":true,"href":"https:\/\/daddydread.com\/de\/wp-json\/wp\/v2\/product_tag?post=28259"}],"curies":[{"name":"wp","href":"https:\/\/api.w.org\/{rel}","templated":true}]}}