{"id":28236,"date":"2022-07-11T15:52:53","date_gmt":"2022-07-11T12:52:53","guid":{"rendered":"https:\/\/daddydread.com\/product\/synthetische-dreads-dunkelgrune\/"},"modified":"2026-01-16T20:05:16","modified_gmt":"2026-01-16T17:05:16","slug":"synthetische-dreads-dunkelgrune","status":"publish","type":"product","link":"https:\/\/daddydread.com\/de\/produkt\/synthetische-dreads-dunkelgrune\/","title":{"rendered":"Synthetische Dreads \u2013 Dunkelgr\u00fcne"},"content":{"rendered":"<p>Daddy Dreads Studio ist stolz auf seine geh\u00e4kelten Dreadlocks in Dunkelgr\u00fcn, eine mutige und lebendige Wahl f\u00fcr alle, die ihrem Stil einen Farbtupfer verleihen wollen. Diese Dreadlocks werden in fachm\u00e4nnischer Handarbeit aus hochwertigem, hypoallergenem Synthetikhaar hergestellt, das ein nat\u00fcrliches Aussehen und Gef\u00fchl vermittelt. Die satte dunkelgr\u00fcne Farbe ist perfekt, um ein Statement zu setzen und f\u00e4llt in jeder Menge auf, w\u00e4hrend sie sich wunderbar mit verschiedenen Modetrends kombinieren l\u00e4sst.<\/p>\n<h2>Eigenschaften von geh\u00e4kelten Dreadlocks \u2013 Dunkelgr\u00fcn<\/h2>\n<ul>\n<li><strong>Au\u00dfergew\u00f6hnliche Webqualit\u00e4t:<\/strong> Hergestellt mit einer feinen 0,5 mm H\u00e4kelnadel, die sicherstellt, dass jede Dreadlock haltbar und detailreich ist.<\/li>\n<li><strong>Leichtes Gewicht f\u00fcr Komfort:<\/strong> Genie\u00dfen Sie die Freiheit von leichtem Haar, das den ganzen Tag \u00fcber bequem zu tragen ist.<\/li>\n<li><strong>Sanft und weich:<\/strong> Unsere Dreadlocks f\u00fchlen sich weich an und sind angenehm zu tragen.<\/li>\n<li><strong>Auff\u00e4llige dunkelgr\u00fcne Farbe:<\/strong> Der einzigartige dunkelgr\u00fcne Farbton bietet einen \u00fcppigen, lebendigen Look, der Ihre nat\u00fcrliche Sch\u00f6nheit unterstreicht.<\/li>\n<li><strong>Vielseitiges Mode-Accessoire:<\/strong> Diese Dreadlocks sind perfekt f\u00fcr alle, die gerne auffallen, und k\u00f6nnen sowohl zu legeren als auch zu formellen Outfits getragen werden.<\/li>\n<\/ul>\n<p>Um deine dunkelgr\u00fcnen Dreadlocks zu pflegen, kannst du sie bis zu zwei Monate lang tragen, bevor du sie zum Entwirren abnimmst. Wasche sie mit einer verd\u00fcnnten Shampool\u00f6sung und trockne sie mit k\u00fchler oder warmer Luft. Halte sie von gro\u00dfer Hitze fern, damit sie ihre leuchtende Farbe und Integrit\u00e4t behalten.<\/p>\n<p>Du kannst diese dunkelgr\u00fcnen Dreadlocks mit anderen <strong><a href=\"https:\/\/daddydread.com\/de\/produkt-kategorie\/lockige-dreadlocks\/\">lockigen Dreadlocks<\/a><\/strong> kombinieren, um einen individuellen Look zu kreieren, der zu deinem pers\u00f6nlichen Stil passt. Wenn dir ein bestimmtes Design vorschwebt, kontaktiere uns f\u00fcr einen individuellen Service.<\/p>\n","protected":false},"excerpt":{"rendered":"<p>Diese einzigartigen, handgefertigten dunkelgr\u00fcnen Dreadlocks bieten einen kr\u00e4ftigen, leuchtenden Farbtupfer, der jeden Look perfekt aufwertet. Sie sind leicht und weich und bieten den ganzen Tag \u00fcber Komfort und ein nat\u00fcrliches Aussehen, das Ihren pers\u00f6nlichen Stil unterstreicht. Dunkelgr\u00fcne Dreadlocks ziehen die Aufmerksamkeit auf deine Persona.<\/p>\n","protected":false},"featured_media":38444,"comment_status":"open","ping_status":"closed","template":"","meta":{"_acf_changed":false},"product_brand":[],"product_cat":[258,259,255,245,256,246],"product_tag":[],"class_list":{"0":"post-28236","1":"product","2":"type-product","3":"status-publish","4":"has-post-thumbnail","6":"product_cat-maenner-dreadlocks","7":"product_cat-einseitige-dreadlocks","8":"product_cat-synthetische-dreadlocks","9":"product_cat-farbige-dreadlocks","10":"product_cat-ombre-dreadlocks","11":"product_cat-frauen-dreadlocks","13":"first","14":"instock","15":"shipping-taxable","16":"purchasable","17":"product-type-variable"},"acf":[],"yoast_head":"<!-- This site is optimized with the Yoast SEO plugin v22.3 - https:\/\/yoast.com\/wordpress\/plugins\/seo\/ -->\n<title>Dunkelgr\u00fcne Dreadlocks Kaufen, Synthetische Dreads Shop<\/title>\n<meta name=\"description\" content=\"Dunkelgr\u00fcne Dreadlocks f\u00fcr M\u00e4nner und Frauen. Lange und kurze haare Dreadlocks Extensions. Lieferung in Deutschland. Daddy Dreads Shop.\" \/>\n<meta name=\"robots\" content=\"index, follow, max-snippet:-1, max-image-preview:large, max-video-preview:-1\" \/>\n<link rel=\"canonical\" href=\"https:\/\/daddydread.com\/de\/produkt\/synthetische-dreads-dunkelgrune\/\" \/>\n<meta property=\"og:locale\" content=\"de_DE\" \/>\n<meta property=\"og:type\" content=\"article\" \/>\n<meta property=\"og:title\" content=\"Dunkelgr\u00fcne Dreadlocks Kaufen, Synthetische Dreads Shop\" \/>\n<meta property=\"og:description\" content=\"Dunkelgr\u00fcne Dreadlocks f\u00fcr M\u00e4nner und Frauen. Lange und kurze haare Dreadlocks Extensions. Lieferung in Deutschland. Daddy Dreads Shop.\" \/>\n<meta property=\"og:url\" content=\"https:\/\/daddydread.com\/de\/produkt\/synthetische-dreads-dunkelgrune\/\" \/>\n<meta property=\"og:site_name\" content=\"Daddy Dreads\" \/>\n<meta property=\"article:modified_time\" content=\"2026-01-16T17:05:16+00:00\" \/>\n<meta property=\"og:image\" content=\"https:\/\/daddydread.com\/wp-content\/uploads\/2022\/07\/01-10.jpg\" \/>\n\t<meta property=\"og:image:width\" content=\"1920\" \/>\n\t<meta property=\"og:image:height\" content=\"2560\" \/>\n\t<meta property=\"og:image:type\" content=\"image\/jpeg\" \/>\n<meta name=\"twitter:card\" content=\"summary_large_image\" \/>\n<meta name=\"twitter:label1\" content=\"Gesch\u00e4tzte Lesezeit\" \/>\n\t<meta name=\"twitter:data1\" content=\"2\u00a0Minuten\" \/>\n<script type=\"application\/ld+json\" class=\"yoast-schema-graph\">{\"@context\":\"https:\/\/schema.org\",\"@graph\":[{\"@type\":\"WebPage\",\"@id\":\"https:\/\/daddydread.com\/de\/produkt\/synthetische-dreads-dunkelgrune\/\",\"url\":\"https:\/\/daddydread.com\/de\/produkt\/synthetische-dreads-dunkelgrune\/\",\"name\":\"Dunkelgr\u00fcne Dreadlocks Kaufen, Synthetische Dreads Shop\",\"isPartOf\":{\"@id\":\"https:\/\/daddydread.com\/de\/#website\"},\"primaryImageOfPage\":{\"@id\":\"https:\/\/daddydread.com\/de\/produkt\/synthetische-dreads-dunkelgrune\/#primaryimage\"},\"image\":{\"@id\":\"https:\/\/daddydread.com\/de\/produkt\/synthetische-dreads-dunkelgrune\/#primaryimage\"},\"thumbnailUrl\":\"https:\/\/daddydread.com\/wp-content\/uploads\/2024\/06\/img_6516.jpeg\",\"datePublished\":\"2022-07-11T12:52:53+00:00\",\"dateModified\":\"2026-01-16T17:05:16+00:00\",\"description\":\"Dunkelgr\u00fcne Dreadlocks f\u00fcr M\u00e4nner und Frauen. Lange und kurze haare Dreadlocks Extensions. Lieferung in Deutschland. Daddy Dreads Shop.\",\"breadcrumb\":{\"@id\":\"https:\/\/daddydread.com\/de\/produkt\/synthetische-dreads-dunkelgrune\/#breadcrumb\"},\"inLanguage\":\"de\",\"potentialAction\":[{\"@type\":\"ReadAction\",\"target\":[\"https:\/\/daddydread.com\/de\/produkt\/synthetische-dreads-dunkelgrune\/\"]}]},{\"@type\":\"ImageObject\",\"inLanguage\":\"de\",\"@id\":\"https:\/\/daddydread.com\/de\/produkt\/synthetische-dreads-dunkelgrune\/#primaryimage\",\"url\":\"https:\/\/daddydread.com\/wp-content\/uploads\/2024\/06\/img_6516.jpeg\",\"contentUrl\":\"https:\/\/daddydread.com\/wp-content\/uploads\/2024\/06\/img_6516.jpeg\",\"width\":1920,\"height\":2560},{\"@type\":\"BreadcrumbList\",\"@id\":\"https:\/\/daddydread.com\/de\/produkt\/synthetische-dreads-dunkelgrune\/#breadcrumb\",\"itemListElement\":[{\"@type\":\"ListItem\",\"position\":1,\"name\":\"\u0413\u043b\u0430\u0432\u043d\u0430\u044f \u0441\u0442\u0440\u0430\u043d\u0438\u0446\u0430\",\"item\":\"https:\/\/daddydread.com\/de\/\"},{\"@type\":\"ListItem\",\"position\":2,\"name\":\"Dreadlocks Shop\",\"item\":\"https:\/\/daddydread.com\/de\/shop\/\"},{\"@type\":\"ListItem\",\"position\":3,\"name\":\"Synthetische Dreads \u2013 Dunkelgr\u00fcne\"}]},{\"@type\":\"WebSite\",\"@id\":\"https:\/\/daddydread.com\/de\/#website\",\"url\":\"https:\/\/daddydread.com\/de\/\",\"name\":\"Daddy Dreads\",\"description\":\"Dreadlocks shop\",\"potentialAction\":[{\"@type\":\"SearchAction\",\"target\":{\"@type\":\"EntryPoint\",\"urlTemplate\":\"https:\/\/daddydread.com\/de\/?s={search_term_string}\"},\"query-input\":\"required name=search_term_string\"}],\"inLanguage\":\"de\"}]}<\/script>\n<!-- \/ Yoast SEO plugin. -->","yoast_head_json":{"title":"Dunkelgr\u00fcne Dreadlocks Kaufen, Synthetische Dreads Shop","description":"Dunkelgr\u00fcne Dreadlocks f\u00fcr M\u00e4nner und Frauen. Lange und kurze haare Dreadlocks Extensions. Lieferung in Deutschland. Daddy Dreads Shop.","robots":{"index":"index","follow":"follow","max-snippet":"max-snippet:-1","max-image-preview":"max-image-preview:large","max-video-preview":"max-video-preview:-1"},"canonical":"https:\/\/daddydread.com\/de\/produkt\/synthetische-dreads-dunkelgrune\/","og_locale":"de_DE","og_type":"article","og_title":"Dunkelgr\u00fcne Dreadlocks Kaufen, Synthetische Dreads Shop","og_description":"Dunkelgr\u00fcne Dreadlocks f\u00fcr M\u00e4nner und Frauen. Lange und kurze haare Dreadlocks Extensions. Lieferung in Deutschland. Daddy Dreads Shop.","og_url":"https:\/\/daddydread.com\/de\/produkt\/synthetische-dreads-dunkelgrune\/","og_site_name":"Daddy Dreads","article_modified_time":"2026-01-16T17:05:16+00:00","og_image":[{"width":1920,"height":2560,"url":"https:\/\/daddydread.com\/wp-content\/uploads\/2022\/07\/01-10.jpg","type":"image\/jpeg"}],"twitter_card":"summary_large_image","twitter_misc":{"Gesch\u00e4tzte Lesezeit":"2\u00a0Minuten"},"schema":{"@context":"https:\/\/schema.org","@graph":[{"@type":"WebPage","@id":"https:\/\/daddydread.com\/de\/produkt\/synthetische-dreads-dunkelgrune\/","url":"https:\/\/daddydread.com\/de\/produkt\/synthetische-dreads-dunkelgrune\/","name":"Dunkelgr\u00fcne Dreadlocks Kaufen, Synthetische Dreads Shop","isPartOf":{"@id":"https:\/\/daddydread.com\/de\/#website"},"primaryImageOfPage":{"@id":"https:\/\/daddydread.com\/de\/produkt\/synthetische-dreads-dunkelgrune\/#primaryimage"},"image":{"@id":"https:\/\/daddydread.com\/de\/produkt\/synthetische-dreads-dunkelgrune\/#primaryimage"},"thumbnailUrl":"https:\/\/daddydread.com\/wp-content\/uploads\/2024\/06\/img_6516.jpeg","datePublished":"2022-07-11T12:52:53+00:00","dateModified":"2026-01-16T17:05:16+00:00","description":"Dunkelgr\u00fcne Dreadlocks f\u00fcr M\u00e4nner und Frauen. Lange und kurze haare Dreadlocks Extensions. Lieferung in Deutschland. Daddy Dreads Shop.","breadcrumb":{"@id":"https:\/\/daddydread.com\/de\/produkt\/synthetische-dreads-dunkelgrune\/#breadcrumb"},"inLanguage":"de","potentialAction":[{"@type":"ReadAction","target":["https:\/\/daddydread.com\/de\/produkt\/synthetische-dreads-dunkelgrune\/"]}]},{"@type":"ImageObject","inLanguage":"de","@id":"https:\/\/daddydread.com\/de\/produkt\/synthetische-dreads-dunkelgrune\/#primaryimage","url":"https:\/\/daddydread.com\/wp-content\/uploads\/2024\/06\/img_6516.jpeg","contentUrl":"https:\/\/daddydread.com\/wp-content\/uploads\/2024\/06\/img_6516.jpeg","width":1920,"height":2560},{"@type":"BreadcrumbList","@id":"https:\/\/daddydread.com\/de\/produkt\/synthetische-dreads-dunkelgrune\/#breadcrumb","itemListElement":[{"@type":"ListItem","position":1,"name":"\u0413\u043b\u0430\u0432\u043d\u0430\u044f \u0441\u0442\u0440\u0430\u043d\u0438\u0446\u0430","item":"https:\/\/daddydread.com\/de\/"},{"@type":"ListItem","position":2,"name":"Dreadlocks Shop","item":"https:\/\/daddydread.com\/de\/shop\/"},{"@type":"ListItem","position":3,"name":"Synthetische Dreads \u2013 Dunkelgr\u00fcne"}]},{"@type":"WebSite","@id":"https:\/\/daddydread.com\/de\/#website","url":"https:\/\/daddydread.com\/de\/","name":"Daddy Dreads","description":"Dreadlocks shop","potentialAction":[{"@type":"SearchAction","target":{"@type":"EntryPoint","urlTemplate":"https:\/\/daddydread.com\/de\/?s={search_term_string}"},"query-input":"required name=search_term_string"}],"inLanguage":"de"}]}},"jetpack_sharing_enabled":true,"_links":{"self":[{"href":"https:\/\/daddydread.com\/de\/wp-json\/wp\/v2\/product\/28236","targetHints":{"allow":["GET"]}}],"collection":[{"href":"https:\/\/daddydread.com\/de\/wp-json\/wp\/v2\/product"}],"about":[{"href":"https:\/\/daddydread.com\/de\/wp-json\/wp\/v2\/types\/product"}],"replies":[{"embeddable":true,"href":"https:\/\/daddydread.com\/de\/wp-json\/wp\/v2\/comments?post=28236"}],"wp:featuredmedia":[{"embeddable":true,"href":"https:\/\/daddydread.com\/de\/wp-json\/wp\/v2\/media\/38444"}],"wp:attachment":[{"href":"https:\/\/daddydread.com\/de\/wp-json\/wp\/v2\/media?parent=28236"}],"wp:term":[{"taxonomy":"product_brand","embeddable":true,"href":"https:\/\/daddydread.com\/de\/wp-json\/wp\/v2\/product_brand?post=28236"},{"taxonomy":"product_cat","embeddable":true,"href":"https:\/\/daddydread.com\/de\/wp-json\/wp\/v2\/product_cat?post=28236"},{"taxonomy":"product_tag","embeddable":true,"href":"https:\/\/daddydread.com\/de\/wp-json\/wp\/v2\/product_tag?post=28236"}],"curies":[{"name":"wp","href":"https:\/\/api.w.org\/{rel}","templated":true}]}}