{"id":28190,"date":"2022-07-11T15:57:19","date_gmt":"2022-07-11T12:57:19","guid":{"rendered":"https:\/\/daddydread.com\/product\/synthetische-dreads-schwarzer-wolf\/"},"modified":"2026-01-16T21:54:03","modified_gmt":"2026-01-16T18:54:03","slug":"synthetische-dreads-schwarzer-wolf","status":"publish","type":"product","link":"https:\/\/daddydread.com\/de\/produkt\/synthetische-dreads-schwarzer-wolf\/","title":{"rendered":"Synthetische Dreads \u2013 Schwarzer Wolf"},"content":{"rendered":"<p>Willkommen in einer Welt voller Stil mit den geh\u00e4kelten Schwarzer Wolf Dreadlocks von Daddy Dreads Studio. Jede Schwarzer Wolf Dreadlock wird in sorgf\u00e4ltiger Handarbeit aus hochwertigem, hypoallergenem Synthetikhaar hergestellt und bietet das Aussehen und die Textur nat\u00fcrlicher Dreadlocks. Unsere erfahrenen Kunsthandwerker verwenden einen feinen 0,5 mm Haken, um eine enge, gleichm\u00e4\u00dfige Verflechtung zu gew\u00e4hrleisten, die sowohl die Haltbarkeit als auch die Sch\u00f6nheit verbessert.<\/p>\n<h2>Einzigartige Eigenschaften der Schwarzer Wolf Crochet Dreadlocks<\/h2>\n<ul>\n<li><strong>Hochwertiges Geflecht:<\/strong> Jede Dreadlock hat ein hochwertiges Geflecht, das seine Form und seinen Reiz \u00fcber lange Zeit beibeh\u00e4lt.<\/li>\n<li><strong>Leicht und bequem:<\/strong> Diese Dreadlocks wurden f\u00fcr das t\u00e4gliche Tragen entwickelt und sind leicht auf dem Kopf, so dass sie den ganzen Tag lang bequem sind.<\/li>\n<li><strong>Weicher Griff:<\/strong> Genie\u00dfe das weiche Gef\u00fchl unserer Dreadlocks, die mit dicken Enden ausgestattet sind, und vermeide das \u00fcbliche Problem der d\u00fcnnen Spitzen, das bei synthetischen Standardvarianten auftritt.<\/li>\n<li><strong>Nat\u00fcrlicher Look:<\/strong> Die geh\u00e4kelten Dreadlocks Schwarzer Wolf ahmen echte Dreadlocks nach und f\u00fcgen sich nahtlos in deinen Stil ein.<\/li>\n<\/ul>\n<p>Die Pflege ist einfach &#8211; trage deine Schwarzer Wolf Dreadlocks bis zu zwei Monate lang, bevor sie kaputt gehen. Sie k\u00f6nnen mit einer verd\u00fcnnten Shampool\u00f6sung gewaschen und mit warmer oder k\u00fchler Luft getrocknet werden. Vermeide gro\u00dfe Hitze, um die Integrit\u00e4t der Dreadlocks zu erhalten.<\/p>\n<p>Wer seinen Look individuell gestalten m\u00f6chte, kann die Schwarzer Wolf mit anderen Modellen wie <strong><a href=\"https:\/\/daddydread.com\/de\/produkt-kategorie\/lockige-dreadlocks\/\">lockigen<\/a><\/strong> oder <strong><a href=\"https:\/\/daddydread.com\/de\/produkt-kategorie\/texturierte-dreadlocks\/\">strukturierten Dreadlocks<\/a><\/strong> aus unserer Kollektion kombinieren. Wenn du dir eine einzigartige Farbe w\u00fcnschst, die hier nicht aufgef\u00fchrt ist, kannst du dich an uns wenden, und wir werden ein Set nur f\u00fcr dich anfertigen.<\/p>\n","protected":false},"excerpt":{"rendered":"<p>Tritt ins Rampenlicht mit den geh\u00e4kelten Schwarzer Wolf Dreadlocks von Daddy Dreads Studio. Diese handgefertigten Dreadlocks aus weichem, hypoallergenem Synthetikhaar sind dem Aussehen und dem Gef\u00fchl nat\u00fcrlicher Dreadlocks nachempfunden. Die leichten und bequemen Schwarzer Wolf Dreadlocks sind perfekt f\u00fcr alle, die ihren einzigartigen Stil zeigen wollen, ohne sich mit schweren Accessoires belasten zu m\u00fcssen.<\/p>\n","protected":false},"featured_media":35489,"comment_status":"open","ping_status":"closed","template":"","meta":{"_acf_changed":false},"product_brand":[],"product_cat":[260,258,255,256,246],"product_tag":[],"class_list":{"0":"post-28190","1":"product","2":"type-product","3":"status-publish","4":"has-post-thumbnail","6":"product_cat-doppelendige-dreadlocks","7":"product_cat-maenner-dreadlocks","8":"product_cat-synthetische-dreadlocks","9":"product_cat-ombre-dreadlocks","10":"product_cat-frauen-dreadlocks","12":"first","13":"instock","14":"shipping-taxable","15":"purchasable","16":"product-type-variable"},"acf":[],"yoast_head":"<!-- This site is optimized with the Yoast SEO plugin v22.3 - https:\/\/yoast.com\/wordpress\/plugins\/seo\/ -->\n<title>Schwarze Dreadlocks Kaufen, Synthetische Dreads Shop<\/title>\n<meta name=\"description\" content=\"Schwarze Dreadlocks f\u00fcr M\u00e4nner und Frauen. Lange und kurze haare Dreadlocks Extensions. Lieferung in Deutschland. Daddy Dreads Shop.\" \/>\n<meta name=\"robots\" content=\"index, follow, max-snippet:-1, max-image-preview:large, max-video-preview:-1\" \/>\n<link rel=\"canonical\" href=\"https:\/\/daddydread.com\/de\/produkt\/synthetische-dreads-schwarzer-wolf\/\" \/>\n<meta property=\"og:locale\" content=\"de_DE\" \/>\n<meta property=\"og:type\" content=\"article\" \/>\n<meta property=\"og:title\" content=\"Schwarze Dreadlocks Kaufen, Synthetische Dreads Shop\" \/>\n<meta property=\"og:description\" content=\"Schwarze Dreadlocks f\u00fcr M\u00e4nner und Frauen. Lange und kurze haare Dreadlocks Extensions. Lieferung in Deutschland. Daddy Dreads Shop.\" \/>\n<meta property=\"og:url\" content=\"https:\/\/daddydread.com\/de\/produkt\/synthetische-dreads-schwarzer-wolf\/\" \/>\n<meta property=\"og:site_name\" content=\"Daddy Dreads\" \/>\n<meta property=\"article:modified_time\" content=\"2026-01-16T18:54:03+00:00\" \/>\n<meta property=\"og:image\" content=\"https:\/\/daddydread.com\/wp-content\/uploads\/2022\/07\/01-1-600x800.png\" \/>\n\t<meta property=\"og:image:width\" content=\"600\" \/>\n\t<meta property=\"og:image:height\" content=\"800\" \/>\n\t<meta property=\"og:image:type\" content=\"image\/png\" \/>\n<meta name=\"twitter:card\" content=\"summary_large_image\" \/>\n<meta name=\"twitter:label1\" content=\"Gesch\u00e4tzte Lesezeit\" \/>\n\t<meta name=\"twitter:data1\" content=\"2\u00a0Minuten\" \/>\n<script type=\"application\/ld+json\" class=\"yoast-schema-graph\">{\"@context\":\"https:\/\/schema.org\",\"@graph\":[{\"@type\":\"WebPage\",\"@id\":\"https:\/\/daddydread.com\/de\/produkt\/synthetische-dreads-schwarzer-wolf\/\",\"url\":\"https:\/\/daddydread.com\/de\/produkt\/synthetische-dreads-schwarzer-wolf\/\",\"name\":\"Schwarze Dreadlocks Kaufen, Synthetische Dreads Shop\",\"isPartOf\":{\"@id\":\"https:\/\/daddydread.com\/de\/#website\"},\"primaryImageOfPage\":{\"@id\":\"https:\/\/daddydread.com\/de\/produkt\/synthetische-dreads-schwarzer-wolf\/#primaryimage\"},\"image\":{\"@id\":\"https:\/\/daddydread.com\/de\/produkt\/synthetische-dreads-schwarzer-wolf\/#primaryimage\"},\"thumbnailUrl\":\"https:\/\/daddydread.com\/wp-content\/uploads\/2022\/07\/01-1.png\",\"datePublished\":\"2022-07-11T12:57:19+00:00\",\"dateModified\":\"2026-01-16T18:54:03+00:00\",\"description\":\"Schwarze Dreadlocks f\u00fcr M\u00e4nner und Frauen. Lange und kurze haare Dreadlocks Extensions. Lieferung in Deutschland. Daddy Dreads Shop.\",\"breadcrumb\":{\"@id\":\"https:\/\/daddydread.com\/de\/produkt\/synthetische-dreads-schwarzer-wolf\/#breadcrumb\"},\"inLanguage\":\"de\",\"potentialAction\":[{\"@type\":\"ReadAction\",\"target\":[\"https:\/\/daddydread.com\/de\/produkt\/synthetische-dreads-schwarzer-wolf\/\"]}]},{\"@type\":\"ImageObject\",\"inLanguage\":\"de\",\"@id\":\"https:\/\/daddydread.com\/de\/produkt\/synthetische-dreads-schwarzer-wolf\/#primaryimage\",\"url\":\"https:\/\/daddydread.com\/wp-content\/uploads\/2022\/07\/01-1.png\",\"contentUrl\":\"https:\/\/daddydread.com\/wp-content\/uploads\/2022\/07\/01-1.png\",\"width\":1920,\"height\":2560,\"caption\":\"Crochet Dreads - Black Wolf\"},{\"@type\":\"BreadcrumbList\",\"@id\":\"https:\/\/daddydread.com\/de\/produkt\/synthetische-dreads-schwarzer-wolf\/#breadcrumb\",\"itemListElement\":[{\"@type\":\"ListItem\",\"position\":1,\"name\":\"\u0413\u043b\u0430\u0432\u043d\u0430\u044f \u0441\u0442\u0440\u0430\u043d\u0438\u0446\u0430\",\"item\":\"https:\/\/daddydread.com\/de\/\"},{\"@type\":\"ListItem\",\"position\":2,\"name\":\"Dreadlocks Shop\",\"item\":\"https:\/\/daddydread.com\/de\/shop\/\"},{\"@type\":\"ListItem\",\"position\":3,\"name\":\"Synthetische Dreads \u2013 Schwarzer Wolf\"}]},{\"@type\":\"WebSite\",\"@id\":\"https:\/\/daddydread.com\/de\/#website\",\"url\":\"https:\/\/daddydread.com\/de\/\",\"name\":\"Daddy Dreads\",\"description\":\"Dreadlocks shop\",\"potentialAction\":[{\"@type\":\"SearchAction\",\"target\":{\"@type\":\"EntryPoint\",\"urlTemplate\":\"https:\/\/daddydread.com\/de\/?s={search_term_string}\"},\"query-input\":\"required name=search_term_string\"}],\"inLanguage\":\"de\"}]}<\/script>\n<!-- \/ Yoast SEO plugin. -->","yoast_head_json":{"title":"Schwarze Dreadlocks Kaufen, Synthetische Dreads Shop","description":"Schwarze Dreadlocks f\u00fcr M\u00e4nner und Frauen. Lange und kurze haare Dreadlocks Extensions. Lieferung in Deutschland. Daddy Dreads Shop.","robots":{"index":"index","follow":"follow","max-snippet":"max-snippet:-1","max-image-preview":"max-image-preview:large","max-video-preview":"max-video-preview:-1"},"canonical":"https:\/\/daddydread.com\/de\/produkt\/synthetische-dreads-schwarzer-wolf\/","og_locale":"de_DE","og_type":"article","og_title":"Schwarze Dreadlocks Kaufen, Synthetische Dreads Shop","og_description":"Schwarze Dreadlocks f\u00fcr M\u00e4nner und Frauen. Lange und kurze haare Dreadlocks Extensions. Lieferung in Deutschland. Daddy Dreads Shop.","og_url":"https:\/\/daddydread.com\/de\/produkt\/synthetische-dreads-schwarzer-wolf\/","og_site_name":"Daddy Dreads","article_modified_time":"2026-01-16T18:54:03+00:00","og_image":[{"width":600,"height":800,"url":"https:\/\/daddydread.com\/wp-content\/uploads\/2022\/07\/01-1-600x800.png","type":"image\/png"}],"twitter_card":"summary_large_image","twitter_misc":{"Gesch\u00e4tzte Lesezeit":"2\u00a0Minuten"},"schema":{"@context":"https:\/\/schema.org","@graph":[{"@type":"WebPage","@id":"https:\/\/daddydread.com\/de\/produkt\/synthetische-dreads-schwarzer-wolf\/","url":"https:\/\/daddydread.com\/de\/produkt\/synthetische-dreads-schwarzer-wolf\/","name":"Schwarze Dreadlocks Kaufen, Synthetische Dreads Shop","isPartOf":{"@id":"https:\/\/daddydread.com\/de\/#website"},"primaryImageOfPage":{"@id":"https:\/\/daddydread.com\/de\/produkt\/synthetische-dreads-schwarzer-wolf\/#primaryimage"},"image":{"@id":"https:\/\/daddydread.com\/de\/produkt\/synthetische-dreads-schwarzer-wolf\/#primaryimage"},"thumbnailUrl":"https:\/\/daddydread.com\/wp-content\/uploads\/2022\/07\/01-1.png","datePublished":"2022-07-11T12:57:19+00:00","dateModified":"2026-01-16T18:54:03+00:00","description":"Schwarze Dreadlocks f\u00fcr M\u00e4nner und Frauen. Lange und kurze haare Dreadlocks Extensions. Lieferung in Deutschland. Daddy Dreads Shop.","breadcrumb":{"@id":"https:\/\/daddydread.com\/de\/produkt\/synthetische-dreads-schwarzer-wolf\/#breadcrumb"},"inLanguage":"de","potentialAction":[{"@type":"ReadAction","target":["https:\/\/daddydread.com\/de\/produkt\/synthetische-dreads-schwarzer-wolf\/"]}]},{"@type":"ImageObject","inLanguage":"de","@id":"https:\/\/daddydread.com\/de\/produkt\/synthetische-dreads-schwarzer-wolf\/#primaryimage","url":"https:\/\/daddydread.com\/wp-content\/uploads\/2022\/07\/01-1.png","contentUrl":"https:\/\/daddydread.com\/wp-content\/uploads\/2022\/07\/01-1.png","width":1920,"height":2560,"caption":"Crochet Dreads - Black Wolf"},{"@type":"BreadcrumbList","@id":"https:\/\/daddydread.com\/de\/produkt\/synthetische-dreads-schwarzer-wolf\/#breadcrumb","itemListElement":[{"@type":"ListItem","position":1,"name":"\u0413\u043b\u0430\u0432\u043d\u0430\u044f \u0441\u0442\u0440\u0430\u043d\u0438\u0446\u0430","item":"https:\/\/daddydread.com\/de\/"},{"@type":"ListItem","position":2,"name":"Dreadlocks Shop","item":"https:\/\/daddydread.com\/de\/shop\/"},{"@type":"ListItem","position":3,"name":"Synthetische Dreads \u2013 Schwarzer Wolf"}]},{"@type":"WebSite","@id":"https:\/\/daddydread.com\/de\/#website","url":"https:\/\/daddydread.com\/de\/","name":"Daddy Dreads","description":"Dreadlocks shop","potentialAction":[{"@type":"SearchAction","target":{"@type":"EntryPoint","urlTemplate":"https:\/\/daddydread.com\/de\/?s={search_term_string}"},"query-input":"required name=search_term_string"}],"inLanguage":"de"}]}},"jetpack_sharing_enabled":true,"_links":{"self":[{"href":"https:\/\/daddydread.com\/de\/wp-json\/wp\/v2\/product\/28190","targetHints":{"allow":["GET"]}}],"collection":[{"href":"https:\/\/daddydread.com\/de\/wp-json\/wp\/v2\/product"}],"about":[{"href":"https:\/\/daddydread.com\/de\/wp-json\/wp\/v2\/types\/product"}],"replies":[{"embeddable":true,"href":"https:\/\/daddydread.com\/de\/wp-json\/wp\/v2\/comments?post=28190"}],"wp:featuredmedia":[{"embeddable":true,"href":"https:\/\/daddydread.com\/de\/wp-json\/wp\/v2\/media\/35489"}],"wp:attachment":[{"href":"https:\/\/daddydread.com\/de\/wp-json\/wp\/v2\/media?parent=28190"}],"wp:term":[{"taxonomy":"product_brand","embeddable":true,"href":"https:\/\/daddydread.com\/de\/wp-json\/wp\/v2\/product_brand?post=28190"},{"taxonomy":"product_cat","embeddable":true,"href":"https:\/\/daddydread.com\/de\/wp-json\/wp\/v2\/product_cat?post=28190"},{"taxonomy":"product_tag","embeddable":true,"href":"https:\/\/daddydread.com\/de\/wp-json\/wp\/v2\/product_tag?post=28190"}],"curies":[{"name":"wp","href":"https:\/\/api.w.org\/{rel}","templated":true}]}}