{"id":27860,"date":"2022-09-04T21:43:50","date_gmt":"2022-09-04T18:43:50","guid":{"rendered":"https:\/\/daddydread.com\/product\/lockige-dreads-hellbraune\/"},"modified":"2026-01-15T16:54:11","modified_gmt":"2026-01-15T13:54:11","slug":"lockige-dreads-hellbraune","status":"publish","type":"product","link":"https:\/\/daddydread.com\/de\/produkt\/lockige-dreads-hellbraune\/","title":{"rendered":"Lockige Dreads \u2013 Hellbraune"},"content":{"rendered":"<p>Die lockigen Dreadlocks in Hellbraun von Daddy Dreads Studio verleihen jedem, der seine Frisur aufwerten m\u00f6chte, einen frischen und nat\u00fcrlichen Look. Diese Haarverl\u00e4ngerungen sind aus hochwertigen, hitzebest\u00e4ndigen Synthetikfasern gefertigt, was sie sowohl langlebig als auch angenehm zu tragen macht. Der hellbraune Farbton ist weich und vielseitig und eignet sich perfekt f\u00fcr alle, die eine dezente, aber stilvolle Erg\u00e4nzung ihrer nat\u00fcrlichen Haarfarbe bevorzugen.<\/p>\n<h2>Lockige Dreadlocks verstehen<\/h2>\n<p>Jede hellbraune Dreadlock wird sorgf\u00e4ltig von Hand gefertigt, damit sie perfekt zu deinem nat\u00fcrlichen Haar passt. Das Design konzentriert sich auf das Hinzuf\u00fcgen von Volumen auf einer Seite der Str\u00e4hne, was dazu beitr\u00e4gt, die nat\u00fcrliche F\u00fclle der Kopfhaut zu erhalten und gleichzeitig die M\u00f6glichkeiten des synthetischen Materials voll auszusch\u00f6pfen. Dies sorgt nicht nur f\u00fcr ein nat\u00fcrlicheres Aussehen, sondern auch f\u00fcr mehr Leichtigkeit und Komfort beim Styling.<\/p>\n<p>Die Farbe Hellbraun passt zu einer Vielzahl von Hautt\u00f6nen und pers\u00f6nlichen Stilen. Sie eignet sich sowohl f\u00fcr allt\u00e4gliche Looks als auch f\u00fcr besondere Anl\u00e4sse und bietet eine vielseitige Option, die Ihr gesamtes Erscheinungsbild aufwertet, ohne es zu \u00fcberladen.<\/p>\n<h2>Anpassungsf\u00e4higkeit und Flexibilit\u00e4t<\/h2>\n<p>Die Locken von Daddy Dreads Studio sind sehr individuell anpassbar. Sie lassen sich leicht mit anderen Arten von Haarverl\u00e4ngerungen kombinieren, wie z.B. <strong><a href=\"https:\/\/daddydread.com\/de\/produkt-kategorie\/synthetische-dreadlocks\/\">geh\u00e4kelten<\/a><\/strong> und <strong><a href=\"https:\/\/daddydread.com\/de\/produkt-kategorie\/texturierte-dreadlocks\/\">strukturierten Dreadlocks<\/a><\/strong>, und erm\u00f6glichen so einen v\u00f6llig einzigartigen Look. Wenn du ein individuelles Set anfertigen lassen m\u00f6chtest, das nicht im Standardangebot des Studios zu finden ist, bietet Daddy Dreads einen individuellen Service an, der dir hilft, genau das zu erreichen, was du brauchst.<\/p>\n<h2>Pflege f\u00fcr deine hellbraunen lockigen Dreadlocks<\/h2>\n<p>Es ist ganz einfach, die Sch\u00f6nheit deiner hellbraunen Dreadlocks zu bewahren. In der ersten Woche ist es wichtig, sie nachts zu flechten, damit sie ihre Form behalten. Morgens und abends trennst du die Locken mit leicht angefeuchteten H\u00e4nden sanft voneinander und vermeidest die Verwendung eines Kammes, damit die Locken sch\u00f6n aussehen.<\/p>\n<p>Wenn es Zeit zum Waschen ist, verd\u00fcnnst du dein normales Shampoo im Verh\u00e4ltnis 1:5 mit Wasser und reinigst sowohl die Dreadlocks als auch deine Kopfhaut sorgf\u00e4ltig. Sp\u00fcle sie gr\u00fcndlich aus, um die Hygiene zu erhalten, und wiederhole diesen Vorgang w\u00f6chentlich. Zum Trocknen stellst du deinen F\u00f6hn auf eine warme oder k\u00fchle Stufe, denn zu viel Hitze kann die Kunstfasern besch\u00e4digen.<\/p>\n","protected":false},"excerpt":{"rendered":"<p>Verleihe deiner Frisur einen Hauch von nat\u00fcrlicher Eleganz mit den lockigen Dreadlocks in Hellbraun von Daddy Dreads Studio. Diese hochwertigen synthetischen Dreadlocks sind langlebig, leicht und f\u00fcgen sich nahtlos in dein nat\u00fcrliches Haar ein. Der hellbraune Farbton bietet einen weichen, vielseitigen Look, der sich perfekt f\u00fcr jede Gelegenheit eignet und eine einfache, aber raffinierte M\u00f6glichkeit darstellt, deinen pers\u00f6nlichen Stil zu unterstreichen.<\/p>\n<p><strong>Typ der Dreadlocks:<\/strong> Doppelendige (Zweifach Endend)<\/p>\n<p><strong>L<\/strong><strong>\u00e4<\/strong><strong>nge<\/strong><strong>:<\/strong> 50 \u2013 55 cm<\/p>\n","protected":false},"featured_media":34773,"comment_status":"open","ping_status":"closed","template":"","meta":{"_acf_changed":false},"product_brand":[],"product_cat":[260,236,256,246],"product_tag":[],"class_list":{"0":"post-27860","1":"product","2":"type-product","3":"status-publish","4":"has-post-thumbnail","6":"product_cat-doppelendige-dreadlocks","7":"product_cat-lockige-dreadlocks","8":"product_cat-ombre-dreadlocks","9":"product_cat-frauen-dreadlocks","11":"first","12":"instock","13":"shipping-taxable","14":"purchasable","15":"product-type-variable"},"acf":[],"yoast_head":"<!-- This site is optimized with the Yoast SEO plugin v22.3 - https:\/\/yoast.com\/wordpress\/plugins\/seo\/ -->\n<title>Hellbraune Lockige Dreadlocks Kaufen, Dreads Shop<\/title>\n<meta name=\"description\" content=\"Hellbraune lockige Dreadlocks f\u00fcr M\u00e4nner und Frauen. Lange und kurze haare Dreadlocks Extensions. Lieferung in Deutschland. Synthetische Dreads Shop.\" \/>\n<meta name=\"robots\" content=\"index, follow, max-snippet:-1, max-image-preview:large, max-video-preview:-1\" \/>\n<link rel=\"canonical\" href=\"https:\/\/daddydread.com\/de\/produkt\/lockige-dreads-hellbraune\/\" \/>\n<meta property=\"og:locale\" content=\"de_DE\" \/>\n<meta property=\"og:type\" content=\"article\" \/>\n<meta property=\"og:title\" content=\"Hellbraune Lockige Dreadlocks Kaufen, Dreads Shop\" \/>\n<meta property=\"og:description\" content=\"Hellbraune lockige Dreadlocks f\u00fcr M\u00e4nner und Frauen. Lange und kurze haare Dreadlocks Extensions. Lieferung in Deutschland. Synthetische Dreads Shop.\" \/>\n<meta property=\"og:url\" content=\"https:\/\/daddydread.com\/de\/produkt\/lockige-dreads-hellbraune\/\" \/>\n<meta property=\"og:site_name\" content=\"Daddy Dreads\" \/>\n<meta property=\"article:modified_time\" content=\"2026-01-15T13:54:11+00:00\" \/>\n<meta property=\"og:image\" content=\"https:\/\/daddydread.com\/wp-content\/uploads\/2022\/09\/01-600x800.jpg\" \/>\n\t<meta property=\"og:image:width\" content=\"600\" \/>\n\t<meta property=\"og:image:height\" content=\"800\" \/>\n\t<meta property=\"og:image:type\" content=\"image\/jpeg\" \/>\n<meta name=\"twitter:card\" content=\"summary_large_image\" \/>\n<meta name=\"twitter:label1\" content=\"Gesch\u00e4tzte Lesezeit\" \/>\n\t<meta name=\"twitter:data1\" content=\"2\u00a0Minuten\" \/>\n<script type=\"application\/ld+json\" class=\"yoast-schema-graph\">{\"@context\":\"https:\/\/schema.org\",\"@graph\":[{\"@type\":\"WebPage\",\"@id\":\"https:\/\/daddydread.com\/de\/produkt\/lockige-dreads-hellbraune\/\",\"url\":\"https:\/\/daddydread.com\/de\/produkt\/lockige-dreads-hellbraune\/\",\"name\":\"Hellbraune Lockige Dreadlocks Kaufen, Dreads Shop\",\"isPartOf\":{\"@id\":\"https:\/\/daddydread.com\/de\/#website\"},\"primaryImageOfPage\":{\"@id\":\"https:\/\/daddydread.com\/de\/produkt\/lockige-dreads-hellbraune\/#primaryimage\"},\"image\":{\"@id\":\"https:\/\/daddydread.com\/de\/produkt\/lockige-dreads-hellbraune\/#primaryimage\"},\"thumbnailUrl\":\"https:\/\/daddydread.com\/wp-content\/uploads\/2022\/09\/01.jpg\",\"datePublished\":\"2022-09-04T18:43:50+00:00\",\"dateModified\":\"2026-01-15T13:54:11+00:00\",\"description\":\"Hellbraune lockige Dreadlocks f\u00fcr M\u00e4nner und Frauen. Lange und kurze haare Dreadlocks Extensions. Lieferung in Deutschland. Synthetische Dreads Shop.\",\"breadcrumb\":{\"@id\":\"https:\/\/daddydread.com\/de\/produkt\/lockige-dreads-hellbraune\/#breadcrumb\"},\"inLanguage\":\"de\",\"potentialAction\":[{\"@type\":\"ReadAction\",\"target\":[\"https:\/\/daddydread.com\/de\/produkt\/lockige-dreads-hellbraune\/\"]}]},{\"@type\":\"ImageObject\",\"inLanguage\":\"de\",\"@id\":\"https:\/\/daddydread.com\/de\/produkt\/lockige-dreads-hellbraune\/#primaryimage\",\"url\":\"https:\/\/daddydread.com\/wp-content\/uploads\/2022\/09\/01.jpg\",\"contentUrl\":\"https:\/\/daddydread.com\/wp-content\/uploads\/2022\/09\/01.jpg\",\"width\":1920,\"height\":2560,\"caption\":\"Curly Dreads \u2013 Light Brown\"},{\"@type\":\"BreadcrumbList\",\"@id\":\"https:\/\/daddydread.com\/de\/produkt\/lockige-dreads-hellbraune\/#breadcrumb\",\"itemListElement\":[{\"@type\":\"ListItem\",\"position\":1,\"name\":\"\u0413\u043b\u0430\u0432\u043d\u0430\u044f \u0441\u0442\u0440\u0430\u043d\u0438\u0446\u0430\",\"item\":\"https:\/\/daddydread.com\/de\/\"},{\"@type\":\"ListItem\",\"position\":2,\"name\":\"Dreadlocks Shop\",\"item\":\"https:\/\/daddydread.com\/de\/shop\/\"},{\"@type\":\"ListItem\",\"position\":3,\"name\":\"Lockige Dreads \u2013 Hellbraune\"}]},{\"@type\":\"WebSite\",\"@id\":\"https:\/\/daddydread.com\/de\/#website\",\"url\":\"https:\/\/daddydread.com\/de\/\",\"name\":\"Daddy Dreads\",\"description\":\"Dreadlocks shop\",\"potentialAction\":[{\"@type\":\"SearchAction\",\"target\":{\"@type\":\"EntryPoint\",\"urlTemplate\":\"https:\/\/daddydread.com\/de\/?s={search_term_string}\"},\"query-input\":\"required name=search_term_string\"}],\"inLanguage\":\"de\"}]}<\/script>\n<!-- \/ Yoast SEO plugin. -->","yoast_head_json":{"title":"Hellbraune Lockige Dreadlocks Kaufen, Dreads Shop","description":"Hellbraune lockige Dreadlocks f\u00fcr M\u00e4nner und Frauen. Lange und kurze haare Dreadlocks Extensions. Lieferung in Deutschland. Synthetische Dreads Shop.","robots":{"index":"index","follow":"follow","max-snippet":"max-snippet:-1","max-image-preview":"max-image-preview:large","max-video-preview":"max-video-preview:-1"},"canonical":"https:\/\/daddydread.com\/de\/produkt\/lockige-dreads-hellbraune\/","og_locale":"de_DE","og_type":"article","og_title":"Hellbraune Lockige Dreadlocks Kaufen, Dreads Shop","og_description":"Hellbraune lockige Dreadlocks f\u00fcr M\u00e4nner und Frauen. Lange und kurze haare Dreadlocks Extensions. Lieferung in Deutschland. Synthetische Dreads Shop.","og_url":"https:\/\/daddydread.com\/de\/produkt\/lockige-dreads-hellbraune\/","og_site_name":"Daddy Dreads","article_modified_time":"2026-01-15T13:54:11+00:00","og_image":[{"width":600,"height":800,"url":"https:\/\/daddydread.com\/wp-content\/uploads\/2022\/09\/01-600x800.jpg","type":"image\/jpeg"}],"twitter_card":"summary_large_image","twitter_misc":{"Gesch\u00e4tzte Lesezeit":"2\u00a0Minuten"},"schema":{"@context":"https:\/\/schema.org","@graph":[{"@type":"WebPage","@id":"https:\/\/daddydread.com\/de\/produkt\/lockige-dreads-hellbraune\/","url":"https:\/\/daddydread.com\/de\/produkt\/lockige-dreads-hellbraune\/","name":"Hellbraune Lockige Dreadlocks Kaufen, Dreads Shop","isPartOf":{"@id":"https:\/\/daddydread.com\/de\/#website"},"primaryImageOfPage":{"@id":"https:\/\/daddydread.com\/de\/produkt\/lockige-dreads-hellbraune\/#primaryimage"},"image":{"@id":"https:\/\/daddydread.com\/de\/produkt\/lockige-dreads-hellbraune\/#primaryimage"},"thumbnailUrl":"https:\/\/daddydread.com\/wp-content\/uploads\/2022\/09\/01.jpg","datePublished":"2022-09-04T18:43:50+00:00","dateModified":"2026-01-15T13:54:11+00:00","description":"Hellbraune lockige Dreadlocks f\u00fcr M\u00e4nner und Frauen. Lange und kurze haare Dreadlocks Extensions. Lieferung in Deutschland. Synthetische Dreads Shop.","breadcrumb":{"@id":"https:\/\/daddydread.com\/de\/produkt\/lockige-dreads-hellbraune\/#breadcrumb"},"inLanguage":"de","potentialAction":[{"@type":"ReadAction","target":["https:\/\/daddydread.com\/de\/produkt\/lockige-dreads-hellbraune\/"]}]},{"@type":"ImageObject","inLanguage":"de","@id":"https:\/\/daddydread.com\/de\/produkt\/lockige-dreads-hellbraune\/#primaryimage","url":"https:\/\/daddydread.com\/wp-content\/uploads\/2022\/09\/01.jpg","contentUrl":"https:\/\/daddydread.com\/wp-content\/uploads\/2022\/09\/01.jpg","width":1920,"height":2560,"caption":"Curly Dreads \u2013 Light Brown"},{"@type":"BreadcrumbList","@id":"https:\/\/daddydread.com\/de\/produkt\/lockige-dreads-hellbraune\/#breadcrumb","itemListElement":[{"@type":"ListItem","position":1,"name":"\u0413\u043b\u0430\u0432\u043d\u0430\u044f \u0441\u0442\u0440\u0430\u043d\u0438\u0446\u0430","item":"https:\/\/daddydread.com\/de\/"},{"@type":"ListItem","position":2,"name":"Dreadlocks Shop","item":"https:\/\/daddydread.com\/de\/shop\/"},{"@type":"ListItem","position":3,"name":"Lockige Dreads \u2013 Hellbraune"}]},{"@type":"WebSite","@id":"https:\/\/daddydread.com\/de\/#website","url":"https:\/\/daddydread.com\/de\/","name":"Daddy Dreads","description":"Dreadlocks shop","potentialAction":[{"@type":"SearchAction","target":{"@type":"EntryPoint","urlTemplate":"https:\/\/daddydread.com\/de\/?s={search_term_string}"},"query-input":"required name=search_term_string"}],"inLanguage":"de"}]}},"jetpack_sharing_enabled":true,"_links":{"self":[{"href":"https:\/\/daddydread.com\/de\/wp-json\/wp\/v2\/product\/27860","targetHints":{"allow":["GET"]}}],"collection":[{"href":"https:\/\/daddydread.com\/de\/wp-json\/wp\/v2\/product"}],"about":[{"href":"https:\/\/daddydread.com\/de\/wp-json\/wp\/v2\/types\/product"}],"replies":[{"embeddable":true,"href":"https:\/\/daddydread.com\/de\/wp-json\/wp\/v2\/comments?post=27860"}],"wp:featuredmedia":[{"embeddable":true,"href":"https:\/\/daddydread.com\/de\/wp-json\/wp\/v2\/media\/34773"}],"wp:attachment":[{"href":"https:\/\/daddydread.com\/de\/wp-json\/wp\/v2\/media?parent=27860"}],"wp:term":[{"taxonomy":"product_brand","embeddable":true,"href":"https:\/\/daddydread.com\/de\/wp-json\/wp\/v2\/product_brand?post=27860"},{"taxonomy":"product_cat","embeddable":true,"href":"https:\/\/daddydread.com\/de\/wp-json\/wp\/v2\/product_cat?post=27860"},{"taxonomy":"product_tag","embeddable":true,"href":"https:\/\/daddydread.com\/de\/wp-json\/wp\/v2\/product_tag?post=27860"}],"curies":[{"name":"wp","href":"https:\/\/api.w.org\/{rel}","templated":true}]}}