{"id":27839,"date":"2022-07-11T16:02:31","date_gmt":"2022-07-11T13:02:31","guid":{"rendered":"https:\/\/daddydread.com\/product\/lockige-dreads-aschblonde\/"},"modified":"2026-04-14T10:12:22","modified_gmt":"2026-04-14T07:12:22","slug":"lockige-dreads-aschblonde","status":"publish","type":"product","link":"https:\/\/daddydread.com\/de\/produkt\/lockige-dreads-aschblonde\/","title":{"rendered":"Lockige Dreads \u2013 Aschblonde"},"content":{"rendered":"<p>Lockige Dreadlocks von Daddy Dreads Studio bieten eine einzigartige und atemberaubende M\u00f6glichkeit, Ihre Frisur mit ihrer aschblonden Farbe zu verbessern. Diese Haarverl\u00e4ngerungen werden mit gro\u00dfer Sorgfalt aus hochwertigen, hitzebest\u00e4ndigen synthetischen Materialien hergestellt. Das Ergebnis sind volumin\u00f6se, weiche und leichte lockige Dreadlocks, die sich m\u00fchelos mit deinem nat\u00fcrlichen Haar oder anderen Dreadlocks kombinieren lassen, um einen ganz individuellen Look zu kreieren.<\/p>\n<h2>Was sind gelockte Dreadlocks?<\/h2>\n<p>Gelockte Dreadlocks sind speziell mit einem verworrenen Ansatz entworfen, der sich leicht in dein Haar einf\u00fcgt und eine erstaunliche und komplizierte Frisur schafft. Im Gegensatz zu herk\u00f6mmlichen Dreadlocks, die schwer oder starr sein k\u00f6nnen, sind diese lockigen Haarverl\u00e4ngerungen dank ihres innovativen einseitigen Str\u00e4hnen-Designs flexibel und angenehm zu tragen. Dieses Design erh\u00e4lt nicht nur das Volumen der Kopfhaut, sondern maximiert auch das Potenzial des Materials, so dass Sie eine vollmundige und ausdrucksstarke Frisur erhalten.<\/p>\n<p>Der Farbton Aschblond dieser Haarverl\u00e4ngerungen ist besonders auff\u00e4llig und bietet eine trendige und vielseitige Farbe, die zu einer Vielzahl von Hautt\u00f6nen und pers\u00f6nlichen Stilen passt. Ganz gleich, ob du einen auff\u00e4lligen Look oder eine dezente Erg\u00e4nzung zu deiner nat\u00fcrlichen Haarfarbe anstrebst, Aschblonde Locken-Dreadlocks sind eine ausgezeichnete Wahl.<\/p>\n<h2>Mischen und Anpassen<\/h2>\n<p>Eine der Besonderheiten der lockigen Dreadlocks von Daddy Dreads Studio ist ihre Kombinierbarkeit mit anderen Dreadlocks, wie z. B. <strong><a href=\"https:\/\/daddydread.com\/de\/produkt-kategorie\/synthetische-dreadlocks\/\">gestrickten<\/a><\/strong> und <strong><a href=\"https:\/\/daddydread.com\/de\/produkt-kategorie\/texturierte-dreadlocks\/\">strukturierten Dreadlocks<\/a><\/strong>. Durch diese Kombinationsm\u00f6glichkeiten kannst du dir ein Set zusammenstellen, das deine Pers\u00f6nlichkeit widerspiegelt. Wenn du dir nicht sicher bist, welche Farben du kombinieren sollst oder wie du sie am besten mit deinem nat\u00fcrlichen Haar kombinierst, bietet dir das Studio eine pers\u00f6nliche Beratung an, damit du das Dreadlock-Set deiner Tr\u00e4ume kreieren kannst.<\/p>\n<h2>Pflege und Instandhaltung<\/h2>\n<p>Die Pflege deiner aschblonden, lockigen Dreadlocks ist ganz einfach und sorgt daf\u00fcr, dass sie sch\u00f6n und intakt bleiben. In der ersten Woche ist es wichtig, sich auf die Lockenbildung zu konzentrieren. Um die Locken zu erhalten, sollten Sie sie vor dem Schlafengehen zu einem Zopf flechten und morgens und abends mit leicht angefeuchteten H\u00e4nden die einzelnen Str\u00e4hnen vorsichtig voneinander trennen. Vermeiden Sie es, die Locken zu k\u00e4mmen, um ihre Form und Textur zu erhalten.<\/p>\n<p>Das Waschen dieser Haarverl\u00e4ngerungen ist einfach und erfordert nur Ihr \u00fcbliches mit Wasser verd\u00fcnntes Shampoo (im Verh\u00e4ltnis 1:5). Trage die Mischung sanft auf die Dreadlocks und die Kopfhaut auf, sp\u00fcle sie gr\u00fcndlich aus und wiederhole den Vorgang, um sicherzustellen, dass die Kopfhaut sauber ist. Denke daran, deine Kopfhaut jede Woche zu waschen, um die Hygiene aufrechtzuerhalten, ohne sie zu \u00fcberm\u00e4\u00dfig zu waschen, was die Dreadlocks besch\u00e4digen k\u00f6nnte. Verwenden Sie beim Trocknen eine warme oder k\u00fchle Einstellung Ihres Haartrockners, da hei\u00dfe Luft die Locken verformen kann.<\/p>\n","protected":false},"excerpt":{"rendered":"<p>Verwandeln Sie Ihren Look mit lockigen Dreadlocks in Aschblond. Diese leichten, volumin\u00f6sen Locken f\u00fcgen sich nahtlos in Ihr Haar ein und bieten eine weiche, leicht zu frisierende Frisur, die in einem trendigen Aschblonden erstrahlt. Diese pflegeleichten und einfach zu stylenden Haarverl\u00e4ngerungen sind perfekt f\u00fcr alle, die ihre Individualit\u00e4t zum Ausdruck bringen und gleichzeitig ein schickes und anspruchsvolles Aussehen bewahren m\u00f6chten.<\/p>\n<p><strong>Typ der Dreadlocks:<\/strong> Doppelendige (Zweifach Endend)<\/p>\n<p><strong>L<\/strong><strong>\u00e4<\/strong><strong>nge<\/strong><strong>:<\/strong> 50 \u2013 55 cm<\/p>\n","protected":false},"featured_media":41508,"comment_status":"open","ping_status":"closed","template":"","meta":{"_acf_changed":false},"product_brand":[],"product_cat":[260,236,256,246],"product_tag":[],"class_list":{"0":"post-27839","1":"product","2":"type-product","3":"status-publish","4":"has-post-thumbnail","6":"product_cat-doppelendige-dreadlocks","7":"product_cat-lockige-dreadlocks","8":"product_cat-ombre-dreadlocks","9":"product_cat-frauen-dreadlocks","11":"first","12":"instock","13":"shipping-taxable","14":"purchasable","15":"product-type-variable","16":"has-default-attributes"},"acf":[],"yoast_head":"<!-- This site is optimized with the Yoast SEO plugin v22.3 - https:\/\/yoast.com\/wordpress\/plugins\/seo\/ -->\n<title>Aschblonde Lockige Dreadlocks Kaufen, Dreads Shop<\/title>\n<meta name=\"description\" content=\"Aschblonde lockige Dreadlocks f\u00fcr M\u00e4nner und Frauen. Lange und kurze haare Dreadlocks Extensions. Lieferung in Deutschland. Synthetische Dreads Shop.\" \/>\n<meta name=\"robots\" content=\"index, follow, max-snippet:-1, max-image-preview:large, max-video-preview:-1\" \/>\n<link rel=\"canonical\" href=\"https:\/\/daddydread.com\/de\/produkt\/lockige-dreads-aschblonde\/\" \/>\n<meta property=\"og:locale\" content=\"de_DE\" \/>\n<meta property=\"og:type\" content=\"article\" \/>\n<meta property=\"og:title\" content=\"Aschblonde Lockige Dreadlocks Kaufen, Dreads Shop\" \/>\n<meta property=\"og:description\" content=\"Aschblonde lockige Dreadlocks f\u00fcr M\u00e4nner und Frauen. Lange und kurze haare Dreadlocks Extensions. Lieferung in Deutschland. Synthetische Dreads Shop.\" \/>\n<meta property=\"og:url\" content=\"https:\/\/daddydread.com\/de\/produkt\/lockige-dreads-aschblonde\/\" \/>\n<meta property=\"og:site_name\" content=\"Daddy Dreads\" \/>\n<meta property=\"article:modified_time\" content=\"2026-04-14T07:12:22+00:00\" \/>\n<meta property=\"og:image\" content=\"https:\/\/daddydread.com\/wp-content\/uploads\/2022\/07\/\u0413\u043b\u0430\u0432\u043d\u0430\u044f-2.jpg\" \/>\n\t<meta property=\"og:image:width\" content=\"1920\" \/>\n\t<meta property=\"og:image:height\" content=\"2560\" \/>\n\t<meta property=\"og:image:type\" content=\"image\/jpeg\" \/>\n<meta name=\"twitter:card\" content=\"summary_large_image\" \/>\n<meta name=\"twitter:label1\" content=\"Gesch\u00e4tzte Lesezeit\" \/>\n\t<meta name=\"twitter:data1\" content=\"3\u00a0Minuten\" \/>\n<script type=\"application\/ld+json\" class=\"yoast-schema-graph\">{\"@context\":\"https:\/\/schema.org\",\"@graph\":[{\"@type\":\"WebPage\",\"@id\":\"https:\/\/daddydread.com\/de\/produkt\/lockige-dreads-aschblonde\/\",\"url\":\"https:\/\/daddydread.com\/de\/produkt\/lockige-dreads-aschblonde\/\",\"name\":\"Aschblonde Lockige Dreadlocks Kaufen, Dreads Shop\",\"isPartOf\":{\"@id\":\"https:\/\/daddydread.com\/de\/#website\"},\"primaryImageOfPage\":{\"@id\":\"https:\/\/daddydread.com\/de\/produkt\/lockige-dreads-aschblonde\/#primaryimage\"},\"image\":{\"@id\":\"https:\/\/daddydread.com\/de\/produkt\/lockige-dreads-aschblonde\/#primaryimage\"},\"thumbnailUrl\":\"https:\/\/daddydread.com\/wp-content\/uploads\/2022\/07\/001.webp\",\"datePublished\":\"2022-07-11T13:02:31+00:00\",\"dateModified\":\"2026-04-14T07:12:22+00:00\",\"description\":\"Aschblonde lockige Dreadlocks f\u00fcr M\u00e4nner und Frauen. Lange und kurze haare Dreadlocks Extensions. Lieferung in Deutschland. Synthetische Dreads Shop.\",\"breadcrumb\":{\"@id\":\"https:\/\/daddydread.com\/de\/produkt\/lockige-dreads-aschblonde\/#breadcrumb\"},\"inLanguage\":\"de\",\"potentialAction\":[{\"@type\":\"ReadAction\",\"target\":[\"https:\/\/daddydread.com\/de\/produkt\/lockige-dreads-aschblonde\/\"]}]},{\"@type\":\"ImageObject\",\"inLanguage\":\"de\",\"@id\":\"https:\/\/daddydread.com\/de\/produkt\/lockige-dreads-aschblonde\/#primaryimage\",\"url\":\"https:\/\/daddydread.com\/wp-content\/uploads\/2022\/07\/001.webp\",\"contentUrl\":\"https:\/\/daddydread.com\/wp-content\/uploads\/2022\/07\/001.webp\",\"width\":1920,\"height\":2560,\"caption\":\"Curly Dreads \u2013 Ash Blonde\"},{\"@type\":\"BreadcrumbList\",\"@id\":\"https:\/\/daddydread.com\/de\/produkt\/lockige-dreads-aschblonde\/#breadcrumb\",\"itemListElement\":[{\"@type\":\"ListItem\",\"position\":1,\"name\":\"\u0413\u043b\u0430\u0432\u043d\u0430\u044f \u0441\u0442\u0440\u0430\u043d\u0438\u0446\u0430\",\"item\":\"https:\/\/daddydread.com\/de\/\"},{\"@type\":\"ListItem\",\"position\":2,\"name\":\"Dreadlocks Shop\",\"item\":\"https:\/\/daddydread.com\/de\/shop\/\"},{\"@type\":\"ListItem\",\"position\":3,\"name\":\"Lockige Dreads \u2013 Aschblonde\"}]},{\"@type\":\"WebSite\",\"@id\":\"https:\/\/daddydread.com\/de\/#website\",\"url\":\"https:\/\/daddydread.com\/de\/\",\"name\":\"Daddy Dreads\",\"description\":\"Dreadlocks shop\",\"potentialAction\":[{\"@type\":\"SearchAction\",\"target\":{\"@type\":\"EntryPoint\",\"urlTemplate\":\"https:\/\/daddydread.com\/de\/?s={search_term_string}\"},\"query-input\":\"required name=search_term_string\"}],\"inLanguage\":\"de\"}]}<\/script>\n<!-- \/ Yoast SEO plugin. -->","yoast_head_json":{"title":"Aschblonde Lockige Dreadlocks Kaufen, Dreads Shop","description":"Aschblonde lockige Dreadlocks f\u00fcr M\u00e4nner und Frauen. Lange und kurze haare Dreadlocks Extensions. Lieferung in Deutschland. Synthetische Dreads Shop.","robots":{"index":"index","follow":"follow","max-snippet":"max-snippet:-1","max-image-preview":"max-image-preview:large","max-video-preview":"max-video-preview:-1"},"canonical":"https:\/\/daddydread.com\/de\/produkt\/lockige-dreads-aschblonde\/","og_locale":"de_DE","og_type":"article","og_title":"Aschblonde Lockige Dreadlocks Kaufen, Dreads Shop","og_description":"Aschblonde lockige Dreadlocks f\u00fcr M\u00e4nner und Frauen. Lange und kurze haare Dreadlocks Extensions. Lieferung in Deutschland. Synthetische Dreads Shop.","og_url":"https:\/\/daddydread.com\/de\/produkt\/lockige-dreads-aschblonde\/","og_site_name":"Daddy Dreads","article_modified_time":"2026-04-14T07:12:22+00:00","og_image":[{"width":1920,"height":2560,"url":"https:\/\/daddydread.com\/wp-content\/uploads\/2022\/07\/\u0413\u043b\u0430\u0432\u043d\u0430\u044f-2.jpg","type":"image\/jpeg"}],"twitter_card":"summary_large_image","twitter_misc":{"Gesch\u00e4tzte Lesezeit":"3\u00a0Minuten"},"schema":{"@context":"https:\/\/schema.org","@graph":[{"@type":"WebPage","@id":"https:\/\/daddydread.com\/de\/produkt\/lockige-dreads-aschblonde\/","url":"https:\/\/daddydread.com\/de\/produkt\/lockige-dreads-aschblonde\/","name":"Aschblonde Lockige Dreadlocks Kaufen, Dreads Shop","isPartOf":{"@id":"https:\/\/daddydread.com\/de\/#website"},"primaryImageOfPage":{"@id":"https:\/\/daddydread.com\/de\/produkt\/lockige-dreads-aschblonde\/#primaryimage"},"image":{"@id":"https:\/\/daddydread.com\/de\/produkt\/lockige-dreads-aschblonde\/#primaryimage"},"thumbnailUrl":"https:\/\/daddydread.com\/wp-content\/uploads\/2022\/07\/001.webp","datePublished":"2022-07-11T13:02:31+00:00","dateModified":"2026-04-14T07:12:22+00:00","description":"Aschblonde lockige Dreadlocks f\u00fcr M\u00e4nner und Frauen. Lange und kurze haare Dreadlocks Extensions. Lieferung in Deutschland. Synthetische Dreads Shop.","breadcrumb":{"@id":"https:\/\/daddydread.com\/de\/produkt\/lockige-dreads-aschblonde\/#breadcrumb"},"inLanguage":"de","potentialAction":[{"@type":"ReadAction","target":["https:\/\/daddydread.com\/de\/produkt\/lockige-dreads-aschblonde\/"]}]},{"@type":"ImageObject","inLanguage":"de","@id":"https:\/\/daddydread.com\/de\/produkt\/lockige-dreads-aschblonde\/#primaryimage","url":"https:\/\/daddydread.com\/wp-content\/uploads\/2022\/07\/001.webp","contentUrl":"https:\/\/daddydread.com\/wp-content\/uploads\/2022\/07\/001.webp","width":1920,"height":2560,"caption":"Curly Dreads \u2013 Ash Blonde"},{"@type":"BreadcrumbList","@id":"https:\/\/daddydread.com\/de\/produkt\/lockige-dreads-aschblonde\/#breadcrumb","itemListElement":[{"@type":"ListItem","position":1,"name":"\u0413\u043b\u0430\u0432\u043d\u0430\u044f \u0441\u0442\u0440\u0430\u043d\u0438\u0446\u0430","item":"https:\/\/daddydread.com\/de\/"},{"@type":"ListItem","position":2,"name":"Dreadlocks Shop","item":"https:\/\/daddydread.com\/de\/shop\/"},{"@type":"ListItem","position":3,"name":"Lockige Dreads \u2013 Aschblonde"}]},{"@type":"WebSite","@id":"https:\/\/daddydread.com\/de\/#website","url":"https:\/\/daddydread.com\/de\/","name":"Daddy Dreads","description":"Dreadlocks shop","potentialAction":[{"@type":"SearchAction","target":{"@type":"EntryPoint","urlTemplate":"https:\/\/daddydread.com\/de\/?s={search_term_string}"},"query-input":"required name=search_term_string"}],"inLanguage":"de"}]}},"jetpack_sharing_enabled":true,"_links":{"self":[{"href":"https:\/\/daddydread.com\/de\/wp-json\/wp\/v2\/product\/27839","targetHints":{"allow":["GET"]}}],"collection":[{"href":"https:\/\/daddydread.com\/de\/wp-json\/wp\/v2\/product"}],"about":[{"href":"https:\/\/daddydread.com\/de\/wp-json\/wp\/v2\/types\/product"}],"replies":[{"embeddable":true,"href":"https:\/\/daddydread.com\/de\/wp-json\/wp\/v2\/comments?post=27839"}],"wp:featuredmedia":[{"embeddable":true,"href":"https:\/\/daddydread.com\/de\/wp-json\/wp\/v2\/media\/41508"}],"wp:attachment":[{"href":"https:\/\/daddydread.com\/de\/wp-json\/wp\/v2\/media?parent=27839"}],"wp:term":[{"taxonomy":"product_brand","embeddable":true,"href":"https:\/\/daddydread.com\/de\/wp-json\/wp\/v2\/product_brand?post=27839"},{"taxonomy":"product_cat","embeddable":true,"href":"https:\/\/daddydread.com\/de\/wp-json\/wp\/v2\/product_cat?post=27839"},{"taxonomy":"product_tag","embeddable":true,"href":"https:\/\/daddydread.com\/de\/wp-json\/wp\/v2\/product_tag?post=27839"}],"curies":[{"name":"wp","href":"https:\/\/api.w.org\/{rel}","templated":true}]}}