{"id":27825,"date":"2022-09-04T22:01:07","date_gmt":"2022-09-04T19:01:07","guid":{"rendered":"https:\/\/daddydread.com\/product\/lockige-dreads-lila\/"},"modified":"2024-05-22T23:13:12","modified_gmt":"2024-05-22T20:13:12","slug":"lockige-dreads-lila","status":"publish","type":"product","link":"https:\/\/daddydread.com\/de\/produkt\/lockige-dreads-lila\/","title":{"rendered":"Lockige Dreads \u2013 Lila"},"content":{"rendered":"<p>Tauche ein in die lebendige Welt der lockigen Dreadlocks von Daddy Dreads Studio in einem bezaubernden Lila-Ton. Diese Haarverl\u00e4ngerung wurde sorgf\u00e4ltig aus hochwertigen, hitzebest\u00e4ndigen Synthetikfasern hergestellt, die nicht nur langlebig, sondern auch leicht genug sind, um den ganzen Tag \u00fcber bequem getragen zu werden.<\/p>\n<h2>Eigenschaften von lila gelockten Dreadlocks<\/h2>\n<p>Jedes Teil der lilafarbenen Kollektion wird mit viel Liebe zum Detail handgefertigt und so gestaltet, dass es sich nahtlos in Ihr nat\u00fcrliches Haar einf\u00fcgt. Das Volumen wird taktisch auf einer Seite der Str\u00e4hne hinzugef\u00fcgt, um das nat\u00fcrliche Aussehen Ihrer Kopfhaut zu bewahren und gleichzeitig die reiche, dynamische Farbe und Textur zur Geltung zu bringen.<\/p>\n<p>Die Farbe Lila ist satt und lebendig und bietet einen k\u00fchnen Look, mit dem Sie sich von jeder Menge Menschen abheben k\u00f6nnen. Sie ist perfekt f\u00fcr alle, die mit ihrem Haar ein Statement setzen wollen, sei es bei einer gesellschaftlichen Zusammenkunft, einem festlichen Anlass oder im Alltag.<\/p>\n<h2>Styling und Anpassungsm\u00f6glichkeiten<\/h2>\n<p>Diese lockigen Dreadlock-Erweiterungen sind unglaublich vielseitig und bieten zahlreiche Stylingm\u00f6glichkeiten. Du kannst der Dreadlocks mit anderen Haarverl\u00e4ngerungen wie <strong><a href=\"https:\/\/daddydread.com\/de\/produkt-kategorie\/texturierte-dreadlocks\/\">strukturierten Dreadlocks<\/a><\/strong> oder H\u00e4kelfrisuren kombinieren und so einen ganz pers\u00f6nlichen Look kreieren, der deine Individualit\u00e4t widerspiegelt. Daddy Dreads Studio bietet auch die M\u00f6glichkeit, spezielle Stile oder Kombinationen zu kreieren, die nicht auf dem Markt erh\u00e4ltlich sind, damit du genau das bekommst, was du dir vorstellst.<\/p>\n<h2>Pflege deiner violetten lockigen Dreadlocks<\/h2>\n<p>Die Pflege deiner lilafarbenen Erweiterungen beinhaltet einfache Schritte, die der Schl\u00fcssel dazu sind, dass sie immer gut aussehen. Flechten Sie sie in der ersten Woche nachts leicht, damit sie ihre Form behalten. Trennen Sie die Locken morgens und abends mit leicht angefeuchteten H\u00e4nden und vermeiden Sie einen Kamm, um die Integrit\u00e4t der Locken zu erhalten.<\/p>\n<p>Zum Waschen mischen Sie Ihr normales Shampoo im Verh\u00e4ltnis 1:5 mit Wasser und tragen es sanft auf die Erweiterungen und Ihre Kopfhaut auf. Sp\u00fclen Sie es gr\u00fcndlich aus, damit keine R\u00fcckst\u00e4nde zur\u00fcckbleiben. Dies sollte w\u00f6chentlich geschehen, um optimale Sauberkeit zu gew\u00e4hrleisten. W\u00e4hlen Sie beim Trocknen eine warme oder k\u00fchle Einstellung Ihres Haartrockners, um Hitzesch\u00e4den zu vermeiden.<\/p>\n","protected":false},"excerpt":{"rendered":"<p>Diese leuchtenden, auff\u00e4lligen, lockigen Dreadlocks sind aus hochwertigen synthetischen Fasern gefertigt und bieten Haltbarkeit und ein leichtes Tragegef\u00fchl. Die satte lila Farbe verleiht jedem Look einen gewagten, modischen Touch und macht diese Dreadlocks perfekt f\u00fcr alle, die gerne auffallen. Sie sind pflegeleicht und vielseitig einsetzbar.<\/p>\n<p><strong>Typ der Dreadlocks:<\/strong> Doppelendige (Zweifach Endend)<\/p>\n<p><strong>L<\/strong><strong>\u00e4<\/strong><strong>nge<\/strong><strong>:<\/strong> 50 \u2013 55 cm<\/p>\n","protected":false},"featured_media":27624,"comment_status":"open","ping_status":"closed","template":"","meta":{"_acf_changed":false},"product_brand":[],"product_cat":[260,245,236,256,246],"product_tag":[],"class_list":{"0":"post-27825","1":"product","2":"type-product","3":"status-publish","4":"has-post-thumbnail","6":"product_cat-doppelendige-dreadlocks","7":"product_cat-farbige-dreadlocks","8":"product_cat-lockige-dreadlocks","9":"product_cat-ombre-dreadlocks","10":"product_cat-frauen-dreadlocks","12":"first","13":"instock","14":"shipping-taxable","15":"purchasable","16":"product-type-variable","17":"has-default-attributes"},"acf":[],"yoast_head":"<!-- This site is optimized with the Yoast SEO plugin v22.3 - https:\/\/yoast.com\/wordpress\/plugins\/seo\/ -->\n<title>Lila Lockige Dreadlocks Kaufen, Dreads Shop<\/title>\n<meta name=\"description\" content=\"Lila lockige Dreadlocks f\u00fcr M\u00e4nner und Frauen. Lange und kurze haare Dreadlocks Extensions. Lieferung in Deutschland. Synthetische Dreads Shop.\" \/>\n<meta name=\"robots\" content=\"index, follow, max-snippet:-1, max-image-preview:large, max-video-preview:-1\" \/>\n<link rel=\"canonical\" href=\"https:\/\/daddydread.com\/de\/produkt\/lockige-dreads-lila\/\" \/>\n<meta property=\"og:locale\" content=\"de_DE\" \/>\n<meta property=\"og:type\" content=\"article\" \/>\n<meta property=\"og:title\" content=\"Lila Lockige Dreadlocks Kaufen, Dreads Shop\" \/>\n<meta property=\"og:description\" content=\"Lila lockige Dreadlocks f\u00fcr M\u00e4nner und Frauen. Lange und kurze haare Dreadlocks Extensions. Lieferung in Deutschland. Synthetische Dreads Shop.\" \/>\n<meta property=\"og:url\" content=\"https:\/\/daddydread.com\/de\/produkt\/lockige-dreads-lila\/\" \/>\n<meta property=\"og:site_name\" content=\"Daddy Dreads\" \/>\n<meta property=\"article:modified_time\" content=\"2024-05-22T20:13:12+00:00\" \/>\n<meta property=\"og:image\" content=\"https:\/\/daddydread.com\/wp-content\/uploads\/2022\/09\/Curly-Dreads-Violet.jpg\" \/>\n\t<meta property=\"og:image:width\" content=\"1920\" \/>\n\t<meta property=\"og:image:height\" content=\"2559\" \/>\n\t<meta property=\"og:image:type\" content=\"image\/jpeg\" \/>\n<meta name=\"twitter:card\" content=\"summary_large_image\" \/>\n<meta name=\"twitter:label1\" content=\"Gesch\u00e4tzte Lesezeit\" \/>\n\t<meta name=\"twitter:data1\" content=\"2\u00a0Minuten\" \/>\n<script type=\"application\/ld+json\" class=\"yoast-schema-graph\">{\"@context\":\"https:\/\/schema.org\",\"@graph\":[{\"@type\":\"WebPage\",\"@id\":\"https:\/\/daddydread.com\/de\/produkt\/lockige-dreads-lila\/\",\"url\":\"https:\/\/daddydread.com\/de\/produkt\/lockige-dreads-lila\/\",\"name\":\"Lila Lockige Dreadlocks Kaufen, Dreads Shop\",\"isPartOf\":{\"@id\":\"https:\/\/daddydread.com\/de\/#website\"},\"primaryImageOfPage\":{\"@id\":\"https:\/\/daddydread.com\/de\/produkt\/lockige-dreads-lila\/#primaryimage\"},\"image\":{\"@id\":\"https:\/\/daddydread.com\/de\/produkt\/lockige-dreads-lila\/#primaryimage\"},\"thumbnailUrl\":\"https:\/\/daddydread.com\/wp-content\/uploads\/2022\/09\/Curly-Dreads-Violet.jpg\",\"datePublished\":\"2022-09-04T19:01:07+00:00\",\"dateModified\":\"2024-05-22T20:13:12+00:00\",\"description\":\"Lila lockige Dreadlocks f\u00fcr M\u00e4nner und Frauen. Lange und kurze haare Dreadlocks Extensions. Lieferung in Deutschland. Synthetische Dreads Shop.\",\"breadcrumb\":{\"@id\":\"https:\/\/daddydread.com\/de\/produkt\/lockige-dreads-lila\/#breadcrumb\"},\"inLanguage\":\"de\",\"potentialAction\":[{\"@type\":\"ReadAction\",\"target\":[\"https:\/\/daddydread.com\/de\/produkt\/lockige-dreads-lila\/\"]}]},{\"@type\":\"ImageObject\",\"inLanguage\":\"de\",\"@id\":\"https:\/\/daddydread.com\/de\/produkt\/lockige-dreads-lila\/#primaryimage\",\"url\":\"https:\/\/daddydread.com\/wp-content\/uploads\/2022\/09\/Curly-Dreads-Violet.jpg\",\"contentUrl\":\"https:\/\/daddydread.com\/wp-content\/uploads\/2022\/09\/Curly-Dreads-Violet.jpg\",\"width\":1920,\"height\":2559,\"caption\":\"Lila lockige Dreadlocks\"},{\"@type\":\"BreadcrumbList\",\"@id\":\"https:\/\/daddydread.com\/de\/produkt\/lockige-dreads-lila\/#breadcrumb\",\"itemListElement\":[{\"@type\":\"ListItem\",\"position\":1,\"name\":\"\u0413\u043b\u0430\u0432\u043d\u0430\u044f \u0441\u0442\u0440\u0430\u043d\u0438\u0446\u0430\",\"item\":\"https:\/\/daddydread.com\/de\/\"},{\"@type\":\"ListItem\",\"position\":2,\"name\":\"Dreadlocks Shop\",\"item\":\"https:\/\/daddydread.com\/de\/shop\/\"},{\"@type\":\"ListItem\",\"position\":3,\"name\":\"Lockige Dreads \u2013 Lila\"}]},{\"@type\":\"WebSite\",\"@id\":\"https:\/\/daddydread.com\/de\/#website\",\"url\":\"https:\/\/daddydread.com\/de\/\",\"name\":\"Daddy Dreads\",\"description\":\"Dreadlocks shop\",\"potentialAction\":[{\"@type\":\"SearchAction\",\"target\":{\"@type\":\"EntryPoint\",\"urlTemplate\":\"https:\/\/daddydread.com\/de\/?s={search_term_string}\"},\"query-input\":\"required name=search_term_string\"}],\"inLanguage\":\"de\"}]}<\/script>\n<!-- \/ Yoast SEO plugin. -->","yoast_head_json":{"title":"Lila Lockige Dreadlocks Kaufen, Dreads Shop","description":"Lila lockige Dreadlocks f\u00fcr M\u00e4nner und Frauen. Lange und kurze haare Dreadlocks Extensions. Lieferung in Deutschland. Synthetische Dreads Shop.","robots":{"index":"index","follow":"follow","max-snippet":"max-snippet:-1","max-image-preview":"max-image-preview:large","max-video-preview":"max-video-preview:-1"},"canonical":"https:\/\/daddydread.com\/de\/produkt\/lockige-dreads-lila\/","og_locale":"de_DE","og_type":"article","og_title":"Lila Lockige Dreadlocks Kaufen, Dreads Shop","og_description":"Lila lockige Dreadlocks f\u00fcr M\u00e4nner und Frauen. Lange und kurze haare Dreadlocks Extensions. Lieferung in Deutschland. Synthetische Dreads Shop.","og_url":"https:\/\/daddydread.com\/de\/produkt\/lockige-dreads-lila\/","og_site_name":"Daddy Dreads","article_modified_time":"2024-05-22T20:13:12+00:00","og_image":[{"width":1920,"height":2559,"url":"https:\/\/daddydread.com\/wp-content\/uploads\/2022\/09\/Curly-Dreads-Violet.jpg","type":"image\/jpeg"}],"twitter_card":"summary_large_image","twitter_misc":{"Gesch\u00e4tzte Lesezeit":"2\u00a0Minuten"},"schema":{"@context":"https:\/\/schema.org","@graph":[{"@type":"WebPage","@id":"https:\/\/daddydread.com\/de\/produkt\/lockige-dreads-lila\/","url":"https:\/\/daddydread.com\/de\/produkt\/lockige-dreads-lila\/","name":"Lila Lockige Dreadlocks Kaufen, Dreads Shop","isPartOf":{"@id":"https:\/\/daddydread.com\/de\/#website"},"primaryImageOfPage":{"@id":"https:\/\/daddydread.com\/de\/produkt\/lockige-dreads-lila\/#primaryimage"},"image":{"@id":"https:\/\/daddydread.com\/de\/produkt\/lockige-dreads-lila\/#primaryimage"},"thumbnailUrl":"https:\/\/daddydread.com\/wp-content\/uploads\/2022\/09\/Curly-Dreads-Violet.jpg","datePublished":"2022-09-04T19:01:07+00:00","dateModified":"2024-05-22T20:13:12+00:00","description":"Lila lockige Dreadlocks f\u00fcr M\u00e4nner und Frauen. Lange und kurze haare Dreadlocks Extensions. Lieferung in Deutschland. Synthetische Dreads Shop.","breadcrumb":{"@id":"https:\/\/daddydread.com\/de\/produkt\/lockige-dreads-lila\/#breadcrumb"},"inLanguage":"de","potentialAction":[{"@type":"ReadAction","target":["https:\/\/daddydread.com\/de\/produkt\/lockige-dreads-lila\/"]}]},{"@type":"ImageObject","inLanguage":"de","@id":"https:\/\/daddydread.com\/de\/produkt\/lockige-dreads-lila\/#primaryimage","url":"https:\/\/daddydread.com\/wp-content\/uploads\/2022\/09\/Curly-Dreads-Violet.jpg","contentUrl":"https:\/\/daddydread.com\/wp-content\/uploads\/2022\/09\/Curly-Dreads-Violet.jpg","width":1920,"height":2559,"caption":"Lila lockige Dreadlocks"},{"@type":"BreadcrumbList","@id":"https:\/\/daddydread.com\/de\/produkt\/lockige-dreads-lila\/#breadcrumb","itemListElement":[{"@type":"ListItem","position":1,"name":"\u0413\u043b\u0430\u0432\u043d\u0430\u044f \u0441\u0442\u0440\u0430\u043d\u0438\u0446\u0430","item":"https:\/\/daddydread.com\/de\/"},{"@type":"ListItem","position":2,"name":"Dreadlocks Shop","item":"https:\/\/daddydread.com\/de\/shop\/"},{"@type":"ListItem","position":3,"name":"Lockige Dreads \u2013 Lila"}]},{"@type":"WebSite","@id":"https:\/\/daddydread.com\/de\/#website","url":"https:\/\/daddydread.com\/de\/","name":"Daddy Dreads","description":"Dreadlocks shop","potentialAction":[{"@type":"SearchAction","target":{"@type":"EntryPoint","urlTemplate":"https:\/\/daddydread.com\/de\/?s={search_term_string}"},"query-input":"required name=search_term_string"}],"inLanguage":"de"}]}},"jetpack_sharing_enabled":true,"_links":{"self":[{"href":"https:\/\/daddydread.com\/de\/wp-json\/wp\/v2\/product\/27825","targetHints":{"allow":["GET"]}}],"collection":[{"href":"https:\/\/daddydread.com\/de\/wp-json\/wp\/v2\/product"}],"about":[{"href":"https:\/\/daddydread.com\/de\/wp-json\/wp\/v2\/types\/product"}],"replies":[{"embeddable":true,"href":"https:\/\/daddydread.com\/de\/wp-json\/wp\/v2\/comments?post=27825"}],"wp:featuredmedia":[{"embeddable":true,"href":"https:\/\/daddydread.com\/de\/wp-json\/wp\/v2\/media\/27624"}],"wp:attachment":[{"href":"https:\/\/daddydread.com\/de\/wp-json\/wp\/v2\/media?parent=27825"}],"wp:term":[{"taxonomy":"product_brand","embeddable":true,"href":"https:\/\/daddydread.com\/de\/wp-json\/wp\/v2\/product_brand?post=27825"},{"taxonomy":"product_cat","embeddable":true,"href":"https:\/\/daddydread.com\/de\/wp-json\/wp\/v2\/product_cat?post=27825"},{"taxonomy":"product_tag","embeddable":true,"href":"https:\/\/daddydread.com\/de\/wp-json\/wp\/v2\/product_tag?post=27825"}],"curies":[{"name":"wp","href":"https:\/\/api.w.org\/{rel}","templated":true}]}}