{"id":27815,"date":"2022-09-04T22:01:29","date_gmt":"2022-09-04T19:01:29","guid":{"rendered":"https:\/\/daddydread.com\/product\/lockige-dreads-rothaarige\/"},"modified":"2024-05-22T23:12:42","modified_gmt":"2024-05-22T20:12:42","slug":"lockige-dreads-rothaarige","status":"publish","type":"product","link":"https:\/\/daddydread.com\/de\/produkt\/lockige-dreads-rothaarige\/","title":{"rendered":"Lockige Dreads \u2013 Rothaarige"},"content":{"rendered":"<p>Daddy Dreads Studio ist stolz darauf, seine Lockige Dreadlocks in einer leuchtenden Rothaariger zu pr\u00e4sentieren, eine Auswahl f\u00fcr alle, die ihrem Look einen Hauch von Farbe und Textur verleihen m\u00f6chten. Diese einzigartigen Haarverl\u00e4ngerungen werden aus hochwertigen, hitzebest\u00e4ndigen Synthetikfasern hergestellt, die sowohl langlebig als auch leicht sind. Der leuchtende Farbton Rothaarige eignet sich perfekt f\u00fcr Personen, die ein gewagtes Statement abgeben oder ihrer bestehenden Frisur einfach einen warmen, feurigen Touch verleihen m\u00f6chten.<\/p>\n<h2>Entdecken Sie die Anziehungskraft lockiger Dreadlocks<\/h2>\n<p>Jede Str\u00e4hne der Rothaarige Locken-Dreadlocks wird in sorgf\u00e4ltiger Handarbeit hergestellt und verf\u00fcgt \u00fcber einen speziellen Ansatz, der sich nahtlos in das eigene Haar einf\u00fcgt. Bei dieser Methode wird nur auf einer Seite der Str\u00e4hne Volumen hinzugef\u00fcgt, eine Technik, die das nat\u00fcrliche Volumen der Kopfhaut bewahrt und die optische Wirkung der Farbe und Textur maximiert.<\/p>\n<p>Rothaarige ist ein Farbton, der sich durch seine Tiefe und Lebendigkeit auszeichnet. Er passt zu einer Vielzahl von Hautt\u00f6nen und sorgt f\u00fcr einen lebendigen Farbakzent, der jedes Outfit aufwerten kann. Ganz gleich, ob Sie sich f\u00fcr einen besonderen Anlass herausputzen oder einfach nur Ihre Alltagskleidung aufpeppen m\u00f6chten, diese Rothaarige Str\u00e4hnen sind ein echter Blickfang.<\/p>\n<h2>Personalisierung und Vielseitigkeit<\/h2>\n<p>Daddy Dreads ermutigt mit seinen vielseitigen lockigen Dreadlocks zur individuellen Gestaltung. Du kannst Rothaarige ganz einfach mit anderen Haarverl\u00e4ngerungen wie <strong><a href=\"https:\/\/daddydread.com\/de\/produkt-kategorie\/synthetische-dreadlocks\/\">h\u00e4kellocken<\/a><\/strong> oder <strong><a href=\"https:\/\/daddydread.com\/de\/produkt-kategorie\/texturierte-dreadlocks\/\">strukturierten<\/a><\/strong> Locken kombinieren und so einen ganz pers\u00f6nlichen Look kreieren, der ganz auf dich zugeschnitten ist. Wenn Sie mit dem Mischen und Anpassen \u00fcberfordert sind, bietet das Studio fachkundige Beratung und individuelle Dienstleistungen an, um Ihnen zu helfen, das perfekte Set an Haarverl\u00e4ngerungen zu kreieren.<\/p>\n<h2>Einfache Pflege f\u00fcr dauerhafte Sch\u00f6nheit<\/h2>\n<p>Die Pflege deiner Rothaariger lockigen Dreads ist ganz einfach. Flechten Sie sie in der ersten Woche nachts leicht, um ihre Form zu fixieren. Trennen Sie die Str\u00e4hnen morgens und abends vorsichtig mit feuchten H\u00e4nden und vermeiden Sie K\u00e4mme, damit die Locken intakt bleiben.<\/p>\n<p>Die Reinigung ist einfach: Verd\u00fcnnen Sie Ihr gewohntes Shampoo mit Wasser (im Verh\u00e4ltnis 1:5) und waschen Sie die Locken und Ihre Kopfhaut sanft. Achten Sie darauf, gr\u00fcndlich auszusp\u00fclen. Dies sollte w\u00f6chentlich geschehen, um die Sauberkeit zu gew\u00e4hrleisten, ohne die Fasern zu strapazieren. W\u00e4hlen Sie beim Trocknen eine warme oder k\u00fchle Einstellung Ihres Haartrockners; zu viel Hitze kann die Form der Haare ver\u00e4ndern.<\/p>\n","protected":false},"excerpt":{"rendered":"<p>Erhellen Sie Ihren Look mit lockigen, rothaarigen Dreadlocks. Diese leuchtenden, feurigen Locken sind aus hochwertigen Synthetikfasern gefertigt, wodurch sie sowohl leicht als auch langlebig sind. Der Farbton Rothaarige verleiht jeder Frisur einen leuchtenden Farbakzent und macht diese Dreadlocks zur perfekten Wahl f\u00fcr alle, die auffallen wollen.<\/p>\n<p><strong>Typ der Dreadlocks:<\/strong> Doppelendige (Zweifach Endend)<\/p>\n<p><strong>L<\/strong><strong>\u00e4<\/strong><strong>nge<\/strong><strong>:<\/strong> 50 \u2013 55 cm<\/p>\n","protected":false},"featured_media":27627,"comment_status":"open","ping_status":"closed","template":"","meta":{"_acf_changed":false},"product_brand":[],"product_cat":[245,236,246],"product_tag":[],"class_list":{"0":"post-27815","1":"product","2":"type-product","3":"status-publish","4":"has-post-thumbnail","6":"product_cat-farbige-dreadlocks","7":"product_cat-lockige-dreadlocks","8":"product_cat-frauen-dreadlocks","10":"first","11":"instock","12":"shipping-taxable","13":"purchasable","14":"product-type-variable","15":"has-default-attributes"},"acf":[],"yoast_head":"<!-- This site is optimized with the Yoast SEO plugin v22.3 - https:\/\/yoast.com\/wordpress\/plugins\/seo\/ -->\n<title>Rothaarige Lockige Dreadlocks Kaufen, Dreads Shop<\/title>\n<meta name=\"description\" content=\"Rothaarige lockige Dreadlocks f\u00fcr M\u00e4nner und Frauen. Lange und kurze haare Dreadlocks Extensions. Lieferung in Deutschland. Synthetische Dreads Shop.\" \/>\n<meta name=\"robots\" content=\"index, follow, max-snippet:-1, max-image-preview:large, max-video-preview:-1\" \/>\n<link rel=\"canonical\" href=\"https:\/\/daddydread.com\/de\/produkt\/lockige-dreads-rothaarige\/\" \/>\n<meta property=\"og:locale\" content=\"de_DE\" \/>\n<meta property=\"og:type\" content=\"article\" \/>\n<meta property=\"og:title\" content=\"Rothaarige Lockige Dreadlocks Kaufen, Dreads Shop\" \/>\n<meta property=\"og:description\" content=\"Rothaarige lockige Dreadlocks f\u00fcr M\u00e4nner und Frauen. Lange und kurze haare Dreadlocks Extensions. Lieferung in Deutschland. Synthetische Dreads Shop.\" \/>\n<meta property=\"og:url\" content=\"https:\/\/daddydread.com\/de\/produkt\/lockige-dreads-rothaarige\/\" \/>\n<meta property=\"og:site_name\" content=\"Daddy Dreads\" \/>\n<meta property=\"article:modified_time\" content=\"2024-05-22T20:12:42+00:00\" \/>\n<meta property=\"og:image\" content=\"https:\/\/daddydread.com\/wp-content\/uploads\/2022\/09\/Curly-Dreads-Ginger-Red-600x800.jpg\" \/>\n\t<meta property=\"og:image:width\" content=\"600\" \/>\n\t<meta property=\"og:image:height\" content=\"800\" \/>\n\t<meta property=\"og:image:type\" content=\"image\/jpeg\" \/>\n<meta name=\"twitter:card\" content=\"summary_large_image\" \/>\n<meta name=\"twitter:label1\" content=\"Gesch\u00e4tzte Lesezeit\" \/>\n\t<meta name=\"twitter:data1\" content=\"2\u00a0Minuten\" \/>\n<script type=\"application\/ld+json\" class=\"yoast-schema-graph\">{\"@context\":\"https:\/\/schema.org\",\"@graph\":[{\"@type\":\"WebPage\",\"@id\":\"https:\/\/daddydread.com\/de\/produkt\/lockige-dreads-rothaarige\/\",\"url\":\"https:\/\/daddydread.com\/de\/produkt\/lockige-dreads-rothaarige\/\",\"name\":\"Rothaarige Lockige Dreadlocks Kaufen, Dreads Shop\",\"isPartOf\":{\"@id\":\"https:\/\/daddydread.com\/de\/#website\"},\"primaryImageOfPage\":{\"@id\":\"https:\/\/daddydread.com\/de\/produkt\/lockige-dreads-rothaarige\/#primaryimage\"},\"image\":{\"@id\":\"https:\/\/daddydread.com\/de\/produkt\/lockige-dreads-rothaarige\/#primaryimage\"},\"thumbnailUrl\":\"https:\/\/daddydread.com\/wp-content\/uploads\/2022\/09\/Curly-Dreads-Ginger-Red.jpg\",\"datePublished\":\"2022-09-04T19:01:29+00:00\",\"dateModified\":\"2024-05-22T20:12:42+00:00\",\"description\":\"Rothaarige lockige Dreadlocks f\u00fcr M\u00e4nner und Frauen. Lange und kurze haare Dreadlocks Extensions. Lieferung in Deutschland. Synthetische Dreads Shop.\",\"breadcrumb\":{\"@id\":\"https:\/\/daddydread.com\/de\/produkt\/lockige-dreads-rothaarige\/#breadcrumb\"},\"inLanguage\":\"de\",\"potentialAction\":[{\"@type\":\"ReadAction\",\"target\":[\"https:\/\/daddydread.com\/de\/produkt\/lockige-dreads-rothaarige\/\"]}]},{\"@type\":\"ImageObject\",\"inLanguage\":\"de\",\"@id\":\"https:\/\/daddydread.com\/de\/produkt\/lockige-dreads-rothaarige\/#primaryimage\",\"url\":\"https:\/\/daddydread.com\/wp-content\/uploads\/2022\/09\/Curly-Dreads-Ginger-Red.jpg\",\"contentUrl\":\"https:\/\/daddydread.com\/wp-content\/uploads\/2022\/09\/Curly-Dreads-Ginger-Red.jpg\",\"width\":1920,\"height\":2560,\"caption\":\"Rothaarige lockige Dreadlocks\"},{\"@type\":\"BreadcrumbList\",\"@id\":\"https:\/\/daddydread.com\/de\/produkt\/lockige-dreads-rothaarige\/#breadcrumb\",\"itemListElement\":[{\"@type\":\"ListItem\",\"position\":1,\"name\":\"\u0413\u043b\u0430\u0432\u043d\u0430\u044f \u0441\u0442\u0440\u0430\u043d\u0438\u0446\u0430\",\"item\":\"https:\/\/daddydread.com\/de\/\"},{\"@type\":\"ListItem\",\"position\":2,\"name\":\"Dreadlocks Shop\",\"item\":\"https:\/\/daddydread.com\/de\/shop\/\"},{\"@type\":\"ListItem\",\"position\":3,\"name\":\"Lockige Dreads \u2013 Rothaarige\"}]},{\"@type\":\"WebSite\",\"@id\":\"https:\/\/daddydread.com\/de\/#website\",\"url\":\"https:\/\/daddydread.com\/de\/\",\"name\":\"Daddy Dreads\",\"description\":\"Dreadlocks shop\",\"potentialAction\":[{\"@type\":\"SearchAction\",\"target\":{\"@type\":\"EntryPoint\",\"urlTemplate\":\"https:\/\/daddydread.com\/de\/?s={search_term_string}\"},\"query-input\":\"required name=search_term_string\"}],\"inLanguage\":\"de\"}]}<\/script>\n<!-- \/ Yoast SEO plugin. -->","yoast_head_json":{"title":"Rothaarige Lockige Dreadlocks Kaufen, Dreads Shop","description":"Rothaarige lockige Dreadlocks f\u00fcr M\u00e4nner und Frauen. Lange und kurze haare Dreadlocks Extensions. Lieferung in Deutschland. Synthetische Dreads Shop.","robots":{"index":"index","follow":"follow","max-snippet":"max-snippet:-1","max-image-preview":"max-image-preview:large","max-video-preview":"max-video-preview:-1"},"canonical":"https:\/\/daddydread.com\/de\/produkt\/lockige-dreads-rothaarige\/","og_locale":"de_DE","og_type":"article","og_title":"Rothaarige Lockige Dreadlocks Kaufen, Dreads Shop","og_description":"Rothaarige lockige Dreadlocks f\u00fcr M\u00e4nner und Frauen. Lange und kurze haare Dreadlocks Extensions. Lieferung in Deutschland. Synthetische Dreads Shop.","og_url":"https:\/\/daddydread.com\/de\/produkt\/lockige-dreads-rothaarige\/","og_site_name":"Daddy Dreads","article_modified_time":"2024-05-22T20:12:42+00:00","og_image":[{"width":600,"height":800,"url":"https:\/\/daddydread.com\/wp-content\/uploads\/2022\/09\/Curly-Dreads-Ginger-Red-600x800.jpg","type":"image\/jpeg"}],"twitter_card":"summary_large_image","twitter_misc":{"Gesch\u00e4tzte Lesezeit":"2\u00a0Minuten"},"schema":{"@context":"https:\/\/schema.org","@graph":[{"@type":"WebPage","@id":"https:\/\/daddydread.com\/de\/produkt\/lockige-dreads-rothaarige\/","url":"https:\/\/daddydread.com\/de\/produkt\/lockige-dreads-rothaarige\/","name":"Rothaarige Lockige Dreadlocks Kaufen, Dreads Shop","isPartOf":{"@id":"https:\/\/daddydread.com\/de\/#website"},"primaryImageOfPage":{"@id":"https:\/\/daddydread.com\/de\/produkt\/lockige-dreads-rothaarige\/#primaryimage"},"image":{"@id":"https:\/\/daddydread.com\/de\/produkt\/lockige-dreads-rothaarige\/#primaryimage"},"thumbnailUrl":"https:\/\/daddydread.com\/wp-content\/uploads\/2022\/09\/Curly-Dreads-Ginger-Red.jpg","datePublished":"2022-09-04T19:01:29+00:00","dateModified":"2024-05-22T20:12:42+00:00","description":"Rothaarige lockige Dreadlocks f\u00fcr M\u00e4nner und Frauen. Lange und kurze haare Dreadlocks Extensions. Lieferung in Deutschland. Synthetische Dreads Shop.","breadcrumb":{"@id":"https:\/\/daddydread.com\/de\/produkt\/lockige-dreads-rothaarige\/#breadcrumb"},"inLanguage":"de","potentialAction":[{"@type":"ReadAction","target":["https:\/\/daddydread.com\/de\/produkt\/lockige-dreads-rothaarige\/"]}]},{"@type":"ImageObject","inLanguage":"de","@id":"https:\/\/daddydread.com\/de\/produkt\/lockige-dreads-rothaarige\/#primaryimage","url":"https:\/\/daddydread.com\/wp-content\/uploads\/2022\/09\/Curly-Dreads-Ginger-Red.jpg","contentUrl":"https:\/\/daddydread.com\/wp-content\/uploads\/2022\/09\/Curly-Dreads-Ginger-Red.jpg","width":1920,"height":2560,"caption":"Rothaarige lockige Dreadlocks"},{"@type":"BreadcrumbList","@id":"https:\/\/daddydread.com\/de\/produkt\/lockige-dreads-rothaarige\/#breadcrumb","itemListElement":[{"@type":"ListItem","position":1,"name":"\u0413\u043b\u0430\u0432\u043d\u0430\u044f \u0441\u0442\u0440\u0430\u043d\u0438\u0446\u0430","item":"https:\/\/daddydread.com\/de\/"},{"@type":"ListItem","position":2,"name":"Dreadlocks Shop","item":"https:\/\/daddydread.com\/de\/shop\/"},{"@type":"ListItem","position":3,"name":"Lockige Dreads \u2013 Rothaarige"}]},{"@type":"WebSite","@id":"https:\/\/daddydread.com\/de\/#website","url":"https:\/\/daddydread.com\/de\/","name":"Daddy Dreads","description":"Dreadlocks shop","potentialAction":[{"@type":"SearchAction","target":{"@type":"EntryPoint","urlTemplate":"https:\/\/daddydread.com\/de\/?s={search_term_string}"},"query-input":"required name=search_term_string"}],"inLanguage":"de"}]}},"jetpack_sharing_enabled":true,"_links":{"self":[{"href":"https:\/\/daddydread.com\/de\/wp-json\/wp\/v2\/product\/27815","targetHints":{"allow":["GET"]}}],"collection":[{"href":"https:\/\/daddydread.com\/de\/wp-json\/wp\/v2\/product"}],"about":[{"href":"https:\/\/daddydread.com\/de\/wp-json\/wp\/v2\/types\/product"}],"replies":[{"embeddable":true,"href":"https:\/\/daddydread.com\/de\/wp-json\/wp\/v2\/comments?post=27815"}],"wp:featuredmedia":[{"embeddable":true,"href":"https:\/\/daddydread.com\/de\/wp-json\/wp\/v2\/media\/27627"}],"wp:attachment":[{"href":"https:\/\/daddydread.com\/de\/wp-json\/wp\/v2\/media?parent=27815"}],"wp:term":[{"taxonomy":"product_brand","embeddable":true,"href":"https:\/\/daddydread.com\/de\/wp-json\/wp\/v2\/product_brand?post=27815"},{"taxonomy":"product_cat","embeddable":true,"href":"https:\/\/daddydread.com\/de\/wp-json\/wp\/v2\/product_cat?post=27815"},{"taxonomy":"product_tag","embeddable":true,"href":"https:\/\/daddydread.com\/de\/wp-json\/wp\/v2\/product_tag?post=27815"}],"curies":[{"name":"wp","href":"https:\/\/api.w.org\/{rel}","templated":true}]}}