{"id":37972,"date":"2024-06-12T20:36:54","date_gmt":"2024-06-12T17:36:54","guid":{"rendered":"https:\/\/daddydread.com\/?page_id=37972"},"modified":"2024-06-14T09:45:59","modified_gmt":"2024-06-14T06:45:59","slug":"danila-deriabin","status":"publish","type":"page","link":"https:\/\/daddydread.com\/de\/danila-deriabin\/","title":{"rendered":"Danila Deriabin"},"content":{"rendered":"<div class=\"wpb-content-wrapper\"><p>[vc_section full_width=&#8220;stretch_row&#8220; content_placement=&#8220;middle&#8220; woodmart_bg_position=&#8220;center-center&#8220; woodmart_gradient_switch=&#8220;yes&#8220; css=&#8220;.vc_custom_1718345963769{margin-top: -104px !important;margin-bottom: -22px !important;padding-top: 200px !important;padding-bottom: 200px !important;background-image: url(https:\/\/daddydread.com\/wp-content\/uploads\/2024\/06\/25.jpg?id=37926) !important;background-position: 0 0 !important;background-repeat: no-repeat !important;}&#8220; woodmart_color_gradient=&#8220;rgba(255, 255, 255, 0.9)-0\/rgba(255, 255, 255, 0)-41\/|linear-gradient(top , rgba(255, 255, 255, 0.9) , rgba(255, 255, 255, 0) 41%)|linear|top&#8220; woodmart_box_shadow=&#8220;no&#8220; wd_z_index=&#8220;no&#8220; woodmart_css_id=&#8220;666be064218cf&#8220; responsive_spacing=&#8220;eyJwYXJhbV90eXBlIjoid29vZG1hcnRfcmVzcG9uc2l2ZV9zcGFjaW5nIiwic2VsZWN0b3JfaWQiOiI2NjZiZTA2NDIxOGNmIiwic2hvcnRjb2RlIjoidmNfc2VjdGlvbiIsImRhdGEiOnsidGFibGV0Ijp7InBhZGRpbmctdG9wIjoiMTcwcHgiLCJwYWRkaW5nLWJvdHRvbSI6IjE3MHB4In0sIm1vYmlsZSI6eyJtYXJnaW4tdG9wIjoiLTMwMHB4IiwibWFyZ2luLWJvdHRvbSI6Ii0yNTBweCIsInBhZGRpbmctYm90dG9tIjoiMTUwcHgifX19&#8243; mobile_bg_img_hidden=&#8220;yes&#8220; tablet_bg_img_hidden=&#8220;no&#8220; woodmart_parallax=&#8220;0&#8243; woodmart_disable_overflow=&#8220;0&#8243;][vc_row woodmart_css_id=&#8220;666b1d7e4afc6&#8243; responsive_spacing=&#8220;eyJwYXJhbV90eXBlIjoid29vZG1hcnRfcmVzcG9uc2l2ZV9zcGFjaW5nIiwic2VsZWN0b3JfaWQiOiI2NjZiMWQ3ZTRhZmM2Iiwic2hvcnRjb2RlIjoidmNfcm93IiwiZGF0YSI6eyJ0YWJsZXQiOnt9LCJtb2JpbGUiOnt9fX0=&#8220; mobile_bg_img_hidden=&#8220;no&#8220; tablet_bg_img_hidden=&#8220;no&#8220; woodmart_parallax=&#8220;0&#8243; woodmart_gradient_switch=&#8220;no&#8220; woodmart_box_shadow=&#8220;no&#8220; wd_z_index=&#8220;no&#8220; woodmart_disable_overflow=&#8220;0&#8243; row_reverse_mobile=&#8220;0&#8243; row_reverse_tablet=&#8220;0&#8243;][vc_column]\t\t<div id=\"wd-666b1f5c77370\" class=\"wd-image wd-wpb wd-rs-666b1f5c77370 hidden-lg hidden-md hidden-sm text-center \">\n\t\t\t\n\t\t\t<img loading=\"lazy\" decoding=\"async\" width=\"600\" height=\"663\" src=\"https:\/\/daddydread.com\/wp-content\/uploads\/2024\/06\/01-1.png\" class=\"attachment-full size-full\" alt=\"Danila Deriabin\" srcset=\"https:\/\/daddydread.com\/wp-content\/uploads\/2024\/06\/01-1.png 600w, https:\/\/daddydread.com\/wp-content\/uploads\/2024\/06\/01-1-271x300.png 271w, https:\/\/daddydread.com\/wp-content\/uploads\/2024\/06\/01-1-430x475.png 430w, https:\/\/daddydread.com\/wp-content\/uploads\/2024\/06\/01-1-150x166.png 150w\" sizes=\"auto, (max-width: 600px) 100vw, 600px\" \/>\n\t\t\t\t\t<\/div>\n\t\t[\/vc_column][\/vc_row][vc_row css=&#8220;.vc_custom_1500277816326{margin-right: 15px !important;margin-left: 15px !important;}&#8220;][vc_column width=&#8220;1\/2&#8243; woodmart_bg_position=&#8220;center-top&#8220; css=&#8220;.vc_custom_1718346046881{padding-top: 40px !important;padding-right: 40px !important;padding-bottom: 10px !important;padding-left: 40px !important;background-color: rgba(255,255,255,0.9) !important;*background-color: rgb(255,255,255) !important;}&#8220; woodmart_box_shadow=&#8220;no&#8220; wd_z_index=&#8220;no&#8220; woodmart_css_id=&#8220;666be112f2152&#8243; responsive_spacing=&#8220;eyJwYXJhbV90eXBlIjoid29vZG1hcnRfcmVzcG9uc2l2ZV9zcGFjaW5nIiwic2VsZWN0b3JfaWQiOiI2NjZiZTExMmYyMTUyIiwic2hvcnRjb2RlIjoidmNfY29sdW1uIiwiZGF0YSI6eyJ0YWJsZXQiOnt9LCJtb2JpbGUiOnt9fX0=&#8220; parallax_scroll=&#8220;no&#8220; mobile_bg_img_hidden=&#8220;no&#8220; tablet_bg_img_hidden=&#8220;no&#8220; woodmart_parallax=&#8220;0&#8243; woodmart_sticky_column=&#8220;false&#8220; mobile_reset_margin=&#8220;no&#8220; tablet_reset_margin=&#8220;no&#8220; wd_collapsible_content_switcher=&#8220;no&#8220; wd_column_role_offcanvas_desktop=&#8220;no&#8220; wd_column_role_offcanvas_tablet=&#8220;no&#8220; wd_column_role_offcanvas_mobile=&#8220;no&#8220; wd_column_role_content_desktop=&#8220;no&#8220; wd_column_role_content_tablet=&#8220;no&#8220; wd_column_role_content_mobile=&#8220;no&#8220;]\n\t\t<div id=\"wd-666bdba845490\" class=\"title-wrapper wd-wpb set-mb-s reset-last-child  wd-rs-666bdba845490 wd-title-color-default wd-title-style-default text-left  wd-underline-colored\">\n\t\t\t\n\t\t\t<div class=\"liner-continer\">\n\t\t\t\t<h1 class=\"woodmart-title-container title  wd-font-weight- wd-fontsize-xxxl\" >Mein Name ist<br \/>\n\u2014 Danila Deryabin.<\/h1>\n\t\t\t\t\t\t\t<\/div>\n\t\t\t\n\t\t\t\n\t\t\t\n\t\t<\/div>\n\t\t\n\t\t[vc_row_inner][vc_column_inner css=&#8220;.vc_custom_1500283497886{padding-top: 0px !important;}&#8220; offset=&#8220;vc_col-lg-6 vc_col-md-6&#8243;]\t\t<div id=\"wd-666bdbb717ec1\" class=\"wd-text-block wd-wpb reset-last-child wd-rs-666bdbb717ec1 text-left wd-fontsize-custom vc_custom_1718344640211\">\n\t\t\t<p>Ich bin der Sch\u00f6pfer und Gr\u00fcnder des Daddy Dreads Studios in Krasnodar. Seit \u00fcber 11 Jahren widme ich mich der Kunst des Dreadwebens, und mein Studio ist zu einem Ort geworden, an dem wir atemberaubende Dreads aus Natur- und Kunsthaar kreieren. Im Jahr 2013 gr\u00fcndete ich die Marke Daddy Dreads und er\u00f6ffnete 2020 ein Studio in Krasnodar. Ich habe auch einen Online-Kurs &#8222;Flechten von Naturdreads von Grund auf&#8220; entwickelt, der vielen Meistern geholfen hat, diese Kunst zu beherrschen. Mein Wissen und meine Erfahrung wurden auf Fachveranstaltungen wie Braid Flowers 2023 und Braid Event Fairy Tales 2023, wo ich als Rednerin und Jurorin t\u00e4tig war, sehr gesch\u00e4tzt.<\/p>\n\t\t<\/div>\n\t\t[\/vc_column_inner][vc_column_inner offset=&#8220;vc_col-lg-6 vc_col-md-6&#8243;]\t\t<div id=\"wd-666be71c8f62e\" class=\"wd-text-block wd-wpb reset-last-child wd-rs-666be71c8f62e text-left wd-fontsize-custom vc_custom_1718347553988\">\n\t\t\t<p>Mein Ziel ist es, Dreadlocks f\u00fcr jeden erschwinglich und qualitativ hochwertig zu machen, unabh\u00e4ngig vom Standort. Deshalb bieten wir weltweit kostenlosen Versand und arbeiten aktiv mit Models und Sch\u00f6nheitssalons zusammen. Ich bin stolz darauf, dass ich nicht nur professionellen Handwerkern helfen konnte, sondern auch Neulingen, die das Handwerk lernen wollen. Mein Instagram <a href=\"https:\/\/www.instagram.com\/\">(<strong>@daddy__dread<\/strong><\/a>) und meine Website (daddydread.com) dienen nicht nur als Verkaufs- und Werbeplattform, sondern auch als Inspirationsquelle f\u00fcr Tausende von Menschen. Jeder Beitrag und jedes Video spiegelt meine Leidenschaft f\u00fcr Dreadlocks und meinen Wunsch wider, die Welt durch Kunst zu verbessern. Ich versuche, so oft wie m\u00f6glich meine Erfahrungen in den sozialen Medien zu teilen, und hoffe, dass meine Tipps und Inhalte auch f\u00fcr dich n\u00fctzlich sind!<\/p>\n\t\t<\/div>\n\t\t[\/vc_column_inner][\/vc_row_inner][vc_separator color=&#8220;custom&#8220; accent_color=&#8220;rgba(130,130,130,0.22)&#8220; css=&#8220;.vc_custom_1500278392469{margin-bottom: 30px !important;}&#8220;][vc_row_inner woodmart_box_shadow=&#8220;no&#8220; wd_z_index=&#8220;no&#8220; woodmart_css_id=&#8220;6152fe10c2c39&#8243; responsive_spacing=&#8220;eyJwYXJhbV90eXBlIjoid29vZG1hcnRfcmVzcG9uc2l2ZV9zcGFjaW5nIiwic2VsZWN0b3JfaWQiOiI2MTUyZmUxMGMyYzM5Iiwic2hvcnRjb2RlIjoidmNfcm93X2lubmVyIiwiZGF0YSI6eyJ0YWJsZXQiOnt9LCJtb2JpbGUiOnt9fX0=&#8220; row_reverse_mobile=&#8220;0&#8243; row_reverse_tablet=&#8220;0&#8243;][vc_column_inner css=&#8220;.vc_custom_1718344339637{margin-bottom: 0px !important;}&#8220; woodmart_css_id=&#8220;666bda8e5deb6&#8243; parallax_scroll=&#8220;no&#8220; woodmart_sticky_column=&#8220;false&#8220; wd_collapsible_content_switcher=&#8220;no&#8220; wd_column_role_offcanvas_desktop=&#8220;no&#8220; wd_column_role_offcanvas_tablet=&#8220;no&#8220; wd_column_role_offcanvas_mobile=&#8220;no&#8220; wd_column_role_content_desktop=&#8220;no&#8220; wd_column_role_content_tablet=&#8220;no&#8220; wd_column_role_content_mobile=&#8220;no&#8220; mobile_bg_img_hidden=&#8220;no&#8220; tablet_bg_img_hidden=&#8220;no&#8220; woodmart_parallax=&#8220;0&#8243; woodmart_box_shadow=&#8220;no&#8220; responsive_spacing=&#8220;eyJwYXJhbV90eXBlIjoid29vZG1hcnRfcmVzcG9uc2l2ZV9zcGFjaW5nIiwic2VsZWN0b3JfaWQiOiI2NjZiZGE4ZTVkZWI2Iiwic2hvcnRjb2RlIjoidmNfY29sdW1uX2lubmVyIiwiZGF0YSI6eyJ0YWJsZXQiOnt9LCJtb2JpbGUiOnt9fX0=&#8220; wd_z_index=&#8220;no&#8220;]\t\t<div id=\"wd-666bda3677dce\" class=\"wd-image wd-wpb wd-rs-666bda3677dce text-center \">\n\t\t\t\n\t\t\t<img loading=\"lazy\" decoding=\"async\" width=\"200\" height=\"100\" src=\"https:\/\/daddydread.com\/wp-content\/uploads\/2024\/06\/02-200x100.png\" class=\"attachment-200x100 size-200x100\" alt=\"\" \/>\n\t\t\t\t\t<\/div>\n\t\t[\/vc_column_inner][\/vc_row_inner][\/vc_column][\/vc_row][\/vc_section]<\/p>\n<\/div>","protected":false},"excerpt":{"rendered":"<p>[vc_section full_width=&#8220;stretch_row&#8220; content_placement=&#8220;middle&#8220; woodmart_bg_position=&#8220;center-center&#8220; woodmart_gradient_switch=&#8220;yes&#8220; css=&#8220;.vc_custom_1718345963769{margin-top: -104px !important;margin-bottom: -22px !important;padding-top: 200px !important;padding-bottom: 200px !important;background-image: url(https:\/\/daddydread.com\/wp-content\/uploads\/2024\/06\/25.jpg?id=37926) !important;background-position: 0 0 !important;background-repeat: no-repeat<\/p>\n","protected":false},"author":1,"featured_media":0,"parent":0,"menu_order":0,"comment_status":"closed","ping_status":"closed","template":"","meta":{"_acf_changed":false,"footnotes":""},"class_list":["post-37972","page","type-page","status-publish","hentry"],"acf":[],"yoast_head":"<!-- This site is optimized with the Yoast SEO plugin v22.3 - https:\/\/yoast.com\/wordpress\/plugins\/seo\/ -->\n<title>Danila Deriabin - Daddy Dreads Studio<\/title>\n<meta name=\"robots\" content=\"index, follow, max-snippet:-1, max-image-preview:large, max-video-preview:-1\" \/>\n<link rel=\"canonical\" href=\"https:\/\/daddydread.com\/de\/danila-deriabin\/\" \/>\n<meta property=\"og:locale\" content=\"de_DE\" \/>\n<meta property=\"og:type\" content=\"article\" \/>\n<meta property=\"og:title\" content=\"Danila Deriabin - Daddy Dreads Studio\" \/>\n<meta property=\"og:description\" content=\"[vc_section full_width=&#8220;stretch_row&#8220; content_placement=&#8220;middle&#8220; woodmart_bg_position=&#8220;center-center&#8220; woodmart_gradient_switch=&#8220;yes&#8220; css=&#8220;.vc_custom_1718345963769{margin-top: -104px !important;margin-bottom: -22px !important;padding-top: 200px !important;padding-bottom: 200px !important;background-image: url(https:\/\/daddydread.com\/wp-content\/uploads\/2024\/06\/25.jpg?id=37926) !important;background-position: 0 0 !important;background-repeat: no-repeat\" \/>\n<meta property=\"og:url\" content=\"https:\/\/daddydread.com\/de\/danila-deriabin\/\" \/>\n<meta property=\"og:site_name\" content=\"Daddy Dreads\" \/>\n<meta property=\"article:modified_time\" content=\"2024-06-14T06:45:59+00:00\" \/>\n<meta name=\"twitter:card\" content=\"summary_large_image\" \/>\n<meta name=\"twitter:label1\" content=\"Gesch\u00e4tzte Lesezeit\" \/>\n\t<meta name=\"twitter:data1\" content=\"2\u00a0Minuten\" \/>\n<script type=\"application\/ld+json\" class=\"yoast-schema-graph\">{\"@context\":\"https:\/\/schema.org\",\"@graph\":[{\"@type\":\"WebPage\",\"@id\":\"https:\/\/daddydread.com\/de\/danila-deriabin\/\",\"url\":\"https:\/\/daddydread.com\/de\/danila-deriabin\/\",\"name\":\"Danila Deriabin - Daddy Dreads Studio\",\"isPartOf\":{\"@id\":\"https:\/\/daddydread.com\/de\/#website\"},\"datePublished\":\"2024-06-12T17:36:54+00:00\",\"dateModified\":\"2024-06-14T06:45:59+00:00\",\"breadcrumb\":{\"@id\":\"https:\/\/daddydread.com\/de\/danila-deriabin\/#breadcrumb\"},\"inLanguage\":\"de\",\"potentialAction\":[{\"@type\":\"ReadAction\",\"target\":[\"https:\/\/daddydread.com\/de\/danila-deriabin\/\"]}]},{\"@type\":\"BreadcrumbList\",\"@id\":\"https:\/\/daddydread.com\/de\/danila-deriabin\/#breadcrumb\",\"itemListElement\":[{\"@type\":\"ListItem\",\"position\":1,\"name\":\"\u0413\u043b\u0430\u0432\u043d\u0430\u044f \u0441\u0442\u0440\u0430\u043d\u0438\u0446\u0430\",\"item\":\"https:\/\/daddydread.com\/de\/\"},{\"@type\":\"ListItem\",\"position\":2,\"name\":\"Danila Deriabin\"}]},{\"@type\":\"WebSite\",\"@id\":\"https:\/\/daddydread.com\/de\/#website\",\"url\":\"https:\/\/daddydread.com\/de\/\",\"name\":\"Daddy Dreads\",\"description\":\"Dreadlocks shop\",\"potentialAction\":[{\"@type\":\"SearchAction\",\"target\":{\"@type\":\"EntryPoint\",\"urlTemplate\":\"https:\/\/daddydread.com\/de\/?s={search_term_string}\"},\"query-input\":\"required name=search_term_string\"}],\"inLanguage\":\"de\"}]}<\/script>\n<!-- \/ Yoast SEO plugin. -->","yoast_head_json":{"title":"Danila Deriabin - Daddy Dreads Studio","robots":{"index":"index","follow":"follow","max-snippet":"max-snippet:-1","max-image-preview":"max-image-preview:large","max-video-preview":"max-video-preview:-1"},"canonical":"https:\/\/daddydread.com\/de\/danila-deriabin\/","og_locale":"de_DE","og_type":"article","og_title":"Danila Deriabin - Daddy Dreads Studio","og_description":"[vc_section full_width=&#8220;stretch_row&#8220; content_placement=&#8220;middle&#8220; woodmart_bg_position=&#8220;center-center&#8220; woodmart_gradient_switch=&#8220;yes&#8220; css=&#8220;.vc_custom_1718345963769{margin-top: -104px !important;margin-bottom: -22px !important;padding-top: 200px !important;padding-bottom: 200px !important;background-image: url(https:\/\/daddydread.com\/wp-content\/uploads\/2024\/06\/25.jpg?id=37926) !important;background-position: 0 0 !important;background-repeat: no-repeat","og_url":"https:\/\/daddydread.com\/de\/danila-deriabin\/","og_site_name":"Daddy Dreads","article_modified_time":"2024-06-14T06:45:59+00:00","twitter_card":"summary_large_image","twitter_misc":{"Gesch\u00e4tzte Lesezeit":"2\u00a0Minuten"},"schema":{"@context":"https:\/\/schema.org","@graph":[{"@type":"WebPage","@id":"https:\/\/daddydread.com\/de\/danila-deriabin\/","url":"https:\/\/daddydread.com\/de\/danila-deriabin\/","name":"Danila Deriabin - Daddy Dreads Studio","isPartOf":{"@id":"https:\/\/daddydread.com\/de\/#website"},"datePublished":"2024-06-12T17:36:54+00:00","dateModified":"2024-06-14T06:45:59+00:00","breadcrumb":{"@id":"https:\/\/daddydread.com\/de\/danila-deriabin\/#breadcrumb"},"inLanguage":"de","potentialAction":[{"@type":"ReadAction","target":["https:\/\/daddydread.com\/de\/danila-deriabin\/"]}]},{"@type":"BreadcrumbList","@id":"https:\/\/daddydread.com\/de\/danila-deriabin\/#breadcrumb","itemListElement":[{"@type":"ListItem","position":1,"name":"\u0413\u043b\u0430\u0432\u043d\u0430\u044f \u0441\u0442\u0440\u0430\u043d\u0438\u0446\u0430","item":"https:\/\/daddydread.com\/de\/"},{"@type":"ListItem","position":2,"name":"Danila Deriabin"}]},{"@type":"WebSite","@id":"https:\/\/daddydread.com\/de\/#website","url":"https:\/\/daddydread.com\/de\/","name":"Daddy Dreads","description":"Dreadlocks shop","potentialAction":[{"@type":"SearchAction","target":{"@type":"EntryPoint","urlTemplate":"https:\/\/daddydread.com\/de\/?s={search_term_string}"},"query-input":"required name=search_term_string"}],"inLanguage":"de"}]}},"jetpack_sharing_enabled":true,"_links":{"self":[{"href":"https:\/\/daddydread.com\/de\/wp-json\/wp\/v2\/pages\/37972","targetHints":{"allow":["GET"]}}],"collection":[{"href":"https:\/\/daddydread.com\/de\/wp-json\/wp\/v2\/pages"}],"about":[{"href":"https:\/\/daddydread.com\/de\/wp-json\/wp\/v2\/types\/page"}],"author":[{"embeddable":true,"href":"https:\/\/daddydread.com\/de\/wp-json\/wp\/v2\/users\/1"}],"replies":[{"embeddable":true,"href":"https:\/\/daddydread.com\/de\/wp-json\/wp\/v2\/comments?post=37972"}],"version-history":[{"count":0,"href":"https:\/\/daddydread.com\/de\/wp-json\/wp\/v2\/pages\/37972\/revisions"}],"wp:attachment":[{"href":"https:\/\/daddydread.com\/de\/wp-json\/wp\/v2\/media?parent=37972"}],"curies":[{"name":"wp","href":"https:\/\/api.w.org\/{rel}","templated":true}]}}