{"id":28150,"date":"2023-03-01T11:49:19","date_gmt":"2023-03-01T08:49:19","guid":{"rendered":"https:\/\/daddydread.com\/oeffentliches-angebot\/"},"modified":"2023-07-19T02:31:11","modified_gmt":"2023-07-18T23:31:11","slug":"oeffentliches-angebot","status":"publish","type":"page","link":"https:\/\/daddydread.com\/de\/oeffentliches-angebot\/","title":{"rendered":"\u00d6FFENTLICHES ANGEBOT"},"content":{"rendered":"<p><span style=\"color: #ff0000;\"><strong>Bitte beachten Sie, dass Sie die Steuern in Ihrem Land selbst zahlen. Der Shop ist nicht verantwortlich f\u00fcr die Besteuerung in Ihrem Land.<\/strong><\/span><\/p>\n<p>VEREINBARUNG \u2013 ANGEBOT<\/p>\n<p>Allgemeine Bestimmungen<\/p>\n<p>1.1 Dieser Vertrag ist ein offizielles Angebot (\u00f6ffentliches Angebot) von IE Deryabin Danila Alekseyevich, Online-Shop Daddy Dreads (im Folgenden &#8222;Auftragnehmer&#8220; genannt) f\u00fcr voll gesch\u00e4ftsf\u00e4hige nat\u00fcrliche Personen (im Folgenden &#8222;Kunde&#8220; genannt), die dieses Angebot annehmen, unter den folgenden Bedingungen.<\/p>\n<p>1.2 Gem\u00e4\u00df S. 2 Art. 437 des russischen Zivilgesetzbuches (ZGB) wird die juristische oder nat\u00fcrliche Person, die dieses Angebot annimmt, im Falle der Annahme der unten genannten Bedingungen und der Bezahlung der Dienstleistungen zum Kunden (gem\u00e4\u00df S. 3 Art. 438 des russischen Zivilgesetzbuches ist die Annahme des Angebots gleichbedeutend mit dem Abschluss eines Vertrags zu den im Angebot genannten Bedingungen).<\/p>\n<p>Der Zeitpunkt der vollst\u00e4ndigen und bedingungslosen Annahme des Angebots des Auftragnehmers zum Abschluss eines Vertrags (Angebotsannahme) durch den Kunden ist die Best\u00e4tigung seiner Bereitschaft, f\u00fcr die Dienstleistung des Auftragnehmers zu bezahlen, indem er auf der Website <a href=\"https:\/\/daddydread.com\/de\/\">https:\/\/daddydread.com\/de\/<\/a> die Schaltfl\u00e4che &#8222;Bezahlen&#8220; bet\u00e4tigt.<\/p>\n<p>1.3. Der Text dieses Vertragsangebots (nachstehend &#8222;Vertrag&#8220; genannt) befindet sich unter: <a href=\"https:\/\/daddydread.com\/de\/kontaktiere-uns\/\">https:\/\/daddydread.com\/de\/kontaktiere-uns\/<\/a>.<\/p>\n<p>1.4 Durch die Annahme des Vertrages gem\u00e4\u00df dem in Absatz. 1.3 des Vertrages best\u00e4tigt der Kunde, dass er alle Bedingungen des Vertrages, wie sie im Vertragstext, einschlie\u00dflich der Anh\u00e4nge zum Vertrag, die einen integralen Bestandteil des Vertrages bilden, dargelegt sind, gelesen hat, ihnen zustimmt und sie vollst\u00e4ndig und bedingungslos akzeptiert.<\/p>\n<p>1.5 Der Kunde erkl\u00e4rt sich damit einverstanden, dass die Annahme des Vertrages in der in Punkt 1.2 des Vertrages genannten Reihenfolge den Abschluss des Vertrages zu den dort genannten Bedingungen darstellt.<\/p>\n<p>1.6 Der Vertrag kann nicht widerrufen werden.<\/p>\n<p>1.7 Der Vertrag bedarf keiner Besiegelung und\/oder Unterzeichnung durch den Auftraggeber und den Auftragnehmer (nachstehend &#8222;Parteien&#8220; genannt) und bleibt g\u00fcltig.<\/p>\n<p>2. Gegenstand des Vertrages<\/p>\n<p>2.1 Gegenstand dieses Vertrages ist die entgeltliche Erbringung von Bildungsdienstleistungen durch den Auftragnehmer gem\u00e4\u00df den Bestimmungen dieses Vertrages.<\/p>\n<p>2.2 Der Kunde akzeptiert die Bedingungen des Vertrages in vollem Umfang und bezahlt die Leistungen des Anbieters gem\u00e4\u00df den Bedingungen dieses Vertrages.<\/p>\n<p>3. Bezahlung der Dienstleistungen<\/p>\n<p>3.1. Die Kosten f\u00fcr die Dienstleistungen gem\u00e4\u00df dem Vertrag werden gem\u00e4\u00df den g\u00fcltigen Preisen festgelegt und sind auf der Website <a href=\"https:\/\/daddydread.com\/de\/\">https:\/\/daddydread.com\/de\/<\/a> angegeben.<\/p>\n<p>Die Kosten der Dienstleistungen k\u00f6nnen vom Executor einseitig ge\u00e4ndert werden.<\/p>\n<p>3.3 Die Zahlungsmodalit\u00e4ten f\u00fcr die Dienstleistung werden bei der Vereinbarung der Zahlung angegeben.<\/p>\n<p>4. Geistiges Eigentum<\/p>\n<p>4.1. Alle Textinformationen und Bilder auf <a href=\"https:\/\/daddydread.com\/de\">https:\/\/daddydread.com\/de<\/a> sind das Eigentum des Ausf\u00fchrenden.<\/p>\n<p>5. Besondere Bedingungen und Verantwortlichkeiten der Parteien.<\/p>\n<p>5.1 Der Auftragnehmer haftet f\u00fcr die Rechtzeitigkeit der erbrachten Leistungen, wenn der Kunde die festgelegten Anforderungen und Regeln, die auf der Website <a href=\"https:\/\/daddydread.com\/de\">https:\/\/daddydread.com\/de<\/a> ver\u00f6ffentlicht sind, erf\u00fcllt.<\/p>\n<p>5.2 Der Auftragnehmer ist von der Verantwortung f\u00fcr die Verletzung der Vertragsbedingungen befreit, wenn eine solche Verletzung durch Umst\u00e4nde h\u00f6herer Gewalt (h\u00f6here Gewalt) verursacht wird, einschlie\u00dflich: Ma\u00dfnahmen der Beh\u00f6rden, Feuer, \u00dcberschwemmung, Erdbeben, andere Naturkatastrophen, Stromausfall, Streiks, innere Unruhen, Aufst\u00e4nde, alle anderen Umst\u00e4nde, die nicht auf die aufgef\u00fchrten beschr\u00e4nkt sind, die die Erf\u00fcllung des Vertrags durch den Auftragnehmer beeintr\u00e4chtigen k\u00f6nnen.<\/p>\n<p>5.3 Der Auftragnehmer haftet nicht f\u00fcr die Qualit\u00e4t der \u00f6ffentlichen Kommunikationskan\u00e4le oder -dienste, \u00fcber die der Kunde Zugang zu seinen Dienstleistungen erh\u00e4lt.<\/p>\n<p>Vertraulichkeit und Schutz von personenbezogenen Daten<\/p>\n<p>6.1 Der Auftragnehmer ist verpflichtet, die vom Auftraggeber erhaltenen Informationen nicht weiterzugeben.<\/p>\n<p>6.2 Die Offenlegung von Informationen in \u00dcbereinstimmung mit den angemessenen und anwendbaren gesetzlichen Anforderungen wird nicht als Pflichtverletzung angesehen.<\/p>\n<p>6.3 Der Auftragnehmer erh\u00e4lt Informationen \u00fcber die IP-Adresse des Besuchers der Seite <a href=\"https:\/\/daddydread.com\/de\/\">https:\/\/daddydread.com\/de\/<\/a>. Diese Informationen werden nicht zur Identifizierung des Besuchers verwendet.<\/p>\n<p>6.4 Der Vollstrecker haftet nicht f\u00fcr die Informationen, die der Kunde auf der Seite <a href=\"https:\/\/daddydread.com\/de\/\">https:\/\/daddydread.com\/de\/<\/a> in \u00f6ffentlich zug\u00e4nglicher Form zur Verf\u00fcgung stellt.<\/p>\n<p>Verfahren zur Behandlung von Anspr\u00fcchen und Streitigkeiten<\/p>\n<p>Reklamationen des Kunden in Bezug auf die erbrachten Dienstleistungen werden vom Ausf\u00fchrenden innerhalb von 2 (zwei) Tagen nach Eintritt der strittigen Situation per E-Mail zur \u00dcberpr\u00fcfung angenommen.<\/p>\n<p>7.2 Der Vollstrecker hat das Recht, bei der Pr\u00fcfung der strittigen Situation vom Kunden alle Unterlagen anzufordern, die das betreffende Ereignis betreffen. Falls der Kunde die Unterlagen nicht innerhalb eines Arbeitstages nach dem Datum der Reklamation vorlegt, wird die Reklamation vom Vollstrecker nicht ber\u00fccksichtigt.<\/p>\n<p>7.3 Der Dienstleister und der Kunde verpflichten sich, unter Ber\u00fccksichtigung des Charakters der erbrachten Dienstleistungen, im Falle von Streitigkeiten und Meinungsverschiedenheiten, die mit der Erbringung der Dienstleistungen verbunden sind, ein vorgerichtliches Verfahren der Streitbeilegung anzuwenden. Im Falle der Unm\u00f6glichkeit der vorgerichtlichen Beilegung des Streites sind die Parteien berechtigt, das Gericht anzurufen.<\/p>\n<p>Sonstige Bestimmungen und Bedingungen<\/p>\n<p>8.1 Der Kunde hat alle Rechte und Befugnisse, die f\u00fcr den Abschluss und die Ausf\u00fchrung des Vertrags erforderlich sind.<\/p>\n<p>8.2 Der Auftraggeber hat das Recht, die Leistungen des Auftragnehmers jederzeit einseitig abzulehnen. Im Falle einer einseitigen Ablehnung von Leistungen durch den Auftragnehmer wird die geleistete Zahlung nicht zur\u00fcckerstattet, sondern kann auf eine andere Leistung \u00fcbertragen werden.<\/p>\n<p>8.3 Der Auftragnehmer beh\u00e4lt sich das Recht vor, die Bestimmungen dieses Vertrages jederzeit zu \u00e4ndern oder zu erg\u00e4nzen, indem er alle \u00c4nderungen auf seiner Website ver\u00f6ffentlicht.<\/p>\n<p>8.4 Die Parteien richten sich in allen Fragen, die in diesem Vertrag nicht geregelt sind, nach der geltenden Gesetzgebung der Russischen F\u00f6deration.<\/p>\n<p>8.5 Eine gerichtliche Entscheidung, dass eine Bestimmung dieses Vertrages und der Gesch\u00e4ftsordnung ung\u00fcltig ist, f\u00fchrt nicht zur Ung\u00fcltigkeit der \u00fcbrigen Bestimmungen.<\/p>\n<p>&nbsp;<\/p>\n<p><strong>Details des Auftragnehmers<\/strong><\/p>\n<p><strong>Einzelunternehmer Danila Alekseyevich Deryabin.<\/strong><\/p>\n<p><strong>INN 132813104555 \/ OGRNIP 319132600029849.<\/strong><\/p>\n<p><strong>Juristische Adresse: Sinyusha Str. 89, Dorf Atemar, Bezirk Lyambirsky, Republik Mordowien, 431524, Republik Mordowien.<\/strong><\/p>\n<p><strong>Tats\u00e4chliche Anschrift: 495 Krasnykh Partizan St., Krasnodar, 350062<\/strong><\/p>\n<p><strong>Telefon: +7 (989) 775-21-35<\/strong><\/p>\n<p><strong>E-Mail: daniladaddydread@gmail.com<\/strong><\/p>\n","protected":false},"excerpt":{"rendered":"<p>Bitte beachten Sie, dass Sie die Steuern in Ihrem Land selbst zahlen. Der Shop ist nicht verantwortlich f\u00fcr die Besteuerung<\/p>\n","protected":false},"author":1,"featured_media":0,"parent":0,"menu_order":0,"comment_status":"closed","ping_status":"closed","template":"","meta":{"_acf_changed":false,"footnotes":""},"class_list":["post-28150","page","type-page","status-publish","hentry"],"acf":[],"yoast_head":"<!-- This site is optimized with the Yoast SEO plugin v22.3 - https:\/\/yoast.com\/wordpress\/plugins\/seo\/ -->\n<title>\u00d6FFENTLICHES ANGEBOT - Daddy Dreads<\/title>\n<meta name=\"robots\" content=\"index, follow, max-snippet:-1, max-image-preview:large, max-video-preview:-1\" \/>\n<link rel=\"canonical\" href=\"https:\/\/daddydread.com\/de\/oeffentliches-angebot\/\" \/>\n<meta property=\"og:locale\" content=\"de_DE\" \/>\n<meta property=\"og:type\" content=\"article\" \/>\n<meta property=\"og:title\" content=\"\u00d6FFENTLICHES ANGEBOT - Daddy Dreads\" \/>\n<meta property=\"og:description\" content=\"Bitte beachten Sie, dass Sie die Steuern in Ihrem Land selbst zahlen. Der Shop ist nicht verantwortlich f\u00fcr die Besteuerung\" \/>\n<meta property=\"og:url\" content=\"https:\/\/daddydread.com\/de\/oeffentliches-angebot\/\" \/>\n<meta property=\"og:site_name\" content=\"Daddy Dreads\" \/>\n<meta property=\"article:modified_time\" content=\"2023-07-18T23:31:11+00:00\" \/>\n<meta name=\"twitter:card\" content=\"summary_large_image\" \/>\n<meta name=\"twitter:label1\" content=\"Gesch\u00e4tzte Lesezeit\" \/>\n\t<meta name=\"twitter:data1\" content=\"4\u00a0Minuten\" \/>\n<script type=\"application\/ld+json\" class=\"yoast-schema-graph\">{\"@context\":\"https:\/\/schema.org\",\"@graph\":[{\"@type\":\"WebPage\",\"@id\":\"https:\/\/daddydread.com\/de\/oeffentliches-angebot\/\",\"url\":\"https:\/\/daddydread.com\/de\/oeffentliches-angebot\/\",\"name\":\"\u00d6FFENTLICHES ANGEBOT - Daddy Dreads\",\"isPartOf\":{\"@id\":\"https:\/\/daddydread.com\/de\/#website\"},\"datePublished\":\"2023-03-01T08:49:19+00:00\",\"dateModified\":\"2023-07-18T23:31:11+00:00\",\"breadcrumb\":{\"@id\":\"https:\/\/daddydread.com\/de\/oeffentliches-angebot\/#breadcrumb\"},\"inLanguage\":\"de\",\"potentialAction\":[{\"@type\":\"ReadAction\",\"target\":[\"https:\/\/daddydread.com\/de\/oeffentliches-angebot\/\"]}]},{\"@type\":\"BreadcrumbList\",\"@id\":\"https:\/\/daddydread.com\/de\/oeffentliches-angebot\/#breadcrumb\",\"itemListElement\":[{\"@type\":\"ListItem\",\"position\":1,\"name\":\"\u0413\u043b\u0430\u0432\u043d\u0430\u044f \u0441\u0442\u0440\u0430\u043d\u0438\u0446\u0430\",\"item\":\"https:\/\/daddydread.com\/de\/\"},{\"@type\":\"ListItem\",\"position\":2,\"name\":\"\u00d6FFENTLICHES ANGEBOT\"}]},{\"@type\":\"WebSite\",\"@id\":\"https:\/\/daddydread.com\/de\/#website\",\"url\":\"https:\/\/daddydread.com\/de\/\",\"name\":\"Daddy Dreads\",\"description\":\"Dreadlocks shop\",\"potentialAction\":[{\"@type\":\"SearchAction\",\"target\":{\"@type\":\"EntryPoint\",\"urlTemplate\":\"https:\/\/daddydread.com\/de\/?s={search_term_string}\"},\"query-input\":\"required name=search_term_string\"}],\"inLanguage\":\"de\"}]}<\/script>\n<!-- \/ Yoast SEO plugin. -->","yoast_head_json":{"title":"\u00d6FFENTLICHES ANGEBOT - Daddy Dreads","robots":{"index":"index","follow":"follow","max-snippet":"max-snippet:-1","max-image-preview":"max-image-preview:large","max-video-preview":"max-video-preview:-1"},"canonical":"https:\/\/daddydread.com\/de\/oeffentliches-angebot\/","og_locale":"de_DE","og_type":"article","og_title":"\u00d6FFENTLICHES ANGEBOT - Daddy Dreads","og_description":"Bitte beachten Sie, dass Sie die Steuern in Ihrem Land selbst zahlen. Der Shop ist nicht verantwortlich f\u00fcr die Besteuerung","og_url":"https:\/\/daddydread.com\/de\/oeffentliches-angebot\/","og_site_name":"Daddy Dreads","article_modified_time":"2023-07-18T23:31:11+00:00","twitter_card":"summary_large_image","twitter_misc":{"Gesch\u00e4tzte Lesezeit":"4\u00a0Minuten"},"schema":{"@context":"https:\/\/schema.org","@graph":[{"@type":"WebPage","@id":"https:\/\/daddydread.com\/de\/oeffentliches-angebot\/","url":"https:\/\/daddydread.com\/de\/oeffentliches-angebot\/","name":"\u00d6FFENTLICHES ANGEBOT - Daddy Dreads","isPartOf":{"@id":"https:\/\/daddydread.com\/de\/#website"},"datePublished":"2023-03-01T08:49:19+00:00","dateModified":"2023-07-18T23:31:11+00:00","breadcrumb":{"@id":"https:\/\/daddydread.com\/de\/oeffentliches-angebot\/#breadcrumb"},"inLanguage":"de","potentialAction":[{"@type":"ReadAction","target":["https:\/\/daddydread.com\/de\/oeffentliches-angebot\/"]}]},{"@type":"BreadcrumbList","@id":"https:\/\/daddydread.com\/de\/oeffentliches-angebot\/#breadcrumb","itemListElement":[{"@type":"ListItem","position":1,"name":"\u0413\u043b\u0430\u0432\u043d\u0430\u044f \u0441\u0442\u0440\u0430\u043d\u0438\u0446\u0430","item":"https:\/\/daddydread.com\/de\/"},{"@type":"ListItem","position":2,"name":"\u00d6FFENTLICHES ANGEBOT"}]},{"@type":"WebSite","@id":"https:\/\/daddydread.com\/de\/#website","url":"https:\/\/daddydread.com\/de\/","name":"Daddy Dreads","description":"Dreadlocks shop","potentialAction":[{"@type":"SearchAction","target":{"@type":"EntryPoint","urlTemplate":"https:\/\/daddydread.com\/de\/?s={search_term_string}"},"query-input":"required name=search_term_string"}],"inLanguage":"de"}]}},"jetpack_sharing_enabled":true,"_links":{"self":[{"href":"https:\/\/daddydread.com\/de\/wp-json\/wp\/v2\/pages\/28150","targetHints":{"allow":["GET"]}}],"collection":[{"href":"https:\/\/daddydread.com\/de\/wp-json\/wp\/v2\/pages"}],"about":[{"href":"https:\/\/daddydread.com\/de\/wp-json\/wp\/v2\/types\/page"}],"author":[{"embeddable":true,"href":"https:\/\/daddydread.com\/de\/wp-json\/wp\/v2\/users\/1"}],"replies":[{"embeddable":true,"href":"https:\/\/daddydread.com\/de\/wp-json\/wp\/v2\/comments?post=28150"}],"version-history":[{"count":0,"href":"https:\/\/daddydread.com\/de\/wp-json\/wp\/v2\/pages\/28150\/revisions"}],"wp:attachment":[{"href":"https:\/\/daddydread.com\/de\/wp-json\/wp\/v2\/media?parent=28150"}],"curies":[{"name":"wp","href":"https:\/\/api.w.org\/{rel}","templated":true}]}}