{"id":28148,"date":"2022-06-22T12:15:41","date_gmt":"2022-06-22T09:15:41","guid":{"rendered":"https:\/\/daddydread.com\/datenschutz-bestimmungen\/"},"modified":"2023-07-19T03:08:42","modified_gmt":"2023-07-19T00:08:42","slug":"datenschutz-bestimmungen","status":"publish","type":"page","link":"https:\/\/daddydread.com\/de\/datenschutz-bestimmungen\/","title":{"rendered":"DATENSCHUTZ-BESTIMMUNGEN"},"content":{"rendered":"<h2><strong>DaddyDread.com Datenschutzrichtlinie<\/strong><\/h2>\n<hr \/>\n<p>Die Verwaltung der Website Daddydread.com ist verpflichtet, Ihre Privatsph\u00e4re im Internet zu sch\u00fctzen. Wir legen gro\u00dfen Wert auf die Sicherheit der Daten, die Sie uns zur Verf\u00fcgung stellen. Unsere Datenschutzpolitik basiert auf der <a href=\"https:\/\/commission.europa.eu\/law\/law-topic\/data-protection_de\">General Data Protection Regulation (GDPR) der Europ\u00e4ischen Union<\/a>. Die Zwecke, f\u00fcr die wir Ihre pers\u00f6nlichen Daten sammeln, sind: Verbesserung unseres Service, Kommunikation mit den Besuchern dieser Website, Verarbeitung von Benutzerdaten zum Zwecke des Online-Verkaufs und f\u00fcr andere unten aufgef\u00fchrte Aktionen.<\/p>\n<h2>Speicherung und Verarbeitung personenbezogener Daten<\/h2>\n<p>Wir erheben und verarbeiten Ihre personenbezogenen Daten nur mit Ihrem Einverst\u00e4ndnis. Mit Ihrer Zustimmung k\u00f6nnen wir folgende Daten erheben und verarbeiten: Vor- und Nachname, E-Mail-Adresse, Telefonnummer, Wohnanschrift. Die Erfassung und Verarbeitung Ihrer personenbezogenen Daten erfolgt in \u00dcbereinstimmung mit den Gesetzen der Europ\u00e4ischen Union und Russlands.<\/p>\n<h2>Speicherung, \u00c4nderung und L\u00f6schung von Daten<\/h2>\n<p>Der Nutzer, der daddydread.com seine pers\u00f6nlichen Daten zur Verf\u00fcgung gestellt hat, hat das Recht auf deren \u00c4nderung und L\u00f6schung, sowie das Recht, die Zustimmung zur Datenverarbeitung zu widerrufen. Der Zeitraum, in dem Ihre pers\u00f6nlichen Daten gespeichert werden, betr\u00e4gt: 12 Monate. Nach Beendigung der Verarbeitung Ihrer personenbezogenen Daten werden diese von der Verwaltung der Website endg\u00fcltig gel\u00f6scht. Um Zugang zu Ihren pers\u00f6nlichen Daten zu erhalten, k\u00f6nnen Sie sich an die Verwaltung wenden: <a href=\"mailto:daniladaddydread@gmail.com\">daniladaddydread@gmail.com<\/a>. Wir k\u00f6nnen Ihre Daten nur mit Ihrem Einverst\u00e4ndnis an Dritte weitergeben. Wenn die Daten an einen Dritten weitergegeben wurden, der nicht mit unserer Organisation verbunden ist, k\u00f6nnen wir keine \u00c4nderungen an diesen Daten vornehmen.<\/p>\n<h2>Verarbeitung der technischen Daten des Besuchs<\/h2>\n<p>Beim Besuch von daddydread.com werden Ihre IP-Adresse, der Zeitpunkt des Besuchs, die Browsereinstellungen, das Betriebssystem und andere technische Informationen in der Datenbank gespeichert. Diese Daten sind f\u00fcr die korrekte Darstellung der Inhalte der Website notwendig. Es ist nicht m\u00f6glich, die Person des Besuchers anhand dieser Daten zu identifizieren.<\/p>\n<p>Wenn Sie ein Konto auf dieser Website haben oder Kommentare hinterlassen haben, k\u00f6nnen Sie eine exportierte Datei mit den personenbezogenen Daten anfordern, die wir \u00fcber Sie gespeichert haben, einschlie\u00dflich der Daten, die Sie uns zur Verf\u00fcgung gestellt haben. Sie k\u00f6nnen auch verlangen, dass wir alle personenbezogenen Daten, die wir \u00fcber Sie gespeichert haben, l\u00f6schen. Davon ausgenommen sind Daten, die wir aus verwaltungstechnischen, rechtlichen oder sicherheitsrelevanten Gr\u00fcnden aufbewahren m\u00fcssen.<\/p>\n<h2>Pers\u00f6nliche Daten von Kindern<\/h2>\n<p>Wenn Sie ein Elternteil oder ein gesetzlicher Vormund eines minderj\u00e4hrigen Kindes sind und wissen, dass das Kind uns seine pers\u00f6nlichen Daten ohne Ihre Zustimmung zur Verf\u00fcgung gestellt hat, kontaktieren Sie uns bitte unter: <a href=\"mailto:daniladaddydread@gmail.com\">daniladaddydread@gmail.com<\/a>. Es ist verboten, personenbezogene Daten von minderj\u00e4hrigen Nutzern ohne die Zustimmung der Eltern oder Erziehungsberechtigten einzugeben.<\/p>\n<h2>Verarbeitung von Cookies<\/h2>\n<p>F\u00fcr die korrekte Darstellung der Inhalte der Website und f\u00fcr die Bequemlichkeit des Surfens auf daddydread.com verwenden wir Cookie-Dateien. Es handelt sich um kleine Dateien, die auf Ihrem Ger\u00e4t gespeichert werden. Sie helfen der Website, sich an Informationen \u00fcber Sie zu erinnern, z. B. in welcher Sprache Sie die Website nutzen und welche Seiten Sie bereits ge\u00f6ffnet haben. Diese Informationen sind bei Ihrem n\u00e4chsten Besuch n\u00fctzlich. Dank der Cookie-Dateien wird das Surfen auf der Website sehr viel bequemer. Mehr \u00fcber diese Dateien erfahren Sie hier. Sie k\u00f6nnen den Empfang und die Blockierung von Cookies in Ihrem Browser selbst einrichten. Wenn Sie keine Cookie-Dateien empfangen k\u00f6nnen, kann die Funktionalit\u00e4t der Website eingeschr\u00e4nkt sein.<\/p>\n<h2>Registrierung der Benutzer<\/h2>\n<p>Wenn Sie sich auf der Website registrieren, werden die von Ihnen angegebenen pers\u00f6nlichen Daten (Benutzername, richtiger Name, Land, E-Mail-Adresse, Adresse) gespeichert. Diese Daten werden verwendet, um Ihnen die Bestellung von Produkten auf unserer Website zu erm\u00f6glichen. Wir geben diese Daten nicht an Dritte weiter, es sei denn, wir sind dazu aus rechtlichen Gr\u00fcnden gem\u00e4\u00df der geltenden Gesetzgebung verpflichtet.<\/p>\n<h2>Verarbeitung von personenbezogenen Daten durch andere Dienste<\/h2>\n<p>Diese Website nutzt Online-Dienste Dritter, die unabh\u00e4ngig von uns Daten sammeln. Zu diesen Diensten geh\u00f6ren: Google Analytics, Yandex Metric.<\/p>\n<p>Die von diesen Diensten gesammelten Daten k\u00f6nnen an andere Dienste innerhalb dieser Organisationen weitergegeben werden. Diese k\u00f6nnen die Daten f\u00fcr die Personalisierung von Werbung in ihrem eigenen Werbenetzwerk verwenden. Sie k\u00f6nnen sich \u00fcber die Benutzervereinbarungen dieser Organisationen auf deren Websites informieren. Sie k\u00f6nnen die Erfassung Ihrer personenbezogenen Daten auch ablehnen. Das Google Analytics Opt-out Browser Add-on finden Sie zum Beispiel hier <a href=\"https:\/\/tools.google.com\/dlpage\/gaoptout?hl=de\">https:\/\/tools.google.com\/dlpage\/gaoptout?hl=de<\/a>, den Yandex Metrics Blocker finden Sie hier <a href=\"https:\/\/yandex.ru\/support\/metrica\/general\/opt-out.html?lang=en\">https:\/\/yandex.ru\/support\/metrica\/general\/opt-out.html?lang=en<\/a>. Wir geben keine pers\u00f6nlichen Daten an andere Organisationen oder Dienste weiter, die nicht in dieser Datenschutzrichtlinie aufgef\u00fchrt sind. Ausnahmsweise k\u00f6nnen die gesammelten Daten auf rechtm\u00e4\u00dfige Anfrage staatlicher Beh\u00f6rden, die zur Anforderung solcher Informationen berechtigt sind, zur Verf\u00fcgung gestellt werden.<\/p>\n<p>Weitere Informationen zu Google Analytics: <a href=\"https:\/\/policies.google.com\/privacy?hl=de\">https:\/\/policies.google.com\/privacy?hl=de<\/a><\/p>\n<p>Weitere Informationen \u00fcber Yandex Metrics: <a href=\"https:\/\/metrica.yandex.com\/about\/info\/privacy-policy?ncrnd=539\">https:\/\/metrica.yandex.com\/about\/info\/privacy-policy?ncrnd=539<\/a><\/p>\n<h2>Links zu anderen Websites<\/h2>\n<p>Unsere Website daddydread.com kann Links zu anderen Websites enthalten, die nicht unter unserer Kontrolle stehen. Wir sind nicht verantwortlich f\u00fcr den Inhalt dieser Websites. Wir empfehlen Ihnen, sich mit den Datenschutzrichtlinien jeder Website, die Sie besuchen, vertraut zu machen, sofern solche Richtlinien existieren.<\/p>\n<h2>\u00c4nderungen der Datenschutzrichtlinie<\/h2>\n<p>Von Zeit zu Zeit kann unsere Website daddydread.com unsere Datenschutzrichtlinie aktualisieren. Wir informieren Sie \u00fcber alle \u00c4nderungen der Datenschutzpolitik, die auf dieser Webseite ver\u00f6ffentlicht werden. Wir beobachten alle \u00c4nderungen in der Gesetzgebung, die sich auf pers\u00f6nliche Daten in der Europ\u00e4ischen Union und Russland bezieht. Wenn Sie personenbezogene Daten auf unserer Website eingegeben haben, werden wir Sie \u00fcber die \u00c4nderungen in unserer Datenschutzpolitik informieren. Sollten Ihre pers\u00f6nlichen Daten, insbesondere Ihre Kontaktinformationen, falsch eingegeben worden sein, k\u00f6nnen wir Sie nicht kontaktieren.<\/p>\n<h2>Feedback und Schlussklauseln<\/h2>\n<p>Du kannst dich mit der Verwaltung von daddydread.com in Verbindung setzen, wenn du Fragen zur Datenschutzpolitik hast: <a href=\"mailto:daniladaddydread@gmail.com\">daniladaddydread@gmail.com<\/a>, oder indem du das Kontaktformular auf der entsprechenden Seite dieser Website <a href=\"https:\/\/daddydread.com\/de\/kontaktiere-uns\/\">https:\/\/daddydread.com\/de\/kontaktiere-uns\/<\/a> ausf\u00fcllst. F\u00fcr eine schnellere Kommunikation mit der Verwaltung unserer Website kannst du auch den Messenger Telegram unter <a href=\"https:\/\/t.me\/daddydreads\">https:\/\/t.me\/daddydreads<\/a> benutzen. Wenn Sie mit dieser Datenschutzpolitik nicht einverstanden sind, k\u00f6nnen Sie die Dienste von daddydread.com nicht nutzen. In diesem Fall sollten Sie es vermeiden, unsere Website zu besuchen.<\/p>\n","protected":false},"excerpt":{"rendered":"<p>DaddyDread.com Datenschutzrichtlinie Die Verwaltung der Website Daddydread.com ist verpflichtet, Ihre Privatsph\u00e4re im Internet zu sch\u00fctzen. Wir legen gro\u00dfen Wert auf<\/p>\n","protected":false},"author":1,"featured_media":0,"parent":0,"menu_order":0,"comment_status":"closed","ping_status":"closed","template":"","meta":{"_acf_changed":false,"footnotes":""},"class_list":["post-28148","page","type-page","status-publish","hentry"],"acf":[],"yoast_head":"<!-- This site is optimized with the Yoast SEO plugin v22.3 - https:\/\/yoast.com\/wordpress\/plugins\/seo\/ -->\n<title>DATENSCHUTZ-BESTIMMUNGEN - Daddy Dreads Shop<\/title>\n<meta name=\"description\" content=\"Synthetische Dreads kaufen, Dreadlocks f\u00fcr M\u00e4nner und Frauen. Lange und kurze haare Dreadlocks. Versand nach Deutschland.\" \/>\n<meta name=\"robots\" content=\"index, follow, max-snippet:-1, max-image-preview:large, max-video-preview:-1\" \/>\n<link rel=\"canonical\" href=\"https:\/\/daddydread.com\/de\/datenschutz-bestimmungen\/\" \/>\n<meta property=\"og:locale\" content=\"de_DE\" \/>\n<meta property=\"og:type\" content=\"article\" \/>\n<meta property=\"og:title\" content=\"DATENSCHUTZ-BESTIMMUNGEN - Daddy Dreads Shop\" \/>\n<meta property=\"og:description\" content=\"Synthetische Dreads kaufen, Dreadlocks f\u00fcr M\u00e4nner und Frauen. Lange und kurze haare Dreadlocks. Versand nach Deutschland.\" \/>\n<meta property=\"og:url\" content=\"https:\/\/daddydread.com\/de\/datenschutz-bestimmungen\/\" \/>\n<meta property=\"og:site_name\" content=\"Daddy Dreads\" \/>\n<meta property=\"article:modified_time\" content=\"2023-07-19T00:08:42+00:00\" \/>\n<meta name=\"twitter:card\" content=\"summary_large_image\" \/>\n<meta name=\"twitter:label1\" content=\"Gesch\u00e4tzte Lesezeit\" \/>\n\t<meta name=\"twitter:data1\" content=\"5\u00a0Minuten\" \/>\n<script type=\"application\/ld+json\" class=\"yoast-schema-graph\">{\"@context\":\"https:\/\/schema.org\",\"@graph\":[{\"@type\":\"WebPage\",\"@id\":\"https:\/\/daddydread.com\/de\/datenschutz-bestimmungen\/\",\"url\":\"https:\/\/daddydread.com\/de\/datenschutz-bestimmungen\/\",\"name\":\"DATENSCHUTZ-BESTIMMUNGEN - Daddy Dreads Shop\",\"isPartOf\":{\"@id\":\"https:\/\/daddydread.com\/de\/#website\"},\"datePublished\":\"2022-06-22T09:15:41+00:00\",\"dateModified\":\"2023-07-19T00:08:42+00:00\",\"description\":\"Synthetische Dreads kaufen, Dreadlocks f\u00fcr M\u00e4nner und Frauen. Lange und kurze haare Dreadlocks. Versand nach Deutschland.\",\"breadcrumb\":{\"@id\":\"https:\/\/daddydread.com\/de\/datenschutz-bestimmungen\/#breadcrumb\"},\"inLanguage\":\"de\",\"potentialAction\":[{\"@type\":\"ReadAction\",\"target\":[\"https:\/\/daddydread.com\/de\/datenschutz-bestimmungen\/\"]}]},{\"@type\":\"BreadcrumbList\",\"@id\":\"https:\/\/daddydread.com\/de\/datenschutz-bestimmungen\/#breadcrumb\",\"itemListElement\":[{\"@type\":\"ListItem\",\"position\":1,\"name\":\"\u0413\u043b\u0430\u0432\u043d\u0430\u044f \u0441\u0442\u0440\u0430\u043d\u0438\u0446\u0430\",\"item\":\"https:\/\/daddydread.com\/de\/\"},{\"@type\":\"ListItem\",\"position\":2,\"name\":\"DATENSCHUTZ-BESTIMMUNGEN\"}]},{\"@type\":\"WebSite\",\"@id\":\"https:\/\/daddydread.com\/de\/#website\",\"url\":\"https:\/\/daddydread.com\/de\/\",\"name\":\"Daddy Dreads\",\"description\":\"Dreadlocks shop\",\"potentialAction\":[{\"@type\":\"SearchAction\",\"target\":{\"@type\":\"EntryPoint\",\"urlTemplate\":\"https:\/\/daddydread.com\/de\/?s={search_term_string}\"},\"query-input\":\"required name=search_term_string\"}],\"inLanguage\":\"de\"}]}<\/script>\n<!-- \/ Yoast SEO plugin. -->","yoast_head_json":{"title":"DATENSCHUTZ-BESTIMMUNGEN - Daddy Dreads Shop","description":"Synthetische Dreads kaufen, Dreadlocks f\u00fcr M\u00e4nner und Frauen. Lange und kurze haare Dreadlocks. Versand nach Deutschland.","robots":{"index":"index","follow":"follow","max-snippet":"max-snippet:-1","max-image-preview":"max-image-preview:large","max-video-preview":"max-video-preview:-1"},"canonical":"https:\/\/daddydread.com\/de\/datenschutz-bestimmungen\/","og_locale":"de_DE","og_type":"article","og_title":"DATENSCHUTZ-BESTIMMUNGEN - Daddy Dreads Shop","og_description":"Synthetische Dreads kaufen, Dreadlocks f\u00fcr M\u00e4nner und Frauen. Lange und kurze haare Dreadlocks. Versand nach Deutschland.","og_url":"https:\/\/daddydread.com\/de\/datenschutz-bestimmungen\/","og_site_name":"Daddy Dreads","article_modified_time":"2023-07-19T00:08:42+00:00","twitter_card":"summary_large_image","twitter_misc":{"Gesch\u00e4tzte Lesezeit":"5\u00a0Minuten"},"schema":{"@context":"https:\/\/schema.org","@graph":[{"@type":"WebPage","@id":"https:\/\/daddydread.com\/de\/datenschutz-bestimmungen\/","url":"https:\/\/daddydread.com\/de\/datenschutz-bestimmungen\/","name":"DATENSCHUTZ-BESTIMMUNGEN - Daddy Dreads Shop","isPartOf":{"@id":"https:\/\/daddydread.com\/de\/#website"},"datePublished":"2022-06-22T09:15:41+00:00","dateModified":"2023-07-19T00:08:42+00:00","description":"Synthetische Dreads kaufen, Dreadlocks f\u00fcr M\u00e4nner und Frauen. Lange und kurze haare Dreadlocks. Versand nach Deutschland.","breadcrumb":{"@id":"https:\/\/daddydread.com\/de\/datenschutz-bestimmungen\/#breadcrumb"},"inLanguage":"de","potentialAction":[{"@type":"ReadAction","target":["https:\/\/daddydread.com\/de\/datenschutz-bestimmungen\/"]}]},{"@type":"BreadcrumbList","@id":"https:\/\/daddydread.com\/de\/datenschutz-bestimmungen\/#breadcrumb","itemListElement":[{"@type":"ListItem","position":1,"name":"\u0413\u043b\u0430\u0432\u043d\u0430\u044f \u0441\u0442\u0440\u0430\u043d\u0438\u0446\u0430","item":"https:\/\/daddydread.com\/de\/"},{"@type":"ListItem","position":2,"name":"DATENSCHUTZ-BESTIMMUNGEN"}]},{"@type":"WebSite","@id":"https:\/\/daddydread.com\/de\/#website","url":"https:\/\/daddydread.com\/de\/","name":"Daddy Dreads","description":"Dreadlocks shop","potentialAction":[{"@type":"SearchAction","target":{"@type":"EntryPoint","urlTemplate":"https:\/\/daddydread.com\/de\/?s={search_term_string}"},"query-input":"required name=search_term_string"}],"inLanguage":"de"}]}},"jetpack_sharing_enabled":true,"_links":{"self":[{"href":"https:\/\/daddydread.com\/de\/wp-json\/wp\/v2\/pages\/28148","targetHints":{"allow":["GET"]}}],"collection":[{"href":"https:\/\/daddydread.com\/de\/wp-json\/wp\/v2\/pages"}],"about":[{"href":"https:\/\/daddydread.com\/de\/wp-json\/wp\/v2\/types\/page"}],"author":[{"embeddable":true,"href":"https:\/\/daddydread.com\/de\/wp-json\/wp\/v2\/users\/1"}],"replies":[{"embeddable":true,"href":"https:\/\/daddydread.com\/de\/wp-json\/wp\/v2\/comments?post=28148"}],"version-history":[{"count":0,"href":"https:\/\/daddydread.com\/de\/wp-json\/wp\/v2\/pages\/28148\/revisions"}],"wp:attachment":[{"href":"https:\/\/daddydread.com\/de\/wp-json\/wp\/v2\/media?parent=28148"}],"curies":[{"name":"wp","href":"https:\/\/api.w.org\/{rel}","templated":true}]}}