{"id":28144,"date":"2022-08-31T02:13:14","date_gmt":"2022-08-30T23:13:14","guid":{"rendered":"https:\/\/daddydread.com\/faq\/"},"modified":"2023-07-18T05:16:33","modified_gmt":"2023-07-18T02:16:33","slug":"faq","status":"publish","type":"page","link":"https:\/\/daddydread.com\/de\/faq\/","title":{"rendered":"FAQ"},"content":{"rendered":"<div class=\"wpb-content-wrapper\"><p>[vc_row parallax=&#8220;content-moving&#8220; responsive_tabs=&#8220;mobile&#8220; woodmart_css_id=&#8220;63317c40510dc&#8220; responsive_spacing=&#8220;eyJwYXJhbV90eXBlIjoid29vZG1hcnRfcmVzcG9uc2l2ZV9zcGFjaW5nIiwic2VsZWN0b3JfaWQiOiI2MzMxN2M0MDUxMGRjIiwic2hvcnRjb2RlIjoidmNfcm93IiwiZGF0YSI6eyJ0YWJsZXQiOnt9LCJtb2JpbGUiOnt9fX0=&#8220; mobile_bg_img_hidden=&#8220;no&#8220; tablet_bg_img_hidden=&#8220;no&#8220; woodmart_parallax=&#8220;0&#8243; woodmart_gradient_switch=&#8220;no&#8220; woodmart_box_shadow=&#8220;no&#8220; wd_z_index=&#8220;no&#8220; woodmart_disable_overflow=&#8220;0&#8243; row_reverse_mobile=&#8220;0&#8243; row_reverse_tablet=&#8220;0&#8243;][vc_column width=&#8220;1\/2&#8243;]\n\t\t<div id=\"wd-633346f4531d0\" class=\"wd-accordion wd-wpb wd-rs-633346f4531d0  wd-style-default\" data-state=\"all_closed\">\n\t\t\t\t\t\t\t\n\t\t\t\t\n\t\t\t\t<div class=\"wd-accordion-item\">\n\t\t\t\t\t<div class=\"wd-accordion-title font-primary wd-fontsize-l text-left wd-opener-pos-left wd-font-weight-600\" data-accordion-index=\"0\">\n\t\t\t\t\t\t<div class=\"wd-accordion-title-text\">\n\t\t\t\t\t\t\t\t\t\t\t\t\t\t<span>\n\t\t\t\t\t\t\t\tWie lange dauert es, bis die Ware versandt wird?\t\t\t\t\t\t\t<\/span>\n\t\t\t\t\t\t<\/div>\n\t\t\t\t\t\t<span class=\"wd-accordion-opener wd-opener-style-plus\"><\/span>\n\t\t\t\t\t<\/div>\n\n\t\t\t\t\t<div class=\"wd-accordion-content reset-last-child wd-fontsize-s\" data-accordion-index=\"0\">\n\t\t\t\t\t\t\t\t\t\t\t\t\t<p>Das h\u00e4ngt davon ab, ob das von Ihnen gew\u00e4hlte Dreadlock-Set vorr\u00e4tig ist. Wenn es vorr\u00e4tig ist, betr\u00e4gt die Versandzeit 2-4 Tage. Wenn das Set nicht vorr\u00e4tig ist, kann es 1-2 Wochen dauern, bis es nach der Bezahlung angefertigt wird.<\/p>\n\t\t\t\t\t\t\t\t\t\t\t<\/div>\n\t\t\t\t<\/div>\n\t\t\t\t\t\t\t\n\t\t\t\t\n\t\t\t\t<div class=\"wd-accordion-item\">\n\t\t\t\t\t<div class=\"wd-accordion-title font-primary wd-fontsize-l text-left wd-opener-pos-left wd-font-weight-600\" data-accordion-index=\"1\">\n\t\t\t\t\t\t<div class=\"wd-accordion-title-text\">\n\t\t\t\t\t\t\t\t\t\t\t\t\t\t<span>\n\t\t\t\t\t\t\t\t Kann ich ein individuelles Set Dreadlocks bestellen?\t\t\t\t\t\t\t<\/span>\n\t\t\t\t\t\t<\/div>\n\t\t\t\t\t\t<span class=\"wd-accordion-opener wd-opener-style-plus\"><\/span>\n\t\t\t\t\t<\/div>\n\n\t\t\t\t\t<div class=\"wd-accordion-content reset-last-child wd-fontsize-s\" data-accordion-index=\"1\">\n\t\t\t\t\t\t\t\t\t\t\t\t\t<p>Wir k\u00f6nnen jede Art von Dreadlocks anfertigen, die du dir vorstellen kannst, und wir k\u00f6nnen dir auch bei der Auswahl helfen. Wenn du eine Beratung brauchst oder ein individuelles Set bestellen m\u00f6chtest, schick uns eine E-Mail!<\/p>\n\t\t\t\t\t\t\t\t\t\t\t<\/div>\n\t\t\t\t<\/div>\n\t\t\t\t\t\t\t\n\t\t\t\t\n\t\t\t\t<div class=\"wd-accordion-item\">\n\t\t\t\t\t<div class=\"wd-accordion-title font-primary wd-fontsize-l text-left wd-opener-pos-left wd-font-weight-600\" data-accordion-index=\"2\">\n\t\t\t\t\t\t<div class=\"wd-accordion-title-text\">\n\t\t\t\t\t\t\t\t\t\t\t\t\t\t<span>\n\t\t\t\t\t\t\t\t Ich m\u00f6chte das Produkt zur\u00fcckgeben, was muss ich tun?\t\t\t\t\t\t\t<\/span>\n\t\t\t\t\t\t<\/div>\n\t\t\t\t\t\t<span class=\"wd-accordion-opener wd-opener-style-plus\"><\/span>\n\t\t\t\t\t<\/div>\n\n\t\t\t\t\t<div class=\"wd-accordion-content reset-last-child wd-fontsize-s\" data-accordion-index=\"2\">\n\t\t\t\t\t\t\t\t\t\t\t\t\t<p>Wir akzeptieren R\u00fccksendungen, wenn der Artikel nicht benutzt wurde. Wenn Sie eine R\u00fcckgabe machen wollen, schreiben Sie uns per E-Mail oder Telefonnummer (WhatsApp \/ Telegram).<\/p>\n\t\t\t\t\t\t\t\t\t\t\t<\/div>\n\t\t\t\t<\/div>\n\t\t\t\t\t\t\t\n\t\t\t\t\n\t\t\t\t<div class=\"wd-accordion-item\">\n\t\t\t\t\t<div class=\"wd-accordion-title font-primary wd-fontsize-l text-left wd-opener-pos-left wd-font-weight-600\" data-accordion-index=\"3\">\n\t\t\t\t\t\t<div class=\"wd-accordion-title-text\">\n\t\t\t\t\t\t\t\t\t\t\t\t\t\t<span>\n\t\t\t\t\t\t\t\t Wie lang muss das Haar sein, um Dreadlocks zu flechten?\t\t\t\t\t\t\t<\/span>\n\t\t\t\t\t\t<\/div>\n\t\t\t\t\t\t<span class=\"wd-accordion-opener wd-opener-style-plus\"><\/span>\n\t\t\t\t\t<\/div>\n\n\t\t\t\t\t<div class=\"wd-accordion-content reset-last-child wd-fontsize-s\" data-accordion-index=\"3\">\n\t\t\t\t\t\t\t\t\t\t\t\t\t<p>Alle Flechtungen werden bei Haarl\u00e4ngen von 7-10 Zentimetern durchgef\u00fchrt.<\/p>\n\t\t\t\t\t\t\t\t\t\t\t<\/div>\n\t\t\t\t<\/div>\n\t\t\t\t\t\t\t\n\t\t\t\t\n\t\t\t\t<div class=\"wd-accordion-item\">\n\t\t\t\t\t<div class=\"wd-accordion-title font-primary wd-fontsize-l text-left wd-opener-pos-left wd-font-weight-600\" data-accordion-index=\"4\">\n\t\t\t\t\t\t<div class=\"wd-accordion-title-text\">\n\t\t\t\t\t\t\t\t\t\t\t\t\t\t<span>\n\t\t\t\t\t\t\t\t Was sind synthetische Dreadlocks?\t\t\t\t\t\t\t<\/span>\n\t\t\t\t\t\t<\/div>\n\t\t\t\t\t\t<span class=\"wd-accordion-opener wd-opener-style-plus\"><\/span>\n\t\t\t\t\t<\/div>\n\n\t\t\t\t\t<div class=\"wd-accordion-content reset-last-child wd-fontsize-s\" data-accordion-index=\"4\">\n\t\t\t\t\t\t\t\t\t\t\t\t\t<p>Synthetische Dreadlocks sind eine tempor\u00e4re Frisur, die aus Kanekalon (Kunsthaar) hergestellt und mit einem speziellen Zopf an das Haar geflochten wird, ohne es zu traumatisieren. Sie sind schnell anzubringen und schnell zu entfernen, eine sehr bequeme Frisur.<\/p>\n\t\t\t\t\t\t\t\t\t\t\t<\/div>\n\t\t\t\t<\/div>\n\t\t\t\t\t\t\t\n\t\t\t\t\n\t\t\t\t<div class=\"wd-accordion-item\">\n\t\t\t\t\t<div class=\"wd-accordion-title font-primary wd-fontsize-l text-left wd-opener-pos-left wd-font-weight-600\" data-accordion-index=\"5\">\n\t\t\t\t\t\t<div class=\"wd-accordion-title-text\">\n\t\t\t\t\t\t\t\t\t\t\t\t\t\t<span>\n\t\t\t\t\t\t\t\t Was sind nat\u00fcrliche Dreadlocks?\t\t\t\t\t\t\t<\/span>\n\t\t\t\t\t\t<\/div>\n\t\t\t\t\t\t<span class=\"wd-accordion-opener wd-opener-style-plus\"><\/span>\n\t\t\t\t\t<\/div>\n\n\t\t\t\t\t<div class=\"wd-accordion-content reset-last-child wd-fontsize-s\" data-accordion-index=\"5\">\n\t\t\t\t\t\t\t\t\t\t\t\t\t<p>Dies ist eine Frisur, die aus nat\u00fcrlichem Haar mit einem Kamm und Haken geflochten wird. Nat\u00fcrliche Dreadlocks brauchen l\u00e4nger als tempor\u00e4re Dreadlocks, also solltest du das bei der Auswahl ber\u00fccksichtigen.<\/p>\n\t\t\t\t\t\t\t\t\t\t\t<\/div>\n\t\t\t\t<\/div>\n\t\t\t\t\t\t\t\n\t\t\t\t\n\t\t\t\t<div class=\"wd-accordion-item\">\n\t\t\t\t\t<div class=\"wd-accordion-title font-primary wd-fontsize-l text-left wd-opener-pos-left wd-font-weight-600\" data-accordion-index=\"6\">\n\t\t\t\t\t\t<div class=\"wd-accordion-title-text\">\n\t\t\t\t\t\t\t\t\t\t\t\t\t\t<span>\n\t\t\t\t\t\t\t\tWas bedeuten einseitige und doppelendige Dreadlocks?\t\t\t\t\t\t\t<\/span>\n\t\t\t\t\t\t<\/div>\n\t\t\t\t\t\t<span class=\"wd-accordion-opener wd-opener-style-plus\"><\/span>\n\t\t\t\t\t<\/div>\n\n\t\t\t\t\t<div class=\"wd-accordion-content reset-last-child wd-fontsize-s\" data-accordion-index=\"6\">\n\t\t\t\t\t\t\t\t\t\t\t\t\t<p>Hier sind die Arten von synthetischen Dreadlocks:<br \/>\nEinseitige Dreadlocks &#8211; 1 einfache &#8222;Schleife&#8220; mit einfachen Enden.<br \/>\nDoppelendige Dreadlocks &#8211; 1 einfacher &#8222;Bogen&#8220; mit doppelten Enden,<\/p>\n\t\t\t\t\t\t\t\t\t\t\t<\/div>\n\t\t\t\t<\/div>\n\t\t\t\t\t\t\t\n\t\t\t\t\n\t\t\t\t<div class=\"wd-accordion-item\">\n\t\t\t\t\t<div class=\"wd-accordion-title font-primary wd-fontsize-l text-left wd-opener-pos-left wd-font-weight-600\" data-accordion-index=\"7\">\n\t\t\t\t\t\t<div class=\"wd-accordion-title-text\">\n\t\t\t\t\t\t\t\t\t\t\t\t\t\t<span>\n\t\t\t\t\t\t\t\t Ist es m\u00f6glich, nat\u00fcrliche Dreadlocks zu flechten oder nur mit Glatze?\t\t\t\t\t\t\t<\/span>\n\t\t\t\t\t\t<\/div>\n\t\t\t\t\t\t<span class=\"wd-accordion-opener wd-opener-style-plus\"><\/span>\n\t\t\t\t\t<\/div>\n\n\t\t\t\t\t<div class=\"wd-accordion-content reset-last-child wd-fontsize-s\" data-accordion-index=\"7\">\n\t\t\t\t\t\t\t\t\t\t\t\t\t<p>Moderne Methoden des Flechtens nat\u00fcrlicher Dreadlocks erlauben es dir, Dreadlocks zu flechten, dies so schonend wie m\u00f6glich f\u00fcr dein Haar zu tun und dein Haar nach dem Entflechten in gutem Zustand zu halten.<\/p>\n\t\t\t\t\t\t\t\t\t\t\t<\/div>\n\t\t\t\t<\/div>\n\t\t\t\t\t\t\t\n\t\t\t\t\n\t\t\t\t<div class=\"wd-accordion-item\">\n\t\t\t\t\t<div class=\"wd-accordion-title font-primary wd-fontsize-l text-left wd-opener-pos-left wd-font-weight-600\" data-accordion-index=\"8\">\n\t\t\t\t\t\t<div class=\"wd-accordion-title-text\">\n\t\t\t\t\t\t\t\t\t\t\t\t\t\t<span>\n\t\t\t\t\t\t\t\t Was musst du \u00fcber die Pflege von nat\u00fcrlichen Dreadlocks wissen?\t\t\t\t\t\t\t<\/span>\n\t\t\t\t\t\t<\/div>\n\t\t\t\t\t\t<span class=\"wd-accordion-opener wd-opener-style-plus\"><\/span>\n\t\t\t\t\t<\/div>\n\n\t\t\t\t\t<div class=\"wd-accordion-content reset-last-child wd-fontsize-s\" data-accordion-index=\"8\">\n\t\t\t\t\t\t\t\t\t\t\t\t\t<p>Die Pflege von nat\u00fcrlichen Dreadlocks ist recht einfach, aber du musst trotzdem einige Regeln beachten. Ein wichtiger Schritt bei der Pflege deiner Dreadlocks ist es, den Ansatz einmal pro Woche zu rollen. Wenn du gleichm\u00e4\u00dfige, hochwertige und gesunde Dreadlocks haben willst, solltest du alle 3 Monate deinen Friseur aufsuchen.<\/p>\n\t\t\t\t\t\t\t\t\t\t\t<\/div>\n\t\t\t\t<\/div>\n\t\t\t\t\t\t\t\n\t\t\t\t\n\t\t\t\t<div class=\"wd-accordion-item\">\n\t\t\t\t\t<div class=\"wd-accordion-title font-primary wd-fontsize-l text-left wd-opener-pos-left wd-font-weight-600\" data-accordion-index=\"9\">\n\t\t\t\t\t\t<div class=\"wd-accordion-title-text\">\n\t\t\t\t\t\t\t\t\t\t\t\t\t\t<span>\n\t\t\t\t\t\t\t\t Sind Dreadlocks waschbar?\t\t\t\t\t\t\t<\/span>\n\t\t\t\t\t\t<\/div>\n\t\t\t\t\t\t<span class=\"wd-accordion-opener wd-opener-style-plus\"><\/span>\n\t\t\t\t\t<\/div>\n\n\t\t\t\t\t<div class=\"wd-accordion-content reset-last-child wd-fontsize-s\" data-accordion-index=\"9\">\n\t\t\t\t\t\t\t\t\t\t\t\t\t<p>Waschen ist ein Muss, nur ein bisschen seltener als normales Haar. Synthetische Dreadlocks einmal pro Woche, nat\u00fcrliche Dreadlocks einmal alle 2-3 Wochen, je nach Wunsch. Je \u00f6fter du deine Dreadlocks w\u00e4schst, desto mehr kr\u00e4useln sie sich, das solltest du bei der Wahl der Waschh\u00e4ufigkeit bedenken.<\/p>\n\t\t\t\t\t\t\t\t\t\t\t<\/div>\n\t\t\t\t<\/div>\n\t\t\t\t\t\t\t\n\t\t\t\t\n\t\t\t\t<div class=\"wd-accordion-item\">\n\t\t\t\t\t<div class=\"wd-accordion-title font-primary wd-fontsize-l text-left wd-opener-pos-left wd-font-weight-600\" data-accordion-index=\"10\">\n\t\t\t\t\t\t<div class=\"wd-accordion-title-text\">\n\t\t\t\t\t\t\t\t\t\t\t\t\t\t<span>\n\t\t\t\t\t\t\t\t Wie lange k\u00f6nnen synthetische Dreadlocks getragen werden?\t\t\t\t\t\t\t<\/span>\n\t\t\t\t\t\t<\/div>\n\t\t\t\t\t\t<span class=\"wd-accordion-opener wd-opener-style-plus\"><\/span>\n\t\t\t\t\t<\/div>\n\n\t\t\t\t\t<div class=\"wd-accordion-content reset-last-child wd-fontsize-s\" data-accordion-index=\"10\">\n\t\t\t\t\t\t\t\t\t\t\t\t\t<p>Tragezeit der Dreadlocks &#8211; 1,5-2 Monate.<\/p>\n\t\t\t\t\t\t\t\t\t\t\t<\/div>\n\t\t\t\t<\/div>\n\t\t\t\t\t\t\t\t\t\t\t\t\t\t<\/div>\n\n\t\t[\/vc_column][vc_column width=&#8220;1\/2&#8243; offset=&#8220;vc_hidden-xs&#8220; woodmart_css_id=&#8220;633c812261d85&#8243; parallax_scroll=&#8220;no&#8220; woodmart_sticky_column=&#8220;false&#8220; wd_collapsible_content_switcher=&#8220;no&#8220; wd_column_role_offcanvas_desktop=&#8220;no&#8220; wd_column_role_offcanvas_tablet=&#8220;no&#8220; wd_column_role_offcanvas_mobile=&#8220;no&#8220; wd_column_role_content_desktop=&#8220;no&#8220; wd_column_role_content_tablet=&#8220;no&#8220; wd_column_role_content_mobile=&#8220;no&#8220; mobile_bg_img_hidden=&#8220;no&#8220; tablet_bg_img_hidden=&#8220;no&#8220; woodmart_parallax=&#8220;0&#8243; woodmart_box_shadow=&#8220;no&#8220; responsive_spacing=&#8220;eyJwYXJhbV90eXBlIjoid29vZG1hcnRfcmVzcG9uc2l2ZV9zcGFjaW5nIiwic2VsZWN0b3JfaWQiOiI2MzNjODEyMjYxZDg1Iiwic2hvcnRjb2RlIjoidmNfY29sdW1uIiwiZGF0YSI6eyJ0YWJsZXQiOnt9LCJtb2JpbGUiOnt9fX0=&#8220; mobile_reset_margin=&#8220;no&#8220; tablet_reset_margin=&#8220;no&#8220; wd_z_index=&#8220;no&#8220;]\t\t<div id=\"wd-635ad2c9415a8\" class=\"wd-image wd-wpb wd-rs-635ad2c9415a8 text-center \">\n\t\t\t\n\t\t\t<img loading=\"lazy\" decoding=\"async\" width=\"1000\" height=\"2000\" src=\"https:\/\/daddydread.com\/wp-content\/uploads\/2022\/10\/back-09.jpg\" class=\"attachment-full size-full\" alt=\"\" srcset=\"https:\/\/daddydread.com\/wp-content\/uploads\/2022\/10\/back-09.jpg 1000w, https:\/\/daddydread.com\/wp-content\/uploads\/2022\/10\/back-09-430x860.jpg 430w, https:\/\/daddydread.com\/wp-content\/uploads\/2022\/10\/back-09-150x300.jpg 150w, https:\/\/daddydread.com\/wp-content\/uploads\/2022\/10\/back-09-700x1400.jpg 700w, https:\/\/daddydread.com\/wp-content\/uploads\/2022\/10\/back-09-400x800.jpg 400w, https:\/\/daddydread.com\/wp-content\/uploads\/2022\/10\/back-09-768x1536.jpg 768w, https:\/\/daddydread.com\/wp-content\/uploads\/2022\/10\/back-09-860x1720.jpg 860w\" sizes=\"auto, (max-width: 1000px) 100vw, 1000px\" \/>\n\t\t\t\t\t<\/div>\n\t\t[\/vc_column][\/vc_row]<\/p>\n<\/div>","protected":false},"excerpt":{"rendered":"<p>[vc_row parallax=&#8220;content-moving&#8220; responsive_tabs=&#8220;mobile&#8220; woodmart_css_id=&#8220;63317c40510dc&#8220; responsive_spacing=&#8220;eyJwYXJhbV90eXBlIjoid29vZG1hcnRfcmVzcG9uc2l2ZV9zcGFjaW5nIiwic2VsZWN0b3JfaWQiOiI2MzMxN2M0MDUxMGRjIiwic2hvcnRjb2RlIjoidmNfcm93IiwiZGF0YSI6eyJ0YWJsZXQiOnt9LCJtb2JpbGUiOnt9fX0=&#8220; mobile_bg_img_hidden=&#8220;no&#8220; tablet_bg_img_hidden=&#8220;no&#8220; woodmart_parallax=&#8220;0&#8243; woodmart_gradient_switch=&#8220;no&#8220; woodmart_box_shadow=&#8220;no&#8220; wd_z_index=&#8220;no&#8220; woodmart_disable_overflow=&#8220;0&#8243; row_reverse_mobile=&#8220;0&#8243; row_reverse_tablet=&#8220;0&#8243;][vc_column width=&#8220;1\/2&#8243;][\/vc_column][vc_column width=&#8220;1\/2&#8243; offset=&#8220;vc_hidden-xs&#8220; woodmart_css_id=&#8220;633c812261d85&#8243; parallax_scroll=&#8220;no&#8220; woodmart_sticky_column=&#8220;false&#8220;<\/p>\n","protected":false},"author":1,"featured_media":0,"parent":0,"menu_order":0,"comment_status":"closed","ping_status":"closed","template":"","meta":{"_acf_changed":false,"footnotes":""},"class_list":["post-28144","page","type-page","status-publish","hentry"],"acf":[],"yoast_head":"<!-- This site is optimized with the Yoast SEO plugin v22.3 - https:\/\/yoast.com\/wordpress\/plugins\/seo\/ -->\n<title>FAQ \u2013 Dreadlocks Extensions, Daddy Dreads Shop<\/title>\n<meta name=\"description\" content=\"H\u00e4ufig gestellte fragen \u00fcber Dreadlocks. Synthetische Dreadlocks f\u00fcr M\u00e4nner und Frauen. Lange und kurze haare Dreadlocks Extensions.\" \/>\n<meta name=\"robots\" content=\"index, follow, max-snippet:-1, max-image-preview:large, max-video-preview:-1\" \/>\n<link rel=\"canonical\" href=\"https:\/\/daddydread.com\/de\/faq\/\" \/>\n<meta property=\"og:locale\" content=\"de_DE\" \/>\n<meta property=\"og:type\" content=\"article\" \/>\n<meta property=\"og:title\" content=\"FAQ \u2013 Dreadlocks Extensions, Daddy Dreads Shop\" \/>\n<meta property=\"og:description\" content=\"H\u00e4ufig gestellte fragen \u00fcber Dreadlocks. Synthetische Dreadlocks f\u00fcr M\u00e4nner und Frauen. Lange und kurze haare Dreadlocks Extensions.\" \/>\n<meta property=\"og:url\" content=\"https:\/\/daddydread.com\/de\/faq\/\" \/>\n<meta property=\"og:site_name\" content=\"Daddy Dreads\" \/>\n<meta property=\"article:modified_time\" content=\"2023-07-18T02:16:33+00:00\" \/>\n<meta name=\"twitter:card\" content=\"summary_large_image\" \/>\n<meta name=\"twitter:label1\" content=\"Gesch\u00e4tzte Lesezeit\" \/>\n\t<meta name=\"twitter:data1\" content=\"3\u00a0Minuten\" \/>\n<script type=\"application\/ld+json\" class=\"yoast-schema-graph\">{\"@context\":\"https:\/\/schema.org\",\"@graph\":[{\"@type\":\"WebPage\",\"@id\":\"https:\/\/daddydread.com\/de\/faq\/\",\"url\":\"https:\/\/daddydread.com\/de\/faq\/\",\"name\":\"FAQ \u2013 Dreadlocks Extensions, Daddy Dreads Shop\",\"isPartOf\":{\"@id\":\"https:\/\/daddydread.com\/de\/#website\"},\"datePublished\":\"2022-08-30T23:13:14+00:00\",\"dateModified\":\"2023-07-18T02:16:33+00:00\",\"description\":\"H\u00e4ufig gestellte fragen \u00fcber Dreadlocks. Synthetische Dreadlocks f\u00fcr M\u00e4nner und Frauen. Lange und kurze haare Dreadlocks Extensions.\",\"breadcrumb\":{\"@id\":\"https:\/\/daddydread.com\/de\/faq\/#breadcrumb\"},\"inLanguage\":\"de\",\"potentialAction\":[{\"@type\":\"ReadAction\",\"target\":[\"https:\/\/daddydread.com\/de\/faq\/\"]}]},{\"@type\":\"BreadcrumbList\",\"@id\":\"https:\/\/daddydread.com\/de\/faq\/#breadcrumb\",\"itemListElement\":[{\"@type\":\"ListItem\",\"position\":1,\"name\":\"\u0413\u043b\u0430\u0432\u043d\u0430\u044f \u0441\u0442\u0440\u0430\u043d\u0438\u0446\u0430\",\"item\":\"https:\/\/daddydread.com\/de\/\"},{\"@type\":\"ListItem\",\"position\":2,\"name\":\"FAQ\"}]},{\"@type\":\"WebSite\",\"@id\":\"https:\/\/daddydread.com\/de\/#website\",\"url\":\"https:\/\/daddydread.com\/de\/\",\"name\":\"Daddy Dreads\",\"description\":\"Dreadlocks shop\",\"potentialAction\":[{\"@type\":\"SearchAction\",\"target\":{\"@type\":\"EntryPoint\",\"urlTemplate\":\"https:\/\/daddydread.com\/de\/?s={search_term_string}\"},\"query-input\":\"required name=search_term_string\"}],\"inLanguage\":\"de\"}]}<\/script>\n<!-- \/ Yoast SEO plugin. -->","yoast_head_json":{"title":"FAQ \u2013 Dreadlocks Extensions, Daddy Dreads Shop","description":"H\u00e4ufig gestellte fragen \u00fcber Dreadlocks. Synthetische Dreadlocks f\u00fcr M\u00e4nner und Frauen. Lange und kurze haare Dreadlocks Extensions.","robots":{"index":"index","follow":"follow","max-snippet":"max-snippet:-1","max-image-preview":"max-image-preview:large","max-video-preview":"max-video-preview:-1"},"canonical":"https:\/\/daddydread.com\/de\/faq\/","og_locale":"de_DE","og_type":"article","og_title":"FAQ \u2013 Dreadlocks Extensions, Daddy Dreads Shop","og_description":"H\u00e4ufig gestellte fragen \u00fcber Dreadlocks. Synthetische Dreadlocks f\u00fcr M\u00e4nner und Frauen. Lange und kurze haare Dreadlocks Extensions.","og_url":"https:\/\/daddydread.com\/de\/faq\/","og_site_name":"Daddy Dreads","article_modified_time":"2023-07-18T02:16:33+00:00","twitter_card":"summary_large_image","twitter_misc":{"Gesch\u00e4tzte Lesezeit":"3\u00a0Minuten"},"schema":{"@context":"https:\/\/schema.org","@graph":[{"@type":"WebPage","@id":"https:\/\/daddydread.com\/de\/faq\/","url":"https:\/\/daddydread.com\/de\/faq\/","name":"FAQ \u2013 Dreadlocks Extensions, Daddy Dreads Shop","isPartOf":{"@id":"https:\/\/daddydread.com\/de\/#website"},"datePublished":"2022-08-30T23:13:14+00:00","dateModified":"2023-07-18T02:16:33+00:00","description":"H\u00e4ufig gestellte fragen \u00fcber Dreadlocks. Synthetische Dreadlocks f\u00fcr M\u00e4nner und Frauen. Lange und kurze haare Dreadlocks Extensions.","breadcrumb":{"@id":"https:\/\/daddydread.com\/de\/faq\/#breadcrumb"},"inLanguage":"de","potentialAction":[{"@type":"ReadAction","target":["https:\/\/daddydread.com\/de\/faq\/"]}]},{"@type":"BreadcrumbList","@id":"https:\/\/daddydread.com\/de\/faq\/#breadcrumb","itemListElement":[{"@type":"ListItem","position":1,"name":"\u0413\u043b\u0430\u0432\u043d\u0430\u044f \u0441\u0442\u0440\u0430\u043d\u0438\u0446\u0430","item":"https:\/\/daddydread.com\/de\/"},{"@type":"ListItem","position":2,"name":"FAQ"}]},{"@type":"WebSite","@id":"https:\/\/daddydread.com\/de\/#website","url":"https:\/\/daddydread.com\/de\/","name":"Daddy Dreads","description":"Dreadlocks shop","potentialAction":[{"@type":"SearchAction","target":{"@type":"EntryPoint","urlTemplate":"https:\/\/daddydread.com\/de\/?s={search_term_string}"},"query-input":"required name=search_term_string"}],"inLanguage":"de"}]}},"jetpack_sharing_enabled":true,"_links":{"self":[{"href":"https:\/\/daddydread.com\/de\/wp-json\/wp\/v2\/pages\/28144","targetHints":{"allow":["GET"]}}],"collection":[{"href":"https:\/\/daddydread.com\/de\/wp-json\/wp\/v2\/pages"}],"about":[{"href":"https:\/\/daddydread.com\/de\/wp-json\/wp\/v2\/types\/page"}],"author":[{"embeddable":true,"href":"https:\/\/daddydread.com\/de\/wp-json\/wp\/v2\/users\/1"}],"replies":[{"embeddable":true,"href":"https:\/\/daddydread.com\/de\/wp-json\/wp\/v2\/comments?post=28144"}],"version-history":[{"count":0,"href":"https:\/\/daddydread.com\/de\/wp-json\/wp\/v2\/pages\/28144\/revisions"}],"wp:attachment":[{"href":"https:\/\/daddydread.com\/de\/wp-json\/wp\/v2\/media?parent=28144"}],"curies":[{"name":"wp","href":"https:\/\/api.w.org\/{rel}","templated":true}]}}